{"id":3644,"date":"2026-01-23T14:49:28","date_gmt":"2026-01-23T06:49:28","guid":{"rendered":"https:\/\/sj-gauge.com\/?post_type=product&#038;p=3644"},"modified":"2026-01-23T14:49:28","modified_gmt":"2026-01-23T06:49:28","slug":"dpgs43-100-dpgs43-160","status":"publish","type":"product","link":"https:\/\/www.sj-gauge.com\/es\/producto\/dpgs43-100-dpgs43-160\/","title":{"rendered":"Man\u00f3metro diferencial con contactos de conmutaci\u00f3n"},"content":{"rendered":"<p>El modelo DPGS43.1\u00d70 switchGAUGE se utiliza siempre que sea necesario indicar localmente la presi\u00f3n del proceso y, al mismo tiempo, conmutar circuitos. Los contactos de conmutaci\u00f3n (contactos de alarma el\u00e9ctrica) activan o desactivan un circuito de control el\u00e9ctrico en funci\u00f3n de la posici\u00f3n de la aguja del man\u00f3metro. Los contactos de conmutaci\u00f3n son ajustables en toda la gama de la escala (v\u00e9ase DIN 16085), y est\u00e1n montados predominantemente debajo de la esfera, aunque tambi\u00e9n en parte encima de la esfera.<\/p>\n<p>El puntero del instrumento (puntero del valor real) se mueve libremente por todo el rango de la escala, independientemente del ajuste.<\/p>\n<p>El puntero de ajuste puede ajustarse mediante una tecla de ajuste extra\u00edble situada en la ventana.<\/p>\n<p>Los contactos de conmutaci\u00f3n formados por varios contactos tambi\u00e9n pueden ajustarse a un \u00fanico punto de consigna. El contacto se activa cuando la aguja del valor real se desplaza por encima o por debajo del punto de consigna deseado. El man\u00f3metro de presi\u00f3n diferencial se fabrica conforme a la norma DIN 16085 y cumple todos los requisitos de las normas (EN 837-3) y reglamentos pertinentes para la indicaci\u00f3n in situ de la presi\u00f3n de trabajo de recipientes a presi\u00f3n.<\/p>\n<p>Como contactos de conmutaci\u00f3n, hay disponibles contactos magn\u00e9ticos de acci\u00f3n r\u00e1pida, interruptores de l\u00e1minas, contactos inductivos y contactos electr\u00f3nicos. Los contactos inductivos pueden utilizarse en zonas peligrosas. Para activar controladores l\u00f3gicos programables (PLC), pueden utilizarse contactos electr\u00f3nicos e interruptores de l\u00e1minas.<\/p>","protected":false},"excerpt":{"rendered":"<ul>\n<li>Rangos de medici\u00f3n de la presi\u00f3n diferencial de 0 ... 16 mbar<\/li>\n<li>Alta presi\u00f3n de trabajo (presi\u00f3n est\u00e1tica) y alta seguridad de sobrecarga hasta 40 bar<\/li>\n<li>Tambi\u00e9n disponible con carcasa rellena de l\u00edquido para altas cargas din\u00e1micas de presi\u00f3n o vibraciones<\/li>\n<li>Instrumentos con contactos inductivos para uso en zonas peligrosas<\/li>\n<li>Instrumentos con contacto de conmutaci\u00f3n para aplicaciones PLC<\/li>\n<\/ul>","protected":false},"featured_media":3645,"template":"","meta":{"_acf_changed":false},"product_brand":[68],"product_cat":[54],"product_tag":[],"class_list":{"0":"post-3644","1":"product","2":"type-product","3":"status-publish","4":"has-post-thumbnail","6":"product_brand-wika","7":"product_cat-wika-contact-pressure-gauge","9":"first","10":"instock","11":"shipping-taxable","12":"product-type-simple"},"acf":[],"yoast_head":"<!-- This site is optimized with the Yoast SEO Premium plugin v26.7 (Yoast SEO v27.4) - https:\/\/yoast.com\/product\/yoast-seo-premium-wordpress\/ -->\n<title>Differential pressure gauge with switch contacts - SJ Gauge | Pressure Gauges, Thermometers &amp; Pressure Sensors<\/title>\n<meta name=\"robots\" content=\"index, follow, max-snippet:-1, max-image-preview:large, max-video-preview:-1\" \/>\n<link rel=\"canonical\" href=\"https:\/\/www.sj-gauge.com\/es\/producto\/dpgs43-100-dpgs43-160\/\" \/>\n<meta property=\"og:locale\" content=\"es_ES\" \/>\n<meta property=\"og:type\" content=\"article\" \/>\n<meta property=\"og:title\" content=\"Differential pressure gauge with switch contacts\" \/>\n<meta property=\"og:description\" content=\"Differential pressure measuring ranges from 0 ... 16 mbar  High working pressure (static pressure) and high overload safety up to 40 bar  Also available with liquid-filled case for high dynamic pressure loads or vibrations  Instruments with inductive contacts for use in hazardous areas  Instruments with switch contact for PLC applications\" \/>\n<meta property=\"og:url\" content=\"https:\/\/www.sj-gauge.com\/es\/producto\/dpgs43-100-dpgs43-160\/\" \/>\n<meta property=\"og:site_name\" content=\"SJ Gauge | Pressure Gauges, Thermometers &amp; Pressure Sensors\" \/>\n<meta property=\"og:image\" content=\"https:\/\/www.sj-gauge.com\/wp-content\/uploads\/2026\/01\/SJ-Gauge-wika-DPGS43-diff-pressure-gauge-image-1.jpg\" \/>\n\t<meta property=\"og:image:width\" content=\"1200\" \/>\n\t<meta property=\"og:image:height\" content=\"1000\" \/>\n\t<meta property=\"og:image:type\" content=\"image\/jpeg\" \/>\n<meta name=\"twitter:card\" content=\"summary_large_image\" \/>\n<meta name=\"twitter:label1\" content=\"Tiempo de lectura\" \/>\n\t<meta name=\"twitter:data1\" content=\"2 minutos\" \/>\n<script type=\"application\/ld+json\" class=\"yoast-schema-graph\">{\"@context\":\"https:\\\/\\\/schema.org\",\"@graph\":[{\"@type\":\"WebPage\",\"@id\":\"https:\\\/\\\/www.sj-gauge.com\\\/product\\\/dpgs43-100-dpgs43-160\\\/\",\"url\":\"https:\\\/\\\/www.sj-gauge.com\\\/product\\\/dpgs43-100-dpgs43-160\\\/\",\"name\":\"Differential pressure gauge with switch contacts - SJ Gauge | Pressure Gauges, Thermometers &amp; Pressure Sensors\",\"isPartOf\":{\"@id\":\"https:\\\/\\\/www.sj-gauge.com\\\/#website\"},\"primaryImageOfPage\":{\"@id\":\"https:\\\/\\\/www.sj-gauge.com\\\/product\\\/dpgs43-100-dpgs43-160\\\/#primaryimage\"},\"image\":{\"@id\":\"https:\\\/\\\/www.sj-gauge.com\\\/product\\\/dpgs43-100-dpgs43-160\\\/#primaryimage\"},\"thumbnailUrl\":\"https:\\\/\\\/www.sj-gauge.com\\\/wp-content\\\/uploads\\\/2026\\\/01\\\/SJ-Gauge-wika-DPGS43-diff-pressure-gauge-image-1.jpg\",\"datePublished\":\"2026-01-23T06:49:28+00:00\",\"breadcrumb\":{\"@id\":\"https:\\\/\\\/www.sj-gauge.com\\\/product\\\/dpgs43-100-dpgs43-160\\\/#breadcrumb\"},\"inLanguage\":\"es\",\"potentialAction\":[{\"@type\":\"ReadAction\",\"target\":[\"https:\\\/\\\/www.sj-gauge.com\\\/product\\\/dpgs43-100-dpgs43-160\\\/\"]}]},{\"@type\":\"ImageObject\",\"inLanguage\":\"es\",\"@id\":\"https:\\\/\\\/www.sj-gauge.com\\\/product\\\/dpgs43-100-dpgs43-160\\\/#primaryimage\",\"url\":\"https:\\\/\\\/www.sj-gauge.com\\\/wp-content\\\/uploads\\\/2026\\\/01\\\/SJ-Gauge-wika-DPGS43-diff-pressure-gauge-image-1.jpg\",\"contentUrl\":\"https:\\\/\\\/www.sj-gauge.com\\\/wp-content\\\/uploads\\\/2026\\\/01\\\/SJ-Gauge-wika-DPGS43-diff-pressure-gauge-image-1.jpg\",\"width\":1200,\"height\":1000},{\"@type\":\"BreadcrumbList\",\"@id\":\"https:\\\/\\\/www.sj-gauge.com\\\/product\\\/dpgs43-100-dpgs43-160\\\/#breadcrumb\",\"itemListElement\":[{\"@type\":\"ListItem\",\"position\":1,\"name\":\"Home\",\"item\":\"https:\\\/\\\/www.sj-gauge.com\\\/\"},{\"@type\":\"ListItem\",\"position\":2,\"name\":\"Products\",\"item\":\"https:\\\/\\\/www.sj-gauge.com\\\/products\\\/\"},{\"@type\":\"ListItem\",\"position\":3,\"name\":\"Differential pressure gauge with switch contacts\"}]},{\"@type\":\"WebSite\",\"@id\":\"https:\\\/\\\/www.sj-gauge.com\\\/#website\",\"url\":\"https:\\\/\\\/www.sj-gauge.com\\\/\",\"name\":\"SJ Gauge | Pressure Gauges, Thermometers &amp; Pressure Sensors\",\"description\":\"Manufacturer of industrial pressure gauges, pressure sensors, and transmitters. SJ Gauge provides high accuracy, durable materials, and custom solutions for oil &amp; gas, chemical, and industrial applications.\",\"publisher\":{\"@id\":\"https:\\\/\\\/www.sj-gauge.com\\\/#organization\"},\"potentialAction\":[{\"@type\":\"SearchAction\",\"target\":{\"@type\":\"EntryPoint\",\"urlTemplate\":\"https:\\\/\\\/www.sj-gauge.com\\\/?s={search_term_string}\"},\"query-input\":{\"@type\":\"PropertyValueSpecification\",\"valueRequired\":true,\"valueName\":\"search_term_string\"}}],\"inLanguage\":\"es\"},{\"@type\":\"Organization\",\"@id\":\"https:\\\/\\\/www.sj-gauge.com\\\/#organization\",\"name\":\"SJ Gauge | Pressure Gauges, Thermometers &amp; Pressure Sensors\",\"url\":\"https:\\\/\\\/www.sj-gauge.com\\\/\",\"logo\":{\"@type\":\"ImageObject\",\"inLanguage\":\"es\",\"@id\":\"https:\\\/\\\/www.sj-gauge.com\\\/#\\\/schema\\\/logo\\\/image\\\/\",\"url\":\"https:\\\/\\\/www.sj-gauge.com\\\/wp-content\\\/uploads\\\/2025\\\/09\\\/logo.webp\",\"contentUrl\":\"https:\\\/\\\/www.sj-gauge.com\\\/wp-content\\\/uploads\\\/2025\\\/09\\\/logo.webp\",\"width\":348,\"height\":184,\"caption\":\"SJ Gauge | Pressure Gauges, Thermometers &amp; Pressure Sensors\"},\"image\":{\"@id\":\"https:\\\/\\\/www.sj-gauge.com\\\/#\\\/schema\\\/logo\\\/image\\\/\"}}]}<\/script>\n<!-- \/ Yoast SEO Premium plugin. -->","yoast_head_json":{"title":"Man\u00f3metro diferencial con contactos de conmutaci\u00f3n - SJ Gauge | Man\u00f3metros, term\u00f3metros y sensores de presi\u00f3n","robots":{"index":"index","follow":"follow","max-snippet":"max-snippet:-1","max-image-preview":"max-image-preview:large","max-video-preview":"max-video-preview:-1"},"canonical":"https:\/\/www.sj-gauge.com\/es\/producto\/dpgs43-100-dpgs43-160\/","og_locale":"es_ES","og_type":"article","og_title":"Differential pressure gauge with switch contacts","og_description":"Differential pressure measuring ranges from 0 ... 16 mbar  High working pressure (static pressure) and high overload safety up to 40 bar  Also available with liquid-filled case for high dynamic pressure loads or vibrations  Instruments with inductive contacts for use in hazardous areas  Instruments with switch contact for PLC applications","og_url":"https:\/\/www.sj-gauge.com\/es\/producto\/dpgs43-100-dpgs43-160\/","og_site_name":"SJ Gauge | Pressure Gauges, Thermometers &amp; Pressure Sensors","og_image":[{"width":1200,"height":1000,"url":"https:\/\/www.sj-gauge.com\/wp-content\/uploads\/2026\/01\/SJ-Gauge-wika-DPGS43-diff-pressure-gauge-image-1.jpg","type":"image\/jpeg"}],"twitter_card":"summary_large_image","twitter_misc":{"Tiempo de lectura":"2 minutos"},"schema":{"@context":"https:\/\/schema.org","@graph":[{"@type":"WebPage","@id":"https:\/\/www.sj-gauge.com\/product\/dpgs43-100-dpgs43-160\/","url":"https:\/\/www.sj-gauge.com\/product\/dpgs43-100-dpgs43-160\/","name":"Man\u00f3metro diferencial con contactos de conmutaci\u00f3n - SJ Gauge | Man\u00f3metros, term\u00f3metros y sensores de presi\u00f3n","isPartOf":{"@id":"https:\/\/www.sj-gauge.com\/#website"},"primaryImageOfPage":{"@id":"https:\/\/www.sj-gauge.com\/product\/dpgs43-100-dpgs43-160\/#primaryimage"},"image":{"@id":"https:\/\/www.sj-gauge.com\/product\/dpgs43-100-dpgs43-160\/#primaryimage"},"thumbnailUrl":"https:\/\/www.sj-gauge.com\/wp-content\/uploads\/2026\/01\/SJ-Gauge-wika-DPGS43-diff-pressure-gauge-image-1.jpg","datePublished":"2026-01-23T06:49:28+00:00","breadcrumb":{"@id":"https:\/\/www.sj-gauge.com\/product\/dpgs43-100-dpgs43-160\/#breadcrumb"},"inLanguage":"es","potentialAction":[{"@type":"ReadAction","target":["https:\/\/www.sj-gauge.com\/product\/dpgs43-100-dpgs43-160\/"]}]},{"@type":"ImageObject","inLanguage":"es","@id":"https:\/\/www.sj-gauge.com\/product\/dpgs43-100-dpgs43-160\/#primaryimage","url":"https:\/\/www.sj-gauge.com\/wp-content\/uploads\/2026\/01\/SJ-Gauge-wika-DPGS43-diff-pressure-gauge-image-1.jpg","contentUrl":"https:\/\/www.sj-gauge.com\/wp-content\/uploads\/2026\/01\/SJ-Gauge-wika-DPGS43-diff-pressure-gauge-image-1.jpg","width":1200,"height":1000},{"@type":"BreadcrumbList","@id":"https:\/\/www.sj-gauge.com\/product\/dpgs43-100-dpgs43-160\/#breadcrumb","itemListElement":[{"@type":"ListItem","position":1,"name":"Home","item":"https:\/\/www.sj-gauge.com\/"},{"@type":"ListItem","position":2,"name":"Products","item":"https:\/\/www.sj-gauge.com\/products\/"},{"@type":"ListItem","position":3,"name":"Differential pressure gauge with switch contacts"}]},{"@type":"WebSite","@id":"https:\/\/www.sj-gauge.com\/#website","url":"https:\/\/www.sj-gauge.com\/","name":"SJ Gauge | Man\u00f3metros, term\u00f3metros y sensores de presi\u00f3n","description":"Fabricante de man\u00f3metros industriales, sensores de presi\u00f3n y transmisores. SJ Gauge ofrece alta precisi\u00f3n, materiales duraderos y soluciones personalizadas para aplicaciones de petr\u00f3leo y gas, qu\u00edmicas e industriales.","publisher":{"@id":"https:\/\/www.sj-gauge.com\/#organization"},"potentialAction":[{"@type":"SearchAction","target":{"@type":"EntryPoint","urlTemplate":"https:\/\/www.sj-gauge.com\/?s={search_term_string}"},"query-input":{"@type":"PropertyValueSpecification","valueRequired":true,"valueName":"search_term_string"}}],"inLanguage":"es"},{"@type":"Organization","@id":"https:\/\/www.sj-gauge.com\/#organization","name":"SJ Gauge | Man\u00f3metros, term\u00f3metros y sensores de presi\u00f3n","url":"https:\/\/www.sj-gauge.com\/","logo":{"@type":"ImageObject","inLanguage":"es","@id":"https:\/\/www.sj-gauge.com\/#\/schema\/logo\/image\/","url":"https:\/\/www.sj-gauge.com\/wp-content\/uploads\/2025\/09\/logo.webp","contentUrl":"https:\/\/www.sj-gauge.com\/wp-content\/uploads\/2025\/09\/logo.webp","width":348,"height":184,"caption":"SJ Gauge | Pressure Gauges, Thermometers &amp; Pressure Sensors"},"image":{"@id":"https:\/\/www.sj-gauge.com\/#\/schema\/logo\/image\/"}}]}},"_links":{"self":[{"href":"https:\/\/www.sj-gauge.com\/es\/wp-json\/wp\/v2\/product\/3644","targetHints":{"allow":["GET"]}}],"collection":[{"href":"https:\/\/www.sj-gauge.com\/es\/wp-json\/wp\/v2\/product"}],"about":[{"href":"https:\/\/www.sj-gauge.com\/es\/wp-json\/wp\/v2\/types\/product"}],"wp:featuredmedia":[{"embeddable":true,"href":"https:\/\/www.sj-gauge.com\/es\/wp-json\/wp\/v2\/media\/3645"}],"wp:attachment":[{"href":"https:\/\/www.sj-gauge.com\/es\/wp-json\/wp\/v2\/media?parent=3644"}],"wp:term":[{"taxonomy":"product_brand","embeddable":true,"href":"https:\/\/www.sj-gauge.com\/es\/wp-json\/wp\/v2\/product_brand?post=3644"},{"taxonomy":"product_cat","embeddable":true,"href":"https:\/\/www.sj-gauge.com\/es\/wp-json\/wp\/v2\/product_cat?post=3644"},{"taxonomy":"product_tag","embeddable":true,"href":"https:\/\/www.sj-gauge.com\/es\/wp-json\/wp\/v2\/product_tag?post=3644"}],"curies":[{"name":"wp","href":"https:\/\/api.w.org\/{rel}","templated":true}]}}