{"id":3647,"date":"2026-01-23T15:41:28","date_gmt":"2026-01-23T07:41:28","guid":{"rendered":"https:\/\/sj-gauge.com\/?post_type=product&#038;p=3647"},"modified":"2026-01-23T15:42:13","modified_gmt":"2026-01-23T07:42:13","slug":"pgs23-100","status":"publish","type":"product","link":"https:\/\/www.sj-gauge.com\/es\/producto\/pgs23-100\/","title":{"rendered":"Man\u00f3metro de tubo de Bourdon con contactos de conmutaci\u00f3n Para la industria de procesos"},"content":{"rendered":"<p>Siempre que sea necesario indicar localmente la presi\u00f3n de proceso y, al mismo tiempo, conmutar circuitos, este interruptorGAUGE encuentra su utilidad.<\/p>\n<p>Los contactos de conmutaci\u00f3n (contactos de conmutaci\u00f3n el\u00e9ctrica) crean o interrumpen un circuito de control el\u00e9ctrico que depende de la posici\u00f3n de la aguja del instrumento indicador de medici\u00f3n. Los contactos de conmutaci\u00f3n son ajustables en toda la gama de la escala (v\u00e9ase DIN 16085), y est\u00e1n montados predominantemente debajo de la esfera, aunque tambi\u00e9n en parte encima de la esfera. La aguja del instrumento (aguja del valor real) se mueve libremente en todo el rango de la escala, independientemente del ajuste.<\/p>\n<p>El puntero de ajuste puede ajustarse mediante una tecla de ajuste extra\u00edble situada en la ventana.<\/p>\n<p>Los contactos de conmutaci\u00f3n formados por varios contactos tambi\u00e9n pueden ajustarse a un \u00fanico punto de consigna. El contacto se activa cuando la aguja del valor real se desplaza por encima o por debajo del punto de consigna deseado.<\/p>\n<p>Como contactos de conmutaci\u00f3n, hay disponibles contactos magn\u00e9ticos de acci\u00f3n r\u00e1pida, interruptores de l\u00e1minas, contactos inductivos y contactos electr\u00f3nicos. Los contactos inductivos pueden utilizarse en zonas peligrosas. Para activar controladores l\u00f3gicos programables (PLC), pueden utilizarse contactos electr\u00f3nicos e interruptores de l\u00e1minas.<\/p>\n<p>El c\u00f3digo QR de la esfera permite recuperar de Internet informaci\u00f3n espec\u00edfica del instrumento, como el n\u00famero de serie, el n\u00famero de pedido, certificados y otros datos del producto, de forma sencilla y a largo plazo.<\/p>","protected":false},"excerpt":{"rendered":"<ul>\n<li>Tambi\u00e9n disponible con relleno de carcasa para altas cargas din\u00e1micas de presi\u00f3n o vibraciones<\/li>\n<li>Instrumentos con contactos inductivos para uso en zonas peligrosas<\/li>\n<li>Instrumentos con contactos para aplicaciones PLC<\/li>\n<li>Disponible versi\u00f3n de seguridad con pared deflectora s\u00f3lida (Solidfront)<\/li>\n<li>El c\u00f3digo QR de la esfera enlaza con informaci\u00f3n espec\u00edfica del instrumento<\/li>\n<\/ul>","protected":false},"featured_media":3649,"template":"","meta":{"_acf_changed":false},"product_brand":[68],"product_cat":[54],"product_tag":[],"class_list":{"0":"post-3647","1":"product","2":"type-product","3":"status-publish","4":"has-post-thumbnail","6":"product_brand-wika","7":"product_cat-wika-contact-pressure-gauge","9":"first","10":"instock","11":"shipping-taxable","12":"product-type-simple"},"acf":[],"yoast_head":"<!-- This site is optimized with the Yoast SEO Premium plugin v26.7 (Yoast SEO v27.4) - https:\/\/yoast.com\/product\/yoast-seo-premium-wordpress\/ -->\n<title>Bourdon tube pressure gauge with switch contacts For the process industry - SJ Gauge | Pressure Gauges, Thermometers &amp; Pressure Sensors<\/title>\n<meta name=\"robots\" content=\"index, follow, max-snippet:-1, max-image-preview:large, max-video-preview:-1\" \/>\n<link rel=\"canonical\" href=\"https:\/\/www.sj-gauge.com\/es\/producto\/pgs23-100\/\" \/>\n<meta property=\"og:locale\" content=\"es_ES\" \/>\n<meta property=\"og:type\" content=\"article\" \/>\n<meta property=\"og:title\" content=\"Bourdon tube pressure gauge with switch contacts For the process industry\" \/>\n<meta property=\"og:description\" content=\"Also available with case filling for high dynamic pressure loads or vibrations  Instruments with inductive contacts for use in hazardous areas  Instruments with contacts for PLC applications  Safety version with solid baffle wall (Solidfront) available  QR code on dial links to instrument-specific information\" \/>\n<meta property=\"og:url\" content=\"https:\/\/www.sj-gauge.com\/es\/producto\/pgs23-100\/\" \/>\n<meta property=\"og:site_name\" content=\"SJ Gauge | Pressure Gauges, Thermometers &amp; Pressure Sensors\" \/>\n<meta property=\"article:modified_time\" content=\"2026-01-23T07:42:13+00:00\" \/>\n<meta property=\"og:image\" content=\"https:\/\/www.sj-gauge.com\/wp-content\/uploads\/2026\/01\/SJ-Gauge-wika-PGS23-pressure-gauge.jpg\" \/>\n\t<meta property=\"og:image:width\" content=\"1200\" \/>\n\t<meta property=\"og:image:height\" content=\"1000\" \/>\n\t<meta property=\"og:image:type\" content=\"image\/jpeg\" \/>\n<meta name=\"twitter:card\" content=\"summary_large_image\" \/>\n<meta name=\"twitter:label1\" content=\"Tiempo de lectura\" \/>\n\t<meta name=\"twitter:data1\" content=\"2 minutos\" \/>\n<script type=\"application\/ld+json\" class=\"yoast-schema-graph\">{\"@context\":\"https:\\\/\\\/schema.org\",\"@graph\":[{\"@type\":\"WebPage\",\"@id\":\"https:\\\/\\\/www.sj-gauge.com\\\/product\\\/pgs23-100\\\/\",\"url\":\"https:\\\/\\\/www.sj-gauge.com\\\/product\\\/pgs23-100\\\/\",\"name\":\"Bourdon tube pressure gauge with switch contacts For the process industry - SJ Gauge | Pressure Gauges, Thermometers &amp; Pressure Sensors\",\"isPartOf\":{\"@id\":\"https:\\\/\\\/www.sj-gauge.com\\\/#website\"},\"primaryImageOfPage\":{\"@id\":\"https:\\\/\\\/www.sj-gauge.com\\\/product\\\/pgs23-100\\\/#primaryimage\"},\"image\":{\"@id\":\"https:\\\/\\\/www.sj-gauge.com\\\/product\\\/pgs23-100\\\/#primaryimage\"},\"thumbnailUrl\":\"https:\\\/\\\/www.sj-gauge.com\\\/wp-content\\\/uploads\\\/2026\\\/01\\\/SJ-Gauge-wika-PGS23-pressure-gauge.jpg\",\"datePublished\":\"2026-01-23T07:41:28+00:00\",\"dateModified\":\"2026-01-23T07:42:13+00:00\",\"breadcrumb\":{\"@id\":\"https:\\\/\\\/www.sj-gauge.com\\\/product\\\/pgs23-100\\\/#breadcrumb\"},\"inLanguage\":\"es\",\"potentialAction\":[{\"@type\":\"ReadAction\",\"target\":[\"https:\\\/\\\/www.sj-gauge.com\\\/product\\\/pgs23-100\\\/\"]}]},{\"@type\":\"ImageObject\",\"inLanguage\":\"es\",\"@id\":\"https:\\\/\\\/www.sj-gauge.com\\\/product\\\/pgs23-100\\\/#primaryimage\",\"url\":\"https:\\\/\\\/www.sj-gauge.com\\\/wp-content\\\/uploads\\\/2026\\\/01\\\/SJ-Gauge-wika-PGS23-pressure-gauge.jpg\",\"contentUrl\":\"https:\\\/\\\/www.sj-gauge.com\\\/wp-content\\\/uploads\\\/2026\\\/01\\\/SJ-Gauge-wika-PGS23-pressure-gauge.jpg\",\"width\":1200,\"height\":1000},{\"@type\":\"BreadcrumbList\",\"@id\":\"https:\\\/\\\/www.sj-gauge.com\\\/product\\\/pgs23-100\\\/#breadcrumb\",\"itemListElement\":[{\"@type\":\"ListItem\",\"position\":1,\"name\":\"Home\",\"item\":\"https:\\\/\\\/www.sj-gauge.com\\\/\"},{\"@type\":\"ListItem\",\"position\":2,\"name\":\"Products\",\"item\":\"https:\\\/\\\/www.sj-gauge.com\\\/products\\\/\"},{\"@type\":\"ListItem\",\"position\":3,\"name\":\"Bourdon tube pressure gauge with switch contacts For the process industry\"}]},{\"@type\":\"WebSite\",\"@id\":\"https:\\\/\\\/www.sj-gauge.com\\\/#website\",\"url\":\"https:\\\/\\\/www.sj-gauge.com\\\/\",\"name\":\"SJ Gauge | Pressure Gauges, Thermometers &amp; Pressure Sensors\",\"description\":\"Manufacturer of industrial pressure gauges, pressure sensors, and transmitters. SJ Gauge provides high accuracy, durable materials, and custom solutions for oil &amp; gas, chemical, and industrial applications.\",\"publisher\":{\"@id\":\"https:\\\/\\\/www.sj-gauge.com\\\/#organization\"},\"potentialAction\":[{\"@type\":\"SearchAction\",\"target\":{\"@type\":\"EntryPoint\",\"urlTemplate\":\"https:\\\/\\\/www.sj-gauge.com\\\/?s={search_term_string}\"},\"query-input\":{\"@type\":\"PropertyValueSpecification\",\"valueRequired\":true,\"valueName\":\"search_term_string\"}}],\"inLanguage\":\"es\"},{\"@type\":\"Organization\",\"@id\":\"https:\\\/\\\/www.sj-gauge.com\\\/#organization\",\"name\":\"SJ Gauge | Pressure Gauges, Thermometers &amp; Pressure Sensors\",\"url\":\"https:\\\/\\\/www.sj-gauge.com\\\/\",\"logo\":{\"@type\":\"ImageObject\",\"inLanguage\":\"es\",\"@id\":\"https:\\\/\\\/www.sj-gauge.com\\\/#\\\/schema\\\/logo\\\/image\\\/\",\"url\":\"https:\\\/\\\/www.sj-gauge.com\\\/wp-content\\\/uploads\\\/2025\\\/09\\\/logo.webp\",\"contentUrl\":\"https:\\\/\\\/www.sj-gauge.com\\\/wp-content\\\/uploads\\\/2025\\\/09\\\/logo.webp\",\"width\":348,\"height\":184,\"caption\":\"SJ Gauge | Pressure Gauges, Thermometers &amp; Pressure Sensors\"},\"image\":{\"@id\":\"https:\\\/\\\/www.sj-gauge.com\\\/#\\\/schema\\\/logo\\\/image\\\/\"}}]}<\/script>\n<!-- \/ Yoast SEO Premium plugin. -->","yoast_head_json":{"title":"Man\u00f3metro de tubo de Bourdon con contactos de conmutaci\u00f3n Para la industria de procesos - SJ Gauge | Man\u00f3metros, term\u00f3metros y sensores de presi\u00f3n","robots":{"index":"index","follow":"follow","max-snippet":"max-snippet:-1","max-image-preview":"max-image-preview:large","max-video-preview":"max-video-preview:-1"},"canonical":"https:\/\/www.sj-gauge.com\/es\/producto\/pgs23-100\/","og_locale":"es_ES","og_type":"article","og_title":"Bourdon tube pressure gauge with switch contacts For the process industry","og_description":"Also available with case filling for high dynamic pressure loads or vibrations  Instruments with inductive contacts for use in hazardous areas  Instruments with contacts for PLC applications  Safety version with solid baffle wall (Solidfront) available  QR code on dial links to instrument-specific information","og_url":"https:\/\/www.sj-gauge.com\/es\/producto\/pgs23-100\/","og_site_name":"SJ Gauge | Pressure Gauges, Thermometers &amp; Pressure Sensors","article_modified_time":"2026-01-23T07:42:13+00:00","og_image":[{"width":1200,"height":1000,"url":"https:\/\/www.sj-gauge.com\/wp-content\/uploads\/2026\/01\/SJ-Gauge-wika-PGS23-pressure-gauge.jpg","type":"image\/jpeg"}],"twitter_card":"summary_large_image","twitter_misc":{"Tiempo de lectura":"2 minutos"},"schema":{"@context":"https:\/\/schema.org","@graph":[{"@type":"WebPage","@id":"https:\/\/www.sj-gauge.com\/product\/pgs23-100\/","url":"https:\/\/www.sj-gauge.com\/product\/pgs23-100\/","name":"Man\u00f3metro de tubo de Bourdon con contactos de conmutaci\u00f3n Para la industria de procesos - SJ Gauge | Man\u00f3metros, term\u00f3metros y sensores de presi\u00f3n","isPartOf":{"@id":"https:\/\/www.sj-gauge.com\/#website"},"primaryImageOfPage":{"@id":"https:\/\/www.sj-gauge.com\/product\/pgs23-100\/#primaryimage"},"image":{"@id":"https:\/\/www.sj-gauge.com\/product\/pgs23-100\/#primaryimage"},"thumbnailUrl":"https:\/\/www.sj-gauge.com\/wp-content\/uploads\/2026\/01\/SJ-Gauge-wika-PGS23-pressure-gauge.jpg","datePublished":"2026-01-23T07:41:28+00:00","dateModified":"2026-01-23T07:42:13+00:00","breadcrumb":{"@id":"https:\/\/www.sj-gauge.com\/product\/pgs23-100\/#breadcrumb"},"inLanguage":"es","potentialAction":[{"@type":"ReadAction","target":["https:\/\/www.sj-gauge.com\/product\/pgs23-100\/"]}]},{"@type":"ImageObject","inLanguage":"es","@id":"https:\/\/www.sj-gauge.com\/product\/pgs23-100\/#primaryimage","url":"https:\/\/www.sj-gauge.com\/wp-content\/uploads\/2026\/01\/SJ-Gauge-wika-PGS23-pressure-gauge.jpg","contentUrl":"https:\/\/www.sj-gauge.com\/wp-content\/uploads\/2026\/01\/SJ-Gauge-wika-PGS23-pressure-gauge.jpg","width":1200,"height":1000},{"@type":"BreadcrumbList","@id":"https:\/\/www.sj-gauge.com\/product\/pgs23-100\/#breadcrumb","itemListElement":[{"@type":"ListItem","position":1,"name":"Home","item":"https:\/\/www.sj-gauge.com\/"},{"@type":"ListItem","position":2,"name":"Products","item":"https:\/\/www.sj-gauge.com\/products\/"},{"@type":"ListItem","position":3,"name":"Bourdon tube pressure gauge with switch contacts For the process industry"}]},{"@type":"WebSite","@id":"https:\/\/www.sj-gauge.com\/#website","url":"https:\/\/www.sj-gauge.com\/","name":"SJ Gauge | Man\u00f3metros, term\u00f3metros y sensores de presi\u00f3n","description":"Fabricante de man\u00f3metros industriales, sensores de presi\u00f3n y transmisores. SJ Gauge ofrece alta precisi\u00f3n, materiales duraderos y soluciones personalizadas para aplicaciones de petr\u00f3leo y gas, qu\u00edmicas e industriales.","publisher":{"@id":"https:\/\/www.sj-gauge.com\/#organization"},"potentialAction":[{"@type":"SearchAction","target":{"@type":"EntryPoint","urlTemplate":"https:\/\/www.sj-gauge.com\/?s={search_term_string}"},"query-input":{"@type":"PropertyValueSpecification","valueRequired":true,"valueName":"search_term_string"}}],"inLanguage":"es"},{"@type":"Organization","@id":"https:\/\/www.sj-gauge.com\/#organization","name":"SJ Gauge | Man\u00f3metros, term\u00f3metros y sensores de presi\u00f3n","url":"https:\/\/www.sj-gauge.com\/","logo":{"@type":"ImageObject","inLanguage":"es","@id":"https:\/\/www.sj-gauge.com\/#\/schema\/logo\/image\/","url":"https:\/\/www.sj-gauge.com\/wp-content\/uploads\/2025\/09\/logo.webp","contentUrl":"https:\/\/www.sj-gauge.com\/wp-content\/uploads\/2025\/09\/logo.webp","width":348,"height":184,"caption":"SJ Gauge | Pressure Gauges, Thermometers &amp; Pressure Sensors"},"image":{"@id":"https:\/\/www.sj-gauge.com\/#\/schema\/logo\/image\/"}}]}},"_links":{"self":[{"href":"https:\/\/www.sj-gauge.com\/es\/wp-json\/wp\/v2\/product\/3647","targetHints":{"allow":["GET"]}}],"collection":[{"href":"https:\/\/www.sj-gauge.com\/es\/wp-json\/wp\/v2\/product"}],"about":[{"href":"https:\/\/www.sj-gauge.com\/es\/wp-json\/wp\/v2\/types\/product"}],"wp:featuredmedia":[{"embeddable":true,"href":"https:\/\/www.sj-gauge.com\/es\/wp-json\/wp\/v2\/media\/3649"}],"wp:attachment":[{"href":"https:\/\/www.sj-gauge.com\/es\/wp-json\/wp\/v2\/media?parent=3647"}],"wp:term":[{"taxonomy":"product_brand","embeddable":true,"href":"https:\/\/www.sj-gauge.com\/es\/wp-json\/wp\/v2\/product_brand?post=3647"},{"taxonomy":"product_cat","embeddable":true,"href":"https:\/\/www.sj-gauge.com\/es\/wp-json\/wp\/v2\/product_cat?post=3647"},{"taxonomy":"product_tag","embeddable":true,"href":"https:\/\/www.sj-gauge.com\/es\/wp-json\/wp\/v2\/product_tag?post=3647"}],"curies":[{"name":"wp","href":"https:\/\/api.w.org\/{rel}","templated":true}]}}