{"id":3650,"date":"2026-01-23T16:19:39","date_gmt":"2026-01-23T08:19:39","guid":{"rendered":"https:\/\/sj-gauge.com\/?post_type=product&#038;p=3650"},"modified":"2026-01-23T16:38:41","modified_gmt":"2026-01-23T08:38:41","slug":"tg53","status":"publish","type":"product","link":"https:\/\/www.sj-gauge.com\/es\/producto\/tg53\/","title":{"rendered":"Term\u00f3metro bimet\u00e1lico Versi\u00f3n de proceso seg\u00fan ASME B40.200"},"content":{"rendered":"<p>El term\u00f3metro bimet\u00e1lico modelo TG53 ha sido desarrollado y fabricado de acuerdo con la norma ASME B40.200. El term\u00f3metro proporciona alta calidad y rendimiento, y es una opci\u00f3n ideal en las industrias de procesos.<\/p>\n<p>La robusta carcasa herm\u00e9ticamente sellada con protecci\u00f3n IP66 (NEMA 4X) permite su uso en condiciones externas adversas.<\/p>\n<p>Dise\u00f1ada espec\u00edficamente para su uso en las industrias qu\u00edmica y petroqu\u00edmica, del petr\u00f3leo y el gas, la ingenier\u00eda energ\u00e9tica y la construcci\u00f3n naval, la TG53 satisface los rigurosos requisitos de resistencia a medios agresivos. Como opci\u00f3n disponible, la carcasa, el v\u00e1stago y la conexi\u00f3n a proceso pueden fabricarse en acero inoxidable 316.<\/p>\n<p>El TG53 ofrece la mayor variedad de opciones de amortiguaci\u00f3n del sector, lo que le permite funcionar en situaciones en las que existen condiciones de vibraci\u00f3n severas. Estas opciones incluyen el relleno de la carcasa y un casquillo de cojinete amortiguado para minimizar la oscilaci\u00f3n del puntero.<\/p>\n<p>Un tornillo de reajuste de f\u00e1cil acceso en la parte posterior de la carcasa permite un ajuste r\u00e1pido y limitado de la temperatura de referencia, lo que reduce los costes de mantenimiento y recalibraci\u00f3n.<\/p>\n<p>La TG53 tambi\u00e9n est\u00e1 disponible en una variedad de longitudes de v\u00e1stago (longitud de inserci\u00f3n L1) para optimizar su ajuste y rendimiento espec\u00edficos de la aplicaci\u00f3n.<\/p>","protected":false},"excerpt":{"rendered":"<ul>\n<li>Caja robusta y herm\u00e9tica<\/li>\n<li>Precisi\u00f3n: \u00b11 % del valor final de escala ASME B40.200 (grado A)<\/li>\n<li>Reset externo para ajustar la temperatura de referencia<\/li>\n<li>Esfera abombada (antiparalaje) para facilitar la lectura<\/li>\n<li>El v\u00e1stago ajustable y la versi\u00f3n con dial permiten una conexi\u00f3n \u00f3ptima al proceso<\/li>\n<\/ul>","protected":false},"featured_media":3652,"template":"","meta":{"_acf_changed":false},"product_brand":[68],"product_cat":[55],"product_tag":[],"class_list":{"0":"post-3650","1":"product","2":"type-product","3":"status-publish","4":"has-post-thumbnail","6":"product_brand-wika","7":"product_cat-wika-dial-thermometers","9":"first","10":"instock","11":"shipping-taxable","12":"product-type-simple"},"acf":[],"yoast_head":"<!-- This site is optimized with the Yoast SEO Premium plugin v26.7 (Yoast SEO v26.7) - https:\/\/yoast.com\/wordpress\/plugins\/seo\/ -->\n<title>Bimetal thermometer Process version per ASME B40.200 - Your Expert in Pressure Temp and Smart Transmitters - SJ Gauge<\/title>\n<meta name=\"robots\" content=\"index, follow, max-snippet:-1, max-image-preview:large, max-video-preview:-1\" \/>\n<link rel=\"canonical\" href=\"https:\/\/www.sj-gauge.com\/es\/producto\/tg53\/\" \/>\n<meta property=\"og:locale\" content=\"es_ES\" \/>\n<meta property=\"og:type\" content=\"article\" \/>\n<meta property=\"og:title\" content=\"Bimetal thermometer Process version per ASME B40.200\" \/>\n<meta property=\"og:description\" content=\"Robust, hermetically sealed case  Accuracy: \u00b11 % of full scale value ASME B40.200 (grade A)  External reset for setting the reference temperature  Dished dial (anti-parallax) for ease of reading  Adjustable stem and dial version enables optimal process connection\" \/>\n<meta property=\"og:url\" content=\"https:\/\/www.sj-gauge.com\/es\/producto\/tg53\/\" \/>\n<meta property=\"og:site_name\" content=\"Your Expert in Pressure Temp and Smart Transmitters - SJ Gauge\" \/>\n<meta property=\"article:modified_time\" content=\"2026-01-23T08:38:41+00:00\" \/>\n<meta property=\"og:image\" content=\"https:\/\/www.sj-gauge.com\/wp-content\/uploads\/2026\/01\/SJ-Gauge-wika-tg53-image-2.jpg\" \/>\n\t<meta property=\"og:image:width\" content=\"1200\" \/>\n\t<meta property=\"og:image:height\" content=\"1000\" \/>\n\t<meta property=\"og:image:type\" content=\"image\/jpeg\" \/>\n<meta name=\"twitter:card\" content=\"summary_large_image\" \/>\n<meta name=\"twitter:label1\" content=\"Tiempo de lectura\" \/>\n\t<meta name=\"twitter:data1\" content=\"1 minuto\" \/>\n<script type=\"application\/ld+json\" class=\"yoast-schema-graph\">{\"@context\":\"https:\/\/schema.org\",\"@graph\":[{\"@type\":\"WebPage\",\"@id\":\"https:\/\/www.sj-gauge.com\/product\/tg53\/\",\"url\":\"https:\/\/www.sj-gauge.com\/product\/tg53\/\",\"name\":\"Bimetal thermometer Process version per ASME B40.200 - Your Expert in Pressure Temp and Smart Transmitters - SJ Gauge\",\"isPartOf\":{\"@id\":\"https:\/\/www.sj-gauge.com\/#website\"},\"primaryImageOfPage\":{\"@id\":\"https:\/\/www.sj-gauge.com\/product\/tg53\/#primaryimage\"},\"image\":{\"@id\":\"https:\/\/www.sj-gauge.com\/product\/tg53\/#primaryimage\"},\"thumbnailUrl\":\"https:\/\/www.sj-gauge.com\/wp-content\/uploads\/2026\/01\/SJ-Gauge-wika-tg53-image-2.jpg\",\"datePublished\":\"2026-01-23T08:19:39+00:00\",\"dateModified\":\"2026-01-23T08:38:41+00:00\",\"breadcrumb\":{\"@id\":\"https:\/\/www.sj-gauge.com\/product\/tg53\/#breadcrumb\"},\"inLanguage\":\"es\",\"potentialAction\":[{\"@type\":\"ReadAction\",\"target\":[\"https:\/\/www.sj-gauge.com\/product\/tg53\/\"]}]},{\"@type\":\"ImageObject\",\"inLanguage\":\"es\",\"@id\":\"https:\/\/www.sj-gauge.com\/product\/tg53\/#primaryimage\",\"url\":\"https:\/\/www.sj-gauge.com\/wp-content\/uploads\/2026\/01\/SJ-Gauge-wika-tg53-image-2.jpg\",\"contentUrl\":\"https:\/\/www.sj-gauge.com\/wp-content\/uploads\/2026\/01\/SJ-Gauge-wika-tg53-image-2.jpg\",\"width\":1200,\"height\":1000},{\"@type\":\"BreadcrumbList\",\"@id\":\"https:\/\/www.sj-gauge.com\/product\/tg53\/#breadcrumb\",\"itemListElement\":[{\"@type\":\"ListItem\",\"position\":1,\"name\":\"Home\",\"item\":\"https:\/\/www.sj-gauge.com\/\"},{\"@type\":\"ListItem\",\"position\":2,\"name\":\"Products\",\"item\":\"https:\/\/www.sj-gauge.com\/products\/\"},{\"@type\":\"ListItem\",\"position\":3,\"name\":\"Bimetal thermometer Process version per ASME B40.200\"}]},{\"@type\":\"WebSite\",\"@id\":\"https:\/\/www.sj-gauge.com\/#website\",\"url\":\"https:\/\/www.sj-gauge.com\/\",\"name\":\"Your Expert in Pressure Temp and Smart Transmitters - SJ Gauge\",\"description\":\"Manufacturer of industrial pressure gauges, pressure sensors, and transmitters. SJ Gauge provides high accuracy, durable materials, and custom solutions for oil &amp; gas, chemical, and industrial applications.\",\"publisher\":{\"@id\":\"https:\/\/www.sj-gauge.com\/#organization\"},\"potentialAction\":[{\"@type\":\"SearchAction\",\"target\":{\"@type\":\"EntryPoint\",\"urlTemplate\":\"https:\/\/www.sj-gauge.com\/?s={search_term_string}\"},\"query-input\":{\"@type\":\"PropertyValueSpecification\",\"valueRequired\":true,\"valueName\":\"search_term_string\"}}],\"inLanguage\":\"es\"},{\"@type\":\"Organization\",\"@id\":\"https:\/\/www.sj-gauge.com\/#organization\",\"name\":\"Your Expert in Pressure Temp and Smart Transmitters - SJ Gauge\",\"url\":\"https:\/\/www.sj-gauge.com\/\",\"logo\":{\"@type\":\"ImageObject\",\"inLanguage\":\"es\",\"@id\":\"https:\/\/www.sj-gauge.com\/#\/schema\/logo\/image\/\",\"url\":\"https:\/\/www.sj-gauge.com\/wp-content\/uploads\/2025\/09\/logo.webp\",\"contentUrl\":\"https:\/\/www.sj-gauge.com\/wp-content\/uploads\/2025\/09\/logo.webp\",\"width\":348,\"height\":184,\"caption\":\"Your Expert in Pressure Temp and Smart Transmitters - SJ Gauge\"},\"image\":{\"@id\":\"https:\/\/www.sj-gauge.com\/#\/schema\/logo\/image\/\"}}]}<\/script>\n<!-- \/ Yoast SEO Premium plugin. -->","yoast_head_json":{"title":"Term\u00f3metro bimet\u00e1lico Versi\u00f3n de proceso seg\u00fan ASME B40.200 - Su experto en transmisores de presi\u00f3n, temperatura y Smart - SJ Gauge","robots":{"index":"index","follow":"follow","max-snippet":"max-snippet:-1","max-image-preview":"max-image-preview:large","max-video-preview":"max-video-preview:-1"},"canonical":"https:\/\/www.sj-gauge.com\/es\/producto\/tg53\/","og_locale":"es_ES","og_type":"article","og_title":"Bimetal thermometer Process version per ASME B40.200","og_description":"Robust, hermetically sealed case  Accuracy: \u00b11 % of full scale value ASME B40.200 (grade A)  External reset for setting the reference temperature  Dished dial (anti-parallax) for ease of reading  Adjustable stem and dial version enables optimal process connection","og_url":"https:\/\/www.sj-gauge.com\/es\/producto\/tg53\/","og_site_name":"Your Expert in Pressure Temp and Smart Transmitters - SJ Gauge","article_modified_time":"2026-01-23T08:38:41+00:00","og_image":[{"width":1200,"height":1000,"url":"https:\/\/www.sj-gauge.com\/wp-content\/uploads\/2026\/01\/SJ-Gauge-wika-tg53-image-2.jpg","type":"image\/jpeg"}],"twitter_card":"summary_large_image","twitter_misc":{"Tiempo de lectura":"1 minuto"},"schema":{"@context":"https:\/\/schema.org","@graph":[{"@type":"WebPage","@id":"https:\/\/www.sj-gauge.com\/product\/tg53\/","url":"https:\/\/www.sj-gauge.com\/product\/tg53\/","name":"Term\u00f3metro bimet\u00e1lico Versi\u00f3n de proceso seg\u00fan ASME B40.200 - Su experto en transmisores de presi\u00f3n, temperatura y Smart - SJ Gauge","isPartOf":{"@id":"https:\/\/www.sj-gauge.com\/#website"},"primaryImageOfPage":{"@id":"https:\/\/www.sj-gauge.com\/product\/tg53\/#primaryimage"},"image":{"@id":"https:\/\/www.sj-gauge.com\/product\/tg53\/#primaryimage"},"thumbnailUrl":"https:\/\/www.sj-gauge.com\/wp-content\/uploads\/2026\/01\/SJ-Gauge-wika-tg53-image-2.jpg","datePublished":"2026-01-23T08:19:39+00:00","dateModified":"2026-01-23T08:38:41+00:00","breadcrumb":{"@id":"https:\/\/www.sj-gauge.com\/product\/tg53\/#breadcrumb"},"inLanguage":"es","potentialAction":[{"@type":"ReadAction","target":["https:\/\/www.sj-gauge.com\/product\/tg53\/"]}]},{"@type":"ImageObject","inLanguage":"es","@id":"https:\/\/www.sj-gauge.com\/product\/tg53\/#primaryimage","url":"https:\/\/www.sj-gauge.com\/wp-content\/uploads\/2026\/01\/SJ-Gauge-wika-tg53-image-2.jpg","contentUrl":"https:\/\/www.sj-gauge.com\/wp-content\/uploads\/2026\/01\/SJ-Gauge-wika-tg53-image-2.jpg","width":1200,"height":1000},{"@type":"BreadcrumbList","@id":"https:\/\/www.sj-gauge.com\/product\/tg53\/#breadcrumb","itemListElement":[{"@type":"ListItem","position":1,"name":"Home","item":"https:\/\/www.sj-gauge.com\/"},{"@type":"ListItem","position":2,"name":"Products","item":"https:\/\/www.sj-gauge.com\/products\/"},{"@type":"ListItem","position":3,"name":"Bimetal thermometer Process version per ASME B40.200"}]},{"@type":"WebSite","@id":"https:\/\/www.sj-gauge.com\/#website","url":"https:\/\/www.sj-gauge.com\/","name":"Su experto en Transmisores de presi\u00f3n, temperatura e inteligentes - SJ Gauge","description":"Fabricante de man\u00f3metros industriales, sensores de presi\u00f3n y transmisores. SJ Gauge ofrece alta precisi\u00f3n, materiales duraderos y soluciones personalizadas para aplicaciones de petr\u00f3leo y gas, qu\u00edmicas e industriales.","publisher":{"@id":"https:\/\/www.sj-gauge.com\/#organization"},"potentialAction":[{"@type":"SearchAction","target":{"@type":"EntryPoint","urlTemplate":"https:\/\/www.sj-gauge.com\/?s={search_term_string}"},"query-input":{"@type":"PropertyValueSpecification","valueRequired":true,"valueName":"search_term_string"}}],"inLanguage":"es"},{"@type":"Organization","@id":"https:\/\/www.sj-gauge.com\/#organization","name":"Su experto en Transmisores de presi\u00f3n, temperatura e inteligentes - SJ Gauge","url":"https:\/\/www.sj-gauge.com\/","logo":{"@type":"ImageObject","inLanguage":"es","@id":"https:\/\/www.sj-gauge.com\/#\/schema\/logo\/image\/","url":"https:\/\/www.sj-gauge.com\/wp-content\/uploads\/2025\/09\/logo.webp","contentUrl":"https:\/\/www.sj-gauge.com\/wp-content\/uploads\/2025\/09\/logo.webp","width":348,"height":184,"caption":"Your Expert in Pressure Temp and Smart Transmitters - SJ Gauge"},"image":{"@id":"https:\/\/www.sj-gauge.com\/#\/schema\/logo\/image\/"}}]}},"_links":{"self":[{"href":"https:\/\/www.sj-gauge.com\/es\/wp-json\/wp\/v2\/product\/3650","targetHints":{"allow":["GET"]}}],"collection":[{"href":"https:\/\/www.sj-gauge.com\/es\/wp-json\/wp\/v2\/product"}],"about":[{"href":"https:\/\/www.sj-gauge.com\/es\/wp-json\/wp\/v2\/types\/product"}],"wp:featuredmedia":[{"embeddable":true,"href":"https:\/\/www.sj-gauge.com\/es\/wp-json\/wp\/v2\/media\/3652"}],"wp:attachment":[{"href":"https:\/\/www.sj-gauge.com\/es\/wp-json\/wp\/v2\/media?parent=3650"}],"wp:term":[{"taxonomy":"product_brand","embeddable":true,"href":"https:\/\/www.sj-gauge.com\/es\/wp-json\/wp\/v2\/product_brand?post=3650"},{"taxonomy":"product_cat","embeddable":true,"href":"https:\/\/www.sj-gauge.com\/es\/wp-json\/wp\/v2\/product_cat?post=3650"},{"taxonomy":"product_tag","embeddable":true,"href":"https:\/\/www.sj-gauge.com\/es\/wp-json\/wp\/v2\/product_tag?post=3650"}],"curies":[{"name":"wp","href":"https:\/\/api.w.org\/{rel}","templated":true}]}}