{"id":3665,"date":"2026-01-23T17:20:07","date_gmt":"2026-01-23T09:20:07","guid":{"rendered":"https:\/\/sj-gauge.com\/?post_type=product&#038;p=3665"},"modified":"2026-02-10T11:18:52","modified_gmt":"2026-02-10T03:18:52","slug":"tr33","status":"publish","type":"product","link":"https:\/\/www.sj-gauge.com\/es\/producto\/tr33\/","title":{"rendered":"Term\u00f3metro de resistencia en miniatura Roscado"},"content":{"rendered":"<p>Los term\u00f3metros de resistencia de esta serie se utilizan como term\u00f3metros universales para la medici\u00f3n de medios l\u00edquidos y gaseosos en el rango -50 ... +250 \u00b0C [-58 ... +482 \u00b0F].<\/p>\n<p>Pueden utilizarse para presiones de hasta 140 bar [2.030 psi] con di\u00e1metros de tubo de protecci\u00f3n de 3 mm [0.12 in] y hasta 270 bar [3.916 psi] con di\u00e1metros de tubo de protecci\u00f3n de 6 mm [0.24 in], seg\u00fan la versi\u00f3n del instrumento. Todos los componentes el\u00e9ctricos est\u00e1n protegidos contra la humedad (IP67 o IP69K) y dise\u00f1ados para soportar vibraciones (20 g, seg\u00fan la versi\u00f3n del instrumento).<\/p>\n<p>El term\u00f3metro de resistencia est\u00e1 disponible con salida de sensor directa o transmisor integrado, que pueden configurarse individualmente mediante el software de configuraci\u00f3n para PC WIKAsoft-TT. Es posible ajustar el rango de medici\u00f3n, la amortiguaci\u00f3n, la se\u00f1alizaci\u00f3n de errores seg\u00fan NAMUR NE 043 y el n\u00famero de etiqueta.<\/p>\n<p>La longitud de inserci\u00f3n, la conexi\u00f3n a proceso, el sensor y el m\u00e9todo de conexi\u00f3n pueden seleccionarse para cada aplicaci\u00f3n en la informaci\u00f3n de pedido. El term\u00f3metro de resistencia modelo TR33 consta de un tubo de protecci\u00f3n con una conexi\u00f3n a proceso fija y se enrosca directamente en el proceso.<\/p>\n<p>La conexi\u00f3n el\u00e9ctrica se realiza mediante un conector circular M12 x 1. Opcionalmente, hay disponible un adaptador para la conexi\u00f3n el\u00e9ctrica con conector angular seg\u00fan DIN EN 175301-803 (patente, derecho de propiedad industrial: 001370985).<\/p>","protected":false},"excerpt":{"rendered":"<ul>\n<li>Dise\u00f1o muy compacto, alta resistencia a las vibraciones y tiempo de respuesta r\u00e1pido<\/li>\n<li>Con salida directa de sensor (Pt100, Pt1000 en conexi\u00f3n de 2, 3 \u00f3 4 hilos) o transmisor integrado con se\u00f1al de salida de 4 ... 20 mA<\/li>\n<li>Transmisor integrado parametrizable individualmente con el software gratuito de configuraci\u00f3n para PC WIKAsoft-TT<\/li>\n<li>Elemento sensor con clase de precisi\u00f3n A seg\u00fan IEC 60751<\/li>\n<\/ul>","protected":false},"featured_media":3667,"template":"","meta":{"_acf_changed":false},"product_brand":[68],"product_cat":[56],"product_tag":[],"class_list":{"0":"post-3665","1":"product","2":"type-product","3":"status-publish","4":"has-post-thumbnail","6":"product_brand-wika","7":"product_cat-wika-resistance-thermometers","9":"first","10":"instock","11":"shipping-taxable","12":"product-type-simple"},"acf":[],"yoast_head":"<!-- This site is optimized with the Yoast SEO Premium plugin v26.7 (Yoast SEO v27.4) - https:\/\/yoast.com\/product\/yoast-seo-premium-wordpress\/ -->\n<title>Miniature resistance thermometer Threaded - SJ Gauge | Pressure Gauges, Thermometers &amp; Pressure Sensors<\/title>\n<meta name=\"description\" content=\"Miniature resistance thermometer TR33 with threaded process connection, designed for liquid and gas temperature measurement from -50 to +250\u00b0C. High vibration resistance, Pt100\/Pt1000 sensor or 4\u201320 mA output available.\" \/>\n<meta name=\"robots\" content=\"index, follow, max-snippet:-1, max-image-preview:large, max-video-preview:-1\" \/>\n<link rel=\"canonical\" href=\"https:\/\/www.sj-gauge.com\/es\/producto\/tr33\/\" \/>\n<meta property=\"og:locale\" content=\"es_ES\" \/>\n<meta property=\"og:type\" content=\"article\" \/>\n<meta property=\"og:title\" content=\"Miniature resistance thermometer Threaded\" \/>\n<meta property=\"og:description\" content=\"Miniature resistance thermometer TR33 with threaded process connection, designed for liquid and gas temperature measurement from -50 to +250\u00b0C. High vibration resistance, Pt100\/Pt1000 sensor or 4\u201320 mA output available.\" \/>\n<meta property=\"og:url\" content=\"https:\/\/www.sj-gauge.com\/es\/producto\/tr33\/\" \/>\n<meta property=\"og:site_name\" content=\"SJ Gauge | Pressure Gauges, Thermometers &amp; Pressure Sensors\" \/>\n<meta property=\"article:modified_time\" content=\"2026-02-10T03:18:52+00:00\" \/>\n<meta property=\"og:image\" content=\"https:\/\/www.sj-gauge.com\/wp-content\/uploads\/2026\/01\/SJ-Gauge-wika-tr33-thermometer-image.jpg\" \/>\n\t<meta property=\"og:image:width\" content=\"1200\" \/>\n\t<meta property=\"og:image:height\" content=\"1000\" \/>\n\t<meta property=\"og:image:type\" content=\"image\/jpeg\" \/>\n<meta name=\"twitter:card\" content=\"summary_large_image\" \/>\n<meta name=\"twitter:label1\" content=\"Tiempo de lectura\" \/>\n\t<meta name=\"twitter:data1\" content=\"2 minutos\" \/>\n<script type=\"application\/ld+json\" class=\"yoast-schema-graph\">{\"@context\":\"https:\\\/\\\/schema.org\",\"@graph\":[{\"@type\":\"WebPage\",\"@id\":\"https:\\\/\\\/www.sj-gauge.com\\\/product\\\/tr33\\\/\",\"url\":\"https:\\\/\\\/www.sj-gauge.com\\\/product\\\/tr33\\\/\",\"name\":\"Miniature resistance thermometer Threaded - SJ Gauge | Pressure Gauges, Thermometers &amp; Pressure Sensors\",\"isPartOf\":{\"@id\":\"https:\\\/\\\/www.sj-gauge.com\\\/#website\"},\"primaryImageOfPage\":{\"@id\":\"https:\\\/\\\/www.sj-gauge.com\\\/product\\\/tr33\\\/#primaryimage\"},\"image\":{\"@id\":\"https:\\\/\\\/www.sj-gauge.com\\\/product\\\/tr33\\\/#primaryimage\"},\"thumbnailUrl\":\"https:\\\/\\\/www.sj-gauge.com\\\/wp-content\\\/uploads\\\/2026\\\/01\\\/SJ-Gauge-wika-tr33-thermometer-image.jpg\",\"datePublished\":\"2026-01-23T09:20:07+00:00\",\"dateModified\":\"2026-02-10T03:18:52+00:00\",\"description\":\"Miniature resistance thermometer TR33 with threaded process connection, designed for liquid and gas temperature measurement from -50 to +250\u00b0C. High vibration resistance, Pt100\\\/Pt1000 sensor or 4\u201320 mA output available.\",\"breadcrumb\":{\"@id\":\"https:\\\/\\\/www.sj-gauge.com\\\/product\\\/tr33\\\/#breadcrumb\"},\"inLanguage\":\"es\",\"potentialAction\":[{\"@type\":\"ReadAction\",\"target\":[\"https:\\\/\\\/www.sj-gauge.com\\\/product\\\/tr33\\\/\"]}]},{\"@type\":\"ImageObject\",\"inLanguage\":\"es\",\"@id\":\"https:\\\/\\\/www.sj-gauge.com\\\/product\\\/tr33\\\/#primaryimage\",\"url\":\"https:\\\/\\\/www.sj-gauge.com\\\/wp-content\\\/uploads\\\/2026\\\/01\\\/SJ-Gauge-wika-tr33-thermometer-image.jpg\",\"contentUrl\":\"https:\\\/\\\/www.sj-gauge.com\\\/wp-content\\\/uploads\\\/2026\\\/01\\\/SJ-Gauge-wika-tr33-thermometer-image.jpg\",\"width\":1200,\"height\":1000},{\"@type\":\"BreadcrumbList\",\"@id\":\"https:\\\/\\\/www.sj-gauge.com\\\/product\\\/tr33\\\/#breadcrumb\",\"itemListElement\":[{\"@type\":\"ListItem\",\"position\":1,\"name\":\"Home\",\"item\":\"https:\\\/\\\/www.sj-gauge.com\\\/\"},{\"@type\":\"ListItem\",\"position\":2,\"name\":\"Products\",\"item\":\"https:\\\/\\\/www.sj-gauge.com\\\/products\\\/\"},{\"@type\":\"ListItem\",\"position\":3,\"name\":\"Miniature resistance thermometer Threaded\"}]},{\"@type\":\"WebSite\",\"@id\":\"https:\\\/\\\/www.sj-gauge.com\\\/#website\",\"url\":\"https:\\\/\\\/www.sj-gauge.com\\\/\",\"name\":\"SJ Gauge | Pressure Gauges, Thermometers &amp; Pressure Sensors\",\"description\":\"Manufacturer of industrial pressure gauges, pressure sensors, and transmitters. SJ Gauge provides high accuracy, durable materials, and custom solutions for oil &amp; gas, chemical, and industrial applications.\",\"publisher\":{\"@id\":\"https:\\\/\\\/www.sj-gauge.com\\\/#organization\"},\"potentialAction\":[{\"@type\":\"SearchAction\",\"target\":{\"@type\":\"EntryPoint\",\"urlTemplate\":\"https:\\\/\\\/www.sj-gauge.com\\\/?s={search_term_string}\"},\"query-input\":{\"@type\":\"PropertyValueSpecification\",\"valueRequired\":true,\"valueName\":\"search_term_string\"}}],\"inLanguage\":\"es\"},{\"@type\":\"Organization\",\"@id\":\"https:\\\/\\\/www.sj-gauge.com\\\/#organization\",\"name\":\"SJ Gauge | Pressure Gauges, Thermometers &amp; Pressure Sensors\",\"url\":\"https:\\\/\\\/www.sj-gauge.com\\\/\",\"logo\":{\"@type\":\"ImageObject\",\"inLanguage\":\"es\",\"@id\":\"https:\\\/\\\/www.sj-gauge.com\\\/#\\\/schema\\\/logo\\\/image\\\/\",\"url\":\"https:\\\/\\\/www.sj-gauge.com\\\/wp-content\\\/uploads\\\/2025\\\/09\\\/logo.webp\",\"contentUrl\":\"https:\\\/\\\/www.sj-gauge.com\\\/wp-content\\\/uploads\\\/2025\\\/09\\\/logo.webp\",\"width\":348,\"height\":184,\"caption\":\"SJ Gauge | Pressure Gauges, Thermometers &amp; Pressure Sensors\"},\"image\":{\"@id\":\"https:\\\/\\\/www.sj-gauge.com\\\/#\\\/schema\\\/logo\\\/image\\\/\"}}]}<\/script>\n<!-- \/ Yoast SEO Premium plugin. -->","yoast_head_json":{"title":"Miniature resistance thermometer Threaded - SJ Gauge | Pressure Gauges, Thermometers &amp; Pressure Sensors","description":"Term\u00f3metro de resistencia en miniatura TR33 con conexi\u00f3n a proceso roscada, dise\u00f1ado para medir la temperatura de l\u00edquidos y gases de -50 a +250\u00b0C. Alta resistencia a las vibraciones, sensor Pt100\/Pt1000 o salida de 4-20 mA disponible.","robots":{"index":"index","follow":"follow","max-snippet":"max-snippet:-1","max-image-preview":"max-image-preview:large","max-video-preview":"max-video-preview:-1"},"canonical":"https:\/\/www.sj-gauge.com\/es\/producto\/tr33\/","og_locale":"es_ES","og_type":"article","og_title":"Miniature resistance thermometer Threaded","og_description":"Miniature resistance thermometer TR33 with threaded process connection, designed for liquid and gas temperature measurement from -50 to +250\u00b0C. High vibration resistance, Pt100\/Pt1000 sensor or 4\u201320 mA output available.","og_url":"https:\/\/www.sj-gauge.com\/es\/producto\/tr33\/","og_site_name":"SJ Gauge | Pressure Gauges, Thermometers &amp; Pressure Sensors","article_modified_time":"2026-02-10T03:18:52+00:00","og_image":[{"width":1200,"height":1000,"url":"https:\/\/www.sj-gauge.com\/wp-content\/uploads\/2026\/01\/SJ-Gauge-wika-tr33-thermometer-image.jpg","type":"image\/jpeg"}],"twitter_card":"summary_large_image","twitter_misc":{"Tiempo de lectura":"2 minutos"},"schema":{"@context":"https:\/\/schema.org","@graph":[{"@type":"WebPage","@id":"https:\/\/www.sj-gauge.com\/product\/tr33\/","url":"https:\/\/www.sj-gauge.com\/product\/tr33\/","name":"Miniature resistance thermometer Threaded - SJ Gauge | Pressure Gauges, Thermometers &amp; Pressure Sensors","isPartOf":{"@id":"https:\/\/www.sj-gauge.com\/#website"},"primaryImageOfPage":{"@id":"https:\/\/www.sj-gauge.com\/product\/tr33\/#primaryimage"},"image":{"@id":"https:\/\/www.sj-gauge.com\/product\/tr33\/#primaryimage"},"thumbnailUrl":"https:\/\/www.sj-gauge.com\/wp-content\/uploads\/2026\/01\/SJ-Gauge-wika-tr33-thermometer-image.jpg","datePublished":"2026-01-23T09:20:07+00:00","dateModified":"2026-02-10T03:18:52+00:00","description":"Term\u00f3metro de resistencia en miniatura TR33 con conexi\u00f3n a proceso roscada, dise\u00f1ado para medir la temperatura de l\u00edquidos y gases de -50 a +250\u00b0C. Alta resistencia a las vibraciones, sensor Pt100\/Pt1000 o salida de 4-20 mA disponible.","breadcrumb":{"@id":"https:\/\/www.sj-gauge.com\/product\/tr33\/#breadcrumb"},"inLanguage":"es","potentialAction":[{"@type":"ReadAction","target":["https:\/\/www.sj-gauge.com\/product\/tr33\/"]}]},{"@type":"ImageObject","inLanguage":"es","@id":"https:\/\/www.sj-gauge.com\/product\/tr33\/#primaryimage","url":"https:\/\/www.sj-gauge.com\/wp-content\/uploads\/2026\/01\/SJ-Gauge-wika-tr33-thermometer-image.jpg","contentUrl":"https:\/\/www.sj-gauge.com\/wp-content\/uploads\/2026\/01\/SJ-Gauge-wika-tr33-thermometer-image.jpg","width":1200,"height":1000},{"@type":"BreadcrumbList","@id":"https:\/\/www.sj-gauge.com\/product\/tr33\/#breadcrumb","itemListElement":[{"@type":"ListItem","position":1,"name":"Home","item":"https:\/\/www.sj-gauge.com\/"},{"@type":"ListItem","position":2,"name":"Products","item":"https:\/\/www.sj-gauge.com\/products\/"},{"@type":"ListItem","position":3,"name":"Miniature resistance thermometer Threaded"}]},{"@type":"WebSite","@id":"https:\/\/www.sj-gauge.com\/#website","url":"https:\/\/www.sj-gauge.com\/","name":"SJ Gauge | Man\u00f3metros, term\u00f3metros y sensores de presi\u00f3n","description":"Fabricante de man\u00f3metros industriales, sensores de presi\u00f3n y transmisores. SJ Gauge ofrece alta precisi\u00f3n, materiales duraderos y soluciones personalizadas para aplicaciones de petr\u00f3leo y gas, qu\u00edmicas e industriales.","publisher":{"@id":"https:\/\/www.sj-gauge.com\/#organization"},"potentialAction":[{"@type":"SearchAction","target":{"@type":"EntryPoint","urlTemplate":"https:\/\/www.sj-gauge.com\/?s={search_term_string}"},"query-input":{"@type":"PropertyValueSpecification","valueRequired":true,"valueName":"search_term_string"}}],"inLanguage":"es"},{"@type":"Organization","@id":"https:\/\/www.sj-gauge.com\/#organization","name":"SJ Gauge | Man\u00f3metros, term\u00f3metros y sensores de presi\u00f3n","url":"https:\/\/www.sj-gauge.com\/","logo":{"@type":"ImageObject","inLanguage":"es","@id":"https:\/\/www.sj-gauge.com\/#\/schema\/logo\/image\/","url":"https:\/\/www.sj-gauge.com\/wp-content\/uploads\/2025\/09\/logo.webp","contentUrl":"https:\/\/www.sj-gauge.com\/wp-content\/uploads\/2025\/09\/logo.webp","width":348,"height":184,"caption":"SJ Gauge | Pressure Gauges, Thermometers &amp; Pressure Sensors"},"image":{"@id":"https:\/\/www.sj-gauge.com\/#\/schema\/logo\/image\/"}}]}},"_links":{"self":[{"href":"https:\/\/www.sj-gauge.com\/es\/wp-json\/wp\/v2\/product\/3665","targetHints":{"allow":["GET"]}}],"collection":[{"href":"https:\/\/www.sj-gauge.com\/es\/wp-json\/wp\/v2\/product"}],"about":[{"href":"https:\/\/www.sj-gauge.com\/es\/wp-json\/wp\/v2\/types\/product"}],"wp:featuredmedia":[{"embeddable":true,"href":"https:\/\/www.sj-gauge.com\/es\/wp-json\/wp\/v2\/media\/3667"}],"wp:attachment":[{"href":"https:\/\/www.sj-gauge.com\/es\/wp-json\/wp\/v2\/media?parent=3665"}],"wp:term":[{"taxonomy":"product_brand","embeddable":true,"href":"https:\/\/www.sj-gauge.com\/es\/wp-json\/wp\/v2\/product_brand?post=3665"},{"taxonomy":"product_cat","embeddable":true,"href":"https:\/\/www.sj-gauge.com\/es\/wp-json\/wp\/v2\/product_cat?post=3665"},{"taxonomy":"product_tag","embeddable":true,"href":"https:\/\/www.sj-gauge.com\/es\/wp-json\/wp\/v2\/product_tag?post=3665"}],"curies":[{"name":"wp","href":"https:\/\/api.w.org\/{rel}","templated":true}]}}