{"id":57,"date":"2020-03-13T10:07:44","date_gmt":"2020-03-13T10:07:44","guid":{"rendered":"https:\/\/startersites.io\/blocksy\/modern-shop\/?post_type=product&#038;p=57"},"modified":"2026-04-03T14:05:30","modified_gmt":"2026-04-03T06:05:30","slug":"msdmp305x-dst","status":"publish","type":"product","link":"https:\/\/www.sj-gauge.com\/es\/producto\/msdmp305x-dst\/","title":{"rendered":"Transmisor de presi\u00f3n diferencial inteligente con terminal de aleaci\u00f3n de aluminio"},"content":{"rendered":"<p>Este transmisor de presi\u00f3n cuenta con un sensor de silicio monocristalino totalmente sellado y protecci\u00f3n de sobrecarga de doble diafragma, lo que garantiza una gran precisi\u00f3n y durabilidad a altas presiones. Equipado con un m\u00f3dulo ASIC y SMT, ofrece una transmisi\u00f3n de se\u00f1al estable y resistente a las interferencias. El terminal ligero de aleaci\u00f3n de aluminio ofrece una excelente resistencia a la corrosi\u00f3n. Es ideal para medir la presi\u00f3n diferencial y el nivel de l\u00edquidos, gases y vapor. El producto cuenta con las certificaciones Ex, IEC, CE, RoHS y HART.<\/p>","protected":false},"excerpt":{"rendered":"<ul>\n<li>Transmisor de presi\u00f3n diferencial patentado originalmente con sensor de presi\u00f3n monosilicio totalmente sellado y aislado<\/li>\n<li>La estructura de protecci\u00f3n contra sobrecargas de doble diafragma puede hacer frente f\u00e1cilmente a pruebas de sobrecargas elevadas<\/li>\n<li>M\u00f3dulo de transmisi\u00f3n de se\u00f1ales ASIC y SMT<\/li>\n<li>Fuerte protecci\u00f3n con alta presi\u00f3n est\u00e1tica y alta sobrecarga<\/li>\n<\/ul>","protected":false},"featured_media":1206,"template":"","meta":{"_acf_changed":false},"product_brand":[40],"product_cat":[41,15],"product_tag":[],"class_list":{"0":"post-57","1":"product","2":"type-product","3":"status-publish","4":"has-post-thumbnail","6":"product_brand-sj-gauge","7":"product_cat-pressure-instruments","8":"product_cat-pressure-sensors","10":"first","11":"instock","12":"shipping-taxable","13":"product-type-simple"},"acf":[],"yoast_head":"<!-- This site is optimized with the Yoast SEO Premium plugin v26.7 (Yoast SEO v27.4) - https:\/\/yoast.com\/product\/yoast-seo-premium-wordpress\/ -->\n<title>Smart Differential Pressure Transmitter | Industrial Applications | SJ Gauge<\/title>\n<meta name=\"description\" content=\"MSDMP305X-DST differential pressure transmitter with high-performance monocrystalline silicon sensor, providing accurate and stable measurement for industrial process control and level applications.\" \/>\n<meta name=\"robots\" content=\"index, follow, max-snippet:-1, max-image-preview:large, max-video-preview:-1\" \/>\n<link rel=\"canonical\" href=\"https:\/\/www.sj-gauge.com\/es\/producto\/msdmp305x-dst\/\" \/>\n<meta property=\"og:locale\" content=\"es_ES\" \/>\n<meta property=\"og:type\" content=\"article\" \/>\n<meta property=\"og:title\" content=\"Smart Differential Pressure Transmitter with Aluminum-alloy Terminal\" \/>\n<meta property=\"og:description\" content=\"MSDMP305X-DST differential pressure transmitter with high-performance monocrystalline silicon sensor, providing accurate and stable measurement for industrial process control and level applications.\" \/>\n<meta property=\"og:url\" content=\"https:\/\/www.sj-gauge.com\/es\/producto\/msdmp305x-dst\/\" \/>\n<meta property=\"og:site_name\" content=\"SJ Gauge | Pressure Gauges, Thermometers &amp; Pressure Sensors\" \/>\n<meta property=\"article:modified_time\" content=\"2026-04-03T06:05:30+00:00\" \/>\n<meta property=\"og:image\" content=\"https:\/\/www.sj-gauge.com\/wp-content\/uploads\/2020\/03\/SJ-Gauge_Smart_DP-Transmitter_with_Aluminum-alloy_terminal_L1.webp\" \/>\n\t<meta property=\"og:image:width\" content=\"1200\" \/>\n\t<meta property=\"og:image:height\" content=\"1000\" \/>\n\t<meta property=\"og:image:type\" content=\"image\/webp\" \/>\n<meta name=\"twitter:card\" content=\"summary_large_image\" \/>\n<meta name=\"twitter:label1\" content=\"Tiempo de lectura\" \/>\n\t<meta name=\"twitter:data1\" content=\"1 minuto\" \/>\n<script type=\"application\/ld+json\" class=\"yoast-schema-graph\">{\"@context\":\"https:\\\/\\\/schema.org\",\"@graph\":[{\"@type\":\"WebPage\",\"@id\":\"https:\\\/\\\/www.sj-gauge.com\\\/product\\\/msdmp305x-dst\\\/\",\"url\":\"https:\\\/\\\/www.sj-gauge.com\\\/product\\\/msdmp305x-dst\\\/\",\"name\":\"Smart Differential Pressure Transmitter | Industrial Applications | SJ Gauge\",\"isPartOf\":{\"@id\":\"https:\\\/\\\/www.sj-gauge.com\\\/#website\"},\"primaryImageOfPage\":{\"@id\":\"https:\\\/\\\/www.sj-gauge.com\\\/product\\\/msdmp305x-dst\\\/#primaryimage\"},\"image\":{\"@id\":\"https:\\\/\\\/www.sj-gauge.com\\\/product\\\/msdmp305x-dst\\\/#primaryimage\"},\"thumbnailUrl\":\"https:\\\/\\\/www.sj-gauge.com\\\/wp-content\\\/uploads\\\/2020\\\/03\\\/SJ-Gauge_Smart_DP-Transmitter_with_Aluminum-alloy_terminal_L1.webp\",\"datePublished\":\"2020-03-13T10:07:44+00:00\",\"dateModified\":\"2026-04-03T06:05:30+00:00\",\"description\":\"MSDMP305X-DST differential pressure transmitter with high-performance monocrystalline silicon sensor, providing accurate and stable measurement for industrial process control and level applications.\",\"breadcrumb\":{\"@id\":\"https:\\\/\\\/www.sj-gauge.com\\\/product\\\/msdmp305x-dst\\\/#breadcrumb\"},\"inLanguage\":\"es\",\"potentialAction\":[{\"@type\":\"ReadAction\",\"target\":[\"https:\\\/\\\/www.sj-gauge.com\\\/product\\\/msdmp305x-dst\\\/\"]}]},{\"@type\":\"ImageObject\",\"inLanguage\":\"es\",\"@id\":\"https:\\\/\\\/www.sj-gauge.com\\\/product\\\/msdmp305x-dst\\\/#primaryimage\",\"url\":\"https:\\\/\\\/www.sj-gauge.com\\\/wp-content\\\/uploads\\\/2020\\\/03\\\/SJ-Gauge_Smart_DP-Transmitter_with_Aluminum-alloy_terminal_L1.webp\",\"contentUrl\":\"https:\\\/\\\/www.sj-gauge.com\\\/wp-content\\\/uploads\\\/2020\\\/03\\\/SJ-Gauge_Smart_DP-Transmitter_with_Aluminum-alloy_terminal_L1.webp\",\"width\":1200,\"height\":1000},{\"@type\":\"BreadcrumbList\",\"@id\":\"https:\\\/\\\/www.sj-gauge.com\\\/product\\\/msdmp305x-dst\\\/#breadcrumb\",\"itemListElement\":[{\"@type\":\"ListItem\",\"position\":1,\"name\":\"Home\",\"item\":\"https:\\\/\\\/www.sj-gauge.com\\\/\"},{\"@type\":\"ListItem\",\"position\":2,\"name\":\"Products\",\"item\":\"https:\\\/\\\/www.sj-gauge.com\\\/products\\\/\"},{\"@type\":\"ListItem\",\"position\":3,\"name\":\"Smart Differential Pressure Transmitter with Aluminum-alloy Terminal\"}]},{\"@type\":\"WebSite\",\"@id\":\"https:\\\/\\\/www.sj-gauge.com\\\/#website\",\"url\":\"https:\\\/\\\/www.sj-gauge.com\\\/\",\"name\":\"SJ Gauge | Pressure Gauges, Thermometers &amp; Pressure Sensors\",\"description\":\"Manufacturer of industrial pressure gauges, pressure sensors, and transmitters. SJ Gauge provides high accuracy, durable materials, and custom solutions for oil &amp; gas, chemical, and industrial applications.\",\"publisher\":{\"@id\":\"https:\\\/\\\/www.sj-gauge.com\\\/#organization\"},\"potentialAction\":[{\"@type\":\"SearchAction\",\"target\":{\"@type\":\"EntryPoint\",\"urlTemplate\":\"https:\\\/\\\/www.sj-gauge.com\\\/?s={search_term_string}\"},\"query-input\":{\"@type\":\"PropertyValueSpecification\",\"valueRequired\":true,\"valueName\":\"search_term_string\"}}],\"inLanguage\":\"es\"},{\"@type\":\"Organization\",\"@id\":\"https:\\\/\\\/www.sj-gauge.com\\\/#organization\",\"name\":\"SJ Gauge | Pressure Gauges, Thermometers &amp; Pressure Sensors\",\"url\":\"https:\\\/\\\/www.sj-gauge.com\\\/\",\"logo\":{\"@type\":\"ImageObject\",\"inLanguage\":\"es\",\"@id\":\"https:\\\/\\\/www.sj-gauge.com\\\/#\\\/schema\\\/logo\\\/image\\\/\",\"url\":\"https:\\\/\\\/www.sj-gauge.com\\\/wp-content\\\/uploads\\\/2025\\\/09\\\/logo.webp\",\"contentUrl\":\"https:\\\/\\\/www.sj-gauge.com\\\/wp-content\\\/uploads\\\/2025\\\/09\\\/logo.webp\",\"width\":348,\"height\":184,\"caption\":\"SJ Gauge | Pressure Gauges, Thermometers &amp; Pressure Sensors\"},\"image\":{\"@id\":\"https:\\\/\\\/www.sj-gauge.com\\\/#\\\/schema\\\/logo\\\/image\\\/\"}}]}<\/script>\n<!-- \/ Yoast SEO Premium plugin. -->","yoast_head_json":{"title":"Transmisor de presi\u00f3n diferencial inteligente | Aplicaciones industriales | SJ Gauge","description":"Transmisor de presi\u00f3n diferencial MSDMP305X-DST con sensor de silicio monocristalino de alto rendimiento, que proporciona una medici\u00f3n precisa y estable para aplicaciones de control de procesos industriales y de nivel.","robots":{"index":"index","follow":"follow","max-snippet":"max-snippet:-1","max-image-preview":"max-image-preview:large","max-video-preview":"max-video-preview:-1"},"canonical":"https:\/\/www.sj-gauge.com\/es\/producto\/msdmp305x-dst\/","og_locale":"es_ES","og_type":"article","og_title":"Smart Differential Pressure Transmitter with Aluminum-alloy Terminal","og_description":"MSDMP305X-DST differential pressure transmitter with high-performance monocrystalline silicon sensor, providing accurate and stable measurement for industrial process control and level applications.","og_url":"https:\/\/www.sj-gauge.com\/es\/producto\/msdmp305x-dst\/","og_site_name":"SJ Gauge | Pressure Gauges, Thermometers &amp; Pressure Sensors","article_modified_time":"2026-04-03T06:05:30+00:00","og_image":[{"width":1200,"height":1000,"url":"https:\/\/www.sj-gauge.com\/wp-content\/uploads\/2020\/03\/SJ-Gauge_Smart_DP-Transmitter_with_Aluminum-alloy_terminal_L1.webp","type":"image\/webp"}],"twitter_card":"summary_large_image","twitter_misc":{"Tiempo de lectura":"1 minuto"},"schema":{"@context":"https:\/\/schema.org","@graph":[{"@type":"WebPage","@id":"https:\/\/www.sj-gauge.com\/product\/msdmp305x-dst\/","url":"https:\/\/www.sj-gauge.com\/product\/msdmp305x-dst\/","name":"Transmisor de presi\u00f3n diferencial inteligente | Aplicaciones industriales | SJ Gauge","isPartOf":{"@id":"https:\/\/www.sj-gauge.com\/#website"},"primaryImageOfPage":{"@id":"https:\/\/www.sj-gauge.com\/product\/msdmp305x-dst\/#primaryimage"},"image":{"@id":"https:\/\/www.sj-gauge.com\/product\/msdmp305x-dst\/#primaryimage"},"thumbnailUrl":"https:\/\/www.sj-gauge.com\/wp-content\/uploads\/2020\/03\/SJ-Gauge_Smart_DP-Transmitter_with_Aluminum-alloy_terminal_L1.webp","datePublished":"2020-03-13T10:07:44+00:00","dateModified":"2026-04-03T06:05:30+00:00","description":"Transmisor de presi\u00f3n diferencial MSDMP305X-DST con sensor de silicio monocristalino de alto rendimiento, que proporciona una medici\u00f3n precisa y estable para aplicaciones de control de procesos industriales y de nivel.","breadcrumb":{"@id":"https:\/\/www.sj-gauge.com\/product\/msdmp305x-dst\/#breadcrumb"},"inLanguage":"es","potentialAction":[{"@type":"ReadAction","target":["https:\/\/www.sj-gauge.com\/product\/msdmp305x-dst\/"]}]},{"@type":"ImageObject","inLanguage":"es","@id":"https:\/\/www.sj-gauge.com\/product\/msdmp305x-dst\/#primaryimage","url":"https:\/\/www.sj-gauge.com\/wp-content\/uploads\/2020\/03\/SJ-Gauge_Smart_DP-Transmitter_with_Aluminum-alloy_terminal_L1.webp","contentUrl":"https:\/\/www.sj-gauge.com\/wp-content\/uploads\/2020\/03\/SJ-Gauge_Smart_DP-Transmitter_with_Aluminum-alloy_terminal_L1.webp","width":1200,"height":1000},{"@type":"BreadcrumbList","@id":"https:\/\/www.sj-gauge.com\/product\/msdmp305x-dst\/#breadcrumb","itemListElement":[{"@type":"ListItem","position":1,"name":"Home","item":"https:\/\/www.sj-gauge.com\/"},{"@type":"ListItem","position":2,"name":"Products","item":"https:\/\/www.sj-gauge.com\/products\/"},{"@type":"ListItem","position":3,"name":"Smart Differential Pressure Transmitter with Aluminum-alloy Terminal"}]},{"@type":"WebSite","@id":"https:\/\/www.sj-gauge.com\/#website","url":"https:\/\/www.sj-gauge.com\/","name":"SJ Gauge | Man\u00f3metros, term\u00f3metros y sensores de presi\u00f3n","description":"Fabricante de man\u00f3metros industriales, sensores de presi\u00f3n y transmisores. SJ Gauge ofrece alta precisi\u00f3n, materiales duraderos y soluciones personalizadas para aplicaciones de petr\u00f3leo y gas, qu\u00edmicas e industriales.","publisher":{"@id":"https:\/\/www.sj-gauge.com\/#organization"},"potentialAction":[{"@type":"SearchAction","target":{"@type":"EntryPoint","urlTemplate":"https:\/\/www.sj-gauge.com\/?s={search_term_string}"},"query-input":{"@type":"PropertyValueSpecification","valueRequired":true,"valueName":"search_term_string"}}],"inLanguage":"es"},{"@type":"Organization","@id":"https:\/\/www.sj-gauge.com\/#organization","name":"SJ Gauge | Man\u00f3metros, term\u00f3metros y sensores de presi\u00f3n","url":"https:\/\/www.sj-gauge.com\/","logo":{"@type":"ImageObject","inLanguage":"es","@id":"https:\/\/www.sj-gauge.com\/#\/schema\/logo\/image\/","url":"https:\/\/www.sj-gauge.com\/wp-content\/uploads\/2025\/09\/logo.webp","contentUrl":"https:\/\/www.sj-gauge.com\/wp-content\/uploads\/2025\/09\/logo.webp","width":348,"height":184,"caption":"SJ Gauge | Pressure Gauges, Thermometers &amp; Pressure Sensors"},"image":{"@id":"https:\/\/www.sj-gauge.com\/#\/schema\/logo\/image\/"}}]}},"_links":{"self":[{"href":"https:\/\/www.sj-gauge.com\/es\/wp-json\/wp\/v2\/product\/57","targetHints":{"allow":["GET"]}}],"collection":[{"href":"https:\/\/www.sj-gauge.com\/es\/wp-json\/wp\/v2\/product"}],"about":[{"href":"https:\/\/www.sj-gauge.com\/es\/wp-json\/wp\/v2\/types\/product"}],"wp:featuredmedia":[{"embeddable":true,"href":"https:\/\/www.sj-gauge.com\/es\/wp-json\/wp\/v2\/media\/1206"}],"wp:attachment":[{"href":"https:\/\/www.sj-gauge.com\/es\/wp-json\/wp\/v2\/media?parent=57"}],"wp:term":[{"taxonomy":"product_brand","embeddable":true,"href":"https:\/\/www.sj-gauge.com\/es\/wp-json\/wp\/v2\/product_brand?post=57"},{"taxonomy":"product_cat","embeddable":true,"href":"https:\/\/www.sj-gauge.com\/es\/wp-json\/wp\/v2\/product_cat?post=57"},{"taxonomy":"product_tag","embeddable":true,"href":"https:\/\/www.sj-gauge.com\/es\/wp-json\/wp\/v2\/product_tag?post=57"}],"curies":[{"name":"wp","href":"https:\/\/api.w.org\/{rel}","templated":true}]}}