{"id":3,"date":"2025-09-12T10:22:19","date_gmt":"2025-09-12T02:22:19","guid":{"rendered":"http:\/\/sj-gauge.com\/?page_id=3"},"modified":"2025-10-28T11:26:30","modified_gmt":"2025-10-28T03:26:30","slug":"privacy-policy","status":"publish","type":"page","link":"https:\/\/www.sj-gauge.com\/vi\/privacy-policy\/","title":{"rendered":"Ch\u00ednh s\u00e1ch b\u1ea3o m\u1eadt"},"content":{"rendered":"<p>Vui l\u00f2ng \u0111\u1ecdc v\u00e0 hi\u1ec3u k\u1ef9 c\u00e1c n\u1ed9i dung sau \u0111\u00e2y tr\u01b0\u1edbc khi s\u1eed d\u1ee5ng trang web n\u00e0y. N\u1ed9i dung c\u00f3 th\u1ec3 thay \u0111\u1ed5i b\u1ea5t c\u1ee9 l\u00fac n\u00e0o m\u00e0 kh\u00f4ng c\u1ea7n th\u00f4ng b\u00e1o tr\u01b0\u1edbc.<br>Ch\u00ednh s\u00e1ch B\u1ea3o m\u1eadt n\u00e0y ch\u1ec9 \u00e1p d\u1ee5ng cho c\u00e1c ho\u1ea1t \u0111\u1ed9ng tr\u1ef1c tuy\u1ebfn c\u1ee7a ch\u00fang t\u00f4i v\u00e0 c\u00f3 hi\u1ec7u l\u1ef1c \u0111\u1ed1i v\u1edbi kh\u00e1ch truy c\u1eadp trang web c\u1ee7a ch\u00fang t\u00f4i li\u00ean quan \u0111\u1ebfn th\u00f4ng tin m\u00e0 h\u1ecd \u0111\u00e3 chia s\u1ebb ho\u1eb7c thu th\u1eadp trong \u300cSJ Gauge\u300d.<br>Ch\u00ednh s\u00e1ch n\u00e0y kh\u00f4ng \u00e1p d\u1ee5ng cho b\u1ea5t k\u1ef3 th\u00f4ng tin n\u00e0o \u0111\u01b0\u1ee3c thu th\u1eadp ngo\u1ea1i tuy\u1ebfn ho\u1eb7c qua c\u00e1c k\u00eanh kh\u00e1c ngo\u00e0i trang web n\u00e0y.<\/p>\n\n\n\n<h2 class=\"wp-block-heading\"><span class=\"ez-toc-section\" id=\"consent\"><\/span>S\u1ef1 \u0111\u1ed3ng \u00fd<span class=\"ez-toc-section-end\"><\/span><\/h2>\n\n\n\n<p>B\u1eb1ng c\u00e1ch s\u1eed d\u1ee5ng trang web c\u1ee7a ch\u00fang t\u00f4i, b\u1ea1n \u0111\u1ed3ng \u00fd v\u1edbi Ch\u00ednh s\u00e1ch B\u1ea3o m\u1eadt c\u1ee7a ch\u00fang t\u00f4i v\u00e0 ch\u1ea5p nh\u1eadn c\u00e1c \u0111i\u1ec1u kho\u1ea3n c\u1ee7a n\u00f3.<\/p>\n\n\n\n<h2 class=\"wp-block-heading\"><span class=\"ez-toc-section\" id=\"cookies\"><\/span>B\u00e1nh quy<span class=\"ez-toc-section-end\"><\/span><\/h2>\n\n\n\n<ul class=\"wp-block-list\">\n<li>Cookies \u0111\u01b0\u1ee3c s\u1eed d\u1ee5ng \u0111\u1ec3 cung c\u1ea5p cho h\u1ec7 th\u1ed1ng c\u1ee7a ch\u00fang t\u00f4i th\u00f4ng tin c\u01a1 b\u1ea3n c\u1ea7n thi\u1ebft \u0111\u1ec3 cung c\u1ea5p c\u00e1c d\u1ecbch v\u1ee5 m\u00e0 b\u1ea1n y\u00eau c\u1ea7u.<\/li>\n\n\n\n<li>B\u1ea1n c\u00f3 th\u1ec3 x\u00f3a cookie b\u1ea5t c\u1ee9 l\u00fac n\u00e0o t\u1eeb c\u00e0i \u0111\u1eb7t tr\u00ecnh duy\u1ec7t internet c\u1ee7a m\u00ecnh.<\/li>\n<\/ul>\n\n\n\n<h2 class=\"wp-block-heading\"><span class=\"ez-toc-section\" id=\"information-we-collect\"><\/span>Th\u00f4ng tin ch\u00fang t\u00f4i thu th\u1eadp<span class=\"ez-toc-section-end\"><\/span><\/h2>\n\n\n\n<p>Khi b\u1ea1n s\u1eed d\u1ee5ng trang web c\u1ee7a ch\u00fang t\u00f4i, ch\u00fang t\u00f4i thu th\u1eadp th\u00f4ng tin v\u1ec1 c\u00e1c d\u1ecbch v\u1ee5 b\u1ea1n s\u1eed d\u1ee5ng v\u00e0 c\u00e1ch b\u1ea1n s\u1eed d\u1ee5ng ch\u00fang. Ch\u00fang t\u00f4i x\u1eed l\u00fd th\u00f4ng tin n\u00e0y cho c\u00e1c ho\u1ea1t \u0111\u1ed9ng v\u00e0 c\u01a1 s\u1edf ph\u00e1p l\u00fd \u0111\u01b0\u1ee3c m\u00f4 t\u1ea3 d\u01b0\u1edbi \u0111\u00e2y.<\/p>\n\n\n\n<h2 class=\"wp-block-heading\"><span class=\"ez-toc-section\" id=\"how-we-use-your-information\"><\/span>C\u00e1ch ch\u00fang t\u00f4i s\u1eed d\u1ee5ng th\u00f4ng tin c\u1ee7a b\u1ea1n<span class=\"ez-toc-section-end\"><\/span><\/h2>\n\n\n\n<p>Ch\u00fang t\u00f4i s\u1eed d\u1ee5ng th\u00f4ng tin m\u00e0 ch\u00fang t\u00f4i thu th\u1eadp theo nhi\u1ec1u c\u00e1ch kh\u00e1c nhau, bao g\u1ed3m \u0111\u1ec3:<\/p>\n\n\n\n<ul class=\"wp-block-list\">\n<li>Cung c\u1ea5p, v\u1eadn h\u00e0nh v\u00e0 b\u1ea3o tr\u00ec trang web c\u1ee7a ch\u00fang t\u00f4i.<\/li>\n\n\n\n<li>C\u1ea3i thi\u1ec7n, c\u00e1 nh\u00e2n h\u00f3a v\u00e0 m\u1edf r\u1ed9ng trang web c\u1ee7a ch\u00fang t\u00f4i.<\/li>\n\n\n\n<li>Hi\u1ec3u v\u00e0 ph\u00e2n t\u00edch c\u00e1ch b\u1ea1n s\u1eed d\u1ee5ng trang web c\u1ee7a ch\u00fang t\u00f4i.<\/li>\n\n\n\n<li>Ph\u00e1t tri\u1ec3n c\u00e1c s\u1ea3n ph\u1ea9m, d\u1ecbch v\u1ee5, t\u00ednh n\u0103ng v\u00e0 ch\u1ee9c n\u0103ng m\u1edbi.<\/li>\n\n\n\n<li>Li\u00ean h\u1ec7 v\u1edbi b\u1ea1n, ho\u1eb7c tr\u1ef1c ti\u1ebfp ho\u1eb7c th\u00f4ng qua m\u1ed9t trong c\u00e1c \u0111\u1ed1i t\u00e1c c\u1ee7a ch\u00fang t\u00f4i, bao g\u1ed3m \u0111\u1ec3 h\u1ed7 tr\u1ee3 kh\u00e1ch h\u00e0ng, cung c\u1ea5p cho b\u1ea1n c\u00e1c c\u1eadp nh\u1eadt v\u00e0 th\u00f4ng tin kh\u00e1c li\u00ean quan \u0111\u1ebfn trang web, c\u0169ng nh\u01b0 cho m\u1ee5c \u0111\u00edch ti\u1ebfp th\u1ecb v\u00e0 qu\u1ea3ng c\u00e1o.<\/li>\n\n\n\n<li>G\u1eedi email cho b\u1ea1n.<\/li>\n\n\n\n<li>Ph\u00e1t hi\u1ec7n v\u00e0 ng\u0103n ch\u1eb7n gian l\u1eadn.<\/li>\n<\/ul>\n\n\n\n<h2 class=\"wp-block-heading\"><span class=\"ez-toc-section\" id=\"google-analytics\"><\/span>Google Analytics<span class=\"ez-toc-section-end\"><\/span><\/h2>\n\n\n\n<p>Khi kh\u00e1ch h\u00e0ng truy c\u1eadp v\u00e0o Danoe Textiles Co., Ltd., ch\u00fang t\u00f4i s\u1eed d\u1ee5ng d\u1ecbch v\u1ee5 c\u1ee7a b\u00ean th\u1ee9 ba, Google Analytics, \u0111\u1ec3 thu th\u1eadp th\u00f4ng tin nh\u1eadt k\u00fd internet ti\u00eau chu\u1ea9n v\u00e0 chi ti\u1ebft v\u1ec1 m\u1eabu h\u00e0nh vi c\u1ee7a kh\u00e1ch truy c\u1eadp. Ch\u00fang t\u00f4i th\u1ef1c hi\u1ec7n \u0111i\u1ec1u n\u00e0y \u0111\u1ec3 theo d\u00f5i c\u00e1c th\u00f4ng tin nh\u01b0 s\u1ed1 l\u01b0\u1ee3ng kh\u00e1ch truy c\u1eadp v\u00e0o c\u00e1c ph\u1ea7n kh\u00e1c nhau c\u1ee7a trang web v\u00e0 t\u01b0\u01a1ng t\u00e1c v\u1edbi trang web. Th\u00f4ng tin n\u00e0y \u0111\u01b0\u1ee3c x\u1eed l\u00fd theo c\u00e1ch kh\u00f4ng x\u00e1c \u0111\u1ecbnh danh t\u00ednh c\u1ee7a b\u1ea5t k\u1ef3 ai. Ch\u00fang t\u00f4i kh\u00f4ng th\u1ef1c hi\u1ec7n, v\u00e0 kh\u00f4ng cho ph\u00e9p Google th\u1ef1c hi\u1ec7n, b\u1ea5t k\u1ef3 n\u1ed7 l\u1ef1c n\u00e0o \u0111\u1ec3 x\u00e1c \u0111\u1ecbnh danh t\u00ednh c\u1ee7a kh\u00e1ch truy c\u1eadp v\u00e0o trang web c\u1ee7a ch\u00fang t\u00f4i.<\/p>\n\n\n\n<h2 class=\"wp-block-heading\"><span class=\"ez-toc-section\" id=\"log-files\"><\/span>T\u1ec7p nh\u1eadt k\u00fd<span class=\"ez-toc-section-end\"><\/span><\/h2>\n\n\n\n<p>\u300cSJ Gauge\u300d tu\u00e2n theo quy tr\u00ecnh ti\u00eau chu\u1ea9n trong vi\u1ec7c s\u1eed d\u1ee5ng t\u1ec7p nh\u1eadt k\u00fd. C\u00e1c t\u1ec7p n\u00e0y ghi l\u1ea1i th\u00f4ng tin c\u1ee7a ng\u01b0\u1eddi truy c\u1eadp khi h\u1ecd truy c\u1eadp v\u00e0o c\u00e1c trang web. Th\u00f4ng tin \u0111\u01b0\u1ee3c thu th\u1eadp b\u1edfi c\u00e1c t\u1ec7p nh\u1eadt k\u00fd bao g\u1ed3m \u0111\u1ecba ch\u1ec9 giao th\u1ee9c internet (IP), lo\u1ea1i tr\u00ecnh duy\u1ec7t, nh\u00e0 cung c\u1ea5p d\u1ecbch v\u1ee5 internet (ISP), d\u1ea5u th\u1eddi gian, trang gi\u1edbi thi\u1ec7u\/tho\u00e1t, v\u00e0 c\u00f3 th\u1ec3 l\u00e0 s\u1ed1 l\u1ea7n nh\u1ea5p chu\u1ed9t. Nh\u1eefng th\u00f4ng tin n\u00e0y kh\u00f4ng \u0111\u01b0\u1ee3c li\u00ean k\u1ebft v\u1edbi b\u1ea5t k\u1ef3 th\u00f4ng tin c\u00e1 nh\u00e2n n\u00e0o. M\u1ee5c \u0111\u00edch c\u1ee7a th\u00f4ng tin n\u00e0y l\u00e0 \u0111\u1ec3 ph\u00e2n t\u00edch xu h\u01b0\u1edbng, qu\u1ea3n tr\u1ecb trang web, theo d\u00f5i ho\u1ea1t \u0111\u1ed9ng c\u1ee7a ng\u01b0\u1eddi d\u00f9ng tr\u00ean trang web v\u00e0 thu th\u1eadp th\u00f4ng tin nh\u00e2n kh\u1ea9u h\u1ecdc.<\/p>\n\n\n\n<h2 class=\"wp-block-heading\"><span class=\"ez-toc-section\" id=\"third-party-privacy-policies\"><\/span>Ch\u00ednh s\u00e1ch b\u1ea3o m\u1eadt c\u1ee7a b\u00ean th\u1ee9 ba<span class=\"ez-toc-section-end\"><\/span><\/h2>\n\n\n\n<p>Ch\u00ednh s\u00e1ch B\u1ea3o m\u1eadt c\u1ee7a \u300cSJ Gauge\u300d kh\u00f4ng \u00e1p d\u1ee5ng cho c\u00e1c nh\u00e0 qu\u1ea3ng c\u00e1o ho\u1eb7c trang web kh\u00e1c. Do \u0111\u00f3, ch\u00fang t\u00f4i khuy\u00ean b\u1ea1n n\u00ean tham kh\u1ea3o Ch\u00ednh s\u00e1ch B\u1ea3o m\u1eadt c\u1ee7a c\u00e1c m\u00e1y ch\u1ee7 qu\u1ea3ng c\u00e1o b\u00ean th\u1ee9 ba n\u00e0y \u0111\u1ec3 c\u00f3 th\u00f4ng tin chi ti\u1ebft h\u01a1n. \u0110i\u1ec1u n\u00e0y c\u00f3 th\u1ec3 bao g\u1ed3m c\u00e1c quy \u0111\u1ecbnh v\u00e0 h\u01b0\u1edbng d\u1eabn c\u1ee7a h\u1ecd v\u1ec1 c\u00e1ch t\u1eeb ch\u1ed1i tham gia v\u00e0o m\u1ed9t s\u1ed1 t\u00f9y ch\u1ecdn nh\u1ea5t \u0111\u1ecbnh.<br>B\u1ea1n c\u00f3 th\u1ec3 t\u1eaft cookie th\u00f4ng qua c\u00e1c t\u00f9y ch\u1ecdn tr\u00ecnh duy\u1ec7t c\u00e1 nh\u00e2n c\u1ee7a m\u00ecnh. \u0110\u1ec3 bi\u1ebft th\u00eam th\u00f4ng tin chi ti\u1ebft v\u1ec1 qu\u1ea3n l\u00fd cookie v\u1edbi c\u00e1c tr\u00ecnh duy\u1ec7t web c\u1ee5 th\u1ec3, b\u1ea1n c\u00f3 th\u1ec3 tham kh\u1ea3o t\u1ea1i trang web ch\u00ednh th\u1ee9c c\u1ee7a t\u1eebng tr\u00ecnh duy\u1ec7t.<\/p>\n\n\n\n<h2 class=\"wp-block-heading\"><span class=\"ez-toc-section\" id=\"changes-to-our-privacy-policy\"><\/span>Thay \u0111\u1ed5i trong Ch\u00ednh s\u00e1ch B\u1ea3o m\u1eadt c\u1ee7a ch\u00fang t\u00f4i<span class=\"ez-toc-section-end\"><\/span><\/h2>\n\n\n\n<p>Ch\u00fang t\u00f4i c\u00f3 th\u1ec3 th\u1ef1c hi\u1ec7n c\u00e1c thay \u0111\u1ed5i \u0111\u1ed1i v\u1edbi Ch\u00ednh s\u00e1ch B\u1ea3o m\u1eadt c\u1ee7a m\u00ecnh trong t\u01b0\u01a1ng lai. Tuy nhi\u00ean, phi\u00ean b\u1ea3n m\u1edbi nh\u1ea5t c\u1ee7a ch\u00ednh s\u00e1ch n\u00e0y s\u1ebd \u00e1p d\u1ee5ng cho vi\u1ec7c x\u1eed l\u00fd d\u1eef li\u1ec7u c\u00e1 nh\u00e2n c\u1ee7a b\u1ea1n v\u00e0 lu\u00f4n s\u1eb5n s\u00e0ng cho b\u1ea1n truy c\u1eadp.<br>B\u1eb1ng c\u00e1ch ti\u1ebfp t\u1ee5c truy c\u1eadp ho\u1eb7c s\u1eed d\u1ee5ng d\u1ecbch v\u1ee5 c\u1ee7a ch\u00fang t\u00f4i, b\u1ea1n \u0111\u1ed3ng \u00fd tu\u00e2n th\u1ee7 c\u00e1c \u0111i\u1ec1u kho\u1ea3n c\u1ee7a Ch\u00ednh s\u00e1ch B\u1ea3o m\u1eadt c\u1ee7a ch\u00fang t\u00f4i.<\/p>\n\n\n\n<p><\/p>","protected":false},"excerpt":{"rendered":"<p>Vui l\u00f2ng \u0111\u1ecdc v\u00e0 hi\u1ec3u r\u00f5 c\u00e1c n\u1ed9i dung sau \u0111\u00e2y tr\u01b0\u1edbc khi s\u1eed d\u1ee5ng trang web n\u00e0y. N\u1ed9i dung c\u00f3 th\u1ec3 thay \u0111\u1ed5i b\u1ea5t c\u1ee9 l\u00fac n\u00e0o m\u00e0 kh\u00f4ng c\u1ea7n th\u00f4ng b\u00e1o tr\u01b0\u1edbc. Ch\u00ednh s\u00e1ch B\u1ea3o m\u1eadt n\u00e0y ch\u1ec9 \u00e1p d\u1ee5ng cho c\u00e1c ho\u1ea1t \u0111\u1ed9ng tr\u1ef1c tuy\u1ebfn c\u1ee7a ch\u00fang t\u00f4i v\u00e0 c\u00f3 hi\u1ec7u l\u1ef1c \u0111\u1ed1i v\u1edbi kh\u00e1ch truy c\u1eadp trang web c\u1ee7a ch\u00fang t\u00f4i li\u00ean quan \u0111\u1ebfn th\u00f4ng tin m\u00e0 h\u1ecd \u0111\u00e3 chia s\u1ebb ho\u1eb7c thu th\u1eadp trong \u300cSJ Gauge\u300d. Ch\u00ednh s\u00e1ch n\u00e0y kh\u00f4ng \u00e1p d\u1ee5ng cho b\u1ea5t k\u1ef3 th\u00f4ng tin n\u00e0o [\u2026]<\/p>","protected":false},"author":1,"featured_media":0,"parent":0,"menu_order":0,"comment_status":"closed","ping_status":"open","template":"","meta":{"_acf_changed":false,"footnotes":""},"class_list":["post-3","page","type-page","status-publish","hentry"],"blocksy_meta":[],"acf":[],"yoast_head":"<!-- This site is optimized with the Yoast SEO Premium plugin v26.7 (Yoast SEO v27.4) - https:\/\/yoast.com\/product\/yoast-seo-premium-wordpress\/ -->\n<title>Privacy Policy - SJ Gauge | Pressure Gauges, Thermometers &amp; Pressure Sensors<\/title>\n<meta name=\"robots\" content=\"index, follow, max-snippet:-1, max-image-preview:large, max-video-preview:-1\" \/>\n<link rel=\"canonical\" href=\"https:\/\/www.sj-gauge.com\/vi\/privacy-policy\/\" \/>\n<meta property=\"og:locale\" content=\"vi_VN\" \/>\n<meta property=\"og:type\" content=\"article\" \/>\n<meta property=\"og:title\" content=\"Privacy Policy\" \/>\n<meta property=\"og:description\" content=\"Please read and understand the following before using this site. The contents may change at any time without notice.This Privacy Policy applies only to our online activities and is valid for visitors to our website with regards to the information that they shared or collected in \u300cSJ Gauge\u300d.This policy is not applicable to any information [&hellip;]\" \/>\n<meta property=\"og:url\" content=\"https:\/\/www.sj-gauge.com\/vi\/privacy-policy\/\" \/>\n<meta property=\"og:site_name\" content=\"SJ Gauge | Pressure Gauges, Thermometers &amp; Pressure Sensors\" \/>\n<meta property=\"article:modified_time\" content=\"2025-10-28T03:26:30+00:00\" \/>\n<meta name=\"twitter:card\" content=\"summary_large_image\" \/>\n<meta name=\"twitter:label1\" content=\"\u01af\u1edbc t\u00ednh th\u1eddi gian \u0111\u1ecdc\" \/>\n\t<meta name=\"twitter:data1\" content=\"3 ph\u00fat\" \/>\n<script type=\"application\/ld+json\" class=\"yoast-schema-graph\">{\"@context\":\"https:\\\/\\\/schema.org\",\"@graph\":[{\"@type\":\"WebPage\",\"@id\":\"https:\\\/\\\/www.sj-gauge.com\\\/privacy-policy\\\/\",\"url\":\"https:\\\/\\\/www.sj-gauge.com\\\/privacy-policy\\\/\",\"name\":\"Privacy Policy - SJ Gauge | Pressure Gauges, Thermometers &amp; Pressure Sensors\",\"isPartOf\":{\"@id\":\"https:\\\/\\\/www.sj-gauge.com\\\/#website\"},\"datePublished\":\"2025-09-12T02:22:19+00:00\",\"dateModified\":\"2025-10-28T03:26:30+00:00\",\"breadcrumb\":{\"@id\":\"https:\\\/\\\/www.sj-gauge.com\\\/privacy-policy\\\/#breadcrumb\"},\"inLanguage\":\"vi\",\"potentialAction\":[{\"@type\":\"ReadAction\",\"target\":[\"https:\\\/\\\/www.sj-gauge.com\\\/privacy-policy\\\/\"]}]},{\"@type\":\"BreadcrumbList\",\"@id\":\"https:\\\/\\\/www.sj-gauge.com\\\/privacy-policy\\\/#breadcrumb\",\"itemListElement\":[{\"@type\":\"ListItem\",\"position\":1,\"name\":\"Home\",\"item\":\"https:\\\/\\\/www.sj-gauge.com\\\/\"},{\"@type\":\"ListItem\",\"position\":2,\"name\":\"Privacy Policy\"}]},{\"@type\":\"WebSite\",\"@id\":\"https:\\\/\\\/www.sj-gauge.com\\\/#website\",\"url\":\"https:\\\/\\\/www.sj-gauge.com\\\/\",\"name\":\"SJ Gauge | Pressure Gauges, Thermometers &amp; Pressure Sensors\",\"description\":\"Manufacturer of industrial pressure gauges, pressure sensors, and transmitters. SJ Gauge provides high accuracy, durable materials, and custom solutions for oil &amp; gas, chemical, and industrial applications.\",\"publisher\":{\"@id\":\"https:\\\/\\\/www.sj-gauge.com\\\/#organization\"},\"potentialAction\":[{\"@type\":\"SearchAction\",\"target\":{\"@type\":\"EntryPoint\",\"urlTemplate\":\"https:\\\/\\\/www.sj-gauge.com\\\/?s={search_term_string}\"},\"query-input\":{\"@type\":\"PropertyValueSpecification\",\"valueRequired\":true,\"valueName\":\"search_term_string\"}}],\"inLanguage\":\"vi\"},{\"@type\":\"Organization\",\"@id\":\"https:\\\/\\\/www.sj-gauge.com\\\/#organization\",\"name\":\"SJ Gauge | Pressure Gauges, Thermometers &amp; Pressure Sensors\",\"url\":\"https:\\\/\\\/www.sj-gauge.com\\\/\",\"logo\":{\"@type\":\"ImageObject\",\"inLanguage\":\"vi\",\"@id\":\"https:\\\/\\\/www.sj-gauge.com\\\/#\\\/schema\\\/logo\\\/image\\\/\",\"url\":\"https:\\\/\\\/www.sj-gauge.com\\\/wp-content\\\/uploads\\\/2025\\\/09\\\/logo.webp\",\"contentUrl\":\"https:\\\/\\\/www.sj-gauge.com\\\/wp-content\\\/uploads\\\/2025\\\/09\\\/logo.webp\",\"width\":348,\"height\":184,\"caption\":\"SJ Gauge | Pressure Gauges, Thermometers &amp; Pressure Sensors\"},\"image\":{\"@id\":\"https:\\\/\\\/www.sj-gauge.com\\\/#\\\/schema\\\/logo\\\/image\\\/\"}}]}<\/script>\n<!-- \/ Yoast SEO Premium plugin. -->","yoast_head_json":{"title":"Ch\u00ednh s\u00e1ch b\u1ea3o m\u1eadt - SJ Gauge | \u0110\u1ed3ng h\u1ed3 \u0111o \u00e1p su\u1ea5t, nhi\u1ec7t k\u1ebf v\u00e0 c\u1ea3m bi\u1ebfn \u00e1p su\u1ea5t","robots":{"index":"index","follow":"follow","max-snippet":"max-snippet:-1","max-image-preview":"max-image-preview:large","max-video-preview":"max-video-preview:-1"},"canonical":"https:\/\/www.sj-gauge.com\/vi\/privacy-policy\/","og_locale":"vi_VN","og_type":"article","og_title":"Privacy Policy","og_description":"Please read and understand the following before using this site. The contents may change at any time without notice.This Privacy Policy applies only to our online activities and is valid for visitors to our website with regards to the information that they shared or collected in \u300cSJ Gauge\u300d.This policy is not applicable to any information [&hellip;]","og_url":"https:\/\/www.sj-gauge.com\/vi\/privacy-policy\/","og_site_name":"SJ Gauge | Pressure Gauges, Thermometers &amp; Pressure Sensors","article_modified_time":"2025-10-28T03:26:30+00:00","twitter_card":"summary_large_image","twitter_misc":{"\u01af\u1edbc t\u00ednh th\u1eddi gian \u0111\u1ecdc":"3 ph\u00fat"},"schema":{"@context":"https:\/\/schema.org","@graph":[{"@type":"WebPage","@id":"https:\/\/www.sj-gauge.com\/privacy-policy\/","url":"https:\/\/www.sj-gauge.com\/privacy-policy\/","name":"Ch\u00ednh s\u00e1ch b\u1ea3o m\u1eadt - SJ Gauge | \u0110\u1ed3ng h\u1ed3 \u0111o \u00e1p su\u1ea5t, nhi\u1ec7t k\u1ebf v\u00e0 c\u1ea3m bi\u1ebfn \u00e1p su\u1ea5t","isPartOf":{"@id":"https:\/\/www.sj-gauge.com\/#website"},"datePublished":"2025-09-12T02:22:19+00:00","dateModified":"2025-10-28T03:26:30+00:00","breadcrumb":{"@id":"https:\/\/www.sj-gauge.com\/privacy-policy\/#breadcrumb"},"inLanguage":"vi","potentialAction":[{"@type":"ReadAction","target":["https:\/\/www.sj-gauge.com\/privacy-policy\/"]}]},{"@type":"BreadcrumbList","@id":"https:\/\/www.sj-gauge.com\/privacy-policy\/#breadcrumb","itemListElement":[{"@type":"ListItem","position":1,"name":"Home","item":"https:\/\/www.sj-gauge.com\/"},{"@type":"ListItem","position":2,"name":"Privacy Policy"}]},{"@type":"WebSite","@id":"https:\/\/www.sj-gauge.com\/#website","url":"https:\/\/www.sj-gauge.com\/","name":"SJ Gauge | \u0110\u1ed3ng h\u1ed3 \u0111o \u00e1p su\u1ea5t, nhi\u1ec7t k\u1ebf v\u00e0 c\u1ea3m bi\u1ebfn \u00e1p su\u1ea5t","description":"Nh\u00e0 s\u1ea3n xu\u1ea5t \u0111\u1ed3ng h\u1ed3 \u0111o \u00e1p su\u1ea5t c\u00f4ng nghi\u1ec7p, c\u1ea3m bi\u1ebfn \u00e1p su\u1ea5t v\u00e0 b\u1ed9 truy\u1ec1n t\u00edn hi\u1ec7u. SJ Gauge cung c\u1ea5p c\u00e1c s\u1ea3n ph\u1ea9m c\u00f3 \u0111\u1ed9 ch\u00ednh x\u00e1c cao, \u0111\u01b0\u1ee3c ch\u1ebf t\u1ea1o t\u1eeb v\u1eadt li\u1ec7u b\u1ec1n b\u1ec9 v\u00e0 c\u00e1c gi\u1ea3i ph\u00e1p t\u00f9y ch\u1ec9nh d\u00e0nh cho c\u00e1c \u1ee9ng d\u1ee5ng trong ng\u00e0nh d\u1ea7u kh\u00ed, h\u00f3a ch\u1ea5t v\u00e0 c\u00f4ng nghi\u1ec7p.","publisher":{"@id":"https:\/\/www.sj-gauge.com\/#organization"},"potentialAction":[{"@type":"SearchAction","target":{"@type":"EntryPoint","urlTemplate":"https:\/\/www.sj-gauge.com\/?s={search_term_string}"},"query-input":{"@type":"PropertyValueSpecification","valueRequired":true,"valueName":"search_term_string"}}],"inLanguage":"vi"},{"@type":"Organization","@id":"https:\/\/www.sj-gauge.com\/#organization","name":"SJ Gauge | \u0110\u1ed3ng h\u1ed3 \u0111o \u00e1p su\u1ea5t, nhi\u1ec7t k\u1ebf v\u00e0 c\u1ea3m bi\u1ebfn \u00e1p su\u1ea5t","url":"https:\/\/www.sj-gauge.com\/","logo":{"@type":"ImageObject","inLanguage":"vi","@id":"https:\/\/www.sj-gauge.com\/#\/schema\/logo\/image\/","url":"https:\/\/www.sj-gauge.com\/wp-content\/uploads\/2025\/09\/logo.webp","contentUrl":"https:\/\/www.sj-gauge.com\/wp-content\/uploads\/2025\/09\/logo.webp","width":348,"height":184,"caption":"SJ Gauge | Pressure Gauges, Thermometers &amp; Pressure Sensors"},"image":{"@id":"https:\/\/www.sj-gauge.com\/#\/schema\/logo\/image\/"}}]}},"_links":{"self":[{"href":"https:\/\/www.sj-gauge.com\/vi\/wp-json\/wp\/v2\/pages\/3","targetHints":{"allow":["GET"]}}],"collection":[{"href":"https:\/\/www.sj-gauge.com\/vi\/wp-json\/wp\/v2\/pages"}],"about":[{"href":"https:\/\/www.sj-gauge.com\/vi\/wp-json\/wp\/v2\/types\/page"}],"author":[{"embeddable":true,"href":"https:\/\/www.sj-gauge.com\/vi\/wp-json\/wp\/v2\/users\/1"}],"replies":[{"embeddable":true,"href":"https:\/\/www.sj-gauge.com\/vi\/wp-json\/wp\/v2\/comments?post=3"}],"version-history":[{"count":1,"href":"https:\/\/www.sj-gauge.com\/vi\/wp-json\/wp\/v2\/pages\/3\/revisions"}],"predecessor-version":[{"id":1341,"href":"https:\/\/www.sj-gauge.com\/vi\/wp-json\/wp\/v2\/pages\/3\/revisions\/1341"}],"wp:attachment":[{"href":"https:\/\/www.sj-gauge.com\/vi\/wp-json\/wp\/v2\/media?parent=3"}],"curies":[{"name":"wp","href":"https:\/\/api.w.org\/{rel}","templated":true}]}}