{"id":3723,"date":"2026-02-04T15:43:28","date_gmt":"2026-02-04T07:43:28","guid":{"rendered":"https:\/\/www.sj-gauge.com\/?page_id=3723"},"modified":"2026-02-04T15:43:29","modified_gmt":"2026-02-04T07:43:29","slug":"warranty-and-other-policies","status":"publish","type":"page","link":"https:\/\/www.sj-gauge.com\/vi\/warranty-and-other-policies\/","title":{"rendered":"B\u1ea3o h\u00e0nh v\u00e0 c\u00e1c ch\u00ednh s\u00e1ch kh\u00e1c"},"content":{"rendered":"<h2 class=\"wp-block-heading\" id=\"h-i-warranty-description\"><span class=\"ez-toc-section\" id=\"i-warranty-description\"><\/span><strong>I. M\u00f4 t\u1ea3 b\u1ea3o h\u00e0nh<\/strong><span class=\"ez-toc-section-end\"><\/span><\/h2>\n\n\n\n<p>T\u1ea5t c\u1ea3 kh\u00e1ch h\u00e0ng mua s\u1ea3n ph\u1ea9m t\u1eeb c\u00f4ng ty ch\u00fang t\u00f4i \u0111\u1ec1u \u0111\u01b0\u1ee3c h\u01b0\u1edfng ch\u1ebf \u0111\u1ed9 b\u1ea3o h\u00e0nh \u0111\u1ea7y \u0111\u1ee7. Ch\u1ebf \u0111\u1ed9 b\u1ea3o h\u00e0nh \u00e1p d\u1ee5ng cho c\u00e1c l\u1ed7i ho\u1eb7c h\u01b0 h\u1ecfng x\u1ea3y ra trong qu\u00e1 tr\u00ecnh s\u1eed d\u1ee5ng b\u00ecnh th\u01b0\u1eddng v\u00e0 kh\u00f4ng do y\u1ebfu t\u1ed1 con ng\u01b0\u1eddi g\u00e2y ra. Ch\u1ebf \u0111\u1ed9 b\u1ea3o h\u00e0nh bao g\u1ed3m ki\u1ec3m tra mi\u1ec5n ph\u00ed, thay th\u1ebf linh ki\u1ec7n, ho\u1eb7c trong m\u1ed9t s\u1ed1 tr\u01b0\u1eddng h\u1ee3p, d\u1ecbch v\u1ee5 thay th\u1ebf s\u1ea3n ph\u1ea9m ho\u1eb7c ho\u00e0n ti\u1ec1n.<\/p>\n\n\n\n<h3 class=\"wp-block-heading\" id=\"h-warranty-period\"><strong>Th\u1eddi h\u1ea1n b\u1ea3o h\u00e0nh:<\/strong><\/h3>\n\n\n\n<p>\u00a0S\u1ea3n ph\u1ea9m n\u00e0y \u0111\u01b0\u1ee3c b\u1ea3o h\u00e0nh gi\u1edbi h\u1ea1n trong v\u00f2ng m\u1ed9t (1) n\u0103m (12 th\u00e1ng) k\u1ec3 t\u1eeb ng\u00e0y giao h\u00e0ng. \u0110\u1ed1i v\u1edbi c\u00e1c s\u1ea3n ph\u1ea9m c\u1ee5 th\u1ec3 c\u00f3 th\u1eddi gian b\u1ea3o h\u00e0nh kh\u00e1c nhau, chi ti\u1ebft s\u1ebd \u0111\u01b0\u1ee3c ghi r\u00f5 ri\u00eang tr\u00ean trang s\u1ea3n ph\u1ea9m ho\u1eb7c gi\u1ea5y ch\u1ee9ng nh\u1eadn mua h\u00e0ng.<\/p>\n\n\n\n<h2 class=\"wp-block-heading\" id=\"h-ii-warranty-coverage\"><span class=\"ez-toc-section\" id=\"ii-warranty-coverage\"><\/span><strong>II. Ph\u1ea1m vi b\u1ea3o h\u00e0nh<\/strong><span class=\"ez-toc-section-end\"><\/span><\/h2>\n\n\n\n<p>Trong th\u1eddi gian b\u1ea3o h\u00e0nh, ch\u00fang t\u00f4i s\u1ebd cung c\u1ea5p d\u1ecbch v\u1ee5 s\u1eeda ch\u1eefa mi\u1ec5n ph\u00ed, thay th\u1ebf ho\u1eb7c x\u1eed l\u00fd n\u1ebfu s\u1ea3n ph\u1ea9m g\u1eb7p c\u00e1c v\u1ea5n \u0111\u1ec1 sau \u0111\u00e2y trong \u0111i\u1ec1u ki\u1ec7n s\u1eed d\u1ee5ng b\u00ecnh th\u01b0\u1eddng:<\/p>\n\n\n\n<ul class=\"wp-block-list\">\n<li>R\u1ed1i lo\u1ea1n ch\u1ee9c n\u0103ng do l\u1ed7i s\u1ea3n xu\u1ea5t g\u00e2y ra<\/li>\n\n\n\n<li>V\u1ea5n \u0111\u1ec1 v\u1ec1 hi\u1ec7u su\u1ea5t ho\u1eb7c ch\u1ea5t l\u01b0\u1ee3ng k\u00e9m trong \u0111i\u1ec1u ki\u1ec7n s\u1eed d\u1ee5ng b\u00ecnh th\u01b0\u1eddng<\/li>\n<\/ul>\n\n\n\n<h2 class=\"wp-block-heading\" id=\"h-iii-warranty-service-procedure\"><span class=\"ez-toc-section\" id=\"iii-warranty-service-procedure\"><\/span><strong>III. Quy tr\u00ecnh b\u1ea3o h\u00e0nh<\/strong><span class=\"ez-toc-section-end\"><\/span><\/h2>\n\n\n\n<p>N\u1ebfu s\u1ea3n ph\u1ea9m g\u1eb7p s\u1ef1 c\u1ed1 trong th\u1eddi gian b\u1ea3o h\u00e0nh, qu\u00fd kh\u00e1ch c\u00f3 th\u1ec3 y\u00eau c\u1ea7u d\u1ecbch v\u1ee5 b\u1ea3o h\u00e0nh b\u1eb1ng c\u00e1ch th\u1ef1c hi\u1ec7n c\u00e1c b\u01b0\u1edbc sau:<\/p>\n\n\n\n<h3 class=\"wp-block-heading\" id=\"h-contact-customer-service\"><strong>Li\u00ean h\u1ec7 D\u1ecbch v\u1ee5 Kh\u00e1ch h\u00e0ng:<\/strong><\/h3>\n\n\n\n<p>\u00a0Vui l\u00f2ng li\u00ean h\u1ec7 v\u1edbi ch\u00fang t\u00f4i qua email d\u1ecbch v\u1ee5 kh\u00e1ch h\u00e0ng, LINE ho\u1eb7c \u0111i\u1ec7n tho\u1ea1i. Vui l\u00f2ng cung c\u1ea5p m\u00f4 t\u1ea3 v\u1ec1 v\u1ea5n \u0111\u1ec1 c\u1ee7a s\u1ea3n ph\u1ea9m k\u00e8m theo h\u00ecnh \u1ea3nh ho\u1eb7c video.<\/p>\n\n\n\n<h3 class=\"wp-block-heading\" id=\"h-prepare-and-provide-any-of-the-following-proof-of-purchase-documents\"><strong>Chu\u1ea9n b\u1ecb v\u00e0 cung c\u1ea5p b\u1ea5t k\u1ef3 t\u00e0i li\u1ec7u ch\u1ee9ng minh mua h\u00e0ng n\u00e0o sau \u0111\u00e2y:<\/strong><\/h3>\n\n\n\n<ul class=\"wp-block-list\">\n<li>Gi\u1ea5y ch\u1ee9ng nh\u1eadn xu\u1ea5t x\u1ee9<\/li>\n\n\n\n<li>Phi\u1ebfu giao h\u00e0ng<\/li>\n\n\n\n<li>Th\u1ebb b\u1ea3o h\u00e0nh g\u1ed1c<\/li>\n<\/ul>\n\n\n\n<h3 class=\"wp-block-heading\" id=\"h-repair-or-return-arrangement\"><strong>Th\u1ecfa thu\u1eadn s\u1eeda ch\u1eefa ho\u1eb7c \u0111\u1ed5i tr\u1ea3:<\/strong><\/h3>\n\n\n\n<p>Nh\u00e2n vi\u00ean d\u1ecbch v\u1ee5 kh\u00e1ch h\u00e0ng s\u1ebd h\u1ed7 tr\u1ee3 qu\u00fd kh\u00e1ch trong vi\u1ec7c s\u1eafp x\u1ebfp vi\u1ec7c s\u1eeda ch\u1eefa s\u1ea3n ph\u1ea9m ho\u1eb7c cung c\u1ea5p h\u01b0\u1edbng d\u1eabn x\u1eed l\u00fd th\u00eam.<\/p>\n\n\n\n<h3 class=\"wp-block-heading\" id=\"h-repair-processing\"><strong>Quy tr\u00ecnh s\u1eeda ch\u1eefa:<\/strong><\/h3>\n\n\n\n<p>\u00a0Ch\u00fang t\u00f4i s\u1ebd ho\u00e0n th\u00e0nh vi\u1ec7c ki\u1ec3m tra trong v\u00f2ng <strong>7\u201310 ng\u00e0y l\u00e0m vi\u1ec7c<\/strong> Sau khi nh\u1eadn \u0111\u01b0\u1ee3c s\u1ea3n ph\u1ea9m.<br>Th\u1eddi gian ho\u00e0n th\u00e0nh s\u1eeda ch\u1eefa s\u1ebd ph\u1ee5 thu\u1ed9c v\u00e0o t\u00ecnh tr\u1ea1ng th\u1ef1c t\u1ebf c\u1ee7a s\u1ea3n ph\u1ea9m v\u00e0 s\u1ef1 s\u1eb5n c\u00f3 c\u1ee7a linh ki\u1ec7n thay th\u1ebf.<\/p>\n\n\n\n<h2 class=\"wp-block-heading\" id=\"h-iv-exclusions-from-warranty\"><span class=\"ez-toc-section\" id=\"iv-exclusions-from-warranty\"><\/span><strong>IV. C\u00e1c tr\u01b0\u1eddng h\u1ee3p kh\u00f4ng \u0111\u01b0\u1ee3c b\u1ea3o h\u00e0nh<\/strong><span class=\"ez-toc-section-end\"><\/span><\/h2>\n\n\n\n<p>C\u00e1c t\u00ecnh hu\u1ed1ng sau \u0111\u00e2y l\u00e0 <strong>kh\u00f4ng \u0111\u01b0\u1ee3c b\u1ea3o hi\u1ec3m<\/strong> Trong th\u1eddi gian b\u1ea3o h\u00e0nh, v\u00e0 kh\u00f4ng \u0111\u01b0\u1ee3c cung c\u1ea5p d\u1ecbch v\u1ee5 s\u1eeda ch\u1eefa ho\u1eb7c thay th\u1ebf mi\u1ec5n ph\u00ed:<\/p>\n\n\n\n<ul class=\"wp-block-list\">\n<li>S\u1ef1 hao m\u00f2n th\u00f4ng th\u01b0\u1eddng c\u1ee7a c\u00e1c linh ki\u1ec7n ti\u00eau hao (v\u00ed d\u1ee5: pin, gio\u0103ng, c\u1ea3m bi\u1ebfn, v.v.)<\/li>\n\n\n\n<li>Thi\u1ec7t h\u1ea1i do vi\u1ec7c th\u00e1o d\u1ee1, s\u1eeda \u0111\u1ed5i ho\u1eb7c s\u1eeda ch\u1eefa b\u1edfi nh\u00e2n vi\u00ean kh\u00f4ng \u0111\u01b0\u1ee3c \u1ee7y quy\u1ec1n.<\/li>\n\n\n\n<li>S\u1ef1 c\u1ed1 do kh\u00f4ng l\u1eafp \u0111\u1eb7t ho\u1eb7c s\u1eed d\u1ee5ng s\u1ea3n ph\u1ea9m theo h\u01b0\u1edbng d\u1eabn.<\/li>\n\n\n\n<li>C\u00e1c v\u1ea5n \u0111\u1ec1 ph\u00e1t sinh do s\u1eed d\u1ee5ng v\u1eadt t\u01b0 ti\u00eau hao ho\u1eb7c ph\u1ee5 ki\u1ec7n kh\u00f4ng ch\u00ednh h\u00e3ng.<\/li>\n\n\n\n<li>H\u01b0 h\u1ecfng do t\u00e1c \u0111\u1ed9ng c\u1ee7a c\u00e1c l\u1ef1c b\u00ean ngo\u00e0i ho\u1eb7c tai n\u1ea1n (v\u00ed d\u1ee5: r\u01a1i, va ch\u1ea1m, n\u01b0\u1edbc x\u00e2m nh\u1eadp)<\/li>\n<\/ul>\n\n\n\n<h2 class=\"wp-block-heading\" id=\"h-v-rights-and-obligations\"><span class=\"ez-toc-section\" id=\"v-rights-and-obligations\"><\/span><strong>V. Quy\u1ec1n v\u00e0 Ngh\u0129a v\u1ee5<\/strong><span class=\"ez-toc-section-end\"><\/span><\/h2>\n\n\n\n<h3 class=\"wp-block-heading\" id=\"h-customer-rights\"><strong>Quy\u1ec1n c\u1ee7a kh\u00e1ch h\u00e0ng:<\/strong><\/h3>\n\n\n\n<ul class=\"wp-block-list\">\n<li>S\u1eeda ch\u1eefa ho\u1eb7c thay th\u1ebf mi\u1ec5n ph\u00ed trong th\u1eddi gian b\u1ea3o h\u00e0nh.<\/li>\n\n\n\n<li>Quy\u1ec1n y\u00eau c\u1ea7u b\u1ed3i th\u01b0\u1eddng h\u1ee3p l\u00fd cho c\u00e1c v\u1ea5n \u0111\u1ec1 v\u1ec1 ch\u1ea5t l\u01b0\u1ee3ng s\u1ea3n ph\u1ea9m (trong ph\u1ea1m vi b\u1ea3o h\u00e0nh).<\/li>\n<\/ul>\n\n\n\n<h3 class=\"wp-block-heading\" id=\"h-customer-obligations\"><strong>Ngh\u0129a v\u1ee5 c\u1ee7a kh\u00e1ch h\u00e0ng:<\/strong><\/h3>\n\n\n\n<ul class=\"wp-block-list\">\n<li>Gi\u1eef g\u00ecn c\u1ea9n th\u1eadn c\u00e1c gi\u1ea5y ch\u1ee9ng nh\u1eadn mua h\u00e0ng v\u00e0 th\u1ebb b\u1ea3o h\u00e0nh, v\u00e0 cung c\u1ea5p th\u00f4ng tin s\u1ea3n ph\u1ea9m ch\u00ednh x\u00e1c.<\/li>\n\n\n\n<li>V\u1eadn h\u00e0nh v\u00e0 b\u1ea3o tr\u00ec s\u1ea3n ph\u1ea9m theo h\u01b0\u1edbng d\u1eabn s\u1eed d\u1ee5ng.<\/li>\n\n\n\n<li>Ngay l\u1eadp t\u1ee9c ng\u1eebng s\u1eed d\u1ee5ng s\u1ea3n ph\u1ea9m v\u00e0 li\u00ean h\u1ec7 v\u1edbi b\u1ed9 ph\u1eadn ch\u0103m s\u00f3c kh\u00e1ch h\u00e0ng n\u1ebfu ph\u00e1t hi\u1ec7n b\u1ea5t k\u1ef3 d\u1ea5u hi\u1ec7u b\u1ea5t th\u01b0\u1eddng n\u00e0o.<\/li>\n<\/ul>\n\n\n\n<h3 class=\"wp-block-heading\" id=\"h-company-rights-and-limitations\"><strong>Quy\u1ec1n v\u00e0 Gi\u1edbi h\u1ea1n c\u1ee7a C\u00f4ng ty:<\/strong><\/h3>\n\n\n\n<ul class=\"wp-block-list\">\n<li>Ch\u00fang t\u00f4i c\u00f3 quy\u1ec1n ki\u1ec3m tra s\u1ea3n ph\u1ea9m \u0111\u1ec3 x\u00e1c minh xem l\u1ed7i c\u00f3 n\u1eb1m trong \u0111i\u1ec1u ki\u1ec7n b\u1ea3o h\u00e0nh hay kh\u00f4ng.<\/li>\n\n\n\n<li>N\u1ebfu s\u1ea3n ph\u1ea9m kh\u00f4ng th\u1ec3 s\u1eeda ch\u1eefa ho\u1eb7c linh ki\u1ec7n thay th\u1ebf \u0111\u00e3 ng\u1eebng s\u1ea3n xu\u1ea5t, ch\u00fang t\u00f4i s\u1ebd cung c\u1ea5p m\u1ed9t s\u1ea3n ph\u1ea9m thay th\u1ebf c\u00f3 ch\u1ea5t l\u01b0\u1ee3ng t\u01b0\u01a1ng \u0111\u01b0\u01a1ng.<\/li>\n\n\n\n<li>B\u1ea3o h\u00e0nh ch\u1ec9 \u00e1p d\u1ee5ng cho s\u1ea3n ph\u1ea9m ch\u00ednh v\u00e0 kh\u00f4ng bao g\u1ed3m c\u00e1c chi ph\u00ed b\u1ed5 sung nh\u01b0 ph\u00ed v\u1eadn chuy\u1ec3n, l\u1eafp \u0111\u1eb7t ho\u1eb7c ph\u00ed v\u1eadn chuy\u1ec3n.<\/li>\n<\/ul>\n\n\n\n<h2 class=\"wp-block-heading\" id=\"h-vi-disclaimer\"><span class=\"ez-toc-section\" id=\"vi-disclaimer\"><\/span><strong>VI. Mi\u1ec5n tr\u1eeb tr\u00e1ch nhi\u1ec7m<\/strong><span class=\"ez-toc-section-end\"><\/span><\/h2>\n\n\n\n<ul class=\"wp-block-list\">\n<li>C\u00f4ng ty kh\u00f4ng ch\u1ecbu tr\u00e1ch nhi\u1ec7m \u0111\u1ed1i v\u1edbi c\u00e1c thi\u1ec7t h\u1ea1i gi\u00e1n ti\u1ebfp do s\u1ef1 c\u1ed1 s\u1ea3n ph\u1ea9m g\u00e2y ra (v\u00ed d\u1ee5: gi\u00e1n \u0111o\u1ea1n ho\u1ea1t \u0111\u1ed9ng kinh doanh, m\u1ea5t l\u1ee3i nhu\u1eadn, t\u1ed5n h\u1ea1i danh ti\u1ebfng, v.v.).<\/li>\n\n\n\n<li>C\u00f4ng ty kh\u00f4ng ch\u1ecbu tr\u00e1ch nhi\u1ec7m v\u1ec1 c\u00e1c thi\u1ec7t h\u1ea1i do c\u00e1c s\u1ef1 ki\u1ec7n b\u1ea5t kh\u1ea3 kh\u00e1ng ho\u1eb7c h\u00e0nh \u0111\u1ed9ng c\u1ee7a b\u00ean th\u1ee9 ba g\u00e2y ra.<\/li>\n\n\n\n<li>Tr\u00e1ch nhi\u1ec7m b\u1ed3i th\u01b0\u1eddng t\u1ed1i \u0111a c\u1ee7a c\u00f4ng ty s\u1ebd \u0111\u01b0\u1ee3c gi\u1edbi h\u1ea1n \u1edf m\u1ee9c gi\u00e1 mua th\u1ef1c t\u1ebf c\u1ee7a s\u1ea3n ph\u1ea9m g\u1ed1c.<\/li>\n<\/ul>\n\n\n\n<h2 class=\"wp-block-heading\" id=\"h-vii-other-terms\"><span class=\"ez-toc-section\" id=\"vii-other-terms\"><\/span><strong>VII. C\u00e1c \u0111i\u1ec1u kho\u1ea3n kh\u00e1c<\/strong><span class=\"ez-toc-section-end\"><\/span><\/h2>\n\n\n\n<ul class=\"wp-block-list\">\n<li>Quy\u1ec1n gi\u1ea3i th\u00edch cu\u1ed1i c\u00f9ng v\u00e0 quy\u1ec1n s\u1eeda \u0111\u1ed5i c\u00e1c \u0111i\u1ec1u kho\u1ea3n b\u1ea3o h\u00e0nh n\u00e0y thu\u1ed9c v\u1ec1 c\u00f4ng ty.<\/li>\n\n\n\n<li>Trong tr\u01b0\u1eddng h\u1ee3p c\u00f3 tranh ch\u1ea5p, c\u1ea3 hai b\u00ean s\u1ebd t\u00ecm c\u00e1ch gi\u1ea3i quy\u1ebft th\u00f4ng qua \u0111\u00e0m ph\u00e1n thi\u1ec7n ch\u00ed. N\u1ebfu \u0111\u00e0m ph\u00e1n kh\u00f4ng th\u00e0nh c\u00f4ng, v\u1ee5 vi\u1ec7c s\u1ebd \u0111\u01b0\u1ee3c gi\u1ea3i quy\u1ebft theo ph\u00e1p lu\u1eadt c\u1ee7a C\u1ed9ng h\u00f2a Trung Hoa (\u0110\u00e0i Loan), v\u1edbi T\u00f2a \u00e1n Huy\u1ec7n n\u01a1i c\u00f4ng ty \u0111\u1eb7t tr\u1ee5 s\u1edf l\u00e0m t\u00f2a \u00e1n s\u01a1 th\u1ea9m.<\/li>\n<\/ul>","protected":false},"excerpt":{"rendered":"<p>I. M\u00f4 t\u1ea3 b\u1ea3o h\u00e0nh T\u1ea5t c\u1ea3 kh\u00e1ch h\u00e0ng mua s\u1ea3n ph\u1ea9m t\u1eeb c\u00f4ng ty ch\u00fang t\u00f4i \u0111\u1ec1u \u0111\u01b0\u1ee3c h\u01b0\u1edfng ch\u1ebf \u0111\u1ed9 b\u1ea3o h\u00e0nh \u0111\u1ea7y \u0111\u1ee7. Ch\u1ebf \u0111\u1ed9 b\u1ea3o h\u00e0nh bao g\u1ed3m c\u00e1c l\u1ed7i ho\u1eb7c h\u01b0 h\u1ecfng x\u1ea3y ra trong qu\u00e1 tr\u00ecnh s\u1eed d\u1ee5ng b\u00ecnh th\u01b0\u1eddng v\u00e0 kh\u00f4ng do y\u1ebfu t\u1ed1 con ng\u01b0\u1eddi g\u00e2y ra. Ch\u1ebf \u0111\u1ed9 b\u1ea3o h\u00e0nh bao g\u1ed3m ki\u1ec3m tra mi\u1ec5n ph\u00ed, thay th\u1ebf linh ki\u1ec7n, ho\u1eb7c trong m\u1ed9t s\u1ed1 tr\u01b0\u1eddng h\u1ee3p, d\u1ecbch v\u1ee5 thay th\u1ebf s\u1ea3n ph\u1ea9m ho\u1eb7c ho\u00e0n ti\u1ec1n. Th\u1eddi h\u1ea1n b\u1ea3o h\u00e0nh: S\u1ea3n ph\u1ea9m n\u00e0y [\u2026]<\/p>","protected":false},"author":1,"featured_media":0,"parent":0,"menu_order":0,"comment_status":"closed","ping_status":"closed","template":"","meta":{"_acf_changed":false,"footnotes":""},"class_list":["post-3723","page","type-page","status-publish","hentry"],"blocksy_meta":[],"acf":[],"yoast_head":"<!-- This site is optimized with the Yoast SEO Premium plugin v26.7 (Yoast SEO v27.4) - https:\/\/yoast.com\/product\/yoast-seo-premium-wordpress\/ -->\n<title>Warranty and other policies - SJ Gauge | Pressure Gauges, Thermometers &amp; Pressure Sensors<\/title>\n<meta name=\"robots\" content=\"index, follow, max-snippet:-1, max-image-preview:large, max-video-preview:-1\" \/>\n<link rel=\"canonical\" href=\"https:\/\/www.sj-gauge.com\/vi\/warranty-and-other-policies\/\" \/>\n<meta property=\"og:locale\" content=\"vi_VN\" \/>\n<meta property=\"og:type\" content=\"article\" \/>\n<meta property=\"og:title\" content=\"Warranty and other policies\" \/>\n<meta property=\"og:description\" content=\"I. Warranty Description All customers who purchase products from our company are entitled to full warranty coverage. The warranty includes defects or malfunctions that occur under normal usage and are not caused by human factors. Coverage includes free inspection, replacement of parts, or, under certain conditions, product replacement or refund services. Warranty Period: \u00a0This product [&hellip;]\" \/>\n<meta property=\"og:url\" content=\"https:\/\/www.sj-gauge.com\/vi\/warranty-and-other-policies\/\" \/>\n<meta property=\"og:site_name\" content=\"SJ Gauge | Pressure Gauges, Thermometers &amp; Pressure Sensors\" \/>\n<meta property=\"article:modified_time\" content=\"2026-02-04T07:43:29+00:00\" \/>\n<meta name=\"twitter:card\" content=\"summary_large_image\" \/>\n<meta name=\"twitter:label1\" content=\"\u01af\u1edbc t\u00ednh th\u1eddi gian \u0111\u1ecdc\" \/>\n\t<meta name=\"twitter:data1\" content=\"3 ph\u00fat\" \/>\n<script type=\"application\/ld+json\" class=\"yoast-schema-graph\">{\"@context\":\"https:\\\/\\\/schema.org\",\"@graph\":[{\"@type\":\"WebPage\",\"@id\":\"https:\\\/\\\/www.sj-gauge.com\\\/warranty-and-other-policies\\\/\",\"url\":\"https:\\\/\\\/www.sj-gauge.com\\\/warranty-and-other-policies\\\/\",\"name\":\"Warranty and other policies - SJ Gauge | Pressure Gauges, Thermometers &amp; Pressure Sensors\",\"isPartOf\":{\"@id\":\"https:\\\/\\\/www.sj-gauge.com\\\/#website\"},\"datePublished\":\"2026-02-04T07:43:28+00:00\",\"dateModified\":\"2026-02-04T07:43:29+00:00\",\"breadcrumb\":{\"@id\":\"https:\\\/\\\/www.sj-gauge.com\\\/warranty-and-other-policies\\\/#breadcrumb\"},\"inLanguage\":\"vi\",\"potentialAction\":[{\"@type\":\"ReadAction\",\"target\":[\"https:\\\/\\\/www.sj-gauge.com\\\/warranty-and-other-policies\\\/\"]}]},{\"@type\":\"BreadcrumbList\",\"@id\":\"https:\\\/\\\/www.sj-gauge.com\\\/warranty-and-other-policies\\\/#breadcrumb\",\"itemListElement\":[{\"@type\":\"ListItem\",\"position\":1,\"name\":\"Home\",\"item\":\"https:\\\/\\\/www.sj-gauge.com\\\/\"},{\"@type\":\"ListItem\",\"position\":2,\"name\":\"Warranty and other policies\"}]},{\"@type\":\"WebSite\",\"@id\":\"https:\\\/\\\/www.sj-gauge.com\\\/#website\",\"url\":\"https:\\\/\\\/www.sj-gauge.com\\\/\",\"name\":\"SJ Gauge | Pressure Gauges, Thermometers &amp; Pressure Sensors\",\"description\":\"Manufacturer of industrial pressure gauges, pressure sensors, and transmitters. SJ Gauge provides high accuracy, durable materials, and custom solutions for oil &amp; gas, chemical, and industrial applications.\",\"publisher\":{\"@id\":\"https:\\\/\\\/www.sj-gauge.com\\\/#organization\"},\"potentialAction\":[{\"@type\":\"SearchAction\",\"target\":{\"@type\":\"EntryPoint\",\"urlTemplate\":\"https:\\\/\\\/www.sj-gauge.com\\\/?s={search_term_string}\"},\"query-input\":{\"@type\":\"PropertyValueSpecification\",\"valueRequired\":true,\"valueName\":\"search_term_string\"}}],\"inLanguage\":\"vi\"},{\"@type\":\"Organization\",\"@id\":\"https:\\\/\\\/www.sj-gauge.com\\\/#organization\",\"name\":\"SJ Gauge | Pressure Gauges, Thermometers &amp; Pressure Sensors\",\"url\":\"https:\\\/\\\/www.sj-gauge.com\\\/\",\"logo\":{\"@type\":\"ImageObject\",\"inLanguage\":\"vi\",\"@id\":\"https:\\\/\\\/www.sj-gauge.com\\\/#\\\/schema\\\/logo\\\/image\\\/\",\"url\":\"https:\\\/\\\/www.sj-gauge.com\\\/wp-content\\\/uploads\\\/2025\\\/09\\\/logo.webp\",\"contentUrl\":\"https:\\\/\\\/www.sj-gauge.com\\\/wp-content\\\/uploads\\\/2025\\\/09\\\/logo.webp\",\"width\":348,\"height\":184,\"caption\":\"SJ Gauge | Pressure Gauges, Thermometers &amp; Pressure Sensors\"},\"image\":{\"@id\":\"https:\\\/\\\/www.sj-gauge.com\\\/#\\\/schema\\\/logo\\\/image\\\/\"}}]}<\/script>\n<!-- \/ Yoast SEO Premium plugin. -->","yoast_head_json":{"title":"Ch\u00ednh s\u00e1ch b\u1ea3o h\u00e0nh v\u00e0 c\u00e1c ch\u00ednh s\u00e1ch kh\u00e1c - SJ Gauge | \u0110\u1ed3ng h\u1ed3 \u0111o \u00e1p su\u1ea5t, nhi\u1ec7t k\u1ebf &amp; c\u1ea3m bi\u1ebfn \u00e1p su\u1ea5t","robots":{"index":"index","follow":"follow","max-snippet":"max-snippet:-1","max-image-preview":"max-image-preview:large","max-video-preview":"max-video-preview:-1"},"canonical":"https:\/\/www.sj-gauge.com\/vi\/warranty-and-other-policies\/","og_locale":"vi_VN","og_type":"article","og_title":"Warranty and other policies","og_description":"I. Warranty Description All customers who purchase products from our company are entitled to full warranty coverage. The warranty includes defects or malfunctions that occur under normal usage and are not caused by human factors. Coverage includes free inspection, replacement of parts, or, under certain conditions, product replacement or refund services. Warranty Period: \u00a0This product [&hellip;]","og_url":"https:\/\/www.sj-gauge.com\/vi\/warranty-and-other-policies\/","og_site_name":"SJ Gauge | Pressure Gauges, Thermometers &amp; Pressure Sensors","article_modified_time":"2026-02-04T07:43:29+00:00","twitter_card":"summary_large_image","twitter_misc":{"\u01af\u1edbc t\u00ednh th\u1eddi gian \u0111\u1ecdc":"3 ph\u00fat"},"schema":{"@context":"https:\/\/schema.org","@graph":[{"@type":"WebPage","@id":"https:\/\/www.sj-gauge.com\/warranty-and-other-policies\/","url":"https:\/\/www.sj-gauge.com\/warranty-and-other-policies\/","name":"Ch\u00ednh s\u00e1ch b\u1ea3o h\u00e0nh v\u00e0 c\u00e1c ch\u00ednh s\u00e1ch kh\u00e1c - SJ Gauge | \u0110\u1ed3ng h\u1ed3 \u0111o \u00e1p su\u1ea5t, nhi\u1ec7t k\u1ebf &amp; c\u1ea3m bi\u1ebfn \u00e1p su\u1ea5t","isPartOf":{"@id":"https:\/\/www.sj-gauge.com\/#website"},"datePublished":"2026-02-04T07:43:28+00:00","dateModified":"2026-02-04T07:43:29+00:00","breadcrumb":{"@id":"https:\/\/www.sj-gauge.com\/warranty-and-other-policies\/#breadcrumb"},"inLanguage":"vi","potentialAction":[{"@type":"ReadAction","target":["https:\/\/www.sj-gauge.com\/warranty-and-other-policies\/"]}]},{"@type":"BreadcrumbList","@id":"https:\/\/www.sj-gauge.com\/warranty-and-other-policies\/#breadcrumb","itemListElement":[{"@type":"ListItem","position":1,"name":"Home","item":"https:\/\/www.sj-gauge.com\/"},{"@type":"ListItem","position":2,"name":"Warranty and other policies"}]},{"@type":"WebSite","@id":"https:\/\/www.sj-gauge.com\/#website","url":"https:\/\/www.sj-gauge.com\/","name":"SJ Gauge | \u0110\u1ed3ng h\u1ed3 \u0111o \u00e1p su\u1ea5t, nhi\u1ec7t k\u1ebf v\u00e0 c\u1ea3m bi\u1ebfn \u00e1p su\u1ea5t","description":"Nh\u00e0 s\u1ea3n xu\u1ea5t \u0111\u1ed3ng h\u1ed3 \u0111o \u00e1p su\u1ea5t c\u00f4ng nghi\u1ec7p, c\u1ea3m bi\u1ebfn \u00e1p su\u1ea5t v\u00e0 b\u1ed9 truy\u1ec1n t\u00edn hi\u1ec7u. SJ Gauge cung c\u1ea5p c\u00e1c s\u1ea3n ph\u1ea9m c\u00f3 \u0111\u1ed9 ch\u00ednh x\u00e1c cao, \u0111\u01b0\u1ee3c ch\u1ebf t\u1ea1o t\u1eeb v\u1eadt li\u1ec7u b\u1ec1n b\u1ec9 v\u00e0 c\u00e1c gi\u1ea3i ph\u00e1p t\u00f9y ch\u1ec9nh d\u00e0nh cho c\u00e1c \u1ee9ng d\u1ee5ng trong ng\u00e0nh d\u1ea7u kh\u00ed, h\u00f3a ch\u1ea5t v\u00e0 c\u00f4ng nghi\u1ec7p.","publisher":{"@id":"https:\/\/www.sj-gauge.com\/#organization"},"potentialAction":[{"@type":"SearchAction","target":{"@type":"EntryPoint","urlTemplate":"https:\/\/www.sj-gauge.com\/?s={search_term_string}"},"query-input":{"@type":"PropertyValueSpecification","valueRequired":true,"valueName":"search_term_string"}}],"inLanguage":"vi"},{"@type":"Organization","@id":"https:\/\/www.sj-gauge.com\/#organization","name":"SJ Gauge | \u0110\u1ed3ng h\u1ed3 \u0111o \u00e1p su\u1ea5t, nhi\u1ec7t k\u1ebf v\u00e0 c\u1ea3m bi\u1ebfn \u00e1p su\u1ea5t","url":"https:\/\/www.sj-gauge.com\/","logo":{"@type":"ImageObject","inLanguage":"vi","@id":"https:\/\/www.sj-gauge.com\/#\/schema\/logo\/image\/","url":"https:\/\/www.sj-gauge.com\/wp-content\/uploads\/2025\/09\/logo.webp","contentUrl":"https:\/\/www.sj-gauge.com\/wp-content\/uploads\/2025\/09\/logo.webp","width":348,"height":184,"caption":"SJ Gauge | Pressure Gauges, Thermometers &amp; Pressure Sensors"},"image":{"@id":"https:\/\/www.sj-gauge.com\/#\/schema\/logo\/image\/"}}]}},"_links":{"self":[{"href":"https:\/\/www.sj-gauge.com\/vi\/wp-json\/wp\/v2\/pages\/3723","targetHints":{"allow":["GET"]}}],"collection":[{"href":"https:\/\/www.sj-gauge.com\/vi\/wp-json\/wp\/v2\/pages"}],"about":[{"href":"https:\/\/www.sj-gauge.com\/vi\/wp-json\/wp\/v2\/types\/page"}],"author":[{"embeddable":true,"href":"https:\/\/www.sj-gauge.com\/vi\/wp-json\/wp\/v2\/users\/1"}],"replies":[{"embeddable":true,"href":"https:\/\/www.sj-gauge.com\/vi\/wp-json\/wp\/v2\/comments?post=3723"}],"version-history":[{"count":1,"href":"https:\/\/www.sj-gauge.com\/vi\/wp-json\/wp\/v2\/pages\/3723\/revisions"}],"predecessor-version":[{"id":3724,"href":"https:\/\/www.sj-gauge.com\/vi\/wp-json\/wp\/v2\/pages\/3723\/revisions\/3724"}],"wp:attachment":[{"href":"https:\/\/www.sj-gauge.com\/vi\/wp-json\/wp\/v2\/media?parent=3723"}],"curies":[{"name":"wp","href":"https:\/\/api.w.org\/{rel}","templated":true}]}}