{"id":3756,"date":"2026-02-09T10:46:07","date_gmt":"2026-02-09T02:46:07","guid":{"rendered":"https:\/\/www.sj-gauge.com\/?page_id=3756"},"modified":"2026-02-09T11:03:21","modified_gmt":"2026-02-09T03:03:21","slug":"terms-of-service","status":"publish","type":"page","link":"https:\/\/www.sj-gauge.com\/vi\/terms-of-service\/","title":{"rendered":"\u0110i\u1ec1u kho\u1ea3n d\u1ecbch v\u1ee5"},"content":{"rendered":"<p>C\u1ea3m \u01a1n qu\u00fd kh\u00e1ch \u0111\u00e3 truy c\u1eadp trang web ch\u00ednh th\u1ee9c c\u1ee7a SJ Gauge (sau \u0111\u00e2y g\u1ecdi t\u1eaft l\u00e0 \u201cTrang web n\u00e0y\u201d). Tr\u01b0\u1edbc khi s\u1eed d\u1ee5ng c\u00e1c d\u1ecbch v\u1ee5 c\u1ee7a Trang web n\u00e0y, vui l\u00f2ng \u0111\u1ecdc k\u1ef9 c\u00e1c \u0110i\u1ec1u kho\u1ea3n S\u1eed d\u1ee5ng sau \u0111\u00e2y. B\u1eb1ng vi\u1ec7c ti\u1ebfp t\u1ee5c s\u1eed d\u1ee5ng Trang web n\u00e0y, qu\u00fd kh\u00e1ch \u0111\u1ed3ng \u00fd tu\u00e2n th\u1ee7 c\u00e1c \u0111i\u1ec1u kho\u1ea3n sau.<\/p>\n\n\n\n<h2 class=\"wp-block-heading\" id=\"h-1-acceptance-of-terms\"><span class=\"ez-toc-section\" id=\"1-acceptance-of-terms\"><\/span><strong>1. Ch\u1ea5p nh\u1eadn \u0110i\u1ec1u kho\u1ea3n<\/strong><span class=\"ez-toc-section-end\"><\/span><\/h2>\n\n\n\n<p>B\u1eb1ng c\u00e1ch truy c\u1eadp v\u00e0o Trang web n\u00e0y, b\u1ea1n x\u00e1c nh\u1eadn r\u1eb1ng b\u1ea1n \u0111\u00e3 \u0111\u1ecdc, hi\u1ec3u v\u00e0 \u0111\u1ed3ng \u00fd v\u1edbi to\u00e0n b\u1ed9 n\u1ed9i dung c\u1ee7a \u0110i\u1ec1u kho\u1ea3n D\u1ecbch v\u1ee5 n\u00e0y. N\u1ebfu b\u1ea1n kh\u00f4ng \u0111\u1ed3ng \u00fd v\u1edbi to\u00e0n b\u1ed9 ho\u1eb7c m\u1ed9t ph\u1ea7n c\u1ee7a c\u00e1c \u0111i\u1ec1u kho\u1ea3n n\u00e0y, vui l\u00f2ng ng\u1eebng s\u1eed d\u1ee5ng Trang web n\u00e0y ngay l\u1eadp t\u1ee9c. Vi\u1ec7c ti\u1ebfp t\u1ee5c s\u1eed d\u1ee5ng s\u1ebd \u0111\u01b0\u1ee3c coi l\u00e0 s\u1ef1 ch\u1ea5p nh\u1eadn \u0111\u1ea7y \u0111\u1ee7 \u0110i\u1ec1u kho\u1ea3n D\u1ecbch v\u1ee5.<\/p>\n\n\n\n<h2 class=\"wp-block-heading\" id=\"h-2-website-content\"><span class=\"ez-toc-section\" id=\"2-website-content\"><\/span><strong>2. N\u1ed9i dung trang web<\/strong><span class=\"ez-toc-section-end\"><\/span><\/h2>\n\n\n\n<p>T\u1ea5t c\u1ea3 th\u00f4ng tin \u0111\u01b0\u1ee3c cung c\u1ea5p tr\u00ean Trang web n\u00e0y (bao g\u1ed3m nh\u01b0ng kh\u00f4ng gi\u1edbi h\u1ea1n \u1edf v\u0103n b\u1ea3n, h\u00ecnh \u1ea3nh, bi\u1ec3u \u0111\u1ed3 v\u00e0 th\u00f4ng tin s\u1ea3n ph\u1ea9m) l\u00e0 t\u00e0i s\u1ea3n c\u1ee7a SJ Gauge v\u00e0 \u0111\u01b0\u1ee3c b\u1ea3o v\u1ec7 b\u1edfi lu\u1eadt b\u1ea3n quy\u1ec1n v\u00e0 c\u00e1c lu\u1eadt li\u00ean quan kh\u00e1c. Vi\u1ec7c sao ch\u00e9p, s\u1eeda \u0111\u1ed5i, truy\u1ec1n t\u1ea3i, sao ch\u00e9p l\u1ea1i, b\u00e1n ho\u1eb7c tr\u01b0ng b\u00e0y c\u00f4ng khai n\u1ed9i dung n\u00e0y m\u00e0 kh\u00f4ng c\u00f3 s\u1ef1 \u0111\u1ed3ng \u00fd b\u1eb1ng v\u0103n b\u1ea3n tr\u01b0\u1edbc t\u1eeb SJ Gauge l\u00e0 ho\u00e0n to\u00e0n b\u1ecb c\u1ea5m. B\u1ea5t k\u1ef3 vi ph\u1ea1m n\u00e0o c\u00f3 th\u1ec3 d\u1eabn \u0111\u1ebfn tr\u00e1ch nhi\u1ec7m ph\u00e1p l\u00fd do SJ Gauge kh\u1edfi ki\u1ec7n.<\/p>\n\n\n\n<h2 class=\"wp-block-heading\" id=\"h-3-user-responsibilities\"><span class=\"ez-toc-section\" id=\"3-user-responsibilities\"><\/span><strong>3. Tr\u00e1ch nhi\u1ec7m c\u1ee7a ng\u01b0\u1eddi d\u00f9ng<\/strong><span class=\"ez-toc-section-end\"><\/span><\/h2>\n\n\n\n<p>B\u1eb1ng c\u00e1ch s\u1eed d\u1ee5ng Trang web n\u00e0y, b\u1ea1n \u0111\u1ed3ng \u00fd v\u1edbi:<\/p>\n\n\n\n<ul class=\"wp-block-list\">\n<li>Kh\u00f4ng tham gia v\u00e0o b\u1ea5t k\u1ef3 ho\u1ea1t \u0111\u1ed9ng n\u00e0o c\u00f3 th\u1ec3 g\u00e2y h\u01b0 h\u1ecfng ho\u1eb7c gi\u00e1n \u0111o\u1ea1n Website, bao g\u1ed3m nh\u01b0ng kh\u00f4ng gi\u1edbi h\u1ea1n \u1edf vi\u1ec7c s\u1eed d\u1ee5ng virus, ph\u1ea7n m\u1ec1m \u0111\u1ed9c h\u1ea1i ho\u1eb7c b\u1ea5t k\u1ef3 c\u00f4ng c\u1ee5 n\u00e0o c\u00f3 th\u1ec3 can thi\u1ec7p v\u00e0o ho\u1ea1t \u0111\u1ed9ng c\u1ee7a Website.<\/li>\n\n\n\n<li>Kh\u00f4ng cung c\u1ea5p th\u00f4ng tin sai l\u1ec7ch ho\u1eb7c g\u00e2y nh\u1ea7m l\u1eabn, v\u00e0 kh\u00f4ng tham gia v\u00e0o b\u1ea5t k\u1ef3 ho\u1ea1t \u0111\u1ed9ng gian l\u1eadn ho\u1eb7c l\u1eeba \u0111\u1ea3o n\u00e0o.<\/li>\n\n\n\n<li>Kh\u00f4ng tham gia v\u00e0o b\u1ea5t k\u1ef3 h\u00e0nh vi vi ph\u1ea1m ph\u00e1p lu\u1eadt n\u00e0o ho\u1eb7c x\u00e2m ph\u1ea1m quy\u1ec1n l\u1ee3i c\u1ee7a ng\u01b0\u1eddi kh\u00e1c, bao g\u1ed3m nh\u01b0ng kh\u00f4ng gi\u1edbi h\u1ea1n \u1edf vi\u1ec7c vu kh\u1ed1ng, x\u00e2m ph\u1ea1m quy\u1ec1n t\u00e1c gi\u1ea3, lan truy\u1ec1n tin \u0111\u1ed3n, x\u00e2m ph\u1ea1m quy\u1ec1n ri\u00eang t\u01b0 ho\u1eb7c c\u00e1c h\u00e0nh vi kh\u00f4ng \u0111\u00fang \u0111\u1eafn kh\u00e1c.<\/li>\n<\/ul>\n\n\n\n<p>N\u1ebfu h\u00e0nh vi c\u1ee7a b\u1ea1n g\u00e2y thi\u1ec7t h\u1ea1i cho Trang web n\u00e0y ho\u1eb7c b\u1ea5t k\u1ef3 b\u00ean th\u1ee9 ba n\u00e0o, b\u1ea1n \u0111\u1ed3ng \u00fd ch\u1ecbu to\u00e0n b\u1ed9 tr\u00e1ch nhi\u1ec7m ph\u00e1p l\u00fd v\u00e0 ngh\u0129a v\u1ee5 b\u1ed3i th\u01b0\u1eddng li\u00ean quan.<\/p>\n\n\n\n<h2 class=\"wp-block-heading\" id=\"h-4-disclaimer\"><span class=\"ez-toc-section\" id=\"4-disclaimer\"><\/span><strong>4. Mi\u1ec5n tr\u1eeb tr\u00e1ch nhi\u1ec7m<\/strong><span class=\"ez-toc-section-end\"><\/span><\/h2>\n\n\n\n<p>Trang web n\u00e0y c\u1ed1 g\u1eafng cung c\u1ea5p th\u00f4ng tin m\u1edbi nh\u1ea5t v\u00e0 ch\u00ednh x\u00e1c nh\u1ea5t, nh\u01b0ng kh\u00f4ng \u0111\u1ea3m b\u1ea3o t\u00ednh k\u1ecbp th\u1eddi, \u0111\u1ea7y \u0111\u1ee7 ho\u1eb7c ch\u00ednh x\u00e1c c\u1ee7a n\u1ed9i dung. SJ Gauge s\u1ebd kh\u00f4ng ch\u1ecbu tr\u00e1ch nhi\u1ec7m v\u1ec1 b\u1ea5t k\u1ef3 thi\u1ec7t h\u1ea1i tr\u1ef1c ti\u1ebfp ho\u1eb7c gi\u00e1n ti\u1ebfp n\u00e0o ph\u00e1t sinh t\u1eeb vi\u1ec7c s\u1eed d\u1ee5ng ho\u1eb7c tin t\u01b0\u1edfng v\u00e0o trang web n\u00e0y. Ngo\u00e0i ra, SJ Gauge s\u1ebd kh\u00f4ng ch\u1ecbu tr\u00e1ch nhi\u1ec7m v\u1ec1 b\u1ea5t k\u1ef3 s\u1ef1 c\u1ed1 h\u1ec7 th\u1ed1ng, m\u1ea5t d\u1eef li\u1ec7u ho\u1eb7c l\u1ed7i k\u1ef9 thu\u1eadt n\u00e0o c\u00f3 th\u1ec3 x\u1ea3y ra.<\/p>\n\n\n\n<h2 class=\"wp-block-heading\" id=\"h-5-third-party-links\"><span class=\"ez-toc-section\" id=\"5-third-party-links\"><\/span><strong>5. Li\u00ean k\u1ebft c\u1ee7a b\u00ean th\u1ee9 ba<\/strong><span class=\"ez-toc-section-end\"><\/span><\/h2>\n\n\n\n<p>Trang web n\u00e0y c\u00f3 th\u1ec3 ch\u1ee9a c\u00e1c li\u00ean k\u1ebft \u0111\u1ebfn c\u00e1c trang web kh\u00e1c ho\u1eb7c t\u00e0i nguy\u00ean c\u1ee7a b\u00ean th\u1ee9 ba, \u0111\u01b0\u1ee3c cung c\u1ea5p duy nh\u1ea5t cho s\u1ef1 ti\u1ec7n l\u1ee3i c\u1ee7a ng\u01b0\u1eddi d\u00f9ng. SJ Gauge kh\u00f4ng ch\u1ecbu tr\u00e1ch nhi\u1ec7m v\u1ec1 n\u1ed9i dung ho\u1eb7c ch\u00ednh s\u00e1ch b\u1ea3o m\u1eadt c\u1ee7a c\u00e1c trang web b\u00ean th\u1ee9 ba \u0111\u00f3. Khi truy c\u1eadp c\u00e1c trang web b\u00ean ngo\u00e0i th\u00f4ng qua Trang web n\u00e0y, ch\u00fang t\u00f4i khuy\u1ebfn ngh\u1ecb b\u1ea1n n\u00ean xem x\u00e9t k\u1ef9 l\u01b0\u1ee1ng c\u00e1c \u0111i\u1ec1u kho\u1ea3n d\u1ecbch v\u1ee5 v\u00e0 ch\u00ednh s\u00e1ch b\u1ea3o m\u1eadt c\u1ee7a h\u1ecd \u0111\u1ec3 b\u1ea3o v\u1ec7 quy\u1ec1n l\u1ee3i c\u1ee7a m\u00ecnh.<\/p>\n\n\n\n<h2 class=\"wp-block-heading\" id=\"h-6-amendments-to-terms-of-service\"><span class=\"ez-toc-section\" id=\"6-amendments-to-terms-of-service\"><\/span><strong>6. S\u1eeda \u0111\u1ed5i \u0110i\u1ec1u kho\u1ea3n D\u1ecbch v\u1ee5<\/strong><span class=\"ez-toc-section-end\"><\/span><\/h2>\n\n\n\n<p>SJ Gauge c\u00f3 quy\u1ec1n s\u1eeda \u0111\u1ed5i ho\u1eb7c \u0111i\u1ec1u ch\u1ec9nh c\u00e1c \u0110i\u1ec1u kho\u1ea3n D\u1ecbch v\u1ee5 n\u00e0y v\u00e0o b\u1ea5t k\u1ef3 th\u1eddi \u0111i\u1ec3m n\u00e0o. C\u00e1c \u0111i\u1ec1u kho\u1ea3n \u0111\u00e3 \u0111\u01b0\u1ee3c s\u1eeda \u0111\u1ed5i s\u1ebd \u0111\u01b0\u1ee3c \u0111\u0103ng t\u1ea3i ngay l\u1eadp t\u1ee9c tr\u00ean Trang web n\u00e0y. B\u1ea1n \u0111\u01b0\u1ee3c khuy\u1ebfn kh\u00edch xem x\u00e9t ch\u00fang \u0111\u1ecbnh k\u1ef3. Vi\u1ec7c ti\u1ebfp t\u1ee5c s\u1eed d\u1ee5ng Trang web n\u00e0y sau khi c\u00f3 c\u00e1c s\u1eeda \u0111\u1ed5i s\u1ebd \u0111\u01b0\u1ee3c coi l\u00e0 s\u1ef1 ch\u1ea5p nh\u1eadn c\u00e1c \u0111i\u1ec1u kho\u1ea3n \u0111\u00e3 \u0111\u01b0\u1ee3c c\u1eadp nh\u1eadt.<\/p>\n\n\n\n<h2 class=\"wp-block-heading\" id=\"h-7-termination-of-services\"><span class=\"ez-toc-section\" id=\"7-termination-of-services\"><\/span><strong>7. Ch\u1ea5m d\u1ee9t d\u1ecbch v\u1ee5<\/strong><span class=\"ez-toc-section-end\"><\/span><\/h2>\n\n\n\n<p>SJ Gauge c\u00f3 quy\u1ec1n t\u1ea1m ng\u1eebng ho\u1eb7c ch\u1ea5m d\u1ee9t to\u00e0n b\u1ed9 ho\u1eb7c m\u1ed9t ph\u1ea7n d\u1ecbch v\u1ee5 c\u1ee7a Trang web n\u00e0y v\u00e0o b\u1ea5t k\u1ef3 th\u1eddi \u0111i\u1ec3m n\u00e0o m\u00e0 kh\u00f4ng c\u1ea7n th\u00f4ng b\u00e1o tr\u01b0\u1edbc v\u00e0 kh\u00f4ng ch\u1ecbu b\u1ea5t k\u1ef3 tr\u00e1ch nhi\u1ec7m n\u00e0o. Ngo\u00e0i ra, n\u1ebfu ng\u01b0\u1eddi d\u00f9ng \u0111\u01b0\u1ee3c ph\u00e1t hi\u1ec7n vi ph\u1ea1m c\u00e1c \u0110i\u1ec1u kho\u1ea3n D\u1ecbch v\u1ee5 n\u00e0y ho\u1eb7c c\u00f3 h\u00e0nh vi kh\u00f4ng ph\u00f9 h\u1ee3p, SJ Gauge c\u00f3 quy\u1ec1n ngay l\u1eadp t\u1ee9c ch\u1ea5m d\u1ee9t quy\u1ec1n truy c\u1eadp c\u1ee7a h\u1ecd v\u00e0o Trang web n\u00e0y.<\/p>\n\n\n\n<h2 class=\"wp-block-heading\" id=\"h-8-governing-law-and-jurisdiction\"><span class=\"ez-toc-section\" id=\"8-governing-law-and-jurisdiction\"><\/span><strong>8. Lu\u1eadt \u00e1p d\u1ee5ng v\u00e0 th\u1ea9m quy\u1ec1n x\u00e9t x\u1eed<\/strong><span class=\"ez-toc-section-end\"><\/span><\/h2>\n\n\n\n<p>Vi\u1ec7c gi\u1ea3i th\u00edch v\u00e0 \u00e1p d\u1ee5ng c\u00e1c \u0110i\u1ec1u kho\u1ea3n D\u1ecbch v\u1ee5 n\u00e0y s\u1ebd tu\u00e2n theo ph\u00e1p lu\u1eadt c\u1ee7a C\u1ed9ng h\u00f2a Trung Hoa (\u0110\u00e0i Loan). Trong tr\u01b0\u1eddng h\u1ee3p c\u00f3 tranh ch\u1ea5p, c\u1ea3 hai b\u00ean \u0111\u1ed3ng \u00fd n\u1ed9p \u0111\u01a1n l\u00ean T\u00f2a \u00e1n Qu\u1eadn \u0110\u00e0i B\u1eafc t\u1ea1i \u0110\u00e0i Loan l\u00e0m t\u00f2a \u00e1n s\u01a1 th\u1ea9m. Ng\u01b0\u1eddi d\u00f9ng \u0111\u1ed3ng \u00fd ch\u1ecbu m\u1ecdi chi ph\u00ed ph\u00e1p l\u00fd v\u00e0 b\u1ed3i th\u01b0\u1eddng thi\u1ec7t h\u1ea1i n\u1ebfu SJ Gauge ch\u1ecbu thi\u1ec7t h\u1ea1i do vi ph\u1ea1m c\u00e1c \u0110i\u1ec1u kho\u1ea3n D\u1ecbch v\u1ee5 n\u00e0y.<\/p>\n\n\n\n<h2 class=\"wp-block-heading\" id=\"h-9-contact-information\"><span class=\"ez-toc-section\" id=\"9-contact-information\"><\/span><strong>9. Th\u00f4ng tin li\u00ean h\u1ec7<\/strong><span class=\"ez-toc-section-end\"><\/span><\/h2>\n\n\n\n<p>N\u1ebfu b\u1ea1n c\u00f3 b\u1ea5t k\u1ef3 c\u00e2u h\u1ecfi ho\u1eb7c \u0111\u1ec1 xu\u1ea5t n\u00e0o li\u00ean quan \u0111\u1ebfn \u0110i\u1ec1u kho\u1ea3n D\u1ecbch v\u1ee5 n\u00e0y, vui l\u00f2ng li\u00ean h\u1ec7 v\u1edbi ch\u00fang t\u00f4i:<br>Email: info@sinjiagauge.com<br>\u0110\u01b0\u1eddng d\u00e2y n\u00f3ng D\u1ecbch v\u1ee5 Kh\u00e1ch h\u00e0ng: +886-2-25504512<\/p>\n\n\n\n<p><em>C\u1eadp nh\u1eadt l\u1ea7n cu\u1ed1i: 21 th\u00e1ng 6 n\u0103m 2025<\/em><\/p>","protected":false},"excerpt":{"rendered":"<p>C\u1ea3m \u01a1n qu\u00fd kh\u00e1ch \u0111\u00e3 truy c\u1eadp trang web ch\u00ednh th\u1ee9c c\u1ee7a SJ Gauge (sau \u0111\u00e2y g\u1ecdi t\u1eaft l\u00e0 \u201cTrang web n\u00e0y\u201d). Tr\u01b0\u1edbc khi s\u1eed d\u1ee5ng c\u00e1c d\u1ecbch v\u1ee5 c\u1ee7a Trang web n\u00e0y, vui l\u00f2ng \u0111\u1ecdc k\u1ef9 c\u00e1c \u0110i\u1ec1u kho\u1ea3n S\u1eed d\u1ee5ng sau \u0111\u00e2y. B\u1eb1ng vi\u1ec7c ti\u1ebfp t\u1ee5c s\u1eed d\u1ee5ng Trang web n\u00e0y, qu\u00fd kh\u00e1ch \u0111\u1ed3ng \u00fd tu\u00e2n th\u1ee7 c\u00e1c \u0111i\u1ec1u kho\u1ea3n sau. 1. S\u1ef1 ch\u1ea5p nh\u1eadn \u0110i\u1ec1u kho\u1ea3n B\u1eb1ng vi\u1ec7c truy c\u1eadp Trang web n\u00e0y, qu\u00fd kh\u00e1ch x\u00e1c nh\u1eadn r\u1eb1ng [\u2026]<\/p>","protected":false},"author":1,"featured_media":0,"parent":0,"menu_order":0,"comment_status":"closed","ping_status":"closed","template":"","meta":{"_acf_changed":false,"footnotes":""},"class_list":["post-3756","page","type-page","status-publish","hentry"],"blocksy_meta":[],"acf":[],"yoast_head":"<!-- This site is optimized with the Yoast SEO Premium plugin v26.7 (Yoast SEO v27.4) - https:\/\/yoast.com\/product\/yoast-seo-premium-wordpress\/ -->\n<title>Terms of Service - SJ Gauge | Pressure Gauges, Thermometers &amp; Pressure Sensors<\/title>\n<meta name=\"robots\" content=\"index, follow, max-snippet:-1, max-image-preview:large, max-video-preview:-1\" \/>\n<link rel=\"canonical\" href=\"https:\/\/www.sj-gauge.com\/vi\/terms-of-service\/\" \/>\n<meta property=\"og:locale\" content=\"vi_VN\" \/>\n<meta property=\"og:type\" content=\"article\" \/>\n<meta property=\"og:title\" content=\"Terms of Service\" \/>\n<meta property=\"og:description\" content=\"Thank you for visiting the official website of SJ Gauge (hereinafter referred to as \u201cthis Website\u201d). Before using the services of this Website, please read the following Terms of Service carefully. By continuing to use this Website, you agree to comply with the following terms. 1. Acceptance of Terms By accessing this Website, you acknowledge [&hellip;]\" \/>\n<meta property=\"og:url\" content=\"https:\/\/www.sj-gauge.com\/vi\/terms-of-service\/\" \/>\n<meta property=\"og:site_name\" content=\"SJ Gauge | Pressure Gauges, Thermometers &amp; Pressure Sensors\" \/>\n<meta property=\"article:modified_time\" content=\"2026-02-09T03:03:21+00:00\" \/>\n<meta name=\"twitter:card\" content=\"summary_large_image\" \/>\n<meta name=\"twitter:label1\" content=\"\u01af\u1edbc t\u00ednh th\u1eddi gian \u0111\u1ecdc\" \/>\n\t<meta name=\"twitter:data1\" content=\"3 ph\u00fat\" \/>\n<script type=\"application\/ld+json\" class=\"yoast-schema-graph\">{\"@context\":\"https:\\\/\\\/schema.org\",\"@graph\":[{\"@type\":\"WebPage\",\"@id\":\"https:\\\/\\\/www.sj-gauge.com\\\/terms-of-service\\\/\",\"url\":\"https:\\\/\\\/www.sj-gauge.com\\\/terms-of-service\\\/\",\"name\":\"Terms of Service - SJ Gauge | Pressure Gauges, Thermometers &amp; Pressure Sensors\",\"isPartOf\":{\"@id\":\"https:\\\/\\\/www.sj-gauge.com\\\/#website\"},\"datePublished\":\"2026-02-09T02:46:07+00:00\",\"dateModified\":\"2026-02-09T03:03:21+00:00\",\"breadcrumb\":{\"@id\":\"https:\\\/\\\/www.sj-gauge.com\\\/terms-of-service\\\/#breadcrumb\"},\"inLanguage\":\"vi\",\"potentialAction\":[{\"@type\":\"ReadAction\",\"target\":[\"https:\\\/\\\/www.sj-gauge.com\\\/terms-of-service\\\/\"]}]},{\"@type\":\"BreadcrumbList\",\"@id\":\"https:\\\/\\\/www.sj-gauge.com\\\/terms-of-service\\\/#breadcrumb\",\"itemListElement\":[{\"@type\":\"ListItem\",\"position\":1,\"name\":\"Home\",\"item\":\"https:\\\/\\\/www.sj-gauge.com\\\/\"},{\"@type\":\"ListItem\",\"position\":2,\"name\":\"Terms of Service\"}]},{\"@type\":\"WebSite\",\"@id\":\"https:\\\/\\\/www.sj-gauge.com\\\/#website\",\"url\":\"https:\\\/\\\/www.sj-gauge.com\\\/\",\"name\":\"SJ Gauge | Pressure Gauges, Thermometers &amp; Pressure Sensors\",\"description\":\"Manufacturer of industrial pressure gauges, pressure sensors, and transmitters. SJ Gauge provides high accuracy, durable materials, and custom solutions for oil &amp; gas, chemical, and industrial applications.\",\"publisher\":{\"@id\":\"https:\\\/\\\/www.sj-gauge.com\\\/#organization\"},\"potentialAction\":[{\"@type\":\"SearchAction\",\"target\":{\"@type\":\"EntryPoint\",\"urlTemplate\":\"https:\\\/\\\/www.sj-gauge.com\\\/?s={search_term_string}\"},\"query-input\":{\"@type\":\"PropertyValueSpecification\",\"valueRequired\":true,\"valueName\":\"search_term_string\"}}],\"inLanguage\":\"vi\"},{\"@type\":\"Organization\",\"@id\":\"https:\\\/\\\/www.sj-gauge.com\\\/#organization\",\"name\":\"SJ Gauge | Pressure Gauges, Thermometers &amp; Pressure Sensors\",\"url\":\"https:\\\/\\\/www.sj-gauge.com\\\/\",\"logo\":{\"@type\":\"ImageObject\",\"inLanguage\":\"vi\",\"@id\":\"https:\\\/\\\/www.sj-gauge.com\\\/#\\\/schema\\\/logo\\\/image\\\/\",\"url\":\"https:\\\/\\\/www.sj-gauge.com\\\/wp-content\\\/uploads\\\/2025\\\/09\\\/logo.webp\",\"contentUrl\":\"https:\\\/\\\/www.sj-gauge.com\\\/wp-content\\\/uploads\\\/2025\\\/09\\\/logo.webp\",\"width\":348,\"height\":184,\"caption\":\"SJ Gauge | Pressure Gauges, Thermometers &amp; Pressure Sensors\"},\"image\":{\"@id\":\"https:\\\/\\\/www.sj-gauge.com\\\/#\\\/schema\\\/logo\\\/image\\\/\"}}]}<\/script>\n<!-- \/ Yoast SEO Premium plugin. -->","yoast_head_json":{"title":"\u0110i\u1ec1u kho\u1ea3n d\u1ecbch v\u1ee5 - SJ Gauge | \u0110\u1ed3ng h\u1ed3 \u0111o \u00e1p su\u1ea5t, nhi\u1ec7t k\u1ebf v\u00e0 c\u1ea3m bi\u1ebfn \u00e1p su\u1ea5t","robots":{"index":"index","follow":"follow","max-snippet":"max-snippet:-1","max-image-preview":"max-image-preview:large","max-video-preview":"max-video-preview:-1"},"canonical":"https:\/\/www.sj-gauge.com\/vi\/terms-of-service\/","og_locale":"vi_VN","og_type":"article","og_title":"Terms of Service","og_description":"Thank you for visiting the official website of SJ Gauge (hereinafter referred to as \u201cthis Website\u201d). Before using the services of this Website, please read the following Terms of Service carefully. By continuing to use this Website, you agree to comply with the following terms. 1. Acceptance of Terms By accessing this Website, you acknowledge [&hellip;]","og_url":"https:\/\/www.sj-gauge.com\/vi\/terms-of-service\/","og_site_name":"SJ Gauge | Pressure Gauges, Thermometers &amp; Pressure Sensors","article_modified_time":"2026-02-09T03:03:21+00:00","twitter_card":"summary_large_image","twitter_misc":{"\u01af\u1edbc t\u00ednh th\u1eddi gian \u0111\u1ecdc":"3 ph\u00fat"},"schema":{"@context":"https:\/\/schema.org","@graph":[{"@type":"WebPage","@id":"https:\/\/www.sj-gauge.com\/terms-of-service\/","url":"https:\/\/www.sj-gauge.com\/terms-of-service\/","name":"\u0110i\u1ec1u kho\u1ea3n d\u1ecbch v\u1ee5 - SJ Gauge | \u0110\u1ed3ng h\u1ed3 \u0111o \u00e1p su\u1ea5t, nhi\u1ec7t k\u1ebf v\u00e0 c\u1ea3m bi\u1ebfn \u00e1p su\u1ea5t","isPartOf":{"@id":"https:\/\/www.sj-gauge.com\/#website"},"datePublished":"2026-02-09T02:46:07+00:00","dateModified":"2026-02-09T03:03:21+00:00","breadcrumb":{"@id":"https:\/\/www.sj-gauge.com\/terms-of-service\/#breadcrumb"},"inLanguage":"vi","potentialAction":[{"@type":"ReadAction","target":["https:\/\/www.sj-gauge.com\/terms-of-service\/"]}]},{"@type":"BreadcrumbList","@id":"https:\/\/www.sj-gauge.com\/terms-of-service\/#breadcrumb","itemListElement":[{"@type":"ListItem","position":1,"name":"Home","item":"https:\/\/www.sj-gauge.com\/"},{"@type":"ListItem","position":2,"name":"Terms of Service"}]},{"@type":"WebSite","@id":"https:\/\/www.sj-gauge.com\/#website","url":"https:\/\/www.sj-gauge.com\/","name":"SJ Gauge | \u0110\u1ed3ng h\u1ed3 \u0111o \u00e1p su\u1ea5t, nhi\u1ec7t k\u1ebf v\u00e0 c\u1ea3m bi\u1ebfn \u00e1p su\u1ea5t","description":"Nh\u00e0 s\u1ea3n xu\u1ea5t \u0111\u1ed3ng h\u1ed3 \u0111o \u00e1p su\u1ea5t c\u00f4ng nghi\u1ec7p, c\u1ea3m bi\u1ebfn \u00e1p su\u1ea5t v\u00e0 b\u1ed9 truy\u1ec1n t\u00edn hi\u1ec7u. SJ Gauge cung c\u1ea5p c\u00e1c s\u1ea3n ph\u1ea9m c\u00f3 \u0111\u1ed9 ch\u00ednh x\u00e1c cao, \u0111\u01b0\u1ee3c ch\u1ebf t\u1ea1o t\u1eeb v\u1eadt li\u1ec7u b\u1ec1n b\u1ec9 v\u00e0 c\u00e1c gi\u1ea3i ph\u00e1p t\u00f9y ch\u1ec9nh d\u00e0nh cho c\u00e1c \u1ee9ng d\u1ee5ng trong ng\u00e0nh d\u1ea7u kh\u00ed, h\u00f3a ch\u1ea5t v\u00e0 c\u00f4ng nghi\u1ec7p.","publisher":{"@id":"https:\/\/www.sj-gauge.com\/#organization"},"potentialAction":[{"@type":"SearchAction","target":{"@type":"EntryPoint","urlTemplate":"https:\/\/www.sj-gauge.com\/?s={search_term_string}"},"query-input":{"@type":"PropertyValueSpecification","valueRequired":true,"valueName":"search_term_string"}}],"inLanguage":"vi"},{"@type":"Organization","@id":"https:\/\/www.sj-gauge.com\/#organization","name":"SJ Gauge | \u0110\u1ed3ng h\u1ed3 \u0111o \u00e1p su\u1ea5t, nhi\u1ec7t k\u1ebf v\u00e0 c\u1ea3m bi\u1ebfn \u00e1p su\u1ea5t","url":"https:\/\/www.sj-gauge.com\/","logo":{"@type":"ImageObject","inLanguage":"vi","@id":"https:\/\/www.sj-gauge.com\/#\/schema\/logo\/image\/","url":"https:\/\/www.sj-gauge.com\/wp-content\/uploads\/2025\/09\/logo.webp","contentUrl":"https:\/\/www.sj-gauge.com\/wp-content\/uploads\/2025\/09\/logo.webp","width":348,"height":184,"caption":"SJ Gauge | Pressure Gauges, Thermometers &amp; Pressure Sensors"},"image":{"@id":"https:\/\/www.sj-gauge.com\/#\/schema\/logo\/image\/"}}]}},"_links":{"self":[{"href":"https:\/\/www.sj-gauge.com\/vi\/wp-json\/wp\/v2\/pages\/3756","targetHints":{"allow":["GET"]}}],"collection":[{"href":"https:\/\/www.sj-gauge.com\/vi\/wp-json\/wp\/v2\/pages"}],"about":[{"href":"https:\/\/www.sj-gauge.com\/vi\/wp-json\/wp\/v2\/types\/page"}],"author":[{"embeddable":true,"href":"https:\/\/www.sj-gauge.com\/vi\/wp-json\/wp\/v2\/users\/1"}],"replies":[{"embeddable":true,"href":"https:\/\/www.sj-gauge.com\/vi\/wp-json\/wp\/v2\/comments?post=3756"}],"version-history":[{"count":1,"href":"https:\/\/www.sj-gauge.com\/vi\/wp-json\/wp\/v2\/pages\/3756\/revisions"}],"predecessor-version":[{"id":3757,"href":"https:\/\/www.sj-gauge.com\/vi\/wp-json\/wp\/v2\/pages\/3756\/revisions\/3757"}],"wp:attachment":[{"href":"https:\/\/www.sj-gauge.com\/vi\/wp-json\/wp\/v2\/media?parent=3756"}],"curies":[{"name":"wp","href":"https:\/\/api.w.org\/{rel}","templated":true}]}}