{"id":1342,"date":"2025-10-28T13:29:18","date_gmt":"2025-10-28T05:29:18","guid":{"rendered":"https:\/\/sj-gauge.com\/?post_type=product&#038;p=1342"},"modified":"2026-04-03T14:04:35","modified_gmt":"2026-04-03T06:04:35","slug":"msdmp305x-tlf","status":"publish","type":"product","link":"https:\/\/www.sj-gauge.com\/vi\/san-pham\/msdmp305x-tlf\/","title":{"rendered":"C\u1ea3m bi\u1ebfn \u00e1p su\u1ea5t th\u00f4ng minh c\u00f4ng nghi\u1ec7p, v\u1ecf b\u1eb1ng th\u00e9p kh\u00f4ng g\u1ec9"},"content":{"rendered":"<p>B\u1ed9 truy\u1ec1n t\u00edn hi\u1ec7u \u00e1p su\u1ea5t t\u01b0\u01a1ng \u0111\u1ed1i MSDMP305X-TLF \u0111\u01b0\u1ee3c thi\u1ebft k\u1ebf \u0111\u1ec3 \u0111o \u00e1p su\u1ea5t m\u1ed9t c\u00e1ch \u0111\u00e1ng tin c\u1eady trong c\u00e1c m\u00f4i tr\u01b0\u1eddng c\u00f4ng nghi\u1ec7p kh\u1eafc nghi\u1ec7t v\u00e0 c\u00f3 t\u00ednh \u0103n m\u00f2n. \u0110\u01b0\u1ee3c trang b\u1ecb c\u1ea3m bi\u1ebfn silicon \u0111\u01a1n tinh th\u1ec3 hi\u1ec7u su\u1ea5t cao, thi\u1ebft b\u1ecb \u0111\u1ea3m b\u1ea3o k\u1ebft qu\u1ea3 \u0111o ch\u00ednh x\u00e1c v\u00e0 \u1ed5n \u0111\u1ecbnh \u0111\u1ed1i v\u1edbi ch\u1ea5t l\u1ecfng, kh\u00ed v\u00e0 h\u01a1i. V\u1ecf th\u00e9p kh\u00f4ng g\u1ec9 mang l\u1ea1i kh\u1ea3 n\u0103ng ch\u1ed1ng \u0103n m\u00f2n v\u01b0\u1ee3t tr\u1ed9i, gi\u00fap thi\u1ebft b\u1ecb ph\u00f9 h\u1ee3p v\u1edbi c\u00e1c \u1ee9ng d\u1ee5ng \u0111\u00f2i h\u1ecfi kh\u1eaft khe. H\u1ec7 th\u1ed1ng b\u1ea3o v\u1ec7 qu\u00e1 t\u1ea3i b\u1eb1ng m\u00e0ng k\u00e9p gi\u00fap t\u0103ng c\u01b0\u1eddng \u0111\u1ed9 b\u1ec1n trong \u0111i\u1ec1u ki\u1ec7n \u00e1p su\u1ea5t cao, trong khi c\u00f4ng ngh\u1ec7 ch\u1ea5t l\u1ecfng l\u00e0m \u0111\u1ea7y ti\u00ean ti\u1ebfn gi\u00fap gi\u1ea3m thi\u1ec3u \u1ea3nh h\u01b0\u1edfng c\u1ee7a nhi\u1ec7t \u0111\u1ed9 v\u00e0 \u00e1p su\u1ea5t t\u0129nh. V\u1edbi kh\u1ea3 n\u0103ng giao ti\u1ebfp HART, ng\u01b0\u1eddi d\u00f9ng c\u00f3 th\u1ec3 d\u1ec5 d\u00e0ng th\u1ef1c hi\u1ec7n c\u1ea5u h\u00ecnh v\u00e0 gi\u00e1m s\u00e1t t\u1eeb xa. B\u1ed9 truy\u1ec1n t\u00edn hi\u1ec7u n\u00e0y \u0111\u01b0\u1ee3c s\u1eed d\u1ee5ng r\u1ed9ng r\u00e3i trong \u0111i\u1ec1u khi\u1ec3n qu\u00e1 tr\u00ecnh, t\u1ef1 \u0111\u1ed9ng h\u00f3a c\u00f4ng nghi\u1ec7p v\u00e0 c\u00e1c \u1ee9ng d\u1ee5ng gi\u00e1m s\u00e1t \u00e1p su\u1ea5t n\u00f3i chung. \u0110\u01b0\u1ee3c ch\u1ee9ng nh\u1eadn b\u1edfi Ex, IEC, CE, RoHS v\u00e0 HART.<\/p>","protected":false},"excerpt":{"rendered":"<ul>\n<li>C\u00f4ng ngh\u1ec7 h\u00e0n th\u00e9p kh\u00f4ng g\u1ec9 v\u00e0 quy tr\u00ecnh x\u1eed l\u00fd b\u1ec1 m\u1eb7t xu\u1ea5t s\u1eafc<\/li>\n<li>B\u1ea3o v\u1ec7 m\u1ea1nh m\u1ebd v\u1edbi \u00e1p su\u1ea5t t\u0129nh cao v\u00e0 kh\u1ea3 n\u0103ng ch\u1ecbu qu\u00e1 t\u1ea3i cao.<\/li>\n<li>B\u1ed9 \u0111i\u1ec1u khi\u1ec3n HART ho\u1eb7c ph\u1ea7n m\u1ec1m HART c\u00f3 th\u1ec3 th\u1ef1c hi\u1ec7n c\u1ea5u h\u00ecnh th\u00f4ng tin \u0111o l\u01b0\u1eddng t\u1eeb xa.<\/li>\n<\/ul>","protected":false},"featured_media":1343,"template":"","meta":{"_acf_changed":false},"product_brand":[40],"product_cat":[41,15],"product_tag":[],"class_list":{"0":"post-1342","1":"product","2":"type-product","3":"status-publish","4":"has-post-thumbnail","6":"product_brand-sj-gauge","7":"product_cat-pressure-instruments","8":"product_cat-pressure-sensors","10":"first","11":"instock","12":"shipping-taxable","13":"product-type-simple"},"acf":[],"yoast_head":"<!-- This site is optimized with the Yoast SEO Premium plugin v26.7 (Yoast SEO v27.4) - https:\/\/yoast.com\/product\/yoast-seo-premium-wordpress\/ -->\n<title>Stainless Steel Gauge Pressure Transmitter | Industrial | SJ Gauge<\/title>\n<meta name=\"description\" content=\"MSDMP305X-TLF gauge pressure transmitter with stainless steel housing, designed for accurate and stable pressure measurement in corrosive and demanding industrial environments.\" \/>\n<meta name=\"robots\" content=\"index, follow, max-snippet:-1, max-image-preview:large, max-video-preview:-1\" \/>\n<link rel=\"canonical\" href=\"https:\/\/www.sj-gauge.com\/vi\/san-pham\/msdmp305x-tlf\/\" \/>\n<meta property=\"og:locale\" content=\"vi_VN\" \/>\n<meta property=\"og:type\" content=\"article\" \/>\n<meta property=\"og:title\" content=\"Industrial Smart Pressure Transmitter, Stainless Steel Case\" \/>\n<meta property=\"og:description\" content=\"MSDMP305X-TLF gauge pressure transmitter with stainless steel housing, designed for accurate and stable pressure measurement in corrosive and demanding industrial environments.\" \/>\n<meta property=\"og:url\" content=\"https:\/\/www.sj-gauge.com\/vi\/san-pham\/msdmp305x-tlf\/\" \/>\n<meta property=\"og:site_name\" content=\"SJ Gauge | Pressure Gauges, Thermometers &amp; Pressure Sensors\" \/>\n<meta property=\"article:modified_time\" content=\"2026-04-03T06:04:35+00:00\" \/>\n<meta property=\"og:image\" content=\"https:\/\/www.sj-gauge.com\/wp-content\/uploads\/2025\/10\/SJ-Gauge_Smart_Pressure_Transmitter_with_SS_Case_L.jpg\" \/>\n\t<meta property=\"og:image:width\" content=\"1200\" \/>\n\t<meta property=\"og:image:height\" content=\"1000\" \/>\n\t<meta property=\"og:image:type\" content=\"image\/jpeg\" \/>\n<meta name=\"twitter:card\" content=\"summary_large_image\" \/>\n<meta name=\"twitter:label1\" content=\"\u01af\u1edbc t\u00ednh th\u1eddi gian \u0111\u1ecdc\" \/>\n\t<meta name=\"twitter:data1\" content=\"1 ph\u00fat\" \/>\n<script type=\"application\/ld+json\" class=\"yoast-schema-graph\">{\"@context\":\"https:\\\/\\\/schema.org\",\"@graph\":[{\"@type\":\"WebPage\",\"@id\":\"https:\\\/\\\/www.sj-gauge.com\\\/product\\\/msdmp305x-tlf\\\/\",\"url\":\"https:\\\/\\\/www.sj-gauge.com\\\/product\\\/msdmp305x-tlf\\\/\",\"name\":\"Stainless Steel Gauge Pressure Transmitter | Industrial | SJ Gauge\",\"isPartOf\":{\"@id\":\"https:\\\/\\\/www.sj-gauge.com\\\/#website\"},\"primaryImageOfPage\":{\"@id\":\"https:\\\/\\\/www.sj-gauge.com\\\/product\\\/msdmp305x-tlf\\\/#primaryimage\"},\"image\":{\"@id\":\"https:\\\/\\\/www.sj-gauge.com\\\/product\\\/msdmp305x-tlf\\\/#primaryimage\"},\"thumbnailUrl\":\"https:\\\/\\\/www.sj-gauge.com\\\/wp-content\\\/uploads\\\/2025\\\/10\\\/SJ-Gauge_Smart_Pressure_Transmitter_with_SS_Case_L.jpg\",\"datePublished\":\"2025-10-28T05:29:18+00:00\",\"dateModified\":\"2026-04-03T06:04:35+00:00\",\"description\":\"MSDMP305X-TLF gauge pressure transmitter with stainless steel housing, designed for accurate and stable pressure measurement in corrosive and demanding industrial environments.\",\"breadcrumb\":{\"@id\":\"https:\\\/\\\/www.sj-gauge.com\\\/product\\\/msdmp305x-tlf\\\/#breadcrumb\"},\"inLanguage\":\"vi\",\"potentialAction\":[{\"@type\":\"ReadAction\",\"target\":[\"https:\\\/\\\/www.sj-gauge.com\\\/product\\\/msdmp305x-tlf\\\/\"]}]},{\"@type\":\"ImageObject\",\"inLanguage\":\"vi\",\"@id\":\"https:\\\/\\\/www.sj-gauge.com\\\/product\\\/msdmp305x-tlf\\\/#primaryimage\",\"url\":\"https:\\\/\\\/www.sj-gauge.com\\\/wp-content\\\/uploads\\\/2025\\\/10\\\/SJ-Gauge_Smart_Pressure_Transmitter_with_SS_Case_L.jpg\",\"contentUrl\":\"https:\\\/\\\/www.sj-gauge.com\\\/wp-content\\\/uploads\\\/2025\\\/10\\\/SJ-Gauge_Smart_Pressure_Transmitter_with_SS_Case_L.jpg\",\"width\":1200,\"height\":1000},{\"@type\":\"BreadcrumbList\",\"@id\":\"https:\\\/\\\/www.sj-gauge.com\\\/product\\\/msdmp305x-tlf\\\/#breadcrumb\",\"itemListElement\":[{\"@type\":\"ListItem\",\"position\":1,\"name\":\"Home\",\"item\":\"https:\\\/\\\/www.sj-gauge.com\\\/\"},{\"@type\":\"ListItem\",\"position\":2,\"name\":\"Products\",\"item\":\"https:\\\/\\\/www.sj-gauge.com\\\/products\\\/\"},{\"@type\":\"ListItem\",\"position\":3,\"name\":\"Industrial Smart Pressure Transmitter, Stainless Steel Case\"}]},{\"@type\":\"WebSite\",\"@id\":\"https:\\\/\\\/www.sj-gauge.com\\\/#website\",\"url\":\"https:\\\/\\\/www.sj-gauge.com\\\/\",\"name\":\"SJ Gauge | Pressure Gauges, Thermometers &amp; Pressure Sensors\",\"description\":\"Manufacturer of industrial pressure gauges, pressure sensors, and transmitters. SJ Gauge provides high accuracy, durable materials, and custom solutions for oil &amp; gas, chemical, and industrial applications.\",\"publisher\":{\"@id\":\"https:\\\/\\\/www.sj-gauge.com\\\/#organization\"},\"potentialAction\":[{\"@type\":\"SearchAction\",\"target\":{\"@type\":\"EntryPoint\",\"urlTemplate\":\"https:\\\/\\\/www.sj-gauge.com\\\/?s={search_term_string}\"},\"query-input\":{\"@type\":\"PropertyValueSpecification\",\"valueRequired\":true,\"valueName\":\"search_term_string\"}}],\"inLanguage\":\"vi\"},{\"@type\":\"Organization\",\"@id\":\"https:\\\/\\\/www.sj-gauge.com\\\/#organization\",\"name\":\"SJ Gauge | Pressure Gauges, Thermometers &amp; Pressure Sensors\",\"url\":\"https:\\\/\\\/www.sj-gauge.com\\\/\",\"logo\":{\"@type\":\"ImageObject\",\"inLanguage\":\"vi\",\"@id\":\"https:\\\/\\\/www.sj-gauge.com\\\/#\\\/schema\\\/logo\\\/image\\\/\",\"url\":\"https:\\\/\\\/www.sj-gauge.com\\\/wp-content\\\/uploads\\\/2025\\\/09\\\/logo.webp\",\"contentUrl\":\"https:\\\/\\\/www.sj-gauge.com\\\/wp-content\\\/uploads\\\/2025\\\/09\\\/logo.webp\",\"width\":348,\"height\":184,\"caption\":\"SJ Gauge | Pressure Gauges, Thermometers &amp; Pressure Sensors\"},\"image\":{\"@id\":\"https:\\\/\\\/www.sj-gauge.com\\\/#\\\/schema\\\/logo\\\/image\\\/\"}}]}<\/script>\n<!-- \/ Yoast SEO Premium plugin. -->","yoast_head_json":{"title":"B\u1ed9 truy\u1ec1n t\u00edn hi\u1ec7u \u00e1p su\u1ea5t \u0111\u1ed3ng h\u1ed3 \u0111o b\u1eb1ng th\u00e9p kh\u00f4ng g\u1ec9 | C\u00f4ng nghi\u1ec7p | SJ Gauge","description":"B\u1ed9 truy\u1ec1n t\u00edn hi\u1ec7u \u00e1p su\u1ea5t t\u01b0\u01a1ng \u0111\u1ed1i MSDMP305X-TLF v\u1edbi v\u1ecf b\u1eb1ng th\u00e9p kh\u00f4ng g\u1ec9, \u0111\u01b0\u1ee3c thi\u1ebft k\u1ebf \u0111\u1ec3 \u0111o \u00e1p su\u1ea5t ch\u00ednh x\u00e1c v\u00e0 \u1ed5n \u0111\u1ecbnh trong c\u00e1c m\u00f4i tr\u01b0\u1eddng c\u00f4ng nghi\u1ec7p c\u00f3 t\u00ednh \u0103n m\u00f2n v\u00e0 kh\u1eafc nghi\u1ec7t.","robots":{"index":"index","follow":"follow","max-snippet":"max-snippet:-1","max-image-preview":"max-image-preview:large","max-video-preview":"max-video-preview:-1"},"canonical":"https:\/\/www.sj-gauge.com\/vi\/san-pham\/msdmp305x-tlf\/","og_locale":"vi_VN","og_type":"article","og_title":"Industrial Smart Pressure Transmitter, Stainless Steel Case","og_description":"MSDMP305X-TLF gauge pressure transmitter with stainless steel housing, designed for accurate and stable pressure measurement in corrosive and demanding industrial environments.","og_url":"https:\/\/www.sj-gauge.com\/vi\/san-pham\/msdmp305x-tlf\/","og_site_name":"SJ Gauge | Pressure Gauges, Thermometers &amp; Pressure Sensors","article_modified_time":"2026-04-03T06:04:35+00:00","og_image":[{"width":1200,"height":1000,"url":"https:\/\/www.sj-gauge.com\/wp-content\/uploads\/2025\/10\/SJ-Gauge_Smart_Pressure_Transmitter_with_SS_Case_L.jpg","type":"image\/jpeg"}],"twitter_card":"summary_large_image","twitter_misc":{"\u01af\u1edbc t\u00ednh th\u1eddi gian \u0111\u1ecdc":"1 ph\u00fat"},"schema":{"@context":"https:\/\/schema.org","@graph":[{"@type":"WebPage","@id":"https:\/\/www.sj-gauge.com\/product\/msdmp305x-tlf\/","url":"https:\/\/www.sj-gauge.com\/product\/msdmp305x-tlf\/","name":"B\u1ed9 truy\u1ec1n t\u00edn hi\u1ec7u \u00e1p su\u1ea5t \u0111\u1ed3ng h\u1ed3 \u0111o b\u1eb1ng th\u00e9p kh\u00f4ng g\u1ec9 | C\u00f4ng nghi\u1ec7p | SJ Gauge","isPartOf":{"@id":"https:\/\/www.sj-gauge.com\/#website"},"primaryImageOfPage":{"@id":"https:\/\/www.sj-gauge.com\/product\/msdmp305x-tlf\/#primaryimage"},"image":{"@id":"https:\/\/www.sj-gauge.com\/product\/msdmp305x-tlf\/#primaryimage"},"thumbnailUrl":"https:\/\/www.sj-gauge.com\/wp-content\/uploads\/2025\/10\/SJ-Gauge_Smart_Pressure_Transmitter_with_SS_Case_L.jpg","datePublished":"2025-10-28T05:29:18+00:00","dateModified":"2026-04-03T06:04:35+00:00","description":"B\u1ed9 truy\u1ec1n t\u00edn hi\u1ec7u \u00e1p su\u1ea5t t\u01b0\u01a1ng \u0111\u1ed1i MSDMP305X-TLF v\u1edbi v\u1ecf b\u1eb1ng th\u00e9p kh\u00f4ng g\u1ec9, \u0111\u01b0\u1ee3c thi\u1ebft k\u1ebf \u0111\u1ec3 \u0111o \u00e1p su\u1ea5t ch\u00ednh x\u00e1c v\u00e0 \u1ed5n \u0111\u1ecbnh trong c\u00e1c m\u00f4i tr\u01b0\u1eddng c\u00f4ng nghi\u1ec7p c\u00f3 t\u00ednh \u0103n m\u00f2n v\u00e0 kh\u1eafc nghi\u1ec7t.","breadcrumb":{"@id":"https:\/\/www.sj-gauge.com\/product\/msdmp305x-tlf\/#breadcrumb"},"inLanguage":"vi","potentialAction":[{"@type":"ReadAction","target":["https:\/\/www.sj-gauge.com\/product\/msdmp305x-tlf\/"]}]},{"@type":"ImageObject","inLanguage":"vi","@id":"https:\/\/www.sj-gauge.com\/product\/msdmp305x-tlf\/#primaryimage","url":"https:\/\/www.sj-gauge.com\/wp-content\/uploads\/2025\/10\/SJ-Gauge_Smart_Pressure_Transmitter_with_SS_Case_L.jpg","contentUrl":"https:\/\/www.sj-gauge.com\/wp-content\/uploads\/2025\/10\/SJ-Gauge_Smart_Pressure_Transmitter_with_SS_Case_L.jpg","width":1200,"height":1000},{"@type":"BreadcrumbList","@id":"https:\/\/www.sj-gauge.com\/product\/msdmp305x-tlf\/#breadcrumb","itemListElement":[{"@type":"ListItem","position":1,"name":"Home","item":"https:\/\/www.sj-gauge.com\/"},{"@type":"ListItem","position":2,"name":"Products","item":"https:\/\/www.sj-gauge.com\/products\/"},{"@type":"ListItem","position":3,"name":"Industrial Smart Pressure Transmitter, Stainless Steel Case"}]},{"@type":"WebSite","@id":"https:\/\/www.sj-gauge.com\/#website","url":"https:\/\/www.sj-gauge.com\/","name":"SJ Gauge | \u0110\u1ed3ng h\u1ed3 \u0111o \u00e1p su\u1ea5t, nhi\u1ec7t k\u1ebf v\u00e0 c\u1ea3m bi\u1ebfn \u00e1p su\u1ea5t","description":"Nh\u00e0 s\u1ea3n xu\u1ea5t \u0111\u1ed3ng h\u1ed3 \u0111o \u00e1p su\u1ea5t c\u00f4ng nghi\u1ec7p, c\u1ea3m bi\u1ebfn \u00e1p su\u1ea5t v\u00e0 b\u1ed9 truy\u1ec1n t\u00edn hi\u1ec7u. SJ Gauge cung c\u1ea5p c\u00e1c s\u1ea3n ph\u1ea9m c\u00f3 \u0111\u1ed9 ch\u00ednh x\u00e1c cao, \u0111\u01b0\u1ee3c ch\u1ebf t\u1ea1o t\u1eeb v\u1eadt li\u1ec7u b\u1ec1n b\u1ec9 v\u00e0 c\u00e1c gi\u1ea3i ph\u00e1p t\u00f9y ch\u1ec9nh d\u00e0nh cho c\u00e1c \u1ee9ng d\u1ee5ng trong ng\u00e0nh d\u1ea7u kh\u00ed, h\u00f3a ch\u1ea5t v\u00e0 c\u00f4ng nghi\u1ec7p.","publisher":{"@id":"https:\/\/www.sj-gauge.com\/#organization"},"potentialAction":[{"@type":"SearchAction","target":{"@type":"EntryPoint","urlTemplate":"https:\/\/www.sj-gauge.com\/?s={search_term_string}"},"query-input":{"@type":"PropertyValueSpecification","valueRequired":true,"valueName":"search_term_string"}}],"inLanguage":"vi"},{"@type":"Organization","@id":"https:\/\/www.sj-gauge.com\/#organization","name":"SJ Gauge | \u0110\u1ed3ng h\u1ed3 \u0111o \u00e1p su\u1ea5t, nhi\u1ec7t k\u1ebf v\u00e0 c\u1ea3m bi\u1ebfn \u00e1p su\u1ea5t","url":"https:\/\/www.sj-gauge.com\/","logo":{"@type":"ImageObject","inLanguage":"vi","@id":"https:\/\/www.sj-gauge.com\/#\/schema\/logo\/image\/","url":"https:\/\/www.sj-gauge.com\/wp-content\/uploads\/2025\/09\/logo.webp","contentUrl":"https:\/\/www.sj-gauge.com\/wp-content\/uploads\/2025\/09\/logo.webp","width":348,"height":184,"caption":"SJ Gauge | Pressure Gauges, Thermometers &amp; Pressure Sensors"},"image":{"@id":"https:\/\/www.sj-gauge.com\/#\/schema\/logo\/image\/"}}]}},"_links":{"self":[{"href":"https:\/\/www.sj-gauge.com\/vi\/wp-json\/wp\/v2\/product\/1342","targetHints":{"allow":["GET"]}}],"collection":[{"href":"https:\/\/www.sj-gauge.com\/vi\/wp-json\/wp\/v2\/product"}],"about":[{"href":"https:\/\/www.sj-gauge.com\/vi\/wp-json\/wp\/v2\/types\/product"}],"wp:featuredmedia":[{"embeddable":true,"href":"https:\/\/www.sj-gauge.com\/vi\/wp-json\/wp\/v2\/media\/1343"}],"wp:attachment":[{"href":"https:\/\/www.sj-gauge.com\/vi\/wp-json\/wp\/v2\/media?parent=1342"}],"wp:term":[{"taxonomy":"product_brand","embeddable":true,"href":"https:\/\/www.sj-gauge.com\/vi\/wp-json\/wp\/v2\/product_brand?post=1342"},{"taxonomy":"product_cat","embeddable":true,"href":"https:\/\/www.sj-gauge.com\/vi\/wp-json\/wp\/v2\/product_cat?post=1342"},{"taxonomy":"product_tag","embeddable":true,"href":"https:\/\/www.sj-gauge.com\/vi\/wp-json\/wp\/v2\/product_tag?post=1342"}],"curies":[{"name":"wp","href":"https:\/\/api.w.org\/{rel}","templated":true}]}}