{"id":1363,"date":"2025-10-29T11:43:59","date_gmt":"2025-10-29T03:43:59","guid":{"rendered":"https:\/\/sj-gauge.com\/?post_type=product&#038;p=1363"},"modified":"2026-04-03T14:02:07","modified_gmt":"2026-04-03T06:02:07","slug":"mssmp858-dst","status":"publish","type":"product","link":"https:\/\/www.sj-gauge.com\/vi\/san-pham\/mssmp858-dst\/","title":{"rendered":"C\u1ea3m bi\u1ebfn \u00e1p su\u1ea5t ch\u00eanh l\u1ec7ch m\u00e0ng th\u00f4ng minh, c\u1ea5u tr\u00fac m\u1eb7t b\u00edch"},"content":{"rendered":"<p>B\u1ed9 truy\u1ec1n t\u00edn hi\u1ec7u n\u00e0y \u0111\u01b0\u1ee3c trang b\u1ecb c\u1ea3m bi\u1ebfn monosilicon k\u00edn ho\u00e0n to\u00e0n c\u00f3 b\u1eb1ng s\u00e1ng ch\u1ebf v\u00e0 c\u00f4ng ngh\u1ec7 ch\u1ea5t l\u1ecfng \u0111i\u1ec1n ch\u00ednh x\u00e1c, gi\u00fap gi\u1ea3m thi\u1ec3u t\u00e1c \u0111\u1ed9ng c\u1ee7a nhi\u1ec7t \u0111\u1ed9 v\u00e0 \u00e1p su\u1ea5t t\u0129nh. H\u1ec7 th\u1ed1ng b\u1ea3o v\u1ec7 qu\u00e1 t\u1ea3i hai m\u00e0ng \u0111\u1ea3m b\u1ea3o \u0111\u1ed9 \u1ed5n \u0111\u1ecbnh v\u00e0 \u0111\u1ed9 tin c\u1eady cao ngay c\u1ea3 trong \u0111i\u1ec1u ki\u1ec7n \u00e1p su\u1ea5t c\u1ef1c \u0111oan. Thi\u1ebft k\u1ebf c\u00f3 flange cung c\u1ea5p kh\u1ea3 n\u0103ng k\u00edn kh\u00edt tuy\u1ec7t v\u1eddi v\u00e0 l\u1eafp \u0111\u1eb7t d\u1ec5 d\u00e0ng, l\u00fd t\u01b0\u1edfng cho vi\u1ec7c \u0111o l\u01b0\u1eddng c\u00e1c ch\u1ea5t l\u1ecfng c\u00f3 \u0111\u1ed9 nh\u1edbt cao, \u0103n m\u00f2n ho\u1eb7c nhi\u1ec7t \u0111\u1ed9 cao. \u0110\u01b0\u1ee3c ch\u1ee9ng nh\u1eadn b\u1edfi Ex, IEC, CE, RoHS v\u00e0 HART.<\/p>","protected":false},"excerpt":{"rendered":"<ul>\n<li>C\u1ea3m bi\u1ebfn \u00e1p su\u1ea5t silicon \u0111\u01a1n c\u1ef1c \u0111\u01b0\u1ee3c c\u1ea5p b\u1eb1ng s\u00e1ng ch\u1ebf ban \u0111\u1ea7u, c\u00f3 thi\u1ebft k\u1ebf ho\u00e0n to\u00e0n k\u00edn v\u00e0 c\u00e1ch ly ho\u00e0n to\u00e0n.<\/li>\n<li>C\u00f4ng ngh\u1ec7 ch\u1ea5t l\u1ecfng \u0111i\u1ec1n ch\u00ednh x\u00e1c, lo\u1ea1i b\u1ecf t\u00e1c \u0111\u1ed9ng c\u1ee7a nhi\u1ec7t \u0111\u1ed9 v\u00e0 \u00e1p su\u1ea5t t\u0129nh.<\/li>\n<li>C\u1ea5u tr\u00fac b\u1ea3o v\u1ec7 qu\u00e1 t\u1ea3i hai m\u00e0ng c\u00f3 th\u1ec3 d\u1ec5 d\u00e0ng ch\u1ecbu \u0111\u01b0\u1ee3c th\u1eed nghi\u1ec7m qu\u00e1 t\u1ea3i cao.<\/li>\n<\/ul>","protected":false},"featured_media":1365,"template":"","meta":{"_acf_changed":false},"product_brand":[40],"product_cat":[41,15],"product_tag":[],"class_list":{"0":"post-1363","1":"product","2":"type-product","3":"status-publish","4":"has-post-thumbnail","6":"product_brand-sj-gauge","7":"product_cat-pressure-instruments","8":"product_cat-pressure-sensors","10":"first","11":"instock","12":"shipping-taxable","13":"product-type-simple"},"acf":[],"yoast_head":"<!-- This site is optimized with the Yoast SEO Premium plugin v26.7 (Yoast SEO v27.4) - https:\/\/yoast.com\/product\/yoast-seo-premium-wordpress\/ -->\n<title>Flanged Differential Pressure Transmitter | Smart Design | SJ Gauge<\/title>\n<meta name=\"description\" content=\"MSSMP858-DST differential pressure transmitter with flanged construction, featuring a fully sealed monocrystalline silicon sensor and advanced filling fluid technology for accurate and stable measurement in demanding industrial applications.\" \/>\n<meta name=\"robots\" content=\"index, follow, max-snippet:-1, max-image-preview:large, max-video-preview:-1\" \/>\n<link rel=\"canonical\" href=\"https:\/\/www.sj-gauge.com\/vi\/san-pham\/mssmp858-dst\/\" \/>\n<meta property=\"og:locale\" content=\"vi_VN\" \/>\n<meta property=\"og:type\" content=\"article\" \/>\n<meta property=\"og:title\" content=\"Smart Diaphragm Differential Pressure Transmitter, Flanged Construction\" \/>\n<meta property=\"og:description\" content=\"MSSMP858-DST differential pressure transmitter with flanged construction, featuring a fully sealed monocrystalline silicon sensor and advanced filling fluid technology for accurate and stable measurement in demanding industrial applications.\" \/>\n<meta property=\"og:url\" content=\"https:\/\/www.sj-gauge.com\/vi\/san-pham\/mssmp858-dst\/\" \/>\n<meta property=\"og:site_name\" content=\"SJ Gauge | Pressure Gauges, Thermometers &amp; Pressure Sensors\" \/>\n<meta property=\"article:modified_time\" content=\"2026-04-03T06:02:07+00:00\" \/>\n<meta property=\"og:image\" content=\"https:\/\/www.sj-gauge.com\/wp-content\/uploads\/2025\/10\/SJ-Gauge_Pressure_Trasnmitter_with_Flanged_Construction_L.jpg\" \/>\n\t<meta property=\"og:image:width\" content=\"1200\" \/>\n\t<meta property=\"og:image:height\" content=\"1000\" \/>\n\t<meta property=\"og:image:type\" content=\"image\/jpeg\" \/>\n<meta name=\"twitter:card\" content=\"summary_large_image\" \/>\n<meta name=\"twitter:label1\" content=\"\u01af\u1edbc t\u00ednh th\u1eddi gian \u0111\u1ecdc\" \/>\n\t<meta name=\"twitter:data1\" content=\"1 ph\u00fat\" \/>\n<script type=\"application\/ld+json\" class=\"yoast-schema-graph\">{\"@context\":\"https:\\\/\\\/schema.org\",\"@graph\":[{\"@type\":\"WebPage\",\"@id\":\"https:\\\/\\\/www.sj-gauge.com\\\/product\\\/mssmp858-dst\\\/\",\"url\":\"https:\\\/\\\/www.sj-gauge.com\\\/product\\\/mssmp858-dst\\\/\",\"name\":\"Flanged Differential Pressure Transmitter | Smart Design | SJ Gauge\",\"isPartOf\":{\"@id\":\"https:\\\/\\\/www.sj-gauge.com\\\/#website\"},\"primaryImageOfPage\":{\"@id\":\"https:\\\/\\\/www.sj-gauge.com\\\/product\\\/mssmp858-dst\\\/#primaryimage\"},\"image\":{\"@id\":\"https:\\\/\\\/www.sj-gauge.com\\\/product\\\/mssmp858-dst\\\/#primaryimage\"},\"thumbnailUrl\":\"https:\\\/\\\/www.sj-gauge.com\\\/wp-content\\\/uploads\\\/2025\\\/10\\\/SJ-Gauge_Pressure_Trasnmitter_with_Flanged_Construction_L.jpg\",\"datePublished\":\"2025-10-29T03:43:59+00:00\",\"dateModified\":\"2026-04-03T06:02:07+00:00\",\"description\":\"MSSMP858-DST differential pressure transmitter with flanged construction, featuring a fully sealed monocrystalline silicon sensor and advanced filling fluid technology for accurate and stable measurement in demanding industrial applications.\",\"breadcrumb\":{\"@id\":\"https:\\\/\\\/www.sj-gauge.com\\\/product\\\/mssmp858-dst\\\/#breadcrumb\"},\"inLanguage\":\"vi\",\"potentialAction\":[{\"@type\":\"ReadAction\",\"target\":[\"https:\\\/\\\/www.sj-gauge.com\\\/product\\\/mssmp858-dst\\\/\"]}]},{\"@type\":\"ImageObject\",\"inLanguage\":\"vi\",\"@id\":\"https:\\\/\\\/www.sj-gauge.com\\\/product\\\/mssmp858-dst\\\/#primaryimage\",\"url\":\"https:\\\/\\\/www.sj-gauge.com\\\/wp-content\\\/uploads\\\/2025\\\/10\\\/SJ-Gauge_Pressure_Trasnmitter_with_Flanged_Construction_L.jpg\",\"contentUrl\":\"https:\\\/\\\/www.sj-gauge.com\\\/wp-content\\\/uploads\\\/2025\\\/10\\\/SJ-Gauge_Pressure_Trasnmitter_with_Flanged_Construction_L.jpg\",\"width\":1200,\"height\":1000},{\"@type\":\"BreadcrumbList\",\"@id\":\"https:\\\/\\\/www.sj-gauge.com\\\/product\\\/mssmp858-dst\\\/#breadcrumb\",\"itemListElement\":[{\"@type\":\"ListItem\",\"position\":1,\"name\":\"Home\",\"item\":\"https:\\\/\\\/www.sj-gauge.com\\\/\"},{\"@type\":\"ListItem\",\"position\":2,\"name\":\"Products\",\"item\":\"https:\\\/\\\/www.sj-gauge.com\\\/products\\\/\"},{\"@type\":\"ListItem\",\"position\":3,\"name\":\"Smart Diaphragm Differential Pressure Transmitter, Flanged Construction\"}]},{\"@type\":\"WebSite\",\"@id\":\"https:\\\/\\\/www.sj-gauge.com\\\/#website\",\"url\":\"https:\\\/\\\/www.sj-gauge.com\\\/\",\"name\":\"SJ Gauge | Pressure Gauges, Thermometers &amp; Pressure Sensors\",\"description\":\"Manufacturer of industrial pressure gauges, pressure sensors, and transmitters. SJ Gauge provides high accuracy, durable materials, and custom solutions for oil &amp; gas, chemical, and industrial applications.\",\"publisher\":{\"@id\":\"https:\\\/\\\/www.sj-gauge.com\\\/#organization\"},\"potentialAction\":[{\"@type\":\"SearchAction\",\"target\":{\"@type\":\"EntryPoint\",\"urlTemplate\":\"https:\\\/\\\/www.sj-gauge.com\\\/?s={search_term_string}\"},\"query-input\":{\"@type\":\"PropertyValueSpecification\",\"valueRequired\":true,\"valueName\":\"search_term_string\"}}],\"inLanguage\":\"vi\"},{\"@type\":\"Organization\",\"@id\":\"https:\\\/\\\/www.sj-gauge.com\\\/#organization\",\"name\":\"SJ Gauge | Pressure Gauges, Thermometers &amp; Pressure Sensors\",\"url\":\"https:\\\/\\\/www.sj-gauge.com\\\/\",\"logo\":{\"@type\":\"ImageObject\",\"inLanguage\":\"vi\",\"@id\":\"https:\\\/\\\/www.sj-gauge.com\\\/#\\\/schema\\\/logo\\\/image\\\/\",\"url\":\"https:\\\/\\\/www.sj-gauge.com\\\/wp-content\\\/uploads\\\/2025\\\/09\\\/logo.webp\",\"contentUrl\":\"https:\\\/\\\/www.sj-gauge.com\\\/wp-content\\\/uploads\\\/2025\\\/09\\\/logo.webp\",\"width\":348,\"height\":184,\"caption\":\"SJ Gauge | Pressure Gauges, Thermometers &amp; Pressure Sensors\"},\"image\":{\"@id\":\"https:\\\/\\\/www.sj-gauge.com\\\/#\\\/schema\\\/logo\\\/image\\\/\"}}]}<\/script>\n<!-- \/ Yoast SEO Premium plugin. -->","yoast_head_json":{"title":"C\u1ea3m bi\u1ebfn ch\u00eanh l\u1ec7ch \u00e1p su\u1ea5t c\u00f3 m\u1eb7t b\u00edch | Thi\u1ebft k\u1ebf th\u00f4ng minh | SJ Gauge","description":"B\u1ed9 truy\u1ec1n t\u00edn hi\u1ec7u ch\u00eanh l\u1ec7ch \u00e1p su\u1ea5t MSSMP858-DST v\u1edbi thi\u1ebft k\u1ebf m\u1eb7t b\u00edch, \u0111\u01b0\u1ee3c trang b\u1ecb c\u1ea3m bi\u1ebfn silicon \u0111\u01a1n tinh th\u1ec3 k\u00edn ho\u00e0n to\u00e0n v\u00e0 c\u00f4ng ngh\u1ec7 ch\u1ea5t l\u1ecfng l\u00e0m \u0111\u1ea7y ti\u00ean ti\u1ebfn, \u0111\u1ea3m b\u1ea3o \u0111o l\u01b0\u1eddng ch\u00ednh x\u00e1c v\u00e0 \u1ed5n \u0111\u1ecbnh trong c\u00e1c \u1ee9ng d\u1ee5ng c\u00f4ng nghi\u1ec7p \u0111\u00f2i h\u1ecfi kh\u1eaft khe.","robots":{"index":"index","follow":"follow","max-snippet":"max-snippet:-1","max-image-preview":"max-image-preview:large","max-video-preview":"max-video-preview:-1"},"canonical":"https:\/\/www.sj-gauge.com\/vi\/san-pham\/mssmp858-dst\/","og_locale":"vi_VN","og_type":"article","og_title":"Smart Diaphragm Differential Pressure Transmitter, Flanged Construction","og_description":"MSSMP858-DST differential pressure transmitter with flanged construction, featuring a fully sealed monocrystalline silicon sensor and advanced filling fluid technology for accurate and stable measurement in demanding industrial applications.","og_url":"https:\/\/www.sj-gauge.com\/vi\/san-pham\/mssmp858-dst\/","og_site_name":"SJ Gauge | Pressure Gauges, Thermometers &amp; Pressure Sensors","article_modified_time":"2026-04-03T06:02:07+00:00","og_image":[{"width":1200,"height":1000,"url":"https:\/\/www.sj-gauge.com\/wp-content\/uploads\/2025\/10\/SJ-Gauge_Pressure_Trasnmitter_with_Flanged_Construction_L.jpg","type":"image\/jpeg"}],"twitter_card":"summary_large_image","twitter_misc":{"\u01af\u1edbc t\u00ednh th\u1eddi gian \u0111\u1ecdc":"1 ph\u00fat"},"schema":{"@context":"https:\/\/schema.org","@graph":[{"@type":"WebPage","@id":"https:\/\/www.sj-gauge.com\/product\/mssmp858-dst\/","url":"https:\/\/www.sj-gauge.com\/product\/mssmp858-dst\/","name":"C\u1ea3m bi\u1ebfn ch\u00eanh l\u1ec7ch \u00e1p su\u1ea5t c\u00f3 m\u1eb7t b\u00edch | Thi\u1ebft k\u1ebf th\u00f4ng minh | SJ Gauge","isPartOf":{"@id":"https:\/\/www.sj-gauge.com\/#website"},"primaryImageOfPage":{"@id":"https:\/\/www.sj-gauge.com\/product\/mssmp858-dst\/#primaryimage"},"image":{"@id":"https:\/\/www.sj-gauge.com\/product\/mssmp858-dst\/#primaryimage"},"thumbnailUrl":"https:\/\/www.sj-gauge.com\/wp-content\/uploads\/2025\/10\/SJ-Gauge_Pressure_Trasnmitter_with_Flanged_Construction_L.jpg","datePublished":"2025-10-29T03:43:59+00:00","dateModified":"2026-04-03T06:02:07+00:00","description":"B\u1ed9 truy\u1ec1n t\u00edn hi\u1ec7u ch\u00eanh l\u1ec7ch \u00e1p su\u1ea5t MSSMP858-DST v\u1edbi thi\u1ebft k\u1ebf m\u1eb7t b\u00edch, \u0111\u01b0\u1ee3c trang b\u1ecb c\u1ea3m bi\u1ebfn silicon \u0111\u01a1n tinh th\u1ec3 k\u00edn ho\u00e0n to\u00e0n v\u00e0 c\u00f4ng ngh\u1ec7 ch\u1ea5t l\u1ecfng l\u00e0m \u0111\u1ea7y ti\u00ean ti\u1ebfn, \u0111\u1ea3m b\u1ea3o \u0111o l\u01b0\u1eddng ch\u00ednh x\u00e1c v\u00e0 \u1ed5n \u0111\u1ecbnh trong c\u00e1c \u1ee9ng d\u1ee5ng c\u00f4ng nghi\u1ec7p \u0111\u00f2i h\u1ecfi kh\u1eaft khe.","breadcrumb":{"@id":"https:\/\/www.sj-gauge.com\/product\/mssmp858-dst\/#breadcrumb"},"inLanguage":"vi","potentialAction":[{"@type":"ReadAction","target":["https:\/\/www.sj-gauge.com\/product\/mssmp858-dst\/"]}]},{"@type":"ImageObject","inLanguage":"vi","@id":"https:\/\/www.sj-gauge.com\/product\/mssmp858-dst\/#primaryimage","url":"https:\/\/www.sj-gauge.com\/wp-content\/uploads\/2025\/10\/SJ-Gauge_Pressure_Trasnmitter_with_Flanged_Construction_L.jpg","contentUrl":"https:\/\/www.sj-gauge.com\/wp-content\/uploads\/2025\/10\/SJ-Gauge_Pressure_Trasnmitter_with_Flanged_Construction_L.jpg","width":1200,"height":1000},{"@type":"BreadcrumbList","@id":"https:\/\/www.sj-gauge.com\/product\/mssmp858-dst\/#breadcrumb","itemListElement":[{"@type":"ListItem","position":1,"name":"Home","item":"https:\/\/www.sj-gauge.com\/"},{"@type":"ListItem","position":2,"name":"Products","item":"https:\/\/www.sj-gauge.com\/products\/"},{"@type":"ListItem","position":3,"name":"Smart Diaphragm Differential Pressure Transmitter, Flanged Construction"}]},{"@type":"WebSite","@id":"https:\/\/www.sj-gauge.com\/#website","url":"https:\/\/www.sj-gauge.com\/","name":"SJ Gauge | \u0110\u1ed3ng h\u1ed3 \u0111o \u00e1p su\u1ea5t, nhi\u1ec7t k\u1ebf v\u00e0 c\u1ea3m bi\u1ebfn \u00e1p su\u1ea5t","description":"Nh\u00e0 s\u1ea3n xu\u1ea5t \u0111\u1ed3ng h\u1ed3 \u0111o \u00e1p su\u1ea5t c\u00f4ng nghi\u1ec7p, c\u1ea3m bi\u1ebfn \u00e1p su\u1ea5t v\u00e0 b\u1ed9 truy\u1ec1n t\u00edn hi\u1ec7u. SJ Gauge cung c\u1ea5p c\u00e1c s\u1ea3n ph\u1ea9m c\u00f3 \u0111\u1ed9 ch\u00ednh x\u00e1c cao, \u0111\u01b0\u1ee3c ch\u1ebf t\u1ea1o t\u1eeb v\u1eadt li\u1ec7u b\u1ec1n b\u1ec9 v\u00e0 c\u00e1c gi\u1ea3i ph\u00e1p t\u00f9y ch\u1ec9nh d\u00e0nh cho c\u00e1c \u1ee9ng d\u1ee5ng trong ng\u00e0nh d\u1ea7u kh\u00ed, h\u00f3a ch\u1ea5t v\u00e0 c\u00f4ng nghi\u1ec7p.","publisher":{"@id":"https:\/\/www.sj-gauge.com\/#organization"},"potentialAction":[{"@type":"SearchAction","target":{"@type":"EntryPoint","urlTemplate":"https:\/\/www.sj-gauge.com\/?s={search_term_string}"},"query-input":{"@type":"PropertyValueSpecification","valueRequired":true,"valueName":"search_term_string"}}],"inLanguage":"vi"},{"@type":"Organization","@id":"https:\/\/www.sj-gauge.com\/#organization","name":"SJ Gauge | \u0110\u1ed3ng h\u1ed3 \u0111o \u00e1p su\u1ea5t, nhi\u1ec7t k\u1ebf v\u00e0 c\u1ea3m bi\u1ebfn \u00e1p su\u1ea5t","url":"https:\/\/www.sj-gauge.com\/","logo":{"@type":"ImageObject","inLanguage":"vi","@id":"https:\/\/www.sj-gauge.com\/#\/schema\/logo\/image\/","url":"https:\/\/www.sj-gauge.com\/wp-content\/uploads\/2025\/09\/logo.webp","contentUrl":"https:\/\/www.sj-gauge.com\/wp-content\/uploads\/2025\/09\/logo.webp","width":348,"height":184,"caption":"SJ Gauge | Pressure Gauges, Thermometers &amp; Pressure Sensors"},"image":{"@id":"https:\/\/www.sj-gauge.com\/#\/schema\/logo\/image\/"}}]}},"_links":{"self":[{"href":"https:\/\/www.sj-gauge.com\/vi\/wp-json\/wp\/v2\/product\/1363","targetHints":{"allow":["GET"]}}],"collection":[{"href":"https:\/\/www.sj-gauge.com\/vi\/wp-json\/wp\/v2\/product"}],"about":[{"href":"https:\/\/www.sj-gauge.com\/vi\/wp-json\/wp\/v2\/types\/product"}],"wp:featuredmedia":[{"embeddable":true,"href":"https:\/\/www.sj-gauge.com\/vi\/wp-json\/wp\/v2\/media\/1365"}],"wp:attachment":[{"href":"https:\/\/www.sj-gauge.com\/vi\/wp-json\/wp\/v2\/media?parent=1363"}],"wp:term":[{"taxonomy":"product_brand","embeddable":true,"href":"https:\/\/www.sj-gauge.com\/vi\/wp-json\/wp\/v2\/product_brand?post=1363"},{"taxonomy":"product_cat","embeddable":true,"href":"https:\/\/www.sj-gauge.com\/vi\/wp-json\/wp\/v2\/product_cat?post=1363"},{"taxonomy":"product_tag","embeddable":true,"href":"https:\/\/www.sj-gauge.com\/vi\/wp-json\/wp\/v2\/product_tag?post=1363"}],"curies":[{"name":"wp","href":"https:\/\/api.w.org\/{rel}","templated":true}]}}