{"id":1367,"date":"2025-10-30T10:06:38","date_gmt":"2025-10-30T02:06:38","guid":{"rendered":"https:\/\/sj-gauge.com\/?post_type=product&#038;p=1367"},"modified":"2026-04-03T14:00:05","modified_gmt":"2026-04-03T06:00:05","slug":"mssmp858-nst","status":"publish","type":"product","link":"https:\/\/www.sj-gauge.com\/vi\/san-pham\/mssmp858-nst\/","title":{"rendered":"C\u1ea3m bi\u1ebfn ch\u00eanh l\u1ec7ch \u00e1p su\u1ea5t m\u00e0ng th\u00f4ng minh v\u1edbi c\u1ea5u tr\u00fac h\u00e0n"},"content":{"rendered":"<p>B\u1ed9 truy\u1ec1n t\u00edn hi\u1ec7u n\u00e0y \u0111\u01b0\u1ee3c trang b\u1ecb c\u1ea3m bi\u1ebfn \u00e1p su\u1ea5t c\u00f3 \u0111\u1ed9 \u1ed5n \u0111\u1ecbnh cao v\u1edbi thi\u1ebft k\u1ebf monosilicon k\u00edn ho\u00e0n to\u00e0n \u0111\u01b0\u1ee3c c\u1ea5p b\u1eb1ng s\u00e1ng ch\u1ebf, gi\u00fap gi\u1ea3m thi\u1ec3u t\u00e1c \u0111\u1ed9ng c\u1ee7a nhi\u1ec7t \u0111\u1ed9 v\u00e0 \u00e1p su\u1ea5t t\u0129nh. H\u1ec7 th\u1ed1ng b\u1ea3o v\u1ec7 qu\u00e1 t\u1ea3i hai m\u00e0ng \u0111\u1ea3m b\u1ea3o \u0111\u1ed9 b\u1ec1n cao v\u00e0 \u0111\u1ed9 ch\u00ednh x\u00e1c \u0111o l\u01b0\u1eddng trong \u0111i\u1ec1u ki\u1ec7n \u00e1p su\u1ea5t cao. V\u1edbi c\u00f4ng ngh\u1ec7 ch\u1ea5t l\u1ecfng \u0111i\u1ec1n ch\u00ednh x\u00e1c, n\u00f3 cung c\u1ea5p \u0111\u1ea7u ra \u1ed5n \u0111\u1ecbnh v\u00e0 ph\u1ea3n \u1ee9ng nhanh. C\u1ea5u tr\u00fac h\u00e0n gi\u00fap t\u0103ng c\u01b0\u1eddng kh\u1ea3 n\u0103ng k\u00edn kh\u00edt v\u00e0 \u0111\u1ed9 b\u1ec1n, ph\u00f9 h\u1ee3p cho c\u00e1c m\u00f4i tr\u01b0\u1eddng nhi\u1ec7t \u0111\u1ed9 cao, \u0103n m\u00f2n ho\u1eb7c ch\u1ea5t l\u1ecfng c\u00f3 \u0111\u1ed9 nh\u1edbt cao. \u0110\u01b0\u1ee3c ch\u1ee9ng nh\u1eadn b\u1edfi Ex, IEC, CE, RoHS v\u00e0 HART.<\/p>","protected":false},"excerpt":{"rendered":"<ul>\n<li>C\u1ea3m bi\u1ebfn \u00e1p su\u1ea5t c\u00f3 \u0111\u1ed9 \u1ed5n \u0111\u1ecbnh cao<\/li>\n<li>Ban \u0111\u1ea7u \u0111\u01b0\u1ee3c c\u1ea5p b\u1eb1ng s\u00e1ng ch\u1ebf v\u1edbi thi\u1ebft k\u1ebf ho\u00e0n to\u00e0n k\u00edn v\u00e0 c\u00e1ch ly ho\u00e0n to\u00e0n ph\u1ea7n c\u1ea3m bi\u1ebfn \u00e1p su\u1ea5t.<\/li>\n<li>C\u1ea5u tr\u00fac qu\u00e1 t\u1ea3i hai m\u00e0ng c\u00f3 th\u1ec3 d\u1ec5 d\u00e0ng ch\u1ecbu \u0111\u01b0\u1ee3c c\u00e1c th\u1eed nghi\u1ec7m qu\u00e1 t\u1ea3i cao.<\/li>\n<li>C\u00f4ng ngh\u1ec7 ch\u1ea5t l\u1ecfng \u0111i\u1ec1n ch\u00ednh x\u00e1c, lo\u1ea1i b\u1ecf t\u00e1c \u0111\u1ed9ng c\u1ee7a nhi\u1ec7t \u0111\u1ed9 v\u00e0 \u00e1p su\u1ea5t t\u0129nh.<\/li>\n<\/ul>","protected":false},"featured_media":1368,"template":"","meta":{"_acf_changed":false},"product_brand":[40],"product_cat":[41,15],"product_tag":[],"class_list":{"0":"post-1367","1":"product","2":"type-product","3":"status-publish","4":"has-post-thumbnail","6":"product_brand-sj-gauge","7":"product_cat-pressure-instruments","8":"product_cat-pressure-sensors","10":"first","11":"instock","12":"shipping-taxable","13":"product-type-simple"},"acf":[],"yoast_head":"<!-- This site is optimized with the Yoast SEO Premium plugin v26.7 (Yoast SEO v26.7) - https:\/\/yoast.com\/wordpress\/plugins\/seo\/ -->\n<title>Differential Pressure Transmitter | Welded Construction | SJ Gauge<\/title>\n<meta name=\"description\" content=\"MSSMP858-NST differential pressure transmitter with welded construction, featuring a high-stability sensor, fully sealed design, and dual diaphragm overload protection for accurate and reliable measurement in demanding industrial environments.\" \/>\n<meta name=\"robots\" content=\"index, follow, max-snippet:-1, max-image-preview:large, max-video-preview:-1\" \/>\n<link rel=\"canonical\" href=\"https:\/\/www.sj-gauge.com\/vi\/san-pham\/mssmp858-nst\/\" \/>\n<meta property=\"og:locale\" content=\"vi_VN\" \/>\n<meta property=\"og:type\" content=\"article\" \/>\n<meta property=\"og:title\" content=\"Smart Diaphragm Differential Pressure Transmitter with Welding Construction\" \/>\n<meta property=\"og:description\" content=\"MSSMP858-NST differential pressure transmitter with welded construction, featuring a high-stability sensor, fully sealed design, and dual diaphragm overload protection for accurate and reliable measurement in demanding industrial environments.\" \/>\n<meta property=\"og:url\" content=\"https:\/\/www.sj-gauge.com\/vi\/san-pham\/mssmp858-nst\/\" \/>\n<meta property=\"og:site_name\" content=\"Your Expert in Pressure Temp and Smart Transmitters - SJ Gauge\" \/>\n<meta property=\"article:modified_time\" content=\"2026-04-03T06:00:05+00:00\" \/>\n<meta property=\"og:image\" content=\"https:\/\/www.sj-gauge.com\/wp-content\/uploads\/2025\/10\/SJ-Gauge_Pressure_Trasnmitter_with_Extended_Welding_Construction_L.jpg\" \/>\n\t<meta property=\"og:image:width\" content=\"1200\" \/>\n\t<meta property=\"og:image:height\" content=\"1000\" \/>\n\t<meta property=\"og:image:type\" content=\"image\/jpeg\" \/>\n<meta name=\"twitter:card\" content=\"summary_large_image\" \/>\n<meta name=\"twitter:label1\" content=\"\u01af\u1edbc t\u00ednh th\u1eddi gian \u0111\u1ecdc\" \/>\n\t<meta name=\"twitter:data1\" content=\"1 ph\u00fat\" \/>\n<script type=\"application\/ld+json\" class=\"yoast-schema-graph\">{\"@context\":\"https:\/\/schema.org\",\"@graph\":[{\"@type\":\"WebPage\",\"@id\":\"https:\/\/www.sj-gauge.com\/product\/mssmp858-nst\/\",\"url\":\"https:\/\/www.sj-gauge.com\/product\/mssmp858-nst\/\",\"name\":\"Differential Pressure Transmitter | Welded Construction | SJ Gauge\",\"isPartOf\":{\"@id\":\"https:\/\/www.sj-gauge.com\/#website\"},\"primaryImageOfPage\":{\"@id\":\"https:\/\/www.sj-gauge.com\/product\/mssmp858-nst\/#primaryimage\"},\"image\":{\"@id\":\"https:\/\/www.sj-gauge.com\/product\/mssmp858-nst\/#primaryimage\"},\"thumbnailUrl\":\"https:\/\/www.sj-gauge.com\/wp-content\/uploads\/2025\/10\/SJ-Gauge_Pressure_Trasnmitter_with_Extended_Welding_Construction_L.jpg\",\"datePublished\":\"2025-10-30T02:06:38+00:00\",\"dateModified\":\"2026-04-03T06:00:05+00:00\",\"description\":\"MSSMP858-NST differential pressure transmitter with welded construction, featuring a high-stability sensor, fully sealed design, and dual diaphragm overload protection for accurate and reliable measurement in demanding industrial environments.\",\"breadcrumb\":{\"@id\":\"https:\/\/www.sj-gauge.com\/product\/mssmp858-nst\/#breadcrumb\"},\"inLanguage\":\"vi\",\"potentialAction\":[{\"@type\":\"ReadAction\",\"target\":[\"https:\/\/www.sj-gauge.com\/product\/mssmp858-nst\/\"]}]},{\"@type\":\"ImageObject\",\"inLanguage\":\"vi\",\"@id\":\"https:\/\/www.sj-gauge.com\/product\/mssmp858-nst\/#primaryimage\",\"url\":\"https:\/\/www.sj-gauge.com\/wp-content\/uploads\/2025\/10\/SJ-Gauge_Pressure_Trasnmitter_with_Extended_Welding_Construction_L.jpg\",\"contentUrl\":\"https:\/\/www.sj-gauge.com\/wp-content\/uploads\/2025\/10\/SJ-Gauge_Pressure_Trasnmitter_with_Extended_Welding_Construction_L.jpg\",\"width\":1200,\"height\":1000},{\"@type\":\"BreadcrumbList\",\"@id\":\"https:\/\/www.sj-gauge.com\/product\/mssmp858-nst\/#breadcrumb\",\"itemListElement\":[{\"@type\":\"ListItem\",\"position\":1,\"name\":\"Home\",\"item\":\"https:\/\/www.sj-gauge.com\/\"},{\"@type\":\"ListItem\",\"position\":2,\"name\":\"Products\",\"item\":\"https:\/\/www.sj-gauge.com\/products\/\"},{\"@type\":\"ListItem\",\"position\":3,\"name\":\"Smart Diaphragm Differential Pressure Transmitter with Welding Construction\"}]},{\"@type\":\"WebSite\",\"@id\":\"https:\/\/www.sj-gauge.com\/#website\",\"url\":\"https:\/\/www.sj-gauge.com\/\",\"name\":\"Your Expert in Pressure Temp and Smart Transmitters - SJ Gauge\",\"description\":\"Manufacturer of industrial pressure gauges, pressure sensors, and transmitters. SJ Gauge provides high accuracy, durable materials, and custom solutions for oil &amp; gas, chemical, and industrial applications.\",\"publisher\":{\"@id\":\"https:\/\/www.sj-gauge.com\/#organization\"},\"potentialAction\":[{\"@type\":\"SearchAction\",\"target\":{\"@type\":\"EntryPoint\",\"urlTemplate\":\"https:\/\/www.sj-gauge.com\/?s={search_term_string}\"},\"query-input\":{\"@type\":\"PropertyValueSpecification\",\"valueRequired\":true,\"valueName\":\"search_term_string\"}}],\"inLanguage\":\"vi\"},{\"@type\":\"Organization\",\"@id\":\"https:\/\/www.sj-gauge.com\/#organization\",\"name\":\"Your Expert in Pressure Temp and Smart Transmitters - SJ Gauge\",\"url\":\"https:\/\/www.sj-gauge.com\/\",\"logo\":{\"@type\":\"ImageObject\",\"inLanguage\":\"vi\",\"@id\":\"https:\/\/www.sj-gauge.com\/#\/schema\/logo\/image\/\",\"url\":\"https:\/\/www.sj-gauge.com\/wp-content\/uploads\/2025\/09\/logo.webp\",\"contentUrl\":\"https:\/\/www.sj-gauge.com\/wp-content\/uploads\/2025\/09\/logo.webp\",\"width\":348,\"height\":184,\"caption\":\"Your Expert in Pressure Temp and Smart Transmitters - SJ Gauge\"},\"image\":{\"@id\":\"https:\/\/www.sj-gauge.com\/#\/schema\/logo\/image\/\"}}]}<\/script>\n<!-- \/ Yoast SEO Premium plugin. -->","yoast_head_json":{"title":"B\u1ed9 truy\u1ec1n t\u00edn hi\u1ec7u ch\u00eanh l\u1ec7ch \u00e1p su\u1ea5t | Thi\u1ebft k\u1ebf h\u00e0n | \u0110\u1ed3ng h\u1ed3 SJ","description":"B\u1ed9 truy\u1ec1n t\u00edn hi\u1ec7u ch\u00eanh l\u1ec7ch \u00e1p su\u1ea5t MSSMP858-NST v\u1edbi c\u1ea5u tr\u00fac h\u00e0n, \u0111\u01b0\u1ee3c trang b\u1ecb c\u1ea3m bi\u1ebfn c\u00f3 \u0111\u1ed9 \u1ed5n \u0111\u1ecbnh cao, thi\u1ebft k\u1ebf k\u00edn ho\u00e0n to\u00e0n v\u00e0 h\u1ec7 th\u1ed1ng b\u1ea3o v\u1ec7 qu\u00e1 t\u1ea3i b\u1eb1ng m\u00e0ng k\u00e9p, \u0111\u1ea3m b\u1ea3o \u0111o l\u01b0\u1eddng ch\u00ednh x\u00e1c v\u00e0 \u0111\u00e1ng tin c\u1eady trong c\u00e1c m\u00f4i tr\u01b0\u1eddng c\u00f4ng nghi\u1ec7p kh\u1eafc nghi\u1ec7t.","robots":{"index":"index","follow":"follow","max-snippet":"max-snippet:-1","max-image-preview":"max-image-preview:large","max-video-preview":"max-video-preview:-1"},"canonical":"https:\/\/www.sj-gauge.com\/vi\/san-pham\/mssmp858-nst\/","og_locale":"vi_VN","og_type":"article","og_title":"Smart Diaphragm Differential Pressure Transmitter with Welding Construction","og_description":"MSSMP858-NST differential pressure transmitter with welded construction, featuring a high-stability sensor, fully sealed design, and dual diaphragm overload protection for accurate and reliable measurement in demanding industrial environments.","og_url":"https:\/\/www.sj-gauge.com\/vi\/san-pham\/mssmp858-nst\/","og_site_name":"Your Expert in Pressure Temp and Smart Transmitters - SJ Gauge","article_modified_time":"2026-04-03T06:00:05+00:00","og_image":[{"width":1200,"height":1000,"url":"https:\/\/www.sj-gauge.com\/wp-content\/uploads\/2025\/10\/SJ-Gauge_Pressure_Trasnmitter_with_Extended_Welding_Construction_L.jpg","type":"image\/jpeg"}],"twitter_card":"summary_large_image","twitter_misc":{"\u01af\u1edbc t\u00ednh th\u1eddi gian \u0111\u1ecdc":"1 ph\u00fat"},"schema":{"@context":"https:\/\/schema.org","@graph":[{"@type":"WebPage","@id":"https:\/\/www.sj-gauge.com\/product\/mssmp858-nst\/","url":"https:\/\/www.sj-gauge.com\/product\/mssmp858-nst\/","name":"B\u1ed9 truy\u1ec1n t\u00edn hi\u1ec7u ch\u00eanh l\u1ec7ch \u00e1p su\u1ea5t | Thi\u1ebft k\u1ebf h\u00e0n | \u0110\u1ed3ng h\u1ed3 SJ","isPartOf":{"@id":"https:\/\/www.sj-gauge.com\/#website"},"primaryImageOfPage":{"@id":"https:\/\/www.sj-gauge.com\/product\/mssmp858-nst\/#primaryimage"},"image":{"@id":"https:\/\/www.sj-gauge.com\/product\/mssmp858-nst\/#primaryimage"},"thumbnailUrl":"https:\/\/www.sj-gauge.com\/wp-content\/uploads\/2025\/10\/SJ-Gauge_Pressure_Trasnmitter_with_Extended_Welding_Construction_L.jpg","datePublished":"2025-10-30T02:06:38+00:00","dateModified":"2026-04-03T06:00:05+00:00","description":"B\u1ed9 truy\u1ec1n t\u00edn hi\u1ec7u ch\u00eanh l\u1ec7ch \u00e1p su\u1ea5t MSSMP858-NST v\u1edbi c\u1ea5u tr\u00fac h\u00e0n, \u0111\u01b0\u1ee3c trang b\u1ecb c\u1ea3m bi\u1ebfn c\u00f3 \u0111\u1ed9 \u1ed5n \u0111\u1ecbnh cao, thi\u1ebft k\u1ebf k\u00edn ho\u00e0n to\u00e0n v\u00e0 h\u1ec7 th\u1ed1ng b\u1ea3o v\u1ec7 qu\u00e1 t\u1ea3i b\u1eb1ng m\u00e0ng k\u00e9p, \u0111\u1ea3m b\u1ea3o \u0111o l\u01b0\u1eddng ch\u00ednh x\u00e1c v\u00e0 \u0111\u00e1ng tin c\u1eady trong c\u00e1c m\u00f4i tr\u01b0\u1eddng c\u00f4ng nghi\u1ec7p kh\u1eafc nghi\u1ec7t.","breadcrumb":{"@id":"https:\/\/www.sj-gauge.com\/product\/mssmp858-nst\/#breadcrumb"},"inLanguage":"vi","potentialAction":[{"@type":"ReadAction","target":["https:\/\/www.sj-gauge.com\/product\/mssmp858-nst\/"]}]},{"@type":"ImageObject","inLanguage":"vi","@id":"https:\/\/www.sj-gauge.com\/product\/mssmp858-nst\/#primaryimage","url":"https:\/\/www.sj-gauge.com\/wp-content\/uploads\/2025\/10\/SJ-Gauge_Pressure_Trasnmitter_with_Extended_Welding_Construction_L.jpg","contentUrl":"https:\/\/www.sj-gauge.com\/wp-content\/uploads\/2025\/10\/SJ-Gauge_Pressure_Trasnmitter_with_Extended_Welding_Construction_L.jpg","width":1200,"height":1000},{"@type":"BreadcrumbList","@id":"https:\/\/www.sj-gauge.com\/product\/mssmp858-nst\/#breadcrumb","itemListElement":[{"@type":"ListItem","position":1,"name":"Home","item":"https:\/\/www.sj-gauge.com\/"},{"@type":"ListItem","position":2,"name":"Products","item":"https:\/\/www.sj-gauge.com\/products\/"},{"@type":"ListItem","position":3,"name":"Smart Diaphragm Differential Pressure Transmitter with Welding Construction"}]},{"@type":"WebSite","@id":"https:\/\/www.sj-gauge.com\/#website","url":"https:\/\/www.sj-gauge.com\/","name":"Chuy\u00ean gia v\u1ec1 c\u1ea3m bi\u1ebfn \u00e1p su\u1ea5t, nhi\u1ec7t \u0111\u1ed9 v\u00e0 c\u1ea3m bi\u1ebfn th\u00f4ng minh - SJ Gauge","description":"Nh\u00e0 s\u1ea3n xu\u1ea5t \u0111\u1ed3ng h\u1ed3 \u0111o \u00e1p su\u1ea5t c\u00f4ng nghi\u1ec7p, c\u1ea3m bi\u1ebfn \u00e1p su\u1ea5t v\u00e0 b\u1ed9 truy\u1ec1n t\u00edn hi\u1ec7u. SJ Gauge cung c\u1ea5p c\u00e1c s\u1ea3n ph\u1ea9m c\u00f3 \u0111\u1ed9 ch\u00ednh x\u00e1c cao, \u0111\u01b0\u1ee3c ch\u1ebf t\u1ea1o t\u1eeb v\u1eadt li\u1ec7u b\u1ec1n b\u1ec9 v\u00e0 c\u00e1c gi\u1ea3i ph\u00e1p t\u00f9y ch\u1ec9nh d\u00e0nh cho c\u00e1c \u1ee9ng d\u1ee5ng trong ng\u00e0nh d\u1ea7u kh\u00ed, h\u00f3a ch\u1ea5t v\u00e0 c\u00f4ng nghi\u1ec7p.","publisher":{"@id":"https:\/\/www.sj-gauge.com\/#organization"},"potentialAction":[{"@type":"SearchAction","target":{"@type":"EntryPoint","urlTemplate":"https:\/\/www.sj-gauge.com\/?s={search_term_string}"},"query-input":{"@type":"PropertyValueSpecification","valueRequired":true,"valueName":"search_term_string"}}],"inLanguage":"vi"},{"@type":"Organization","@id":"https:\/\/www.sj-gauge.com\/#organization","name":"Chuy\u00ean gia v\u1ec1 c\u1ea3m bi\u1ebfn \u00e1p su\u1ea5t, nhi\u1ec7t \u0111\u1ed9 v\u00e0 c\u1ea3m bi\u1ebfn th\u00f4ng minh - SJ Gauge","url":"https:\/\/www.sj-gauge.com\/","logo":{"@type":"ImageObject","inLanguage":"vi","@id":"https:\/\/www.sj-gauge.com\/#\/schema\/logo\/image\/","url":"https:\/\/www.sj-gauge.com\/wp-content\/uploads\/2025\/09\/logo.webp","contentUrl":"https:\/\/www.sj-gauge.com\/wp-content\/uploads\/2025\/09\/logo.webp","width":348,"height":184,"caption":"Your Expert in Pressure Temp and Smart Transmitters - SJ Gauge"},"image":{"@id":"https:\/\/www.sj-gauge.com\/#\/schema\/logo\/image\/"}}]}},"_links":{"self":[{"href":"https:\/\/www.sj-gauge.com\/vi\/wp-json\/wp\/v2\/product\/1367","targetHints":{"allow":["GET"]}}],"collection":[{"href":"https:\/\/www.sj-gauge.com\/vi\/wp-json\/wp\/v2\/product"}],"about":[{"href":"https:\/\/www.sj-gauge.com\/vi\/wp-json\/wp\/v2\/types\/product"}],"wp:featuredmedia":[{"embeddable":true,"href":"https:\/\/www.sj-gauge.com\/vi\/wp-json\/wp\/v2\/media\/1368"}],"wp:attachment":[{"href":"https:\/\/www.sj-gauge.com\/vi\/wp-json\/wp\/v2\/media?parent=1367"}],"wp:term":[{"taxonomy":"product_brand","embeddable":true,"href":"https:\/\/www.sj-gauge.com\/vi\/wp-json\/wp\/v2\/product_brand?post=1367"},{"taxonomy":"product_cat","embeddable":true,"href":"https:\/\/www.sj-gauge.com\/vi\/wp-json\/wp\/v2\/product_cat?post=1367"},{"taxonomy":"product_tag","embeddable":true,"href":"https:\/\/www.sj-gauge.com\/vi\/wp-json\/wp\/v2\/product_tag?post=1367"}],"curies":[{"name":"wp","href":"https:\/\/api.w.org\/{rel}","templated":true}]}}