{"id":1372,"date":"2025-10-30T10:17:18","date_gmt":"2025-10-30T02:17:18","guid":{"rendered":"https:\/\/sj-gauge.com\/?post_type=product&#038;p=1372"},"modified":"2026-04-03T14:01:26","modified_gmt":"2026-04-03T06:01:26","slug":"mssmp858-nst-1","status":"publish","type":"product","link":"https:\/\/www.sj-gauge.com\/vi\/san-pham\/mssmp858-nst-1\/","title":{"rendered":"C\u1ea3m bi\u1ebfn \u00e1p su\u1ea5t ch\u00eanh l\u1ec7ch m\u00e0ng th\u00f4ng minh v\u1edbi m\u00e0ng ch\u1eafn t\u1eeb xa"},"content":{"rendered":"<p>B\u1ed9 truy\u1ec1n t\u00edn hi\u1ec7u n\u00e0y \u0111\u01b0\u1ee3c trang b\u1ecb c\u1ea5u tr\u00fac c\u00e1ch ly ho\u00e0n to\u00e0n \u0111\u1ec3 lo\u1ea1i b\u1ecf nhi\u1ec5u \u1ea9m, ph\u00f9 h\u1ee3p cho c\u00e1c m\u00f4i tr\u01b0\u1eddng l\u00e0m s\u1ea1ch \u1ea9m \u01b0\u1edbt kh\u1eafc nghi\u1ec7t. Thi\u1ebft k\u1ebf b\u1ea3o v\u1ec7 qu\u00e1 t\u1ea3i hai m\u00e0ng \u0111\u1ea3m b\u1ea3o \u0111\u1ed9 b\u1ec1n cao v\u00e0 hi\u1ec7u su\u1ea5t \u0111\u00e1ng tin c\u1eady trong \u0111i\u1ec1u ki\u1ec7n qu\u00e1 t\u1ea3i \u00e1p su\u1ea5t nghi\u00eam tr\u1ecdng. V\u1edbi kh\u1ea3 n\u0103ng ch\u1ed1ng s\u1ed1c \u0111i\u1ec7n \u00e1p m\u1ea1nh m\u1ebd, n\u00f3 ph\u00f9 h\u1ee3p cho c\u00e1c \u1ee9ng d\u1ee5ng c\u00f3 s\u1ef1 ki\u1ec7n s\u1ed1c \u0111i\u1ec7n \u00e1p th\u01b0\u1eddng xuy\u00ean. M\u00e0ng c\u00e1ch ly t\u1eeb xa cho ph\u00e9p \u0111o ch\u00ednh x\u00e1c c\u00e1c ch\u1ea5t l\u1ecfng c\u00f3 \u0111\u1ed9 nh\u1edbt cao, \u0103n m\u00f2n ho\u1eb7c nhi\u1ec7t \u0111\u1ed9 cao \u0111\u1ed3ng th\u1eddi duy tr\u00ec \u0111\u1ea7u ra \u1ed5n \u0111\u1ecbnh. \u0110\u01b0\u1ee3c ch\u1ee9ng nh\u1eadn b\u1edfi Ex, IEC, CE, RoHS v\u00e0 HART.<\/p>","protected":false},"excerpt":{"rendered":"<ul>\n<li>S\u1eed d\u1ee5ng c\u1ea5u tr\u00fac ni\u00eam phong c\u00e1ch ly ho\u00e0n to\u00e0n \u0111\u1ec3 lo\u1ea1i b\u1ecf t\u00e1c \u0111\u1ed9ng c\u1ee7a \u0111\u1ed9 \u1ea9m, ph\u00f9 h\u1ee3p cho c\u00e1c tr\u01b0\u1eddng h\u1ee3p v\u1ec7 sinh \u01b0\u1edbt nghi\u00eam tr\u1ecdng.<\/li>\n<li>C\u1ea5u tr\u00fac b\u1ea3o v\u1ec7 qu\u00e1 t\u1ea3i hai m\u00e0ng, l\u00fd t\u01b0\u1edfng cho c\u00e1c t\u00ecnh hu\u1ed1ng qu\u00e1 t\u1ea3i \u00e1p su\u1ea5t nghi\u00eam tr\u1ecdng.<\/li>\n<li>Kh\u1ea3 n\u0103ng ch\u1ed1ng s\u1ed1c \u0111i\u1ec7n \u00e1p m\u1ea1nh, ph\u00f9 h\u1ee3p cho c\u00e1c tr\u01b0\u1eddng h\u1ee3p s\u1ed1c \u0111i\u1ec7n \u00e1p nghi\u00eam tr\u1ecdng.<\/li>\n<\/ul>","protected":false},"featured_media":1373,"template":"","meta":{"_acf_changed":false},"product_brand":[40],"product_cat":[41,15],"product_tag":[],"class_list":{"0":"post-1372","1":"product","2":"type-product","3":"status-publish","4":"has-post-thumbnail","6":"product_brand-sj-gauge","7":"product_cat-pressure-instruments","8":"product_cat-pressure-sensors","10":"first","11":"instock","12":"shipping-taxable","13":"product-type-simple"},"acf":[],"yoast_head":"<!-- This site is optimized with the Yoast SEO Premium plugin v26.7 (Yoast SEO v27.4) - https:\/\/yoast.com\/product\/yoast-seo-premium-wordpress\/ -->\n<title>Remote Diaphragm Seal Differential Pressure Transmitter | SJ Gauge<\/title>\n<meta name=\"description\" content=\"MSSMP858-NST differential pressure transmitter with remote diaphragm seal, designed for harsh environments. Features full isolation structure, dual diaphragm overload protection, and strong surge resistance for stable and accurate measurement.\" \/>\n<meta name=\"robots\" content=\"index, follow, max-snippet:-1, max-image-preview:large, max-video-preview:-1\" \/>\n<link rel=\"canonical\" href=\"https:\/\/www.sj-gauge.com\/vi\/san-pham\/mssmp858-nst-1\/\" \/>\n<meta property=\"og:locale\" content=\"vi_VN\" \/>\n<meta property=\"og:type\" content=\"article\" \/>\n<meta property=\"og:title\" content=\"Smart Diaphragm Differential Pressure Transmitter with Remote Diaphragm Seal\" \/>\n<meta property=\"og:description\" content=\"MSSMP858-NST differential pressure transmitter with remote diaphragm seal, designed for harsh environments. Features full isolation structure, dual diaphragm overload protection, and strong surge resistance for stable and accurate measurement.\" \/>\n<meta property=\"og:url\" content=\"https:\/\/www.sj-gauge.com\/vi\/san-pham\/mssmp858-nst-1\/\" \/>\n<meta property=\"og:site_name\" content=\"SJ Gauge | Pressure Gauges, Thermometers &amp; Pressure Sensors\" \/>\n<meta property=\"article:modified_time\" content=\"2026-04-03T06:01:26+00:00\" \/>\n<meta property=\"og:image\" content=\"https:\/\/www.sj-gauge.com\/wp-content\/uploads\/2025\/10\/SJ-Gauge_Pressure_Trasnmitter_with_Dual_Remote_diaphragm_Seal_L.jpg\" \/>\n\t<meta property=\"og:image:width\" content=\"1200\" \/>\n\t<meta property=\"og:image:height\" content=\"1000\" \/>\n\t<meta property=\"og:image:type\" content=\"image\/jpeg\" \/>\n<meta name=\"twitter:card\" content=\"summary_large_image\" \/>\n<meta name=\"twitter:label1\" content=\"\u01af\u1edbc t\u00ednh th\u1eddi gian \u0111\u1ecdc\" \/>\n\t<meta name=\"twitter:data1\" content=\"1 ph\u00fat\" \/>\n<script type=\"application\/ld+json\" class=\"yoast-schema-graph\">{\"@context\":\"https:\\\/\\\/schema.org\",\"@graph\":[{\"@type\":\"WebPage\",\"@id\":\"https:\\\/\\\/www.sj-gauge.com\\\/product\\\/mssmp858-nst-1\\\/\",\"url\":\"https:\\\/\\\/www.sj-gauge.com\\\/product\\\/mssmp858-nst-1\\\/\",\"name\":\"Remote Diaphragm Seal Differential Pressure Transmitter | SJ Gauge\",\"isPartOf\":{\"@id\":\"https:\\\/\\\/www.sj-gauge.com\\\/#website\"},\"primaryImageOfPage\":{\"@id\":\"https:\\\/\\\/www.sj-gauge.com\\\/product\\\/mssmp858-nst-1\\\/#primaryimage\"},\"image\":{\"@id\":\"https:\\\/\\\/www.sj-gauge.com\\\/product\\\/mssmp858-nst-1\\\/#primaryimage\"},\"thumbnailUrl\":\"https:\\\/\\\/www.sj-gauge.com\\\/wp-content\\\/uploads\\\/2025\\\/10\\\/SJ-Gauge_Pressure_Trasnmitter_with_Dual_Remote_diaphragm_Seal_L.jpg\",\"datePublished\":\"2025-10-30T02:17:18+00:00\",\"dateModified\":\"2026-04-03T06:01:26+00:00\",\"description\":\"MSSMP858-NST differential pressure transmitter with remote diaphragm seal, designed for harsh environments. Features full isolation structure, dual diaphragm overload protection, and strong surge resistance for stable and accurate measurement.\",\"breadcrumb\":{\"@id\":\"https:\\\/\\\/www.sj-gauge.com\\\/product\\\/mssmp858-nst-1\\\/#breadcrumb\"},\"inLanguage\":\"vi\",\"potentialAction\":[{\"@type\":\"ReadAction\",\"target\":[\"https:\\\/\\\/www.sj-gauge.com\\\/product\\\/mssmp858-nst-1\\\/\"]}]},{\"@type\":\"ImageObject\",\"inLanguage\":\"vi\",\"@id\":\"https:\\\/\\\/www.sj-gauge.com\\\/product\\\/mssmp858-nst-1\\\/#primaryimage\",\"url\":\"https:\\\/\\\/www.sj-gauge.com\\\/wp-content\\\/uploads\\\/2025\\\/10\\\/SJ-Gauge_Pressure_Trasnmitter_with_Dual_Remote_diaphragm_Seal_L.jpg\",\"contentUrl\":\"https:\\\/\\\/www.sj-gauge.com\\\/wp-content\\\/uploads\\\/2025\\\/10\\\/SJ-Gauge_Pressure_Trasnmitter_with_Dual_Remote_diaphragm_Seal_L.jpg\",\"width\":1200,\"height\":1000},{\"@type\":\"BreadcrumbList\",\"@id\":\"https:\\\/\\\/www.sj-gauge.com\\\/product\\\/mssmp858-nst-1\\\/#breadcrumb\",\"itemListElement\":[{\"@type\":\"ListItem\",\"position\":1,\"name\":\"Home\",\"item\":\"https:\\\/\\\/www.sj-gauge.com\\\/\"},{\"@type\":\"ListItem\",\"position\":2,\"name\":\"Products\",\"item\":\"https:\\\/\\\/www.sj-gauge.com\\\/products\\\/\"},{\"@type\":\"ListItem\",\"position\":3,\"name\":\"Smart Diaphragm Differential Pressure Transmitter with Remote Diaphragm Seal\"}]},{\"@type\":\"WebSite\",\"@id\":\"https:\\\/\\\/www.sj-gauge.com\\\/#website\",\"url\":\"https:\\\/\\\/www.sj-gauge.com\\\/\",\"name\":\"SJ Gauge | Pressure Gauges, Thermometers &amp; Pressure Sensors\",\"description\":\"Manufacturer of industrial pressure gauges, pressure sensors, and transmitters. SJ Gauge provides high accuracy, durable materials, and custom solutions for oil &amp; gas, chemical, and industrial applications.\",\"publisher\":{\"@id\":\"https:\\\/\\\/www.sj-gauge.com\\\/#organization\"},\"potentialAction\":[{\"@type\":\"SearchAction\",\"target\":{\"@type\":\"EntryPoint\",\"urlTemplate\":\"https:\\\/\\\/www.sj-gauge.com\\\/?s={search_term_string}\"},\"query-input\":{\"@type\":\"PropertyValueSpecification\",\"valueRequired\":true,\"valueName\":\"search_term_string\"}}],\"inLanguage\":\"vi\"},{\"@type\":\"Organization\",\"@id\":\"https:\\\/\\\/www.sj-gauge.com\\\/#organization\",\"name\":\"SJ Gauge | Pressure Gauges, Thermometers &amp; Pressure Sensors\",\"url\":\"https:\\\/\\\/www.sj-gauge.com\\\/\",\"logo\":{\"@type\":\"ImageObject\",\"inLanguage\":\"vi\",\"@id\":\"https:\\\/\\\/www.sj-gauge.com\\\/#\\\/schema\\\/logo\\\/image\\\/\",\"url\":\"https:\\\/\\\/www.sj-gauge.com\\\/wp-content\\\/uploads\\\/2025\\\/09\\\/logo.webp\",\"contentUrl\":\"https:\\\/\\\/www.sj-gauge.com\\\/wp-content\\\/uploads\\\/2025\\\/09\\\/logo.webp\",\"width\":348,\"height\":184,\"caption\":\"SJ Gauge | Pressure Gauges, Thermometers &amp; Pressure Sensors\"},\"image\":{\"@id\":\"https:\\\/\\\/www.sj-gauge.com\\\/#\\\/schema\\\/logo\\\/image\\\/\"}}]}<\/script>\n<!-- \/ Yoast SEO Premium plugin. -->","yoast_head_json":{"title":"B\u1ed9 truy\u1ec1n t\u00edn hi\u1ec7u ch\u00eanh l\u1ec7ch \u00e1p su\u1ea5t c\u00f3 m\u00e0ng ch\u1eafn t\u1eeb xa | SJ Gauge","description":"B\u1ed9 truy\u1ec1n t\u00edn hi\u1ec7u ch\u00eanh l\u1ec7ch \u00e1p su\u1ea5t MSSMP858-NST v\u1edbi b\u1ed9 c\u00e1ch ly m\u00e0ng t\u1eeb xa, \u0111\u01b0\u1ee3c thi\u1ebft k\u1ebf d\u00e0nh cho c\u00e1c m\u00f4i tr\u01b0\u1eddng kh\u1eafc nghi\u1ec7t. S\u1ea3n ph\u1ea9m s\u1edf h\u1eefu c\u1ea5u tr\u00fac c\u00e1ch ly ho\u00e0n to\u00e0n, t\u00ednh n\u0103ng b\u1ea3o v\u1ec7 qu\u00e1 t\u1ea3i b\u1eb1ng m\u00e0ng k\u00e9p v\u00e0 kh\u1ea3 n\u0103ng ch\u1ed1ng s\u1ed1c \u00e1p su\u1ea5t m\u1ea1nh m\u1ebd, \u0111\u1ea3m b\u1ea3o \u0111o l\u01b0\u1eddng \u1ed5n \u0111\u1ecbnh v\u00e0 ch\u00ednh x\u00e1c.","robots":{"index":"index","follow":"follow","max-snippet":"max-snippet:-1","max-image-preview":"max-image-preview:large","max-video-preview":"max-video-preview:-1"},"canonical":"https:\/\/www.sj-gauge.com\/vi\/san-pham\/mssmp858-nst-1\/","og_locale":"vi_VN","og_type":"article","og_title":"Smart Diaphragm Differential Pressure Transmitter with Remote Diaphragm Seal","og_description":"MSSMP858-NST differential pressure transmitter with remote diaphragm seal, designed for harsh environments. Features full isolation structure, dual diaphragm overload protection, and strong surge resistance for stable and accurate measurement.","og_url":"https:\/\/www.sj-gauge.com\/vi\/san-pham\/mssmp858-nst-1\/","og_site_name":"SJ Gauge | Pressure Gauges, Thermometers &amp; Pressure Sensors","article_modified_time":"2026-04-03T06:01:26+00:00","og_image":[{"width":1200,"height":1000,"url":"https:\/\/www.sj-gauge.com\/wp-content\/uploads\/2025\/10\/SJ-Gauge_Pressure_Trasnmitter_with_Dual_Remote_diaphragm_Seal_L.jpg","type":"image\/jpeg"}],"twitter_card":"summary_large_image","twitter_misc":{"\u01af\u1edbc t\u00ednh th\u1eddi gian \u0111\u1ecdc":"1 ph\u00fat"},"schema":{"@context":"https:\/\/schema.org","@graph":[{"@type":"WebPage","@id":"https:\/\/www.sj-gauge.com\/product\/mssmp858-nst-1\/","url":"https:\/\/www.sj-gauge.com\/product\/mssmp858-nst-1\/","name":"B\u1ed9 truy\u1ec1n t\u00edn hi\u1ec7u ch\u00eanh l\u1ec7ch \u00e1p su\u1ea5t c\u00f3 m\u00e0ng ch\u1eafn t\u1eeb xa | SJ Gauge","isPartOf":{"@id":"https:\/\/www.sj-gauge.com\/#website"},"primaryImageOfPage":{"@id":"https:\/\/www.sj-gauge.com\/product\/mssmp858-nst-1\/#primaryimage"},"image":{"@id":"https:\/\/www.sj-gauge.com\/product\/mssmp858-nst-1\/#primaryimage"},"thumbnailUrl":"https:\/\/www.sj-gauge.com\/wp-content\/uploads\/2025\/10\/SJ-Gauge_Pressure_Trasnmitter_with_Dual_Remote_diaphragm_Seal_L.jpg","datePublished":"2025-10-30T02:17:18+00:00","dateModified":"2026-04-03T06:01:26+00:00","description":"B\u1ed9 truy\u1ec1n t\u00edn hi\u1ec7u ch\u00eanh l\u1ec7ch \u00e1p su\u1ea5t MSSMP858-NST v\u1edbi b\u1ed9 c\u00e1ch ly m\u00e0ng t\u1eeb xa, \u0111\u01b0\u1ee3c thi\u1ebft k\u1ebf d\u00e0nh cho c\u00e1c m\u00f4i tr\u01b0\u1eddng kh\u1eafc nghi\u1ec7t. S\u1ea3n ph\u1ea9m s\u1edf h\u1eefu c\u1ea5u tr\u00fac c\u00e1ch ly ho\u00e0n to\u00e0n, t\u00ednh n\u0103ng b\u1ea3o v\u1ec7 qu\u00e1 t\u1ea3i b\u1eb1ng m\u00e0ng k\u00e9p v\u00e0 kh\u1ea3 n\u0103ng ch\u1ed1ng s\u1ed1c \u00e1p su\u1ea5t m\u1ea1nh m\u1ebd, \u0111\u1ea3m b\u1ea3o \u0111o l\u01b0\u1eddng \u1ed5n \u0111\u1ecbnh v\u00e0 ch\u00ednh x\u00e1c.","breadcrumb":{"@id":"https:\/\/www.sj-gauge.com\/product\/mssmp858-nst-1\/#breadcrumb"},"inLanguage":"vi","potentialAction":[{"@type":"ReadAction","target":["https:\/\/www.sj-gauge.com\/product\/mssmp858-nst-1\/"]}]},{"@type":"ImageObject","inLanguage":"vi","@id":"https:\/\/www.sj-gauge.com\/product\/mssmp858-nst-1\/#primaryimage","url":"https:\/\/www.sj-gauge.com\/wp-content\/uploads\/2025\/10\/SJ-Gauge_Pressure_Trasnmitter_with_Dual_Remote_diaphragm_Seal_L.jpg","contentUrl":"https:\/\/www.sj-gauge.com\/wp-content\/uploads\/2025\/10\/SJ-Gauge_Pressure_Trasnmitter_with_Dual_Remote_diaphragm_Seal_L.jpg","width":1200,"height":1000},{"@type":"BreadcrumbList","@id":"https:\/\/www.sj-gauge.com\/product\/mssmp858-nst-1\/#breadcrumb","itemListElement":[{"@type":"ListItem","position":1,"name":"Home","item":"https:\/\/www.sj-gauge.com\/"},{"@type":"ListItem","position":2,"name":"Products","item":"https:\/\/www.sj-gauge.com\/products\/"},{"@type":"ListItem","position":3,"name":"Smart Diaphragm Differential Pressure Transmitter with Remote Diaphragm Seal"}]},{"@type":"WebSite","@id":"https:\/\/www.sj-gauge.com\/#website","url":"https:\/\/www.sj-gauge.com\/","name":"SJ Gauge | \u0110\u1ed3ng h\u1ed3 \u0111o \u00e1p su\u1ea5t, nhi\u1ec7t k\u1ebf v\u00e0 c\u1ea3m bi\u1ebfn \u00e1p su\u1ea5t","description":"Nh\u00e0 s\u1ea3n xu\u1ea5t \u0111\u1ed3ng h\u1ed3 \u0111o \u00e1p su\u1ea5t c\u00f4ng nghi\u1ec7p, c\u1ea3m bi\u1ebfn \u00e1p su\u1ea5t v\u00e0 b\u1ed9 truy\u1ec1n t\u00edn hi\u1ec7u. SJ Gauge cung c\u1ea5p c\u00e1c s\u1ea3n ph\u1ea9m c\u00f3 \u0111\u1ed9 ch\u00ednh x\u00e1c cao, \u0111\u01b0\u1ee3c ch\u1ebf t\u1ea1o t\u1eeb v\u1eadt li\u1ec7u b\u1ec1n b\u1ec9 v\u00e0 c\u00e1c gi\u1ea3i ph\u00e1p t\u00f9y ch\u1ec9nh d\u00e0nh cho c\u00e1c \u1ee9ng d\u1ee5ng trong ng\u00e0nh d\u1ea7u kh\u00ed, h\u00f3a ch\u1ea5t v\u00e0 c\u00f4ng nghi\u1ec7p.","publisher":{"@id":"https:\/\/www.sj-gauge.com\/#organization"},"potentialAction":[{"@type":"SearchAction","target":{"@type":"EntryPoint","urlTemplate":"https:\/\/www.sj-gauge.com\/?s={search_term_string}"},"query-input":{"@type":"PropertyValueSpecification","valueRequired":true,"valueName":"search_term_string"}}],"inLanguage":"vi"},{"@type":"Organization","@id":"https:\/\/www.sj-gauge.com\/#organization","name":"SJ Gauge | \u0110\u1ed3ng h\u1ed3 \u0111o \u00e1p su\u1ea5t, nhi\u1ec7t k\u1ebf v\u00e0 c\u1ea3m bi\u1ebfn \u00e1p su\u1ea5t","url":"https:\/\/www.sj-gauge.com\/","logo":{"@type":"ImageObject","inLanguage":"vi","@id":"https:\/\/www.sj-gauge.com\/#\/schema\/logo\/image\/","url":"https:\/\/www.sj-gauge.com\/wp-content\/uploads\/2025\/09\/logo.webp","contentUrl":"https:\/\/www.sj-gauge.com\/wp-content\/uploads\/2025\/09\/logo.webp","width":348,"height":184,"caption":"SJ Gauge | Pressure Gauges, Thermometers &amp; Pressure Sensors"},"image":{"@id":"https:\/\/www.sj-gauge.com\/#\/schema\/logo\/image\/"}}]}},"_links":{"self":[{"href":"https:\/\/www.sj-gauge.com\/vi\/wp-json\/wp\/v2\/product\/1372","targetHints":{"allow":["GET"]}}],"collection":[{"href":"https:\/\/www.sj-gauge.com\/vi\/wp-json\/wp\/v2\/product"}],"about":[{"href":"https:\/\/www.sj-gauge.com\/vi\/wp-json\/wp\/v2\/types\/product"}],"wp:featuredmedia":[{"embeddable":true,"href":"https:\/\/www.sj-gauge.com\/vi\/wp-json\/wp\/v2\/media\/1373"}],"wp:attachment":[{"href":"https:\/\/www.sj-gauge.com\/vi\/wp-json\/wp\/v2\/media?parent=1372"}],"wp:term":[{"taxonomy":"product_brand","embeddable":true,"href":"https:\/\/www.sj-gauge.com\/vi\/wp-json\/wp\/v2\/product_brand?post=1372"},{"taxonomy":"product_cat","embeddable":true,"href":"https:\/\/www.sj-gauge.com\/vi\/wp-json\/wp\/v2\/product_cat?post=1372"},{"taxonomy":"product_tag","embeddable":true,"href":"https:\/\/www.sj-gauge.com\/vi\/wp-json\/wp\/v2\/product_tag?post=1372"}],"curies":[{"name":"wp","href":"https:\/\/api.w.org\/{rel}","templated":true}]}}