{"id":1376,"date":"2025-10-30T11:27:38","date_gmt":"2025-10-30T03:27:38","guid":{"rendered":"https:\/\/sj-gauge.com\/?post_type=product&#038;p=1376"},"modified":"2026-04-03T13:50:46","modified_gmt":"2026-04-03T05:50:46","slug":"mssmp858-tst-s","status":"publish","type":"product","link":"https:\/\/www.sj-gauge.com\/vi\/san-pham\/mssmp858-tst-s\/","title":{"rendered":"C\u1ea3m bi\u1ebfn \u00e1p su\u1ea5t m\u00e0ng th\u00f4ng minh, \u0111\u1ea7u n\u1ed1i h\u1ee3p kim nh\u00f4m"},"content":{"rendered":"<p>C\u1ea3m bi\u1ebfn \u00e1p su\u1ea5t m\u00e0ng th\u00f4ng minh n\u00e0y \u0111\u01b0\u1ee3c trang b\u1ecb m\u00f4-\u0111un hi\u1ec3n th\u1ecb xoay 355\u00b0 v\u1edbi giao di\u1ec7n n\u00fat b\u1ea5m tr\u1ef1c quan, cho ph\u00e9p xem linh ho\u1ea1t v\u00e0 c\u1ea5u h\u00ecnh d\u1ec5 d\u00e0ng. C\u00f4ng ngh\u1ec7 ch\u1ea5t l\u1ecfng \u0111i\u1ec1n \u0111\u1ea7y ti\u00ean ti\u1ebfn gi\u00fap gi\u1ea3m thi\u1ec3u t\u00e1c \u0111\u1ed9ng c\u1ee7a nhi\u1ec7t \u0111\u1ed9 v\u00e0 \u00e1p su\u1ea5t t\u0129nh, \u0111\u1ea3m b\u1ea3o \u0111o l\u01b0\u1eddng \u1ed5n \u0111\u1ecbnh v\u00e0 ch\u00ednh x\u00e1c. V\u1ecf b\u1ea3o v\u1ec7 b\u1eb1ng h\u1ee3p kim nh\u00f4m cung c\u1ea5p \u0111\u1ed9 b\u1ec1n nh\u1eb9 v\u00e0 hi\u1ec7u su\u1ea5t \u0111\u00e1ng tin c\u1eady trong m\u00f4i tr\u01b0\u1eddng c\u00f4ng nghi\u1ec7p kh\u1eafc nghi\u1ec7t. Ph\u00f9 h\u1ee3p \u0111\u1ec3 \u0111o l\u01b0\u1eddng c\u00e1c ch\u1ea5t l\u1ecfng c\u00f3 \u0111\u1ed9 nh\u1edbt cao, \u0103n m\u00f2n ho\u1eb7c nhi\u1ec7t \u0111\u1ed9 cao, thi\u1ebft b\u1ecb n\u00e0y \u0111\u01b0\u1ee3c ch\u1ee9ng nh\u1eadn b\u1edfi Ex, IEC, CE, RoHS v\u00e0 HART.<\/p>","protected":false},"excerpt":{"rendered":"<ul>\n<li>M\u00f4-\u0111un hi\u1ec3n th\u1ecb xoay 355\u00b0, ch\u1ee9c n\u0103ng \u0111i\u1ec1u khi\u1ec3n b\u1eb1ng n\u00fat b\u1ea5m th\u00e2n thi\u1ec7n v\u1edbi ng\u01b0\u1eddi d\u00f9ng.<\/li>\n<li>C\u00f4ng ngh\u1ec7 ch\u1ea5t l\u1ecfng \u0111i\u1ec1n ch\u00ednh x\u00e1c lo\u1ea1i b\u1ecf t\u00e1c \u0111\u1ed9ng c\u1ee7a nhi\u1ec7t \u0111\u1ed9 v\u00e0 \u00e1p su\u1ea5t t\u0129nh.<\/li>\n<li>V\u1ecf b\u1ea3o v\u1ec7 \u0111i\u1ec7n b\u1eb1ng kim lo\u1ea1i c\u00f3 \u0111\u1ed9 b\u1ec1n cao \u0111\u00e1p \u1ee9ng c\u00e1c y\u00eau c\u1ea7u kh\u1eaft khe nh\u1ea5t trong c\u00e1c \u1ee9ng d\u1ee5ng m\u00f4i tr\u01b0\u1eddng.<\/li>\n<\/ul>","protected":false},"featured_media":1377,"template":"","meta":{"_acf_changed":false},"product_brand":[40],"product_cat":[41,15],"product_tag":[],"class_list":{"0":"post-1376","1":"product","2":"type-product","3":"status-publish","4":"has-post-thumbnail","6":"product_brand-sj-gauge","7":"product_cat-pressure-instruments","8":"product_cat-pressure-sensors","10":"first","11":"instock","12":"shipping-taxable","13":"product-type-simple"},"acf":[],"yoast_head":"<!-- This site is optimized with the Yoast SEO Premium plugin v26.7 (Yoast SEO v27.4) - https:\/\/yoast.com\/product\/yoast-seo-premium-wordpress\/ -->\n<title>Smart Diaphragm Pressure Transmitter | Aluminum Housing | SJ Gauge<\/title>\n<meta name=\"description\" content=\"MSSMP858-TST-S smart diaphragm pressure transmitter with aluminum-alloy housing, featuring 355\u00b0 rotating display and advanced filling fluid technology to ensure stable and accurate measurement under varying temperature and pressure conditions.\" \/>\n<meta name=\"robots\" content=\"index, follow, max-snippet:-1, max-image-preview:large, max-video-preview:-1\" \/>\n<link rel=\"canonical\" href=\"https:\/\/www.sj-gauge.com\/vi\/san-pham\/mssmp858-tst-s\/\" \/>\n<meta property=\"og:locale\" content=\"vi_VN\" \/>\n<meta property=\"og:type\" content=\"article\" \/>\n<meta property=\"og:title\" content=\"Smart Diaphragm Pressure Transmitter, Aluminum-alloy Terminal\" \/>\n<meta property=\"og:description\" content=\"MSSMP858-TST-S smart diaphragm pressure transmitter with aluminum-alloy housing, featuring 355\u00b0 rotating display and advanced filling fluid technology to ensure stable and accurate measurement under varying temperature and pressure conditions.\" \/>\n<meta property=\"og:url\" content=\"https:\/\/www.sj-gauge.com\/vi\/san-pham\/mssmp858-tst-s\/\" \/>\n<meta property=\"og:site_name\" content=\"SJ Gauge | Pressure Gauges, Thermometers &amp; Pressure Sensors\" \/>\n<meta property=\"article:modified_time\" content=\"2026-04-03T05:50:46+00:00\" \/>\n<meta property=\"og:image\" content=\"https:\/\/www.sj-gauge.com\/wp-content\/uploads\/2025\/10\/SJ-Gauge_Pressure_Trasnmitter_with_Diaphragm_Seal_n_Aluminum-ally_Terminal_L.jpg\" \/>\n\t<meta property=\"og:image:width\" content=\"1200\" \/>\n\t<meta property=\"og:image:height\" content=\"1000\" \/>\n\t<meta property=\"og:image:type\" content=\"image\/jpeg\" \/>\n<meta name=\"twitter:card\" content=\"summary_large_image\" \/>\n<meta name=\"twitter:label1\" content=\"\u01af\u1edbc t\u00ednh th\u1eddi gian \u0111\u1ecdc\" \/>\n\t<meta name=\"twitter:data1\" content=\"1 ph\u00fat\" \/>\n<script type=\"application\/ld+json\" class=\"yoast-schema-graph\">{\"@context\":\"https:\\\/\\\/schema.org\",\"@graph\":[{\"@type\":\"WebPage\",\"@id\":\"https:\\\/\\\/www.sj-gauge.com\\\/product\\\/mssmp858-tst-s\\\/\",\"url\":\"https:\\\/\\\/www.sj-gauge.com\\\/product\\\/mssmp858-tst-s\\\/\",\"name\":\"Smart Diaphragm Pressure Transmitter | Aluminum Housing | SJ Gauge\",\"isPartOf\":{\"@id\":\"https:\\\/\\\/www.sj-gauge.com\\\/#website\"},\"primaryImageOfPage\":{\"@id\":\"https:\\\/\\\/www.sj-gauge.com\\\/product\\\/mssmp858-tst-s\\\/#primaryimage\"},\"image\":{\"@id\":\"https:\\\/\\\/www.sj-gauge.com\\\/product\\\/mssmp858-tst-s\\\/#primaryimage\"},\"thumbnailUrl\":\"https:\\\/\\\/www.sj-gauge.com\\\/wp-content\\\/uploads\\\/2025\\\/10\\\/SJ-Gauge_Pressure_Trasnmitter_with_Diaphragm_Seal_n_Aluminum-ally_Terminal_L.jpg\",\"datePublished\":\"2025-10-30T03:27:38+00:00\",\"dateModified\":\"2026-04-03T05:50:46+00:00\",\"description\":\"MSSMP858-TST-S smart diaphragm pressure transmitter with aluminum-alloy housing, featuring 355\u00b0 rotating display and advanced filling fluid technology to ensure stable and accurate measurement under varying temperature and pressure conditions.\",\"breadcrumb\":{\"@id\":\"https:\\\/\\\/www.sj-gauge.com\\\/product\\\/mssmp858-tst-s\\\/#breadcrumb\"},\"inLanguage\":\"vi\",\"potentialAction\":[{\"@type\":\"ReadAction\",\"target\":[\"https:\\\/\\\/www.sj-gauge.com\\\/product\\\/mssmp858-tst-s\\\/\"]}]},{\"@type\":\"ImageObject\",\"inLanguage\":\"vi\",\"@id\":\"https:\\\/\\\/www.sj-gauge.com\\\/product\\\/mssmp858-tst-s\\\/#primaryimage\",\"url\":\"https:\\\/\\\/www.sj-gauge.com\\\/wp-content\\\/uploads\\\/2025\\\/10\\\/SJ-Gauge_Pressure_Trasnmitter_with_Diaphragm_Seal_n_Aluminum-ally_Terminal_L.jpg\",\"contentUrl\":\"https:\\\/\\\/www.sj-gauge.com\\\/wp-content\\\/uploads\\\/2025\\\/10\\\/SJ-Gauge_Pressure_Trasnmitter_with_Diaphragm_Seal_n_Aluminum-ally_Terminal_L.jpg\",\"width\":1200,\"height\":1000},{\"@type\":\"BreadcrumbList\",\"@id\":\"https:\\\/\\\/www.sj-gauge.com\\\/product\\\/mssmp858-tst-s\\\/#breadcrumb\",\"itemListElement\":[{\"@type\":\"ListItem\",\"position\":1,\"name\":\"Home\",\"item\":\"https:\\\/\\\/www.sj-gauge.com\\\/\"},{\"@type\":\"ListItem\",\"position\":2,\"name\":\"Products\",\"item\":\"https:\\\/\\\/www.sj-gauge.com\\\/products\\\/\"},{\"@type\":\"ListItem\",\"position\":3,\"name\":\"Smart Diaphragm Pressure Transmitter, Aluminum-alloy Terminal\"}]},{\"@type\":\"WebSite\",\"@id\":\"https:\\\/\\\/www.sj-gauge.com\\\/#website\",\"url\":\"https:\\\/\\\/www.sj-gauge.com\\\/\",\"name\":\"SJ Gauge | Pressure Gauges, Thermometers &amp; Pressure Sensors\",\"description\":\"Manufacturer of industrial pressure gauges, pressure sensors, and transmitters. SJ Gauge provides high accuracy, durable materials, and custom solutions for oil &amp; gas, chemical, and industrial applications.\",\"publisher\":{\"@id\":\"https:\\\/\\\/www.sj-gauge.com\\\/#organization\"},\"potentialAction\":[{\"@type\":\"SearchAction\",\"target\":{\"@type\":\"EntryPoint\",\"urlTemplate\":\"https:\\\/\\\/www.sj-gauge.com\\\/?s={search_term_string}\"},\"query-input\":{\"@type\":\"PropertyValueSpecification\",\"valueRequired\":true,\"valueName\":\"search_term_string\"}}],\"inLanguage\":\"vi\"},{\"@type\":\"Organization\",\"@id\":\"https:\\\/\\\/www.sj-gauge.com\\\/#organization\",\"name\":\"SJ Gauge | Pressure Gauges, Thermometers &amp; Pressure Sensors\",\"url\":\"https:\\\/\\\/www.sj-gauge.com\\\/\",\"logo\":{\"@type\":\"ImageObject\",\"inLanguage\":\"vi\",\"@id\":\"https:\\\/\\\/www.sj-gauge.com\\\/#\\\/schema\\\/logo\\\/image\\\/\",\"url\":\"https:\\\/\\\/www.sj-gauge.com\\\/wp-content\\\/uploads\\\/2025\\\/09\\\/logo.webp\",\"contentUrl\":\"https:\\\/\\\/www.sj-gauge.com\\\/wp-content\\\/uploads\\\/2025\\\/09\\\/logo.webp\",\"width\":348,\"height\":184,\"caption\":\"SJ Gauge | Pressure Gauges, Thermometers &amp; Pressure Sensors\"},\"image\":{\"@id\":\"https:\\\/\\\/www.sj-gauge.com\\\/#\\\/schema\\\/logo\\\/image\\\/\"}}]}<\/script>\n<!-- \/ Yoast SEO Premium plugin. -->","yoast_head_json":{"title":"B\u1ed9 truy\u1ec1n \u00e1p su\u1ea5t m\u00e0ng th\u00f4ng minh | V\u1ecf nh\u00f4m | SJ Gauge","description":"C\u1ea3m bi\u1ebfn \u00e1p su\u1ea5t m\u00e0ng th\u00f4ng minh MSSMP858-TST-S v\u1edbi v\u1ecf h\u1ee3p kim nh\u00f4m, \u0111\u01b0\u1ee3c trang b\u1ecb m\u00e0n h\u00ecnh xoay 355\u00b0 v\u00e0 c\u00f4ng ngh\u1ec7 ch\u1ea5t l\u1ecfng l\u1ea5p \u0111\u1ea7y ti\u00ean ti\u1ebfn, \u0111\u1ea3m b\u1ea3o \u0111o l\u01b0\u1eddng \u1ed5n \u0111\u1ecbnh v\u00e0 ch\u00ednh x\u00e1c trong c\u00e1c \u0111i\u1ec1u ki\u1ec7n nhi\u1ec7t \u0111\u1ed9 v\u00e0 \u00e1p su\u1ea5t thay \u0111\u1ed5i.","robots":{"index":"index","follow":"follow","max-snippet":"max-snippet:-1","max-image-preview":"max-image-preview:large","max-video-preview":"max-video-preview:-1"},"canonical":"https:\/\/www.sj-gauge.com\/vi\/san-pham\/mssmp858-tst-s\/","og_locale":"vi_VN","og_type":"article","og_title":"Smart Diaphragm Pressure Transmitter, Aluminum-alloy Terminal","og_description":"MSSMP858-TST-S smart diaphragm pressure transmitter with aluminum-alloy housing, featuring 355\u00b0 rotating display and advanced filling fluid technology to ensure stable and accurate measurement under varying temperature and pressure conditions.","og_url":"https:\/\/www.sj-gauge.com\/vi\/san-pham\/mssmp858-tst-s\/","og_site_name":"SJ Gauge | Pressure Gauges, Thermometers &amp; Pressure Sensors","article_modified_time":"2026-04-03T05:50:46+00:00","og_image":[{"width":1200,"height":1000,"url":"https:\/\/www.sj-gauge.com\/wp-content\/uploads\/2025\/10\/SJ-Gauge_Pressure_Trasnmitter_with_Diaphragm_Seal_n_Aluminum-ally_Terminal_L.jpg","type":"image\/jpeg"}],"twitter_card":"summary_large_image","twitter_misc":{"\u01af\u1edbc t\u00ednh th\u1eddi gian \u0111\u1ecdc":"1 ph\u00fat"},"schema":{"@context":"https:\/\/schema.org","@graph":[{"@type":"WebPage","@id":"https:\/\/www.sj-gauge.com\/product\/mssmp858-tst-s\/","url":"https:\/\/www.sj-gauge.com\/product\/mssmp858-tst-s\/","name":"B\u1ed9 truy\u1ec1n \u00e1p su\u1ea5t m\u00e0ng th\u00f4ng minh | V\u1ecf nh\u00f4m | SJ Gauge","isPartOf":{"@id":"https:\/\/www.sj-gauge.com\/#website"},"primaryImageOfPage":{"@id":"https:\/\/www.sj-gauge.com\/product\/mssmp858-tst-s\/#primaryimage"},"image":{"@id":"https:\/\/www.sj-gauge.com\/product\/mssmp858-tst-s\/#primaryimage"},"thumbnailUrl":"https:\/\/www.sj-gauge.com\/wp-content\/uploads\/2025\/10\/SJ-Gauge_Pressure_Trasnmitter_with_Diaphragm_Seal_n_Aluminum-ally_Terminal_L.jpg","datePublished":"2025-10-30T03:27:38+00:00","dateModified":"2026-04-03T05:50:46+00:00","description":"C\u1ea3m bi\u1ebfn \u00e1p su\u1ea5t m\u00e0ng th\u00f4ng minh MSSMP858-TST-S v\u1edbi v\u1ecf h\u1ee3p kim nh\u00f4m, \u0111\u01b0\u1ee3c trang b\u1ecb m\u00e0n h\u00ecnh xoay 355\u00b0 v\u00e0 c\u00f4ng ngh\u1ec7 ch\u1ea5t l\u1ecfng l\u1ea5p \u0111\u1ea7y ti\u00ean ti\u1ebfn, \u0111\u1ea3m b\u1ea3o \u0111o l\u01b0\u1eddng \u1ed5n \u0111\u1ecbnh v\u00e0 ch\u00ednh x\u00e1c trong c\u00e1c \u0111i\u1ec1u ki\u1ec7n nhi\u1ec7t \u0111\u1ed9 v\u00e0 \u00e1p su\u1ea5t thay \u0111\u1ed5i.","breadcrumb":{"@id":"https:\/\/www.sj-gauge.com\/product\/mssmp858-tst-s\/#breadcrumb"},"inLanguage":"vi","potentialAction":[{"@type":"ReadAction","target":["https:\/\/www.sj-gauge.com\/product\/mssmp858-tst-s\/"]}]},{"@type":"ImageObject","inLanguage":"vi","@id":"https:\/\/www.sj-gauge.com\/product\/mssmp858-tst-s\/#primaryimage","url":"https:\/\/www.sj-gauge.com\/wp-content\/uploads\/2025\/10\/SJ-Gauge_Pressure_Trasnmitter_with_Diaphragm_Seal_n_Aluminum-ally_Terminal_L.jpg","contentUrl":"https:\/\/www.sj-gauge.com\/wp-content\/uploads\/2025\/10\/SJ-Gauge_Pressure_Trasnmitter_with_Diaphragm_Seal_n_Aluminum-ally_Terminal_L.jpg","width":1200,"height":1000},{"@type":"BreadcrumbList","@id":"https:\/\/www.sj-gauge.com\/product\/mssmp858-tst-s\/#breadcrumb","itemListElement":[{"@type":"ListItem","position":1,"name":"Home","item":"https:\/\/www.sj-gauge.com\/"},{"@type":"ListItem","position":2,"name":"Products","item":"https:\/\/www.sj-gauge.com\/products\/"},{"@type":"ListItem","position":3,"name":"Smart Diaphragm Pressure Transmitter, Aluminum-alloy Terminal"}]},{"@type":"WebSite","@id":"https:\/\/www.sj-gauge.com\/#website","url":"https:\/\/www.sj-gauge.com\/","name":"SJ Gauge | \u0110\u1ed3ng h\u1ed3 \u0111o \u00e1p su\u1ea5t, nhi\u1ec7t k\u1ebf v\u00e0 c\u1ea3m bi\u1ebfn \u00e1p su\u1ea5t","description":"Nh\u00e0 s\u1ea3n xu\u1ea5t \u0111\u1ed3ng h\u1ed3 \u0111o \u00e1p su\u1ea5t c\u00f4ng nghi\u1ec7p, c\u1ea3m bi\u1ebfn \u00e1p su\u1ea5t v\u00e0 b\u1ed9 truy\u1ec1n t\u00edn hi\u1ec7u. SJ Gauge cung c\u1ea5p c\u00e1c s\u1ea3n ph\u1ea9m c\u00f3 \u0111\u1ed9 ch\u00ednh x\u00e1c cao, \u0111\u01b0\u1ee3c ch\u1ebf t\u1ea1o t\u1eeb v\u1eadt li\u1ec7u b\u1ec1n b\u1ec9 v\u00e0 c\u00e1c gi\u1ea3i ph\u00e1p t\u00f9y ch\u1ec9nh d\u00e0nh cho c\u00e1c \u1ee9ng d\u1ee5ng trong ng\u00e0nh d\u1ea7u kh\u00ed, h\u00f3a ch\u1ea5t v\u00e0 c\u00f4ng nghi\u1ec7p.","publisher":{"@id":"https:\/\/www.sj-gauge.com\/#organization"},"potentialAction":[{"@type":"SearchAction","target":{"@type":"EntryPoint","urlTemplate":"https:\/\/www.sj-gauge.com\/?s={search_term_string}"},"query-input":{"@type":"PropertyValueSpecification","valueRequired":true,"valueName":"search_term_string"}}],"inLanguage":"vi"},{"@type":"Organization","@id":"https:\/\/www.sj-gauge.com\/#organization","name":"SJ Gauge | \u0110\u1ed3ng h\u1ed3 \u0111o \u00e1p su\u1ea5t, nhi\u1ec7t k\u1ebf v\u00e0 c\u1ea3m bi\u1ebfn \u00e1p su\u1ea5t","url":"https:\/\/www.sj-gauge.com\/","logo":{"@type":"ImageObject","inLanguage":"vi","@id":"https:\/\/www.sj-gauge.com\/#\/schema\/logo\/image\/","url":"https:\/\/www.sj-gauge.com\/wp-content\/uploads\/2025\/09\/logo.webp","contentUrl":"https:\/\/www.sj-gauge.com\/wp-content\/uploads\/2025\/09\/logo.webp","width":348,"height":184,"caption":"SJ Gauge | Pressure Gauges, Thermometers &amp; Pressure Sensors"},"image":{"@id":"https:\/\/www.sj-gauge.com\/#\/schema\/logo\/image\/"}}]}},"_links":{"self":[{"href":"https:\/\/www.sj-gauge.com\/vi\/wp-json\/wp\/v2\/product\/1376","targetHints":{"allow":["GET"]}}],"collection":[{"href":"https:\/\/www.sj-gauge.com\/vi\/wp-json\/wp\/v2\/product"}],"about":[{"href":"https:\/\/www.sj-gauge.com\/vi\/wp-json\/wp\/v2\/types\/product"}],"wp:featuredmedia":[{"embeddable":true,"href":"https:\/\/www.sj-gauge.com\/vi\/wp-json\/wp\/v2\/media\/1377"}],"wp:attachment":[{"href":"https:\/\/www.sj-gauge.com\/vi\/wp-json\/wp\/v2\/media?parent=1376"}],"wp:term":[{"taxonomy":"product_brand","embeddable":true,"href":"https:\/\/www.sj-gauge.com\/vi\/wp-json\/wp\/v2\/product_brand?post=1376"},{"taxonomy":"product_cat","embeddable":true,"href":"https:\/\/www.sj-gauge.com\/vi\/wp-json\/wp\/v2\/product_cat?post=1376"},{"taxonomy":"product_tag","embeddable":true,"href":"https:\/\/www.sj-gauge.com\/vi\/wp-json\/wp\/v2\/product_tag?post=1376"}],"curies":[{"name":"wp","href":"https:\/\/api.w.org\/{rel}","templated":true}]}}