{"id":1382,"date":"2025-10-30T14:44:50","date_gmt":"2025-10-30T06:44:50","guid":{"rendered":"https:\/\/sj-gauge.com\/?post_type=product&#038;p=1382"},"modified":"2026-04-04T11:36:40","modified_gmt":"2026-04-04T03:36:40","slug":"mssmp858-tsf-s","status":"publish","type":"product","link":"https:\/\/www.sj-gauge.com\/vi\/san-pham\/mssmp858-tsf-s\/","title":{"rendered":"C\u1ea3m bi\u1ebfn \u00e1p su\u1ea5t m\u00e0ng th\u00f4ng minh, thi\u1ebft k\u1ebf v\u1ec7 sinh, v\u1ecf th\u00e9p kh\u00f4ng g\u1ec9"},"content":{"rendered":"<p>C\u1ea3m bi\u1ebfn \u00e1p su\u1ea5t v\u1ec7 sinh n\u00e0y \u0111\u01b0\u1ee3c trang b\u1ecb thi\u1ebft k\u1ebf bu\u1ed3ng kh\u00ed c\u00e1ch ly \u0111\u1ec3 ng\u0103n ng\u1eeba ng\u01b0ng t\u1ee5 v\u00e0 tr\u00e1nh \u00f4 nhi\u1ec5m m\u00f4i tr\u01b0\u1eddng, l\u00fd t\u01b0\u1edfng cho c\u00e1c \u1ee9ng d\u1ee5ng trong ng\u00e0nh th\u1ef1c ph\u1ea9m, \u0111\u1ed3 u\u1ed1ng v\u00e0 d\u01b0\u1ee3c ph\u1ea9m. N\u00f3 \u0111\u01b0\u1ee3c thi\u1ebft k\u1ebf \u0111\u1ec3 v\u1ec7 sinh v\u00e0 ti\u1ec7t tr\u00f9ng theo quy tr\u00ecnh CIP\/SIP, \u0111\u1ea3m b\u1ea3o tu\u00e2n th\u1ee7 c\u00e1c ti\u00eau chu\u1ea9n v\u1ec7 sinh trong m\u00f4i tr\u01b0\u1eddng s\u1ea3n xu\u1ea5t s\u1ea1ch. B\u1ea3o v\u1ec7 qu\u00e1 t\u1ea3i b\u1eb1ng m\u00e0ng k\u00e9p cung c\u1ea5p \u0111\u1ed9 b\u1ec1n cao trong \u0111i\u1ec1u ki\u1ec7n \u00e1p su\u1ea5t cao. V\u1ecf th\u00e9p kh\u00f4ng g\u1ec9 mang l\u1ea1i kh\u1ea3 n\u0103ng ch\u1ed1ng \u0103n m\u00f2n v\u00e0 d\u1ec5 d\u00e0ng v\u1ec7 sinh, trong khi k\u1ebft n\u1ed1i v\u1ec7 sinh v\u00e0 m\u00e0n h\u00ecnh k\u1ef9 thu\u1eadt s\u1ed1 \u0111\u1ea3m b\u1ea3o gi\u00e1m s\u00e1t \u00e1p su\u1ea5t an to\u00e0n, ch\u00ednh x\u00e1c v\u00e0 v\u1ec7 sinh. \u0110\u01b0\u1ee3c ch\u1ee9ng nh\u1eadn b\u1edfi Ex, IEC, CE, RoHS v\u00e0 HART.<\/p>","protected":false},"excerpt":{"rendered":"<ul>\n<li>Thi\u1ebft k\u1ebf khoang kh\u00ed c\u00e1ch ly \u0111\u1ec3 ng\u0103n ng\u1eeba ng\u01b0ng t\u1ee5 v\u00e0 tr\u00e1nh \u00f4 nhi\u1ec5m cho m\u00f4i tr\u01b0\u1eddng.<\/li>\n<li>\u0110\u01b0\u1ee3c thi\u1ebft k\u1ebf cho ng\u00e0nh th\u1ef1c ph\u1ea9m v\u00e0 d\u01b0\u1ee3c ph\u1ea9m, ph\u00f9 h\u1ee3p cho qu\u00e1 tr\u00ecnh l\u00e0m s\u1ea1ch v\u00e0 ti\u1ec7t tr\u00f9ng CIP\/SIP.<\/li>\n<li>C\u1ea5u tr\u00fac b\u1ea3o v\u1ec7 qu\u00e1 t\u1ea3i hai m\u00e0ng c\u00f3 th\u1ec3 d\u1ec5 d\u00e0ng ch\u1ecbu \u0111\u01b0\u1ee3c c\u00e1c th\u1eed nghi\u1ec7m qu\u00e1 t\u1ea3i cao.<\/li>\n<\/ul>","protected":false},"featured_media":1384,"template":"","meta":{"_acf_changed":false},"product_brand":[40],"product_cat":[41,15],"product_tag":[],"class_list":{"0":"post-1382","1":"product","2":"type-product","3":"status-publish","4":"has-post-thumbnail","6":"product_brand-sj-gauge","7":"product_cat-pressure-instruments","8":"product_cat-pressure-sensors","10":"first","11":"instock","12":"shipping-taxable","13":"product-type-simple"},"acf":[],"yoast_head":"<!-- This site is optimized with the Yoast SEO Premium plugin v26.7 (Yoast SEO v27.4) - https:\/\/yoast.com\/product\/yoast-seo-premium-wordpress\/ -->\n<title>Hygienic Diaphragm Pressure Transmitter | Smart Design | SJ Gauge<\/title>\n<meta name=\"description\" content=\"MSSMP858-TSF-S smart hygienic diaphragm pressure transmitter with stainless steel housing, designed for food and pharmaceutical applications. Features isolated air cavity, CIP\/SIP compatibility, and double diaphragm overload protection for reliable performance.\" \/>\n<meta name=\"robots\" content=\"index, follow, max-snippet:-1, max-image-preview:large, max-video-preview:-1\" \/>\n<link rel=\"canonical\" href=\"https:\/\/www.sj-gauge.com\/vi\/san-pham\/mssmp858-tsf-s\/\" \/>\n<meta property=\"og:locale\" content=\"vi_VN\" \/>\n<meta property=\"og:type\" content=\"article\" \/>\n<meta property=\"og:title\" content=\"Smart Diaphragm Pressure Transmitter, Hygienic, Stainless Steel Case\" \/>\n<meta property=\"og:description\" content=\"MSSMP858-TSF-S smart hygienic diaphragm pressure transmitter with stainless steel housing, designed for food and pharmaceutical applications. Features isolated air cavity, CIP\/SIP compatibility, and double diaphragm overload protection for reliable performance.\" \/>\n<meta property=\"og:url\" content=\"https:\/\/www.sj-gauge.com\/vi\/san-pham\/mssmp858-tsf-s\/\" \/>\n<meta property=\"og:site_name\" content=\"SJ Gauge | Pressure Gauges, Thermometers &amp; Pressure Sensors\" \/>\n<meta property=\"article:modified_time\" content=\"2026-04-04T03:36:40+00:00\" \/>\n<meta property=\"og:image\" content=\"https:\/\/www.sj-gauge.com\/wp-content\/uploads\/2025\/10\/SJ-Gauge_Hygienic_Diaphragm_Pressure_Trasnmitter_with_SS_Case_L.jpg\" \/>\n\t<meta property=\"og:image:width\" content=\"1200\" \/>\n\t<meta property=\"og:image:height\" content=\"1000\" \/>\n\t<meta property=\"og:image:type\" content=\"image\/jpeg\" \/>\n<meta name=\"twitter:card\" content=\"summary_large_image\" \/>\n<meta name=\"twitter:label1\" content=\"\u01af\u1edbc t\u00ednh th\u1eddi gian \u0111\u1ecdc\" \/>\n\t<meta name=\"twitter:data1\" content=\"1 ph\u00fat\" \/>\n<script type=\"application\/ld+json\" class=\"yoast-schema-graph\">{\"@context\":\"https:\\\/\\\/schema.org\",\"@graph\":[{\"@type\":\"WebPage\",\"@id\":\"https:\\\/\\\/www.sj-gauge.com\\\/product\\\/mssmp858-tsf-s\\\/\",\"url\":\"https:\\\/\\\/www.sj-gauge.com\\\/product\\\/mssmp858-tsf-s\\\/\",\"name\":\"Hygienic Diaphragm Pressure Transmitter | Smart Design | SJ Gauge\",\"isPartOf\":{\"@id\":\"https:\\\/\\\/www.sj-gauge.com\\\/#website\"},\"primaryImageOfPage\":{\"@id\":\"https:\\\/\\\/www.sj-gauge.com\\\/product\\\/mssmp858-tsf-s\\\/#primaryimage\"},\"image\":{\"@id\":\"https:\\\/\\\/www.sj-gauge.com\\\/product\\\/mssmp858-tsf-s\\\/#primaryimage\"},\"thumbnailUrl\":\"https:\\\/\\\/www.sj-gauge.com\\\/wp-content\\\/uploads\\\/2025\\\/10\\\/SJ-Gauge_Hygienic_Diaphragm_Pressure_Trasnmitter_with_SS_Case_L.jpg\",\"datePublished\":\"2025-10-30T06:44:50+00:00\",\"dateModified\":\"2026-04-04T03:36:40+00:00\",\"description\":\"MSSMP858-TSF-S smart hygienic diaphragm pressure transmitter with stainless steel housing, designed for food and pharmaceutical applications. Features isolated air cavity, CIP\\\/SIP compatibility, and double diaphragm overload protection for reliable performance.\",\"breadcrumb\":{\"@id\":\"https:\\\/\\\/www.sj-gauge.com\\\/product\\\/mssmp858-tsf-s\\\/#breadcrumb\"},\"inLanguage\":\"vi\",\"potentialAction\":[{\"@type\":\"ReadAction\",\"target\":[\"https:\\\/\\\/www.sj-gauge.com\\\/product\\\/mssmp858-tsf-s\\\/\"]}]},{\"@type\":\"ImageObject\",\"inLanguage\":\"vi\",\"@id\":\"https:\\\/\\\/www.sj-gauge.com\\\/product\\\/mssmp858-tsf-s\\\/#primaryimage\",\"url\":\"https:\\\/\\\/www.sj-gauge.com\\\/wp-content\\\/uploads\\\/2025\\\/10\\\/SJ-Gauge_Hygienic_Diaphragm_Pressure_Trasnmitter_with_SS_Case_L.jpg\",\"contentUrl\":\"https:\\\/\\\/www.sj-gauge.com\\\/wp-content\\\/uploads\\\/2025\\\/10\\\/SJ-Gauge_Hygienic_Diaphragm_Pressure_Trasnmitter_with_SS_Case_L.jpg\",\"width\":1200,\"height\":1000},{\"@type\":\"BreadcrumbList\",\"@id\":\"https:\\\/\\\/www.sj-gauge.com\\\/product\\\/mssmp858-tsf-s\\\/#breadcrumb\",\"itemListElement\":[{\"@type\":\"ListItem\",\"position\":1,\"name\":\"Home\",\"item\":\"https:\\\/\\\/www.sj-gauge.com\\\/\"},{\"@type\":\"ListItem\",\"position\":2,\"name\":\"Products\",\"item\":\"https:\\\/\\\/www.sj-gauge.com\\\/products\\\/\"},{\"@type\":\"ListItem\",\"position\":3,\"name\":\"Smart Diaphragm Pressure Transmitter, Hygienic, Stainless Steel Case\"}]},{\"@type\":\"WebSite\",\"@id\":\"https:\\\/\\\/www.sj-gauge.com\\\/#website\",\"url\":\"https:\\\/\\\/www.sj-gauge.com\\\/\",\"name\":\"SJ Gauge | Pressure Gauges, Thermometers &amp; Pressure Sensors\",\"description\":\"Manufacturer of industrial pressure gauges, pressure sensors, and transmitters. SJ Gauge provides high accuracy, durable materials, and custom solutions for oil &amp; gas, chemical, and industrial applications.\",\"publisher\":{\"@id\":\"https:\\\/\\\/www.sj-gauge.com\\\/#organization\"},\"potentialAction\":[{\"@type\":\"SearchAction\",\"target\":{\"@type\":\"EntryPoint\",\"urlTemplate\":\"https:\\\/\\\/www.sj-gauge.com\\\/?s={search_term_string}\"},\"query-input\":{\"@type\":\"PropertyValueSpecification\",\"valueRequired\":true,\"valueName\":\"search_term_string\"}}],\"inLanguage\":\"vi\"},{\"@type\":\"Organization\",\"@id\":\"https:\\\/\\\/www.sj-gauge.com\\\/#organization\",\"name\":\"SJ Gauge | Pressure Gauges, Thermometers &amp; Pressure Sensors\",\"url\":\"https:\\\/\\\/www.sj-gauge.com\\\/\",\"logo\":{\"@type\":\"ImageObject\",\"inLanguage\":\"vi\",\"@id\":\"https:\\\/\\\/www.sj-gauge.com\\\/#\\\/schema\\\/logo\\\/image\\\/\",\"url\":\"https:\\\/\\\/www.sj-gauge.com\\\/wp-content\\\/uploads\\\/2025\\\/09\\\/logo.webp\",\"contentUrl\":\"https:\\\/\\\/www.sj-gauge.com\\\/wp-content\\\/uploads\\\/2025\\\/09\\\/logo.webp\",\"width\":348,\"height\":184,\"caption\":\"SJ Gauge | Pressure Gauges, Thermometers &amp; Pressure Sensors\"},\"image\":{\"@id\":\"https:\\\/\\\/www.sj-gauge.com\\\/#\\\/schema\\\/logo\\\/image\\\/\"}}]}<\/script>\n<!-- \/ Yoast SEO Premium plugin. -->","yoast_head_json":{"title":"C\u1ea3m bi\u1ebfn \u00e1p su\u1ea5t m\u00e0ng ng\u0103n v\u1ec7 sinh | Thi\u1ebft k\u1ebf th\u00f4ng minh | SJ Gauge","description":"C\u1ea3m bi\u1ebfn \u00e1p su\u1ea5t m\u00e0ng th\u00f4ng minh MSSMP858-TSF-S v\u1edbi v\u1ecf b\u1eb1ng th\u00e9p kh\u00f4ng g\u1ec9, \u0111\u01b0\u1ee3c thi\u1ebft k\u1ebf d\u00e0nh cho c\u00e1c \u1ee9ng d\u1ee5ng trong ng\u00e0nh th\u1ef1c ph\u1ea9m v\u00e0 d\u01b0\u1ee3c ph\u1ea9m. S\u1ea3n ph\u1ea9m c\u00f3 khoang kh\u00ed c\u00e1ch ly, t\u01b0\u01a1ng th\u00edch v\u1edbi quy tr\u00ecnh CIP\/SIP v\u00e0 t\u00ednh n\u0103ng b\u1ea3o v\u1ec7 qu\u00e1 t\u1ea3i b\u1eb1ng m\u00e0ng k\u00e9p, \u0111\u1ea3m b\u1ea3o hi\u1ec7u su\u1ea5t ho\u1ea1t \u0111\u1ed9ng \u0111\u00e1ng tin c\u1eady.","robots":{"index":"index","follow":"follow","max-snippet":"max-snippet:-1","max-image-preview":"max-image-preview:large","max-video-preview":"max-video-preview:-1"},"canonical":"https:\/\/www.sj-gauge.com\/vi\/san-pham\/mssmp858-tsf-s\/","og_locale":"vi_VN","og_type":"article","og_title":"Smart Diaphragm Pressure Transmitter, Hygienic, Stainless Steel Case","og_description":"MSSMP858-TSF-S smart hygienic diaphragm pressure transmitter with stainless steel housing, designed for food and pharmaceutical applications. Features isolated air cavity, CIP\/SIP compatibility, and double diaphragm overload protection for reliable performance.","og_url":"https:\/\/www.sj-gauge.com\/vi\/san-pham\/mssmp858-tsf-s\/","og_site_name":"SJ Gauge | Pressure Gauges, Thermometers &amp; Pressure Sensors","article_modified_time":"2026-04-04T03:36:40+00:00","og_image":[{"width":1200,"height":1000,"url":"https:\/\/www.sj-gauge.com\/wp-content\/uploads\/2025\/10\/SJ-Gauge_Hygienic_Diaphragm_Pressure_Trasnmitter_with_SS_Case_L.jpg","type":"image\/jpeg"}],"twitter_card":"summary_large_image","twitter_misc":{"\u01af\u1edbc t\u00ednh th\u1eddi gian \u0111\u1ecdc":"1 ph\u00fat"},"schema":{"@context":"https:\/\/schema.org","@graph":[{"@type":"WebPage","@id":"https:\/\/www.sj-gauge.com\/product\/mssmp858-tsf-s\/","url":"https:\/\/www.sj-gauge.com\/product\/mssmp858-tsf-s\/","name":"C\u1ea3m bi\u1ebfn \u00e1p su\u1ea5t m\u00e0ng ng\u0103n v\u1ec7 sinh | Thi\u1ebft k\u1ebf th\u00f4ng minh | SJ Gauge","isPartOf":{"@id":"https:\/\/www.sj-gauge.com\/#website"},"primaryImageOfPage":{"@id":"https:\/\/www.sj-gauge.com\/product\/mssmp858-tsf-s\/#primaryimage"},"image":{"@id":"https:\/\/www.sj-gauge.com\/product\/mssmp858-tsf-s\/#primaryimage"},"thumbnailUrl":"https:\/\/www.sj-gauge.com\/wp-content\/uploads\/2025\/10\/SJ-Gauge_Hygienic_Diaphragm_Pressure_Trasnmitter_with_SS_Case_L.jpg","datePublished":"2025-10-30T06:44:50+00:00","dateModified":"2026-04-04T03:36:40+00:00","description":"C\u1ea3m bi\u1ebfn \u00e1p su\u1ea5t m\u00e0ng th\u00f4ng minh MSSMP858-TSF-S v\u1edbi v\u1ecf b\u1eb1ng th\u00e9p kh\u00f4ng g\u1ec9, \u0111\u01b0\u1ee3c thi\u1ebft k\u1ebf d\u00e0nh cho c\u00e1c \u1ee9ng d\u1ee5ng trong ng\u00e0nh th\u1ef1c ph\u1ea9m v\u00e0 d\u01b0\u1ee3c ph\u1ea9m. S\u1ea3n ph\u1ea9m c\u00f3 khoang kh\u00ed c\u00e1ch ly, t\u01b0\u01a1ng th\u00edch v\u1edbi quy tr\u00ecnh CIP\/SIP v\u00e0 t\u00ednh n\u0103ng b\u1ea3o v\u1ec7 qu\u00e1 t\u1ea3i b\u1eb1ng m\u00e0ng k\u00e9p, \u0111\u1ea3m b\u1ea3o hi\u1ec7u su\u1ea5t ho\u1ea1t \u0111\u1ed9ng \u0111\u00e1ng tin c\u1eady.","breadcrumb":{"@id":"https:\/\/www.sj-gauge.com\/product\/mssmp858-tsf-s\/#breadcrumb"},"inLanguage":"vi","potentialAction":[{"@type":"ReadAction","target":["https:\/\/www.sj-gauge.com\/product\/mssmp858-tsf-s\/"]}]},{"@type":"ImageObject","inLanguage":"vi","@id":"https:\/\/www.sj-gauge.com\/product\/mssmp858-tsf-s\/#primaryimage","url":"https:\/\/www.sj-gauge.com\/wp-content\/uploads\/2025\/10\/SJ-Gauge_Hygienic_Diaphragm_Pressure_Trasnmitter_with_SS_Case_L.jpg","contentUrl":"https:\/\/www.sj-gauge.com\/wp-content\/uploads\/2025\/10\/SJ-Gauge_Hygienic_Diaphragm_Pressure_Trasnmitter_with_SS_Case_L.jpg","width":1200,"height":1000},{"@type":"BreadcrumbList","@id":"https:\/\/www.sj-gauge.com\/product\/mssmp858-tsf-s\/#breadcrumb","itemListElement":[{"@type":"ListItem","position":1,"name":"Home","item":"https:\/\/www.sj-gauge.com\/"},{"@type":"ListItem","position":2,"name":"Products","item":"https:\/\/www.sj-gauge.com\/products\/"},{"@type":"ListItem","position":3,"name":"Smart Diaphragm Pressure Transmitter, Hygienic, Stainless Steel Case"}]},{"@type":"WebSite","@id":"https:\/\/www.sj-gauge.com\/#website","url":"https:\/\/www.sj-gauge.com\/","name":"SJ Gauge | \u0110\u1ed3ng h\u1ed3 \u0111o \u00e1p su\u1ea5t, nhi\u1ec7t k\u1ebf v\u00e0 c\u1ea3m bi\u1ebfn \u00e1p su\u1ea5t","description":"Nh\u00e0 s\u1ea3n xu\u1ea5t \u0111\u1ed3ng h\u1ed3 \u0111o \u00e1p su\u1ea5t c\u00f4ng nghi\u1ec7p, c\u1ea3m bi\u1ebfn \u00e1p su\u1ea5t v\u00e0 b\u1ed9 truy\u1ec1n t\u00edn hi\u1ec7u. SJ Gauge cung c\u1ea5p c\u00e1c s\u1ea3n ph\u1ea9m c\u00f3 \u0111\u1ed9 ch\u00ednh x\u00e1c cao, \u0111\u01b0\u1ee3c ch\u1ebf t\u1ea1o t\u1eeb v\u1eadt li\u1ec7u b\u1ec1n b\u1ec9 v\u00e0 c\u00e1c gi\u1ea3i ph\u00e1p t\u00f9y ch\u1ec9nh d\u00e0nh cho c\u00e1c \u1ee9ng d\u1ee5ng trong ng\u00e0nh d\u1ea7u kh\u00ed, h\u00f3a ch\u1ea5t v\u00e0 c\u00f4ng nghi\u1ec7p.","publisher":{"@id":"https:\/\/www.sj-gauge.com\/#organization"},"potentialAction":[{"@type":"SearchAction","target":{"@type":"EntryPoint","urlTemplate":"https:\/\/www.sj-gauge.com\/?s={search_term_string}"},"query-input":{"@type":"PropertyValueSpecification","valueRequired":true,"valueName":"search_term_string"}}],"inLanguage":"vi"},{"@type":"Organization","@id":"https:\/\/www.sj-gauge.com\/#organization","name":"SJ Gauge | \u0110\u1ed3ng h\u1ed3 \u0111o \u00e1p su\u1ea5t, nhi\u1ec7t k\u1ebf v\u00e0 c\u1ea3m bi\u1ebfn \u00e1p su\u1ea5t","url":"https:\/\/www.sj-gauge.com\/","logo":{"@type":"ImageObject","inLanguage":"vi","@id":"https:\/\/www.sj-gauge.com\/#\/schema\/logo\/image\/","url":"https:\/\/www.sj-gauge.com\/wp-content\/uploads\/2025\/09\/logo.webp","contentUrl":"https:\/\/www.sj-gauge.com\/wp-content\/uploads\/2025\/09\/logo.webp","width":348,"height":184,"caption":"SJ Gauge | Pressure Gauges, Thermometers &amp; Pressure Sensors"},"image":{"@id":"https:\/\/www.sj-gauge.com\/#\/schema\/logo\/image\/"}}]}},"_links":{"self":[{"href":"https:\/\/www.sj-gauge.com\/vi\/wp-json\/wp\/v2\/product\/1382","targetHints":{"allow":["GET"]}}],"collection":[{"href":"https:\/\/www.sj-gauge.com\/vi\/wp-json\/wp\/v2\/product"}],"about":[{"href":"https:\/\/www.sj-gauge.com\/vi\/wp-json\/wp\/v2\/types\/product"}],"wp:featuredmedia":[{"embeddable":true,"href":"https:\/\/www.sj-gauge.com\/vi\/wp-json\/wp\/v2\/media\/1384"}],"wp:attachment":[{"href":"https:\/\/www.sj-gauge.com\/vi\/wp-json\/wp\/v2\/media?parent=1382"}],"wp:term":[{"taxonomy":"product_brand","embeddable":true,"href":"https:\/\/www.sj-gauge.com\/vi\/wp-json\/wp\/v2\/product_brand?post=1382"},{"taxonomy":"product_cat","embeddable":true,"href":"https:\/\/www.sj-gauge.com\/vi\/wp-json\/wp\/v2\/product_cat?post=1382"},{"taxonomy":"product_tag","embeddable":true,"href":"https:\/\/www.sj-gauge.com\/vi\/wp-json\/wp\/v2\/product_tag?post=1382"}],"curies":[{"name":"wp","href":"https:\/\/api.w.org\/{rel}","templated":true}]}}