{"id":1388,"date":"2025-10-30T15:33:46","date_gmt":"2025-10-30T07:33:46","guid":{"rendered":"https:\/\/sj-gauge.com\/?post_type=product&#038;p=1388"},"modified":"2026-04-03T13:46:30","modified_gmt":"2026-04-03T05:46:30","slug":"mssmp131-dld","status":"publish","type":"product","link":"https:\/\/www.sj-gauge.com\/vi\/san-pham\/mssmp131-dld\/","title":{"rendered":"C\u1ea3m bi\u1ebfn \u00e1p su\u1ea5t th\u00f4ng minh, thi\u1ebft k\u1ebf nh\u1ecf g\u1ecdn, \u0111o \u00e1p su\u1ea5t ch\u00eanh l\u1ec7ch"},"content":{"rendered":"<p data-start=\"97\" data-end=\"358\">B\u1ed9 truy\u1ec1n \u00e1p su\u1ea5t nh\u1ecf g\u1ecdn MSSMP131 t\u00edch h\u1ee3p nh\u1eefng ti\u1ebfn b\u1ed9 m\u1edbi nh\u1ea5t trong c\u00f4ng ngh\u1ec7 \u0111o \u00e1p su\u1ea5t \u0111i\u1ec7n t\u1eed hi\u1ec7n \u0111\u1ea1i. \u0110\u01b0\u1ee3c ph\u00e1t tri\u1ec3n qua h\u01a1n 10 n\u0103m nghi\u00ean c\u1ee9u v\u00e0 \u0111\u1ed5i m\u1edbi, s\u1ea3n ph\u1ea9m mang l\u1ea1i hi\u1ec7u su\u1ea5t xu\u1ea5t s\u1eafc c\u00f9ng hi\u1ec7u qu\u1ea3 chi ph\u00ed v\u01b0\u1ee3t tr\u1ed9i. C\u1ea3m bi\u1ebfn \u0111\u01b0\u1ee3c trang b\u1ecb c\u00f4ng ngh\u1ec7 hi\u1ec7u ch\u1ec9nh tuy\u1ebfn t\u00ednh v\u00e0 b\u00f9 nhi\u1ec7t \u0111\u1ed9 ho\u00e0n to\u00e0n t\u1ef1 \u0111\u1ed9ng, \u0111\u1ea3m b\u1ea3o \u0111\u1ed9 ch\u00ednh x\u00e1c cao v\u00e0 hi\u1ec7u su\u1ea5t \u1ed5n \u0111\u1ecbnh trong c\u00e1c \u1ee9ng d\u1ee5ng s\u1ea3n xu\u1ea5t h\u00e0ng lo\u1ea1t. Thi\u1ebft k\u1ebf khoang kh\u00ed k\u00edn ho\u00e0n to\u00e0n v\u00e0 c\u00e1ch ly gi\u00fap n\u00e2ng cao \u0111\u1ed9 tin c\u1eady l\u00e2u d\u00e0i, khi\u1ebfn s\u1ea3n ph\u1ea9m ph\u00f9 h\u1ee3p v\u1edbi c\u00e1c m\u00f4i tr\u01b0\u1eddng c\u00f4ng nghi\u1ec7p kh\u1eafc nghi\u1ec7t. M\u00f4-\u0111un truy\u1ec1n t\u00edn hi\u1ec7u t\u00edch h\u1ee3p c\u00f4ng ngh\u1ec7 hi\u1ec7u chu\u1ea9n ti\u00ean ti\u1ebfn, cho ph\u00e9p ng\u01b0\u1eddi d\u00f9ng d\u1ec5 d\u00e0ng c\u1ea5u h\u00ecnh c\u00e1c th\u00f4ng s\u1ed1 m\u00e0 kh\u00f4ng c\u1ea7n \u0111\u1ebfn c\u00e1c c\u00f4ng c\u1ee5 b\u1ed5 sung. V\u1edbi nh\u1eefng \u01b0u \u0111i\u1ec3m c\u00f4ng ngh\u1ec7 \u0111\u1ed9c \u0111\u00e1o, MSSMP131 n\u1ed5i b\u1eadt so v\u1edbi c\u00e1c s\u1ea3n ph\u1ea9m c\u00f9ng ph\u00e2n kh\u00fac gi\u00e1, mang l\u1ea1i hi\u1ec7u su\u1ea5t t\u01b0\u01a1ng \u0111\u01b0\u01a1ng v\u1edbi nhi\u1ec1u c\u1ea3m bi\u1ebfn \u00e1p su\u1ea5t cao c\u1ea5p v\u00e0 tr\u1edf th\u00e0nh l\u1ef1a ch\u1ecdn l\u00fd t\u01b0\u1edfng cho c\u00e1c \u1ee9ng d\u1ee5ng \u0111\u00f2i h\u1ecfi c\u1ea3 \u0111\u1ed9 tin c\u1eady v\u00e0 gi\u00e1 tr\u1ecb.<\/p>","protected":false},"excerpt":{"rendered":"<ul>\n<li>Th\u1eed nghi\u1ec7m t\u00e1c \u0111\u1ed9ng \u00e1p su\u1ea5t v\u00e0 th\u1eed nghi\u1ec7m tr\u00f4i th\u1eddi gian \u0111\u1ec3 \u0111\u1ea3m b\u1ea3o ch\u1ea5t l\u01b0\u1ee3ng \u1ed5n \u0111\u1ecbnh.<\/li>\n<li>C\u00f4ng ngh\u1ec7 hi\u1ec7u chu\u1ea9n g\u1ed1c, cho ph\u00e9p thi\u1ebft l\u1eadp c\u00e1c th\u00f4ng s\u1ed1 m\u1ed9t c\u00e1ch d\u1ec5 d\u00e0ng m\u00e0 kh\u00f4ng c\u1ea7n s\u1eed d\u1ee5ng b\u1ea5t k\u1ef3 c\u00f4ng c\u1ee5 n\u00e0o.<\/li>\n<li>S\u1eed d\u1ee5ng c\u00f4ng ngh\u1ec7 c\u1ea3m bi\u1ebfn \u00e1p su\u1ea5t b\u1eb1ng b\u1eb1ng s\u00e1ng ch\u1ebf, linh ho\u1ea1t \u0111\u1ed1i ph\u00f3 v\u1edbi m\u1ecdi th\u00e1ch th\u1ee9c c\u1ee7a \u0111i\u1ec1u ki\u1ec7n l\u00e0m vi\u1ec7c.<\/li>\n<\/ul>","protected":false},"featured_media":1390,"template":"","meta":{"_acf_changed":false},"product_brand":[40],"product_cat":[41,15],"product_tag":[],"class_list":{"0":"post-1388","1":"product","2":"type-product","3":"status-publish","4":"has-post-thumbnail","6":"product_brand-sj-gauge","7":"product_cat-pressure-instruments","8":"product_cat-pressure-sensors","10":"first","11":"instock","12":"shipping-taxable","13":"product-type-simple"},"acf":[],"yoast_head":"<!-- This site is optimized with the Yoast SEO Premium plugin v26.7 (Yoast SEO v26.7) - https:\/\/yoast.com\/wordpress\/plugins\/seo\/ -->\n<title>Smart Differential Pressure Transmitter | Compact Design | SJ Gauge<\/title>\n<meta name=\"description\" content=\"MSSMP131-DLD smart differential pressure transmitter with compact design, featuring advanced sensor technology, automatic linear correction, and temperature compensation for high accuracy and stable performance in industrial applications.\" \/>\n<meta name=\"robots\" content=\"index, follow, max-snippet:-1, max-image-preview:large, max-video-preview:-1\" \/>\n<link rel=\"canonical\" href=\"https:\/\/www.sj-gauge.com\/vi\/san-pham\/mssmp131-dld\/\" \/>\n<meta property=\"og:locale\" content=\"vi_VN\" \/>\n<meta property=\"og:type\" content=\"article\" \/>\n<meta property=\"og:title\" content=\"Smart Pressure Transmitter, Compact, Differential Pressure\" \/>\n<meta property=\"og:description\" content=\"MSSMP131-DLD smart differential pressure transmitter with compact design, featuring advanced sensor technology, automatic linear correction, and temperature compensation for high accuracy and stable performance in industrial applications.\" \/>\n<meta property=\"og:url\" content=\"https:\/\/www.sj-gauge.com\/vi\/san-pham\/mssmp131-dld\/\" \/>\n<meta property=\"og:site_name\" content=\"Your Expert in Pressure Temp and Smart Transmitters - SJ Gauge\" \/>\n<meta property=\"article:modified_time\" content=\"2026-04-03T05:46:30+00:00\" \/>\n<meta property=\"og:image\" content=\"https:\/\/www.sj-gauge.com\/wp-content\/uploads\/2025\/10\/SJ-Gauge_Compact_Diffrential_Pressure_Trasnmitter_L.jpg\" \/>\n\t<meta property=\"og:image:width\" content=\"1200\" \/>\n\t<meta property=\"og:image:height\" content=\"1000\" \/>\n\t<meta property=\"og:image:type\" content=\"image\/jpeg\" \/>\n<meta name=\"twitter:card\" content=\"summary_large_image\" \/>\n<meta name=\"twitter:label1\" content=\"\u01af\u1edbc t\u00ednh th\u1eddi gian \u0111\u1ecdc\" \/>\n\t<meta name=\"twitter:data1\" content=\"1 ph\u00fat\" \/>\n<script type=\"application\/ld+json\" class=\"yoast-schema-graph\">{\"@context\":\"https:\/\/schema.org\",\"@graph\":[{\"@type\":\"WebPage\",\"@id\":\"https:\/\/www.sj-gauge.com\/product\/mssmp131-dld\/\",\"url\":\"https:\/\/www.sj-gauge.com\/product\/mssmp131-dld\/\",\"name\":\"Smart Differential Pressure Transmitter | Compact Design | SJ Gauge\",\"isPartOf\":{\"@id\":\"https:\/\/www.sj-gauge.com\/#website\"},\"primaryImageOfPage\":{\"@id\":\"https:\/\/www.sj-gauge.com\/product\/mssmp131-dld\/#primaryimage\"},\"image\":{\"@id\":\"https:\/\/www.sj-gauge.com\/product\/mssmp131-dld\/#primaryimage\"},\"thumbnailUrl\":\"https:\/\/www.sj-gauge.com\/wp-content\/uploads\/2025\/10\/SJ-Gauge_Compact_Diffrential_Pressure_Trasnmitter_L.jpg\",\"datePublished\":\"2025-10-30T07:33:46+00:00\",\"dateModified\":\"2026-04-03T05:46:30+00:00\",\"description\":\"MSSMP131-DLD smart differential pressure transmitter with compact design, featuring advanced sensor technology, automatic linear correction, and temperature compensation for high accuracy and stable performance in industrial applications.\",\"breadcrumb\":{\"@id\":\"https:\/\/www.sj-gauge.com\/product\/mssmp131-dld\/#breadcrumb\"},\"inLanguage\":\"vi\",\"potentialAction\":[{\"@type\":\"ReadAction\",\"target\":[\"https:\/\/www.sj-gauge.com\/product\/mssmp131-dld\/\"]}]},{\"@type\":\"ImageObject\",\"inLanguage\":\"vi\",\"@id\":\"https:\/\/www.sj-gauge.com\/product\/mssmp131-dld\/#primaryimage\",\"url\":\"https:\/\/www.sj-gauge.com\/wp-content\/uploads\/2025\/10\/SJ-Gauge_Compact_Diffrential_Pressure_Trasnmitter_L.jpg\",\"contentUrl\":\"https:\/\/www.sj-gauge.com\/wp-content\/uploads\/2025\/10\/SJ-Gauge_Compact_Diffrential_Pressure_Trasnmitter_L.jpg\",\"width\":1200,\"height\":1000},{\"@type\":\"BreadcrumbList\",\"@id\":\"https:\/\/www.sj-gauge.com\/product\/mssmp131-dld\/#breadcrumb\",\"itemListElement\":[{\"@type\":\"ListItem\",\"position\":1,\"name\":\"Home\",\"item\":\"https:\/\/www.sj-gauge.com\/\"},{\"@type\":\"ListItem\",\"position\":2,\"name\":\"Products\",\"item\":\"https:\/\/www.sj-gauge.com\/products\/\"},{\"@type\":\"ListItem\",\"position\":3,\"name\":\"Smart Pressure Transmitter, Compact, Differential Pressure\"}]},{\"@type\":\"WebSite\",\"@id\":\"https:\/\/www.sj-gauge.com\/#website\",\"url\":\"https:\/\/www.sj-gauge.com\/\",\"name\":\"Your Expert in Pressure Temp and Smart Transmitters - SJ Gauge\",\"description\":\"Manufacturer of industrial pressure gauges, pressure sensors, and transmitters. SJ Gauge provides high accuracy, durable materials, and custom solutions for oil &amp; gas, chemical, and industrial applications.\",\"publisher\":{\"@id\":\"https:\/\/www.sj-gauge.com\/#organization\"},\"potentialAction\":[{\"@type\":\"SearchAction\",\"target\":{\"@type\":\"EntryPoint\",\"urlTemplate\":\"https:\/\/www.sj-gauge.com\/?s={search_term_string}\"},\"query-input\":{\"@type\":\"PropertyValueSpecification\",\"valueRequired\":true,\"valueName\":\"search_term_string\"}}],\"inLanguage\":\"vi\"},{\"@type\":\"Organization\",\"@id\":\"https:\/\/www.sj-gauge.com\/#organization\",\"name\":\"Your Expert in Pressure Temp and Smart Transmitters - SJ Gauge\",\"url\":\"https:\/\/www.sj-gauge.com\/\",\"logo\":{\"@type\":\"ImageObject\",\"inLanguage\":\"vi\",\"@id\":\"https:\/\/www.sj-gauge.com\/#\/schema\/logo\/image\/\",\"url\":\"https:\/\/www.sj-gauge.com\/wp-content\/uploads\/2025\/09\/logo.webp\",\"contentUrl\":\"https:\/\/www.sj-gauge.com\/wp-content\/uploads\/2025\/09\/logo.webp\",\"width\":348,\"height\":184,\"caption\":\"Your Expert in Pressure Temp and Smart Transmitters - SJ Gauge\"},\"image\":{\"@id\":\"https:\/\/www.sj-gauge.com\/#\/schema\/logo\/image\/\"}}]}<\/script>\n<!-- \/ Yoast SEO Premium plugin. -->","yoast_head_json":{"title":"B\u1ed9 truy\u1ec1n t\u00edn hi\u1ec7u ch\u00eanh l\u1ec7ch \u00e1p su\u1ea5t th\u00f4ng minh | Thi\u1ebft k\u1ebf nh\u1ecf g\u1ecdn | SJ Gauge","description":"B\u1ed9 truy\u1ec1n t\u00edn hi\u1ec7u ch\u00eanh l\u1ec7ch \u00e1p su\u1ea5t th\u00f4ng minh MSSMP131-DLD c\u00f3 thi\u1ebft k\u1ebf nh\u1ecf g\u1ecdn, \u0111\u01b0\u1ee3c trang b\u1ecb c\u00f4ng ngh\u1ec7 c\u1ea3m bi\u1ebfn ti\u00ean ti\u1ebfn, t\u00ednh n\u0103ng hi\u1ec7u ch\u1ec9nh tuy\u1ebfn t\u00ednh t\u1ef1 \u0111\u1ed9ng v\u00e0 b\u00f9 nhi\u1ec7t \u0111\u1ed9, \u0111\u1ea3m b\u1ea3o \u0111\u1ed9 ch\u00ednh x\u00e1c cao v\u00e0 hi\u1ec7u su\u1ea5t \u1ed5n \u0111\u1ecbnh trong c\u00e1c \u1ee9ng d\u1ee5ng c\u00f4ng nghi\u1ec7p.","robots":{"index":"index","follow":"follow","max-snippet":"max-snippet:-1","max-image-preview":"max-image-preview:large","max-video-preview":"max-video-preview:-1"},"canonical":"https:\/\/www.sj-gauge.com\/vi\/san-pham\/mssmp131-dld\/","og_locale":"vi_VN","og_type":"article","og_title":"Smart Pressure Transmitter, Compact, Differential Pressure","og_description":"MSSMP131-DLD smart differential pressure transmitter with compact design, featuring advanced sensor technology, automatic linear correction, and temperature compensation for high accuracy and stable performance in industrial applications.","og_url":"https:\/\/www.sj-gauge.com\/vi\/san-pham\/mssmp131-dld\/","og_site_name":"Your Expert in Pressure Temp and Smart Transmitters - SJ Gauge","article_modified_time":"2026-04-03T05:46:30+00:00","og_image":[{"width":1200,"height":1000,"url":"https:\/\/www.sj-gauge.com\/wp-content\/uploads\/2025\/10\/SJ-Gauge_Compact_Diffrential_Pressure_Trasnmitter_L.jpg","type":"image\/jpeg"}],"twitter_card":"summary_large_image","twitter_misc":{"\u01af\u1edbc t\u00ednh th\u1eddi gian \u0111\u1ecdc":"1 ph\u00fat"},"schema":{"@context":"https:\/\/schema.org","@graph":[{"@type":"WebPage","@id":"https:\/\/www.sj-gauge.com\/product\/mssmp131-dld\/","url":"https:\/\/www.sj-gauge.com\/product\/mssmp131-dld\/","name":"B\u1ed9 truy\u1ec1n t\u00edn hi\u1ec7u ch\u00eanh l\u1ec7ch \u00e1p su\u1ea5t th\u00f4ng minh | Thi\u1ebft k\u1ebf nh\u1ecf g\u1ecdn | SJ Gauge","isPartOf":{"@id":"https:\/\/www.sj-gauge.com\/#website"},"primaryImageOfPage":{"@id":"https:\/\/www.sj-gauge.com\/product\/mssmp131-dld\/#primaryimage"},"image":{"@id":"https:\/\/www.sj-gauge.com\/product\/mssmp131-dld\/#primaryimage"},"thumbnailUrl":"https:\/\/www.sj-gauge.com\/wp-content\/uploads\/2025\/10\/SJ-Gauge_Compact_Diffrential_Pressure_Trasnmitter_L.jpg","datePublished":"2025-10-30T07:33:46+00:00","dateModified":"2026-04-03T05:46:30+00:00","description":"B\u1ed9 truy\u1ec1n t\u00edn hi\u1ec7u ch\u00eanh l\u1ec7ch \u00e1p su\u1ea5t th\u00f4ng minh MSSMP131-DLD c\u00f3 thi\u1ebft k\u1ebf nh\u1ecf g\u1ecdn, \u0111\u01b0\u1ee3c trang b\u1ecb c\u00f4ng ngh\u1ec7 c\u1ea3m bi\u1ebfn ti\u00ean ti\u1ebfn, t\u00ednh n\u0103ng hi\u1ec7u ch\u1ec9nh tuy\u1ebfn t\u00ednh t\u1ef1 \u0111\u1ed9ng v\u00e0 b\u00f9 nhi\u1ec7t \u0111\u1ed9, \u0111\u1ea3m b\u1ea3o \u0111\u1ed9 ch\u00ednh x\u00e1c cao v\u00e0 hi\u1ec7u su\u1ea5t \u1ed5n \u0111\u1ecbnh trong c\u00e1c \u1ee9ng d\u1ee5ng c\u00f4ng nghi\u1ec7p.","breadcrumb":{"@id":"https:\/\/www.sj-gauge.com\/product\/mssmp131-dld\/#breadcrumb"},"inLanguage":"vi","potentialAction":[{"@type":"ReadAction","target":["https:\/\/www.sj-gauge.com\/product\/mssmp131-dld\/"]}]},{"@type":"ImageObject","inLanguage":"vi","@id":"https:\/\/www.sj-gauge.com\/product\/mssmp131-dld\/#primaryimage","url":"https:\/\/www.sj-gauge.com\/wp-content\/uploads\/2025\/10\/SJ-Gauge_Compact_Diffrential_Pressure_Trasnmitter_L.jpg","contentUrl":"https:\/\/www.sj-gauge.com\/wp-content\/uploads\/2025\/10\/SJ-Gauge_Compact_Diffrential_Pressure_Trasnmitter_L.jpg","width":1200,"height":1000},{"@type":"BreadcrumbList","@id":"https:\/\/www.sj-gauge.com\/product\/mssmp131-dld\/#breadcrumb","itemListElement":[{"@type":"ListItem","position":1,"name":"Home","item":"https:\/\/www.sj-gauge.com\/"},{"@type":"ListItem","position":2,"name":"Products","item":"https:\/\/www.sj-gauge.com\/products\/"},{"@type":"ListItem","position":3,"name":"Smart Pressure Transmitter, Compact, Differential Pressure"}]},{"@type":"WebSite","@id":"https:\/\/www.sj-gauge.com\/#website","url":"https:\/\/www.sj-gauge.com\/","name":"Chuy\u00ean gia v\u1ec1 c\u1ea3m bi\u1ebfn \u00e1p su\u1ea5t, nhi\u1ec7t \u0111\u1ed9 v\u00e0 c\u1ea3m bi\u1ebfn th\u00f4ng minh - SJ Gauge","description":"Nh\u00e0 s\u1ea3n xu\u1ea5t \u0111\u1ed3ng h\u1ed3 \u0111o \u00e1p su\u1ea5t c\u00f4ng nghi\u1ec7p, c\u1ea3m bi\u1ebfn \u00e1p su\u1ea5t v\u00e0 b\u1ed9 truy\u1ec1n t\u00edn hi\u1ec7u. SJ Gauge cung c\u1ea5p c\u00e1c s\u1ea3n ph\u1ea9m c\u00f3 \u0111\u1ed9 ch\u00ednh x\u00e1c cao, \u0111\u01b0\u1ee3c ch\u1ebf t\u1ea1o t\u1eeb v\u1eadt li\u1ec7u b\u1ec1n b\u1ec9 v\u00e0 c\u00e1c gi\u1ea3i ph\u00e1p t\u00f9y ch\u1ec9nh d\u00e0nh cho c\u00e1c \u1ee9ng d\u1ee5ng trong ng\u00e0nh d\u1ea7u kh\u00ed, h\u00f3a ch\u1ea5t v\u00e0 c\u00f4ng nghi\u1ec7p.","publisher":{"@id":"https:\/\/www.sj-gauge.com\/#organization"},"potentialAction":[{"@type":"SearchAction","target":{"@type":"EntryPoint","urlTemplate":"https:\/\/www.sj-gauge.com\/?s={search_term_string}"},"query-input":{"@type":"PropertyValueSpecification","valueRequired":true,"valueName":"search_term_string"}}],"inLanguage":"vi"},{"@type":"Organization","@id":"https:\/\/www.sj-gauge.com\/#organization","name":"Chuy\u00ean gia v\u1ec1 c\u1ea3m bi\u1ebfn \u00e1p su\u1ea5t, nhi\u1ec7t \u0111\u1ed9 v\u00e0 c\u1ea3m bi\u1ebfn th\u00f4ng minh - SJ Gauge","url":"https:\/\/www.sj-gauge.com\/","logo":{"@type":"ImageObject","inLanguage":"vi","@id":"https:\/\/www.sj-gauge.com\/#\/schema\/logo\/image\/","url":"https:\/\/www.sj-gauge.com\/wp-content\/uploads\/2025\/09\/logo.webp","contentUrl":"https:\/\/www.sj-gauge.com\/wp-content\/uploads\/2025\/09\/logo.webp","width":348,"height":184,"caption":"Your Expert in Pressure Temp and Smart Transmitters - SJ Gauge"},"image":{"@id":"https:\/\/www.sj-gauge.com\/#\/schema\/logo\/image\/"}}]}},"_links":{"self":[{"href":"https:\/\/www.sj-gauge.com\/vi\/wp-json\/wp\/v2\/product\/1388","targetHints":{"allow":["GET"]}}],"collection":[{"href":"https:\/\/www.sj-gauge.com\/vi\/wp-json\/wp\/v2\/product"}],"about":[{"href":"https:\/\/www.sj-gauge.com\/vi\/wp-json\/wp\/v2\/types\/product"}],"wp:featuredmedia":[{"embeddable":true,"href":"https:\/\/www.sj-gauge.com\/vi\/wp-json\/wp\/v2\/media\/1390"}],"wp:attachment":[{"href":"https:\/\/www.sj-gauge.com\/vi\/wp-json\/wp\/v2\/media?parent=1388"}],"wp:term":[{"taxonomy":"product_brand","embeddable":true,"href":"https:\/\/www.sj-gauge.com\/vi\/wp-json\/wp\/v2\/product_brand?post=1388"},{"taxonomy":"product_cat","embeddable":true,"href":"https:\/\/www.sj-gauge.com\/vi\/wp-json\/wp\/v2\/product_cat?post=1388"},{"taxonomy":"product_tag","embeddable":true,"href":"https:\/\/www.sj-gauge.com\/vi\/wp-json\/wp\/v2\/product_tag?post=1388"}],"curies":[{"name":"wp","href":"https:\/\/api.w.org\/{rel}","templated":true}]}}