{"id":1394,"date":"2025-10-30T16:15:44","date_gmt":"2025-10-30T08:15:44","guid":{"rendered":"https:\/\/sj-gauge.com\/?post_type=product&#038;p=1394"},"modified":"2026-04-04T11:27:33","modified_gmt":"2026-04-04T03:27:33","slug":"msps131-tsr","status":"publish","type":"product","link":"https:\/\/www.sj-gauge.com\/vi\/san-pham\/msps131-tsr\/","title":{"rendered":"C\u00f4ng t\u1eafc \u00e1p su\u1ea5t, \u0111i\u1ec7n t\u1eed"},"content":{"rendered":"<p>C\u00f4ng t\u1eafc \u00e1p su\u1ea5t \u0111i\u1ec7n t\u1eed n\u00e0y c\u00f3 thi\u1ebft k\u1ebf \u0111\u01a1n gi\u1ea3n v\u00e0 b\u1ec1n b\u1ec9, mang l\u1ea1i thao t\u00e1c d\u1ec5 d\u00e0ng, kh\u1ea3 n\u0103ng ch\u1ecbu qu\u00e1 t\u1ea3i cao v\u00e0 \u0111\u1ed9 ch\u00ednh x\u00e1c \u0111o l\u01b0\u1eddng cao. Thi\u1ebft b\u1ecb \u0111\u01b0\u1ee3c trang b\u1ecb m\u00e0n h\u00ecnh OLED h\u1ed7 tr\u1ee3 xoay ngang 180\u00b0 \u0111\u1ec3 xem linh ho\u1ea1t trong c\u00e1c h\u01b0\u1edbng l\u1eafp \u0111\u1eb7t kh\u00e1c nhau. M\u1eabu s\u1ea3n ph\u1ea9m n\u00e0y c\u00f3 th\u00f4ng s\u1ed1 k\u1ef9 thu\u1eadt t\u01b0\u01a1ng \u0111\u01b0\u01a1ng v\u1edbi WIKA PSD-30, ph\u00f9 h\u1ee3p cho c\u00e1c \u1ee9ng d\u1ee5ng t\u1ef1 \u0111\u1ed9ng h\u00f3a c\u00f4ng nghi\u1ec7p, h\u1ec7 th\u1ed1ng th\u1ee7y l\u1ef1c v\u00e0 gi\u00e1m s\u00e1t \u00e1p su\u1ea5t m\u00e1y m\u00f3c. \u0110\u01b0\u1ee3c ch\u1ee9ng nh\u1eadn CE v\u00e0 RoHS, k\u00e8m theo b\u1ea3o h\u00e0nh m\u1ed9t n\u0103m v\u00e0 c\u00e1c t\u00f9y ch\u1ecdn t\u00f9y ch\u1ec9nh, \u0111\u00e2y l\u00e0 gi\u1ea3i ph\u00e1p l\u00fd t\u01b0\u1edfng cho c\u00e1c \u1ee9ng d\u1ee5ng chuy\u1ec3n \u0111\u1ed5i \u00e1p su\u1ea5t \u0111\u00e1ng tin c\u1eady v\u00e0 th\u00e2n thi\u1ec7n v\u1edbi ng\u01b0\u1eddi d\u00f9ng.<\/p>","protected":false},"excerpt":{"rendered":"<ul>\n<li>C\u1ea5u tr\u00fac \u0111\u01a1n gi\u1ea3n, d\u1ec5 v\u1eadn h\u00e0nh, kh\u1ea3 n\u0103ng ch\u1ecbu t\u1ea3i cao, \u0111\u1ed9 ch\u00ednh x\u00e1c cao.<\/li>\n<li>Ch\u1ee9c n\u0103ng hi\u1ec3n th\u1ecb OLED c\u00f3 th\u1ec3 xoay ngang 180\u00b0 \u0111\u1ec3 d\u1ec5 d\u00e0ng quan s\u00e1t.<\/li>\n<li>Nh\u01b0 m\u1ed9t l\u1ef1a ch\u1ecdn thay th\u1ebf, n\u00f3 c\u00f3 c\u00e1c th\u00f4ng s\u1ed1 k\u1ef9 thu\u1eadt t\u01b0\u01a1ng \u1ee9ng v\u1edbi WIKA PSD30.<\/li>\n<\/ul>","protected":false},"featured_media":1392,"template":"","meta":{"_acf_changed":false},"product_brand":[40],"product_cat":[41,15],"product_tag":[],"class_list":{"0":"post-1394","1":"product","2":"type-product","3":"status-publish","4":"has-post-thumbnail","6":"product_brand-sj-gauge","7":"product_cat-pressure-instruments","8":"product_cat-pressure-sensors","10":"first","11":"instock","12":"shipping-taxable","13":"product-type-simple"},"acf":[],"yoast_head":"<!-- This site is optimized with the Yoast SEO Premium plugin v26.7 (Yoast SEO v27.4) - https:\/\/yoast.com\/product\/yoast-seo-premium-wordpress\/ -->\n<title>Electronic Pressure Switch | OLED Display | High Accuracy | SJ Gauge<\/title>\n<meta name=\"description\" content=\"MSPS131-TSR electronic pressure switch with simple and robust design, offering high accuracy and strong overload capability. Equipped with an OLED display supporting 180\u00b0 rotation for easy viewing. Ideal for industrial automation and pressure monitoring applications.\" \/>\n<meta name=\"robots\" content=\"index, follow, max-snippet:-1, max-image-preview:large, max-video-preview:-1\" \/>\n<link rel=\"canonical\" href=\"https:\/\/www.sj-gauge.com\/vi\/san-pham\/msps131-tsr\/\" \/>\n<meta property=\"og:locale\" content=\"vi_VN\" \/>\n<meta property=\"og:type\" content=\"article\" \/>\n<meta property=\"og:title\" content=\"Pressure Switch, Electronic\" \/>\n<meta property=\"og:description\" content=\"MSPS131-TSR electronic pressure switch with simple and robust design, offering high accuracy and strong overload capability. Equipped with an OLED display supporting 180\u00b0 rotation for easy viewing. Ideal for industrial automation and pressure monitoring applications.\" \/>\n<meta property=\"og:url\" content=\"https:\/\/www.sj-gauge.com\/vi\/san-pham\/msps131-tsr\/\" \/>\n<meta property=\"og:site_name\" content=\"SJ Gauge | Pressure Gauges, Thermometers &amp; Pressure Sensors\" \/>\n<meta property=\"article:modified_time\" content=\"2026-04-04T03:27:33+00:00\" \/>\n<meta property=\"og:image\" content=\"https:\/\/www.sj-gauge.com\/wp-content\/uploads\/2025\/10\/SJ-Gauge_Pressure_Switch_for_Transmitter_L.jpg\" \/>\n\t<meta property=\"og:image:width\" content=\"1200\" \/>\n\t<meta property=\"og:image:height\" content=\"1000\" \/>\n\t<meta property=\"og:image:type\" content=\"image\/jpeg\" \/>\n<meta name=\"twitter:card\" content=\"summary_large_image\" \/>\n<meta name=\"twitter:label1\" content=\"\u01af\u1edbc t\u00ednh th\u1eddi gian \u0111\u1ecdc\" \/>\n\t<meta name=\"twitter:data1\" content=\"1 ph\u00fat\" \/>\n<script type=\"application\/ld+json\" class=\"yoast-schema-graph\">{\"@context\":\"https:\\\/\\\/schema.org\",\"@graph\":[{\"@type\":\"WebPage\",\"@id\":\"https:\\\/\\\/www.sj-gauge.com\\\/product\\\/msps131-tsr\\\/\",\"url\":\"https:\\\/\\\/www.sj-gauge.com\\\/product\\\/msps131-tsr\\\/\",\"name\":\"Electronic Pressure Switch | OLED Display | High Accuracy | SJ Gauge\",\"isPartOf\":{\"@id\":\"https:\\\/\\\/www.sj-gauge.com\\\/#website\"},\"primaryImageOfPage\":{\"@id\":\"https:\\\/\\\/www.sj-gauge.com\\\/product\\\/msps131-tsr\\\/#primaryimage\"},\"image\":{\"@id\":\"https:\\\/\\\/www.sj-gauge.com\\\/product\\\/msps131-tsr\\\/#primaryimage\"},\"thumbnailUrl\":\"https:\\\/\\\/www.sj-gauge.com\\\/wp-content\\\/uploads\\\/2025\\\/10\\\/SJ-Gauge_Pressure_Switch_for_Transmitter_L.jpg\",\"datePublished\":\"2025-10-30T08:15:44+00:00\",\"dateModified\":\"2026-04-04T03:27:33+00:00\",\"description\":\"MSPS131-TSR electronic pressure switch with simple and robust design, offering high accuracy and strong overload capability. Equipped with an OLED display supporting 180\u00b0 rotation for easy viewing. Ideal for industrial automation and pressure monitoring applications.\",\"breadcrumb\":{\"@id\":\"https:\\\/\\\/www.sj-gauge.com\\\/product\\\/msps131-tsr\\\/#breadcrumb\"},\"inLanguage\":\"vi\",\"potentialAction\":[{\"@type\":\"ReadAction\",\"target\":[\"https:\\\/\\\/www.sj-gauge.com\\\/product\\\/msps131-tsr\\\/\"]}]},{\"@type\":\"ImageObject\",\"inLanguage\":\"vi\",\"@id\":\"https:\\\/\\\/www.sj-gauge.com\\\/product\\\/msps131-tsr\\\/#primaryimage\",\"url\":\"https:\\\/\\\/www.sj-gauge.com\\\/wp-content\\\/uploads\\\/2025\\\/10\\\/SJ-Gauge_Pressure_Switch_for_Transmitter_L.jpg\",\"contentUrl\":\"https:\\\/\\\/www.sj-gauge.com\\\/wp-content\\\/uploads\\\/2025\\\/10\\\/SJ-Gauge_Pressure_Switch_for_Transmitter_L.jpg\",\"width\":1200,\"height\":1000},{\"@type\":\"BreadcrumbList\",\"@id\":\"https:\\\/\\\/www.sj-gauge.com\\\/product\\\/msps131-tsr\\\/#breadcrumb\",\"itemListElement\":[{\"@type\":\"ListItem\",\"position\":1,\"name\":\"Home\",\"item\":\"https:\\\/\\\/www.sj-gauge.com\\\/\"},{\"@type\":\"ListItem\",\"position\":2,\"name\":\"Products\",\"item\":\"https:\\\/\\\/www.sj-gauge.com\\\/products\\\/\"},{\"@type\":\"ListItem\",\"position\":3,\"name\":\"Pressure Switch, Electronic\"}]},{\"@type\":\"WebSite\",\"@id\":\"https:\\\/\\\/www.sj-gauge.com\\\/#website\",\"url\":\"https:\\\/\\\/www.sj-gauge.com\\\/\",\"name\":\"SJ Gauge | Pressure Gauges, Thermometers &amp; Pressure Sensors\",\"description\":\"Manufacturer of industrial pressure gauges, pressure sensors, and transmitters. SJ Gauge provides high accuracy, durable materials, and custom solutions for oil &amp; gas, chemical, and industrial applications.\",\"publisher\":{\"@id\":\"https:\\\/\\\/www.sj-gauge.com\\\/#organization\"},\"potentialAction\":[{\"@type\":\"SearchAction\",\"target\":{\"@type\":\"EntryPoint\",\"urlTemplate\":\"https:\\\/\\\/www.sj-gauge.com\\\/?s={search_term_string}\"},\"query-input\":{\"@type\":\"PropertyValueSpecification\",\"valueRequired\":true,\"valueName\":\"search_term_string\"}}],\"inLanguage\":\"vi\"},{\"@type\":\"Organization\",\"@id\":\"https:\\\/\\\/www.sj-gauge.com\\\/#organization\",\"name\":\"SJ Gauge | Pressure Gauges, Thermometers &amp; Pressure Sensors\",\"url\":\"https:\\\/\\\/www.sj-gauge.com\\\/\",\"logo\":{\"@type\":\"ImageObject\",\"inLanguage\":\"vi\",\"@id\":\"https:\\\/\\\/www.sj-gauge.com\\\/#\\\/schema\\\/logo\\\/image\\\/\",\"url\":\"https:\\\/\\\/www.sj-gauge.com\\\/wp-content\\\/uploads\\\/2025\\\/09\\\/logo.webp\",\"contentUrl\":\"https:\\\/\\\/www.sj-gauge.com\\\/wp-content\\\/uploads\\\/2025\\\/09\\\/logo.webp\",\"width\":348,\"height\":184,\"caption\":\"SJ Gauge | Pressure Gauges, Thermometers &amp; Pressure Sensors\"},\"image\":{\"@id\":\"https:\\\/\\\/www.sj-gauge.com\\\/#\\\/schema\\\/logo\\\/image\\\/\"}}]}<\/script>\n<!-- \/ Yoast SEO Premium plugin. -->","yoast_head_json":{"title":"C\u00f4ng t\u1eafc \u00e1p su\u1ea5t \u0111i\u1ec7n t\u1eed | M\u00e0n h\u00ecnh OLED | \u0110\u1ed9 ch\u00ednh x\u00e1c cao | \u0110\u1ed3ng h\u1ed3 \u0111o SJ","description":"C\u00f4ng t\u1eafc \u00e1p su\u1ea5t \u0111i\u1ec7n t\u1eed MSPS131-TSR c\u00f3 thi\u1ebft k\u1ebf \u0111\u01a1n gi\u1ea3n v\u00e0 ch\u1eafc ch\u1eafn, mang l\u1ea1i \u0111\u1ed9 ch\u00ednh x\u00e1c cao v\u00e0 kh\u1ea3 n\u0103ng ch\u1ecbu qu\u00e1 t\u1ea3i t\u1ed1t. Thi\u1ebft b\u1ecb \u0111\u01b0\u1ee3c trang b\u1ecb m\u00e0n h\u00ecnh OLED c\u00f3 th\u1ec3 xoay 180\u00b0 \u0111\u1ec3 d\u1ec5 d\u00e0ng quan s\u00e1t. S\u1ea3n ph\u1ea9m l\u00fd t\u01b0\u1edfng cho c\u00e1c \u1ee9ng d\u1ee5ng t\u1ef1 \u0111\u1ed9ng h\u00f3a c\u00f4ng nghi\u1ec7p v\u00e0 gi\u00e1m s\u00e1t \u00e1p su\u1ea5t.","robots":{"index":"index","follow":"follow","max-snippet":"max-snippet:-1","max-image-preview":"max-image-preview:large","max-video-preview":"max-video-preview:-1"},"canonical":"https:\/\/www.sj-gauge.com\/vi\/san-pham\/msps131-tsr\/","og_locale":"vi_VN","og_type":"article","og_title":"Pressure Switch, Electronic","og_description":"MSPS131-TSR electronic pressure switch with simple and robust design, offering high accuracy and strong overload capability. Equipped with an OLED display supporting 180\u00b0 rotation for easy viewing. Ideal for industrial automation and pressure monitoring applications.","og_url":"https:\/\/www.sj-gauge.com\/vi\/san-pham\/msps131-tsr\/","og_site_name":"SJ Gauge | Pressure Gauges, Thermometers &amp; Pressure Sensors","article_modified_time":"2026-04-04T03:27:33+00:00","og_image":[{"width":1200,"height":1000,"url":"https:\/\/www.sj-gauge.com\/wp-content\/uploads\/2025\/10\/SJ-Gauge_Pressure_Switch_for_Transmitter_L.jpg","type":"image\/jpeg"}],"twitter_card":"summary_large_image","twitter_misc":{"\u01af\u1edbc t\u00ednh th\u1eddi gian \u0111\u1ecdc":"1 ph\u00fat"},"schema":{"@context":"https:\/\/schema.org","@graph":[{"@type":"WebPage","@id":"https:\/\/www.sj-gauge.com\/product\/msps131-tsr\/","url":"https:\/\/www.sj-gauge.com\/product\/msps131-tsr\/","name":"C\u00f4ng t\u1eafc \u00e1p su\u1ea5t \u0111i\u1ec7n t\u1eed | M\u00e0n h\u00ecnh OLED | \u0110\u1ed9 ch\u00ednh x\u00e1c cao | \u0110\u1ed3ng h\u1ed3 \u0111o SJ","isPartOf":{"@id":"https:\/\/www.sj-gauge.com\/#website"},"primaryImageOfPage":{"@id":"https:\/\/www.sj-gauge.com\/product\/msps131-tsr\/#primaryimage"},"image":{"@id":"https:\/\/www.sj-gauge.com\/product\/msps131-tsr\/#primaryimage"},"thumbnailUrl":"https:\/\/www.sj-gauge.com\/wp-content\/uploads\/2025\/10\/SJ-Gauge_Pressure_Switch_for_Transmitter_L.jpg","datePublished":"2025-10-30T08:15:44+00:00","dateModified":"2026-04-04T03:27:33+00:00","description":"C\u00f4ng t\u1eafc \u00e1p su\u1ea5t \u0111i\u1ec7n t\u1eed MSPS131-TSR c\u00f3 thi\u1ebft k\u1ebf \u0111\u01a1n gi\u1ea3n v\u00e0 ch\u1eafc ch\u1eafn, mang l\u1ea1i \u0111\u1ed9 ch\u00ednh x\u00e1c cao v\u00e0 kh\u1ea3 n\u0103ng ch\u1ecbu qu\u00e1 t\u1ea3i t\u1ed1t. Thi\u1ebft b\u1ecb \u0111\u01b0\u1ee3c trang b\u1ecb m\u00e0n h\u00ecnh OLED c\u00f3 th\u1ec3 xoay 180\u00b0 \u0111\u1ec3 d\u1ec5 d\u00e0ng quan s\u00e1t. S\u1ea3n ph\u1ea9m l\u00fd t\u01b0\u1edfng cho c\u00e1c \u1ee9ng d\u1ee5ng t\u1ef1 \u0111\u1ed9ng h\u00f3a c\u00f4ng nghi\u1ec7p v\u00e0 gi\u00e1m s\u00e1t \u00e1p su\u1ea5t.","breadcrumb":{"@id":"https:\/\/www.sj-gauge.com\/product\/msps131-tsr\/#breadcrumb"},"inLanguage":"vi","potentialAction":[{"@type":"ReadAction","target":["https:\/\/www.sj-gauge.com\/product\/msps131-tsr\/"]}]},{"@type":"ImageObject","inLanguage":"vi","@id":"https:\/\/www.sj-gauge.com\/product\/msps131-tsr\/#primaryimage","url":"https:\/\/www.sj-gauge.com\/wp-content\/uploads\/2025\/10\/SJ-Gauge_Pressure_Switch_for_Transmitter_L.jpg","contentUrl":"https:\/\/www.sj-gauge.com\/wp-content\/uploads\/2025\/10\/SJ-Gauge_Pressure_Switch_for_Transmitter_L.jpg","width":1200,"height":1000},{"@type":"BreadcrumbList","@id":"https:\/\/www.sj-gauge.com\/product\/msps131-tsr\/#breadcrumb","itemListElement":[{"@type":"ListItem","position":1,"name":"Home","item":"https:\/\/www.sj-gauge.com\/"},{"@type":"ListItem","position":2,"name":"Products","item":"https:\/\/www.sj-gauge.com\/products\/"},{"@type":"ListItem","position":3,"name":"Pressure Switch, Electronic"}]},{"@type":"WebSite","@id":"https:\/\/www.sj-gauge.com\/#website","url":"https:\/\/www.sj-gauge.com\/","name":"SJ Gauge | \u0110\u1ed3ng h\u1ed3 \u0111o \u00e1p su\u1ea5t, nhi\u1ec7t k\u1ebf v\u00e0 c\u1ea3m bi\u1ebfn \u00e1p su\u1ea5t","description":"Nh\u00e0 s\u1ea3n xu\u1ea5t \u0111\u1ed3ng h\u1ed3 \u0111o \u00e1p su\u1ea5t c\u00f4ng nghi\u1ec7p, c\u1ea3m bi\u1ebfn \u00e1p su\u1ea5t v\u00e0 b\u1ed9 truy\u1ec1n t\u00edn hi\u1ec7u. SJ Gauge cung c\u1ea5p c\u00e1c s\u1ea3n ph\u1ea9m c\u00f3 \u0111\u1ed9 ch\u00ednh x\u00e1c cao, \u0111\u01b0\u1ee3c ch\u1ebf t\u1ea1o t\u1eeb v\u1eadt li\u1ec7u b\u1ec1n b\u1ec9 v\u00e0 c\u00e1c gi\u1ea3i ph\u00e1p t\u00f9y ch\u1ec9nh d\u00e0nh cho c\u00e1c \u1ee9ng d\u1ee5ng trong ng\u00e0nh d\u1ea7u kh\u00ed, h\u00f3a ch\u1ea5t v\u00e0 c\u00f4ng nghi\u1ec7p.","publisher":{"@id":"https:\/\/www.sj-gauge.com\/#organization"},"potentialAction":[{"@type":"SearchAction","target":{"@type":"EntryPoint","urlTemplate":"https:\/\/www.sj-gauge.com\/?s={search_term_string}"},"query-input":{"@type":"PropertyValueSpecification","valueRequired":true,"valueName":"search_term_string"}}],"inLanguage":"vi"},{"@type":"Organization","@id":"https:\/\/www.sj-gauge.com\/#organization","name":"SJ Gauge | \u0110\u1ed3ng h\u1ed3 \u0111o \u00e1p su\u1ea5t, nhi\u1ec7t k\u1ebf v\u00e0 c\u1ea3m bi\u1ebfn \u00e1p su\u1ea5t","url":"https:\/\/www.sj-gauge.com\/","logo":{"@type":"ImageObject","inLanguage":"vi","@id":"https:\/\/www.sj-gauge.com\/#\/schema\/logo\/image\/","url":"https:\/\/www.sj-gauge.com\/wp-content\/uploads\/2025\/09\/logo.webp","contentUrl":"https:\/\/www.sj-gauge.com\/wp-content\/uploads\/2025\/09\/logo.webp","width":348,"height":184,"caption":"SJ Gauge | Pressure Gauges, Thermometers &amp; Pressure Sensors"},"image":{"@id":"https:\/\/www.sj-gauge.com\/#\/schema\/logo\/image\/"}}]}},"_links":{"self":[{"href":"https:\/\/www.sj-gauge.com\/vi\/wp-json\/wp\/v2\/product\/1394","targetHints":{"allow":["GET"]}}],"collection":[{"href":"https:\/\/www.sj-gauge.com\/vi\/wp-json\/wp\/v2\/product"}],"about":[{"href":"https:\/\/www.sj-gauge.com\/vi\/wp-json\/wp\/v2\/types\/product"}],"wp:featuredmedia":[{"embeddable":true,"href":"https:\/\/www.sj-gauge.com\/vi\/wp-json\/wp\/v2\/media\/1392"}],"wp:attachment":[{"href":"https:\/\/www.sj-gauge.com\/vi\/wp-json\/wp\/v2\/media?parent=1394"}],"wp:term":[{"taxonomy":"product_brand","embeddable":true,"href":"https:\/\/www.sj-gauge.com\/vi\/wp-json\/wp\/v2\/product_brand?post=1394"},{"taxonomy":"product_cat","embeddable":true,"href":"https:\/\/www.sj-gauge.com\/vi\/wp-json\/wp\/v2\/product_cat?post=1394"},{"taxonomy":"product_tag","embeddable":true,"href":"https:\/\/www.sj-gauge.com\/vi\/wp-json\/wp\/v2\/product_tag?post=1394"}],"curies":[{"name":"wp","href":"https:\/\/api.w.org\/{rel}","templated":true}]}}