{"id":1398,"date":"2025-10-30T16:51:05","date_gmt":"2025-10-30T08:51:05","guid":{"rendered":"https:\/\/sj-gauge.com\/?post_type=product&#038;p=1398"},"modified":"2026-05-08T17:11:58","modified_gmt":"2026-05-08T09:11:58","slug":"vmept1020","status":"publish","type":"product","link":"https:\/\/www.sj-gauge.com\/vi\/san-pham\/vmept1020\/","title":{"rendered":"C\u1ea3m bi\u1ebfn \u00e1p su\u1ea5t c\u00f4ng nghi\u1ec7p t\u1ed5ng h\u1ee3p"},"content":{"rendered":"<p>D\u00f2ng VMEPT1020 l\u00e0 b\u1ed9 truy\u1ec1n \u00e1p su\u1ea5t OEM hi\u1ec7u su\u1ea5t cao, \u0111\u01b0\u1ee3c ch\u1ebf t\u1ea1o v\u1edbi v\u1ecf th\u00e9p kh\u00f4ng g\u1ec9 b\u1ec1n b\u1ec9, cung c\u1ea5p d\u1ea3i \u0111o r\u1ed9ng t\u1eeb 50 mbar \u0111\u1ebfn 600 bar. Thi\u1ebft b\u1ecb h\u1ed7 tr\u1ee3 c\u1ea3 \u00e1p su\u1ea5t gauge v\u00e0 \u00e1p su\u1ea5t tuy\u1ec7t \u0111\u1ed1i, v\u1edbi hi\u1ec7u ch\u1ec9nh ch\u00ednh x\u00e1c v\u00e0 b\u00f9 nhi\u1ec7t \u0111\u1ed9 \u0111\u1ec3 \u0111\u1ea3m b\u1ea3o \u0111\u1ed9 ch\u00ednh x\u00e1c cao (l\u00ean \u0111\u1ebfn \u00b10.25%FS \u0111i\u1ec3n h\u00ecnh). C\u00f3 s\u1eb5n nhi\u1ec1u t\u00f9y ch\u1ecdn \u0111\u1ea7u ra \u2014 4\u201320 mA, 1\u20135 V, 0.5\u20134.5 V, RS485 \u2014 \u0111\u1ea3m b\u1ea3o t\u00edch h\u1ee3p d\u1ec5 d\u00e0ng v\u00e0o c\u00e1c h\u1ec7 th\u1ed1ng \u0111i\u1ec1u khi\u1ec3n kh\u00e1c nhau. \u0110\u01b0\u1ee3c thi\u1ebft k\u1ebf cho h\u1ec7 th\u1ed1ng th\u1ee7y l\u1ef1c v\u00e0 kh\u00ed n\u00e9n, ch\u1ebf t\u1ea1o m\u00e1y m\u00f3c, b\u01a1m, x\u1eed l\u00fd n\u01b0\u1edbc, HVAC &amp; l\u00e0m l\u1ea1nh, v\u00e0 \u0111i\u1ec1u khi\u1ec3n m\u00e1y n\u00e9n kh\u00ed.<\/p>","protected":false},"excerpt":{"rendered":"<ul>\n<li>D\u1ea3i \u0111o t\u1eeb 100 mbar \u0111\u1ebfn 600 bar<\/li>\n<li>\u0110\u1ed9 ch\u00ednh x\u00e1c: \u00b10.2% FSO (T\u1ed1i thi\u1ec3u), \u00b10.25% FSO (Th\u00f4ng th\u01b0\u1eddng)<\/li>\n<li>\u0110\u01b0\u1ee3c hi\u1ec7u chu\u1ea9n v\u00e0 b\u00f9 nhi\u1ec7t \u0111\u1ed9<\/li>\n<\/ul>","protected":false},"featured_media":1402,"template":"","meta":{"_acf_changed":false},"product_brand":[40],"product_cat":[41,15],"product_tag":[],"class_list":{"0":"post-1398","1":"product","2":"type-product","3":"status-publish","4":"has-post-thumbnail","6":"product_brand-sj-gauge","7":"product_cat-pressure-instruments","8":"product_cat-pressure-sensors","10":"first","11":"instock","12":"shipping-taxable","13":"product-type-simple"},"acf":[],"yoast_head":"<!-- This site is optimized with the Yoast SEO Premium plugin v26.7 (Yoast SEO v27.4) - https:\/\/yoast.com\/product\/yoast-seo-premium-wordpress\/ -->\n<title>General Purpose Gauge Pressure Transmitter | 100mbar\u2013600bar | SJ Gauge<\/title>\n<meta name=\"description\" content=\"VMEPT1020 general purpose gauge pressure transmitter designed for OEM and industrial applications, offering stable measurement, multiple output options, and reliable performance from 100mbar to 600bar.\" \/>\n<meta name=\"robots\" content=\"index, follow, max-snippet:-1, max-image-preview:large, max-video-preview:-1\" \/>\n<link rel=\"canonical\" href=\"https:\/\/www.sj-gauge.com\/vi\/san-pham\/vmept1020\/\" \/>\n<meta property=\"og:locale\" content=\"vi_VN\" \/>\n<meta property=\"og:type\" content=\"article\" \/>\n<meta property=\"og:title\" content=\"General Industrial Pressure Transmitter\" \/>\n<meta property=\"og:description\" content=\"VMEPT1020 general purpose gauge pressure transmitter designed for OEM and industrial applications, offering stable measurement, multiple output options, and reliable performance from 100mbar to 600bar.\" \/>\n<meta property=\"og:url\" content=\"https:\/\/www.sj-gauge.com\/vi\/san-pham\/vmept1020\/\" \/>\n<meta property=\"og:site_name\" content=\"SJ Gauge | Pressure Gauges, Thermometers &amp; Pressure Sensors\" \/>\n<meta property=\"article:modified_time\" content=\"2026-05-08T09:11:58+00:00\" \/>\n<meta property=\"og:image\" content=\"https:\/\/www.sj-gauge.com\/wp-content\/uploads\/2025\/10\/SJ-Gauge-VMEPT1020-pressure-transmitter-oil-gas-industry.jpg\" \/>\n\t<meta property=\"og:image:width\" content=\"1200\" \/>\n\t<meta property=\"og:image:height\" content=\"1000\" \/>\n\t<meta property=\"og:image:type\" content=\"image\/jpeg\" \/>\n<meta name=\"twitter:card\" content=\"summary_large_image\" \/>\n<meta name=\"twitter:label1\" content=\"\u01af\u1edbc t\u00ednh th\u1eddi gian \u0111\u1ecdc\" \/>\n\t<meta name=\"twitter:data1\" content=\"1 ph\u00fat\" \/>\n<script type=\"application\/ld+json\" class=\"yoast-schema-graph\">{\"@context\":\"https:\\\/\\\/schema.org\",\"@graph\":[{\"@type\":\"WebPage\",\"@id\":\"https:\\\/\\\/www.sj-gauge.com\\\/product\\\/vmept1020\\\/\",\"url\":\"https:\\\/\\\/www.sj-gauge.com\\\/product\\\/vmept1020\\\/\",\"name\":\"General Purpose Gauge Pressure Transmitter | 100mbar\u2013600bar | SJ Gauge\",\"isPartOf\":{\"@id\":\"https:\\\/\\\/www.sj-gauge.com\\\/#website\"},\"primaryImageOfPage\":{\"@id\":\"https:\\\/\\\/www.sj-gauge.com\\\/product\\\/vmept1020\\\/#primaryimage\"},\"image\":{\"@id\":\"https:\\\/\\\/www.sj-gauge.com\\\/product\\\/vmept1020\\\/#primaryimage\"},\"thumbnailUrl\":\"https:\\\/\\\/www.sj-gauge.com\\\/wp-content\\\/uploads\\\/2025\\\/10\\\/SJ-Gauge-VMEPT1020-pressure-transmitter-oil-gas-industry.jpg\",\"datePublished\":\"2025-10-30T08:51:05+00:00\",\"dateModified\":\"2026-05-08T09:11:58+00:00\",\"description\":\"VMEPT1020 general purpose gauge pressure transmitter designed for OEM and industrial applications, offering stable measurement, multiple output options, and reliable performance from 100mbar to 600bar.\",\"breadcrumb\":{\"@id\":\"https:\\\/\\\/www.sj-gauge.com\\\/product\\\/vmept1020\\\/#breadcrumb\"},\"inLanguage\":\"vi\",\"potentialAction\":[{\"@type\":\"ReadAction\",\"target\":[\"https:\\\/\\\/www.sj-gauge.com\\\/product\\\/vmept1020\\\/\"]}]},{\"@type\":\"ImageObject\",\"inLanguage\":\"vi\",\"@id\":\"https:\\\/\\\/www.sj-gauge.com\\\/product\\\/vmept1020\\\/#primaryimage\",\"url\":\"https:\\\/\\\/www.sj-gauge.com\\\/wp-content\\\/uploads\\\/2025\\\/10\\\/SJ-Gauge-VMEPT1020-pressure-transmitter-oil-gas-industry.jpg\",\"contentUrl\":\"https:\\\/\\\/www.sj-gauge.com\\\/wp-content\\\/uploads\\\/2025\\\/10\\\/SJ-Gauge-VMEPT1020-pressure-transmitter-oil-gas-industry.jpg\",\"width\":1200,\"height\":1000},{\"@type\":\"BreadcrumbList\",\"@id\":\"https:\\\/\\\/www.sj-gauge.com\\\/product\\\/vmept1020\\\/#breadcrumb\",\"itemListElement\":[{\"@type\":\"ListItem\",\"position\":1,\"name\":\"Home\",\"item\":\"https:\\\/\\\/www.sj-gauge.com\\\/\"},{\"@type\":\"ListItem\",\"position\":2,\"name\":\"Products\",\"item\":\"https:\\\/\\\/www.sj-gauge.com\\\/products\\\/\"},{\"@type\":\"ListItem\",\"position\":3,\"name\":\"General Industrial Pressure Transmitter\"}]},{\"@type\":\"WebSite\",\"@id\":\"https:\\\/\\\/www.sj-gauge.com\\\/#website\",\"url\":\"https:\\\/\\\/www.sj-gauge.com\\\/\",\"name\":\"SJ Gauge | Pressure Gauges, Thermometers &amp; Pressure Sensors\",\"description\":\"Manufacturer of industrial pressure gauges, pressure sensors, and transmitters. SJ Gauge provides high accuracy, durable materials, and custom solutions for oil &amp; gas, chemical, and industrial applications.\",\"publisher\":{\"@id\":\"https:\\\/\\\/www.sj-gauge.com\\\/#organization\"},\"potentialAction\":[{\"@type\":\"SearchAction\",\"target\":{\"@type\":\"EntryPoint\",\"urlTemplate\":\"https:\\\/\\\/www.sj-gauge.com\\\/?s={search_term_string}\"},\"query-input\":{\"@type\":\"PropertyValueSpecification\",\"valueRequired\":true,\"valueName\":\"search_term_string\"}}],\"inLanguage\":\"vi\"},{\"@type\":\"Organization\",\"@id\":\"https:\\\/\\\/www.sj-gauge.com\\\/#organization\",\"name\":\"SJ Gauge | Pressure Gauges, Thermometers &amp; Pressure Sensors\",\"url\":\"https:\\\/\\\/www.sj-gauge.com\\\/\",\"logo\":{\"@type\":\"ImageObject\",\"inLanguage\":\"vi\",\"@id\":\"https:\\\/\\\/www.sj-gauge.com\\\/#\\\/schema\\\/logo\\\/image\\\/\",\"url\":\"https:\\\/\\\/www.sj-gauge.com\\\/wp-content\\\/uploads\\\/2025\\\/09\\\/logo.webp\",\"contentUrl\":\"https:\\\/\\\/www.sj-gauge.com\\\/wp-content\\\/uploads\\\/2025\\\/09\\\/logo.webp\",\"width\":348,\"height\":184,\"caption\":\"SJ Gauge | Pressure Gauges, Thermometers &amp; Pressure Sensors\"},\"image\":{\"@id\":\"https:\\\/\\\/www.sj-gauge.com\\\/#\\\/schema\\\/logo\\\/image\\\/\"}}]}<\/script>\n<!-- \/ Yoast SEO Premium plugin. -->","yoast_head_json":{"title":"B\u1ed9 truy\u1ec1n t\u00edn hi\u1ec7u \u00e1p su\u1ea5t \u0111\u1ed3ng h\u1ed3 \u0111a n\u0103ng | 100 mbar\u2013600 bar | SJ Gauge","description":"B\u1ed9 truy\u1ec1n t\u00edn hi\u1ec7u \u00e1p su\u1ea5t t\u01b0\u01a1ng \u0111\u1ed1i \u0111a n\u0103ng VMEPT1020 \u0111\u01b0\u1ee3c thi\u1ebft k\u1ebf d\u00e0nh cho c\u00e1c \u1ee9ng d\u1ee5ng OEM v\u00e0 c\u00f4ng nghi\u1ec7p, mang l\u1ea1i k\u1ebft qu\u1ea3 \u0111o \u1ed5n \u0111\u1ecbnh, nhi\u1ec1u t\u00f9y ch\u1ecdn \u0111\u1ea7u ra v\u00e0 hi\u1ec7u su\u1ea5t \u0111\u00e1ng tin c\u1eady trong d\u1ea3i \u00e1p su\u1ea5t t\u1eeb 100 mbar \u0111\u1ebfn 600 bar.","robots":{"index":"index","follow":"follow","max-snippet":"max-snippet:-1","max-image-preview":"max-image-preview:large","max-video-preview":"max-video-preview:-1"},"canonical":"https:\/\/www.sj-gauge.com\/vi\/san-pham\/vmept1020\/","og_locale":"vi_VN","og_type":"article","og_title":"General Industrial Pressure Transmitter","og_description":"VMEPT1020 general purpose gauge pressure transmitter designed for OEM and industrial applications, offering stable measurement, multiple output options, and reliable performance from 100mbar to 600bar.","og_url":"https:\/\/www.sj-gauge.com\/vi\/san-pham\/vmept1020\/","og_site_name":"SJ Gauge | Pressure Gauges, Thermometers &amp; Pressure Sensors","article_modified_time":"2026-05-08T09:11:58+00:00","og_image":[{"width":1200,"height":1000,"url":"https:\/\/www.sj-gauge.com\/wp-content\/uploads\/2025\/10\/SJ-Gauge-VMEPT1020-pressure-transmitter-oil-gas-industry.jpg","type":"image\/jpeg"}],"twitter_card":"summary_large_image","twitter_misc":{"\u01af\u1edbc t\u00ednh th\u1eddi gian \u0111\u1ecdc":"1 ph\u00fat"},"schema":{"@context":"https:\/\/schema.org","@graph":[{"@type":"WebPage","@id":"https:\/\/www.sj-gauge.com\/product\/vmept1020\/","url":"https:\/\/www.sj-gauge.com\/product\/vmept1020\/","name":"B\u1ed9 truy\u1ec1n t\u00edn hi\u1ec7u \u00e1p su\u1ea5t \u0111\u1ed3ng h\u1ed3 \u0111a n\u0103ng | 100 mbar\u2013600 bar | SJ Gauge","isPartOf":{"@id":"https:\/\/www.sj-gauge.com\/#website"},"primaryImageOfPage":{"@id":"https:\/\/www.sj-gauge.com\/product\/vmept1020\/#primaryimage"},"image":{"@id":"https:\/\/www.sj-gauge.com\/product\/vmept1020\/#primaryimage"},"thumbnailUrl":"https:\/\/www.sj-gauge.com\/wp-content\/uploads\/2025\/10\/SJ-Gauge-VMEPT1020-pressure-transmitter-oil-gas-industry.jpg","datePublished":"2025-10-30T08:51:05+00:00","dateModified":"2026-05-08T09:11:58+00:00","description":"B\u1ed9 truy\u1ec1n t\u00edn hi\u1ec7u \u00e1p su\u1ea5t t\u01b0\u01a1ng \u0111\u1ed1i \u0111a n\u0103ng VMEPT1020 \u0111\u01b0\u1ee3c thi\u1ebft k\u1ebf d\u00e0nh cho c\u00e1c \u1ee9ng d\u1ee5ng OEM v\u00e0 c\u00f4ng nghi\u1ec7p, mang l\u1ea1i k\u1ebft qu\u1ea3 \u0111o \u1ed5n \u0111\u1ecbnh, nhi\u1ec1u t\u00f9y ch\u1ecdn \u0111\u1ea7u ra v\u00e0 hi\u1ec7u su\u1ea5t \u0111\u00e1ng tin c\u1eady trong d\u1ea3i \u00e1p su\u1ea5t t\u1eeb 100 mbar \u0111\u1ebfn 600 bar.","breadcrumb":{"@id":"https:\/\/www.sj-gauge.com\/product\/vmept1020\/#breadcrumb"},"inLanguage":"vi","potentialAction":[{"@type":"ReadAction","target":["https:\/\/www.sj-gauge.com\/product\/vmept1020\/"]}]},{"@type":"ImageObject","inLanguage":"vi","@id":"https:\/\/www.sj-gauge.com\/product\/vmept1020\/#primaryimage","url":"https:\/\/www.sj-gauge.com\/wp-content\/uploads\/2025\/10\/SJ-Gauge-VMEPT1020-pressure-transmitter-oil-gas-industry.jpg","contentUrl":"https:\/\/www.sj-gauge.com\/wp-content\/uploads\/2025\/10\/SJ-Gauge-VMEPT1020-pressure-transmitter-oil-gas-industry.jpg","width":1200,"height":1000},{"@type":"BreadcrumbList","@id":"https:\/\/www.sj-gauge.com\/product\/vmept1020\/#breadcrumb","itemListElement":[{"@type":"ListItem","position":1,"name":"Home","item":"https:\/\/www.sj-gauge.com\/"},{"@type":"ListItem","position":2,"name":"Products","item":"https:\/\/www.sj-gauge.com\/products\/"},{"@type":"ListItem","position":3,"name":"General Industrial Pressure Transmitter"}]},{"@type":"WebSite","@id":"https:\/\/www.sj-gauge.com\/#website","url":"https:\/\/www.sj-gauge.com\/","name":"SJ Gauge | \u0110\u1ed3ng h\u1ed3 \u0111o \u00e1p su\u1ea5t, nhi\u1ec7t k\u1ebf v\u00e0 c\u1ea3m bi\u1ebfn \u00e1p su\u1ea5t","description":"Nh\u00e0 s\u1ea3n xu\u1ea5t \u0111\u1ed3ng h\u1ed3 \u0111o \u00e1p su\u1ea5t c\u00f4ng nghi\u1ec7p, c\u1ea3m bi\u1ebfn \u00e1p su\u1ea5t v\u00e0 b\u1ed9 truy\u1ec1n t\u00edn hi\u1ec7u. SJ Gauge cung c\u1ea5p c\u00e1c s\u1ea3n ph\u1ea9m c\u00f3 \u0111\u1ed9 ch\u00ednh x\u00e1c cao, \u0111\u01b0\u1ee3c ch\u1ebf t\u1ea1o t\u1eeb v\u1eadt li\u1ec7u b\u1ec1n b\u1ec9 v\u00e0 c\u00e1c gi\u1ea3i ph\u00e1p t\u00f9y ch\u1ec9nh d\u00e0nh cho c\u00e1c \u1ee9ng d\u1ee5ng trong ng\u00e0nh d\u1ea7u kh\u00ed, h\u00f3a ch\u1ea5t v\u00e0 c\u00f4ng nghi\u1ec7p.","publisher":{"@id":"https:\/\/www.sj-gauge.com\/#organization"},"potentialAction":[{"@type":"SearchAction","target":{"@type":"EntryPoint","urlTemplate":"https:\/\/www.sj-gauge.com\/?s={search_term_string}"},"query-input":{"@type":"PropertyValueSpecification","valueRequired":true,"valueName":"search_term_string"}}],"inLanguage":"vi"},{"@type":"Organization","@id":"https:\/\/www.sj-gauge.com\/#organization","name":"SJ Gauge | \u0110\u1ed3ng h\u1ed3 \u0111o \u00e1p su\u1ea5t, nhi\u1ec7t k\u1ebf v\u00e0 c\u1ea3m bi\u1ebfn \u00e1p su\u1ea5t","url":"https:\/\/www.sj-gauge.com\/","logo":{"@type":"ImageObject","inLanguage":"vi","@id":"https:\/\/www.sj-gauge.com\/#\/schema\/logo\/image\/","url":"https:\/\/www.sj-gauge.com\/wp-content\/uploads\/2025\/09\/logo.webp","contentUrl":"https:\/\/www.sj-gauge.com\/wp-content\/uploads\/2025\/09\/logo.webp","width":348,"height":184,"caption":"SJ Gauge | Pressure Gauges, Thermometers &amp; Pressure Sensors"},"image":{"@id":"https:\/\/www.sj-gauge.com\/#\/schema\/logo\/image\/"}}]}},"_links":{"self":[{"href":"https:\/\/www.sj-gauge.com\/vi\/wp-json\/wp\/v2\/product\/1398","targetHints":{"allow":["GET"]}}],"collection":[{"href":"https:\/\/www.sj-gauge.com\/vi\/wp-json\/wp\/v2\/product"}],"about":[{"href":"https:\/\/www.sj-gauge.com\/vi\/wp-json\/wp\/v2\/types\/product"}],"wp:featuredmedia":[{"embeddable":true,"href":"https:\/\/www.sj-gauge.com\/vi\/wp-json\/wp\/v2\/media\/1402"}],"wp:attachment":[{"href":"https:\/\/www.sj-gauge.com\/vi\/wp-json\/wp\/v2\/media?parent=1398"}],"wp:term":[{"taxonomy":"product_brand","embeddable":true,"href":"https:\/\/www.sj-gauge.com\/vi\/wp-json\/wp\/v2\/product_brand?post=1398"},{"taxonomy":"product_cat","embeddable":true,"href":"https:\/\/www.sj-gauge.com\/vi\/wp-json\/wp\/v2\/product_cat?post=1398"},{"taxonomy":"product_tag","embeddable":true,"href":"https:\/\/www.sj-gauge.com\/vi\/wp-json\/wp\/v2\/product_tag?post=1398"}],"curies":[{"name":"wp","href":"https:\/\/api.w.org\/{rel}","templated":true}]}}