{"id":1405,"date":"2025-10-30T16:58:04","date_gmt":"2025-10-30T08:58:04","guid":{"rendered":"https:\/\/sj-gauge.com\/?post_type=product&#038;p=1405"},"modified":"2026-03-26T17:46:45","modified_gmt":"2026-03-26T09:46:45","slug":"vmept1120-w","status":"publish","type":"product","link":"https:\/\/www.sj-gauge.com\/vi\/san-pham\/vmept1120-w\/","title":{"rendered":"C\u1ea3m bi\u1ebfn \u00e1p su\u1ea5t m\u00e0ng ph\u1eb3ng"},"content":{"rendered":"<p>C\u1ea3m bi\u1ebfn \u00e1p su\u1ea5t m\u00e0ng ph\u1eb3ng EPT1120-W \u0111\u01b0\u1ee3c thi\u1ebft k\u1ebf chuy\u00ean bi\u1ec7t \u0111\u1ec3 \u0111o l\u01b0\u1eddng c\u00e1c m\u00f4i tr\u01b0\u1eddng kh\u00f3 kh\u0103n bao g\u1ed3m ch\u1ea5t l\u1ecfng c\u00f3 \u0111\u1ed9 nh\u1edbt cao, ch\u1ea5t s\u1ec7t, v\u1eadt li\u1ec7u d\u00ednh v\u00e0 b\u00f9n ch\u1ee9a h\u1ea1t. Thi\u1ebft k\u1ebf ch\u1eafc ch\u1eafn b\u1eb1ng th\u00e9p kh\u00f4ng g\u1ec9 316L h\u00e0n k\u00edn ho\u00e0n to\u00e0n v\u1edbi m\u00e0ng c\u00e1ch ly l\u1eafp ph\u1eb3ng th\u1ef1c s\u1ef1 lo\u1ea1i b\u1ecf ho\u00e0n to\u00e0n kh\u00f4ng gian ch\u1ebft, \u0111\u1ea3m b\u1ea3o kh\u00f4ng c\u00f3 ch\u1ea5t l\u1ecfng b\u1ecb k\u1eb9t v\u00e0 ng\u0103n ng\u1eeba \u00f4 nhi\u1ec5m \u2013 m\u1ed9t t\u00ednh n\u0103ng quan tr\u1ecdng cho c\u00e1c \u1ee9ng d\u1ee5ng y\u00eau c\u1ea7u v\u1ec7 sinh cao v\u00e0 d\u1ec5 b\u1ecb t\u1eafc ngh\u1ebdn.<\/p>\n<p>T\u1ea1i trung t\u00e2m ho\u1ea1t \u0111\u1ed9ng c\u1ee7a m\u00ecnh, b\u1ed9 truy\u1ec1n t\u00edn hi\u1ec7u s\u1eed d\u1ee5ng c\u00f4ng ngh\u1ec7 c\u1ea3m bi\u1ebfn silicon khu\u1ebfch t\u00e1n ti\u00ean ti\u1ebfn, t\u1eadn d\u1ee5ng hi\u1ec7u \u1ee9ng piezoresistive \u0111\u1ec3 chuy\u1ec3n \u0111\u1ed5i ch\u00ednh x\u00e1c \u00e1p su\u1ea5t t\u00e1c \u0111\u1ed9ng th\u00e0nh t\u00edn hi\u1ec7u \u0111i\u1ec7n. C\u00f4ng ngh\u1ec7 n\u00e0y mang l\u1ea1i \u0111\u1ed9 ch\u00ednh x\u00e1c v\u01b0\u1ee3t tr\u1ed9i (\u00b10.25% FS), \u0111\u1ed9 \u1ed5n \u0111\u1ecbnh l\u00e2u d\u00e0i xu\u1ea5t s\u1eafc v\u00e0 \u0111\u1ed9 tr\u00f4i nhi\u1ec7t \u0111\u1ed9 t\u1ed1i thi\u1ec3u (\u00b10.02% FS\/\u00b0C). D\u1ea5u hi\u1ec7u \u0111\u1ea7u ra ti\u00eau chu\u1ea9n 4~20 mA v\u1edbi t\u00f9y ch\u1ecdn giao ti\u1ebfp HART\/RS485 cho ph\u00e9p t\u00edch h\u1ee3p m\u01b0\u1ee3t m\u00e0 v\u1edbi c\u00e1c h\u1ec7 th\u1ed1ng \u0111i\u1ec1u khi\u1ec3n hi\u1ec7n \u0111\u1ea1i \u0111\u1ec3 gi\u00e1m s\u00e1t v\u00e0 t\u1ed1i \u01b0u h\u00f3a qu\u00e1 tr\u00ecnh theo th\u1eddi gian th\u1ef1c.<\/p>\n<p>EPT1120-W c\u00f3 s\u1eb5n trong m\u1ed9t lo\u1ea1t c\u00e1c d\u1ea3i \u00e1p su\u1ea5t r\u1ed9ng (t\u1eeb 100 mbar \u0111\u1ebfn 600 bar) v\u00e0 c\u00e1c c\u1ea5u h\u00ecnh t\u00f9y ch\u1ec9nh \u0111\u1ec3 \u0111\u00e1p \u1ee9ng c\u00e1c y\u00eau c\u1ea7u v\u1eadn h\u00e0nh \u0111a d\u1ea1ng. \u0110\u01b0\u1ee3c thi\u1ebft k\u1ebf cho m\u00f4i tr\u01b0\u1eddng c\u00f4ng nghi\u1ec7p kh\u1eafc nghi\u1ec7t, v\u1ecf m\u00e1y nh\u1ecf g\u1ecdn v\u00e0 b\u1ec1n b\u1ec9 (\u0111\u1ea1t ti\u00eau chu\u1ea9n IP68) c\u00f3 th\u1ec3 ch\u1ecbu \u0111\u01b0\u1ee3c vi\u1ec7c r\u1eeda b\u1eb1ng \u00e1p su\u1ea5t cao v\u00e0 nhi\u1ec7t \u0111\u1ed9 c\u1ef1c \u0111oan (-40\u00b0C \u0111\u1ebfn +125\u00b0C).<\/p>","protected":false},"excerpt":{"rendered":"<ul>\n<li>C\u00f4ng ngh\u1ec7 h\u00e0n th\u00e9p kh\u00f4ng g\u1ec9 v\u00e0 quy tr\u00ecnh x\u1eed l\u00fd b\u1ec1 m\u1eb7t xu\u1ea5t s\u1eafc<\/li>\n<li>B\u1ea3o v\u1ec7 m\u1ea1nh m\u1ebd v\u1edbi \u00e1p su\u1ea5t t\u0129nh cao v\u00e0 kh\u1ea3 n\u0103ng ch\u1ecbu qu\u00e1 t\u1ea3i cao.<\/li>\n<li>B\u1ed9 \u0111i\u1ec1u khi\u1ec3n HART ho\u1eb7c ph\u1ea7n m\u1ec1m HART c\u00f3 th\u1ec3 th\u1ef1c hi\u1ec7n c\u1ea5u h\u00ecnh th\u00f4ng tin \u0111o l\u01b0\u1eddng t\u1eeb xa.<\/li>\n<\/ul>","protected":false},"featured_media":1410,"template":"","meta":{"_acf_changed":false},"product_brand":[40],"product_cat":[41,15],"product_tag":[],"class_list":{"0":"post-1405","1":"product","2":"type-product","3":"status-publish","4":"has-post-thumbnail","6":"product_brand-sj-gauge","7":"product_cat-pressure-instruments","8":"product_cat-pressure-sensors","10":"first","11":"instock","12":"shipping-taxable","13":"product-type-simple"},"acf":[],"yoast_head":"<!-- This site is optimized with the Yoast SEO Premium plugin v26.7 (Yoast SEO v27.4) - https:\/\/yoast.com\/product\/yoast-seo-premium-wordpress\/ -->\n<title>Flush Diaphragm Pressure Transmitter with HART | Industrial Use | SJ Gauge<\/title>\n<meta name=\"description\" content=\"VMEPT1120-W flush diaphragm pressure transmitter with stainless steel construction and advanced welding technology. Designed for high static pressure and overload protection, supporting HART communication for remote configuration and monitoring.\" \/>\n<meta name=\"robots\" content=\"index, follow, max-snippet:-1, max-image-preview:large, max-video-preview:-1\" \/>\n<link rel=\"canonical\" href=\"https:\/\/www.sj-gauge.com\/vi\/san-pham\/vmept1120-w\/\" \/>\n<meta property=\"og:locale\" content=\"vi_VN\" \/>\n<meta property=\"og:type\" content=\"article\" \/>\n<meta property=\"og:title\" content=\"Flush Diaphragm Pressure Transmitter\" \/>\n<meta property=\"og:description\" content=\"VMEPT1120-W flush diaphragm pressure transmitter with stainless steel construction and advanced welding technology. Designed for high static pressure and overload protection, supporting HART communication for remote configuration and monitoring.\" \/>\n<meta property=\"og:url\" content=\"https:\/\/www.sj-gauge.com\/vi\/san-pham\/vmept1120-w\/\" \/>\n<meta property=\"og:site_name\" content=\"SJ Gauge | Pressure Gauges, Thermometers &amp; Pressure Sensors\" \/>\n<meta property=\"article:modified_time\" content=\"2026-03-26T09:46:45+00:00\" \/>\n<meta property=\"og:image\" content=\"https:\/\/www.sj-gauge.com\/wp-content\/uploads\/2025\/10\/SJ-Gauge-picture-ept1120-w-g1-2-din43650.jpg\" \/>\n\t<meta property=\"og:image:width\" content=\"1200\" \/>\n\t<meta property=\"og:image:height\" content=\"1000\" \/>\n\t<meta property=\"og:image:type\" content=\"image\/jpeg\" \/>\n<meta name=\"twitter:card\" content=\"summary_large_image\" \/>\n<meta name=\"twitter:label1\" content=\"\u01af\u1edbc t\u00ednh th\u1eddi gian \u0111\u1ecdc\" \/>\n\t<meta name=\"twitter:data1\" content=\"1 ph\u00fat\" \/>\n<script type=\"application\/ld+json\" class=\"yoast-schema-graph\">{\"@context\":\"https:\\\/\\\/schema.org\",\"@graph\":[{\"@type\":\"WebPage\",\"@id\":\"https:\\\/\\\/www.sj-gauge.com\\\/product\\\/vmept1120-w\\\/\",\"url\":\"https:\\\/\\\/www.sj-gauge.com\\\/product\\\/vmept1120-w\\\/\",\"name\":\"Flush Diaphragm Pressure Transmitter with HART | Industrial Use | SJ Gauge\",\"isPartOf\":{\"@id\":\"https:\\\/\\\/www.sj-gauge.com\\\/#website\"},\"primaryImageOfPage\":{\"@id\":\"https:\\\/\\\/www.sj-gauge.com\\\/product\\\/vmept1120-w\\\/#primaryimage\"},\"image\":{\"@id\":\"https:\\\/\\\/www.sj-gauge.com\\\/product\\\/vmept1120-w\\\/#primaryimage\"},\"thumbnailUrl\":\"https:\\\/\\\/www.sj-gauge.com\\\/wp-content\\\/uploads\\\/2025\\\/10\\\/SJ-Gauge-picture-ept1120-w-g1-2-din43650.jpg\",\"datePublished\":\"2025-10-30T08:58:04+00:00\",\"dateModified\":\"2026-03-26T09:46:45+00:00\",\"description\":\"VMEPT1120-W flush diaphragm pressure transmitter with stainless steel construction and advanced welding technology. Designed for high static pressure and overload protection, supporting HART communication for remote configuration and monitoring.\",\"breadcrumb\":{\"@id\":\"https:\\\/\\\/www.sj-gauge.com\\\/product\\\/vmept1120-w\\\/#breadcrumb\"},\"inLanguage\":\"vi\",\"potentialAction\":[{\"@type\":\"ReadAction\",\"target\":[\"https:\\\/\\\/www.sj-gauge.com\\\/product\\\/vmept1120-w\\\/\"]}]},{\"@type\":\"ImageObject\",\"inLanguage\":\"vi\",\"@id\":\"https:\\\/\\\/www.sj-gauge.com\\\/product\\\/vmept1120-w\\\/#primaryimage\",\"url\":\"https:\\\/\\\/www.sj-gauge.com\\\/wp-content\\\/uploads\\\/2025\\\/10\\\/SJ-Gauge-picture-ept1120-w-g1-2-din43650.jpg\",\"contentUrl\":\"https:\\\/\\\/www.sj-gauge.com\\\/wp-content\\\/uploads\\\/2025\\\/10\\\/SJ-Gauge-picture-ept1120-w-g1-2-din43650.jpg\",\"width\":1200,\"height\":1000},{\"@type\":\"BreadcrumbList\",\"@id\":\"https:\\\/\\\/www.sj-gauge.com\\\/product\\\/vmept1120-w\\\/#breadcrumb\",\"itemListElement\":[{\"@type\":\"ListItem\",\"position\":1,\"name\":\"Home\",\"item\":\"https:\\\/\\\/www.sj-gauge.com\\\/\"},{\"@type\":\"ListItem\",\"position\":2,\"name\":\"Products\",\"item\":\"https:\\\/\\\/www.sj-gauge.com\\\/products\\\/\"},{\"@type\":\"ListItem\",\"position\":3,\"name\":\"Flush Diaphragm Pressure Transmitter\"}]},{\"@type\":\"WebSite\",\"@id\":\"https:\\\/\\\/www.sj-gauge.com\\\/#website\",\"url\":\"https:\\\/\\\/www.sj-gauge.com\\\/\",\"name\":\"SJ Gauge | Pressure Gauges, Thermometers &amp; Pressure Sensors\",\"description\":\"Manufacturer of industrial pressure gauges, pressure sensors, and transmitters. SJ Gauge provides high accuracy, durable materials, and custom solutions for oil &amp; gas, chemical, and industrial applications.\",\"publisher\":{\"@id\":\"https:\\\/\\\/www.sj-gauge.com\\\/#organization\"},\"potentialAction\":[{\"@type\":\"SearchAction\",\"target\":{\"@type\":\"EntryPoint\",\"urlTemplate\":\"https:\\\/\\\/www.sj-gauge.com\\\/?s={search_term_string}\"},\"query-input\":{\"@type\":\"PropertyValueSpecification\",\"valueRequired\":true,\"valueName\":\"search_term_string\"}}],\"inLanguage\":\"vi\"},{\"@type\":\"Organization\",\"@id\":\"https:\\\/\\\/www.sj-gauge.com\\\/#organization\",\"name\":\"SJ Gauge | Pressure Gauges, Thermometers &amp; Pressure Sensors\",\"url\":\"https:\\\/\\\/www.sj-gauge.com\\\/\",\"logo\":{\"@type\":\"ImageObject\",\"inLanguage\":\"vi\",\"@id\":\"https:\\\/\\\/www.sj-gauge.com\\\/#\\\/schema\\\/logo\\\/image\\\/\",\"url\":\"https:\\\/\\\/www.sj-gauge.com\\\/wp-content\\\/uploads\\\/2025\\\/09\\\/logo.webp\",\"contentUrl\":\"https:\\\/\\\/www.sj-gauge.com\\\/wp-content\\\/uploads\\\/2025\\\/09\\\/logo.webp\",\"width\":348,\"height\":184,\"caption\":\"SJ Gauge | Pressure Gauges, Thermometers &amp; Pressure Sensors\"},\"image\":{\"@id\":\"https:\\\/\\\/www.sj-gauge.com\\\/#\\\/schema\\\/logo\\\/image\\\/\"}}]}<\/script>\n<!-- \/ Yoast SEO Premium plugin. -->","yoast_head_json":{"title":"C\u1ea3m bi\u1ebfn \u00e1p su\u1ea5t m\u00e0ng ph\u1eb3ng t\u00edch h\u1ee3p giao th\u1ee9c HART | D\u00f9ng trong c\u00f4ng nghi\u1ec7p | SJ Gauge","description":"C\u1ea3m bi\u1ebfn \u00e1p su\u1ea5t m\u00e0ng ph\u1eb3ng VMEPT1120-W v\u1edbi k\u1ebft c\u1ea5u b\u1eb1ng th\u00e9p kh\u00f4ng g\u1ec9 v\u00e0 c\u00f4ng ngh\u1ec7 h\u00e0n ti\u00ean ti\u1ebfn. \u0110\u01b0\u1ee3c thi\u1ebft k\u1ebf \u0111\u1ec3 ch\u1ecbu \u0111\u01b0\u1ee3c \u00e1p su\u1ea5t t\u0129nh cao v\u00e0 c\u00f3 ch\u1ee9c n\u0103ng b\u1ea3o v\u1ec7 qu\u00e1 t\u1ea3i, h\u1ed7 tr\u1ee3 giao ti\u1ebfp HART \u0111\u1ec3 c\u1ea5u h\u00ecnh v\u00e0 gi\u00e1m s\u00e1t t\u1eeb xa.","robots":{"index":"index","follow":"follow","max-snippet":"max-snippet:-1","max-image-preview":"max-image-preview:large","max-video-preview":"max-video-preview:-1"},"canonical":"https:\/\/www.sj-gauge.com\/vi\/san-pham\/vmept1120-w\/","og_locale":"vi_VN","og_type":"article","og_title":"Flush Diaphragm Pressure Transmitter","og_description":"VMEPT1120-W flush diaphragm pressure transmitter with stainless steel construction and advanced welding technology. Designed for high static pressure and overload protection, supporting HART communication for remote configuration and monitoring.","og_url":"https:\/\/www.sj-gauge.com\/vi\/san-pham\/vmept1120-w\/","og_site_name":"SJ Gauge | Pressure Gauges, Thermometers &amp; Pressure Sensors","article_modified_time":"2026-03-26T09:46:45+00:00","og_image":[{"width":1200,"height":1000,"url":"https:\/\/www.sj-gauge.com\/wp-content\/uploads\/2025\/10\/SJ-Gauge-picture-ept1120-w-g1-2-din43650.jpg","type":"image\/jpeg"}],"twitter_card":"summary_large_image","twitter_misc":{"\u01af\u1edbc t\u00ednh th\u1eddi gian \u0111\u1ecdc":"1 ph\u00fat"},"schema":{"@context":"https:\/\/schema.org","@graph":[{"@type":"WebPage","@id":"https:\/\/www.sj-gauge.com\/product\/vmept1120-w\/","url":"https:\/\/www.sj-gauge.com\/product\/vmept1120-w\/","name":"C\u1ea3m bi\u1ebfn \u00e1p su\u1ea5t m\u00e0ng ph\u1eb3ng t\u00edch h\u1ee3p giao th\u1ee9c HART | D\u00f9ng trong c\u00f4ng nghi\u1ec7p | SJ Gauge","isPartOf":{"@id":"https:\/\/www.sj-gauge.com\/#website"},"primaryImageOfPage":{"@id":"https:\/\/www.sj-gauge.com\/product\/vmept1120-w\/#primaryimage"},"image":{"@id":"https:\/\/www.sj-gauge.com\/product\/vmept1120-w\/#primaryimage"},"thumbnailUrl":"https:\/\/www.sj-gauge.com\/wp-content\/uploads\/2025\/10\/SJ-Gauge-picture-ept1120-w-g1-2-din43650.jpg","datePublished":"2025-10-30T08:58:04+00:00","dateModified":"2026-03-26T09:46:45+00:00","description":"C\u1ea3m bi\u1ebfn \u00e1p su\u1ea5t m\u00e0ng ph\u1eb3ng VMEPT1120-W v\u1edbi k\u1ebft c\u1ea5u b\u1eb1ng th\u00e9p kh\u00f4ng g\u1ec9 v\u00e0 c\u00f4ng ngh\u1ec7 h\u00e0n ti\u00ean ti\u1ebfn. \u0110\u01b0\u1ee3c thi\u1ebft k\u1ebf \u0111\u1ec3 ch\u1ecbu \u0111\u01b0\u1ee3c \u00e1p su\u1ea5t t\u0129nh cao v\u00e0 c\u00f3 ch\u1ee9c n\u0103ng b\u1ea3o v\u1ec7 qu\u00e1 t\u1ea3i, h\u1ed7 tr\u1ee3 giao ti\u1ebfp HART \u0111\u1ec3 c\u1ea5u h\u00ecnh v\u00e0 gi\u00e1m s\u00e1t t\u1eeb xa.","breadcrumb":{"@id":"https:\/\/www.sj-gauge.com\/product\/vmept1120-w\/#breadcrumb"},"inLanguage":"vi","potentialAction":[{"@type":"ReadAction","target":["https:\/\/www.sj-gauge.com\/product\/vmept1120-w\/"]}]},{"@type":"ImageObject","inLanguage":"vi","@id":"https:\/\/www.sj-gauge.com\/product\/vmept1120-w\/#primaryimage","url":"https:\/\/www.sj-gauge.com\/wp-content\/uploads\/2025\/10\/SJ-Gauge-picture-ept1120-w-g1-2-din43650.jpg","contentUrl":"https:\/\/www.sj-gauge.com\/wp-content\/uploads\/2025\/10\/SJ-Gauge-picture-ept1120-w-g1-2-din43650.jpg","width":1200,"height":1000},{"@type":"BreadcrumbList","@id":"https:\/\/www.sj-gauge.com\/product\/vmept1120-w\/#breadcrumb","itemListElement":[{"@type":"ListItem","position":1,"name":"Home","item":"https:\/\/www.sj-gauge.com\/"},{"@type":"ListItem","position":2,"name":"Products","item":"https:\/\/www.sj-gauge.com\/products\/"},{"@type":"ListItem","position":3,"name":"Flush Diaphragm Pressure Transmitter"}]},{"@type":"WebSite","@id":"https:\/\/www.sj-gauge.com\/#website","url":"https:\/\/www.sj-gauge.com\/","name":"SJ Gauge | \u0110\u1ed3ng h\u1ed3 \u0111o \u00e1p su\u1ea5t, nhi\u1ec7t k\u1ebf v\u00e0 c\u1ea3m bi\u1ebfn \u00e1p su\u1ea5t","description":"Nh\u00e0 s\u1ea3n xu\u1ea5t \u0111\u1ed3ng h\u1ed3 \u0111o \u00e1p su\u1ea5t c\u00f4ng nghi\u1ec7p, c\u1ea3m bi\u1ebfn \u00e1p su\u1ea5t v\u00e0 b\u1ed9 truy\u1ec1n t\u00edn hi\u1ec7u. SJ Gauge cung c\u1ea5p c\u00e1c s\u1ea3n ph\u1ea9m c\u00f3 \u0111\u1ed9 ch\u00ednh x\u00e1c cao, \u0111\u01b0\u1ee3c ch\u1ebf t\u1ea1o t\u1eeb v\u1eadt li\u1ec7u b\u1ec1n b\u1ec9 v\u00e0 c\u00e1c gi\u1ea3i ph\u00e1p t\u00f9y ch\u1ec9nh d\u00e0nh cho c\u00e1c \u1ee9ng d\u1ee5ng trong ng\u00e0nh d\u1ea7u kh\u00ed, h\u00f3a ch\u1ea5t v\u00e0 c\u00f4ng nghi\u1ec7p.","publisher":{"@id":"https:\/\/www.sj-gauge.com\/#organization"},"potentialAction":[{"@type":"SearchAction","target":{"@type":"EntryPoint","urlTemplate":"https:\/\/www.sj-gauge.com\/?s={search_term_string}"},"query-input":{"@type":"PropertyValueSpecification","valueRequired":true,"valueName":"search_term_string"}}],"inLanguage":"vi"},{"@type":"Organization","@id":"https:\/\/www.sj-gauge.com\/#organization","name":"SJ Gauge | \u0110\u1ed3ng h\u1ed3 \u0111o \u00e1p su\u1ea5t, nhi\u1ec7t k\u1ebf v\u00e0 c\u1ea3m bi\u1ebfn \u00e1p su\u1ea5t","url":"https:\/\/www.sj-gauge.com\/","logo":{"@type":"ImageObject","inLanguage":"vi","@id":"https:\/\/www.sj-gauge.com\/#\/schema\/logo\/image\/","url":"https:\/\/www.sj-gauge.com\/wp-content\/uploads\/2025\/09\/logo.webp","contentUrl":"https:\/\/www.sj-gauge.com\/wp-content\/uploads\/2025\/09\/logo.webp","width":348,"height":184,"caption":"SJ Gauge | Pressure Gauges, Thermometers &amp; Pressure Sensors"},"image":{"@id":"https:\/\/www.sj-gauge.com\/#\/schema\/logo\/image\/"}}]}},"_links":{"self":[{"href":"https:\/\/www.sj-gauge.com\/vi\/wp-json\/wp\/v2\/product\/1405","targetHints":{"allow":["GET"]}}],"collection":[{"href":"https:\/\/www.sj-gauge.com\/vi\/wp-json\/wp\/v2\/product"}],"about":[{"href":"https:\/\/www.sj-gauge.com\/vi\/wp-json\/wp\/v2\/types\/product"}],"wp:featuredmedia":[{"embeddable":true,"href":"https:\/\/www.sj-gauge.com\/vi\/wp-json\/wp\/v2\/media\/1410"}],"wp:attachment":[{"href":"https:\/\/www.sj-gauge.com\/vi\/wp-json\/wp\/v2\/media?parent=1405"}],"wp:term":[{"taxonomy":"product_brand","embeddable":true,"href":"https:\/\/www.sj-gauge.com\/vi\/wp-json\/wp\/v2\/product_brand?post=1405"},{"taxonomy":"product_cat","embeddable":true,"href":"https:\/\/www.sj-gauge.com\/vi\/wp-json\/wp\/v2\/product_cat?post=1405"},{"taxonomy":"product_tag","embeddable":true,"href":"https:\/\/www.sj-gauge.com\/vi\/wp-json\/wp\/v2\/product_tag?post=1405"}],"curies":[{"name":"wp","href":"https:\/\/api.w.org\/{rel}","templated":true}]}}