{"id":1412,"date":"2025-10-30T17:11:27","date_gmt":"2025-10-30T09:11:27","guid":{"rendered":"https:\/\/sj-gauge.com\/?post_type=product&#038;p=1412"},"modified":"2026-03-26T23:03:01","modified_gmt":"2026-03-26T15:03:01","slug":"vmept1120-c","status":"publish","type":"product","link":"https:\/\/www.sj-gauge.com\/vi\/san-pham\/vmept1120-c\/","title":{"rendered":"C\u1ea3m bi\u1ebfn \u00e1p su\u1ea5t m\u00e0ng x\u1ea3 - \u1ee8ng d\u1ee5ng v\u1ec7 sinh"},"content":{"rendered":"<p>C\u1ea3m bi\u1ebfn \u00e1p su\u1ea5t VMEPT1120-C \u0111\u01b0\u1ee3c thi\u1ebft k\u1ebf chuy\u00ean bi\u1ec7t cho c\u00e1c \u1ee9ng d\u1ee5ng \u0111\u00f2i h\u1ecfi kh\u1eaft khe trong ng\u00e0nh th\u1ef1c ph\u1ea9m v\u00e0 d\u01b0\u1ee3c ph\u1ea9m, n\u01a1i v\u1ec7 sinh, \u0111\u1ed9 ch\u00ednh x\u00e1c v\u00e0 \u0111\u1ed9 tin c\u1eady l\u00e0 nh\u1eefng y\u1ebfu t\u1ed1 h\u00e0ng \u0111\u1ea7u. Thi\u1ebft k\u1ebf nh\u1ecf g\u1ecdn v\u00e0 ch\u1eafc ch\u1eafn c\u1ee7a s\u1ea3n ph\u1ea9m n\u00e0y \u0111\u01b0\u1ee3c trang b\u1ecb c\u00e1c k\u1ebft n\u1ed1i quy tr\u00ecnh v\u1ec7 sinh nh\u01b0 Tri-Clamp ho\u1eb7c c\u00e1c ph\u1ee5 ki\u1ec7n ti\u00eau chu\u1ea9n ng\u00e0nh kh\u00e1c, \u0111\u1ea3m b\u1ea3o t\u00edch h\u1ee3p d\u1ec5 d\u00e0ng v\u00e0o c\u00e1c h\u1ec7 th\u1ed1ng x\u1eed l\u00fd v\u00f4 tr\u00f9ng \u0111\u1ed3ng th\u1eddi ng\u0103n ng\u1eeba r\u1ee7i ro nhi\u1ec5m b\u1ea9n.V\u1edbi c\u00e1c \u0111\u1eb7c t\u00ednh hi\u1ec7u su\u1ea5t v\u01b0\u1ee3t tr\u1ed9i, VMEPT1120-C mang l\u1ea1i \u0111\u1ed9 ch\u00ednh x\u00e1c cao, \u0111\u1ed9 \u1ed5n \u0111\u1ecbnh nhi\u1ec7t \u0111\u1ed9 tuy\u1ec7t v\u1eddi v\u00e0 \u0111\u1ed9 tin c\u1eady l\u00e2u d\u00e0i ngay c\u1ea3 trong \u0111i\u1ec1u ki\u1ec7n v\u1eadn h\u00e0nh kh\u1eafc nghi\u1ec7t. Kh\u00e1i ni\u1ec7m c\u1ea5u tr\u00fac m\u00f4-\u0111un gi\u00fap t\u0103ng c\u01b0\u1eddng t\u00ednh linh ho\u1ea1t, cho ph\u00e9p ng\u01b0\u1eddi d\u00f9ng k\u1ebft h\u1ee3p c\u00e1c k\u1ebft n\u1ed1i quy tr\u00ecnh kh\u00e1c nhau, ch\u1ea5t l\u1ecfng l\u00e0m \u0111\u1ea7y (nh\u01b0 d\u1ea7u th\u1ef1c ph\u1ea9m ho\u1eb7c gel v\u1ec7 sinh) v\u00e0 c\u00e1c b\u1ed9 ph\u1eadn l\u00e0m m\u00e1t t\u00f9y ch\u1ecdn \u0111\u1ec3 th\u00edch \u1ee9ng v\u1edbi c\u00e1c y\u00eau c\u1ea7u quy tr\u00ecnh c\u1ee5 th\u1ec3. Ngo\u00e0i ra, b\u1ed9 truy\u1ec1n t\u00edn hi\u1ec7u h\u1ed7 tr\u1ee3 nhi\u1ec1u t\u00f9y ch\u1ecdn k\u1ebft n\u1ed1i \u0111i\u1ec7n, bao g\u1ed3m \u0111\u1ea7u n\u1ed1i M12, \u1ed1ng n\u1ed1i c\u00e1p ho\u1eb7c h\u1ed9p \u0111\u1ea7u cu\u1ed1i, \u0111\u1ea3m b\u1ea3o kh\u1ea3 n\u0103ng t\u01b0\u01a1ng th\u00edch v\u1edbi c\u00e1c h\u1ec7 th\u1ed1ng \u0111i\u1ec1u khi\u1ec3n kh\u00e1c nhau. Thi\u1ebft b\u1ecb ch\u1ecbu \u0111\u01b0\u1ee3c qu\u00e1 tr\u00ecnh r\u1eeda \u00e1p l\u1ef1c cao, khi\u1ebfn n\u00f3 tr\u1edf th\u00e0nh l\u1ef1a ch\u1ecdn l\u00fd t\u01b0\u1edfng cho c\u00e1c quy tr\u00ecnh V\u1ec7 sinh t\u1ea1i ch\u1ed7 (Clean-in-Place) v\u00e0 Ti\u1ec7t tr\u00f9ng t\u1ea1i ch\u1ed7 (Sterilize-in-Place).VMEPT1120-C \u0111\u00e1p \u1ee9ng g\u1ea7n nh\u01b0 \u0111\u1ea7y \u0111\u1ee7 c\u00e1c y\u00eau c\u1ea7u v\u1ec7 sinh c\u1ee7a quy tr\u00ecnh. D\u00f9 l\u00e0 \u0111o \u00e1p su\u1ea5t ch\u1ea5t l\u1ecfng, kh\u00ed hay h\u01a1i n\u01b0\u1edbc trong c\u00e1c \u1ee9ng d\u1ee5ng l\u00ean men, ti\u1ec7t tr\u00f9ng ho\u1eb7c \u0111\u00f3ng g\u00f3i v\u00f4 tr\u00f9ng, b\u1ed9 truy\u1ec1n t\u00edn hi\u1ec7u n\u00e0y \u0111\u1ea3m b\u1ea3o hi\u1ec7u su\u1ea5t \u1ed5n \u0111\u1ecbnh v\u00e0 kh\u00f4ng b\u1ecb nhi\u1ec5m b\u1ea9n. C\u00e1c t\u00ednh n\u0103ng ch\u1ea9n \u0111o\u00e1n ti\u00ean ti\u1ebfn v\u00e0 c\u1ea5u h\u00ecnh th\u00e2n thi\u1ec7n v\u1edbi ng\u01b0\u1eddi d\u00f9ng gi\u00fap n\u00e2ng cao hi\u1ec7u qu\u1ea3 v\u1eadn h\u00e0nh, khi\u1ebfn n\u00f3 tr\u1edf th\u00e0nh l\u1ef1a ch\u1ecdn h\u00e0ng \u0111\u1ea7u cho c\u00e1c quy tr\u00ecnh c\u00f4ng nghi\u1ec7p v\u1ec7 sinh quan tr\u1ecdng.<\/p>","protected":false},"excerpt":{"rendered":"<ul>\n<li>\u1ee8ng d\u1ee5ng v\u1ec7 sinh<\/li>\n<li>M\u00e0ng ph\u1eb3ng b\u1eb1ng th\u00e9p kh\u00f4ng g\u1ec9<\/li>\n<li>D\u1ea3i \u0111o t\u1eeb 100 mbar \u0111\u1ebfn 25 bar<\/li>\n<\/ul>","protected":false},"featured_media":1415,"template":"","meta":{"_acf_changed":false},"product_brand":[40],"product_cat":[41,15],"product_tag":[],"class_list":{"0":"post-1412","1":"product","2":"type-product","3":"status-publish","4":"has-post-thumbnail","6":"product_brand-sj-gauge","7":"product_cat-pressure-instruments","8":"product_cat-pressure-sensors","10":"first","11":"instock","12":"shipping-taxable","13":"product-type-simple"},"acf":[],"yoast_head":"<!-- This site is optimized with the Yoast SEO Premium plugin v26.7 (Yoast SEO v27.4) - https:\/\/yoast.com\/product\/yoast-seo-premium-wordpress\/ -->\n<title>Flush Diaphragm Pressure Transmitter | Hygienic Application | 100mbar\u201325bar | SJ Gauge<\/title>\n<meta name=\"description\" content=\"VMEPT1120 flush diaphragm pressure transmitter designed for hygienic applications. Features stainless steel wetted parts and dead-zone-free design for easy cleaning. Ideal for food, beverage, and pharmaceutical processes. Measuring range from 100mbar to 25bar.\" \/>\n<meta name=\"robots\" content=\"index, follow, max-snippet:-1, max-image-preview:large, max-video-preview:-1\" \/>\n<link rel=\"canonical\" href=\"https:\/\/www.sj-gauge.com\/vi\/san-pham\/vmept1120-c\/\" \/>\n<meta property=\"og:locale\" content=\"vi_VN\" \/>\n<meta property=\"og:type\" content=\"article\" \/>\n<meta property=\"og:title\" content=\"Flush Diaphragm Pressure Transmitter- Hygienical Application\" \/>\n<meta property=\"og:description\" content=\"VMEPT1120 flush diaphragm pressure transmitter designed for hygienic applications. Features stainless steel wetted parts and dead-zone-free design for easy cleaning. Ideal for food, beverage, and pharmaceutical processes. Measuring range from 100mbar to 25bar.\" \/>\n<meta property=\"og:url\" content=\"https:\/\/www.sj-gauge.com\/vi\/san-pham\/vmept1120-c\/\" \/>\n<meta property=\"og:site_name\" content=\"SJ Gauge | Pressure Gauges, Thermometers &amp; Pressure Sensors\" \/>\n<meta property=\"article:modified_time\" content=\"2026-03-26T15:03:01+00:00\" \/>\n<meta property=\"og:image\" content=\"https:\/\/www.sj-gauge.com\/wp-content\/uploads\/2025\/10\/SJ-Gauge-VMEPT1120-C-pressure-transmitter-high-accuracy.jpg\" \/>\n\t<meta property=\"og:image:width\" content=\"1200\" \/>\n\t<meta property=\"og:image:height\" content=\"1000\" \/>\n\t<meta property=\"og:image:type\" content=\"image\/jpeg\" \/>\n<meta name=\"twitter:card\" content=\"summary_large_image\" \/>\n<meta name=\"twitter:label1\" content=\"\u01af\u1edbc t\u00ednh th\u1eddi gian \u0111\u1ecdc\" \/>\n\t<meta name=\"twitter:data1\" content=\"1 ph\u00fat\" \/>\n<script type=\"application\/ld+json\" class=\"yoast-schema-graph\">{\"@context\":\"https:\\\/\\\/schema.org\",\"@graph\":[{\"@type\":\"WebPage\",\"@id\":\"https:\\\/\\\/www.sj-gauge.com\\\/product\\\/vmept1120-c\\\/\",\"url\":\"https:\\\/\\\/www.sj-gauge.com\\\/product\\\/vmept1120-c\\\/\",\"name\":\"Flush Diaphragm Pressure Transmitter | Hygienic Application | 100mbar\u201325bar | SJ Gauge\",\"isPartOf\":{\"@id\":\"https:\\\/\\\/www.sj-gauge.com\\\/#website\"},\"primaryImageOfPage\":{\"@id\":\"https:\\\/\\\/www.sj-gauge.com\\\/product\\\/vmept1120-c\\\/#primaryimage\"},\"image\":{\"@id\":\"https:\\\/\\\/www.sj-gauge.com\\\/product\\\/vmept1120-c\\\/#primaryimage\"},\"thumbnailUrl\":\"https:\\\/\\\/www.sj-gauge.com\\\/wp-content\\\/uploads\\\/2025\\\/10\\\/SJ-Gauge-VMEPT1120-C-pressure-transmitter-high-accuracy.jpg\",\"datePublished\":\"2025-10-30T09:11:27+00:00\",\"dateModified\":\"2026-03-26T15:03:01+00:00\",\"description\":\"VMEPT1120 flush diaphragm pressure transmitter designed for hygienic applications. Features stainless steel wetted parts and dead-zone-free design for easy cleaning. Ideal for food, beverage, and pharmaceutical processes. Measuring range from 100mbar to 25bar.\",\"breadcrumb\":{\"@id\":\"https:\\\/\\\/www.sj-gauge.com\\\/product\\\/vmept1120-c\\\/#breadcrumb\"},\"inLanguage\":\"vi\",\"potentialAction\":[{\"@type\":\"ReadAction\",\"target\":[\"https:\\\/\\\/www.sj-gauge.com\\\/product\\\/vmept1120-c\\\/\"]}]},{\"@type\":\"ImageObject\",\"inLanguage\":\"vi\",\"@id\":\"https:\\\/\\\/www.sj-gauge.com\\\/product\\\/vmept1120-c\\\/#primaryimage\",\"url\":\"https:\\\/\\\/www.sj-gauge.com\\\/wp-content\\\/uploads\\\/2025\\\/10\\\/SJ-Gauge-VMEPT1120-C-pressure-transmitter-high-accuracy.jpg\",\"contentUrl\":\"https:\\\/\\\/www.sj-gauge.com\\\/wp-content\\\/uploads\\\/2025\\\/10\\\/SJ-Gauge-VMEPT1120-C-pressure-transmitter-high-accuracy.jpg\",\"width\":1200,\"height\":1000},{\"@type\":\"BreadcrumbList\",\"@id\":\"https:\\\/\\\/www.sj-gauge.com\\\/product\\\/vmept1120-c\\\/#breadcrumb\",\"itemListElement\":[{\"@type\":\"ListItem\",\"position\":1,\"name\":\"Home\",\"item\":\"https:\\\/\\\/www.sj-gauge.com\\\/\"},{\"@type\":\"ListItem\",\"position\":2,\"name\":\"Products\",\"item\":\"https:\\\/\\\/www.sj-gauge.com\\\/products\\\/\"},{\"@type\":\"ListItem\",\"position\":3,\"name\":\"Flush Diaphragm Pressure Transmitter- Hygienical Application\"}]},{\"@type\":\"WebSite\",\"@id\":\"https:\\\/\\\/www.sj-gauge.com\\\/#website\",\"url\":\"https:\\\/\\\/www.sj-gauge.com\\\/\",\"name\":\"SJ Gauge | Pressure Gauges, Thermometers &amp; Pressure Sensors\",\"description\":\"Manufacturer of industrial pressure gauges, pressure sensors, and transmitters. SJ Gauge provides high accuracy, durable materials, and custom solutions for oil &amp; gas, chemical, and industrial applications.\",\"publisher\":{\"@id\":\"https:\\\/\\\/www.sj-gauge.com\\\/#organization\"},\"potentialAction\":[{\"@type\":\"SearchAction\",\"target\":{\"@type\":\"EntryPoint\",\"urlTemplate\":\"https:\\\/\\\/www.sj-gauge.com\\\/?s={search_term_string}\"},\"query-input\":{\"@type\":\"PropertyValueSpecification\",\"valueRequired\":true,\"valueName\":\"search_term_string\"}}],\"inLanguage\":\"vi\"},{\"@type\":\"Organization\",\"@id\":\"https:\\\/\\\/www.sj-gauge.com\\\/#organization\",\"name\":\"SJ Gauge | Pressure Gauges, Thermometers &amp; Pressure Sensors\",\"url\":\"https:\\\/\\\/www.sj-gauge.com\\\/\",\"logo\":{\"@type\":\"ImageObject\",\"inLanguage\":\"vi\",\"@id\":\"https:\\\/\\\/www.sj-gauge.com\\\/#\\\/schema\\\/logo\\\/image\\\/\",\"url\":\"https:\\\/\\\/www.sj-gauge.com\\\/wp-content\\\/uploads\\\/2025\\\/09\\\/logo.webp\",\"contentUrl\":\"https:\\\/\\\/www.sj-gauge.com\\\/wp-content\\\/uploads\\\/2025\\\/09\\\/logo.webp\",\"width\":348,\"height\":184,\"caption\":\"SJ Gauge | Pressure Gauges, Thermometers &amp; Pressure Sensors\"},\"image\":{\"@id\":\"https:\\\/\\\/www.sj-gauge.com\\\/#\\\/schema\\\/logo\\\/image\\\/\"}}]}<\/script>\n<!-- \/ Yoast SEO Premium plugin. -->","yoast_head_json":{"title":"C\u1ea3m bi\u1ebfn \u00e1p su\u1ea5t m\u00e0ng ph\u1eb3ng | \u1ee8ng d\u1ee5ng v\u1ec7 sinh | 100 mbar\u201325 bar | SJ Gauge","description":"C\u1ea3m bi\u1ebfn \u00e1p su\u1ea5t m\u00e0ng ph\u1eb3ng VMEPT1120 \u0111\u01b0\u1ee3c thi\u1ebft k\u1ebf d\u00e0nh cho c\u00e1c \u1ee9ng d\u1ee5ng y\u00eau c\u1ea7u ti\u00eau chu\u1ea9n v\u1ec7 sinh. S\u1ea3n ph\u1ea9m c\u00f3 c\u00e1c b\u1ed9 ph\u1eadn ti\u1ebfp x\u00fac v\u1edbi ch\u1ea5t l\u1ecfng l\u00e0m b\u1eb1ng th\u00e9p kh\u00f4ng g\u1ec9 v\u00e0 thi\u1ebft k\u1ebf kh\u00f4ng c\u00f3 v\u00f9ng ch\u1ebft, gi\u00fap vi\u1ec7c v\u1ec7 sinh tr\u1edf n\u00ean d\u1ec5 d\u00e0ng. Ph\u00f9 h\u1ee3p l\u00fd t\u01b0\u1edfng cho c\u00e1c quy tr\u00ecnh s\u1ea3n xu\u1ea5t th\u1ef1c ph\u1ea9m, \u0111\u1ed3 u\u1ed1ng v\u00e0 d\u01b0\u1ee3c ph\u1ea9m. D\u1ea3i \u0111o t\u1eeb 100 mbar \u0111\u1ebfn 25 bar.","robots":{"index":"index","follow":"follow","max-snippet":"max-snippet:-1","max-image-preview":"max-image-preview:large","max-video-preview":"max-video-preview:-1"},"canonical":"https:\/\/www.sj-gauge.com\/vi\/san-pham\/vmept1120-c\/","og_locale":"vi_VN","og_type":"article","og_title":"Flush Diaphragm Pressure Transmitter- Hygienical Application","og_description":"VMEPT1120 flush diaphragm pressure transmitter designed for hygienic applications. Features stainless steel wetted parts and dead-zone-free design for easy cleaning. Ideal for food, beverage, and pharmaceutical processes. Measuring range from 100mbar to 25bar.","og_url":"https:\/\/www.sj-gauge.com\/vi\/san-pham\/vmept1120-c\/","og_site_name":"SJ Gauge | Pressure Gauges, Thermometers &amp; Pressure Sensors","article_modified_time":"2026-03-26T15:03:01+00:00","og_image":[{"width":1200,"height":1000,"url":"https:\/\/www.sj-gauge.com\/wp-content\/uploads\/2025\/10\/SJ-Gauge-VMEPT1120-C-pressure-transmitter-high-accuracy.jpg","type":"image\/jpeg"}],"twitter_card":"summary_large_image","twitter_misc":{"\u01af\u1edbc t\u00ednh th\u1eddi gian \u0111\u1ecdc":"1 ph\u00fat"},"schema":{"@context":"https:\/\/schema.org","@graph":[{"@type":"WebPage","@id":"https:\/\/www.sj-gauge.com\/product\/vmept1120-c\/","url":"https:\/\/www.sj-gauge.com\/product\/vmept1120-c\/","name":"C\u1ea3m bi\u1ebfn \u00e1p su\u1ea5t m\u00e0ng ph\u1eb3ng | \u1ee8ng d\u1ee5ng v\u1ec7 sinh | 100 mbar\u201325 bar | SJ Gauge","isPartOf":{"@id":"https:\/\/www.sj-gauge.com\/#website"},"primaryImageOfPage":{"@id":"https:\/\/www.sj-gauge.com\/product\/vmept1120-c\/#primaryimage"},"image":{"@id":"https:\/\/www.sj-gauge.com\/product\/vmept1120-c\/#primaryimage"},"thumbnailUrl":"https:\/\/www.sj-gauge.com\/wp-content\/uploads\/2025\/10\/SJ-Gauge-VMEPT1120-C-pressure-transmitter-high-accuracy.jpg","datePublished":"2025-10-30T09:11:27+00:00","dateModified":"2026-03-26T15:03:01+00:00","description":"C\u1ea3m bi\u1ebfn \u00e1p su\u1ea5t m\u00e0ng ph\u1eb3ng VMEPT1120 \u0111\u01b0\u1ee3c thi\u1ebft k\u1ebf d\u00e0nh cho c\u00e1c \u1ee9ng d\u1ee5ng y\u00eau c\u1ea7u ti\u00eau chu\u1ea9n v\u1ec7 sinh. S\u1ea3n ph\u1ea9m c\u00f3 c\u00e1c b\u1ed9 ph\u1eadn ti\u1ebfp x\u00fac v\u1edbi ch\u1ea5t l\u1ecfng l\u00e0m b\u1eb1ng th\u00e9p kh\u00f4ng g\u1ec9 v\u00e0 thi\u1ebft k\u1ebf kh\u00f4ng c\u00f3 v\u00f9ng ch\u1ebft, gi\u00fap vi\u1ec7c v\u1ec7 sinh tr\u1edf n\u00ean d\u1ec5 d\u00e0ng. Ph\u00f9 h\u1ee3p l\u00fd t\u01b0\u1edfng cho c\u00e1c quy tr\u00ecnh s\u1ea3n xu\u1ea5t th\u1ef1c ph\u1ea9m, \u0111\u1ed3 u\u1ed1ng v\u00e0 d\u01b0\u1ee3c ph\u1ea9m. D\u1ea3i \u0111o t\u1eeb 100 mbar \u0111\u1ebfn 25 bar.","breadcrumb":{"@id":"https:\/\/www.sj-gauge.com\/product\/vmept1120-c\/#breadcrumb"},"inLanguage":"vi","potentialAction":[{"@type":"ReadAction","target":["https:\/\/www.sj-gauge.com\/product\/vmept1120-c\/"]}]},{"@type":"ImageObject","inLanguage":"vi","@id":"https:\/\/www.sj-gauge.com\/product\/vmept1120-c\/#primaryimage","url":"https:\/\/www.sj-gauge.com\/wp-content\/uploads\/2025\/10\/SJ-Gauge-VMEPT1120-C-pressure-transmitter-high-accuracy.jpg","contentUrl":"https:\/\/www.sj-gauge.com\/wp-content\/uploads\/2025\/10\/SJ-Gauge-VMEPT1120-C-pressure-transmitter-high-accuracy.jpg","width":1200,"height":1000},{"@type":"BreadcrumbList","@id":"https:\/\/www.sj-gauge.com\/product\/vmept1120-c\/#breadcrumb","itemListElement":[{"@type":"ListItem","position":1,"name":"Home","item":"https:\/\/www.sj-gauge.com\/"},{"@type":"ListItem","position":2,"name":"Products","item":"https:\/\/www.sj-gauge.com\/products\/"},{"@type":"ListItem","position":3,"name":"Flush Diaphragm Pressure Transmitter- Hygienical Application"}]},{"@type":"WebSite","@id":"https:\/\/www.sj-gauge.com\/#website","url":"https:\/\/www.sj-gauge.com\/","name":"SJ Gauge | \u0110\u1ed3ng h\u1ed3 \u0111o \u00e1p su\u1ea5t, nhi\u1ec7t k\u1ebf v\u00e0 c\u1ea3m bi\u1ebfn \u00e1p su\u1ea5t","description":"Nh\u00e0 s\u1ea3n xu\u1ea5t \u0111\u1ed3ng h\u1ed3 \u0111o \u00e1p su\u1ea5t c\u00f4ng nghi\u1ec7p, c\u1ea3m bi\u1ebfn \u00e1p su\u1ea5t v\u00e0 b\u1ed9 truy\u1ec1n t\u00edn hi\u1ec7u. SJ Gauge cung c\u1ea5p c\u00e1c s\u1ea3n ph\u1ea9m c\u00f3 \u0111\u1ed9 ch\u00ednh x\u00e1c cao, \u0111\u01b0\u1ee3c ch\u1ebf t\u1ea1o t\u1eeb v\u1eadt li\u1ec7u b\u1ec1n b\u1ec9 v\u00e0 c\u00e1c gi\u1ea3i ph\u00e1p t\u00f9y ch\u1ec9nh d\u00e0nh cho c\u00e1c \u1ee9ng d\u1ee5ng trong ng\u00e0nh d\u1ea7u kh\u00ed, h\u00f3a ch\u1ea5t v\u00e0 c\u00f4ng nghi\u1ec7p.","publisher":{"@id":"https:\/\/www.sj-gauge.com\/#organization"},"potentialAction":[{"@type":"SearchAction","target":{"@type":"EntryPoint","urlTemplate":"https:\/\/www.sj-gauge.com\/?s={search_term_string}"},"query-input":{"@type":"PropertyValueSpecification","valueRequired":true,"valueName":"search_term_string"}}],"inLanguage":"vi"},{"@type":"Organization","@id":"https:\/\/www.sj-gauge.com\/#organization","name":"SJ Gauge | \u0110\u1ed3ng h\u1ed3 \u0111o \u00e1p su\u1ea5t, nhi\u1ec7t k\u1ebf v\u00e0 c\u1ea3m bi\u1ebfn \u00e1p su\u1ea5t","url":"https:\/\/www.sj-gauge.com\/","logo":{"@type":"ImageObject","inLanguage":"vi","@id":"https:\/\/www.sj-gauge.com\/#\/schema\/logo\/image\/","url":"https:\/\/www.sj-gauge.com\/wp-content\/uploads\/2025\/09\/logo.webp","contentUrl":"https:\/\/www.sj-gauge.com\/wp-content\/uploads\/2025\/09\/logo.webp","width":348,"height":184,"caption":"SJ Gauge | Pressure Gauges, Thermometers &amp; Pressure Sensors"},"image":{"@id":"https:\/\/www.sj-gauge.com\/#\/schema\/logo\/image\/"}}]}},"_links":{"self":[{"href":"https:\/\/www.sj-gauge.com\/vi\/wp-json\/wp\/v2\/product\/1412","targetHints":{"allow":["GET"]}}],"collection":[{"href":"https:\/\/www.sj-gauge.com\/vi\/wp-json\/wp\/v2\/product"}],"about":[{"href":"https:\/\/www.sj-gauge.com\/vi\/wp-json\/wp\/v2\/types\/product"}],"wp:featuredmedia":[{"embeddable":true,"href":"https:\/\/www.sj-gauge.com\/vi\/wp-json\/wp\/v2\/media\/1415"}],"wp:attachment":[{"href":"https:\/\/www.sj-gauge.com\/vi\/wp-json\/wp\/v2\/media?parent=1412"}],"wp:term":[{"taxonomy":"product_brand","embeddable":true,"href":"https:\/\/www.sj-gauge.com\/vi\/wp-json\/wp\/v2\/product_brand?post=1412"},{"taxonomy":"product_cat","embeddable":true,"href":"https:\/\/www.sj-gauge.com\/vi\/wp-json\/wp\/v2\/product_cat?post=1412"},{"taxonomy":"product_tag","embeddable":true,"href":"https:\/\/www.sj-gauge.com\/vi\/wp-json\/wp\/v2\/product_tag?post=1412"}],"curies":[{"name":"wp","href":"https:\/\/api.w.org\/{rel}","templated":true}]}}