{"id":1422,"date":"2025-11-07T09:32:46","date_gmt":"2025-11-07T01:32:46","guid":{"rendered":"https:\/\/sj-gauge.com\/?post_type=product&#038;p=1422"},"modified":"2026-03-26T23:07:18","modified_gmt":"2026-03-26T15:07:18","slug":"vmept1020-t","status":"publish","type":"product","link":"https:\/\/www.sj-gauge.com\/vi\/san-pham\/vmept1020-t\/","title":{"rendered":"C\u1ea3m bi\u1ebfn \u00e1p su\u1ea5t cho \u1ee9ng d\u1ee5ng nhi\u1ec7t \u0111\u1ed9 cao"},"content":{"rendered":"<p>C\u1ea3m bi\u1ebfn \u00e1p su\u1ea5t silicon khu\u1ebfch t\u00e1n ch\u1ecbu nhi\u1ec7t \u0111\u1ed9 cao model VMEPT1020-T l\u00e0 m\u1ed9t c\u1ea3m bi\u1ebfn ch\u1eafc ch\u1eafn, \u0111\u01b0\u1ee3c thi\u1ebft k\u1ebf \u0111\u1ec3 \u0111o \u00e1p su\u1ea5t ch\u00ednh x\u00e1c trong c\u00e1c m\u00f4i tr\u01b0\u1eddng kh\u1eafc nghi\u1ec7t. S\u1eed d\u1ee5ng ph\u1ea7n t\u1eed c\u1ea3m bi\u1ebfn \u00e1p su\u1ea5t \u0111i\u1ec7n tr\u1edf silicon khu\u1ebfch t\u00e1n, s\u1ea3n ph\u1ea9m n\u00e0y mang l\u1ea1i \u0111\u1ed9 ch\u00ednh x\u00e1c, \u0111\u1ed9 \u1ed5n \u0111\u1ecbnh v\u00e0 t\u1ed1c \u0111\u1ed9 ph\u1ea3n h\u1ed3i tuy\u1ec7t v\u1eddi. H\u1ec7 th\u1ed1ng b\u00f9 nhi\u1ec7t \u0111\u1ed9 ti\u00ean ti\u1ebfn \u0111\u1ea3m b\u1ea3o hi\u1ec7u su\u1ea5t \u0111\u00e1ng tin c\u1eady ngay c\u1ea3 \u1edf nhi\u1ec7t \u0111\u1ed9 cao (l\u00ean \u0111\u1ebfn 150\u00b0C ho\u1eb7c cao h\u01a1n). M\u1eabu VMEPT1020-T \u0111\u01b0\u1ee3c thi\u1ebft k\u1ebf \u0111\u1ec3 \u0111o v\u00e0 truy\u1ec1n t\u00edn hi\u1ec7u \u00e1p su\u1ea5t trong c\u00e1c \u1ee9ng d\u1ee5ng c\u00f3 nhi\u1ec7t \u0111\u1ed9 t\u0103ng cao \u0111\u00e1ng k\u1ec3. C\u00e1c c\u1ea3m bi\u1ebfn n\u00e0y \u0111\u01b0\u1ee3c thi\u1ebft k\u1ebf \u0111\u1ec3 ch\u1ecbu \u0111\u1ef1ng v\u00e0 ho\u1ea1t \u0111\u1ed9ng \u0111\u00e1ng tin c\u1eady trong \u0111i\u1ec1u ki\u1ec7n nhi\u1ec7t \u0111\u1ed9 cao, \u0111\u1ea3m b\u1ea3o \u0111o \u00e1p su\u1ea5t ch\u00ednh x\u00e1c ngay c\u1ea3 trong m\u00f4i tr\u01b0\u1eddng kh\u1eafc nghi\u1ec7t. C\u00f3 s\u1eb5n trong d\u1ea3i \u00e1p su\u1ea5t t\u1eeb 0-100 mbar \u0111\u1ebfn 0-400 bar, VMEPT1020-T l\u00e0 b\u1ed9 chuy\u1ec3n \u0111\u1ed5i \u00e1p su\u1ea5t b\u1ec1n b\u1ec9, ch\u1ecbu nhi\u1ec7t \u0111\u1ed9 cao. \u0110\u01b0\u1ee3c ch\u1ebf t\u1ea1o t\u1eeb c\u00e1c linh ki\u1ec7n \u0111\u01b0\u1ee3c l\u1ef1a ch\u1ecdn \u0111\u1ec3 ho\u1ea1t \u0111\u1ed9ng \u0111\u00e1ng tin c\u1eady \u1edf nhi\u1ec7t \u0111\u1ed9 cao, s\u1ea3n ph\u1ea9m c\u00f3 v\u1ecf b\u1eb1ng th\u00e9p kh\u00f4ng g\u1ec9. S\u1ea3n ph\u1ea9m n\u00e0y kh\u00f4ng ch\u1ec9 d\u00f9ng \u0111\u1ec3 \u0111o c\u00e1c ch\u1ea5t l\u1ecfng \u1edf nhi\u1ec7t \u0111\u1ed9 cao m\u00e0 c\u00f2n c\u00f3 th\u1ec3 s\u1eed d\u1ee5ng trong c\u00e1c \u1ee9ng d\u1ee5ng m\u00e0 nhi\u1ec7t \u0111\u1ed9 m\u00f4i tr\u01b0\u1eddng xung quanh c\u00f3 th\u1ec3 l\u00ean \u0111\u1ebfn 200\u00b0C. VMEPT1020-T th\u01b0\u1eddng cung c\u1ea5p nhi\u1ec1u t\u00f9y ch\u1ecdn \u0111\u1ea7u ra, nh\u01b0 t\u00edn hi\u1ec7u analog (4-20mA, 0-5V, v.v.) ho\u1eb7c giao th\u1ee9c k\u1ef9 thu\u1eadt s\u1ed1 (HART, Modbus, v.v.), cho ph\u00e9p t\u00edch h\u1ee3p m\u01b0\u1ee3t m\u00e0 v\u1edbi c\u00e1c h\u1ec7 th\u1ed1ng \u0111i\u1ec1u khi\u1ec3n. VMEPT1020-T c\u00f3 2 phi\u00ean b\u1ea3n kh\u00e1c nhau v\u1ec1 k\u1ebft n\u1ed1i \u0111i\u1ec7n: B\u1ed9 truy\u1ec1n \u00e1p su\u1ea5t c\u00f3 c\u1ed5ng c\u00e1p v\u00e0 b\u1ed9 truy\u1ec1n \u00e1p su\u1ea5t c\u00f3 \u0111\u1ea7u n\u1ed1i van DIN. VMEPT1020-T c\u0169ng cung c\u1ea5p nhi\u1ec1u t\u00f9y ch\u1ecdn c\u1ed5ng \u00e1p su\u1ea5t. \u0110i\u1ec1u n\u00e0y gi\u00fap b\u1ed9 truy\u1ec1n \u00e1p su\u1ea5t k\u1ebft h\u1ee3p v\u1edbi nhi\u1ec1u k\u1ebft n\u1ed1i \u0111i\u1ec7n v\u00e0 k\u1ebft n\u1ed1i qu\u00e1 tr\u00ecnh, cho ph\u00e9p n\u00f3 \u0111\u01b0\u1ee3c s\u1eed d\u1ee5ng r\u1ed9ng r\u00e3i trong nhi\u1ec1u l\u0129nh v\u1ef1c, nh\u01b0 th\u1ee7y l\u1ef1c v\u00e0 kh\u00ed n\u00e9n, ch\u1ebf t\u1ea1o m\u00e1y, b\u01a1m, x\u1eed l\u00fd n\u01b0\u1edbc.C\u1ea3m bi\u1ebfn \u0111\u01b0\u1ee3c thi\u1ebft k\u1ebf \u0111\u1ec3 ch\u1ecbu \u0111\u01b0\u1ee3c m\u00f4i tr\u01b0\u1eddng kh\u1eafc nghi\u1ec7t v\u00e0 c\u00f3 th\u1ec3 ho\u1ea1t \u0111\u1ed9ng \u1edf nhi\u1ec7t \u0111\u1ed9 v\u00e0 \u00e1p su\u1ea5t v\u01b0\u1ee3t qu\u00e1 ph\u1ea1m vi c\u1ee7a c\u00e1c c\u1ea3m bi\u1ebfn ti\u00eau chu\u1ea9n. Ngo\u00e0i vi\u1ec7c \u0111\u01b0\u1ee3c s\u1eed d\u1ee5ng trong c\u00e1c \u1ee9ng d\u1ee5ng c\u00f4ng nghi\u1ec7p, c\u1ea3m bi\u1ebfn \u00e1p su\u1ea5t n\u00e0y c\u00f2n \u0111\u01b0\u1ee3c \u1ee9ng d\u1ee5ng trong ng\u00e0nh h\u00e0ng kh\u00f4ng v\u0169 tr\u1ee5 v\u00e0 trong c\u00e1c m\u00f4i tr\u01b0\u1eddng nghi\u00ean c\u1ee9u v\u00e0 ph\u00e1t tri\u1ec3n.<\/p>","protected":false},"excerpt":{"rendered":"<ul>\n<li>Nhi\u1ec7t \u0111\u1ed9 trung b\u00ecnh: 0 \u0111\u1ebfn 200\u00b0C<\/li>\n<li>D\u1ea3i \u0111o t\u1eeb 100 mbar \u0111\u1ebfn 400 bar<\/li>\n<li>\u0110\u1ed9 ch\u00ednh x\u00e1c: 0.5% FS (Th\u00f4ng th\u01b0\u1eddng)<\/li>\n<\/ul>","protected":false},"featured_media":1423,"template":"","meta":{"_acf_changed":false},"product_brand":[40],"product_cat":[41,15],"product_tag":[],"class_list":{"0":"post-1422","1":"product","2":"type-product","3":"status-publish","4":"has-post-thumbnail","6":"product_brand-sj-gauge","7":"product_cat-pressure-instruments","8":"product_cat-pressure-sensors","10":"first","11":"instock","12":"shipping-taxable","13":"product-type-simple"},"acf":[],"yoast_head":"<!-- This site is optimized with the Yoast SEO Premium plugin v26.7 (Yoast SEO v27.4) - https:\/\/yoast.com\/product\/yoast-seo-premium-wordpress\/ -->\n<title>High Temperature Pressure Transmitter | 0\u2013200\u00b0C | 100mbar\u2013400bar | SJ Gauge<\/title>\n<meta name=\"description\" content=\"VMEPT1020-T high temperature pressure transmitter designed for industrial applications, featuring reliable performance up to 200\u00b0C, stable measurement from 100mbar to 400bar, and excellent temperature compensation\" \/>\n<meta name=\"robots\" content=\"index, follow, max-snippet:-1, max-image-preview:large, max-video-preview:-1\" \/>\n<link rel=\"canonical\" href=\"https:\/\/www.sj-gauge.com\/vi\/san-pham\/vmept1020-t\/\" \/>\n<meta property=\"og:locale\" content=\"vi_VN\" \/>\n<meta property=\"og:type\" content=\"article\" \/>\n<meta property=\"og:title\" content=\"Pressure Transmitter for High Temperature Application\" \/>\n<meta property=\"og:description\" content=\"VMEPT1020-T high temperature pressure transmitter designed for industrial applications, featuring reliable performance up to 200\u00b0C, stable measurement from 100mbar to 400bar, and excellent temperature compensation\" \/>\n<meta property=\"og:url\" content=\"https:\/\/www.sj-gauge.com\/vi\/san-pham\/vmept1020-t\/\" \/>\n<meta property=\"og:site_name\" content=\"SJ Gauge | Pressure Gauges, Thermometers &amp; Pressure Sensors\" \/>\n<meta property=\"article:modified_time\" content=\"2026-03-26T15:07:18+00:00\" \/>\n<meta property=\"og:image\" content=\"https:\/\/www.sj-gauge.com\/wp-content\/uploads\/2025\/11\/SJ-Gauge-VMEPT1120-T-pressure-transmitter-gauge-pressure.jpg\" \/>\n\t<meta property=\"og:image:width\" content=\"1200\" \/>\n\t<meta property=\"og:image:height\" content=\"1000\" \/>\n\t<meta property=\"og:image:type\" content=\"image\/jpeg\" \/>\n<meta name=\"twitter:card\" content=\"summary_large_image\" \/>\n<meta name=\"twitter:label1\" content=\"\u01af\u1edbc t\u00ednh th\u1eddi gian \u0111\u1ecdc\" \/>\n\t<meta name=\"twitter:data1\" content=\"2 ph\u00fat\" \/>\n<script type=\"application\/ld+json\" class=\"yoast-schema-graph\">{\"@context\":\"https:\\\/\\\/schema.org\",\"@graph\":[{\"@type\":\"WebPage\",\"@id\":\"https:\\\/\\\/www.sj-gauge.com\\\/product\\\/vmept1020-t\\\/\",\"url\":\"https:\\\/\\\/www.sj-gauge.com\\\/product\\\/vmept1020-t\\\/\",\"name\":\"High Temperature Pressure Transmitter | 0\u2013200\u00b0C | 100mbar\u2013400bar | SJ Gauge\",\"isPartOf\":{\"@id\":\"https:\\\/\\\/www.sj-gauge.com\\\/#website\"},\"primaryImageOfPage\":{\"@id\":\"https:\\\/\\\/www.sj-gauge.com\\\/product\\\/vmept1020-t\\\/#primaryimage\"},\"image\":{\"@id\":\"https:\\\/\\\/www.sj-gauge.com\\\/product\\\/vmept1020-t\\\/#primaryimage\"},\"thumbnailUrl\":\"https:\\\/\\\/www.sj-gauge.com\\\/wp-content\\\/uploads\\\/2025\\\/11\\\/SJ-Gauge-VMEPT1120-T-pressure-transmitter-gauge-pressure.jpg\",\"datePublished\":\"2025-11-07T01:32:46+00:00\",\"dateModified\":\"2026-03-26T15:07:18+00:00\",\"description\":\"VMEPT1020-T high temperature pressure transmitter designed for industrial applications, featuring reliable performance up to 200\u00b0C, stable measurement from 100mbar to 400bar, and excellent temperature compensation\",\"breadcrumb\":{\"@id\":\"https:\\\/\\\/www.sj-gauge.com\\\/product\\\/vmept1020-t\\\/#breadcrumb\"},\"inLanguage\":\"vi\",\"potentialAction\":[{\"@type\":\"ReadAction\",\"target\":[\"https:\\\/\\\/www.sj-gauge.com\\\/product\\\/vmept1020-t\\\/\"]}]},{\"@type\":\"ImageObject\",\"inLanguage\":\"vi\",\"@id\":\"https:\\\/\\\/www.sj-gauge.com\\\/product\\\/vmept1020-t\\\/#primaryimage\",\"url\":\"https:\\\/\\\/www.sj-gauge.com\\\/wp-content\\\/uploads\\\/2025\\\/11\\\/SJ-Gauge-VMEPT1120-T-pressure-transmitter-gauge-pressure.jpg\",\"contentUrl\":\"https:\\\/\\\/www.sj-gauge.com\\\/wp-content\\\/uploads\\\/2025\\\/11\\\/SJ-Gauge-VMEPT1120-T-pressure-transmitter-gauge-pressure.jpg\",\"width\":1200,\"height\":1000},{\"@type\":\"BreadcrumbList\",\"@id\":\"https:\\\/\\\/www.sj-gauge.com\\\/product\\\/vmept1020-t\\\/#breadcrumb\",\"itemListElement\":[{\"@type\":\"ListItem\",\"position\":1,\"name\":\"Home\",\"item\":\"https:\\\/\\\/www.sj-gauge.com\\\/\"},{\"@type\":\"ListItem\",\"position\":2,\"name\":\"Products\",\"item\":\"https:\\\/\\\/www.sj-gauge.com\\\/products\\\/\"},{\"@type\":\"ListItem\",\"position\":3,\"name\":\"Pressure Transmitter for High Temperature Application\"}]},{\"@type\":\"WebSite\",\"@id\":\"https:\\\/\\\/www.sj-gauge.com\\\/#website\",\"url\":\"https:\\\/\\\/www.sj-gauge.com\\\/\",\"name\":\"SJ Gauge | Pressure Gauges, Thermometers &amp; Pressure Sensors\",\"description\":\"Manufacturer of industrial pressure gauges, pressure sensors, and transmitters. SJ Gauge provides high accuracy, durable materials, and custom solutions for oil &amp; gas, chemical, and industrial applications.\",\"publisher\":{\"@id\":\"https:\\\/\\\/www.sj-gauge.com\\\/#organization\"},\"potentialAction\":[{\"@type\":\"SearchAction\",\"target\":{\"@type\":\"EntryPoint\",\"urlTemplate\":\"https:\\\/\\\/www.sj-gauge.com\\\/?s={search_term_string}\"},\"query-input\":{\"@type\":\"PropertyValueSpecification\",\"valueRequired\":true,\"valueName\":\"search_term_string\"}}],\"inLanguage\":\"vi\"},{\"@type\":\"Organization\",\"@id\":\"https:\\\/\\\/www.sj-gauge.com\\\/#organization\",\"name\":\"SJ Gauge | Pressure Gauges, Thermometers &amp; Pressure Sensors\",\"url\":\"https:\\\/\\\/www.sj-gauge.com\\\/\",\"logo\":{\"@type\":\"ImageObject\",\"inLanguage\":\"vi\",\"@id\":\"https:\\\/\\\/www.sj-gauge.com\\\/#\\\/schema\\\/logo\\\/image\\\/\",\"url\":\"https:\\\/\\\/www.sj-gauge.com\\\/wp-content\\\/uploads\\\/2025\\\/09\\\/logo.webp\",\"contentUrl\":\"https:\\\/\\\/www.sj-gauge.com\\\/wp-content\\\/uploads\\\/2025\\\/09\\\/logo.webp\",\"width\":348,\"height\":184,\"caption\":\"SJ Gauge | Pressure Gauges, Thermometers &amp; Pressure Sensors\"},\"image\":{\"@id\":\"https:\\\/\\\/www.sj-gauge.com\\\/#\\\/schema\\\/logo\\\/image\\\/\"}}]}<\/script>\n<!-- \/ Yoast SEO Premium plugin. -->","yoast_head_json":{"title":"C\u1ea3m bi\u1ebfn \u00e1p su\u1ea5t nhi\u1ec7t \u0111\u1ed9 cao | 0\u2013200\u00b0C | 100 mbar\u2013400 bar | SJ Gauge","description":"C\u1ea3m bi\u1ebfn \u00e1p su\u1ea5t nhi\u1ec7t \u0111\u1ed9 cao VMEPT1020-T \u0111\u01b0\u1ee3c thi\u1ebft k\u1ebf d\u00e0nh cho c\u00e1c \u1ee9ng d\u1ee5ng c\u00f4ng nghi\u1ec7p, v\u1edbi hi\u1ec7u su\u1ea5t \u0111\u00e1ng tin c\u1eady \u1edf nhi\u1ec7t \u0111\u1ed9 l\u00ean \u0111\u1ebfn 200\u00b0C, kh\u1ea3 n\u0103ng \u0111o l\u01b0\u1eddng \u1ed5n \u0111\u1ecbnh trong kho\u1ea3ng t\u1eeb 100 mbar \u0111\u1ebfn 400 bar, v\u00e0 t\u00ednh n\u0103ng b\u00f9 nhi\u1ec7t \u0111\u1ed9 xu\u1ea5t s\u1eafc","robots":{"index":"index","follow":"follow","max-snippet":"max-snippet:-1","max-image-preview":"max-image-preview:large","max-video-preview":"max-video-preview:-1"},"canonical":"https:\/\/www.sj-gauge.com\/vi\/san-pham\/vmept1020-t\/","og_locale":"vi_VN","og_type":"article","og_title":"Pressure Transmitter for High Temperature Application","og_description":"VMEPT1020-T high temperature pressure transmitter designed for industrial applications, featuring reliable performance up to 200\u00b0C, stable measurement from 100mbar to 400bar, and excellent temperature compensation","og_url":"https:\/\/www.sj-gauge.com\/vi\/san-pham\/vmept1020-t\/","og_site_name":"SJ Gauge | Pressure Gauges, Thermometers &amp; Pressure Sensors","article_modified_time":"2026-03-26T15:07:18+00:00","og_image":[{"width":1200,"height":1000,"url":"https:\/\/www.sj-gauge.com\/wp-content\/uploads\/2025\/11\/SJ-Gauge-VMEPT1120-T-pressure-transmitter-gauge-pressure.jpg","type":"image\/jpeg"}],"twitter_card":"summary_large_image","twitter_misc":{"\u01af\u1edbc t\u00ednh th\u1eddi gian \u0111\u1ecdc":"2 ph\u00fat"},"schema":{"@context":"https:\/\/schema.org","@graph":[{"@type":"WebPage","@id":"https:\/\/www.sj-gauge.com\/product\/vmept1020-t\/","url":"https:\/\/www.sj-gauge.com\/product\/vmept1020-t\/","name":"C\u1ea3m bi\u1ebfn \u00e1p su\u1ea5t nhi\u1ec7t \u0111\u1ed9 cao | 0\u2013200\u00b0C | 100 mbar\u2013400 bar | SJ Gauge","isPartOf":{"@id":"https:\/\/www.sj-gauge.com\/#website"},"primaryImageOfPage":{"@id":"https:\/\/www.sj-gauge.com\/product\/vmept1020-t\/#primaryimage"},"image":{"@id":"https:\/\/www.sj-gauge.com\/product\/vmept1020-t\/#primaryimage"},"thumbnailUrl":"https:\/\/www.sj-gauge.com\/wp-content\/uploads\/2025\/11\/SJ-Gauge-VMEPT1120-T-pressure-transmitter-gauge-pressure.jpg","datePublished":"2025-11-07T01:32:46+00:00","dateModified":"2026-03-26T15:07:18+00:00","description":"C\u1ea3m bi\u1ebfn \u00e1p su\u1ea5t nhi\u1ec7t \u0111\u1ed9 cao VMEPT1020-T \u0111\u01b0\u1ee3c thi\u1ebft k\u1ebf d\u00e0nh cho c\u00e1c \u1ee9ng d\u1ee5ng c\u00f4ng nghi\u1ec7p, v\u1edbi hi\u1ec7u su\u1ea5t \u0111\u00e1ng tin c\u1eady \u1edf nhi\u1ec7t \u0111\u1ed9 l\u00ean \u0111\u1ebfn 200\u00b0C, kh\u1ea3 n\u0103ng \u0111o l\u01b0\u1eddng \u1ed5n \u0111\u1ecbnh trong kho\u1ea3ng t\u1eeb 100 mbar \u0111\u1ebfn 400 bar, v\u00e0 t\u00ednh n\u0103ng b\u00f9 nhi\u1ec7t \u0111\u1ed9 xu\u1ea5t s\u1eafc","breadcrumb":{"@id":"https:\/\/www.sj-gauge.com\/product\/vmept1020-t\/#breadcrumb"},"inLanguage":"vi","potentialAction":[{"@type":"ReadAction","target":["https:\/\/www.sj-gauge.com\/product\/vmept1020-t\/"]}]},{"@type":"ImageObject","inLanguage":"vi","@id":"https:\/\/www.sj-gauge.com\/product\/vmept1020-t\/#primaryimage","url":"https:\/\/www.sj-gauge.com\/wp-content\/uploads\/2025\/11\/SJ-Gauge-VMEPT1120-T-pressure-transmitter-gauge-pressure.jpg","contentUrl":"https:\/\/www.sj-gauge.com\/wp-content\/uploads\/2025\/11\/SJ-Gauge-VMEPT1120-T-pressure-transmitter-gauge-pressure.jpg","width":1200,"height":1000},{"@type":"BreadcrumbList","@id":"https:\/\/www.sj-gauge.com\/product\/vmept1020-t\/#breadcrumb","itemListElement":[{"@type":"ListItem","position":1,"name":"Home","item":"https:\/\/www.sj-gauge.com\/"},{"@type":"ListItem","position":2,"name":"Products","item":"https:\/\/www.sj-gauge.com\/products\/"},{"@type":"ListItem","position":3,"name":"Pressure Transmitter for High Temperature Application"}]},{"@type":"WebSite","@id":"https:\/\/www.sj-gauge.com\/#website","url":"https:\/\/www.sj-gauge.com\/","name":"SJ Gauge | \u0110\u1ed3ng h\u1ed3 \u0111o \u00e1p su\u1ea5t, nhi\u1ec7t k\u1ebf v\u00e0 c\u1ea3m bi\u1ebfn \u00e1p su\u1ea5t","description":"Nh\u00e0 s\u1ea3n xu\u1ea5t \u0111\u1ed3ng h\u1ed3 \u0111o \u00e1p su\u1ea5t c\u00f4ng nghi\u1ec7p, c\u1ea3m bi\u1ebfn \u00e1p su\u1ea5t v\u00e0 b\u1ed9 truy\u1ec1n t\u00edn hi\u1ec7u. SJ Gauge cung c\u1ea5p c\u00e1c s\u1ea3n ph\u1ea9m c\u00f3 \u0111\u1ed9 ch\u00ednh x\u00e1c cao, \u0111\u01b0\u1ee3c ch\u1ebf t\u1ea1o t\u1eeb v\u1eadt li\u1ec7u b\u1ec1n b\u1ec9 v\u00e0 c\u00e1c gi\u1ea3i ph\u00e1p t\u00f9y ch\u1ec9nh d\u00e0nh cho c\u00e1c \u1ee9ng d\u1ee5ng trong ng\u00e0nh d\u1ea7u kh\u00ed, h\u00f3a ch\u1ea5t v\u00e0 c\u00f4ng nghi\u1ec7p.","publisher":{"@id":"https:\/\/www.sj-gauge.com\/#organization"},"potentialAction":[{"@type":"SearchAction","target":{"@type":"EntryPoint","urlTemplate":"https:\/\/www.sj-gauge.com\/?s={search_term_string}"},"query-input":{"@type":"PropertyValueSpecification","valueRequired":true,"valueName":"search_term_string"}}],"inLanguage":"vi"},{"@type":"Organization","@id":"https:\/\/www.sj-gauge.com\/#organization","name":"SJ Gauge | \u0110\u1ed3ng h\u1ed3 \u0111o \u00e1p su\u1ea5t, nhi\u1ec7t k\u1ebf v\u00e0 c\u1ea3m bi\u1ebfn \u00e1p su\u1ea5t","url":"https:\/\/www.sj-gauge.com\/","logo":{"@type":"ImageObject","inLanguage":"vi","@id":"https:\/\/www.sj-gauge.com\/#\/schema\/logo\/image\/","url":"https:\/\/www.sj-gauge.com\/wp-content\/uploads\/2025\/09\/logo.webp","contentUrl":"https:\/\/www.sj-gauge.com\/wp-content\/uploads\/2025\/09\/logo.webp","width":348,"height":184,"caption":"SJ Gauge | Pressure Gauges, Thermometers &amp; Pressure Sensors"},"image":{"@id":"https:\/\/www.sj-gauge.com\/#\/schema\/logo\/image\/"}}]}},"_links":{"self":[{"href":"https:\/\/www.sj-gauge.com\/vi\/wp-json\/wp\/v2\/product\/1422","targetHints":{"allow":["GET"]}}],"collection":[{"href":"https:\/\/www.sj-gauge.com\/vi\/wp-json\/wp\/v2\/product"}],"about":[{"href":"https:\/\/www.sj-gauge.com\/vi\/wp-json\/wp\/v2\/types\/product"}],"wp:featuredmedia":[{"embeddable":true,"href":"https:\/\/www.sj-gauge.com\/vi\/wp-json\/wp\/v2\/media\/1423"}],"wp:attachment":[{"href":"https:\/\/www.sj-gauge.com\/vi\/wp-json\/wp\/v2\/media?parent=1422"}],"wp:term":[{"taxonomy":"product_brand","embeddable":true,"href":"https:\/\/www.sj-gauge.com\/vi\/wp-json\/wp\/v2\/product_brand?post=1422"},{"taxonomy":"product_cat","embeddable":true,"href":"https:\/\/www.sj-gauge.com\/vi\/wp-json\/wp\/v2\/product_cat?post=1422"},{"taxonomy":"product_tag","embeddable":true,"href":"https:\/\/www.sj-gauge.com\/vi\/wp-json\/wp\/v2\/product_tag?post=1422"}],"curies":[{"name":"wp","href":"https:\/\/api.w.org\/{rel}","templated":true}]}}