{"id":1427,"date":"2025-11-07T09:48:05","date_gmt":"2025-11-07T01:48:05","guid":{"rendered":"https:\/\/sj-gauge.com\/?post_type=product&#038;p=1427"},"modified":"2026-03-26T23:17:33","modified_gmt":"2026-03-26T15:17:33","slug":"vmept1130","status":"publish","type":"product","link":"https:\/\/www.sj-gauge.com\/vi\/san-pham\/vmept1130\/","title":{"rendered":"C\u1ea3m bi\u1ebfn \u00e1p su\u1ea5t cho m\u00f4i tr\u01b0\u1eddng \u0103n m\u00f2n"},"content":{"rendered":"<p>B\u1ed9 truy\u1ec1n \u00e1p su\u1ea5t VMEPT1130 s\u1eed d\u1ee5ng giao di\u1ec7n \u00e1p su\u1ea5t PVDF k\u1ebft h\u1ee3p v\u1edbi c\u1ea3m bi\u1ebfn \u00e1p su\u1ea5t m\u00e0ng g\u1ed1m ch\u1ed1ng \u0103n m\u00f2n. \u0110\u00e2y l\u00e0 gi\u1ea3i ph\u00e1p ti\u00ean ti\u1ebfn \u0111\u01b0\u1ee3c thi\u1ebft k\u1ebf d\u00e0nh cho c\u00e1c \u1ee9ng d\u1ee5ng c\u00f4ng nghi\u1ec7p \u0111\u00f2i h\u1ecfi kh\u1eaft khe, n\u01a1i \u0111\u1ed9 tin c\u1eady, \u0111\u1ed9 ch\u00ednh x\u00e1c v\u00e0 \u0111\u1ed9 b\u1ec1n l\u00e0 nh\u1eefng y\u1ebfu t\u1ed1 h\u00e0ng \u0111\u1ea7u. B\u1ed9 truy\u1ec1n \u00e1p su\u1ea5t hi\u1ec7u su\u1ea5t cao n\u00e0y c\u00f3 giao di\u1ec7n \u00e1p su\u1ea5t PVDF (Polyvinylidene Fluoride) ch\u1eafc ch\u1eafn, n\u1ed5i ti\u1ebfng v\u1edbi kh\u1ea3 n\u0103ng ch\u1ed1ng h\u00f3a ch\u1ea5t v\u00e0 \u0111\u1ed9 b\u1ec1n c\u01a1 h\u1ecdc v\u01b0\u1ee3t tr\u1ed9i, khi\u1ebfn n\u00f3 tr\u1edf n\u00ean l\u00fd t\u01b0\u1edfng cho c\u00e1c m\u00f4i tr\u01b0\u1eddng kh\u1eafc nghi\u1ec7t li\u00ean quan \u0111\u1ebfn m\u00f4i tr\u01b0\u1eddng \u0103n m\u00f2n, axit v\u00e0 dung m\u00f4i. Tr\u1ecdng t\u00e2m c\u1ee7a b\u1ed9 truy\u1ec1n \u00e1p su\u1ea5t n\u00e0y l\u00e0 m\u1ed9t m\u00e0ng g\u1ed1m ch\u1ed1ng \u0103n m\u00f2n ti\u00ean ti\u1ebfn, \u0111\u01b0\u1ee3c thi\u1ebft k\u1ebf \u0111\u1ec3 ch\u1ecbu \u0111\u01b0\u1ee3c \u00e1p su\u1ea5t v\u00e0 nhi\u1ec7t \u0111\u1ed9 c\u1ef1c cao trong khi v\u1eabn duy tr\u00ec s\u1ef1 \u1ed5n \u0111\u1ecbnh l\u00e2u d\u00e0i. M\u00e0ng g\u1ed1m \u0111\u1ea3m b\u1ea3o bi\u1ebfn d\u1ea1ng t\u1ed1i thi\u1ec3u trong \u0111i\u1ec1u ki\u1ec7n \u00e1p l\u1ef1c cao, cung c\u1ea5p c\u00e1c \u0111o l\u01b0\u1eddng \u00e1p su\u1ea5t ch\u00ednh x\u00e1c v\u00e0 nh\u1ea5t qu\u00e1n. B\u1ec1 m\u1eb7t kh\u00f4ng ph\u1ea3n \u1ee9ng c\u1ee7a n\u00f3 ng\u0103n ng\u1eeba \u0103n m\u00f2n v\u00e0 \u00f4 nhi\u1ec5m, \u0111\u1ea3m b\u1ea3o hi\u1ec7u su\u1ea5t \u0111\u00e1ng tin c\u1eady trong c\u00e1c \u1ee9ng d\u1ee5ng \u0103n m\u00f2n ho\u1eb7c m\u00e0i m\u00f2n. Ph\u00f9 h\u1ee3p cho c\u00e1c ng\u00e0nh nh\u01b0 ch\u1ebf bi\u1ebfn h\u00f3a ch\u1ea5t, d\u01b0\u1ee3c ph\u1ea9m, th\u1ef1c ph\u1ea9m v\u00e0 \u0111\u1ed3 u\u1ed1ng, c\u0169ng nh\u01b0 x\u1eed l\u00fd n\u01b0\u1edbc, b\u1ed9 truy\u1ec1n \u00e1p su\u1ea5t VMEPT1130 n\u00e0y \u0111\u01b0\u1ee3c thi\u1ebft k\u1ebf \u0111\u1ec3 \u0111\u00e1p \u1ee9ng c\u00e1c ti\u00eau chu\u1ea9n qu\u1ed1c t\u1ebf v\u1ec1 an to\u00e0n v\u00e0 ch\u1ea5t l\u01b0\u1ee3ng. C\u1ea5u tr\u00fac ch\u1eafc ch\u1eafn, k\u1ebft h\u1ee3p v\u1edbi vi\u1ec7c l\u1eafp \u0111\u1eb7t d\u1ec5 d\u00e0ng v\u00e0 y\u00eau c\u1ea7u b\u1ea3o tr\u00ec th\u1ea5p, khi\u1ebfn n\u00f3 tr\u1edf th\u00e0nh l\u1ef1a ch\u1ecdn hi\u1ec7u qu\u1ea3 v\u1ec1 chi ph\u00ed v\u00e0 \u0111\u00e1ng tin c\u1eady cho c\u00e1c \u1ee9ng d\u1ee5ng gi\u00e1m s\u00e1t \u00e1p su\u1ea5t quan tr\u1ecdng. H\u00e3y tin t\u01b0\u1edfng v\u00e0o b\u1ed9 truy\u1ec1n \u00e1p su\u1ea5t m\u00e0ng PVDF v\u00e0 g\u1ed1m n\u00e0y \u0111\u1ec3 mang l\u1ea1i hi\u1ec7u su\u1ea5t v\u01b0\u1ee3t tr\u1ed9i trong nh\u1eefng m\u00f4i tr\u01b0\u1eddng kh\u1eafc nghi\u1ec7t nh\u1ea5t.<\/p>","protected":false},"excerpt":{"rendered":"<ul>\n<li>C\u1ea3m bi\u1ebfn \u00e1p su\u1ea5t g\u1ed1m<\/li>\n<li>Giao di\u1ec7n \u00e1p su\u1ea5t PVDF\/PTFE<\/li>\n<li>D\u1ea3i \u0111o t\u1eeb 200 mbar \u0111\u1ebfn 50 bar<\/li>\n<\/ul>","protected":false},"featured_media":1429,"template":"","meta":{"_acf_changed":false},"product_brand":[40],"product_cat":[41,15],"product_tag":[64],"class_list":{"0":"post-1427","1":"product","2":"type-product","3":"status-publish","4":"has-post-thumbnail","6":"product_brand-sj-gauge","7":"product_cat-pressure-instruments","8":"product_cat-pressure-sensors","9":"product_tag-pressure-transmitter","11":"first","12":"instock","13":"shipping-taxable","14":"product-type-simple"},"acf":[],"yoast_head":"<!-- This site is optimized with the Yoast SEO Premium plugin v26.7 (Yoast SEO v27.4) - https:\/\/yoast.com\/product\/yoast-seo-premium-wordpress\/ -->\n<title>Corrosion Resistant Pressure Transmitter | For Aggressive Media | SJ Gauge<\/title>\n<meta name=\"description\" content=\"VMEPT1130 corrosion resistant pressure transmitter with PVDF\/PTFE interface and ceramic sensor, designed for aggressive media, acids, and chemical applications in harsh industrial environments.\" \/>\n<meta name=\"robots\" content=\"index, follow, max-snippet:-1, max-image-preview:large, max-video-preview:-1\" \/>\n<link rel=\"canonical\" href=\"https:\/\/www.sj-gauge.com\/vi\/san-pham\/vmept1130\/\" \/>\n<meta property=\"og:locale\" content=\"vi_VN\" \/>\n<meta property=\"og:type\" content=\"article\" \/>\n<meta property=\"og:title\" content=\"Pressure Transmitter for Aggressive Media\" \/>\n<meta property=\"og:description\" content=\"VMEPT1130 corrosion resistant pressure transmitter with PVDF\/PTFE interface and ceramic sensor, designed for aggressive media, acids, and chemical applications in harsh industrial environments.\" \/>\n<meta property=\"og:url\" content=\"https:\/\/www.sj-gauge.com\/vi\/san-pham\/vmept1130\/\" \/>\n<meta property=\"og:site_name\" content=\"SJ Gauge | Pressure Gauges, Thermometers &amp; Pressure Sensors\" \/>\n<meta property=\"article:modified_time\" content=\"2026-03-26T15:17:33+00:00\" \/>\n<meta property=\"og:image\" content=\"https:\/\/www.sj-gauge.com\/wp-content\/uploads\/2025\/11\/SJ-Gauge-VMEPT1130-pressure-transmitter-industrial-automation.jpg\" \/>\n\t<meta property=\"og:image:width\" content=\"1200\" \/>\n\t<meta property=\"og:image:height\" content=\"1000\" \/>\n\t<meta property=\"og:image:type\" content=\"image\/jpeg\" \/>\n<meta name=\"twitter:card\" content=\"summary_large_image\" \/>\n<meta name=\"twitter:label1\" content=\"\u01af\u1edbc t\u00ednh th\u1eddi gian \u0111\u1ecdc\" \/>\n\t<meta name=\"twitter:data1\" content=\"2 ph\u00fat\" \/>\n<script type=\"application\/ld+json\" class=\"yoast-schema-graph\">{\"@context\":\"https:\\\/\\\/schema.org\",\"@graph\":[{\"@type\":\"WebPage\",\"@id\":\"https:\\\/\\\/www.sj-gauge.com\\\/product\\\/vmept1130\\\/\",\"url\":\"https:\\\/\\\/www.sj-gauge.com\\\/product\\\/vmept1130\\\/\",\"name\":\"Corrosion Resistant Pressure Transmitter | For Aggressive Media | SJ Gauge\",\"isPartOf\":{\"@id\":\"https:\\\/\\\/www.sj-gauge.com\\\/#website\"},\"primaryImageOfPage\":{\"@id\":\"https:\\\/\\\/www.sj-gauge.com\\\/product\\\/vmept1130\\\/#primaryimage\"},\"image\":{\"@id\":\"https:\\\/\\\/www.sj-gauge.com\\\/product\\\/vmept1130\\\/#primaryimage\"},\"thumbnailUrl\":\"https:\\\/\\\/www.sj-gauge.com\\\/wp-content\\\/uploads\\\/2025\\\/11\\\/SJ-Gauge-VMEPT1130-pressure-transmitter-industrial-automation.jpg\",\"datePublished\":\"2025-11-07T01:48:05+00:00\",\"dateModified\":\"2026-03-26T15:17:33+00:00\",\"description\":\"VMEPT1130 corrosion resistant pressure transmitter with PVDF\\\/PTFE interface and ceramic sensor, designed for aggressive media, acids, and chemical applications in harsh industrial environments.\",\"breadcrumb\":{\"@id\":\"https:\\\/\\\/www.sj-gauge.com\\\/product\\\/vmept1130\\\/#breadcrumb\"},\"inLanguage\":\"vi\",\"potentialAction\":[{\"@type\":\"ReadAction\",\"target\":[\"https:\\\/\\\/www.sj-gauge.com\\\/product\\\/vmept1130\\\/\"]}]},{\"@type\":\"ImageObject\",\"inLanguage\":\"vi\",\"@id\":\"https:\\\/\\\/www.sj-gauge.com\\\/product\\\/vmept1130\\\/#primaryimage\",\"url\":\"https:\\\/\\\/www.sj-gauge.com\\\/wp-content\\\/uploads\\\/2025\\\/11\\\/SJ-Gauge-VMEPT1130-pressure-transmitter-industrial-automation.jpg\",\"contentUrl\":\"https:\\\/\\\/www.sj-gauge.com\\\/wp-content\\\/uploads\\\/2025\\\/11\\\/SJ-Gauge-VMEPT1130-pressure-transmitter-industrial-automation.jpg\",\"width\":1200,\"height\":1000},{\"@type\":\"BreadcrumbList\",\"@id\":\"https:\\\/\\\/www.sj-gauge.com\\\/product\\\/vmept1130\\\/#breadcrumb\",\"itemListElement\":[{\"@type\":\"ListItem\",\"position\":1,\"name\":\"Home\",\"item\":\"https:\\\/\\\/www.sj-gauge.com\\\/\"},{\"@type\":\"ListItem\",\"position\":2,\"name\":\"Products\",\"item\":\"https:\\\/\\\/www.sj-gauge.com\\\/products\\\/\"},{\"@type\":\"ListItem\",\"position\":3,\"name\":\"Pressure Transmitter for Aggressive Media\"}]},{\"@type\":\"WebSite\",\"@id\":\"https:\\\/\\\/www.sj-gauge.com\\\/#website\",\"url\":\"https:\\\/\\\/www.sj-gauge.com\\\/\",\"name\":\"SJ Gauge | Pressure Gauges, Thermometers &amp; Pressure Sensors\",\"description\":\"Manufacturer of industrial pressure gauges, pressure sensors, and transmitters. SJ Gauge provides high accuracy, durable materials, and custom solutions for oil &amp; gas, chemical, and industrial applications.\",\"publisher\":{\"@id\":\"https:\\\/\\\/www.sj-gauge.com\\\/#organization\"},\"potentialAction\":[{\"@type\":\"SearchAction\",\"target\":{\"@type\":\"EntryPoint\",\"urlTemplate\":\"https:\\\/\\\/www.sj-gauge.com\\\/?s={search_term_string}\"},\"query-input\":{\"@type\":\"PropertyValueSpecification\",\"valueRequired\":true,\"valueName\":\"search_term_string\"}}],\"inLanguage\":\"vi\"},{\"@type\":\"Organization\",\"@id\":\"https:\\\/\\\/www.sj-gauge.com\\\/#organization\",\"name\":\"SJ Gauge | Pressure Gauges, Thermometers &amp; Pressure Sensors\",\"url\":\"https:\\\/\\\/www.sj-gauge.com\\\/\",\"logo\":{\"@type\":\"ImageObject\",\"inLanguage\":\"vi\",\"@id\":\"https:\\\/\\\/www.sj-gauge.com\\\/#\\\/schema\\\/logo\\\/image\\\/\",\"url\":\"https:\\\/\\\/www.sj-gauge.com\\\/wp-content\\\/uploads\\\/2025\\\/09\\\/logo.webp\",\"contentUrl\":\"https:\\\/\\\/www.sj-gauge.com\\\/wp-content\\\/uploads\\\/2025\\\/09\\\/logo.webp\",\"width\":348,\"height\":184,\"caption\":\"SJ Gauge | Pressure Gauges, Thermometers &amp; Pressure Sensors\"},\"image\":{\"@id\":\"https:\\\/\\\/www.sj-gauge.com\\\/#\\\/schema\\\/logo\\\/image\\\/\"}}]}<\/script>\n<!-- \/ Yoast SEO Premium plugin. -->","yoast_head_json":{"title":"C\u1ea3m bi\u1ebfn \u00e1p su\u1ea5t ch\u1ed1ng \u0103n m\u00f2n | D\u00f9ng cho m\u00f4i tr\u01b0\u1eddng \u0103n m\u00f2n | SJ Gauge","description":"C\u1ea3m bi\u1ebfn \u00e1p su\u1ea5t ch\u1ed1ng \u0103n m\u00f2n VMEPT1130 v\u1edbi giao di\u1ec7n PVDF\/PTFE v\u00e0 c\u1ea3m bi\u1ebfn g\u1ed1m, \u0111\u01b0\u1ee3c thi\u1ebft k\u1ebf \u0111\u1ec3 s\u1eed d\u1ee5ng v\u1edbi c\u00e1c m\u00f4i tr\u01b0\u1eddng \u0103n m\u00f2n, axit v\u00e0 c\u00e1c \u1ee9ng d\u1ee5ng h\u00f3a ch\u1ea5t trong \u0111i\u1ec1u ki\u1ec7n c\u00f4ng nghi\u1ec7p kh\u1eafc nghi\u1ec7t.","robots":{"index":"index","follow":"follow","max-snippet":"max-snippet:-1","max-image-preview":"max-image-preview:large","max-video-preview":"max-video-preview:-1"},"canonical":"https:\/\/www.sj-gauge.com\/vi\/san-pham\/vmept1130\/","og_locale":"vi_VN","og_type":"article","og_title":"Pressure Transmitter for Aggressive Media","og_description":"VMEPT1130 corrosion resistant pressure transmitter with PVDF\/PTFE interface and ceramic sensor, designed for aggressive media, acids, and chemical applications in harsh industrial environments.","og_url":"https:\/\/www.sj-gauge.com\/vi\/san-pham\/vmept1130\/","og_site_name":"SJ Gauge | Pressure Gauges, Thermometers &amp; Pressure Sensors","article_modified_time":"2026-03-26T15:17:33+00:00","og_image":[{"width":1200,"height":1000,"url":"https:\/\/www.sj-gauge.com\/wp-content\/uploads\/2025\/11\/SJ-Gauge-VMEPT1130-pressure-transmitter-industrial-automation.jpg","type":"image\/jpeg"}],"twitter_card":"summary_large_image","twitter_misc":{"\u01af\u1edbc t\u00ednh th\u1eddi gian \u0111\u1ecdc":"2 ph\u00fat"},"schema":{"@context":"https:\/\/schema.org","@graph":[{"@type":"WebPage","@id":"https:\/\/www.sj-gauge.com\/product\/vmept1130\/","url":"https:\/\/www.sj-gauge.com\/product\/vmept1130\/","name":"C\u1ea3m bi\u1ebfn \u00e1p su\u1ea5t ch\u1ed1ng \u0103n m\u00f2n | D\u00f9ng cho m\u00f4i tr\u01b0\u1eddng \u0103n m\u00f2n | SJ Gauge","isPartOf":{"@id":"https:\/\/www.sj-gauge.com\/#website"},"primaryImageOfPage":{"@id":"https:\/\/www.sj-gauge.com\/product\/vmept1130\/#primaryimage"},"image":{"@id":"https:\/\/www.sj-gauge.com\/product\/vmept1130\/#primaryimage"},"thumbnailUrl":"https:\/\/www.sj-gauge.com\/wp-content\/uploads\/2025\/11\/SJ-Gauge-VMEPT1130-pressure-transmitter-industrial-automation.jpg","datePublished":"2025-11-07T01:48:05+00:00","dateModified":"2026-03-26T15:17:33+00:00","description":"C\u1ea3m bi\u1ebfn \u00e1p su\u1ea5t ch\u1ed1ng \u0103n m\u00f2n VMEPT1130 v\u1edbi giao di\u1ec7n PVDF\/PTFE v\u00e0 c\u1ea3m bi\u1ebfn g\u1ed1m, \u0111\u01b0\u1ee3c thi\u1ebft k\u1ebf \u0111\u1ec3 s\u1eed d\u1ee5ng v\u1edbi c\u00e1c m\u00f4i tr\u01b0\u1eddng \u0103n m\u00f2n, axit v\u00e0 c\u00e1c \u1ee9ng d\u1ee5ng h\u00f3a ch\u1ea5t trong \u0111i\u1ec1u ki\u1ec7n c\u00f4ng nghi\u1ec7p kh\u1eafc nghi\u1ec7t.","breadcrumb":{"@id":"https:\/\/www.sj-gauge.com\/product\/vmept1130\/#breadcrumb"},"inLanguage":"vi","potentialAction":[{"@type":"ReadAction","target":["https:\/\/www.sj-gauge.com\/product\/vmept1130\/"]}]},{"@type":"ImageObject","inLanguage":"vi","@id":"https:\/\/www.sj-gauge.com\/product\/vmept1130\/#primaryimage","url":"https:\/\/www.sj-gauge.com\/wp-content\/uploads\/2025\/11\/SJ-Gauge-VMEPT1130-pressure-transmitter-industrial-automation.jpg","contentUrl":"https:\/\/www.sj-gauge.com\/wp-content\/uploads\/2025\/11\/SJ-Gauge-VMEPT1130-pressure-transmitter-industrial-automation.jpg","width":1200,"height":1000},{"@type":"BreadcrumbList","@id":"https:\/\/www.sj-gauge.com\/product\/vmept1130\/#breadcrumb","itemListElement":[{"@type":"ListItem","position":1,"name":"Home","item":"https:\/\/www.sj-gauge.com\/"},{"@type":"ListItem","position":2,"name":"Products","item":"https:\/\/www.sj-gauge.com\/products\/"},{"@type":"ListItem","position":3,"name":"Pressure Transmitter for Aggressive Media"}]},{"@type":"WebSite","@id":"https:\/\/www.sj-gauge.com\/#website","url":"https:\/\/www.sj-gauge.com\/","name":"SJ Gauge | \u0110\u1ed3ng h\u1ed3 \u0111o \u00e1p su\u1ea5t, nhi\u1ec7t k\u1ebf v\u00e0 c\u1ea3m bi\u1ebfn \u00e1p su\u1ea5t","description":"Nh\u00e0 s\u1ea3n xu\u1ea5t \u0111\u1ed3ng h\u1ed3 \u0111o \u00e1p su\u1ea5t c\u00f4ng nghi\u1ec7p, c\u1ea3m bi\u1ebfn \u00e1p su\u1ea5t v\u00e0 b\u1ed9 truy\u1ec1n t\u00edn hi\u1ec7u. SJ Gauge cung c\u1ea5p c\u00e1c s\u1ea3n ph\u1ea9m c\u00f3 \u0111\u1ed9 ch\u00ednh x\u00e1c cao, \u0111\u01b0\u1ee3c ch\u1ebf t\u1ea1o t\u1eeb v\u1eadt li\u1ec7u b\u1ec1n b\u1ec9 v\u00e0 c\u00e1c gi\u1ea3i ph\u00e1p t\u00f9y ch\u1ec9nh d\u00e0nh cho c\u00e1c \u1ee9ng d\u1ee5ng trong ng\u00e0nh d\u1ea7u kh\u00ed, h\u00f3a ch\u1ea5t v\u00e0 c\u00f4ng nghi\u1ec7p.","publisher":{"@id":"https:\/\/www.sj-gauge.com\/#organization"},"potentialAction":[{"@type":"SearchAction","target":{"@type":"EntryPoint","urlTemplate":"https:\/\/www.sj-gauge.com\/?s={search_term_string}"},"query-input":{"@type":"PropertyValueSpecification","valueRequired":true,"valueName":"search_term_string"}}],"inLanguage":"vi"},{"@type":"Organization","@id":"https:\/\/www.sj-gauge.com\/#organization","name":"SJ Gauge | \u0110\u1ed3ng h\u1ed3 \u0111o \u00e1p su\u1ea5t, nhi\u1ec7t k\u1ebf v\u00e0 c\u1ea3m bi\u1ebfn \u00e1p su\u1ea5t","url":"https:\/\/www.sj-gauge.com\/","logo":{"@type":"ImageObject","inLanguage":"vi","@id":"https:\/\/www.sj-gauge.com\/#\/schema\/logo\/image\/","url":"https:\/\/www.sj-gauge.com\/wp-content\/uploads\/2025\/09\/logo.webp","contentUrl":"https:\/\/www.sj-gauge.com\/wp-content\/uploads\/2025\/09\/logo.webp","width":348,"height":184,"caption":"SJ Gauge | Pressure Gauges, Thermometers &amp; Pressure Sensors"},"image":{"@id":"https:\/\/www.sj-gauge.com\/#\/schema\/logo\/image\/"}}]}},"_links":{"self":[{"href":"https:\/\/www.sj-gauge.com\/vi\/wp-json\/wp\/v2\/product\/1427","targetHints":{"allow":["GET"]}}],"collection":[{"href":"https:\/\/www.sj-gauge.com\/vi\/wp-json\/wp\/v2\/product"}],"about":[{"href":"https:\/\/www.sj-gauge.com\/vi\/wp-json\/wp\/v2\/types\/product"}],"wp:featuredmedia":[{"embeddable":true,"href":"https:\/\/www.sj-gauge.com\/vi\/wp-json\/wp\/v2\/media\/1429"}],"wp:attachment":[{"href":"https:\/\/www.sj-gauge.com\/vi\/wp-json\/wp\/v2\/media?parent=1427"}],"wp:term":[{"taxonomy":"product_brand","embeddable":true,"href":"https:\/\/www.sj-gauge.com\/vi\/wp-json\/wp\/v2\/product_brand?post=1427"},{"taxonomy":"product_cat","embeddable":true,"href":"https:\/\/www.sj-gauge.com\/vi\/wp-json\/wp\/v2\/product_cat?post=1427"},{"taxonomy":"product_tag","embeddable":true,"href":"https:\/\/www.sj-gauge.com\/vi\/wp-json\/wp\/v2\/product_tag?post=1427"}],"curies":[{"name":"wp","href":"https:\/\/api.w.org\/{rel}","templated":true}]}}