{"id":1433,"date":"2025-11-07T10:31:50","date_gmt":"2025-11-07T02:31:50","guid":{"rendered":"https:\/\/sj-gauge.com\/?post_type=product&#038;p=1433"},"modified":"2026-03-26T20:21:32","modified_gmt":"2026-03-26T12:21:32","slug":"mxb","status":"publish","type":"product","link":"https:\/\/www.sj-gauge.com\/vi\/san-pham\/mxb\/","title":{"rendered":"M\u00e1y \u0111o \u00e1p su\u1ea5t k\u1ef9 thu\u1eadt s\u1ed1, m\u00e0n h\u00ecnh LCD"},"content":{"rendered":"<p>M\u00e1y \u0111o \u00e1p su\u1ea5t k\u1ef9 thu\u1eadt s\u1ed1 MXB l\u00e0 m\u1ed9t thi\u1ebft b\u1ecb \u0111o l\u01b0\u1eddng chuy\u00ean nghi\u1ec7p \u0111\u01b0\u1ee3c trang b\u1ecb m\u00e0n h\u00ecnh LCD l\u1edbn, ch\u1ee9c n\u0103ng ghi l\u1ea1i gi\u00e1 tr\u1ecb \u0111\u1ec9nh v\u00e0 chuy\u1ec3n \u0111\u1ed5i \u0111\u01a1n v\u1ecb \u0111o \u0111a d\u1ea1ng. Thi\u1ebft b\u1ecb hi\u1ec3n th\u1ecb r\u00f5 r\u00e0ng \u00e1p su\u1ea5t hi\u1ec7n t\u1ea1i, gi\u00e1 tr\u1ecb \u0111\u1ec9nh t\u1ed1i \u0111a\/t\u1ed1i thi\u1ec3u, tr\u1ea1ng th\u00e1i pin v\u00e0 bi\u1ec3u \u0111\u1ed3 thanh theo th\u1eddi gian th\u1ef1c. Giao di\u1ec7n b\u1ed1n n\u00fat cho ph\u00e9p ng\u01b0\u1eddi d\u00f9ng nhanh ch\u00f3ng chuy\u1ec3n \u0111\u1ed5i \u0111\u01a1n v\u1ecb \u00e1p su\u1ea5t, th\u1ef1c hi\u1ec7n vi\u1ec7c \u0111\u1eb7t l\u1ea1i v\u1ec1 zero, ki\u1ec3m tra gi\u00e1 tr\u1ecb \u0111\u1ec9nh v\u00e0 k\u00edch ho\u1ea1t \u0111\u00e8n n\u1ec1n. Ng\u01b0\u1eddi d\u00f9ng c\u0169ng c\u00f3 th\u1ec3 truy c\u1eadp menu \u0111\u1ec3 \u0111i\u1ec1u ch\u1ec9nh t\u1ea7n su\u1ea5t c\u1eadp nh\u1eadt cho hi\u1ec3n th\u1ecb \u1ed5n \u0111\u1ecbnh h\u01a1n, thi\u1ebft l\u1eadp th\u1eddi gian \u0111\u00e8n n\u1ec1n li\u00ean t\u1ee5c v\u00e0 c\u1ea5u h\u00ecnh b\u1ed9 h\u1eb9n gi\u1edd t\u1eaft t\u1ef1 \u0111\u1ed9ng. Theo c\u00e1c th\u1eed nghi\u1ec7m \u0111\u1ed9 b\u1ec1n, thi\u1ebft b\u1ecb c\u00f3 th\u1eddi l\u01b0\u1ee3ng pin d\u00e0i khi kh\u00f4ng s\u1eed d\u1ee5ng \u0111\u00e8n n\u1ec1n\u2014kho\u1ea3ng 90 ng\u00e0y v\u1edbi pin carbon v\u00e0 l\u00ean \u0111\u1ebfn 120 ng\u00e0y v\u1edbi pin ki\u1ec1m\u2014l\u00e0 l\u1ef1a ch\u1ecdn l\u00fd t\u01b0\u1edfng cho ki\u1ec3m tra nh\u00e0 m\u00e1y, \u0111o l\u01b0\u1eddng h\u1ec7 th\u1ed1ng kh\u00ed n\u00e9n v\u00e0 th\u1ee7y l\u1ef1c, b\u1ea3o tr\u00ec c\u01a1 kh\u00ed v\u00e0 th\u1eed nghi\u1ec7m R&amp;D.<\/p>","protected":false},"excerpt":{"rendered":"<ul>\n<li>Bi\u1ec3u \u0111\u1ed3 thanh c\u00f3 th\u1ec3 ng\u0103n ch\u1eb7n \u00e1p su\u1ea5t qu\u00e1 cao.<\/li>\n<li>Thi\u1ebft b\u1ecb ghi d\u1eef li\u1ec7u gi\u00fap ghi l\u1ea1i c\u00e1c gi\u00e1 tr\u1ecb \u0111\u1ec9nh cao nh\u1ea5t v\u00e0 th\u1ea5p nh\u1ea5t m\u1ed9t c\u00e1ch hi\u1ec7u qu\u1ea3.<\/li>\n<li>\u0110\u01b0\u1ee3c trang b\u1ecb c\u00f4ng ngh\u1ec7 c\u1ea3m bi\u1ebfn t\u01b0\u01a1ng t\u1ef1 nh\u01b0 c\u00f4ng ngh\u1ec7 \u0111\u01b0\u1ee3c PCE Deutschland GmbH \u00e1p d\u1ee5ng.<\/li>\n<\/ul>","protected":false},"featured_media":1435,"template":"","meta":{"_acf_changed":false},"product_brand":[40],"product_cat":[16,41],"product_tag":[],"class_list":{"0":"post-1433","1":"product","2":"type-product","3":"status-publish","4":"has-post-thumbnail","6":"product_brand-sj-gauge","7":"product_cat-digital-pressure-gauge","8":"product_cat-pressure-instruments","10":"first","11":"instock","12":"shipping-taxable","13":"product-type-simple"},"acf":[],"yoast_head":"<!-- This site is optimized with the Yoast SEO Premium plugin v26.7 (Yoast SEO v27.4) - https:\/\/yoast.com\/product\/yoast-seo-premium-wordpress\/ -->\n<title>Digital Pressure Gauge | LCD Display | Industrial Use | SJ Gauge<\/title>\n<meta name=\"description\" content=\"MXB Digital pressure gauge with data logger uses an LCD screen for easy observation. It also includes a preset pressure warning to prevent overpressure.\" \/>\n<meta name=\"robots\" content=\"index, follow, max-snippet:-1, max-image-preview:large, max-video-preview:-1\" \/>\n<link rel=\"canonical\" href=\"https:\/\/www.sj-gauge.com\/vi\/san-pham\/mxb\/\" \/>\n<meta property=\"og:locale\" content=\"vi_VN\" \/>\n<meta property=\"og:type\" content=\"article\" \/>\n<meta property=\"og:title\" content=\"Digital Pressure Gauge, LCD Display\" \/>\n<meta property=\"og:description\" content=\"MXB Digital pressure gauge with data logger uses an LCD screen for easy observation. It also includes a preset pressure warning to prevent overpressure.\" \/>\n<meta property=\"og:url\" content=\"https:\/\/www.sj-gauge.com\/vi\/san-pham\/mxb\/\" \/>\n<meta property=\"og:site_name\" content=\"Your Expert in Pressure Temp and Smart Transmitters - SJ Gauge\" \/>\n<meta property=\"article:modified_time\" content=\"2026-03-26T12:21:32+00:00\" \/>\n<meta property=\"og:image\" content=\"https:\/\/www.sj-gauge.com\/wp-content\/uploads\/2025\/11\/01_SJ-Gauge_digital_pressure_gauge_with_LCD_display_bottom_mount-250204.jpg\" \/>\n\t<meta property=\"og:image:width\" content=\"1200\" \/>\n\t<meta property=\"og:image:height\" content=\"1000\" \/>\n\t<meta property=\"og:image:type\" content=\"image\/jpeg\" \/>\n<meta name=\"twitter:card\" content=\"summary_large_image\" \/>\n<meta name=\"twitter:label1\" content=\"\u01af\u1edbc t\u00ednh th\u1eddi gian \u0111\u1ecdc\" \/>\n\t<meta name=\"twitter:data1\" content=\"1 ph\u00fat\" \/>\n<script type=\"application\/ld+json\" class=\"yoast-schema-graph\">{\"@context\":\"https:\\\/\\\/schema.org\",\"@graph\":[{\"@type\":\"WebPage\",\"@id\":\"https:\\\/\\\/www.sj-gauge.com\\\/product\\\/mxb\\\/\",\"url\":\"https:\\\/\\\/www.sj-gauge.com\\\/product\\\/mxb\\\/\",\"name\":\"Digital Pressure Gauge | LCD Display | Industrial Use | SJ Gauge\",\"isPartOf\":{\"@id\":\"https:\\\/\\\/www.sj-gauge.com\\\/#website\"},\"primaryImageOfPage\":{\"@id\":\"https:\\\/\\\/www.sj-gauge.com\\\/product\\\/mxb\\\/#primaryimage\"},\"image\":{\"@id\":\"https:\\\/\\\/www.sj-gauge.com\\\/product\\\/mxb\\\/#primaryimage\"},\"thumbnailUrl\":\"https:\\\/\\\/www.sj-gauge.com\\\/wp-content\\\/uploads\\\/2025\\\/11\\\/01_SJ-Gauge_digital_pressure_gauge_with_LCD_display_bottom_mount-250204.jpg\",\"datePublished\":\"2025-11-07T02:31:50+00:00\",\"dateModified\":\"2026-03-26T12:21:32+00:00\",\"description\":\"MXB Digital pressure gauge with data logger uses an LCD screen for easy observation. It also includes a preset pressure warning to prevent overpressure.\",\"breadcrumb\":{\"@id\":\"https:\\\/\\\/www.sj-gauge.com\\\/product\\\/mxb\\\/#breadcrumb\"},\"inLanguage\":\"vi\",\"potentialAction\":[{\"@type\":\"ReadAction\",\"target\":[\"https:\\\/\\\/www.sj-gauge.com\\\/product\\\/mxb\\\/\"]}]},{\"@type\":\"ImageObject\",\"inLanguage\":\"vi\",\"@id\":\"https:\\\/\\\/www.sj-gauge.com\\\/product\\\/mxb\\\/#primaryimage\",\"url\":\"https:\\\/\\\/www.sj-gauge.com\\\/wp-content\\\/uploads\\\/2025\\\/11\\\/01_SJ-Gauge_digital_pressure_gauge_with_LCD_display_bottom_mount-250204.jpg\",\"contentUrl\":\"https:\\\/\\\/www.sj-gauge.com\\\/wp-content\\\/uploads\\\/2025\\\/11\\\/01_SJ-Gauge_digital_pressure_gauge_with_LCD_display_bottom_mount-250204.jpg\",\"width\":1200,\"height\":1000},{\"@type\":\"BreadcrumbList\",\"@id\":\"https:\\\/\\\/www.sj-gauge.com\\\/product\\\/mxb\\\/#breadcrumb\",\"itemListElement\":[{\"@type\":\"ListItem\",\"position\":1,\"name\":\"Home\",\"item\":\"https:\\\/\\\/www.sj-gauge.com\\\/\"},{\"@type\":\"ListItem\",\"position\":2,\"name\":\"Products\",\"item\":\"https:\\\/\\\/www.sj-gauge.com\\\/products\\\/\"},{\"@type\":\"ListItem\",\"position\":3,\"name\":\"Digital Pressure Gauge, LCD Display\"}]},{\"@type\":\"WebSite\",\"@id\":\"https:\\\/\\\/www.sj-gauge.com\\\/#website\",\"url\":\"https:\\\/\\\/www.sj-gauge.com\\\/\",\"name\":\"Your Expert in Pressure Temp and Smart Transmitters - SJ Gauge\",\"description\":\"Manufacturer of industrial pressure gauges, pressure sensors, and transmitters. SJ Gauge provides high accuracy, durable materials, and custom solutions for oil &amp; gas, chemical, and industrial applications.\",\"publisher\":{\"@id\":\"https:\\\/\\\/www.sj-gauge.com\\\/#organization\"},\"potentialAction\":[{\"@type\":\"SearchAction\",\"target\":{\"@type\":\"EntryPoint\",\"urlTemplate\":\"https:\\\/\\\/www.sj-gauge.com\\\/?s={search_term_string}\"},\"query-input\":{\"@type\":\"PropertyValueSpecification\",\"valueRequired\":true,\"valueName\":\"search_term_string\"}}],\"inLanguage\":\"vi\"},{\"@type\":\"Organization\",\"@id\":\"https:\\\/\\\/www.sj-gauge.com\\\/#organization\",\"name\":\"Your Expert in Pressure Temp and Smart Transmitters - SJ Gauge\",\"url\":\"https:\\\/\\\/www.sj-gauge.com\\\/\",\"logo\":{\"@type\":\"ImageObject\",\"inLanguage\":\"vi\",\"@id\":\"https:\\\/\\\/www.sj-gauge.com\\\/#\\\/schema\\\/logo\\\/image\\\/\",\"url\":\"https:\\\/\\\/www.sj-gauge.com\\\/wp-content\\\/uploads\\\/2025\\\/09\\\/logo.webp\",\"contentUrl\":\"https:\\\/\\\/www.sj-gauge.com\\\/wp-content\\\/uploads\\\/2025\\\/09\\\/logo.webp\",\"width\":348,\"height\":184,\"caption\":\"Your Expert in Pressure Temp and Smart Transmitters - SJ Gauge\"},\"image\":{\"@id\":\"https:\\\/\\\/www.sj-gauge.com\\\/#\\\/schema\\\/logo\\\/image\\\/\"}}]}<\/script>\n<!-- \/ Yoast SEO Premium plugin. -->","yoast_head_json":{"title":"\u0110\u1ed3ng h\u1ed3 \u0111o \u00e1p su\u1ea5t k\u1ef9 thu\u1eadt s\u1ed1 | M\u00e0n h\u00ecnh LCD | D\u00f9ng trong c\u00f4ng nghi\u1ec7p | \u0110\u1ed3ng h\u1ed3 SJ","description":"M\u00e1y \u0111o \u00e1p su\u1ea5t k\u1ef9 thu\u1eadt s\u1ed1 MXB c\u00f3 b\u1ed9 ghi d\u1eef li\u1ec7u s\u1eed d\u1ee5ng m\u00e0n h\u00ecnh LCD \u0111\u1ec3 quan s\u00e1t d\u1ec5 d\u00e0ng. Thi\u1ebft b\u1ecb n\u00e0y c\u00f2n t\u00edch h\u1ee3p c\u1ea3nh b\u00e1o \u00e1p su\u1ea5t c\u00e0i \u0111\u1eb7t s\u1eb5n \u0111\u1ec3 ng\u0103n ng\u1eeba t\u00ecnh tr\u1ea1ng \u00e1p su\u1ea5t qu\u00e1 cao.","robots":{"index":"index","follow":"follow","max-snippet":"max-snippet:-1","max-image-preview":"max-image-preview:large","max-video-preview":"max-video-preview:-1"},"canonical":"https:\/\/www.sj-gauge.com\/vi\/san-pham\/mxb\/","og_locale":"vi_VN","og_type":"article","og_title":"Digital Pressure Gauge, LCD Display","og_description":"MXB Digital pressure gauge with data logger uses an LCD screen for easy observation. It also includes a preset pressure warning to prevent overpressure.","og_url":"https:\/\/www.sj-gauge.com\/vi\/san-pham\/mxb\/","og_site_name":"Your Expert in Pressure Temp and Smart Transmitters - SJ Gauge","article_modified_time":"2026-03-26T12:21:32+00:00","og_image":[{"width":1200,"height":1000,"url":"https:\/\/www.sj-gauge.com\/wp-content\/uploads\/2025\/11\/01_SJ-Gauge_digital_pressure_gauge_with_LCD_display_bottom_mount-250204.jpg","type":"image\/jpeg"}],"twitter_card":"summary_large_image","twitter_misc":{"\u01af\u1edbc t\u00ednh th\u1eddi gian \u0111\u1ecdc":"1 ph\u00fat"},"schema":{"@context":"https:\/\/schema.org","@graph":[{"@type":"WebPage","@id":"https:\/\/www.sj-gauge.com\/product\/mxb\/","url":"https:\/\/www.sj-gauge.com\/product\/mxb\/","name":"\u0110\u1ed3ng h\u1ed3 \u0111o \u00e1p su\u1ea5t k\u1ef9 thu\u1eadt s\u1ed1 | M\u00e0n h\u00ecnh LCD | D\u00f9ng trong c\u00f4ng nghi\u1ec7p | \u0110\u1ed3ng h\u1ed3 SJ","isPartOf":{"@id":"https:\/\/www.sj-gauge.com\/#website"},"primaryImageOfPage":{"@id":"https:\/\/www.sj-gauge.com\/product\/mxb\/#primaryimage"},"image":{"@id":"https:\/\/www.sj-gauge.com\/product\/mxb\/#primaryimage"},"thumbnailUrl":"https:\/\/www.sj-gauge.com\/wp-content\/uploads\/2025\/11\/01_SJ-Gauge_digital_pressure_gauge_with_LCD_display_bottom_mount-250204.jpg","datePublished":"2025-11-07T02:31:50+00:00","dateModified":"2026-03-26T12:21:32+00:00","description":"M\u00e1y \u0111o \u00e1p su\u1ea5t k\u1ef9 thu\u1eadt s\u1ed1 MXB c\u00f3 b\u1ed9 ghi d\u1eef li\u1ec7u s\u1eed d\u1ee5ng m\u00e0n h\u00ecnh LCD \u0111\u1ec3 quan s\u00e1t d\u1ec5 d\u00e0ng. Thi\u1ebft b\u1ecb n\u00e0y c\u00f2n t\u00edch h\u1ee3p c\u1ea3nh b\u00e1o \u00e1p su\u1ea5t c\u00e0i \u0111\u1eb7t s\u1eb5n \u0111\u1ec3 ng\u0103n ng\u1eeba t\u00ecnh tr\u1ea1ng \u00e1p su\u1ea5t qu\u00e1 cao.","breadcrumb":{"@id":"https:\/\/www.sj-gauge.com\/product\/mxb\/#breadcrumb"},"inLanguage":"vi","potentialAction":[{"@type":"ReadAction","target":["https:\/\/www.sj-gauge.com\/product\/mxb\/"]}]},{"@type":"ImageObject","inLanguage":"vi","@id":"https:\/\/www.sj-gauge.com\/product\/mxb\/#primaryimage","url":"https:\/\/www.sj-gauge.com\/wp-content\/uploads\/2025\/11\/01_SJ-Gauge_digital_pressure_gauge_with_LCD_display_bottom_mount-250204.jpg","contentUrl":"https:\/\/www.sj-gauge.com\/wp-content\/uploads\/2025\/11\/01_SJ-Gauge_digital_pressure_gauge_with_LCD_display_bottom_mount-250204.jpg","width":1200,"height":1000},{"@type":"BreadcrumbList","@id":"https:\/\/www.sj-gauge.com\/product\/mxb\/#breadcrumb","itemListElement":[{"@type":"ListItem","position":1,"name":"Home","item":"https:\/\/www.sj-gauge.com\/"},{"@type":"ListItem","position":2,"name":"Products","item":"https:\/\/www.sj-gauge.com\/products\/"},{"@type":"ListItem","position":3,"name":"Digital Pressure Gauge, LCD Display"}]},{"@type":"WebSite","@id":"https:\/\/www.sj-gauge.com\/#website","url":"https:\/\/www.sj-gauge.com\/","name":"Chuy\u00ean gia v\u1ec1 c\u1ea3m bi\u1ebfn \u00e1p su\u1ea5t, nhi\u1ec7t \u0111\u1ed9 v\u00e0 c\u1ea3m bi\u1ebfn th\u00f4ng minh - SJ Gauge","description":"Nh\u00e0 s\u1ea3n xu\u1ea5t \u0111\u1ed3ng h\u1ed3 \u0111o \u00e1p su\u1ea5t c\u00f4ng nghi\u1ec7p, c\u1ea3m bi\u1ebfn \u00e1p su\u1ea5t v\u00e0 b\u1ed9 truy\u1ec1n t\u00edn hi\u1ec7u. SJ Gauge cung c\u1ea5p c\u00e1c s\u1ea3n ph\u1ea9m c\u00f3 \u0111\u1ed9 ch\u00ednh x\u00e1c cao, \u0111\u01b0\u1ee3c ch\u1ebf t\u1ea1o t\u1eeb v\u1eadt li\u1ec7u b\u1ec1n b\u1ec9 v\u00e0 c\u00e1c gi\u1ea3i ph\u00e1p t\u00f9y ch\u1ec9nh d\u00e0nh cho c\u00e1c \u1ee9ng d\u1ee5ng trong ng\u00e0nh d\u1ea7u kh\u00ed, h\u00f3a ch\u1ea5t v\u00e0 c\u00f4ng nghi\u1ec7p.","publisher":{"@id":"https:\/\/www.sj-gauge.com\/#organization"},"potentialAction":[{"@type":"SearchAction","target":{"@type":"EntryPoint","urlTemplate":"https:\/\/www.sj-gauge.com\/?s={search_term_string}"},"query-input":{"@type":"PropertyValueSpecification","valueRequired":true,"valueName":"search_term_string"}}],"inLanguage":"vi"},{"@type":"Organization","@id":"https:\/\/www.sj-gauge.com\/#organization","name":"Chuy\u00ean gia v\u1ec1 c\u1ea3m bi\u1ebfn \u00e1p su\u1ea5t, nhi\u1ec7t \u0111\u1ed9 v\u00e0 c\u1ea3m bi\u1ebfn th\u00f4ng minh - SJ Gauge","url":"https:\/\/www.sj-gauge.com\/","logo":{"@type":"ImageObject","inLanguage":"vi","@id":"https:\/\/www.sj-gauge.com\/#\/schema\/logo\/image\/","url":"https:\/\/www.sj-gauge.com\/wp-content\/uploads\/2025\/09\/logo.webp","contentUrl":"https:\/\/www.sj-gauge.com\/wp-content\/uploads\/2025\/09\/logo.webp","width":348,"height":184,"caption":"Your Expert in Pressure Temp and Smart Transmitters - SJ Gauge"},"image":{"@id":"https:\/\/www.sj-gauge.com\/#\/schema\/logo\/image\/"}}]}},"_links":{"self":[{"href":"https:\/\/www.sj-gauge.com\/vi\/wp-json\/wp\/v2\/product\/1433","targetHints":{"allow":["GET"]}}],"collection":[{"href":"https:\/\/www.sj-gauge.com\/vi\/wp-json\/wp\/v2\/product"}],"about":[{"href":"https:\/\/www.sj-gauge.com\/vi\/wp-json\/wp\/v2\/types\/product"}],"wp:featuredmedia":[{"embeddable":true,"href":"https:\/\/www.sj-gauge.com\/vi\/wp-json\/wp\/v2\/media\/1435"}],"wp:attachment":[{"href":"https:\/\/www.sj-gauge.com\/vi\/wp-json\/wp\/v2\/media?parent=1433"}],"wp:term":[{"taxonomy":"product_brand","embeddable":true,"href":"https:\/\/www.sj-gauge.com\/vi\/wp-json\/wp\/v2\/product_brand?post=1433"},{"taxonomy":"product_cat","embeddable":true,"href":"https:\/\/www.sj-gauge.com\/vi\/wp-json\/wp\/v2\/product_cat?post=1433"},{"taxonomy":"product_tag","embeddable":true,"href":"https:\/\/www.sj-gauge.com\/vi\/wp-json\/wp\/v2\/product_tag?post=1433"}],"curies":[{"name":"wp","href":"https:\/\/api.w.org\/{rel}","templated":true}]}}