{"id":1457,"date":"2025-11-07T11:24:47","date_gmt":"2025-11-07T03:24:47","guid":{"rendered":"https:\/\/sj-gauge.com\/?post_type=product&#038;p=1457"},"modified":"2026-03-26T20:49:32","modified_gmt":"2026-03-26T12:49:32","slug":"mxp","status":"publish","type":"product","link":"https:\/\/www.sj-gauge.com\/vi\/san-pham\/mxp\/","title":{"rendered":"M\u00e1y \u0111o \u00e1p su\u1ea5t k\u1ef9 thu\u1eadt s\u1ed1, \u0111\u1ed9 ch\u00ednh x\u00e1c cao"},"content":{"rendered":"<p>M\u00e1y \u0111o \u00e1p su\u1ea5t k\u1ef9 thu\u1eadt s\u1ed1 ch\u00ednh x\u00e1c cao MXP \u0111\u01b0\u1ee3c thi\u1ebft k\u1ebf cho vi\u1ec7c hi\u1ec7u chu\u1ea9n chuy\u00ean nghi\u1ec7p v\u00e0 \u0111o l\u01b0\u1eddng c\u00f4ng nghi\u1ec7p, cung c\u1ea5p \u0111\u1ed9 ch\u00ednh x\u00e1c l\u00ean \u0111\u1ebfn \u00b10.025% F.S. v\u00e0 t\u1ed1c \u0111\u1ed9 ph\u1ea3n h\u1ed3i nhanh 20\u201325 l\u1ea7n \u0111\u1ecdc m\u1ed7i gi\u00e2y. Thi\u1ebft b\u1ecb h\u1ed7 tr\u1ee3 l\u00ean \u0111\u1ebfn t\u00e1m \u0111\u01a1n v\u1ecb \u00e1p su\u1ea5t c\u00f3 th\u1ec3 l\u1ef1a ch\u1ecdn v\u00e0 \u0111\u01b0\u1ee3c trang b\u1ecb m\u00e0n h\u00ecnh LCD 5,5 ch\u1eef s\u1ed1 c\u00f3 \u0111\u00e8n n\u1ec1n, ch\u1ee9c n\u0103ng hi\u1ec3n th\u1ecb gi\u00e1 tr\u1ecb \u0111\u1ec9nh, ch\u1ebf \u0111\u1ed9 bi\u1ec3u \u0111\u1ed3 thanh v\u00e0 kh\u1ea3 n\u0103ng \u0111\u1eb7t l\u1ea1i v\u1ec1 zero. \u0110\u01b0\u1ee3c ch\u1ebf t\u1ea1o v\u1edbi m\u00e0ng ch\u1eafn th\u00e9p kh\u00f4ng g\u1ec9 316L, k\u1ebft n\u1ed1i qu\u00e1 tr\u00ecnh b\u1eb1ng th\u00e9p kh\u00f4ng g\u1ec9 304 v\u00e0 v\u1ecf nh\u00f4m m\u1ea1 niken b\u1ec1n b\u1ec9, thi\u1ebft b\u1ecb \u0111\u1ea3m b\u1ea3o hi\u1ec7u su\u1ea5t \u1ed5n \u0111\u1ecbnh tr\u00ean ph\u1ea1m vi \u00e1p su\u1ea5t r\u1ed9ng t\u1eeb 40 kPa \u0111\u1ebfn 100 MPa. S\u1eed d\u1ee5ng pin lithium s\u1ea1c l\u1ea1i 14500 v\u1edbi c\u1ed5ng s\u1ea1c Micro-B, MXP cho ph\u00e9p s\u1ea1c trong khi s\u1eed d\u1ee5ng v\u00e0 \u0111i k\u00e8m v\u1edbi h\u1ed9p \u0111\u1ef1ng ch\u1ed1ng s\u1ed1c v\u00e0 b\u1ed9 ph\u1ee5 ki\u1ec7n, ph\u00f9 h\u1ee3p cho hi\u1ec7u chu\u1ea9n thi\u1ebft b\u1ecb, th\u1eed nghi\u1ec7m kh\u00ed n\u00e9n v\u00e0 th\u1ee7y l\u1ef1c, c\u0169ng nh\u01b0 c\u00f4ng vi\u1ec7c \u0111o l\u01b0\u1eddng ch\u00ednh x\u00e1c.<\/p>","protected":false},"excerpt":{"rendered":"<ul>\n<li>\u0110\u1ed9 ch\u00ednh x\u00e1c l\u00ean \u0111\u1ebfn 0.025% F.S., l\u00fd t\u01b0\u1edfng cho vi\u1ec7c hi\u1ec7u chu\u1ea9n thi\u1ebft b\u1ecb.<\/li>\n<li>\u0110\u1ea3m b\u1ea3o \u0111\u1ed9 ch\u00ednh x\u00e1c th\u00f4ng qua qu\u00e1 tr\u00ecnh hi\u1ec7u chu\u1ea9n b\u1eb1ng c\u00e1c thi\u1ebft b\u1ecb ti\u00ean ti\u1ebfn c\u1ee7a c\u00e1c nh\u00e0 s\u1ea3n xu\u1ea5t h\u00e0ng \u0111\u1ea7u th\u1ebf gi\u1edbi nh\u01b0 Mensor v\u00e0 GE.<\/li>\n<li>Pin lithium t\u00edch h\u1ee3p, cho ph\u00e9p s\u1ea1c trong khi s\u1eed d\u1ee5ng (Micro-B)<\/li>\n<\/ul>","protected":false},"featured_media":1461,"template":"","meta":{"_acf_changed":false},"product_brand":[40],"product_cat":[16,41],"product_tag":[],"class_list":{"0":"post-1457","1":"product","2":"type-product","3":"status-publish","4":"has-post-thumbnail","6":"product_brand-sj-gauge","7":"product_cat-digital-pressure-gauge","8":"product_cat-pressure-instruments","10":"first","11":"instock","12":"shipping-taxable","13":"product-type-simple"},"acf":[],"yoast_head":"<!-- This site is optimized with the Yoast SEO Premium plugin v26.7 (Yoast SEO v27.4) - https:\/\/yoast.com\/product\/yoast-seo-premium-wordpress\/ -->\n<title>High Precision Digital Pressure Gauge | Calibration Use | SJ Gauge<\/title>\n<meta name=\"description\" content=\"MXP high precision digital pressure gauge with accuracy up to 0.025% F.S., designed for calibration and industrial measurement, featuring multi-unit selection, fast response, and rechargeable battery.\" \/>\n<meta name=\"robots\" content=\"index, follow, max-snippet:-1, max-image-preview:large, max-video-preview:-1\" \/>\n<link rel=\"canonical\" href=\"https:\/\/www.sj-gauge.com\/vi\/san-pham\/mxp\/\" \/>\n<meta property=\"og:locale\" content=\"vi_VN\" \/>\n<meta property=\"og:type\" content=\"article\" \/>\n<meta property=\"og:title\" content=\"Digital Pressure Gauge, High Precision\" \/>\n<meta property=\"og:description\" content=\"MXP high precision digital pressure gauge with accuracy up to 0.025% F.S., designed for calibration and industrial measurement, featuring multi-unit selection, fast response, and rechargeable battery.\" \/>\n<meta property=\"og:url\" content=\"https:\/\/www.sj-gauge.com\/vi\/san-pham\/mxp\/\" \/>\n<meta property=\"og:site_name\" content=\"SJ Gauge | Pressure Gauges, Thermometers &amp; Pressure Sensors\" \/>\n<meta property=\"article:modified_time\" content=\"2026-03-26T12:49:32+00:00\" \/>\n<meta property=\"og:image\" content=\"https:\/\/www.sj-gauge.com\/wp-content\/uploads\/2025\/11\/01_SJ-Gauge_high_presicion_pressure_gauge-250205.jpg\" \/>\n\t<meta property=\"og:image:width\" content=\"1200\" \/>\n\t<meta property=\"og:image:height\" content=\"1000\" \/>\n\t<meta property=\"og:image:type\" content=\"image\/jpeg\" \/>\n<meta name=\"twitter:card\" content=\"summary_large_image\" \/>\n<meta name=\"twitter:label1\" content=\"\u01af\u1edbc t\u00ednh th\u1eddi gian \u0111\u1ecdc\" \/>\n\t<meta name=\"twitter:data1\" content=\"1 ph\u00fat\" \/>\n<script type=\"application\/ld+json\" class=\"yoast-schema-graph\">{\"@context\":\"https:\\\/\\\/schema.org\",\"@graph\":[{\"@type\":\"WebPage\",\"@id\":\"https:\\\/\\\/www.sj-gauge.com\\\/product\\\/mxp\\\/\",\"url\":\"https:\\\/\\\/www.sj-gauge.com\\\/product\\\/mxp\\\/\",\"name\":\"High Precision Digital Pressure Gauge | Calibration Use | SJ Gauge\",\"isPartOf\":{\"@id\":\"https:\\\/\\\/www.sj-gauge.com\\\/#website\"},\"primaryImageOfPage\":{\"@id\":\"https:\\\/\\\/www.sj-gauge.com\\\/product\\\/mxp\\\/#primaryimage\"},\"image\":{\"@id\":\"https:\\\/\\\/www.sj-gauge.com\\\/product\\\/mxp\\\/#primaryimage\"},\"thumbnailUrl\":\"https:\\\/\\\/www.sj-gauge.com\\\/wp-content\\\/uploads\\\/2025\\\/11\\\/01_SJ-Gauge_high_presicion_pressure_gauge-250205.jpg\",\"datePublished\":\"2025-11-07T03:24:47+00:00\",\"dateModified\":\"2026-03-26T12:49:32+00:00\",\"description\":\"MXP high precision digital pressure gauge with accuracy up to 0.025% F.S., designed for calibration and industrial measurement, featuring multi-unit selection, fast response, and rechargeable battery.\",\"breadcrumb\":{\"@id\":\"https:\\\/\\\/www.sj-gauge.com\\\/product\\\/mxp\\\/#breadcrumb\"},\"inLanguage\":\"vi\",\"potentialAction\":[{\"@type\":\"ReadAction\",\"target\":[\"https:\\\/\\\/www.sj-gauge.com\\\/product\\\/mxp\\\/\"]}]},{\"@type\":\"ImageObject\",\"inLanguage\":\"vi\",\"@id\":\"https:\\\/\\\/www.sj-gauge.com\\\/product\\\/mxp\\\/#primaryimage\",\"url\":\"https:\\\/\\\/www.sj-gauge.com\\\/wp-content\\\/uploads\\\/2025\\\/11\\\/01_SJ-Gauge_high_presicion_pressure_gauge-250205.jpg\",\"contentUrl\":\"https:\\\/\\\/www.sj-gauge.com\\\/wp-content\\\/uploads\\\/2025\\\/11\\\/01_SJ-Gauge_high_presicion_pressure_gauge-250205.jpg\",\"width\":1200,\"height\":1000},{\"@type\":\"BreadcrumbList\",\"@id\":\"https:\\\/\\\/www.sj-gauge.com\\\/product\\\/mxp\\\/#breadcrumb\",\"itemListElement\":[{\"@type\":\"ListItem\",\"position\":1,\"name\":\"Home\",\"item\":\"https:\\\/\\\/www.sj-gauge.com\\\/\"},{\"@type\":\"ListItem\",\"position\":2,\"name\":\"Products\",\"item\":\"https:\\\/\\\/www.sj-gauge.com\\\/products\\\/\"},{\"@type\":\"ListItem\",\"position\":3,\"name\":\"Digital Pressure Gauge, High Precision\"}]},{\"@type\":\"WebSite\",\"@id\":\"https:\\\/\\\/www.sj-gauge.com\\\/#website\",\"url\":\"https:\\\/\\\/www.sj-gauge.com\\\/\",\"name\":\"SJ Gauge | Pressure Gauges, Thermometers &amp; Pressure Sensors\",\"description\":\"Manufacturer of industrial pressure gauges, pressure sensors, and transmitters. SJ Gauge provides high accuracy, durable materials, and custom solutions for oil &amp; gas, chemical, and industrial applications.\",\"publisher\":{\"@id\":\"https:\\\/\\\/www.sj-gauge.com\\\/#organization\"},\"potentialAction\":[{\"@type\":\"SearchAction\",\"target\":{\"@type\":\"EntryPoint\",\"urlTemplate\":\"https:\\\/\\\/www.sj-gauge.com\\\/?s={search_term_string}\"},\"query-input\":{\"@type\":\"PropertyValueSpecification\",\"valueRequired\":true,\"valueName\":\"search_term_string\"}}],\"inLanguage\":\"vi\"},{\"@type\":\"Organization\",\"@id\":\"https:\\\/\\\/www.sj-gauge.com\\\/#organization\",\"name\":\"SJ Gauge | Pressure Gauges, Thermometers &amp; Pressure Sensors\",\"url\":\"https:\\\/\\\/www.sj-gauge.com\\\/\",\"logo\":{\"@type\":\"ImageObject\",\"inLanguage\":\"vi\",\"@id\":\"https:\\\/\\\/www.sj-gauge.com\\\/#\\\/schema\\\/logo\\\/image\\\/\",\"url\":\"https:\\\/\\\/www.sj-gauge.com\\\/wp-content\\\/uploads\\\/2025\\\/09\\\/logo.webp\",\"contentUrl\":\"https:\\\/\\\/www.sj-gauge.com\\\/wp-content\\\/uploads\\\/2025\\\/09\\\/logo.webp\",\"width\":348,\"height\":184,\"caption\":\"SJ Gauge | Pressure Gauges, Thermometers &amp; Pressure Sensors\"},\"image\":{\"@id\":\"https:\\\/\\\/www.sj-gauge.com\\\/#\\\/schema\\\/logo\\\/image\\\/\"}}]}<\/script>\n<!-- \/ Yoast SEO Premium plugin. -->","yoast_head_json":{"title":"\u0110\u1ed3ng h\u1ed3 \u0111o \u00e1p su\u1ea5t k\u1ef9 thu\u1eadt s\u1ed1 \u0111\u1ed9 ch\u00ednh x\u00e1c cao | D\u00f9ng \u0111\u1ec3 hi\u1ec7u chu\u1ea9n | SJ Gauge","description":"M\u00e1y \u0111o \u00e1p su\u1ea5t k\u1ef9 thu\u1eadt s\u1ed1 ch\u00ednh x\u00e1c cao MXP v\u1edbi \u0111\u1ed9 ch\u00ednh x\u00e1c l\u00ean \u0111\u1ebfn 0,0251% d\u1ea3i \u0111o, \u0111\u01b0\u1ee3c thi\u1ebft k\u1ebf d\u00e0nh cho hi\u1ec7u chu\u1ea9n v\u00e0 \u0111o l\u01b0\u1eddng c\u00f4ng nghi\u1ec7p, c\u00f3 t\u00ednh n\u0103ng ch\u1ecdn \u0111\u01a1n v\u1ecb \u0111o \u0111a d\u1ea1ng, ph\u1ea3n h\u1ed3i nhanh v\u00e0 pin s\u1ea1c.","robots":{"index":"index","follow":"follow","max-snippet":"max-snippet:-1","max-image-preview":"max-image-preview:large","max-video-preview":"max-video-preview:-1"},"canonical":"https:\/\/www.sj-gauge.com\/vi\/san-pham\/mxp\/","og_locale":"vi_VN","og_type":"article","og_title":"Digital Pressure Gauge, High Precision","og_description":"MXP high precision digital pressure gauge with accuracy up to 0.025% F.S., designed for calibration and industrial measurement, featuring multi-unit selection, fast response, and rechargeable battery.","og_url":"https:\/\/www.sj-gauge.com\/vi\/san-pham\/mxp\/","og_site_name":"SJ Gauge | Pressure Gauges, Thermometers &amp; Pressure Sensors","article_modified_time":"2026-03-26T12:49:32+00:00","og_image":[{"width":1200,"height":1000,"url":"https:\/\/www.sj-gauge.com\/wp-content\/uploads\/2025\/11\/01_SJ-Gauge_high_presicion_pressure_gauge-250205.jpg","type":"image\/jpeg"}],"twitter_card":"summary_large_image","twitter_misc":{"\u01af\u1edbc t\u00ednh th\u1eddi gian \u0111\u1ecdc":"1 ph\u00fat"},"schema":{"@context":"https:\/\/schema.org","@graph":[{"@type":"WebPage","@id":"https:\/\/www.sj-gauge.com\/product\/mxp\/","url":"https:\/\/www.sj-gauge.com\/product\/mxp\/","name":"\u0110\u1ed3ng h\u1ed3 \u0111o \u00e1p su\u1ea5t k\u1ef9 thu\u1eadt s\u1ed1 \u0111\u1ed9 ch\u00ednh x\u00e1c cao | D\u00f9ng \u0111\u1ec3 hi\u1ec7u chu\u1ea9n | SJ Gauge","isPartOf":{"@id":"https:\/\/www.sj-gauge.com\/#website"},"primaryImageOfPage":{"@id":"https:\/\/www.sj-gauge.com\/product\/mxp\/#primaryimage"},"image":{"@id":"https:\/\/www.sj-gauge.com\/product\/mxp\/#primaryimage"},"thumbnailUrl":"https:\/\/www.sj-gauge.com\/wp-content\/uploads\/2025\/11\/01_SJ-Gauge_high_presicion_pressure_gauge-250205.jpg","datePublished":"2025-11-07T03:24:47+00:00","dateModified":"2026-03-26T12:49:32+00:00","description":"M\u00e1y \u0111o \u00e1p su\u1ea5t k\u1ef9 thu\u1eadt s\u1ed1 ch\u00ednh x\u00e1c cao MXP v\u1edbi \u0111\u1ed9 ch\u00ednh x\u00e1c l\u00ean \u0111\u1ebfn 0,0251% d\u1ea3i \u0111o, \u0111\u01b0\u1ee3c thi\u1ebft k\u1ebf d\u00e0nh cho hi\u1ec7u chu\u1ea9n v\u00e0 \u0111o l\u01b0\u1eddng c\u00f4ng nghi\u1ec7p, c\u00f3 t\u00ednh n\u0103ng ch\u1ecdn \u0111\u01a1n v\u1ecb \u0111o \u0111a d\u1ea1ng, ph\u1ea3n h\u1ed3i nhanh v\u00e0 pin s\u1ea1c.","breadcrumb":{"@id":"https:\/\/www.sj-gauge.com\/product\/mxp\/#breadcrumb"},"inLanguage":"vi","potentialAction":[{"@type":"ReadAction","target":["https:\/\/www.sj-gauge.com\/product\/mxp\/"]}]},{"@type":"ImageObject","inLanguage":"vi","@id":"https:\/\/www.sj-gauge.com\/product\/mxp\/#primaryimage","url":"https:\/\/www.sj-gauge.com\/wp-content\/uploads\/2025\/11\/01_SJ-Gauge_high_presicion_pressure_gauge-250205.jpg","contentUrl":"https:\/\/www.sj-gauge.com\/wp-content\/uploads\/2025\/11\/01_SJ-Gauge_high_presicion_pressure_gauge-250205.jpg","width":1200,"height":1000},{"@type":"BreadcrumbList","@id":"https:\/\/www.sj-gauge.com\/product\/mxp\/#breadcrumb","itemListElement":[{"@type":"ListItem","position":1,"name":"Home","item":"https:\/\/www.sj-gauge.com\/"},{"@type":"ListItem","position":2,"name":"Products","item":"https:\/\/www.sj-gauge.com\/products\/"},{"@type":"ListItem","position":3,"name":"Digital Pressure Gauge, High Precision"}]},{"@type":"WebSite","@id":"https:\/\/www.sj-gauge.com\/#website","url":"https:\/\/www.sj-gauge.com\/","name":"SJ Gauge | \u0110\u1ed3ng h\u1ed3 \u0111o \u00e1p su\u1ea5t, nhi\u1ec7t k\u1ebf v\u00e0 c\u1ea3m bi\u1ebfn \u00e1p su\u1ea5t","description":"Nh\u00e0 s\u1ea3n xu\u1ea5t \u0111\u1ed3ng h\u1ed3 \u0111o \u00e1p su\u1ea5t c\u00f4ng nghi\u1ec7p, c\u1ea3m bi\u1ebfn \u00e1p su\u1ea5t v\u00e0 b\u1ed9 truy\u1ec1n t\u00edn hi\u1ec7u. SJ Gauge cung c\u1ea5p c\u00e1c s\u1ea3n ph\u1ea9m c\u00f3 \u0111\u1ed9 ch\u00ednh x\u00e1c cao, \u0111\u01b0\u1ee3c ch\u1ebf t\u1ea1o t\u1eeb v\u1eadt li\u1ec7u b\u1ec1n b\u1ec9 v\u00e0 c\u00e1c gi\u1ea3i ph\u00e1p t\u00f9y ch\u1ec9nh d\u00e0nh cho c\u00e1c \u1ee9ng d\u1ee5ng trong ng\u00e0nh d\u1ea7u kh\u00ed, h\u00f3a ch\u1ea5t v\u00e0 c\u00f4ng nghi\u1ec7p.","publisher":{"@id":"https:\/\/www.sj-gauge.com\/#organization"},"potentialAction":[{"@type":"SearchAction","target":{"@type":"EntryPoint","urlTemplate":"https:\/\/www.sj-gauge.com\/?s={search_term_string}"},"query-input":{"@type":"PropertyValueSpecification","valueRequired":true,"valueName":"search_term_string"}}],"inLanguage":"vi"},{"@type":"Organization","@id":"https:\/\/www.sj-gauge.com\/#organization","name":"SJ Gauge | \u0110\u1ed3ng h\u1ed3 \u0111o \u00e1p su\u1ea5t, nhi\u1ec7t k\u1ebf v\u00e0 c\u1ea3m bi\u1ebfn \u00e1p su\u1ea5t","url":"https:\/\/www.sj-gauge.com\/","logo":{"@type":"ImageObject","inLanguage":"vi","@id":"https:\/\/www.sj-gauge.com\/#\/schema\/logo\/image\/","url":"https:\/\/www.sj-gauge.com\/wp-content\/uploads\/2025\/09\/logo.webp","contentUrl":"https:\/\/www.sj-gauge.com\/wp-content\/uploads\/2025\/09\/logo.webp","width":348,"height":184,"caption":"SJ Gauge | Pressure Gauges, Thermometers &amp; Pressure Sensors"},"image":{"@id":"https:\/\/www.sj-gauge.com\/#\/schema\/logo\/image\/"}}]}},"_links":{"self":[{"href":"https:\/\/www.sj-gauge.com\/vi\/wp-json\/wp\/v2\/product\/1457","targetHints":{"allow":["GET"]}}],"collection":[{"href":"https:\/\/www.sj-gauge.com\/vi\/wp-json\/wp\/v2\/product"}],"about":[{"href":"https:\/\/www.sj-gauge.com\/vi\/wp-json\/wp\/v2\/types\/product"}],"wp:featuredmedia":[{"embeddable":true,"href":"https:\/\/www.sj-gauge.com\/vi\/wp-json\/wp\/v2\/media\/1461"}],"wp:attachment":[{"href":"https:\/\/www.sj-gauge.com\/vi\/wp-json\/wp\/v2\/media?parent=1457"}],"wp:term":[{"taxonomy":"product_brand","embeddable":true,"href":"https:\/\/www.sj-gauge.com\/vi\/wp-json\/wp\/v2\/product_brand?post=1457"},{"taxonomy":"product_cat","embeddable":true,"href":"https:\/\/www.sj-gauge.com\/vi\/wp-json\/wp\/v2\/product_cat?post=1457"},{"taxonomy":"product_tag","embeddable":true,"href":"https:\/\/www.sj-gauge.com\/vi\/wp-json\/wp\/v2\/product_tag?post=1457"}],"curies":[{"name":"wp","href":"https:\/\/api.w.org\/{rel}","templated":true}]}}