{"id":1463,"date":"2025-11-07T11:39:36","date_gmt":"2025-11-07T03:39:36","guid":{"rendered":"https:\/\/sj-gauge.com\/?post_type=product&#038;p=1463"},"modified":"2026-04-21T23:36:27","modified_gmt":"2026-04-21T15:36:27","slug":"prd-700","status":"publish","type":"product","link":"https:\/\/www.sj-gauge.com\/vi\/san-pham\/prd-700\/","title":{"rendered":"M\u00e1y \u0111o \u00e1p su\u1ea5t k\u1ef9 thu\u1eadt s\u1ed1, lo\u1ea1i ch\u00ednh"},"content":{"rendered":"<p data-start=\"101\" data-end=\"313\">M\u1eabu PRD-700 l\u00e0 m\u1ed9t \u0111\u1ed3ng h\u1ed3 \u0111o \u00e1p su\u1ea5t k\u1ef9 thu\u1eadt s\u1ed1 \u0111\u01b0\u1ee3c \u0111i\u1ec1u khi\u1ec3n b\u1edfi b\u1ed9 vi x\u1eed l\u00fd ti\u00ean ti\u1ebfn. S\u1ea3n ph\u1ea9m n\u00e0y mang \u0111\u1ebfn gi\u1ea3i ph\u00e1p \u0111o \u00e1p su\u1ea5t thi\u1ebft th\u1ef1c v\u00e0 ti\u1ebft ki\u1ec7m chi ph\u00ed, \u0111\u1ed3ng th\u1eddi v\u1eabn \u0111\u1ea3m b\u1ea3o \u0111\u1ed9 ch\u00ednh x\u00e1c v\u00e0 \u0111\u1ed9 tin c\u1eady cao. \u0110\u1ec3 t\u0103ng c\u01b0\u1eddng kh\u1ea3 n\u0103ng t\u00edch h\u1ee3p linh ki\u1ec7n, s\u1ea3n ph\u1ea9m \u00e1p d\u1ee5ng s\u1ef1 k\u1ebft h\u1ee3p gi\u1eefa c\u00f4ng ngh\u1ec7 l\u1eafp r\u00e1p truy\u1ec1n th\u1ed1ng v\u00e0 c\u00f4ng ngh\u1ec7 l\u1eafp r\u00e1p b\u1ec1 m\u1eb7t (SMT). Thi\u1ebft k\u1ebf n\u00e0y gi\u00fap n\u00e2ng cao kh\u1ea3 n\u0103ng ch\u1ed1ng rung v\u00e0 ch\u1ecbu l\u1ef1c c\u01a1 h\u1ecdc, \u0111\u1ed3ng th\u1eddi \u0111\u1ea3m b\u1ea3o s\u1ef1 \u1ed5n \u0111\u1ecbnh v\u00e0 \u0111\u1ed9 tin c\u1eady l\u00e2u d\u00e0i c\u1ee7a m\u1ea1ch \u0111i\u1ec7n.<\/p>","protected":false},"excerpt":{"rendered":"<ul>\n<li>H\u1ed7 tr\u1ee3 nhi\u1ec1u lo\u1ea1i \u00e1p su\u1ea5t (\u00e1p su\u1ea5t gauge, \u00e1p su\u1ea5t tuy\u1ec7t \u0111\u1ed1i, \u00e1p su\u1ea5t ch\u00eanh l\u1ec7ch, \u00e1p su\u1ea5t t\u1ed5ng h\u1ee3p) v\u1edbi d\u1ea3i \u0111o l\u00ean \u0111\u1ebfn 2500 bar v\u00e0 \u0111\u1ed9 ch\u00ednh x\u00e1c t\u1eeb 0.2% \u0111\u1ebfn 0.01%.<\/li>\n<li>\u0110\u01b0\u1ee3c trang b\u1ecb c\u00f4ng ngh\u1ec7 c\u1ea3m bi\u1ebfn t\u01b0\u01a1ng t\u1ef1 nh\u01b0 c\u00f4ng ngh\u1ec7 \u0111\u01b0\u1ee3c th\u01b0\u01a1ng hi\u1ec7u Anh Qu\u1ed1c \u201cAshford Instrumentation\u201d \u00e1p d\u1ee5ng.<\/li>\n<li>M\u00e0n h\u00ecnh LCD c\u00f3 \u0111\u00e8n n\u1ec1n v\u1edbi 6 ch\u1eef s\u1ed1 v\u00e0 kh\u1ea3 n\u0103ng ghi d\u1eef li\u1ec7u l\u00ean \u0111\u1ebfn 1.600 b\u1ea3n ghi.<\/li>\n<\/ul>","protected":false},"featured_media":1465,"template":"","meta":{"_acf_changed":false},"product_brand":[40],"product_cat":[16,41],"product_tag":[],"class_list":{"0":"post-1463","1":"product","2":"type-product","3":"status-publish","4":"has-post-thumbnail","6":"product_brand-sj-gauge","7":"product_cat-digital-pressure-gauge","8":"product_cat-pressure-instruments","10":"first","11":"instock","12":"shipping-taxable","13":"product-type-simple"},"acf":[],"yoast_head":"<!-- This site is optimized with the Yoast SEO Premium plugin v26.7 (Yoast SEO v27.4) - https:\/\/yoast.com\/product\/yoast-seo-premium-wordpress\/ -->\n<title>High Accuracy Digital Pressure Gauge | Calibration &amp; Testing | SJ Gauge<\/title>\n<meta name=\"description\" content=\"PRD-700 high accuracy digital pressure gauge designed for calibration and testing applications, featuring multi-pressure measurement, data logging, and precision accuracy up to 0.01%.\" \/>\n<meta name=\"robots\" content=\"index, follow, max-snippet:-1, max-image-preview:large, max-video-preview:-1\" \/>\n<link rel=\"canonical\" href=\"https:\/\/www.sj-gauge.com\/vi\/san-pham\/prd-700\/\" \/>\n<meta property=\"og:locale\" content=\"vi_VN\" \/>\n<meta property=\"og:type\" content=\"article\" \/>\n<meta property=\"og:title\" content=\"Digital Pressure Gauge, Master\" \/>\n<meta property=\"og:description\" content=\"PRD-700 high accuracy digital pressure gauge designed for calibration and testing applications, featuring multi-pressure measurement, data logging, and precision accuracy up to 0.01%.\" \/>\n<meta property=\"og:url\" content=\"https:\/\/www.sj-gauge.com\/vi\/san-pham\/prd-700\/\" \/>\n<meta property=\"og:site_name\" content=\"SJ Gauge | Pressure Gauges, Thermometers &amp; Pressure Sensors\" \/>\n<meta property=\"article:modified_time\" content=\"2026-04-21T15:36:27+00:00\" \/>\n<meta property=\"og:image\" content=\"https:\/\/www.sj-gauge.com\/wp-content\/uploads\/2025\/11\/SJ-Gauge-master-digital-gauge-LCD.jpg\" \/>\n\t<meta property=\"og:image:width\" content=\"1200\" \/>\n\t<meta property=\"og:image:height\" content=\"1000\" \/>\n\t<meta property=\"og:image:type\" content=\"image\/jpeg\" \/>\n<meta name=\"twitter:card\" content=\"summary_large_image\" \/>\n<meta name=\"twitter:label1\" content=\"\u01af\u1edbc t\u00ednh th\u1eddi gian \u0111\u1ecdc\" \/>\n\t<meta name=\"twitter:data1\" content=\"1 ph\u00fat\" \/>\n<script type=\"application\/ld+json\" class=\"yoast-schema-graph\">{\"@context\":\"https:\\\/\\\/schema.org\",\"@graph\":[{\"@type\":\"WebPage\",\"@id\":\"https:\\\/\\\/www.sj-gauge.com\\\/product\\\/prd-700\\\/\",\"url\":\"https:\\\/\\\/www.sj-gauge.com\\\/product\\\/prd-700\\\/\",\"name\":\"High Accuracy Digital Pressure Gauge | Calibration & Testing | SJ Gauge\",\"isPartOf\":{\"@id\":\"https:\\\/\\\/www.sj-gauge.com\\\/#website\"},\"primaryImageOfPage\":{\"@id\":\"https:\\\/\\\/www.sj-gauge.com\\\/product\\\/prd-700\\\/#primaryimage\"},\"image\":{\"@id\":\"https:\\\/\\\/www.sj-gauge.com\\\/product\\\/prd-700\\\/#primaryimage\"},\"thumbnailUrl\":\"https:\\\/\\\/www.sj-gauge.com\\\/wp-content\\\/uploads\\\/2025\\\/11\\\/SJ-Gauge-master-digital-gauge-LCD.jpg\",\"datePublished\":\"2025-11-07T03:39:36+00:00\",\"dateModified\":\"2026-04-21T15:36:27+00:00\",\"description\":\"PRD-700 high accuracy digital pressure gauge designed for calibration and testing applications, featuring multi-pressure measurement, data logging, and precision accuracy up to 0.01%.\",\"breadcrumb\":{\"@id\":\"https:\\\/\\\/www.sj-gauge.com\\\/product\\\/prd-700\\\/#breadcrumb\"},\"inLanguage\":\"vi\",\"potentialAction\":[{\"@type\":\"ReadAction\",\"target\":[\"https:\\\/\\\/www.sj-gauge.com\\\/product\\\/prd-700\\\/\"]}]},{\"@type\":\"ImageObject\",\"inLanguage\":\"vi\",\"@id\":\"https:\\\/\\\/www.sj-gauge.com\\\/product\\\/prd-700\\\/#primaryimage\",\"url\":\"https:\\\/\\\/www.sj-gauge.com\\\/wp-content\\\/uploads\\\/2025\\\/11\\\/SJ-Gauge-master-digital-gauge-LCD.jpg\",\"contentUrl\":\"https:\\\/\\\/www.sj-gauge.com\\\/wp-content\\\/uploads\\\/2025\\\/11\\\/SJ-Gauge-master-digital-gauge-LCD.jpg\",\"width\":1200,\"height\":1000,\"caption\":\"SJ Gauge digital pressure gauge with LCD display, stainless steel connection\"},{\"@type\":\"BreadcrumbList\",\"@id\":\"https:\\\/\\\/www.sj-gauge.com\\\/product\\\/prd-700\\\/#breadcrumb\",\"itemListElement\":[{\"@type\":\"ListItem\",\"position\":1,\"name\":\"Home\",\"item\":\"https:\\\/\\\/www.sj-gauge.com\\\/\"},{\"@type\":\"ListItem\",\"position\":2,\"name\":\"Products\",\"item\":\"https:\\\/\\\/www.sj-gauge.com\\\/products\\\/\"},{\"@type\":\"ListItem\",\"position\":3,\"name\":\"Digital Pressure Gauge, Master\"}]},{\"@type\":\"WebSite\",\"@id\":\"https:\\\/\\\/www.sj-gauge.com\\\/#website\",\"url\":\"https:\\\/\\\/www.sj-gauge.com\\\/\",\"name\":\"SJ Gauge | Pressure Gauges, Thermometers &amp; Pressure Sensors\",\"description\":\"Manufacturer of industrial pressure gauges, pressure sensors, and transmitters. SJ Gauge provides high accuracy, durable materials, and custom solutions for oil &amp; gas, chemical, and industrial applications.\",\"publisher\":{\"@id\":\"https:\\\/\\\/www.sj-gauge.com\\\/#organization\"},\"potentialAction\":[{\"@type\":\"SearchAction\",\"target\":{\"@type\":\"EntryPoint\",\"urlTemplate\":\"https:\\\/\\\/www.sj-gauge.com\\\/?s={search_term_string}\"},\"query-input\":{\"@type\":\"PropertyValueSpecification\",\"valueRequired\":true,\"valueName\":\"search_term_string\"}}],\"inLanguage\":\"vi\"},{\"@type\":\"Organization\",\"@id\":\"https:\\\/\\\/www.sj-gauge.com\\\/#organization\",\"name\":\"SJ Gauge | Pressure Gauges, Thermometers &amp; Pressure Sensors\",\"url\":\"https:\\\/\\\/www.sj-gauge.com\\\/\",\"logo\":{\"@type\":\"ImageObject\",\"inLanguage\":\"vi\",\"@id\":\"https:\\\/\\\/www.sj-gauge.com\\\/#\\\/schema\\\/logo\\\/image\\\/\",\"url\":\"https:\\\/\\\/www.sj-gauge.com\\\/wp-content\\\/uploads\\\/2025\\\/09\\\/logo.webp\",\"contentUrl\":\"https:\\\/\\\/www.sj-gauge.com\\\/wp-content\\\/uploads\\\/2025\\\/09\\\/logo.webp\",\"width\":348,\"height\":184,\"caption\":\"SJ Gauge | Pressure Gauges, Thermometers &amp; Pressure Sensors\"},\"image\":{\"@id\":\"https:\\\/\\\/www.sj-gauge.com\\\/#\\\/schema\\\/logo\\\/image\\\/\"}}]}<\/script>\n<!-- \/ Yoast SEO Premium plugin. -->","yoast_head_json":{"title":"\u0110\u1ed3ng h\u1ed3 \u0111o \u00e1p su\u1ea5t k\u1ef9 thu\u1eadt s\u1ed1 \u0111\u1ed9 ch\u00ednh x\u00e1c cao | Hi\u1ec7u chu\u1ea9n &amp; Ki\u1ec3m tra | SJ Gauge","description":"M\u00e1y \u0111o \u00e1p su\u1ea5t k\u1ef9 thu\u1eadt s\u1ed1 \u0111\u1ed9 ch\u00ednh x\u00e1c cao PRD-700 \u0111\u01b0\u1ee3c thi\u1ebft k\u1ebf d\u00e0nh cho c\u00e1c \u1ee9ng d\u1ee5ng hi\u1ec7u chu\u1ea9n v\u00e0 ki\u1ec3m tra, v\u1edbi c\u00e1c t\u00ednh n\u0103ng \u0111o \u0111a \u00e1p su\u1ea5t, ghi d\u1eef li\u1ec7u v\u00e0 \u0111\u1ed9 ch\u00ednh x\u00e1c l\u00ean \u0111\u1ebfn 0,011 MPa.","robots":{"index":"index","follow":"follow","max-snippet":"max-snippet:-1","max-image-preview":"max-image-preview:large","max-video-preview":"max-video-preview:-1"},"canonical":"https:\/\/www.sj-gauge.com\/vi\/san-pham\/prd-700\/","og_locale":"vi_VN","og_type":"article","og_title":"Digital Pressure Gauge, Master","og_description":"PRD-700 high accuracy digital pressure gauge designed for calibration and testing applications, featuring multi-pressure measurement, data logging, and precision accuracy up to 0.01%.","og_url":"https:\/\/www.sj-gauge.com\/vi\/san-pham\/prd-700\/","og_site_name":"SJ Gauge | Pressure Gauges, Thermometers &amp; Pressure Sensors","article_modified_time":"2026-04-21T15:36:27+00:00","og_image":[{"width":1200,"height":1000,"url":"https:\/\/www.sj-gauge.com\/wp-content\/uploads\/2025\/11\/SJ-Gauge-master-digital-gauge-LCD.jpg","type":"image\/jpeg"}],"twitter_card":"summary_large_image","twitter_misc":{"\u01af\u1edbc t\u00ednh th\u1eddi gian \u0111\u1ecdc":"1 ph\u00fat"},"schema":{"@context":"https:\/\/schema.org","@graph":[{"@type":"WebPage","@id":"https:\/\/www.sj-gauge.com\/product\/prd-700\/","url":"https:\/\/www.sj-gauge.com\/product\/prd-700\/","name":"\u0110\u1ed3ng h\u1ed3 \u0111o \u00e1p su\u1ea5t k\u1ef9 thu\u1eadt s\u1ed1 \u0111\u1ed9 ch\u00ednh x\u00e1c cao | Hi\u1ec7u chu\u1ea9n &amp; Ki\u1ec3m tra | SJ Gauge","isPartOf":{"@id":"https:\/\/www.sj-gauge.com\/#website"},"primaryImageOfPage":{"@id":"https:\/\/www.sj-gauge.com\/product\/prd-700\/#primaryimage"},"image":{"@id":"https:\/\/www.sj-gauge.com\/product\/prd-700\/#primaryimage"},"thumbnailUrl":"https:\/\/www.sj-gauge.com\/wp-content\/uploads\/2025\/11\/SJ-Gauge-master-digital-gauge-LCD.jpg","datePublished":"2025-11-07T03:39:36+00:00","dateModified":"2026-04-21T15:36:27+00:00","description":"M\u00e1y \u0111o \u00e1p su\u1ea5t k\u1ef9 thu\u1eadt s\u1ed1 \u0111\u1ed9 ch\u00ednh x\u00e1c cao PRD-700 \u0111\u01b0\u1ee3c thi\u1ebft k\u1ebf d\u00e0nh cho c\u00e1c \u1ee9ng d\u1ee5ng hi\u1ec7u chu\u1ea9n v\u00e0 ki\u1ec3m tra, v\u1edbi c\u00e1c t\u00ednh n\u0103ng \u0111o \u0111a \u00e1p su\u1ea5t, ghi d\u1eef li\u1ec7u v\u00e0 \u0111\u1ed9 ch\u00ednh x\u00e1c l\u00ean \u0111\u1ebfn 0,011 MPa.","breadcrumb":{"@id":"https:\/\/www.sj-gauge.com\/product\/prd-700\/#breadcrumb"},"inLanguage":"vi","potentialAction":[{"@type":"ReadAction","target":["https:\/\/www.sj-gauge.com\/product\/prd-700\/"]}]},{"@type":"ImageObject","inLanguage":"vi","@id":"https:\/\/www.sj-gauge.com\/product\/prd-700\/#primaryimage","url":"https:\/\/www.sj-gauge.com\/wp-content\/uploads\/2025\/11\/SJ-Gauge-master-digital-gauge-LCD.jpg","contentUrl":"https:\/\/www.sj-gauge.com\/wp-content\/uploads\/2025\/11\/SJ-Gauge-master-digital-gauge-LCD.jpg","width":1200,"height":1000,"caption":"SJ Gauge digital pressure gauge with LCD display, stainless steel connection"},{"@type":"BreadcrumbList","@id":"https:\/\/www.sj-gauge.com\/product\/prd-700\/#breadcrumb","itemListElement":[{"@type":"ListItem","position":1,"name":"Home","item":"https:\/\/www.sj-gauge.com\/"},{"@type":"ListItem","position":2,"name":"Products","item":"https:\/\/www.sj-gauge.com\/products\/"},{"@type":"ListItem","position":3,"name":"Digital Pressure Gauge, Master"}]},{"@type":"WebSite","@id":"https:\/\/www.sj-gauge.com\/#website","url":"https:\/\/www.sj-gauge.com\/","name":"SJ Gauge | \u0110\u1ed3ng h\u1ed3 \u0111o \u00e1p su\u1ea5t, nhi\u1ec7t k\u1ebf v\u00e0 c\u1ea3m bi\u1ebfn \u00e1p su\u1ea5t","description":"Nh\u00e0 s\u1ea3n xu\u1ea5t \u0111\u1ed3ng h\u1ed3 \u0111o \u00e1p su\u1ea5t c\u00f4ng nghi\u1ec7p, c\u1ea3m bi\u1ebfn \u00e1p su\u1ea5t v\u00e0 b\u1ed9 truy\u1ec1n t\u00edn hi\u1ec7u. SJ Gauge cung c\u1ea5p c\u00e1c s\u1ea3n ph\u1ea9m c\u00f3 \u0111\u1ed9 ch\u00ednh x\u00e1c cao, \u0111\u01b0\u1ee3c ch\u1ebf t\u1ea1o t\u1eeb v\u1eadt li\u1ec7u b\u1ec1n b\u1ec9 v\u00e0 c\u00e1c gi\u1ea3i ph\u00e1p t\u00f9y ch\u1ec9nh d\u00e0nh cho c\u00e1c \u1ee9ng d\u1ee5ng trong ng\u00e0nh d\u1ea7u kh\u00ed, h\u00f3a ch\u1ea5t v\u00e0 c\u00f4ng nghi\u1ec7p.","publisher":{"@id":"https:\/\/www.sj-gauge.com\/#organization"},"potentialAction":[{"@type":"SearchAction","target":{"@type":"EntryPoint","urlTemplate":"https:\/\/www.sj-gauge.com\/?s={search_term_string}"},"query-input":{"@type":"PropertyValueSpecification","valueRequired":true,"valueName":"search_term_string"}}],"inLanguage":"vi"},{"@type":"Organization","@id":"https:\/\/www.sj-gauge.com\/#organization","name":"SJ Gauge | \u0110\u1ed3ng h\u1ed3 \u0111o \u00e1p su\u1ea5t, nhi\u1ec7t k\u1ebf v\u00e0 c\u1ea3m bi\u1ebfn \u00e1p su\u1ea5t","url":"https:\/\/www.sj-gauge.com\/","logo":{"@type":"ImageObject","inLanguage":"vi","@id":"https:\/\/www.sj-gauge.com\/#\/schema\/logo\/image\/","url":"https:\/\/www.sj-gauge.com\/wp-content\/uploads\/2025\/09\/logo.webp","contentUrl":"https:\/\/www.sj-gauge.com\/wp-content\/uploads\/2025\/09\/logo.webp","width":348,"height":184,"caption":"SJ Gauge | Pressure Gauges, Thermometers &amp; Pressure Sensors"},"image":{"@id":"https:\/\/www.sj-gauge.com\/#\/schema\/logo\/image\/"}}]}},"_links":{"self":[{"href":"https:\/\/www.sj-gauge.com\/vi\/wp-json\/wp\/v2\/product\/1463","targetHints":{"allow":["GET"]}}],"collection":[{"href":"https:\/\/www.sj-gauge.com\/vi\/wp-json\/wp\/v2\/product"}],"about":[{"href":"https:\/\/www.sj-gauge.com\/vi\/wp-json\/wp\/v2\/types\/product"}],"wp:featuredmedia":[{"embeddable":true,"href":"https:\/\/www.sj-gauge.com\/vi\/wp-json\/wp\/v2\/media\/1465"}],"wp:attachment":[{"href":"https:\/\/www.sj-gauge.com\/vi\/wp-json\/wp\/v2\/media?parent=1463"}],"wp:term":[{"taxonomy":"product_brand","embeddable":true,"href":"https:\/\/www.sj-gauge.com\/vi\/wp-json\/wp\/v2\/product_brand?post=1463"},{"taxonomy":"product_cat","embeddable":true,"href":"https:\/\/www.sj-gauge.com\/vi\/wp-json\/wp\/v2\/product_cat?post=1463"},{"taxonomy":"product_tag","embeddable":true,"href":"https:\/\/www.sj-gauge.com\/vi\/wp-json\/wp\/v2\/product_tag?post=1463"}],"curies":[{"name":"wp","href":"https:\/\/api.w.org\/{rel}","templated":true}]}}