{"id":1472,"date":"2025-11-07T11:54:14","date_gmt":"2025-11-07T03:54:14","guid":{"rendered":"https:\/\/sj-gauge.com\/?post_type=product&#038;p=1472"},"modified":"2026-03-26T21:56:35","modified_gmt":"2026-03-26T13:56:35","slug":"prd-s280c","status":"publish","type":"product","link":"https:\/\/www.sj-gauge.com\/vi\/san-pham\/prd-s280c\/","title":{"rendered":"M\u00e1y \u0111o \u00e1p su\u1ea5t k\u1ef9 thu\u1eadt s\u1ed1, Thi\u1ebft b\u1ecb ghi d\u1eef li\u1ec7u"},"content":{"rendered":"<p>PRD-S280C l\u00e0 m\u1ed9t \u0111\u1ed3ng h\u1ed3 \u00e1p su\u1ea5t k\u1ef9 thu\u1eadt s\u1ed1 \u0111\u1ed9 ch\u00ednh x\u00e1c cao, t\u00edch h\u1ee3p h\u1ec7 th\u1ed1ng ghi d\u1eef li\u1ec7u, cung c\u1ea5p \u0111\u1ed9 ch\u00ednh x\u00e1c \u00b10.2% F.S., m\u00e0n h\u00ecnh LCD 5 ch\u1eef s\u1ed1 v\u00e0 b\u1ed9 nh\u1edb tu\u1ea7n ho\u00e0n c\u00f3 kh\u1ea3 n\u0103ng l\u01b0u tr\u1eef l\u00ean \u0111\u1ebfn 10.000 m\u1ee5c d\u1eef li\u1ec7u. Ng\u01b0\u1eddi d\u00f9ng c\u00f3 th\u1ec3 c\u00e0i \u0111\u1eb7t kho\u1ea3ng th\u1eddi gian ghi d\u1eef li\u1ec7u t\u1eeb 1 \u0111\u1ebfn 3600 gi\u00e2y v\u00e0 xu\u1ea5t b\u1ea3n ghi d\u01b0\u1edbi \u0111\u1ecbnh d\u1ea1ng xls th\u00f4ng qua giao di\u1ec7n Micro-B v\u00e0 ph\u1ea7n m\u1ec1m chuy\u00ean d\u1ee5ng. Thi\u1ebft b\u1ecb \u0111\u01b0\u1ee3c ch\u1ebf t\u1ea1o t\u1eeb v\u1eadt li\u1ec7u th\u00e9p kh\u00f4ng g\u1ec9 304\/316L, h\u1ed7 tr\u1ee3 nhi\u1ec1u d\u1ea3i \u00e1p su\u1ea5t, chuy\u1ec3n \u0111\u1ed5i \u0111\u01a1n v\u1ecb, hi\u1ec3n th\u1ecb gi\u00e1 tr\u1ecb \u0111\u1ec9nh, ki\u1ec3m tra r\u00f2 r\u1ec9 v\u00e0 c\u1ea3nh b\u00e1o qu\u00e1 t\u1ea3i. S\u1eed d\u1ee5ng hai pin AAA cung c\u1ea5p th\u1eddi gian ho\u1ea1t \u0111\u1ed9ng l\u00ean \u0111\u1ebfn m\u1ed9t n\u0103m, thi\u1ebft b\u1ecb n\u00e0y l\u00fd t\u01b0\u1edfng cho vi\u1ec7c gi\u00e1m s\u00e1t thi\u1ebft b\u1ecb, ghi ch\u00e9p \u00e1p su\u1ea5t, ki\u1ec3m tra hi\u1ec7n tr\u01b0\u1eddng v\u00e0 c\u00e1c \u1ee9ng d\u1ee5ng y\u00eau c\u1ea7u ghi ch\u00e9p \u00e1p su\u1ea5t c\u00f3 th\u1ec3 truy xu\u1ea5t ngu\u1ed3n g\u1ed1c.<\/p>","protected":false},"excerpt":{"rendered":"<ul>\n<li>H\u1ed7 tr\u1ee3 ghi nh\u1eadt k\u00fd d\u1eef li\u1ec7u \u00e1p su\u1ea5t t\u1ef1 \u0111\u1ed9ng v\u1edbi kho\u1ea3ng th\u1eddi gian \u0111i\u1ec1u ch\u1ec9nh t\u1eeb 1 \u0111\u1ebfn 3.600 gi\u00e2y.<\/li>\n<li>B\u1ed9 nh\u1edb t\u00edch h\u1ee3p c\u00f3 dung l\u01b0\u1ee3ng l\u1edbn, c\u00f3 th\u1ec3 l\u01b0u tr\u1eef l\u00ean \u0111\u1ebfn 10.000 m\u1ee5c d\u1eef li\u1ec7u l\u1ecbch s\u1eed.<\/li>\n<li>\u0110\u01b0\u1ee3c trang b\u1ecb giao di\u1ec7n Micro-B v\u00e0 ph\u1ea7n m\u1ec1m chuy\u00ean d\u1ee5ng, cho ph\u00e9p xu\u1ea5t d\u1eef li\u1ec7u nhanh ch\u00f3ng d\u01b0\u1edbi \u0111\u1ecbnh d\u1ea1ng xls sang m\u00e1y t\u00ednh.<\/li>\n<\/ul>","protected":false},"featured_media":1477,"template":"","meta":{"_acf_changed":false},"product_brand":[40],"product_cat":[16,41],"product_tag":[],"class_list":{"0":"post-1472","1":"product","2":"type-product","3":"status-publish","4":"has-post-thumbnail","6":"product_brand-sj-gauge","7":"product_cat-digital-pressure-gauge","8":"product_cat-pressure-instruments","10":"first","11":"instock","12":"shipping-taxable","13":"product-type-simple"},"acf":[],"yoast_head":"<!-- This site is optimized with the Yoast SEO Premium plugin v26.7 (Yoast SEO v27.4) - https:\/\/yoast.com\/product\/yoast-seo-premium-wordpress\/ -->\n<title>Data Logging Digital Pressure Gauge | Industrial Applications | SJ Gauge<\/title>\n<meta name=\"description\" content=\"PRD-S280C digital pressure gauge with built-in data logger, supporting up to 10,000 records, adjustable logging intervals, and easy data export for industrial monitoring and analysis.\" \/>\n<meta name=\"robots\" content=\"index, follow, max-snippet:-1, max-image-preview:large, max-video-preview:-1\" \/>\n<link rel=\"canonical\" href=\"https:\/\/www.sj-gauge.com\/vi\/san-pham\/prd-s280c\/\" \/>\n<meta property=\"og:locale\" content=\"vi_VN\" \/>\n<meta property=\"og:type\" content=\"article\" \/>\n<meta property=\"og:title\" content=\"Digital Pressure Gauge, Data logger\" \/>\n<meta property=\"og:description\" content=\"PRD-S280C digital pressure gauge with built-in data logger, supporting up to 10,000 records, adjustable logging intervals, and easy data export for industrial monitoring and analysis.\" \/>\n<meta property=\"og:url\" content=\"https:\/\/www.sj-gauge.com\/vi\/san-pham\/prd-s280c\/\" \/>\n<meta property=\"og:site_name\" content=\"SJ Gauge | Pressure Gauges, Thermometers &amp; Pressure Sensors\" \/>\n<meta property=\"article:modified_time\" content=\"2026-03-26T13:56:35+00:00\" \/>\n<meta property=\"og:image\" content=\"https:\/\/www.sj-gauge.com\/wp-content\/uploads\/2025\/11\/SJ-Gauge-digital-pressure-gauge-data-recording.jpg\" \/>\n\t<meta property=\"og:image:width\" content=\"1200\" \/>\n\t<meta property=\"og:image:height\" content=\"1000\" \/>\n\t<meta property=\"og:image:type\" content=\"image\/jpeg\" \/>\n<meta name=\"twitter:card\" content=\"summary_large_image\" \/>\n<meta name=\"twitter:label1\" content=\"\u01af\u1edbc t\u00ednh th\u1eddi gian \u0111\u1ecdc\" \/>\n\t<meta name=\"twitter:data1\" content=\"1 ph\u00fat\" \/>\n<script type=\"application\/ld+json\" class=\"yoast-schema-graph\">{\"@context\":\"https:\\\/\\\/schema.org\",\"@graph\":[{\"@type\":\"WebPage\",\"@id\":\"https:\\\/\\\/www.sj-gauge.com\\\/product\\\/prd-s280c\\\/\",\"url\":\"https:\\\/\\\/www.sj-gauge.com\\\/product\\\/prd-s280c\\\/\",\"name\":\"Data Logging Digital Pressure Gauge | Industrial Applications | SJ Gauge\",\"isPartOf\":{\"@id\":\"https:\\\/\\\/www.sj-gauge.com\\\/#website\"},\"primaryImageOfPage\":{\"@id\":\"https:\\\/\\\/www.sj-gauge.com\\\/product\\\/prd-s280c\\\/#primaryimage\"},\"image\":{\"@id\":\"https:\\\/\\\/www.sj-gauge.com\\\/product\\\/prd-s280c\\\/#primaryimage\"},\"thumbnailUrl\":\"https:\\\/\\\/www.sj-gauge.com\\\/wp-content\\\/uploads\\\/2025\\\/11\\\/SJ-Gauge-digital-pressure-gauge-data-recording.jpg\",\"datePublished\":\"2025-11-07T03:54:14+00:00\",\"dateModified\":\"2026-03-26T13:56:35+00:00\",\"description\":\"PRD-S280C digital pressure gauge with built-in data logger, supporting up to 10,000 records, adjustable logging intervals, and easy data export for industrial monitoring and analysis.\",\"breadcrumb\":{\"@id\":\"https:\\\/\\\/www.sj-gauge.com\\\/product\\\/prd-s280c\\\/#breadcrumb\"},\"inLanguage\":\"vi\",\"potentialAction\":[{\"@type\":\"ReadAction\",\"target\":[\"https:\\\/\\\/www.sj-gauge.com\\\/product\\\/prd-s280c\\\/\"]}]},{\"@type\":\"ImageObject\",\"inLanguage\":\"vi\",\"@id\":\"https:\\\/\\\/www.sj-gauge.com\\\/product\\\/prd-s280c\\\/#primaryimage\",\"url\":\"https:\\\/\\\/www.sj-gauge.com\\\/wp-content\\\/uploads\\\/2025\\\/11\\\/SJ-Gauge-digital-pressure-gauge-data-recording.jpg\",\"contentUrl\":\"https:\\\/\\\/www.sj-gauge.com\\\/wp-content\\\/uploads\\\/2025\\\/11\\\/SJ-Gauge-digital-pressure-gauge-data-recording.jpg\",\"width\":1200,\"height\":1000},{\"@type\":\"BreadcrumbList\",\"@id\":\"https:\\\/\\\/www.sj-gauge.com\\\/product\\\/prd-s280c\\\/#breadcrumb\",\"itemListElement\":[{\"@type\":\"ListItem\",\"position\":1,\"name\":\"Home\",\"item\":\"https:\\\/\\\/www.sj-gauge.com\\\/\"},{\"@type\":\"ListItem\",\"position\":2,\"name\":\"Products\",\"item\":\"https:\\\/\\\/www.sj-gauge.com\\\/products\\\/\"},{\"@type\":\"ListItem\",\"position\":3,\"name\":\"Digital Pressure Gauge, Data logger\"}]},{\"@type\":\"WebSite\",\"@id\":\"https:\\\/\\\/www.sj-gauge.com\\\/#website\",\"url\":\"https:\\\/\\\/www.sj-gauge.com\\\/\",\"name\":\"SJ Gauge | Pressure Gauges, Thermometers &amp; Pressure Sensors\",\"description\":\"Manufacturer of industrial pressure gauges, pressure sensors, and transmitters. SJ Gauge provides high accuracy, durable materials, and custom solutions for oil &amp; gas, chemical, and industrial applications.\",\"publisher\":{\"@id\":\"https:\\\/\\\/www.sj-gauge.com\\\/#organization\"},\"potentialAction\":[{\"@type\":\"SearchAction\",\"target\":{\"@type\":\"EntryPoint\",\"urlTemplate\":\"https:\\\/\\\/www.sj-gauge.com\\\/?s={search_term_string}\"},\"query-input\":{\"@type\":\"PropertyValueSpecification\",\"valueRequired\":true,\"valueName\":\"search_term_string\"}}],\"inLanguage\":\"vi\"},{\"@type\":\"Organization\",\"@id\":\"https:\\\/\\\/www.sj-gauge.com\\\/#organization\",\"name\":\"SJ Gauge | Pressure Gauges, Thermometers &amp; Pressure Sensors\",\"url\":\"https:\\\/\\\/www.sj-gauge.com\\\/\",\"logo\":{\"@type\":\"ImageObject\",\"inLanguage\":\"vi\",\"@id\":\"https:\\\/\\\/www.sj-gauge.com\\\/#\\\/schema\\\/logo\\\/image\\\/\",\"url\":\"https:\\\/\\\/www.sj-gauge.com\\\/wp-content\\\/uploads\\\/2025\\\/09\\\/logo.webp\",\"contentUrl\":\"https:\\\/\\\/www.sj-gauge.com\\\/wp-content\\\/uploads\\\/2025\\\/09\\\/logo.webp\",\"width\":348,\"height\":184,\"caption\":\"SJ Gauge | Pressure Gauges, Thermometers &amp; Pressure Sensors\"},\"image\":{\"@id\":\"https:\\\/\\\/www.sj-gauge.com\\\/#\\\/schema\\\/logo\\\/image\\\/\"}}]}<\/script>\n<!-- \/ Yoast SEO Premium plugin. -->","yoast_head_json":{"title":"M\u00e1y \u0111o \u00e1p su\u1ea5t k\u1ef9 thu\u1eadt s\u1ed1 c\u00f3 ch\u1ee9c n\u0103ng ghi d\u1eef li\u1ec7u | \u1ee8ng d\u1ee5ng c\u00f4ng nghi\u1ec7p | SJ Gauge","description":"M\u00e1y \u0111o \u00e1p su\u1ea5t k\u1ef9 thu\u1eadt s\u1ed1 PRD-S280C t\u00edch h\u1ee3p b\u1ed9 ghi d\u1eef li\u1ec7u, h\u1ed7 tr\u1ee3 l\u01b0u tr\u1eef l\u00ean \u0111\u1ebfn 10.000 b\u1ea3n ghi, kho\u1ea3ng th\u1eddi gian ghi d\u1eef li\u1ec7u c\u00f3 th\u1ec3 \u0111i\u1ec1u ch\u1ec9nh v\u00e0 t\u00ednh n\u0103ng xu\u1ea5t d\u1eef li\u1ec7u d\u1ec5 d\u00e0ng, ph\u1ee5c v\u1ee5 cho vi\u1ec7c gi\u00e1m s\u00e1t v\u00e0 ph\u00e2n t\u00edch c\u00f4ng nghi\u1ec7p.","robots":{"index":"index","follow":"follow","max-snippet":"max-snippet:-1","max-image-preview":"max-image-preview:large","max-video-preview":"max-video-preview:-1"},"canonical":"https:\/\/www.sj-gauge.com\/vi\/san-pham\/prd-s280c\/","og_locale":"vi_VN","og_type":"article","og_title":"Digital Pressure Gauge, Data logger","og_description":"PRD-S280C digital pressure gauge with built-in data logger, supporting up to 10,000 records, adjustable logging intervals, and easy data export for industrial monitoring and analysis.","og_url":"https:\/\/www.sj-gauge.com\/vi\/san-pham\/prd-s280c\/","og_site_name":"SJ Gauge | Pressure Gauges, Thermometers &amp; Pressure Sensors","article_modified_time":"2026-03-26T13:56:35+00:00","og_image":[{"width":1200,"height":1000,"url":"https:\/\/www.sj-gauge.com\/wp-content\/uploads\/2025\/11\/SJ-Gauge-digital-pressure-gauge-data-recording.jpg","type":"image\/jpeg"}],"twitter_card":"summary_large_image","twitter_misc":{"\u01af\u1edbc t\u00ednh th\u1eddi gian \u0111\u1ecdc":"1 ph\u00fat"},"schema":{"@context":"https:\/\/schema.org","@graph":[{"@type":"WebPage","@id":"https:\/\/www.sj-gauge.com\/product\/prd-s280c\/","url":"https:\/\/www.sj-gauge.com\/product\/prd-s280c\/","name":"M\u00e1y \u0111o \u00e1p su\u1ea5t k\u1ef9 thu\u1eadt s\u1ed1 c\u00f3 ch\u1ee9c n\u0103ng ghi d\u1eef li\u1ec7u | \u1ee8ng d\u1ee5ng c\u00f4ng nghi\u1ec7p | SJ Gauge","isPartOf":{"@id":"https:\/\/www.sj-gauge.com\/#website"},"primaryImageOfPage":{"@id":"https:\/\/www.sj-gauge.com\/product\/prd-s280c\/#primaryimage"},"image":{"@id":"https:\/\/www.sj-gauge.com\/product\/prd-s280c\/#primaryimage"},"thumbnailUrl":"https:\/\/www.sj-gauge.com\/wp-content\/uploads\/2025\/11\/SJ-Gauge-digital-pressure-gauge-data-recording.jpg","datePublished":"2025-11-07T03:54:14+00:00","dateModified":"2026-03-26T13:56:35+00:00","description":"M\u00e1y \u0111o \u00e1p su\u1ea5t k\u1ef9 thu\u1eadt s\u1ed1 PRD-S280C t\u00edch h\u1ee3p b\u1ed9 ghi d\u1eef li\u1ec7u, h\u1ed7 tr\u1ee3 l\u01b0u tr\u1eef l\u00ean \u0111\u1ebfn 10.000 b\u1ea3n ghi, kho\u1ea3ng th\u1eddi gian ghi d\u1eef li\u1ec7u c\u00f3 th\u1ec3 \u0111i\u1ec1u ch\u1ec9nh v\u00e0 t\u00ednh n\u0103ng xu\u1ea5t d\u1eef li\u1ec7u d\u1ec5 d\u00e0ng, ph\u1ee5c v\u1ee5 cho vi\u1ec7c gi\u00e1m s\u00e1t v\u00e0 ph\u00e2n t\u00edch c\u00f4ng nghi\u1ec7p.","breadcrumb":{"@id":"https:\/\/www.sj-gauge.com\/product\/prd-s280c\/#breadcrumb"},"inLanguage":"vi","potentialAction":[{"@type":"ReadAction","target":["https:\/\/www.sj-gauge.com\/product\/prd-s280c\/"]}]},{"@type":"ImageObject","inLanguage":"vi","@id":"https:\/\/www.sj-gauge.com\/product\/prd-s280c\/#primaryimage","url":"https:\/\/www.sj-gauge.com\/wp-content\/uploads\/2025\/11\/SJ-Gauge-digital-pressure-gauge-data-recording.jpg","contentUrl":"https:\/\/www.sj-gauge.com\/wp-content\/uploads\/2025\/11\/SJ-Gauge-digital-pressure-gauge-data-recording.jpg","width":1200,"height":1000},{"@type":"BreadcrumbList","@id":"https:\/\/www.sj-gauge.com\/product\/prd-s280c\/#breadcrumb","itemListElement":[{"@type":"ListItem","position":1,"name":"Home","item":"https:\/\/www.sj-gauge.com\/"},{"@type":"ListItem","position":2,"name":"Products","item":"https:\/\/www.sj-gauge.com\/products\/"},{"@type":"ListItem","position":3,"name":"Digital Pressure Gauge, Data logger"}]},{"@type":"WebSite","@id":"https:\/\/www.sj-gauge.com\/#website","url":"https:\/\/www.sj-gauge.com\/","name":"SJ Gauge | \u0110\u1ed3ng h\u1ed3 \u0111o \u00e1p su\u1ea5t, nhi\u1ec7t k\u1ebf v\u00e0 c\u1ea3m bi\u1ebfn \u00e1p su\u1ea5t","description":"Nh\u00e0 s\u1ea3n xu\u1ea5t \u0111\u1ed3ng h\u1ed3 \u0111o \u00e1p su\u1ea5t c\u00f4ng nghi\u1ec7p, c\u1ea3m bi\u1ebfn \u00e1p su\u1ea5t v\u00e0 b\u1ed9 truy\u1ec1n t\u00edn hi\u1ec7u. SJ Gauge cung c\u1ea5p c\u00e1c s\u1ea3n ph\u1ea9m c\u00f3 \u0111\u1ed9 ch\u00ednh x\u00e1c cao, \u0111\u01b0\u1ee3c ch\u1ebf t\u1ea1o t\u1eeb v\u1eadt li\u1ec7u b\u1ec1n b\u1ec9 v\u00e0 c\u00e1c gi\u1ea3i ph\u00e1p t\u00f9y ch\u1ec9nh d\u00e0nh cho c\u00e1c \u1ee9ng d\u1ee5ng trong ng\u00e0nh d\u1ea7u kh\u00ed, h\u00f3a ch\u1ea5t v\u00e0 c\u00f4ng nghi\u1ec7p.","publisher":{"@id":"https:\/\/www.sj-gauge.com\/#organization"},"potentialAction":[{"@type":"SearchAction","target":{"@type":"EntryPoint","urlTemplate":"https:\/\/www.sj-gauge.com\/?s={search_term_string}"},"query-input":{"@type":"PropertyValueSpecification","valueRequired":true,"valueName":"search_term_string"}}],"inLanguage":"vi"},{"@type":"Organization","@id":"https:\/\/www.sj-gauge.com\/#organization","name":"SJ Gauge | \u0110\u1ed3ng h\u1ed3 \u0111o \u00e1p su\u1ea5t, nhi\u1ec7t k\u1ebf v\u00e0 c\u1ea3m bi\u1ebfn \u00e1p su\u1ea5t","url":"https:\/\/www.sj-gauge.com\/","logo":{"@type":"ImageObject","inLanguage":"vi","@id":"https:\/\/www.sj-gauge.com\/#\/schema\/logo\/image\/","url":"https:\/\/www.sj-gauge.com\/wp-content\/uploads\/2025\/09\/logo.webp","contentUrl":"https:\/\/www.sj-gauge.com\/wp-content\/uploads\/2025\/09\/logo.webp","width":348,"height":184,"caption":"SJ Gauge | Pressure Gauges, Thermometers &amp; Pressure Sensors"},"image":{"@id":"https:\/\/www.sj-gauge.com\/#\/schema\/logo\/image\/"}}]}},"_links":{"self":[{"href":"https:\/\/www.sj-gauge.com\/vi\/wp-json\/wp\/v2\/product\/1472","targetHints":{"allow":["GET"]}}],"collection":[{"href":"https:\/\/www.sj-gauge.com\/vi\/wp-json\/wp\/v2\/product"}],"about":[{"href":"https:\/\/www.sj-gauge.com\/vi\/wp-json\/wp\/v2\/types\/product"}],"wp:featuredmedia":[{"embeddable":true,"href":"https:\/\/www.sj-gauge.com\/vi\/wp-json\/wp\/v2\/media\/1477"}],"wp:attachment":[{"href":"https:\/\/www.sj-gauge.com\/vi\/wp-json\/wp\/v2\/media?parent=1472"}],"wp:term":[{"taxonomy":"product_brand","embeddable":true,"href":"https:\/\/www.sj-gauge.com\/vi\/wp-json\/wp\/v2\/product_brand?post=1472"},{"taxonomy":"product_cat","embeddable":true,"href":"https:\/\/www.sj-gauge.com\/vi\/wp-json\/wp\/v2\/product_cat?post=1472"},{"taxonomy":"product_tag","embeddable":true,"href":"https:\/\/www.sj-gauge.com\/vi\/wp-json\/wp\/v2\/product_tag?post=1472"}],"curies":[{"name":"wp","href":"https:\/\/api.w.org\/{rel}","templated":true}]}}