{"id":1484,"date":"2025-11-07T13:53:20","date_gmt":"2025-11-07T05:53:20","guid":{"rendered":"https:\/\/sj-gauge.com\/?post_type=product&#038;p=1484"},"modified":"2026-03-26T22:30:40","modified_gmt":"2026-03-26T14:30:40","slug":"mxe4","status":"publish","type":"product","link":"https:\/\/www.sj-gauge.com\/vi\/san-pham\/mxe4\/","title":{"rendered":"M\u00e1y \u0111o \u00e1p su\u1ea5t k\u1ef9 thu\u1eadt s\u1ed1, Ti\u1ebfp \u0111i\u1ec3m \u0111i\u1ec7n t\u1eed"},"content":{"rendered":"<p>M\u00e1y \u0111o \u00e1p su\u1ea5t k\u1ef9 thu\u1eadt s\u1ed1 MXE4 v\u1edbi ti\u1ebfp \u0111i\u1ec3m \u0111i\u1ec7n t\u1eed c\u00f3 m\u00e0n h\u00ecnh k\u1ef9 thu\u1eadt s\u1ed1 \u0111\u1ed9 ch\u00ednh x\u00e1c cao v\u00e0 \u0111i\u1ec3m \u0111i\u1ec1u khi\u1ec3n tr\u00ean\/d\u01b0\u1edbi c\u00f3 th\u1ec3 \u0111i\u1ec1u ch\u1ec9nh, ng\u0103n ch\u1eb7n t\u00edn hi\u1ec7u sai do rung \u0111\u1ed9ng c\u1ee7a kim ch\u1ec9 th\u1ecb v\u00e0 cho ph\u00e9p c\u1ea5u h\u00ecnh gi\u00e1 tr\u1ecb \u00e1p su\u1ea5t chuy\u1ec3n \u0111\u1ed5i t\u1ea1i hi\u1ec7n tr\u01b0\u1eddng. S\u1ea3n ph\u1ea9m c\u00f3 s\u1eb5n k\u00edch th\u01b0\u1edbc 3\u2033 v\u00e0 4\u2033, h\u1ed7 tr\u1ee3 d\u1ea3i \u00e1p su\u1ea5t t\u1eeb 10 kPa \u0111\u1ebfn 1000 MPa v\u00e0 t\u01b0\u01a1ng th\u00edch v\u1edbi nhi\u1ec1u \u0111\u01a1n v\u1ecb \u00e1p su\u1ea5t, \u0111\u1ea7u v\u00e0o \u0111i\u1ec7n \u00e1p v\u00e0 ch\u1ebf \u0111\u1ed9 ti\u1ebfp \u0111i\u1ec3m chuy\u1ec3n \u0111\u1ed5i \u0111\u1ec3 \u0111\u00e1p \u1ee9ng c\u00e1c y\u00eau c\u1ea7u \u0111i\u1ec1u khi\u1ec3n c\u00f4ng nghi\u1ec7p \u0111a d\u1ea1ng. \u0110\u01b0\u1ee3c ch\u1ebf t\u1ea1o t\u1eeb th\u00e9p kh\u00f4ng g\u1ec9 304\/316L, s\u1eed d\u1ee5ng r\u01a1le Omron v\u00e0 c\u00f3 c\u1ea5p b\u1ea3o v\u1ec7 IP54, s\u1ea3n ph\u1ea9m n\u00e0y bao g\u1ed3m c\u00e1c ch\u1ee9c n\u0103ng nh\u01b0 hi\u1ec7u chu\u1ea9n zero, chuy\u1ec3n \u0111\u1ed5i \u0111\u01a1n v\u1ecb v\u00e0 c\u00e0i \u0111\u1eb7t gi\u1edbi h\u1ea1n tr\u00ean\/d\u01b0\u1edbi. \u0110i\u1ec1u n\u00e0y khi\u1ebfn MXE4 tr\u1edf th\u00e0nh l\u1ef1a ch\u1ecdn l\u00fd t\u01b0\u1edfng cho b\u1ea3o v\u1ec7 b\u01a1m, h\u1ec7 th\u1ed1ng t\u1ef1 \u0111\u1ed9ng h\u00f3a, gi\u00e1m s\u00e1t \u0111\u01b0\u1eddng \u1ed1ng v\u00e0 c\u00e1c \u1ee9ng d\u1ee5ng \u0111i\u1ec1u khi\u1ec3n \u00e1p su\u1ea5t \u0111a d\u1ea1ng.<\/p>","protected":false},"excerpt":{"rendered":"<ul>\n<li>\u0110\u1eb7t gi\u00e1 tr\u1ecb ch\u00ednh x\u00e1c \u0111\u1ec3 tr\u00e1nh hi\u1ec7u qu\u1ea3 c\u00e1c t\u00edn hi\u1ec7u sai do rung \u0111\u1ed9ng c\u1ee7a kim ch\u1ec9.<\/li>\n<li>D\u1ec5 d\u00e0ng \u0111i\u1ec1u ch\u1ec9nh gi\u00e1 tr\u1ecb c\u1ee7a c\u00f4ng t\u1eafc \u00e1p su\u1ea5t t\u1ea1i hi\u1ec7n tr\u01b0\u1eddng.<\/li>\n<li>C\u00e1c thi\u1ebft l\u1eadp \u0111i\u1ec7n \u00e1p ho\u1ea1t \u0111\u1ed9ng v\u00e0 ti\u1ebfp \u0111i\u1ec3m c\u00f4ng t\u1eafc \u0111\u1ec3 h\u1ed7 tr\u1ee3 c\u00e1c \u1ee9ng d\u1ee5ng kh\u00e1c nhau.<\/li>\n<\/ul>","protected":false},"featured_media":1485,"template":"","meta":{"_acf_changed":false},"product_brand":[40],"product_cat":[16,41],"product_tag":[],"class_list":{"0":"post-1484","1":"product","2":"type-product","3":"status-publish","4":"has-post-thumbnail","6":"product_brand-sj-gauge","7":"product_cat-digital-pressure-gauge","8":"product_cat-pressure-instruments","10":"first","11":"instock","12":"shipping-taxable","13":"product-type-simple"},"acf":[],"yoast_head":"<!-- This site is optimized with the Yoast SEO Premium plugin v26.7 (Yoast SEO v27.4) - https:\/\/yoast.com\/product\/yoast-seo-premium-wordpress\/ -->\n<title>Digital Pressure Gauge with Alarm &amp; Switch Output | Industrial Control | SJ Gauge<\/title>\n<meta name=\"description\" content=\"MXE4 digital pressure gauge with electronic contact function, featuring switch output, alarm setting, and high-accuracy display, ideal for industrial control, pump protection, and automation systems.\" \/>\n<meta name=\"robots\" content=\"index, follow, max-snippet:-1, max-image-preview:large, max-video-preview:-1\" \/>\n<link rel=\"canonical\" href=\"https:\/\/www.sj-gauge.com\/vi\/san-pham\/mxe4\/\" \/>\n<meta property=\"og:locale\" content=\"vi_VN\" \/>\n<meta property=\"og:type\" content=\"article\" \/>\n<meta property=\"og:title\" content=\"Digital Pressure Gauge, Electronic Contact\" \/>\n<meta property=\"og:description\" content=\"MXE4 digital pressure gauge with electronic contact function, featuring switch output, alarm setting, and high-accuracy display, ideal for industrial control, pump protection, and automation systems.\" \/>\n<meta property=\"og:url\" content=\"https:\/\/www.sj-gauge.com\/vi\/san-pham\/mxe4\/\" \/>\n<meta property=\"og:site_name\" content=\"SJ Gauge | Pressure Gauges, Thermometers &amp; Pressure Sensors\" \/>\n<meta property=\"article:modified_time\" content=\"2026-03-26T14:30:40+00:00\" \/>\n<meta property=\"og:image\" content=\"https:\/\/www.sj-gauge.com\/wp-content\/uploads\/2025\/11\/01_SJ-Gauge_digital_display_pressure_gauge_with_switch_contact-250205.jpg\" \/>\n\t<meta property=\"og:image:width\" content=\"1200\" \/>\n\t<meta property=\"og:image:height\" content=\"1000\" \/>\n\t<meta property=\"og:image:type\" content=\"image\/jpeg\" \/>\n<meta name=\"twitter:card\" content=\"summary_large_image\" \/>\n<meta name=\"twitter:label1\" content=\"\u01af\u1edbc t\u00ednh th\u1eddi gian \u0111\u1ecdc\" \/>\n\t<meta name=\"twitter:data1\" content=\"1 ph\u00fat\" \/>\n<script type=\"application\/ld+json\" class=\"yoast-schema-graph\">{\"@context\":\"https:\\\/\\\/schema.org\",\"@graph\":[{\"@type\":\"WebPage\",\"@id\":\"https:\\\/\\\/www.sj-gauge.com\\\/product\\\/mxe4\\\/\",\"url\":\"https:\\\/\\\/www.sj-gauge.com\\\/product\\\/mxe4\\\/\",\"name\":\"Digital Pressure Gauge with Alarm & Switch Output | Industrial Control | SJ Gauge\",\"isPartOf\":{\"@id\":\"https:\\\/\\\/www.sj-gauge.com\\\/#website\"},\"primaryImageOfPage\":{\"@id\":\"https:\\\/\\\/www.sj-gauge.com\\\/product\\\/mxe4\\\/#primaryimage\"},\"image\":{\"@id\":\"https:\\\/\\\/www.sj-gauge.com\\\/product\\\/mxe4\\\/#primaryimage\"},\"thumbnailUrl\":\"https:\\\/\\\/www.sj-gauge.com\\\/wp-content\\\/uploads\\\/2025\\\/11\\\/01_SJ-Gauge_digital_display_pressure_gauge_with_switch_contact-250205.jpg\",\"datePublished\":\"2025-11-07T05:53:20+00:00\",\"dateModified\":\"2026-03-26T14:30:40+00:00\",\"description\":\"MXE4 digital pressure gauge with electronic contact function, featuring switch output, alarm setting, and high-accuracy display, ideal for industrial control, pump protection, and automation systems.\",\"breadcrumb\":{\"@id\":\"https:\\\/\\\/www.sj-gauge.com\\\/product\\\/mxe4\\\/#breadcrumb\"},\"inLanguage\":\"vi\",\"potentialAction\":[{\"@type\":\"ReadAction\",\"target\":[\"https:\\\/\\\/www.sj-gauge.com\\\/product\\\/mxe4\\\/\"]}]},{\"@type\":\"ImageObject\",\"inLanguage\":\"vi\",\"@id\":\"https:\\\/\\\/www.sj-gauge.com\\\/product\\\/mxe4\\\/#primaryimage\",\"url\":\"https:\\\/\\\/www.sj-gauge.com\\\/wp-content\\\/uploads\\\/2025\\\/11\\\/01_SJ-Gauge_digital_display_pressure_gauge_with_switch_contact-250205.jpg\",\"contentUrl\":\"https:\\\/\\\/www.sj-gauge.com\\\/wp-content\\\/uploads\\\/2025\\\/11\\\/01_SJ-Gauge_digital_display_pressure_gauge_with_switch_contact-250205.jpg\",\"width\":1200,\"height\":1000},{\"@type\":\"BreadcrumbList\",\"@id\":\"https:\\\/\\\/www.sj-gauge.com\\\/product\\\/mxe4\\\/#breadcrumb\",\"itemListElement\":[{\"@type\":\"ListItem\",\"position\":1,\"name\":\"Home\",\"item\":\"https:\\\/\\\/www.sj-gauge.com\\\/\"},{\"@type\":\"ListItem\",\"position\":2,\"name\":\"Products\",\"item\":\"https:\\\/\\\/www.sj-gauge.com\\\/products\\\/\"},{\"@type\":\"ListItem\",\"position\":3,\"name\":\"Digital Pressure Gauge, Electronic Contact\"}]},{\"@type\":\"WebSite\",\"@id\":\"https:\\\/\\\/www.sj-gauge.com\\\/#website\",\"url\":\"https:\\\/\\\/www.sj-gauge.com\\\/\",\"name\":\"SJ Gauge | Pressure Gauges, Thermometers &amp; Pressure Sensors\",\"description\":\"Manufacturer of industrial pressure gauges, pressure sensors, and transmitters. SJ Gauge provides high accuracy, durable materials, and custom solutions for oil &amp; gas, chemical, and industrial applications.\",\"publisher\":{\"@id\":\"https:\\\/\\\/www.sj-gauge.com\\\/#organization\"},\"potentialAction\":[{\"@type\":\"SearchAction\",\"target\":{\"@type\":\"EntryPoint\",\"urlTemplate\":\"https:\\\/\\\/www.sj-gauge.com\\\/?s={search_term_string}\"},\"query-input\":{\"@type\":\"PropertyValueSpecification\",\"valueRequired\":true,\"valueName\":\"search_term_string\"}}],\"inLanguage\":\"vi\"},{\"@type\":\"Organization\",\"@id\":\"https:\\\/\\\/www.sj-gauge.com\\\/#organization\",\"name\":\"SJ Gauge | Pressure Gauges, Thermometers &amp; Pressure Sensors\",\"url\":\"https:\\\/\\\/www.sj-gauge.com\\\/\",\"logo\":{\"@type\":\"ImageObject\",\"inLanguage\":\"vi\",\"@id\":\"https:\\\/\\\/www.sj-gauge.com\\\/#\\\/schema\\\/logo\\\/image\\\/\",\"url\":\"https:\\\/\\\/www.sj-gauge.com\\\/wp-content\\\/uploads\\\/2025\\\/09\\\/logo.webp\",\"contentUrl\":\"https:\\\/\\\/www.sj-gauge.com\\\/wp-content\\\/uploads\\\/2025\\\/09\\\/logo.webp\",\"width\":348,\"height\":184,\"caption\":\"SJ Gauge | Pressure Gauges, Thermometers &amp; Pressure Sensors\"},\"image\":{\"@id\":\"https:\\\/\\\/www.sj-gauge.com\\\/#\\\/schema\\\/logo\\\/image\\\/\"}}]}<\/script>\n<!-- \/ Yoast SEO Premium plugin. -->","yoast_head_json":{"title":"\u0110\u1ed3ng h\u1ed3 \u0111o \u00e1p su\u1ea5t k\u1ef9 thu\u1eadt s\u1ed1 c\u00f3 ch\u1ee9c n\u0103ng b\u00e1o \u0111\u1ed9ng v\u00e0 \u0111\u1ea7u ra c\u00f4ng t\u1eafc | \u0110i\u1ec1u khi\u1ec3n c\u00f4ng nghi\u1ec7p | SJ Gauge","description":"\u0110\u1ed3ng h\u1ed3 \u0111o \u00e1p su\u1ea5t k\u1ef9 thu\u1eadt s\u1ed1 MXE4 c\u00f3 ch\u1ee9c n\u0103ng ti\u1ebfp \u0111i\u1ec3m \u0111i\u1ec7n t\u1eed, \u0111\u01b0\u1ee3c trang b\u1ecb \u0111\u1ea7u ra c\u00f4ng t\u1eafc, c\u00e0i \u0111\u1eb7t b\u00e1o \u0111\u1ed9ng v\u00e0 m\u00e0n h\u00ecnh hi\u1ec3n th\u1ecb \u0111\u1ed9 ch\u00ednh x\u00e1c cao, l\u00fd t\u01b0\u1edfng cho c\u00e1c \u1ee9ng d\u1ee5ng \u0111i\u1ec1u khi\u1ec3n c\u00f4ng nghi\u1ec7p, b\u1ea3o v\u1ec7 m\u00e1y b\u01a1m v\u00e0 h\u1ec7 th\u1ed1ng t\u1ef1 \u0111\u1ed9ng h\u00f3a.","robots":{"index":"index","follow":"follow","max-snippet":"max-snippet:-1","max-image-preview":"max-image-preview:large","max-video-preview":"max-video-preview:-1"},"canonical":"https:\/\/www.sj-gauge.com\/vi\/san-pham\/mxe4\/","og_locale":"vi_VN","og_type":"article","og_title":"Digital Pressure Gauge, Electronic Contact","og_description":"MXE4 digital pressure gauge with electronic contact function, featuring switch output, alarm setting, and high-accuracy display, ideal for industrial control, pump protection, and automation systems.","og_url":"https:\/\/www.sj-gauge.com\/vi\/san-pham\/mxe4\/","og_site_name":"SJ Gauge | Pressure Gauges, Thermometers &amp; Pressure Sensors","article_modified_time":"2026-03-26T14:30:40+00:00","og_image":[{"width":1200,"height":1000,"url":"https:\/\/www.sj-gauge.com\/wp-content\/uploads\/2025\/11\/01_SJ-Gauge_digital_display_pressure_gauge_with_switch_contact-250205.jpg","type":"image\/jpeg"}],"twitter_card":"summary_large_image","twitter_misc":{"\u01af\u1edbc t\u00ednh th\u1eddi gian \u0111\u1ecdc":"1 ph\u00fat"},"schema":{"@context":"https:\/\/schema.org","@graph":[{"@type":"WebPage","@id":"https:\/\/www.sj-gauge.com\/product\/mxe4\/","url":"https:\/\/www.sj-gauge.com\/product\/mxe4\/","name":"\u0110\u1ed3ng h\u1ed3 \u0111o \u00e1p su\u1ea5t k\u1ef9 thu\u1eadt s\u1ed1 c\u00f3 ch\u1ee9c n\u0103ng b\u00e1o \u0111\u1ed9ng v\u00e0 \u0111\u1ea7u ra c\u00f4ng t\u1eafc | \u0110i\u1ec1u khi\u1ec3n c\u00f4ng nghi\u1ec7p | SJ Gauge","isPartOf":{"@id":"https:\/\/www.sj-gauge.com\/#website"},"primaryImageOfPage":{"@id":"https:\/\/www.sj-gauge.com\/product\/mxe4\/#primaryimage"},"image":{"@id":"https:\/\/www.sj-gauge.com\/product\/mxe4\/#primaryimage"},"thumbnailUrl":"https:\/\/www.sj-gauge.com\/wp-content\/uploads\/2025\/11\/01_SJ-Gauge_digital_display_pressure_gauge_with_switch_contact-250205.jpg","datePublished":"2025-11-07T05:53:20+00:00","dateModified":"2026-03-26T14:30:40+00:00","description":"\u0110\u1ed3ng h\u1ed3 \u0111o \u00e1p su\u1ea5t k\u1ef9 thu\u1eadt s\u1ed1 MXE4 c\u00f3 ch\u1ee9c n\u0103ng ti\u1ebfp \u0111i\u1ec3m \u0111i\u1ec7n t\u1eed, \u0111\u01b0\u1ee3c trang b\u1ecb \u0111\u1ea7u ra c\u00f4ng t\u1eafc, c\u00e0i \u0111\u1eb7t b\u00e1o \u0111\u1ed9ng v\u00e0 m\u00e0n h\u00ecnh hi\u1ec3n th\u1ecb \u0111\u1ed9 ch\u00ednh x\u00e1c cao, l\u00fd t\u01b0\u1edfng cho c\u00e1c \u1ee9ng d\u1ee5ng \u0111i\u1ec1u khi\u1ec3n c\u00f4ng nghi\u1ec7p, b\u1ea3o v\u1ec7 m\u00e1y b\u01a1m v\u00e0 h\u1ec7 th\u1ed1ng t\u1ef1 \u0111\u1ed9ng h\u00f3a.","breadcrumb":{"@id":"https:\/\/www.sj-gauge.com\/product\/mxe4\/#breadcrumb"},"inLanguage":"vi","potentialAction":[{"@type":"ReadAction","target":["https:\/\/www.sj-gauge.com\/product\/mxe4\/"]}]},{"@type":"ImageObject","inLanguage":"vi","@id":"https:\/\/www.sj-gauge.com\/product\/mxe4\/#primaryimage","url":"https:\/\/www.sj-gauge.com\/wp-content\/uploads\/2025\/11\/01_SJ-Gauge_digital_display_pressure_gauge_with_switch_contact-250205.jpg","contentUrl":"https:\/\/www.sj-gauge.com\/wp-content\/uploads\/2025\/11\/01_SJ-Gauge_digital_display_pressure_gauge_with_switch_contact-250205.jpg","width":1200,"height":1000},{"@type":"BreadcrumbList","@id":"https:\/\/www.sj-gauge.com\/product\/mxe4\/#breadcrumb","itemListElement":[{"@type":"ListItem","position":1,"name":"Home","item":"https:\/\/www.sj-gauge.com\/"},{"@type":"ListItem","position":2,"name":"Products","item":"https:\/\/www.sj-gauge.com\/products\/"},{"@type":"ListItem","position":3,"name":"Digital Pressure Gauge, Electronic Contact"}]},{"@type":"WebSite","@id":"https:\/\/www.sj-gauge.com\/#website","url":"https:\/\/www.sj-gauge.com\/","name":"SJ Gauge | \u0110\u1ed3ng h\u1ed3 \u0111o \u00e1p su\u1ea5t, nhi\u1ec7t k\u1ebf v\u00e0 c\u1ea3m bi\u1ebfn \u00e1p su\u1ea5t","description":"Nh\u00e0 s\u1ea3n xu\u1ea5t \u0111\u1ed3ng h\u1ed3 \u0111o \u00e1p su\u1ea5t c\u00f4ng nghi\u1ec7p, c\u1ea3m bi\u1ebfn \u00e1p su\u1ea5t v\u00e0 b\u1ed9 truy\u1ec1n t\u00edn hi\u1ec7u. SJ Gauge cung c\u1ea5p c\u00e1c s\u1ea3n ph\u1ea9m c\u00f3 \u0111\u1ed9 ch\u00ednh x\u00e1c cao, \u0111\u01b0\u1ee3c ch\u1ebf t\u1ea1o t\u1eeb v\u1eadt li\u1ec7u b\u1ec1n b\u1ec9 v\u00e0 c\u00e1c gi\u1ea3i ph\u00e1p t\u00f9y ch\u1ec9nh d\u00e0nh cho c\u00e1c \u1ee9ng d\u1ee5ng trong ng\u00e0nh d\u1ea7u kh\u00ed, h\u00f3a ch\u1ea5t v\u00e0 c\u00f4ng nghi\u1ec7p.","publisher":{"@id":"https:\/\/www.sj-gauge.com\/#organization"},"potentialAction":[{"@type":"SearchAction","target":{"@type":"EntryPoint","urlTemplate":"https:\/\/www.sj-gauge.com\/?s={search_term_string}"},"query-input":{"@type":"PropertyValueSpecification","valueRequired":true,"valueName":"search_term_string"}}],"inLanguage":"vi"},{"@type":"Organization","@id":"https:\/\/www.sj-gauge.com\/#organization","name":"SJ Gauge | \u0110\u1ed3ng h\u1ed3 \u0111o \u00e1p su\u1ea5t, nhi\u1ec7t k\u1ebf v\u00e0 c\u1ea3m bi\u1ebfn \u00e1p su\u1ea5t","url":"https:\/\/www.sj-gauge.com\/","logo":{"@type":"ImageObject","inLanguage":"vi","@id":"https:\/\/www.sj-gauge.com\/#\/schema\/logo\/image\/","url":"https:\/\/www.sj-gauge.com\/wp-content\/uploads\/2025\/09\/logo.webp","contentUrl":"https:\/\/www.sj-gauge.com\/wp-content\/uploads\/2025\/09\/logo.webp","width":348,"height":184,"caption":"SJ Gauge | Pressure Gauges, Thermometers &amp; Pressure Sensors"},"image":{"@id":"https:\/\/www.sj-gauge.com\/#\/schema\/logo\/image\/"}}]}},"_links":{"self":[{"href":"https:\/\/www.sj-gauge.com\/vi\/wp-json\/wp\/v2\/product\/1484","targetHints":{"allow":["GET"]}}],"collection":[{"href":"https:\/\/www.sj-gauge.com\/vi\/wp-json\/wp\/v2\/product"}],"about":[{"href":"https:\/\/www.sj-gauge.com\/vi\/wp-json\/wp\/v2\/types\/product"}],"wp:featuredmedia":[{"embeddable":true,"href":"https:\/\/www.sj-gauge.com\/vi\/wp-json\/wp\/v2\/media\/1485"}],"wp:attachment":[{"href":"https:\/\/www.sj-gauge.com\/vi\/wp-json\/wp\/v2\/media?parent=1484"}],"wp:term":[{"taxonomy":"product_brand","embeddable":true,"href":"https:\/\/www.sj-gauge.com\/vi\/wp-json\/wp\/v2\/product_brand?post=1484"},{"taxonomy":"product_cat","embeddable":true,"href":"https:\/\/www.sj-gauge.com\/vi\/wp-json\/wp\/v2\/product_cat?post=1484"},{"taxonomy":"product_tag","embeddable":true,"href":"https:\/\/www.sj-gauge.com\/vi\/wp-json\/wp\/v2\/product_tag?post=1484"}],"curies":[{"name":"wp","href":"https:\/\/api.w.org\/{rel}","templated":true}]}}