{"id":1516,"date":"2025-11-07T15:35:22","date_gmt":"2025-11-07T07:35:22","guid":{"rendered":"https:\/\/sj-gauge.com\/?post_type=product&#038;p=1516"},"modified":"2026-04-09T21:41:38","modified_gmt":"2026-04-09T13:41:38","slug":"vmwl-p","status":"publish","type":"product","link":"https:\/\/www.sj-gauge.com\/vi\/san-pham\/vmwl-p\/","title":{"rendered":"C\u1ea3m bi\u1ebfn \u00e1p su\u1ea5t kh\u00f4ng d\u00e2y"},"content":{"rendered":"<p>VMWL-P l\u00e0 b\u1ed9 truy\u1ec1n t\u00edn hi\u1ec7u \u00e1p su\u1ea5t kh\u00f4ng d\u00e2y c\u00f3 kh\u1ea3 n\u0103ng truy\u1ec1n th\u00f4ng kh\u00f4ng d\u00e2y. Thi\u1ebft b\u1ecb s\u1eed d\u1ee5ng c\u1ea3m bi\u1ebfn \u00e1p su\u1ea5t piezoresistive b\u1eb1ng th\u00e9p kh\u00f4ng g\u1ec9 c\u00e1ch ly l\u00e0m b\u1ed9 ph\u1eadn c\u1ea3m bi\u1ebfn v\u00e0 t\u00edch h\u1ee3p m\u1ea1ch t\u00edch h\u1ee3p (IC) chuy\u00ean d\u1ee5ng \u0111\u1ec3 b\u00f9 sai s\u1ed1 nhi\u1ec7t \u0111\u1ed9 \u1edf m\u1ee9c 0 v\u00e0 m\u1ee9c \u0111\u1ea7y thang, v\u1edbi ngu\u1ed3n c\u1ea5p \u0111i\u1ec7n t\u1eeb pin. H\u1ec7 th\u1ed1ng truy\u1ec1n t\u00edn hi\u1ec7u kh\u00f4ng d\u00e2y c\u1ee7a thi\u1ebft b\u1ecb tu\u00e2n th\u1ee7 c\u00e1c giao th\u1ee9c m\u1ea1ng c\u1ea3m bi\u1ebfn kh\u00f4ng d\u00e2y (WSN) v\u00e0 GPRS, cho ph\u00e9p nhi\u1ec1u \u0111\u01a1n v\u1ecb VMWL-P k\u1ebft n\u1ed1i \u0111\u1ec3 t\u1ea1o th\u00e0nh m\u1ed9t h\u1ec7 th\u1ed1ng gi\u00e1m s\u00e1t WSN v\u00e0 GPRS ho\u00e0n ch\u1ec9nh. B\u1ed9 truy\u1ec1n t\u00edn hi\u1ec7u n\u00e0y ph\u00f9 h\u1ee3p cho vi\u1ec7c gi\u00e1m s\u00e1t d\u1eef li\u1ec7u th\u1eddi gian th\u1ef1c quy m\u00f4 l\u1edbn, ch\u1eb3ng h\u1ea1n nh\u01b0 ph\u00e1t hi\u1ec7n r\u00f2 r\u1ec9 n\u01b0\u1edbc trong b\u1ec3 ch\u1ee9a kh\u00ed, gi\u00e1m s\u00e1t b\u1ec3 ch\u1ee9a d\u1ea7u v\u00e0 ki\u1ec3m tra \u0111i\u1ec1u khi\u1ec3n t\u1ef1 \u0111\u1ed9ng h\u00f3a c\u00f4ng nghi\u1ec7p. N\u00f3 \u0111\u01b0\u1ee3c s\u1eed d\u1ee5ng r\u1ed9ng r\u00e3i trong c\u00e1c ng\u00e0nh c\u00f4ng nghi\u1ec7p nh\u01b0 d\u1ea7u kh\u00ed, than, n\u01b0\u1edbc m\u00e1y v\u00e0 \u0111i\u1ec1u khi\u1ec3n t\u1ef1 \u0111\u1ed9ng h\u00f3a.<\/p>","protected":false},"excerpt":{"rendered":"<ul>\n<li>H\u1ed7 tr\u1ee3 WSN v\u00e0 GPRS, ph\u00f9 h\u1ee3p cho ng\u00e0nh d\u1ea7u kh\u00ed, khai th\u00e1c m\u1ecf v\u00e0 t\u1ef1 \u0111\u1ed9ng h\u00f3a.<\/li>\n<li>D\u1ea3i \u0111o 100 mbar\u20131000 bar, m\u00e0n h\u00ecnh LCD, \u0111\u1ed9 ch\u00ednh x\u00e1c cao, ti\u00eau th\u1ee5 \u0111i\u1ec7n n\u0103ng th\u1ea5p.<\/li>\n<li>Th\u1eddi l\u01b0\u1ee3ng pin d\u00e0i v\u1edbi thi\u1ebft k\u1ebf ch\u1ed1ng rung v\u00e0 ch\u1ed1ng \u1ea9m, \u0111\u1ea3m b\u1ea3o gi\u00e1m s\u00e1t \u0111\u00e1ng tin c\u1eady.<\/li>\n<\/ul>","protected":false},"featured_media":1519,"template":"","meta":{"_acf_changed":false},"product_brand":[40],"product_cat":[16,41],"product_tag":[],"class_list":{"0":"post-1516","1":"product","2":"type-product","3":"status-publish","4":"has-post-thumbnail","6":"product_brand-sj-gauge","7":"product_cat-digital-pressure-gauge","8":"product_cat-pressure-instruments","10":"first","11":"instock","12":"shipping-taxable","13":"product-type-simple"},"acf":[],"yoast_head":"<!-- This site is optimized with the Yoast SEO Premium plugin v26.7 (Yoast SEO v26.7) - https:\/\/yoast.com\/wordpress\/plugins\/seo\/ -->\n<title>Wireless Pressure Transmitter | Remote Monitoring WSN GPRS | SJ Gauge<\/title>\n<meta name=\"description\" content=\"VMWL-P wireless pressure transmitter supports WSN and GPRS communication for remote monitoring. Ideal for oil tanks, gas systems, and industrial automation. Powered by battery with high-accuracy pressure sensing. | SJ Gauge\" \/>\n<meta name=\"robots\" content=\"index, follow, max-snippet:-1, max-image-preview:large, max-video-preview:-1\" \/>\n<link rel=\"canonical\" href=\"https:\/\/www.sj-gauge.com\/vi\/san-pham\/vmwl-p\/\" \/>\n<meta property=\"og:locale\" content=\"vi_VN\" \/>\n<meta property=\"og:type\" content=\"article\" \/>\n<meta property=\"og:title\" content=\"Wireless Pressure transmitter\" \/>\n<meta property=\"og:description\" content=\"VMWL-P wireless pressure transmitter supports WSN and GPRS communication for remote monitoring. Ideal for oil tanks, gas systems, and industrial automation. Powered by battery with high-accuracy pressure sensing. | SJ Gauge\" \/>\n<meta property=\"og:url\" content=\"https:\/\/www.sj-gauge.com\/vi\/san-pham\/vmwl-p\/\" \/>\n<meta property=\"og:site_name\" content=\"Your Expert in Pressure Temp and Smart Transmitters - SJ Gauge\" \/>\n<meta property=\"article:modified_time\" content=\"2026-04-09T13:41:38+00:00\" \/>\n<meta property=\"og:image\" content=\"https:\/\/www.sj-gauge.com\/wp-content\/uploads\/2025\/11\/SJ-Gauge-industrial-wireless-pessure-sensor-display.jpg\" \/>\n\t<meta property=\"og:image:width\" content=\"1200\" \/>\n\t<meta property=\"og:image:height\" content=\"1000\" \/>\n\t<meta property=\"og:image:type\" content=\"image\/jpeg\" \/>\n<meta name=\"twitter:card\" content=\"summary_large_image\" \/>\n<meta name=\"twitter:label1\" content=\"\u01af\u1edbc t\u00ednh th\u1eddi gian \u0111\u1ecdc\" \/>\n\t<meta name=\"twitter:data1\" content=\"1 ph\u00fat\" \/>\n<script type=\"application\/ld+json\" class=\"yoast-schema-graph\">{\"@context\":\"https:\/\/schema.org\",\"@graph\":[{\"@type\":\"WebPage\",\"@id\":\"https:\/\/www.sj-gauge.com\/product\/vmwl-p\/\",\"url\":\"https:\/\/www.sj-gauge.com\/product\/vmwl-p\/\",\"name\":\"Wireless Pressure Transmitter | Remote Monitoring WSN GPRS | SJ Gauge\",\"isPartOf\":{\"@id\":\"https:\/\/www.sj-gauge.com\/#website\"},\"primaryImageOfPage\":{\"@id\":\"https:\/\/www.sj-gauge.com\/product\/vmwl-p\/#primaryimage\"},\"image\":{\"@id\":\"https:\/\/www.sj-gauge.com\/product\/vmwl-p\/#primaryimage\"},\"thumbnailUrl\":\"https:\/\/www.sj-gauge.com\/wp-content\/uploads\/2025\/11\/SJ-Gauge-industrial-wireless-pessure-sensor-display.jpg\",\"datePublished\":\"2025-11-07T07:35:22+00:00\",\"dateModified\":\"2026-04-09T13:41:38+00:00\",\"description\":\"VMWL-P wireless pressure transmitter supports WSN and GPRS communication for remote monitoring. Ideal for oil tanks, gas systems, and industrial automation. Powered by battery with high-accuracy pressure sensing. | SJ Gauge\",\"breadcrumb\":{\"@id\":\"https:\/\/www.sj-gauge.com\/product\/vmwl-p\/#breadcrumb\"},\"inLanguage\":\"vi\",\"potentialAction\":[{\"@type\":\"ReadAction\",\"target\":[\"https:\/\/www.sj-gauge.com\/product\/vmwl-p\/\"]}]},{\"@type\":\"ImageObject\",\"inLanguage\":\"vi\",\"@id\":\"https:\/\/www.sj-gauge.com\/product\/vmwl-p\/#primaryimage\",\"url\":\"https:\/\/www.sj-gauge.com\/wp-content\/uploads\/2025\/11\/SJ-Gauge-industrial-wireless-pessure-sensor-display.jpg\",\"contentUrl\":\"https:\/\/www.sj-gauge.com\/wp-content\/uploads\/2025\/11\/SJ-Gauge-industrial-wireless-pessure-sensor-display.jpg\",\"width\":1200,\"height\":1000},{\"@type\":\"BreadcrumbList\",\"@id\":\"https:\/\/www.sj-gauge.com\/product\/vmwl-p\/#breadcrumb\",\"itemListElement\":[{\"@type\":\"ListItem\",\"position\":1,\"name\":\"Home\",\"item\":\"https:\/\/www.sj-gauge.com\/\"},{\"@type\":\"ListItem\",\"position\":2,\"name\":\"Products\",\"item\":\"https:\/\/www.sj-gauge.com\/products\/\"},{\"@type\":\"ListItem\",\"position\":3,\"name\":\"Wireless Pressure transmitter\"}]},{\"@type\":\"WebSite\",\"@id\":\"https:\/\/www.sj-gauge.com\/#website\",\"url\":\"https:\/\/www.sj-gauge.com\/\",\"name\":\"Your Expert in Pressure Temp and Smart Transmitters - SJ Gauge\",\"description\":\"Manufacturer of industrial pressure gauges, pressure sensors, and transmitters. SJ Gauge provides high accuracy, durable materials, and custom solutions for oil &amp; gas, chemical, and industrial applications.\",\"publisher\":{\"@id\":\"https:\/\/www.sj-gauge.com\/#organization\"},\"potentialAction\":[{\"@type\":\"SearchAction\",\"target\":{\"@type\":\"EntryPoint\",\"urlTemplate\":\"https:\/\/www.sj-gauge.com\/?s={search_term_string}\"},\"query-input\":{\"@type\":\"PropertyValueSpecification\",\"valueRequired\":true,\"valueName\":\"search_term_string\"}}],\"inLanguage\":\"vi\"},{\"@type\":\"Organization\",\"@id\":\"https:\/\/www.sj-gauge.com\/#organization\",\"name\":\"Your Expert in Pressure Temp and Smart Transmitters - SJ Gauge\",\"url\":\"https:\/\/www.sj-gauge.com\/\",\"logo\":{\"@type\":\"ImageObject\",\"inLanguage\":\"vi\",\"@id\":\"https:\/\/www.sj-gauge.com\/#\/schema\/logo\/image\/\",\"url\":\"https:\/\/www.sj-gauge.com\/wp-content\/uploads\/2025\/09\/logo.webp\",\"contentUrl\":\"https:\/\/www.sj-gauge.com\/wp-content\/uploads\/2025\/09\/logo.webp\",\"width\":348,\"height\":184,\"caption\":\"Your Expert in Pressure Temp and Smart Transmitters - SJ Gauge\"},\"image\":{\"@id\":\"https:\/\/www.sj-gauge.com\/#\/schema\/logo\/image\/\"}}]}<\/script>\n<!-- \/ Yoast SEO Premium plugin. -->","yoast_head_json":{"title":"B\u1ed9 truy\u1ec1n t\u00edn hi\u1ec7u \u00e1p su\u1ea5t kh\u00f4ng d\u00e2y | Gi\u00e1m s\u00e1t t\u1eeb xa qua m\u1ea1ng c\u1ea3m bi\u1ebfn kh\u00f4ng d\u00e2y (WSN) v\u00e0 GPRS | SJ Gauge","description":"B\u1ed9 truy\u1ec1n t\u00edn hi\u1ec7u \u00e1p su\u1ea5t kh\u00f4ng d\u00e2y VMWL-P h\u1ed7 tr\u1ee3 k\u1ebft n\u1ed1i WSN v\u00e0 GPRS \u0111\u1ec3 gi\u00e1m s\u00e1t t\u1eeb xa. S\u1ea3n ph\u1ea9m l\u00fd t\u01b0\u1edfng cho b\u1ed3n ch\u1ee9a d\u1ea7u, h\u1ec7 th\u1ed1ng kh\u00ed \u0111\u1ed1t v\u00e0 t\u1ef1 \u0111\u1ed9ng h\u00f3a c\u00f4ng nghi\u1ec7p. S\u1eed d\u1ee5ng pin v\u00e0 c\u00f3 c\u1ea3m bi\u1ebfn \u00e1p su\u1ea5t \u0111\u1ed9 ch\u00ednh x\u00e1c cao. | SJ Gauge","robots":{"index":"index","follow":"follow","max-snippet":"max-snippet:-1","max-image-preview":"max-image-preview:large","max-video-preview":"max-video-preview:-1"},"canonical":"https:\/\/www.sj-gauge.com\/vi\/san-pham\/vmwl-p\/","og_locale":"vi_VN","og_type":"article","og_title":"Wireless Pressure transmitter","og_description":"VMWL-P wireless pressure transmitter supports WSN and GPRS communication for remote monitoring. Ideal for oil tanks, gas systems, and industrial automation. Powered by battery with high-accuracy pressure sensing. | SJ Gauge","og_url":"https:\/\/www.sj-gauge.com\/vi\/san-pham\/vmwl-p\/","og_site_name":"Your Expert in Pressure Temp and Smart Transmitters - SJ Gauge","article_modified_time":"2026-04-09T13:41:38+00:00","og_image":[{"width":1200,"height":1000,"url":"https:\/\/www.sj-gauge.com\/wp-content\/uploads\/2025\/11\/SJ-Gauge-industrial-wireless-pessure-sensor-display.jpg","type":"image\/jpeg"}],"twitter_card":"summary_large_image","twitter_misc":{"\u01af\u1edbc t\u00ednh th\u1eddi gian \u0111\u1ecdc":"1 ph\u00fat"},"schema":{"@context":"https:\/\/schema.org","@graph":[{"@type":"WebPage","@id":"https:\/\/www.sj-gauge.com\/product\/vmwl-p\/","url":"https:\/\/www.sj-gauge.com\/product\/vmwl-p\/","name":"B\u1ed9 truy\u1ec1n t\u00edn hi\u1ec7u \u00e1p su\u1ea5t kh\u00f4ng d\u00e2y | Gi\u00e1m s\u00e1t t\u1eeb xa qua m\u1ea1ng c\u1ea3m bi\u1ebfn kh\u00f4ng d\u00e2y (WSN) v\u00e0 GPRS | SJ Gauge","isPartOf":{"@id":"https:\/\/www.sj-gauge.com\/#website"},"primaryImageOfPage":{"@id":"https:\/\/www.sj-gauge.com\/product\/vmwl-p\/#primaryimage"},"image":{"@id":"https:\/\/www.sj-gauge.com\/product\/vmwl-p\/#primaryimage"},"thumbnailUrl":"https:\/\/www.sj-gauge.com\/wp-content\/uploads\/2025\/11\/SJ-Gauge-industrial-wireless-pessure-sensor-display.jpg","datePublished":"2025-11-07T07:35:22+00:00","dateModified":"2026-04-09T13:41:38+00:00","description":"B\u1ed9 truy\u1ec1n t\u00edn hi\u1ec7u \u00e1p su\u1ea5t kh\u00f4ng d\u00e2y VMWL-P h\u1ed7 tr\u1ee3 k\u1ebft n\u1ed1i WSN v\u00e0 GPRS \u0111\u1ec3 gi\u00e1m s\u00e1t t\u1eeb xa. S\u1ea3n ph\u1ea9m l\u00fd t\u01b0\u1edfng cho b\u1ed3n ch\u1ee9a d\u1ea7u, h\u1ec7 th\u1ed1ng kh\u00ed \u0111\u1ed1t v\u00e0 t\u1ef1 \u0111\u1ed9ng h\u00f3a c\u00f4ng nghi\u1ec7p. S\u1eed d\u1ee5ng pin v\u00e0 c\u00f3 c\u1ea3m bi\u1ebfn \u00e1p su\u1ea5t \u0111\u1ed9 ch\u00ednh x\u00e1c cao. | SJ Gauge","breadcrumb":{"@id":"https:\/\/www.sj-gauge.com\/product\/vmwl-p\/#breadcrumb"},"inLanguage":"vi","potentialAction":[{"@type":"ReadAction","target":["https:\/\/www.sj-gauge.com\/product\/vmwl-p\/"]}]},{"@type":"ImageObject","inLanguage":"vi","@id":"https:\/\/www.sj-gauge.com\/product\/vmwl-p\/#primaryimage","url":"https:\/\/www.sj-gauge.com\/wp-content\/uploads\/2025\/11\/SJ-Gauge-industrial-wireless-pessure-sensor-display.jpg","contentUrl":"https:\/\/www.sj-gauge.com\/wp-content\/uploads\/2025\/11\/SJ-Gauge-industrial-wireless-pessure-sensor-display.jpg","width":1200,"height":1000},{"@type":"BreadcrumbList","@id":"https:\/\/www.sj-gauge.com\/product\/vmwl-p\/#breadcrumb","itemListElement":[{"@type":"ListItem","position":1,"name":"Home","item":"https:\/\/www.sj-gauge.com\/"},{"@type":"ListItem","position":2,"name":"Products","item":"https:\/\/www.sj-gauge.com\/products\/"},{"@type":"ListItem","position":3,"name":"Wireless Pressure transmitter"}]},{"@type":"WebSite","@id":"https:\/\/www.sj-gauge.com\/#website","url":"https:\/\/www.sj-gauge.com\/","name":"Chuy\u00ean gia v\u1ec1 c\u1ea3m bi\u1ebfn \u00e1p su\u1ea5t, nhi\u1ec7t \u0111\u1ed9 v\u00e0 c\u1ea3m bi\u1ebfn th\u00f4ng minh - SJ Gauge","description":"Nh\u00e0 s\u1ea3n xu\u1ea5t \u0111\u1ed3ng h\u1ed3 \u0111o \u00e1p su\u1ea5t c\u00f4ng nghi\u1ec7p, c\u1ea3m bi\u1ebfn \u00e1p su\u1ea5t v\u00e0 b\u1ed9 truy\u1ec1n t\u00edn hi\u1ec7u. SJ Gauge cung c\u1ea5p c\u00e1c s\u1ea3n ph\u1ea9m c\u00f3 \u0111\u1ed9 ch\u00ednh x\u00e1c cao, \u0111\u01b0\u1ee3c ch\u1ebf t\u1ea1o t\u1eeb v\u1eadt li\u1ec7u b\u1ec1n b\u1ec9 v\u00e0 c\u00e1c gi\u1ea3i ph\u00e1p t\u00f9y ch\u1ec9nh d\u00e0nh cho c\u00e1c \u1ee9ng d\u1ee5ng trong ng\u00e0nh d\u1ea7u kh\u00ed, h\u00f3a ch\u1ea5t v\u00e0 c\u00f4ng nghi\u1ec7p.","publisher":{"@id":"https:\/\/www.sj-gauge.com\/#organization"},"potentialAction":[{"@type":"SearchAction","target":{"@type":"EntryPoint","urlTemplate":"https:\/\/www.sj-gauge.com\/?s={search_term_string}"},"query-input":{"@type":"PropertyValueSpecification","valueRequired":true,"valueName":"search_term_string"}}],"inLanguage":"vi"},{"@type":"Organization","@id":"https:\/\/www.sj-gauge.com\/#organization","name":"Chuy\u00ean gia v\u1ec1 c\u1ea3m bi\u1ebfn \u00e1p su\u1ea5t, nhi\u1ec7t \u0111\u1ed9 v\u00e0 c\u1ea3m bi\u1ebfn th\u00f4ng minh - SJ Gauge","url":"https:\/\/www.sj-gauge.com\/","logo":{"@type":"ImageObject","inLanguage":"vi","@id":"https:\/\/www.sj-gauge.com\/#\/schema\/logo\/image\/","url":"https:\/\/www.sj-gauge.com\/wp-content\/uploads\/2025\/09\/logo.webp","contentUrl":"https:\/\/www.sj-gauge.com\/wp-content\/uploads\/2025\/09\/logo.webp","width":348,"height":184,"caption":"Your Expert in Pressure Temp and Smart Transmitters - SJ Gauge"},"image":{"@id":"https:\/\/www.sj-gauge.com\/#\/schema\/logo\/image\/"}}]}},"_links":{"self":[{"href":"https:\/\/www.sj-gauge.com\/vi\/wp-json\/wp\/v2\/product\/1516","targetHints":{"allow":["GET"]}}],"collection":[{"href":"https:\/\/www.sj-gauge.com\/vi\/wp-json\/wp\/v2\/product"}],"about":[{"href":"https:\/\/www.sj-gauge.com\/vi\/wp-json\/wp\/v2\/types\/product"}],"wp:featuredmedia":[{"embeddable":true,"href":"https:\/\/www.sj-gauge.com\/vi\/wp-json\/wp\/v2\/media\/1519"}],"wp:attachment":[{"href":"https:\/\/www.sj-gauge.com\/vi\/wp-json\/wp\/v2\/media?parent=1516"}],"wp:term":[{"taxonomy":"product_brand","embeddable":true,"href":"https:\/\/www.sj-gauge.com\/vi\/wp-json\/wp\/v2\/product_brand?post=1516"},{"taxonomy":"product_cat","embeddable":true,"href":"https:\/\/www.sj-gauge.com\/vi\/wp-json\/wp\/v2\/product_cat?post=1516"},{"taxonomy":"product_tag","embeddable":true,"href":"https:\/\/www.sj-gauge.com\/vi\/wp-json\/wp\/v2\/product_tag?post=1516"}],"curies":[{"name":"wp","href":"https:\/\/api.w.org\/{rel}","templated":true}]}}