{"id":1547,"date":"2025-11-07T17:10:40","date_gmt":"2025-11-07T09:10:40","guid":{"rendered":"https:\/\/sj-gauge.com\/?post_type=product&#038;p=1547"},"modified":"2026-03-27T14:39:31","modified_gmt":"2026-03-27T06:39:31","slug":"prd-tg","status":"publish","type":"product","link":"https:\/\/www.sj-gauge.com\/vi\/san-pham\/prd-tg\/","title":{"rendered":"M\u00e1y \u0111o \u00e1p su\u1ea5t k\u1ef9 thu\u1eadt s\u1ed1, c\u01a1 b\u1ea3n"},"content":{"rendered":"<p>PRD-TG l\u00e0 m\u1ed9t \u0111\u1ed3ng h\u1ed3 \u00e1p su\u1ea5t k\u1ef9 thu\u1eadt s\u1ed1 c\u01a1 b\u1ea3n c\u00f3 gi\u00e1 th\u00e0nh h\u1ee3p l\u00fd, \u0111\u01b0\u1ee3c trang b\u1ecb giao di\u1ec7n tr\u1ef1c quan v\u00e0 th\u1eddi gian giao h\u00e0ng ng\u1eafn, \u0111\u01b0\u1ee3c thi\u1ebft k\u1ebf cho c\u00e1c m\u00f4i tr\u01b0\u1eddng kh\u00ed v\u00e0 ch\u1ea5t l\u1ecfng kh\u00f4ng \u0103n m\u00f2n, c\u00f3 \u0111\u1ed9 nh\u1edbt th\u1ea5p. M\u00e1y c\u00f3 d\u1ea3i \u0111o t\u1eeb 5\u2013175 psi v\u00e0 h\u1ed7 tr\u1ee3 b\u1ed1n \u0111\u01a1n v\u1ecb \u00e1p su\u1ea5t: psi, bar, kPa v\u00e0 kg\/cm\u00b2. V\u1edbi \u0111\u1ed9 ch\u00ednh x\u00e1c \u00b11% F.S. v\u00e0 k\u1ebft n\u1ed1i G1\/4, m\u00e1y s\u1eed d\u1ee5ng m\u00e0n h\u00ecnh LCD 3,5 ch\u1eef s\u1ed1 c\u00f3 c\u00f4ng t\u1eafc \u0111\u00e8n n\u1ec1n v\u00e0 ho\u1ea1t \u0111\u1ed9ng b\u1eb1ng hai pin AAA. M\u00e1y l\u00fd t\u01b0\u1edfng cho c\u00e1c \u1ee9ng d\u1ee5ng chung nh\u01b0 gi\u00e1m s\u00e1t thi\u1ebft b\u1ecb, ki\u1ec3m tra \u00e1p su\u1ea5t \u0111\u01b0\u1eddng \u1ed1ng v\u00e0 \u0111o \u00e1p su\u1ea5t c\u01a1 b\u1ea3n.<\/p>","protected":false},"excerpt":{"rendered":"<ul>\n<li>M\u00e1y \u0111o \u00e1p su\u1ea5t k\u1ef9 thu\u1eadt s\u1ed1 ti\u1ebft ki\u1ec7m chi ph\u00ed v\u1edbi th\u1eddi gian giao h\u00e0ng ng\u1eafn.<\/li>\n<li>Giao di\u1ec7n tr\u1ef1c quan cho thao t\u00e1c d\u1ec5 d\u00e0ng<\/li>\n<li>\u0110\u1ed1i v\u1edbi c\u00e1c m\u00f4i tr\u01b0\u1eddng \u00e1p su\u1ea5t d\u1ea1ng kh\u00ed v\u00e0 l\u1ecfng kh\u00f4ng c\u00f3 \u0111\u1ed9 nh\u1edbt cao ho\u1eb7c kh\u00f4ng k\u1ebft tinh.<\/li>\n<\/ul>","protected":false},"featured_media":1551,"template":"","meta":{"_acf_changed":false},"product_brand":[40],"product_cat":[16,41],"product_tag":[],"class_list":{"0":"post-1547","1":"product","2":"type-product","3":"status-publish","4":"has-post-thumbnail","6":"product_brand-sj-gauge","7":"product_cat-digital-pressure-gauge","8":"product_cat-pressure-instruments","10":"first","11":"instock","12":"shipping-taxable","13":"product-type-simple"},"acf":[],"yoast_head":"<!-- This site is optimized with the Yoast SEO Premium plugin v26.7 (Yoast SEO v26.7) - https:\/\/yoast.com\/wordpress\/plugins\/seo\/ -->\n<title>General Purpose Digital Pressure Gauge | Cost-Effective | SJ Gauge<\/title>\n<meta name=\"description\" content=\"PRD-TG digital pressure gauge designed for general applications, suitable for gas and liquid measurement, offering reliable performance, intuitive operation, and cost-effective solutions.\" \/>\n<meta name=\"robots\" content=\"index, follow, max-snippet:-1, max-image-preview:large, max-video-preview:-1\" \/>\n<link rel=\"canonical\" href=\"https:\/\/www.sj-gauge.com\/vi\/san-pham\/prd-tg\/\" \/>\n<meta property=\"og:locale\" content=\"vi_VN\" \/>\n<meta property=\"og:type\" content=\"article\" \/>\n<meta property=\"og:title\" content=\"Digital Pressure Gauge, Basic\" \/>\n<meta property=\"og:description\" content=\"PRD-TG digital pressure gauge designed for general applications, suitable for gas and liquid measurement, offering reliable performance, intuitive operation, and cost-effective solutions.\" \/>\n<meta property=\"og:url\" content=\"https:\/\/www.sj-gauge.com\/vi\/san-pham\/prd-tg\/\" \/>\n<meta property=\"og:site_name\" content=\"Your Expert in Pressure Temp and Smart Transmitters - SJ Gauge\" \/>\n<meta property=\"article:modified_time\" content=\"2026-03-27T06:39:31+00:00\" \/>\n<meta property=\"og:image\" content=\"https:\/\/www.sj-gauge.com\/wp-content\/uploads\/2025\/11\/SJ-Gauge_basic_digital_pressure_gauge_L.jpg\" \/>\n\t<meta property=\"og:image:width\" content=\"1200\" \/>\n\t<meta property=\"og:image:height\" content=\"1000\" \/>\n\t<meta property=\"og:image:type\" content=\"image\/jpeg\" \/>\n<meta name=\"twitter:card\" content=\"summary_large_image\" \/>\n<meta name=\"twitter:label1\" content=\"\u01af\u1edbc t\u00ednh th\u1eddi gian \u0111\u1ecdc\" \/>\n\t<meta name=\"twitter:data1\" content=\"1 ph\u00fat\" \/>\n<script type=\"application\/ld+json\" class=\"yoast-schema-graph\">{\"@context\":\"https:\/\/schema.org\",\"@graph\":[{\"@type\":\"WebPage\",\"@id\":\"https:\/\/www.sj-gauge.com\/product\/prd-tg\/\",\"url\":\"https:\/\/www.sj-gauge.com\/product\/prd-tg\/\",\"name\":\"General Purpose Digital Pressure Gauge | Cost-Effective | SJ Gauge\",\"isPartOf\":{\"@id\":\"https:\/\/www.sj-gauge.com\/#website\"},\"primaryImageOfPage\":{\"@id\":\"https:\/\/www.sj-gauge.com\/product\/prd-tg\/#primaryimage\"},\"image\":{\"@id\":\"https:\/\/www.sj-gauge.com\/product\/prd-tg\/#primaryimage\"},\"thumbnailUrl\":\"https:\/\/www.sj-gauge.com\/wp-content\/uploads\/2025\/11\/SJ-Gauge_basic_digital_pressure_gauge_L.jpg\",\"datePublished\":\"2025-11-07T09:10:40+00:00\",\"dateModified\":\"2026-03-27T06:39:31+00:00\",\"description\":\"PRD-TG digital pressure gauge designed for general applications, suitable for gas and liquid measurement, offering reliable performance, intuitive operation, and cost-effective solutions.\",\"breadcrumb\":{\"@id\":\"https:\/\/www.sj-gauge.com\/product\/prd-tg\/#breadcrumb\"},\"inLanguage\":\"vi\",\"potentialAction\":[{\"@type\":\"ReadAction\",\"target\":[\"https:\/\/www.sj-gauge.com\/product\/prd-tg\/\"]}]},{\"@type\":\"ImageObject\",\"inLanguage\":\"vi\",\"@id\":\"https:\/\/www.sj-gauge.com\/product\/prd-tg\/#primaryimage\",\"url\":\"https:\/\/www.sj-gauge.com\/wp-content\/uploads\/2025\/11\/SJ-Gauge_basic_digital_pressure_gauge_L.jpg\",\"contentUrl\":\"https:\/\/www.sj-gauge.com\/wp-content\/uploads\/2025\/11\/SJ-Gauge_basic_digital_pressure_gauge_L.jpg\",\"width\":1200,\"height\":1000},{\"@type\":\"BreadcrumbList\",\"@id\":\"https:\/\/www.sj-gauge.com\/product\/prd-tg\/#breadcrumb\",\"itemListElement\":[{\"@type\":\"ListItem\",\"position\":1,\"name\":\"Home\",\"item\":\"https:\/\/www.sj-gauge.com\/\"},{\"@type\":\"ListItem\",\"position\":2,\"name\":\"Products\",\"item\":\"https:\/\/www.sj-gauge.com\/products\/\"},{\"@type\":\"ListItem\",\"position\":3,\"name\":\"Digital Pressure Gauge, Basic\"}]},{\"@type\":\"WebSite\",\"@id\":\"https:\/\/www.sj-gauge.com\/#website\",\"url\":\"https:\/\/www.sj-gauge.com\/\",\"name\":\"Your Expert in Pressure Temp and Smart Transmitters - SJ Gauge\",\"description\":\"Manufacturer of industrial pressure gauges, pressure sensors, and transmitters. SJ Gauge provides high accuracy, durable materials, and custom solutions for oil &amp; gas, chemical, and industrial applications.\",\"publisher\":{\"@id\":\"https:\/\/www.sj-gauge.com\/#organization\"},\"potentialAction\":[{\"@type\":\"SearchAction\",\"target\":{\"@type\":\"EntryPoint\",\"urlTemplate\":\"https:\/\/www.sj-gauge.com\/?s={search_term_string}\"},\"query-input\":{\"@type\":\"PropertyValueSpecification\",\"valueRequired\":true,\"valueName\":\"search_term_string\"}}],\"inLanguage\":\"vi\"},{\"@type\":\"Organization\",\"@id\":\"https:\/\/www.sj-gauge.com\/#organization\",\"name\":\"Your Expert in Pressure Temp and Smart Transmitters - SJ Gauge\",\"url\":\"https:\/\/www.sj-gauge.com\/\",\"logo\":{\"@type\":\"ImageObject\",\"inLanguage\":\"vi\",\"@id\":\"https:\/\/www.sj-gauge.com\/#\/schema\/logo\/image\/\",\"url\":\"https:\/\/www.sj-gauge.com\/wp-content\/uploads\/2025\/09\/logo.webp\",\"contentUrl\":\"https:\/\/www.sj-gauge.com\/wp-content\/uploads\/2025\/09\/logo.webp\",\"width\":348,\"height\":184,\"caption\":\"Your Expert in Pressure Temp and Smart Transmitters - SJ Gauge\"},\"image\":{\"@id\":\"https:\/\/www.sj-gauge.com\/#\/schema\/logo\/image\/\"}}]}<\/script>\n<!-- \/ Yoast SEO Premium plugin. -->","yoast_head_json":{"title":"\u0110\u1ed3ng h\u1ed3 \u0111o \u00e1p su\u1ea5t k\u1ef9 thu\u1eadt s\u1ed1 \u0111a n\u0103ng | Gi\u00e1 c\u1ea3 h\u1ee3p l\u00fd | SJ Gauge","description":"\u0110\u1ed3ng h\u1ed3 \u0111o \u00e1p su\u1ea5t k\u1ef9 thu\u1eadt s\u1ed1 PRD-TG \u0111\u01b0\u1ee3c thi\u1ebft k\u1ebf cho c\u00e1c \u1ee9ng d\u1ee5ng th\u00f4ng th\u01b0\u1eddng, ph\u00f9 h\u1ee3p \u0111\u1ec3 \u0111o kh\u00ed v\u00e0 ch\u1ea5t l\u1ecfng, mang l\u1ea1i hi\u1ec7u su\u1ea5t \u0111\u00e1ng tin c\u1eady, thao t\u00e1c tr\u1ef1c quan v\u00e0 c\u00e1c gi\u1ea3i ph\u00e1p ti\u1ebft ki\u1ec7m chi ph\u00ed.","robots":{"index":"index","follow":"follow","max-snippet":"max-snippet:-1","max-image-preview":"max-image-preview:large","max-video-preview":"max-video-preview:-1"},"canonical":"https:\/\/www.sj-gauge.com\/vi\/san-pham\/prd-tg\/","og_locale":"vi_VN","og_type":"article","og_title":"Digital Pressure Gauge, Basic","og_description":"PRD-TG digital pressure gauge designed for general applications, suitable for gas and liquid measurement, offering reliable performance, intuitive operation, and cost-effective solutions.","og_url":"https:\/\/www.sj-gauge.com\/vi\/san-pham\/prd-tg\/","og_site_name":"Your Expert in Pressure Temp and Smart Transmitters - SJ Gauge","article_modified_time":"2026-03-27T06:39:31+00:00","og_image":[{"width":1200,"height":1000,"url":"https:\/\/www.sj-gauge.com\/wp-content\/uploads\/2025\/11\/SJ-Gauge_basic_digital_pressure_gauge_L.jpg","type":"image\/jpeg"}],"twitter_card":"summary_large_image","twitter_misc":{"\u01af\u1edbc t\u00ednh th\u1eddi gian \u0111\u1ecdc":"1 ph\u00fat"},"schema":{"@context":"https:\/\/schema.org","@graph":[{"@type":"WebPage","@id":"https:\/\/www.sj-gauge.com\/product\/prd-tg\/","url":"https:\/\/www.sj-gauge.com\/product\/prd-tg\/","name":"\u0110\u1ed3ng h\u1ed3 \u0111o \u00e1p su\u1ea5t k\u1ef9 thu\u1eadt s\u1ed1 \u0111a n\u0103ng | Gi\u00e1 c\u1ea3 h\u1ee3p l\u00fd | SJ Gauge","isPartOf":{"@id":"https:\/\/www.sj-gauge.com\/#website"},"primaryImageOfPage":{"@id":"https:\/\/www.sj-gauge.com\/product\/prd-tg\/#primaryimage"},"image":{"@id":"https:\/\/www.sj-gauge.com\/product\/prd-tg\/#primaryimage"},"thumbnailUrl":"https:\/\/www.sj-gauge.com\/wp-content\/uploads\/2025\/11\/SJ-Gauge_basic_digital_pressure_gauge_L.jpg","datePublished":"2025-11-07T09:10:40+00:00","dateModified":"2026-03-27T06:39:31+00:00","description":"\u0110\u1ed3ng h\u1ed3 \u0111o \u00e1p su\u1ea5t k\u1ef9 thu\u1eadt s\u1ed1 PRD-TG \u0111\u01b0\u1ee3c thi\u1ebft k\u1ebf cho c\u00e1c \u1ee9ng d\u1ee5ng th\u00f4ng th\u01b0\u1eddng, ph\u00f9 h\u1ee3p \u0111\u1ec3 \u0111o kh\u00ed v\u00e0 ch\u1ea5t l\u1ecfng, mang l\u1ea1i hi\u1ec7u su\u1ea5t \u0111\u00e1ng tin c\u1eady, thao t\u00e1c tr\u1ef1c quan v\u00e0 c\u00e1c gi\u1ea3i ph\u00e1p ti\u1ebft ki\u1ec7m chi ph\u00ed.","breadcrumb":{"@id":"https:\/\/www.sj-gauge.com\/product\/prd-tg\/#breadcrumb"},"inLanguage":"vi","potentialAction":[{"@type":"ReadAction","target":["https:\/\/www.sj-gauge.com\/product\/prd-tg\/"]}]},{"@type":"ImageObject","inLanguage":"vi","@id":"https:\/\/www.sj-gauge.com\/product\/prd-tg\/#primaryimage","url":"https:\/\/www.sj-gauge.com\/wp-content\/uploads\/2025\/11\/SJ-Gauge_basic_digital_pressure_gauge_L.jpg","contentUrl":"https:\/\/www.sj-gauge.com\/wp-content\/uploads\/2025\/11\/SJ-Gauge_basic_digital_pressure_gauge_L.jpg","width":1200,"height":1000},{"@type":"BreadcrumbList","@id":"https:\/\/www.sj-gauge.com\/product\/prd-tg\/#breadcrumb","itemListElement":[{"@type":"ListItem","position":1,"name":"Home","item":"https:\/\/www.sj-gauge.com\/"},{"@type":"ListItem","position":2,"name":"Products","item":"https:\/\/www.sj-gauge.com\/products\/"},{"@type":"ListItem","position":3,"name":"Digital Pressure Gauge, Basic"}]},{"@type":"WebSite","@id":"https:\/\/www.sj-gauge.com\/#website","url":"https:\/\/www.sj-gauge.com\/","name":"Chuy\u00ean gia v\u1ec1 c\u1ea3m bi\u1ebfn \u00e1p su\u1ea5t, nhi\u1ec7t \u0111\u1ed9 v\u00e0 c\u1ea3m bi\u1ebfn th\u00f4ng minh - SJ Gauge","description":"Nh\u00e0 s\u1ea3n xu\u1ea5t \u0111\u1ed3ng h\u1ed3 \u0111o \u00e1p su\u1ea5t c\u00f4ng nghi\u1ec7p, c\u1ea3m bi\u1ebfn \u00e1p su\u1ea5t v\u00e0 b\u1ed9 truy\u1ec1n t\u00edn hi\u1ec7u. SJ Gauge cung c\u1ea5p c\u00e1c s\u1ea3n ph\u1ea9m c\u00f3 \u0111\u1ed9 ch\u00ednh x\u00e1c cao, \u0111\u01b0\u1ee3c ch\u1ebf t\u1ea1o t\u1eeb v\u1eadt li\u1ec7u b\u1ec1n b\u1ec9 v\u00e0 c\u00e1c gi\u1ea3i ph\u00e1p t\u00f9y ch\u1ec9nh d\u00e0nh cho c\u00e1c \u1ee9ng d\u1ee5ng trong ng\u00e0nh d\u1ea7u kh\u00ed, h\u00f3a ch\u1ea5t v\u00e0 c\u00f4ng nghi\u1ec7p.","publisher":{"@id":"https:\/\/www.sj-gauge.com\/#organization"},"potentialAction":[{"@type":"SearchAction","target":{"@type":"EntryPoint","urlTemplate":"https:\/\/www.sj-gauge.com\/?s={search_term_string}"},"query-input":{"@type":"PropertyValueSpecification","valueRequired":true,"valueName":"search_term_string"}}],"inLanguage":"vi"},{"@type":"Organization","@id":"https:\/\/www.sj-gauge.com\/#organization","name":"Chuy\u00ean gia v\u1ec1 c\u1ea3m bi\u1ebfn \u00e1p su\u1ea5t, nhi\u1ec7t \u0111\u1ed9 v\u00e0 c\u1ea3m bi\u1ebfn th\u00f4ng minh - SJ Gauge","url":"https:\/\/www.sj-gauge.com\/","logo":{"@type":"ImageObject","inLanguage":"vi","@id":"https:\/\/www.sj-gauge.com\/#\/schema\/logo\/image\/","url":"https:\/\/www.sj-gauge.com\/wp-content\/uploads\/2025\/09\/logo.webp","contentUrl":"https:\/\/www.sj-gauge.com\/wp-content\/uploads\/2025\/09\/logo.webp","width":348,"height":184,"caption":"Your Expert in Pressure Temp and Smart Transmitters - SJ Gauge"},"image":{"@id":"https:\/\/www.sj-gauge.com\/#\/schema\/logo\/image\/"}}]}},"_links":{"self":[{"href":"https:\/\/www.sj-gauge.com\/vi\/wp-json\/wp\/v2\/product\/1547","targetHints":{"allow":["GET"]}}],"collection":[{"href":"https:\/\/www.sj-gauge.com\/vi\/wp-json\/wp\/v2\/product"}],"about":[{"href":"https:\/\/www.sj-gauge.com\/vi\/wp-json\/wp\/v2\/types\/product"}],"wp:featuredmedia":[{"embeddable":true,"href":"https:\/\/www.sj-gauge.com\/vi\/wp-json\/wp\/v2\/media\/1551"}],"wp:attachment":[{"href":"https:\/\/www.sj-gauge.com\/vi\/wp-json\/wp\/v2\/media?parent=1547"}],"wp:term":[{"taxonomy":"product_brand","embeddable":true,"href":"https:\/\/www.sj-gauge.com\/vi\/wp-json\/wp\/v2\/product_brand?post=1547"},{"taxonomy":"product_cat","embeddable":true,"href":"https:\/\/www.sj-gauge.com\/vi\/wp-json\/wp\/v2\/product_cat?post=1547"},{"taxonomy":"product_tag","embeddable":true,"href":"https:\/\/www.sj-gauge.com\/vi\/wp-json\/wp\/v2\/product_tag?post=1547"}],"curies":[{"name":"wp","href":"https:\/\/api.w.org\/{rel}","templated":true}]}}