{"id":1553,"date":"2025-11-10T10:34:55","date_gmt":"2025-11-10T02:34:55","guid":{"rendered":"https:\/\/sj-gauge.com\/?post_type=product&#038;p=1553"},"modified":"2026-04-29T23:04:02","modified_gmt":"2026-04-29T15:04:02","slug":"prdr-w","status":"publish","type":"product","link":"https:\/\/www.sj-gauge.com\/vi\/san-pham\/prdr-w\/","title":{"rendered":"\u0110\u1ed3ng h\u1ed3 \u00e1p su\u1ea5t th\u00e9p kh\u00f4ng g\u1ec9, h\u00e0n laser"},"content":{"rendered":"<p>PRDR.W l\u00e0 \u0111\u1ed3ng h\u1ed3 \u00e1p su\u1ea5t ho\u00e0n to\u00e0n b\u1eb1ng th\u00e9p kh\u00f4ng g\u1ec9, \u0111\u01b0\u1ee3c ch\u1ebf t\u1ea1o b\u1eb1ng c\u00f4ng ngh\u1ec7 h\u00e0n laser kh\u00f4ng m\u1ed1i h\u00e0n, cung c\u1ea5p kh\u1ea3 n\u0103ng ch\u1ed1ng r\u00f2 r\u1ec9 tuy\u1ec7t v\u1eddi c\u00f9ng c\u00e1c t\u00ednh n\u0103ng an to\u00e0n n\u00e2ng cao nh\u01b0 van x\u1ea3 v\u00e0 van x\u1ea3 ng\u01b0\u1ee3c. S\u1ea3n ph\u1ea9m c\u00f3 s\u1eb5n v\u1edbi v\u1ecf b\u1eb1ng th\u00e9p kh\u00f4ng g\u1ec9 304 ho\u1eb7c 316 v\u00e0 k\u1ebft n\u1ed1i qu\u00e1 tr\u00ecnh b\u1eb1ng th\u00e9p kh\u00f4ng g\u1ec9 316L, h\u1ed7 tr\u1ee3 d\u1ea3i \u00e1p su\u1ea5t t\u1eeb 0\u20130.6 kg\/cm\u00b2 \u0111\u1ebfn 1600 kg\/cm\u00b2, v\u1edbi \u0111\u1ed9 ch\u00ednh x\u00e1c l\u00ean \u0111\u1ebfn \u00b11.0% F.S. cho c\u00e1c m\u00f4 h\u00ecnh 4\u2033 v\u00e0 6\u2033. \u0110\u01b0\u1ee3c thi\u1ebft k\u1ebf cho m\u00f4i tr\u01b0\u1eddng kh\u1eafc nghi\u1ec7t nh\u01b0 nh\u00e0 m\u00e1y h\u00f3a d\u1ea7u, c\u00f4ng tr\u00ecnh \u0111i\u1ec7n l\u1ef1c v\u00e0 x\u1eed l\u00fd n\u01b0\u1edbc th\u1ea3i, s\u1ea3n ph\u1ea9m h\u1ed7 tr\u1ee3 ch\u1ea5t l\u1ecfng glycerine ho\u1eb7c silicone v\u00e0 nhi\u1ec1u t\u00f9y ch\u1ecdn l\u1eafp \u0111\u1eb7t bao g\u1ed3m lo\u1ea1i \u0111\u00e1y, sau v\u00e0 flange. Th\u00f4ng s\u1ed1 k\u1ef9 thu\u1eadt c\u1ee7a n\u00f3 t\u01b0\u01a1ng \u0111\u01b0\u01a1ng v\u1edbi WIKA 232.50\/233.50, l\u00e0m cho n\u00f3 tr\u1edf th\u00e0nh m\u1ed9t l\u1ef1a ch\u1ecdn \u0111\u00e1ng tin c\u1eady thay th\u1ebf cho c\u00e1c th\u01b0\u01a1ng hi\u1ec7u qu\u1ed1c t\u1ebf l\u1edbn.<\/p>","protected":false},"excerpt":{"rendered":"<ul>\n<li>\u0110\u01b0\u1ee3c \u0111\u00fac nguy\u00ean kh\u1ed1i kh\u00f4ng c\u00f3 m\u1ed1i n\u1ed1i \u0111\u1ec3 tr\u00e1nh r\u00f2 r\u1ec9 hi\u1ec7u qu\u1ea3.<\/li>\n<li>Van x\u1ea3 v\u00e0 thi\u1ebft b\u1ecb x\u1ea3 \u00e1p (n\u00fat b\u1ecbt) \u0111\u1ec3 t\u0103ng c\u01b0\u1eddng an to\u00e0n<\/li>\n<li>\u0110\u01b0\u1ee3c s\u1eed d\u1ee5ng trong ng\u00e0nh c\u00f4ng nghi\u1ec7p h\u00f3a d\u1ea7u, k\u1ef9 thu\u1eadt \u0111i\u1ec7n v\u00e0 x\u1eed l\u00fd n\u01b0\u1edbc th\u1ea3i.<\/li>\n<li>C\u00e1c th\u00f4ng s\u1ed1 k\u1ef9 thu\u1eadt t\u01b0\u01a1ng t\u1ef1 nh\u01b0 WIKA-232.50\/233.50.<\/li>\n<\/ul>","protected":false},"featured_media":1555,"template":"","meta":{"_acf_changed":false},"product_brand":[40],"product_cat":[18,41],"product_tag":[],"class_list":{"0":"post-1553","1":"product","2":"type-product","3":"status-publish","4":"has-post-thumbnail","6":"product_brand-sj-gauge","7":"product_cat-pressure-gauges","8":"product_cat-pressure-instruments","10":"first","11":"instock","12":"shipping-taxable","13":"product-type-simple"},"acf":[],"yoast_head":"<!-- This site is optimized with the Yoast SEO Premium plugin v26.7 (Yoast SEO v27.4) - https:\/\/yoast.com\/product\/yoast-seo-premium-wordpress\/ -->\n<title>Industrial Stainless Steel Pressure Gauge | WIKA 232.50 Equivalent | SJ Gauge<\/title>\n<meta name=\"description\" content=\"PRDR.W stainless steel pressure gauge with laser welded construction for leak-free performance, designed for industrial applications and equivalent to WIKA 232.50 \/ 233.50.\" \/>\n<meta name=\"robots\" content=\"index, follow, max-snippet:-1, max-image-preview:large, max-video-preview:-1\" \/>\n<link rel=\"canonical\" href=\"https:\/\/www.sj-gauge.com\/vi\/san-pham\/prdr-w\/\" \/>\n<meta property=\"og:locale\" content=\"vi_VN\" \/>\n<meta property=\"og:type\" content=\"article\" \/>\n<meta property=\"og:title\" content=\"Stainless Steel Pressure Gauge, Laser Welding\" \/>\n<meta property=\"og:description\" content=\"PRDR.W stainless steel pressure gauge with laser welded construction for leak-free performance, designed for industrial applications and equivalent to WIKA 232.50 \/ 233.50.\" \/>\n<meta property=\"og:url\" content=\"https:\/\/www.sj-gauge.com\/vi\/san-pham\/prdr-w\/\" \/>\n<meta property=\"og:site_name\" content=\"SJ Gauge | Pressure Gauges, Thermometers &amp; Pressure Sensors\" \/>\n<meta property=\"article:modified_time\" content=\"2026-04-29T15:04:02+00:00\" \/>\n<meta property=\"og:image\" content=\"https:\/\/www.sj-gauge.com\/wp-content\/uploads\/2025\/11\/01_SJ-Gauge_stainless-steel_pressure_gauge_with_laser_welding_case_L.jpg\" \/>\n\t<meta property=\"og:image:width\" content=\"1200\" \/>\n\t<meta property=\"og:image:height\" content=\"1000\" \/>\n\t<meta property=\"og:image:type\" content=\"image\/jpeg\" \/>\n<meta name=\"twitter:card\" content=\"summary_large_image\" \/>\n<meta name=\"twitter:label1\" content=\"\u01af\u1edbc t\u00ednh th\u1eddi gian \u0111\u1ecdc\" \/>\n\t<meta name=\"twitter:data1\" content=\"1 ph\u00fat\" \/>\n<script type=\"application\/ld+json\" class=\"yoast-schema-graph\">{\"@context\":\"https:\\\/\\\/schema.org\",\"@graph\":[{\"@type\":\"WebPage\",\"@id\":\"https:\\\/\\\/www.sj-gauge.com\\\/product\\\/prdr-w\\\/\",\"url\":\"https:\\\/\\\/www.sj-gauge.com\\\/product\\\/prdr-w\\\/\",\"name\":\"Industrial Stainless Steel Pressure Gauge | WIKA 232.50 Equivalent | SJ Gauge\",\"isPartOf\":{\"@id\":\"https:\\\/\\\/www.sj-gauge.com\\\/#website\"},\"primaryImageOfPage\":{\"@id\":\"https:\\\/\\\/www.sj-gauge.com\\\/product\\\/prdr-w\\\/#primaryimage\"},\"image\":{\"@id\":\"https:\\\/\\\/www.sj-gauge.com\\\/product\\\/prdr-w\\\/#primaryimage\"},\"thumbnailUrl\":\"https:\\\/\\\/www.sj-gauge.com\\\/wp-content\\\/uploads\\\/2025\\\/11\\\/01_SJ-Gauge_stainless-steel_pressure_gauge_with_laser_welding_case_L.jpg\",\"datePublished\":\"2025-11-10T02:34:55+00:00\",\"dateModified\":\"2026-04-29T15:04:02+00:00\",\"description\":\"PRDR.W stainless steel pressure gauge with laser welded construction for leak-free performance, designed for industrial applications and equivalent to WIKA 232.50 \\\/ 233.50.\",\"breadcrumb\":{\"@id\":\"https:\\\/\\\/www.sj-gauge.com\\\/product\\\/prdr-w\\\/#breadcrumb\"},\"inLanguage\":\"vi\",\"potentialAction\":[{\"@type\":\"ReadAction\",\"target\":[\"https:\\\/\\\/www.sj-gauge.com\\\/product\\\/prdr-w\\\/\"]}]},{\"@type\":\"ImageObject\",\"inLanguage\":\"vi\",\"@id\":\"https:\\\/\\\/www.sj-gauge.com\\\/product\\\/prdr-w\\\/#primaryimage\",\"url\":\"https:\\\/\\\/www.sj-gauge.com\\\/wp-content\\\/uploads\\\/2025\\\/11\\\/01_SJ-Gauge_stainless-steel_pressure_gauge_with_laser_welding_case_L.jpg\",\"contentUrl\":\"https:\\\/\\\/www.sj-gauge.com\\\/wp-content\\\/uploads\\\/2025\\\/11\\\/01_SJ-Gauge_stainless-steel_pressure_gauge_with_laser_welding_case_L.jpg\",\"width\":1200,\"height\":1000},{\"@type\":\"BreadcrumbList\",\"@id\":\"https:\\\/\\\/www.sj-gauge.com\\\/product\\\/prdr-w\\\/#breadcrumb\",\"itemListElement\":[{\"@type\":\"ListItem\",\"position\":1,\"name\":\"Home\",\"item\":\"https:\\\/\\\/www.sj-gauge.com\\\/\"},{\"@type\":\"ListItem\",\"position\":2,\"name\":\"Products\",\"item\":\"https:\\\/\\\/www.sj-gauge.com\\\/products\\\/\"},{\"@type\":\"ListItem\",\"position\":3,\"name\":\"Stainless Steel Pressure Gauge, Laser Welding\"}]},{\"@type\":\"WebSite\",\"@id\":\"https:\\\/\\\/www.sj-gauge.com\\\/#website\",\"url\":\"https:\\\/\\\/www.sj-gauge.com\\\/\",\"name\":\"SJ Gauge | Pressure Gauges, Thermometers &amp; Pressure Sensors\",\"description\":\"Manufacturer of industrial pressure gauges, pressure sensors, and transmitters. SJ Gauge provides high accuracy, durable materials, and custom solutions for oil &amp; gas, chemical, and industrial applications.\",\"publisher\":{\"@id\":\"https:\\\/\\\/www.sj-gauge.com\\\/#organization\"},\"potentialAction\":[{\"@type\":\"SearchAction\",\"target\":{\"@type\":\"EntryPoint\",\"urlTemplate\":\"https:\\\/\\\/www.sj-gauge.com\\\/?s={search_term_string}\"},\"query-input\":{\"@type\":\"PropertyValueSpecification\",\"valueRequired\":true,\"valueName\":\"search_term_string\"}}],\"inLanguage\":\"vi\"},{\"@type\":\"Organization\",\"@id\":\"https:\\\/\\\/www.sj-gauge.com\\\/#organization\",\"name\":\"SJ Gauge | Pressure Gauges, Thermometers &amp; Pressure Sensors\",\"url\":\"https:\\\/\\\/www.sj-gauge.com\\\/\",\"logo\":{\"@type\":\"ImageObject\",\"inLanguage\":\"vi\",\"@id\":\"https:\\\/\\\/www.sj-gauge.com\\\/#\\\/schema\\\/logo\\\/image\\\/\",\"url\":\"https:\\\/\\\/www.sj-gauge.com\\\/wp-content\\\/uploads\\\/2025\\\/09\\\/logo.webp\",\"contentUrl\":\"https:\\\/\\\/www.sj-gauge.com\\\/wp-content\\\/uploads\\\/2025\\\/09\\\/logo.webp\",\"width\":348,\"height\":184,\"caption\":\"SJ Gauge | Pressure Gauges, Thermometers &amp; Pressure Sensors\"},\"image\":{\"@id\":\"https:\\\/\\\/www.sj-gauge.com\\\/#\\\/schema\\\/logo\\\/image\\\/\"}}]}<\/script>\n<!-- \/ Yoast SEO Premium plugin. -->","yoast_head_json":{"title":"\u0110\u1ed3ng h\u1ed3 \u0111o \u00e1p su\u1ea5t b\u1eb1ng th\u00e9p kh\u00f4ng g\u1ec9 c\u00f4ng nghi\u1ec7p | T\u01b0\u01a1ng \u0111\u01b0\u01a1ng WIKA 232.50 | SJ Gauge","description":"\u0110\u1ed3ng h\u1ed3 \u0111o \u00e1p su\u1ea5t b\u1eb1ng th\u00e9p kh\u00f4ng g\u1ec9 PRDR.W v\u1edbi c\u1ea5u tr\u00fac h\u00e0n laser \u0111\u1ea3m b\u1ea3o kh\u00f4ng r\u00f2 r\u1ec9, \u0111\u01b0\u1ee3c thi\u1ebft k\u1ebf cho c\u00e1c \u1ee9ng d\u1ee5ng c\u00f4ng nghi\u1ec7p v\u00e0 t\u01b0\u01a1ng \u0111\u01b0\u01a1ng v\u1edbi WIKA 232.50 \/ 233.50.","robots":{"index":"index","follow":"follow","max-snippet":"max-snippet:-1","max-image-preview":"max-image-preview:large","max-video-preview":"max-video-preview:-1"},"canonical":"https:\/\/www.sj-gauge.com\/vi\/san-pham\/prdr-w\/","og_locale":"vi_VN","og_type":"article","og_title":"Stainless Steel Pressure Gauge, Laser Welding","og_description":"PRDR.W stainless steel pressure gauge with laser welded construction for leak-free performance, designed for industrial applications and equivalent to WIKA 232.50 \/ 233.50.","og_url":"https:\/\/www.sj-gauge.com\/vi\/san-pham\/prdr-w\/","og_site_name":"SJ Gauge | Pressure Gauges, Thermometers &amp; Pressure Sensors","article_modified_time":"2026-04-29T15:04:02+00:00","og_image":[{"width":1200,"height":1000,"url":"https:\/\/www.sj-gauge.com\/wp-content\/uploads\/2025\/11\/01_SJ-Gauge_stainless-steel_pressure_gauge_with_laser_welding_case_L.jpg","type":"image\/jpeg"}],"twitter_card":"summary_large_image","twitter_misc":{"\u01af\u1edbc t\u00ednh th\u1eddi gian \u0111\u1ecdc":"1 ph\u00fat"},"schema":{"@context":"https:\/\/schema.org","@graph":[{"@type":"WebPage","@id":"https:\/\/www.sj-gauge.com\/product\/prdr-w\/","url":"https:\/\/www.sj-gauge.com\/product\/prdr-w\/","name":"\u0110\u1ed3ng h\u1ed3 \u0111o \u00e1p su\u1ea5t b\u1eb1ng th\u00e9p kh\u00f4ng g\u1ec9 c\u00f4ng nghi\u1ec7p | T\u01b0\u01a1ng \u0111\u01b0\u01a1ng WIKA 232.50 | SJ Gauge","isPartOf":{"@id":"https:\/\/www.sj-gauge.com\/#website"},"primaryImageOfPage":{"@id":"https:\/\/www.sj-gauge.com\/product\/prdr-w\/#primaryimage"},"image":{"@id":"https:\/\/www.sj-gauge.com\/product\/prdr-w\/#primaryimage"},"thumbnailUrl":"https:\/\/www.sj-gauge.com\/wp-content\/uploads\/2025\/11\/01_SJ-Gauge_stainless-steel_pressure_gauge_with_laser_welding_case_L.jpg","datePublished":"2025-11-10T02:34:55+00:00","dateModified":"2026-04-29T15:04:02+00:00","description":"\u0110\u1ed3ng h\u1ed3 \u0111o \u00e1p su\u1ea5t b\u1eb1ng th\u00e9p kh\u00f4ng g\u1ec9 PRDR.W v\u1edbi c\u1ea5u tr\u00fac h\u00e0n laser \u0111\u1ea3m b\u1ea3o kh\u00f4ng r\u00f2 r\u1ec9, \u0111\u01b0\u1ee3c thi\u1ebft k\u1ebf cho c\u00e1c \u1ee9ng d\u1ee5ng c\u00f4ng nghi\u1ec7p v\u00e0 t\u01b0\u01a1ng \u0111\u01b0\u01a1ng v\u1edbi WIKA 232.50 \/ 233.50.","breadcrumb":{"@id":"https:\/\/www.sj-gauge.com\/product\/prdr-w\/#breadcrumb"},"inLanguage":"vi","potentialAction":[{"@type":"ReadAction","target":["https:\/\/www.sj-gauge.com\/product\/prdr-w\/"]}]},{"@type":"ImageObject","inLanguage":"vi","@id":"https:\/\/www.sj-gauge.com\/product\/prdr-w\/#primaryimage","url":"https:\/\/www.sj-gauge.com\/wp-content\/uploads\/2025\/11\/01_SJ-Gauge_stainless-steel_pressure_gauge_with_laser_welding_case_L.jpg","contentUrl":"https:\/\/www.sj-gauge.com\/wp-content\/uploads\/2025\/11\/01_SJ-Gauge_stainless-steel_pressure_gauge_with_laser_welding_case_L.jpg","width":1200,"height":1000},{"@type":"BreadcrumbList","@id":"https:\/\/www.sj-gauge.com\/product\/prdr-w\/#breadcrumb","itemListElement":[{"@type":"ListItem","position":1,"name":"Home","item":"https:\/\/www.sj-gauge.com\/"},{"@type":"ListItem","position":2,"name":"Products","item":"https:\/\/www.sj-gauge.com\/products\/"},{"@type":"ListItem","position":3,"name":"Stainless Steel Pressure Gauge, Laser Welding"}]},{"@type":"WebSite","@id":"https:\/\/www.sj-gauge.com\/#website","url":"https:\/\/www.sj-gauge.com\/","name":"SJ Gauge | \u0110\u1ed3ng h\u1ed3 \u0111o \u00e1p su\u1ea5t, nhi\u1ec7t k\u1ebf v\u00e0 c\u1ea3m bi\u1ebfn \u00e1p su\u1ea5t","description":"Nh\u00e0 s\u1ea3n xu\u1ea5t \u0111\u1ed3ng h\u1ed3 \u0111o \u00e1p su\u1ea5t c\u00f4ng nghi\u1ec7p, c\u1ea3m bi\u1ebfn \u00e1p su\u1ea5t v\u00e0 b\u1ed9 truy\u1ec1n t\u00edn hi\u1ec7u. SJ Gauge cung c\u1ea5p c\u00e1c s\u1ea3n ph\u1ea9m c\u00f3 \u0111\u1ed9 ch\u00ednh x\u00e1c cao, \u0111\u01b0\u1ee3c ch\u1ebf t\u1ea1o t\u1eeb v\u1eadt li\u1ec7u b\u1ec1n b\u1ec9 v\u00e0 c\u00e1c gi\u1ea3i ph\u00e1p t\u00f9y ch\u1ec9nh d\u00e0nh cho c\u00e1c \u1ee9ng d\u1ee5ng trong ng\u00e0nh d\u1ea7u kh\u00ed, h\u00f3a ch\u1ea5t v\u00e0 c\u00f4ng nghi\u1ec7p.","publisher":{"@id":"https:\/\/www.sj-gauge.com\/#organization"},"potentialAction":[{"@type":"SearchAction","target":{"@type":"EntryPoint","urlTemplate":"https:\/\/www.sj-gauge.com\/?s={search_term_string}"},"query-input":{"@type":"PropertyValueSpecification","valueRequired":true,"valueName":"search_term_string"}}],"inLanguage":"vi"},{"@type":"Organization","@id":"https:\/\/www.sj-gauge.com\/#organization","name":"SJ Gauge | \u0110\u1ed3ng h\u1ed3 \u0111o \u00e1p su\u1ea5t, nhi\u1ec7t k\u1ebf v\u00e0 c\u1ea3m bi\u1ebfn \u00e1p su\u1ea5t","url":"https:\/\/www.sj-gauge.com\/","logo":{"@type":"ImageObject","inLanguage":"vi","@id":"https:\/\/www.sj-gauge.com\/#\/schema\/logo\/image\/","url":"https:\/\/www.sj-gauge.com\/wp-content\/uploads\/2025\/09\/logo.webp","contentUrl":"https:\/\/www.sj-gauge.com\/wp-content\/uploads\/2025\/09\/logo.webp","width":348,"height":184,"caption":"SJ Gauge | Pressure Gauges, Thermometers &amp; Pressure Sensors"},"image":{"@id":"https:\/\/www.sj-gauge.com\/#\/schema\/logo\/image\/"}}]}},"_links":{"self":[{"href":"https:\/\/www.sj-gauge.com\/vi\/wp-json\/wp\/v2\/product\/1553","targetHints":{"allow":["GET"]}}],"collection":[{"href":"https:\/\/www.sj-gauge.com\/vi\/wp-json\/wp\/v2\/product"}],"about":[{"href":"https:\/\/www.sj-gauge.com\/vi\/wp-json\/wp\/v2\/types\/product"}],"wp:featuredmedia":[{"embeddable":true,"href":"https:\/\/www.sj-gauge.com\/vi\/wp-json\/wp\/v2\/media\/1555"}],"wp:attachment":[{"href":"https:\/\/www.sj-gauge.com\/vi\/wp-json\/wp\/v2\/media?parent=1553"}],"wp:term":[{"taxonomy":"product_brand","embeddable":true,"href":"https:\/\/www.sj-gauge.com\/vi\/wp-json\/wp\/v2\/product_brand?post=1553"},{"taxonomy":"product_cat","embeddable":true,"href":"https:\/\/www.sj-gauge.com\/vi\/wp-json\/wp\/v2\/product_cat?post=1553"},{"taxonomy":"product_tag","embeddable":true,"href":"https:\/\/www.sj-gauge.com\/vi\/wp-json\/wp\/v2\/product_tag?post=1553"}],"curies":[{"name":"wp","href":"https:\/\/api.w.org\/{rel}","templated":true}]}}