{"id":1585,"date":"2025-11-10T10:54:17","date_gmt":"2025-11-10T02:54:17","guid":{"rendered":"https:\/\/sj-gauge.com\/?post_type=product&#038;p=1585"},"modified":"2026-03-28T19:59:23","modified_gmt":"2026-03-28T11:59:23","slug":"prs","status":"publish","type":"product","link":"https:\/\/www.sj-gauge.com\/vi\/san-pham\/prs\/","title":{"rendered":"\u0110\u1ed3ng h\u1ed3 \u00e1p su\u1ea5t th\u00e9p kh\u00f4ng g\u1ec9, v\u1ecf th\u00e9p kh\u00f4ng g\u1ec9"},"content":{"rendered":"<p>PRS l\u00e0 \u0111\u1ed3ng h\u1ed3 \u00e1p su\u1ea5t v\u1ecf th\u00e9p kh\u00f4ng g\u1ec9 \u0111\u01b0\u1ee3c thi\u1ebft k\u1ebf cho c\u00e1c \u1ee9ng d\u1ee5ng c\u00f4ng nghi\u1ec7p chung, v\u1edbi c\u00e1c k\u1ebft n\u1ed1i qu\u00e1 tr\u00ecnh b\u1eb1ng \u0111\u1ed3ng thau ho\u1eb7c \u0111\u1ed3ng thau m\u1ea1 cr\u00f4m, ph\u00f9 h\u1ee3p cho c\u00e1c m\u00f4i tr\u01b0\u1eddng kh\u00ed v\u00e0 ch\u1ea5t l\u1ecfng kh\u00f4ng \u0103n m\u00f2n. V\u1edbi d\u1ea3i \u0111o c\u00f3 th\u1ec3 \u0111i\u1ec1u ch\u1ec9nh t\u1eeb 0\u20131 kg\/cm\u00b2 \u0111\u1ebfn 0\u20131000 kg\/cm\u00b2 v\u00e0 k\u00edch th\u01b0\u1edbc m\u1eb7t \u0111\u1ed3ng h\u1ed3 t\u1eeb 1,5\u2033 \u0111\u1ebfn 4\u2033, s\u1ea3n ph\u1ea9m cung c\u1ea5p \u0111\u1ed9 ch\u00ednh x\u00e1c l\u00ean \u0111\u1ebfn \u00b11,6% F.S. M\u00e1y \u0111o c\u00f3 th\u1ec3 \u0111\u01b0\u1ee3c cung c\u1ea5p \u1edf d\u1ea1ng kh\u00f4, ch\u1ee9a glycerin ho\u1eb7c ch\u1ee9a silicone \u0111\u1ec3 t\u0103ng kh\u1ea3 n\u0103ng ch\u1ed1ng rung v\u00e0 c\u00f3 s\u1eb5n nhi\u1ec1u t\u00f9y ch\u1ecdn l\u1eafp \u0111\u1eb7t bao g\u1ed3m l\u1eafp d\u01b0\u1edbi, l\u1eafp sau, l\u1eafp gi\u1eefa sau, l\u1eafp flange v\u00e0 l\u1eafp U-clamp. \u0110i\u1ec1u n\u00e0y khi\u1ebfn PRS tr\u1edf th\u00e0nh l\u1ef1a ch\u1ecdn l\u00fd t\u01b0\u1edfng cho b\u01a1m, m\u00e1y n\u00e9n, h\u1ec7 th\u1ed1ng th\u1ee7y l\u1ef1c v\u00e0 gi\u00e1m s\u00e1t \u0111\u01b0\u1eddng \u1ed1ng trong nh\u00e0\/ngo\u00e0i tr\u1eddi.<\/p>","protected":false},"excerpt":{"rendered":"<ul>\n<li>\u0110\u1ed1i v\u1edbi c\u00e1c m\u00f4i tr\u01b0\u1eddng \u00e1p su\u1ea5t d\u1ea1ng l\u1ecfng ho\u1eb7c kh\u00ed kh\u00f4ng g\u00e2y \u0103n m\u00f2n c\u00e1c b\u1ed9 ph\u1eadn l\u00e0m b\u1eb1ng h\u1ee3p kim \u0111\u1ed3ng.<\/li>\n<li>\u0110\u01b0\u1ee3c thi\u1ebft k\u1ebf \u0111\u1ec3 s\u1eed d\u1ee5ng trong c\u00e1c \u1ee9ng d\u1ee5ng c\u00f3 \u00e1p su\u1ea5t \u0111\u1ed9ng cao ho\u1eb7c rung \u0111\u1ed9ng.<\/li>\n<li>Ph\u00f9 h\u1ee3p cho b\u01a1m, m\u00e1y n\u00e9n, h\u1ec7 th\u1ed1ng th\u1ee7y l\u1ef1c ho\u1eb7c c\u00e1c \u1ee9ng d\u1ee5ng trong nh\u00e0 v\u00e0 ngo\u00e0i tr\u1eddi kh\u00e1c.<\/li>\n<\/ul>","protected":false},"featured_media":1589,"template":"","meta":{"_acf_changed":false},"product_brand":[40],"product_cat":[18,41],"product_tag":[],"class_list":{"0":"post-1585","1":"product","2":"type-product","3":"status-publish","4":"has-post-thumbnail","6":"product_brand-sj-gauge","7":"product_cat-pressure-gauges","8":"product_cat-pressure-instruments","10":"first","11":"instock","12":"shipping-taxable","13":"product-type-simple"},"acf":[],"yoast_head":"<!-- This site is optimized with the Yoast SEO Premium plugin v26.7 (Yoast SEO v26.7) - https:\/\/yoast.com\/wordpress\/plugins\/seo\/ -->\n<title>Pressure Gauge for Pumps &amp; Hydraulic Systems | Stainless Steel Case | SJ Gauge<\/title>\n<meta name=\"description\" content=\"PRS pressure gauge with stainless steel case, designed for general industrial applications such as pumps, compressors, and hydraulic systems, offering durability and stable performance.\" \/>\n<meta name=\"robots\" content=\"index, follow, max-snippet:-1, max-image-preview:large, max-video-preview:-1\" \/>\n<link rel=\"canonical\" href=\"https:\/\/www.sj-gauge.com\/vi\/san-pham\/prs\/\" \/>\n<meta property=\"og:locale\" content=\"vi_VN\" \/>\n<meta property=\"og:type\" content=\"article\" \/>\n<meta property=\"og:title\" content=\"Stainless Steel Pressure Gauge, Stainless Steel Case\" \/>\n<meta property=\"og:description\" content=\"PRS pressure gauge with stainless steel case, designed for general industrial applications such as pumps, compressors, and hydraulic systems, offering durability and stable performance.\" \/>\n<meta property=\"og:url\" content=\"https:\/\/www.sj-gauge.com\/vi\/san-pham\/prs\/\" \/>\n<meta property=\"og:site_name\" content=\"Your Expert in Pressure Temp and Smart Transmitters - SJ Gauge\" \/>\n<meta property=\"article:modified_time\" content=\"2026-03-28T11:59:23+00:00\" \/>\n<meta property=\"og:image\" content=\"https:\/\/www.sj-gauge.com\/wp-content\/uploads\/2025\/11\/01_SJ-Gauge_pressure_instrument_with_stainless-steel_case_L.jpg\" \/>\n\t<meta property=\"og:image:width\" content=\"1200\" \/>\n\t<meta property=\"og:image:height\" content=\"1000\" \/>\n\t<meta property=\"og:image:type\" content=\"image\/jpeg\" \/>\n<meta name=\"twitter:card\" content=\"summary_large_image\" \/>\n<meta name=\"twitter:label1\" content=\"\u01af\u1edbc t\u00ednh th\u1eddi gian \u0111\u1ecdc\" \/>\n\t<meta name=\"twitter:data1\" content=\"1 ph\u00fat\" \/>\n<script type=\"application\/ld+json\" class=\"yoast-schema-graph\">{\"@context\":\"https:\/\/schema.org\",\"@graph\":[{\"@type\":\"WebPage\",\"@id\":\"https:\/\/www.sj-gauge.com\/product\/prs\/\",\"url\":\"https:\/\/www.sj-gauge.com\/product\/prs\/\",\"name\":\"Pressure Gauge for Pumps & Hydraulic Systems | Stainless Steel Case | SJ Gauge\",\"isPartOf\":{\"@id\":\"https:\/\/www.sj-gauge.com\/#website\"},\"primaryImageOfPage\":{\"@id\":\"https:\/\/www.sj-gauge.com\/product\/prs\/#primaryimage\"},\"image\":{\"@id\":\"https:\/\/www.sj-gauge.com\/product\/prs\/#primaryimage\"},\"thumbnailUrl\":\"https:\/\/www.sj-gauge.com\/wp-content\/uploads\/2025\/11\/01_SJ-Gauge_pressure_instrument_with_stainless-steel_case_L.jpg\",\"datePublished\":\"2025-11-10T02:54:17+00:00\",\"dateModified\":\"2026-03-28T11:59:23+00:00\",\"description\":\"PRS pressure gauge with stainless steel case, designed for general industrial applications such as pumps, compressors, and hydraulic systems, offering durability and stable performance.\",\"breadcrumb\":{\"@id\":\"https:\/\/www.sj-gauge.com\/product\/prs\/#breadcrumb\"},\"inLanguage\":\"vi\",\"potentialAction\":[{\"@type\":\"ReadAction\",\"target\":[\"https:\/\/www.sj-gauge.com\/product\/prs\/\"]}]},{\"@type\":\"ImageObject\",\"inLanguage\":\"vi\",\"@id\":\"https:\/\/www.sj-gauge.com\/product\/prs\/#primaryimage\",\"url\":\"https:\/\/www.sj-gauge.com\/wp-content\/uploads\/2025\/11\/01_SJ-Gauge_pressure_instrument_with_stainless-steel_case_L.jpg\",\"contentUrl\":\"https:\/\/www.sj-gauge.com\/wp-content\/uploads\/2025\/11\/01_SJ-Gauge_pressure_instrument_with_stainless-steel_case_L.jpg\",\"width\":1200,\"height\":1000},{\"@type\":\"BreadcrumbList\",\"@id\":\"https:\/\/www.sj-gauge.com\/product\/prs\/#breadcrumb\",\"itemListElement\":[{\"@type\":\"ListItem\",\"position\":1,\"name\":\"Home\",\"item\":\"https:\/\/www.sj-gauge.com\/\"},{\"@type\":\"ListItem\",\"position\":2,\"name\":\"Products\",\"item\":\"https:\/\/www.sj-gauge.com\/products\/\"},{\"@type\":\"ListItem\",\"position\":3,\"name\":\"Stainless Steel Pressure Gauge, Stainless Steel Case\"}]},{\"@type\":\"WebSite\",\"@id\":\"https:\/\/www.sj-gauge.com\/#website\",\"url\":\"https:\/\/www.sj-gauge.com\/\",\"name\":\"Your Expert in Pressure Temp and Smart Transmitters - SJ Gauge\",\"description\":\"Manufacturer of industrial pressure gauges, pressure sensors, and transmitters. SJ Gauge provides high accuracy, durable materials, and custom solutions for oil &amp; gas, chemical, and industrial applications.\",\"publisher\":{\"@id\":\"https:\/\/www.sj-gauge.com\/#organization\"},\"potentialAction\":[{\"@type\":\"SearchAction\",\"target\":{\"@type\":\"EntryPoint\",\"urlTemplate\":\"https:\/\/www.sj-gauge.com\/?s={search_term_string}\"},\"query-input\":{\"@type\":\"PropertyValueSpecification\",\"valueRequired\":true,\"valueName\":\"search_term_string\"}}],\"inLanguage\":\"vi\"},{\"@type\":\"Organization\",\"@id\":\"https:\/\/www.sj-gauge.com\/#organization\",\"name\":\"Your Expert in Pressure Temp and Smart Transmitters - SJ Gauge\",\"url\":\"https:\/\/www.sj-gauge.com\/\",\"logo\":{\"@type\":\"ImageObject\",\"inLanguage\":\"vi\",\"@id\":\"https:\/\/www.sj-gauge.com\/#\/schema\/logo\/image\/\",\"url\":\"https:\/\/www.sj-gauge.com\/wp-content\/uploads\/2025\/09\/logo.webp\",\"contentUrl\":\"https:\/\/www.sj-gauge.com\/wp-content\/uploads\/2025\/09\/logo.webp\",\"width\":348,\"height\":184,\"caption\":\"Your Expert in Pressure Temp and Smart Transmitters - SJ Gauge\"},\"image\":{\"@id\":\"https:\/\/www.sj-gauge.com\/#\/schema\/logo\/image\/\"}}]}<\/script>\n<!-- \/ Yoast SEO Premium plugin. -->","yoast_head_json":{"title":"\u0110\u1ed3ng h\u1ed3 \u0111o \u00e1p su\u1ea5t cho m\u00e1y b\u01a1m v\u00e0 h\u1ec7 th\u1ed1ng th\u1ee7y l\u1ef1c | V\u1ecf th\u00e9p kh\u00f4ng g\u1ec9 | SJ Gauge","description":"\u0110\u1ed3ng h\u1ed3 \u0111o \u00e1p su\u1ea5t PRS v\u1edbi v\u1ecf b\u1eb1ng th\u00e9p kh\u00f4ng g\u1ec9, \u0111\u01b0\u1ee3c thi\u1ebft k\u1ebf cho c\u00e1c \u1ee9ng d\u1ee5ng c\u00f4ng nghi\u1ec7p n\u00f3i chung nh\u01b0 m\u00e1y b\u01a1m, m\u00e1y n\u00e9n kh\u00ed v\u00e0 h\u1ec7 th\u1ed1ng th\u1ee7y l\u1ef1c, mang l\u1ea1i \u0111\u1ed9 b\u1ec1n cao v\u00e0 hi\u1ec7u su\u1ea5t \u1ed5n \u0111\u1ecbnh.","robots":{"index":"index","follow":"follow","max-snippet":"max-snippet:-1","max-image-preview":"max-image-preview:large","max-video-preview":"max-video-preview:-1"},"canonical":"https:\/\/www.sj-gauge.com\/vi\/san-pham\/prs\/","og_locale":"vi_VN","og_type":"article","og_title":"Stainless Steel Pressure Gauge, Stainless Steel Case","og_description":"PRS pressure gauge with stainless steel case, designed for general industrial applications such as pumps, compressors, and hydraulic systems, offering durability and stable performance.","og_url":"https:\/\/www.sj-gauge.com\/vi\/san-pham\/prs\/","og_site_name":"Your Expert in Pressure Temp and Smart Transmitters - SJ Gauge","article_modified_time":"2026-03-28T11:59:23+00:00","og_image":[{"width":1200,"height":1000,"url":"https:\/\/www.sj-gauge.com\/wp-content\/uploads\/2025\/11\/01_SJ-Gauge_pressure_instrument_with_stainless-steel_case_L.jpg","type":"image\/jpeg"}],"twitter_card":"summary_large_image","twitter_misc":{"\u01af\u1edbc t\u00ednh th\u1eddi gian \u0111\u1ecdc":"1 ph\u00fat"},"schema":{"@context":"https:\/\/schema.org","@graph":[{"@type":"WebPage","@id":"https:\/\/www.sj-gauge.com\/product\/prs\/","url":"https:\/\/www.sj-gauge.com\/product\/prs\/","name":"\u0110\u1ed3ng h\u1ed3 \u0111o \u00e1p su\u1ea5t cho m\u00e1y b\u01a1m v\u00e0 h\u1ec7 th\u1ed1ng th\u1ee7y l\u1ef1c | V\u1ecf th\u00e9p kh\u00f4ng g\u1ec9 | SJ Gauge","isPartOf":{"@id":"https:\/\/www.sj-gauge.com\/#website"},"primaryImageOfPage":{"@id":"https:\/\/www.sj-gauge.com\/product\/prs\/#primaryimage"},"image":{"@id":"https:\/\/www.sj-gauge.com\/product\/prs\/#primaryimage"},"thumbnailUrl":"https:\/\/www.sj-gauge.com\/wp-content\/uploads\/2025\/11\/01_SJ-Gauge_pressure_instrument_with_stainless-steel_case_L.jpg","datePublished":"2025-11-10T02:54:17+00:00","dateModified":"2026-03-28T11:59:23+00:00","description":"\u0110\u1ed3ng h\u1ed3 \u0111o \u00e1p su\u1ea5t PRS v\u1edbi v\u1ecf b\u1eb1ng th\u00e9p kh\u00f4ng g\u1ec9, \u0111\u01b0\u1ee3c thi\u1ebft k\u1ebf cho c\u00e1c \u1ee9ng d\u1ee5ng c\u00f4ng nghi\u1ec7p n\u00f3i chung nh\u01b0 m\u00e1y b\u01a1m, m\u00e1y n\u00e9n kh\u00ed v\u00e0 h\u1ec7 th\u1ed1ng th\u1ee7y l\u1ef1c, mang l\u1ea1i \u0111\u1ed9 b\u1ec1n cao v\u00e0 hi\u1ec7u su\u1ea5t \u1ed5n \u0111\u1ecbnh.","breadcrumb":{"@id":"https:\/\/www.sj-gauge.com\/product\/prs\/#breadcrumb"},"inLanguage":"vi","potentialAction":[{"@type":"ReadAction","target":["https:\/\/www.sj-gauge.com\/product\/prs\/"]}]},{"@type":"ImageObject","inLanguage":"vi","@id":"https:\/\/www.sj-gauge.com\/product\/prs\/#primaryimage","url":"https:\/\/www.sj-gauge.com\/wp-content\/uploads\/2025\/11\/01_SJ-Gauge_pressure_instrument_with_stainless-steel_case_L.jpg","contentUrl":"https:\/\/www.sj-gauge.com\/wp-content\/uploads\/2025\/11\/01_SJ-Gauge_pressure_instrument_with_stainless-steel_case_L.jpg","width":1200,"height":1000},{"@type":"BreadcrumbList","@id":"https:\/\/www.sj-gauge.com\/product\/prs\/#breadcrumb","itemListElement":[{"@type":"ListItem","position":1,"name":"Home","item":"https:\/\/www.sj-gauge.com\/"},{"@type":"ListItem","position":2,"name":"Products","item":"https:\/\/www.sj-gauge.com\/products\/"},{"@type":"ListItem","position":3,"name":"Stainless Steel Pressure Gauge, Stainless Steel Case"}]},{"@type":"WebSite","@id":"https:\/\/www.sj-gauge.com\/#website","url":"https:\/\/www.sj-gauge.com\/","name":"Chuy\u00ean gia v\u1ec1 c\u1ea3m bi\u1ebfn \u00e1p su\u1ea5t, nhi\u1ec7t \u0111\u1ed9 v\u00e0 c\u1ea3m bi\u1ebfn th\u00f4ng minh - SJ Gauge","description":"Nh\u00e0 s\u1ea3n xu\u1ea5t \u0111\u1ed3ng h\u1ed3 \u0111o \u00e1p su\u1ea5t c\u00f4ng nghi\u1ec7p, c\u1ea3m bi\u1ebfn \u00e1p su\u1ea5t v\u00e0 b\u1ed9 truy\u1ec1n t\u00edn hi\u1ec7u. SJ Gauge cung c\u1ea5p c\u00e1c s\u1ea3n ph\u1ea9m c\u00f3 \u0111\u1ed9 ch\u00ednh x\u00e1c cao, \u0111\u01b0\u1ee3c ch\u1ebf t\u1ea1o t\u1eeb v\u1eadt li\u1ec7u b\u1ec1n b\u1ec9 v\u00e0 c\u00e1c gi\u1ea3i ph\u00e1p t\u00f9y ch\u1ec9nh d\u00e0nh cho c\u00e1c \u1ee9ng d\u1ee5ng trong ng\u00e0nh d\u1ea7u kh\u00ed, h\u00f3a ch\u1ea5t v\u00e0 c\u00f4ng nghi\u1ec7p.","publisher":{"@id":"https:\/\/www.sj-gauge.com\/#organization"},"potentialAction":[{"@type":"SearchAction","target":{"@type":"EntryPoint","urlTemplate":"https:\/\/www.sj-gauge.com\/?s={search_term_string}"},"query-input":{"@type":"PropertyValueSpecification","valueRequired":true,"valueName":"search_term_string"}}],"inLanguage":"vi"},{"@type":"Organization","@id":"https:\/\/www.sj-gauge.com\/#organization","name":"Chuy\u00ean gia v\u1ec1 c\u1ea3m bi\u1ebfn \u00e1p su\u1ea5t, nhi\u1ec7t \u0111\u1ed9 v\u00e0 c\u1ea3m bi\u1ebfn th\u00f4ng minh - SJ Gauge","url":"https:\/\/www.sj-gauge.com\/","logo":{"@type":"ImageObject","inLanguage":"vi","@id":"https:\/\/www.sj-gauge.com\/#\/schema\/logo\/image\/","url":"https:\/\/www.sj-gauge.com\/wp-content\/uploads\/2025\/09\/logo.webp","contentUrl":"https:\/\/www.sj-gauge.com\/wp-content\/uploads\/2025\/09\/logo.webp","width":348,"height":184,"caption":"Your Expert in Pressure Temp and Smart Transmitters - SJ Gauge"},"image":{"@id":"https:\/\/www.sj-gauge.com\/#\/schema\/logo\/image\/"}}]}},"_links":{"self":[{"href":"https:\/\/www.sj-gauge.com\/vi\/wp-json\/wp\/v2\/product\/1585","targetHints":{"allow":["GET"]}}],"collection":[{"href":"https:\/\/www.sj-gauge.com\/vi\/wp-json\/wp\/v2\/product"}],"about":[{"href":"https:\/\/www.sj-gauge.com\/vi\/wp-json\/wp\/v2\/types\/product"}],"wp:featuredmedia":[{"embeddable":true,"href":"https:\/\/www.sj-gauge.com\/vi\/wp-json\/wp\/v2\/media\/1589"}],"wp:attachment":[{"href":"https:\/\/www.sj-gauge.com\/vi\/wp-json\/wp\/v2\/media?parent=1585"}],"wp:term":[{"taxonomy":"product_brand","embeddable":true,"href":"https:\/\/www.sj-gauge.com\/vi\/wp-json\/wp\/v2\/product_brand?post=1585"},{"taxonomy":"product_cat","embeddable":true,"href":"https:\/\/www.sj-gauge.com\/vi\/wp-json\/wp\/v2\/product_cat?post=1585"},{"taxonomy":"product_tag","embeddable":true,"href":"https:\/\/www.sj-gauge.com\/vi\/wp-json\/wp\/v2\/product_tag?post=1585"}],"curies":[{"name":"wp","href":"https:\/\/api.w.org\/{rel}","templated":true}]}}