{"id":1599,"date":"2025-11-10T11:21:06","date_gmt":"2025-11-10T03:21:06","guid":{"rendered":"https:\/\/sj-gauge.com\/?post_type=product&#038;p=1599"},"modified":"2026-04-30T13:08:27","modified_gmt":"2026-04-30T05:08:27","slug":"prss","status":"publish","type":"product","link":"https:\/\/www.sj-gauge.com\/vi\/san-pham\/prss\/","title":{"rendered":"\u0110\u1ed3ng h\u1ed3 \u00e1p su\u1ea5t th\u00e9p kh\u00f4ng g\u1ec9, Th\u00e9p kh\u00f4ng g\u1ec9"},"content":{"rendered":"<p>PRSS l\u00e0 \u0111\u1ed3ng h\u1ed3 \u00e1p su\u1ea5t c\u00f4ng nghi\u1ec7p b\u1eb1ng th\u00e9p kh\u00f4ng g\u1ec9, \u0111\u01b0\u1ee3c ch\u1ebf t\u1ea1o v\u1edbi v\u1ecf b\u1eb1ng th\u00e9p kh\u00f4ng g\u1ec9 304 v\u00e0 c\u00e1c b\u1ed9 ph\u1eadn ti\u1ebfp x\u00fac v\u1edbi ch\u1ea5t l\u1ecfng b\u1eb1ng th\u00e9p kh\u00f4ng g\u1ec9 316L, ph\u00f9 h\u1ee3p cho c\u00e1c m\u00f4i tr\u01b0\u1eddng ch\u1ea5t l\u1ecfng ho\u1eb7c kh\u00ed kh\u00f4ng c\u00f3 \u0111\u1ed9 nh\u1edbt cao v\u00e0 kh\u00f4ng k\u1ebft tinh. \u0110\u1ed3ng h\u1ed3 cung c\u1ea5p d\u1ea3i \u00e1p su\u1ea5t t\u1eeb 0\u20131 kg\/cm\u00b2 \u0111\u1ebfn 0\u20131000 kg\/cm\u00b2, v\u1edbi k\u00edch th\u01b0\u1edbc m\u1eb7t \u0111\u1ed3ng h\u1ed3 c\u00f3 s\u1eb5n l\u00e0 2,5\u2033, 3\u2033 v\u00e0 4\u2033. \u0110\u1ed3ng h\u1ed3 c\u00f3 \u0111\u1ed9 ch\u00ednh x\u00e1c \u00b11.6% F.S. (\u00b12.5% F.S. cho d\u1ea3i ch\u00e2n kh\u00f4ng v\u00e0 d\u1ea3i h\u1ed7n h\u1ee3p) v\u00e0 c\u00f3 th\u1ec3 \u0111\u01b0\u1ee3c cung c\u1ea5p \u1edf d\u1ea1ng kh\u00f4, ch\u1ee9a glycerin ho\u1eb7c ch\u1ee9a silicone \u0111\u1ec3 t\u0103ng kh\u1ea3 n\u0103ng ch\u1ed1ng rung. V\u1edbi nhi\u1ec1u t\u00f9y ch\u1ecdn l\u1eafp \u0111\u1eb7t bao g\u1ed3m l\u1eafp d\u01b0\u1edbi, l\u1eafp sau, l\u1eafp gi\u1eefa-sau, l\u1eafp flange v\u00e0 l\u1eafp U-clamp, PRSS l\u00e0 l\u1ef1a ch\u1ecdn l\u00fd t\u01b0\u1edfng cho c\u00e1c \u1ee9ng d\u1ee5ng trong ng\u00e0nh th\u1ef1c ph\u1ea9m v\u00e0 \u0111\u1ed3 u\u1ed1ng, k\u1ef9 thu\u1eadt qu\u00e1 tr\u00ecnh v\u00e0 gi\u00e1m s\u00e1t \u0111\u01b0\u1eddng \u1ed1ng c\u00f4ng nghi\u1ec7p chung.<\/p>","protected":false},"excerpt":{"rendered":"<ul>\n<li>\u0110\u1ed1i v\u1edbi c\u00e1c m\u00f4i tr\u01b0\u1eddng \u00e1p su\u1ea5t d\u1ea1ng kh\u00ed v\u00e0 l\u1ecfng kh\u00f4ng c\u00f3 \u0111\u1ed9 nh\u1edbt cao ho\u1eb7c kh\u00f4ng k\u1ebft tinh.<\/li>\n<li>Lo\u1ea1i ch\u1ee9a ch\u1ea5t l\u1ecfng c\u00f3 s\u1eb5n \u0111\u1ec3 tr\u00e1nh quan s\u00e1t kh\u00f3 kh\u0103n do rung \u0111\u1ed9ng c\u1ee7a kim ch\u1ec9.<\/li>\n<li>Ph\u00f9 h\u1ee3p cho ng\u00e0nh th\u1ef1c ph\u1ea9m v\u00e0 \u0111\u1ed3 u\u1ed1ng, ho\u1eb7c c\u00e1c ng\u00e0nh c\u00f4ng nghi\u1ec7p k\u1ef9 thu\u1eadt qu\u00e1 tr\u00ecnh kh\u00e1c.<\/li>\n<\/ul>","protected":false},"featured_media":1603,"template":"","meta":{"_acf_changed":false},"product_brand":[40],"product_cat":[18,41],"product_tag":[],"class_list":{"0":"post-1599","1":"product","2":"type-product","3":"status-publish","4":"has-post-thumbnail","6":"product_brand-sj-gauge","7":"product_cat-pressure-gauges","8":"product_cat-pressure-instruments","10":"first","11":"instock","12":"shipping-taxable","13":"product-type-simple"},"acf":[],"yoast_head":"<!-- This site is optimized with the Yoast SEO Premium plugin v26.7 (Yoast SEO v27.4) - https:\/\/yoast.com\/product\/yoast-seo-premium-wordpress\/ -->\n<title>Stainless Steel Pressure Gauge with 316L Wetted Parts | Industrial Use | SJ Gauge<\/title>\n<meta name=\"description\" content=\"PRSS stainless steel pressure gauge with 316L wetted parts, designed for process industries including food and beverage, offering reliable performance for liquid and gas pressure measurement.\" \/>\n<meta name=\"robots\" content=\"index, follow, max-snippet:-1, max-image-preview:large, max-video-preview:-1\" \/>\n<link rel=\"canonical\" href=\"https:\/\/www.sj-gauge.com\/vi\/san-pham\/prss\/\" \/>\n<meta property=\"og:locale\" content=\"vi_VN\" \/>\n<meta property=\"og:type\" content=\"article\" \/>\n<meta property=\"og:title\" content=\"Stainless Steel Pressure Gauge, Stainless Steel\" \/>\n<meta property=\"og:description\" content=\"PRSS stainless steel pressure gauge with 316L wetted parts, designed for process industries including food and beverage, offering reliable performance for liquid and gas pressure measurement.\" \/>\n<meta property=\"og:url\" content=\"https:\/\/www.sj-gauge.com\/vi\/san-pham\/prss\/\" \/>\n<meta property=\"og:site_name\" content=\"SJ Gauge | Pressure Gauges, Thermometers &amp; Pressure Sensors\" \/>\n<meta property=\"article:modified_time\" content=\"2026-04-30T05:08:27+00:00\" \/>\n<meta property=\"og:image\" content=\"https:\/\/www.sj-gauge.com\/wp-content\/uploads\/2025\/11\/SJ-Gauge_pressure_gauge_with_stainless_steel_case_L.jpg\" \/>\n\t<meta property=\"og:image:width\" content=\"1200\" \/>\n\t<meta property=\"og:image:height\" content=\"1000\" \/>\n\t<meta property=\"og:image:type\" content=\"image\/jpeg\" \/>\n<meta name=\"twitter:card\" content=\"summary_large_image\" \/>\n<meta name=\"twitter:label1\" content=\"\u01af\u1edbc t\u00ednh th\u1eddi gian \u0111\u1ecdc\" \/>\n\t<meta name=\"twitter:data1\" content=\"1 ph\u00fat\" \/>\n<script type=\"application\/ld+json\" class=\"yoast-schema-graph\">{\"@context\":\"https:\\\/\\\/schema.org\",\"@graph\":[{\"@type\":\"WebPage\",\"@id\":\"https:\\\/\\\/www.sj-gauge.com\\\/product\\\/prss\\\/\",\"url\":\"https:\\\/\\\/www.sj-gauge.com\\\/product\\\/prss\\\/\",\"name\":\"Stainless Steel Pressure Gauge with 316L Wetted Parts | Industrial Use | SJ Gauge\",\"isPartOf\":{\"@id\":\"https:\\\/\\\/www.sj-gauge.com\\\/#website\"},\"primaryImageOfPage\":{\"@id\":\"https:\\\/\\\/www.sj-gauge.com\\\/product\\\/prss\\\/#primaryimage\"},\"image\":{\"@id\":\"https:\\\/\\\/www.sj-gauge.com\\\/product\\\/prss\\\/#primaryimage\"},\"thumbnailUrl\":\"https:\\\/\\\/www.sj-gauge.com\\\/wp-content\\\/uploads\\\/2025\\\/11\\\/SJ-Gauge_pressure_gauge_with_stainless_steel_case_L.jpg\",\"datePublished\":\"2025-11-10T03:21:06+00:00\",\"dateModified\":\"2026-04-30T05:08:27+00:00\",\"description\":\"PRSS stainless steel pressure gauge with 316L wetted parts, designed for process industries including food and beverage, offering reliable performance for liquid and gas pressure measurement.\",\"breadcrumb\":{\"@id\":\"https:\\\/\\\/www.sj-gauge.com\\\/product\\\/prss\\\/#breadcrumb\"},\"inLanguage\":\"vi\",\"potentialAction\":[{\"@type\":\"ReadAction\",\"target\":[\"https:\\\/\\\/www.sj-gauge.com\\\/product\\\/prss\\\/\"]}]},{\"@type\":\"ImageObject\",\"inLanguage\":\"vi\",\"@id\":\"https:\\\/\\\/www.sj-gauge.com\\\/product\\\/prss\\\/#primaryimage\",\"url\":\"https:\\\/\\\/www.sj-gauge.com\\\/wp-content\\\/uploads\\\/2025\\\/11\\\/SJ-Gauge_pressure_gauge_with_stainless_steel_case_L.jpg\",\"contentUrl\":\"https:\\\/\\\/www.sj-gauge.com\\\/wp-content\\\/uploads\\\/2025\\\/11\\\/SJ-Gauge_pressure_gauge_with_stainless_steel_case_L.jpg\",\"width\":1200,\"height\":1000},{\"@type\":\"BreadcrumbList\",\"@id\":\"https:\\\/\\\/www.sj-gauge.com\\\/product\\\/prss\\\/#breadcrumb\",\"itemListElement\":[{\"@type\":\"ListItem\",\"position\":1,\"name\":\"Home\",\"item\":\"https:\\\/\\\/www.sj-gauge.com\\\/\"},{\"@type\":\"ListItem\",\"position\":2,\"name\":\"Products\",\"item\":\"https:\\\/\\\/www.sj-gauge.com\\\/products\\\/\"},{\"@type\":\"ListItem\",\"position\":3,\"name\":\"Stainless Steel Pressure Gauge, Stainless Steel\"}]},{\"@type\":\"WebSite\",\"@id\":\"https:\\\/\\\/www.sj-gauge.com\\\/#website\",\"url\":\"https:\\\/\\\/www.sj-gauge.com\\\/\",\"name\":\"SJ Gauge | Pressure Gauges, Thermometers &amp; Pressure Sensors\",\"description\":\"Manufacturer of industrial pressure gauges, pressure sensors, and transmitters. SJ Gauge provides high accuracy, durable materials, and custom solutions for oil &amp; gas, chemical, and industrial applications.\",\"publisher\":{\"@id\":\"https:\\\/\\\/www.sj-gauge.com\\\/#organization\"},\"potentialAction\":[{\"@type\":\"SearchAction\",\"target\":{\"@type\":\"EntryPoint\",\"urlTemplate\":\"https:\\\/\\\/www.sj-gauge.com\\\/?s={search_term_string}\"},\"query-input\":{\"@type\":\"PropertyValueSpecification\",\"valueRequired\":true,\"valueName\":\"search_term_string\"}}],\"inLanguage\":\"vi\"},{\"@type\":\"Organization\",\"@id\":\"https:\\\/\\\/www.sj-gauge.com\\\/#organization\",\"name\":\"SJ Gauge | Pressure Gauges, Thermometers &amp; Pressure Sensors\",\"url\":\"https:\\\/\\\/www.sj-gauge.com\\\/\",\"logo\":{\"@type\":\"ImageObject\",\"inLanguage\":\"vi\",\"@id\":\"https:\\\/\\\/www.sj-gauge.com\\\/#\\\/schema\\\/logo\\\/image\\\/\",\"url\":\"https:\\\/\\\/www.sj-gauge.com\\\/wp-content\\\/uploads\\\/2025\\\/09\\\/logo.webp\",\"contentUrl\":\"https:\\\/\\\/www.sj-gauge.com\\\/wp-content\\\/uploads\\\/2025\\\/09\\\/logo.webp\",\"width\":348,\"height\":184,\"caption\":\"SJ Gauge | Pressure Gauges, Thermometers &amp; Pressure Sensors\"},\"image\":{\"@id\":\"https:\\\/\\\/www.sj-gauge.com\\\/#\\\/schema\\\/logo\\\/image\\\/\"}}]}<\/script>\n<!-- \/ Yoast SEO Premium plugin. -->","yoast_head_json":{"title":"\u0110\u1ed3ng h\u1ed3 \u0111o \u00e1p su\u1ea5t b\u1eb1ng th\u00e9p kh\u00f4ng g\u1ec9 v\u1edbi c\u00e1c b\u1ed9 ph\u1eadn ti\u1ebfp x\u00fac v\u1edbi ch\u1ea5t l\u1ecfng l\u00e0m t\u1eeb th\u00e9p 316L | D\u00f9ng trong c\u00f4ng nghi\u1ec7p | SJ Gauge","description":"\u0110\u1ed3ng h\u1ed3 \u0111o \u00e1p su\u1ea5t b\u1eb1ng th\u00e9p kh\u00f4ng g\u1ec9 PRSS v\u1edbi c\u00e1c b\u1ed9 ph\u1eadn ti\u1ebfp x\u00fac v\u1edbi ch\u1ea5t l\u1ecfng l\u00e0m t\u1eeb th\u00e9p kh\u00f4ng g\u1ec9 316L, \u0111\u01b0\u1ee3c thi\u1ebft k\u1ebf d\u00e0nh cho c\u00e1c ng\u00e0nh c\u00f4ng nghi\u1ec7p ch\u1ebf bi\u1ebfn, bao g\u1ed3m th\u1ef1c ph\u1ea9m v\u00e0 \u0111\u1ed3 u\u1ed1ng, mang l\u1ea1i hi\u1ec7u su\u1ea5t \u0111\u00e1ng tin c\u1eady trong vi\u1ec7c \u0111o \u00e1p su\u1ea5t ch\u1ea5t l\u1ecfng v\u00e0 kh\u00ed.","robots":{"index":"index","follow":"follow","max-snippet":"max-snippet:-1","max-image-preview":"max-image-preview:large","max-video-preview":"max-video-preview:-1"},"canonical":"https:\/\/www.sj-gauge.com\/vi\/san-pham\/prss\/","og_locale":"vi_VN","og_type":"article","og_title":"Stainless Steel Pressure Gauge, Stainless Steel","og_description":"PRSS stainless steel pressure gauge with 316L wetted parts, designed for process industries including food and beverage, offering reliable performance for liquid and gas pressure measurement.","og_url":"https:\/\/www.sj-gauge.com\/vi\/san-pham\/prss\/","og_site_name":"SJ Gauge | Pressure Gauges, Thermometers &amp; Pressure Sensors","article_modified_time":"2026-04-30T05:08:27+00:00","og_image":[{"width":1200,"height":1000,"url":"https:\/\/www.sj-gauge.com\/wp-content\/uploads\/2025\/11\/SJ-Gauge_pressure_gauge_with_stainless_steel_case_L.jpg","type":"image\/jpeg"}],"twitter_card":"summary_large_image","twitter_misc":{"\u01af\u1edbc t\u00ednh th\u1eddi gian \u0111\u1ecdc":"1 ph\u00fat"},"schema":{"@context":"https:\/\/schema.org","@graph":[{"@type":"WebPage","@id":"https:\/\/www.sj-gauge.com\/product\/prss\/","url":"https:\/\/www.sj-gauge.com\/product\/prss\/","name":"\u0110\u1ed3ng h\u1ed3 \u0111o \u00e1p su\u1ea5t b\u1eb1ng th\u00e9p kh\u00f4ng g\u1ec9 v\u1edbi c\u00e1c b\u1ed9 ph\u1eadn ti\u1ebfp x\u00fac v\u1edbi ch\u1ea5t l\u1ecfng l\u00e0m t\u1eeb th\u00e9p 316L | D\u00f9ng trong c\u00f4ng nghi\u1ec7p | SJ Gauge","isPartOf":{"@id":"https:\/\/www.sj-gauge.com\/#website"},"primaryImageOfPage":{"@id":"https:\/\/www.sj-gauge.com\/product\/prss\/#primaryimage"},"image":{"@id":"https:\/\/www.sj-gauge.com\/product\/prss\/#primaryimage"},"thumbnailUrl":"https:\/\/www.sj-gauge.com\/wp-content\/uploads\/2025\/11\/SJ-Gauge_pressure_gauge_with_stainless_steel_case_L.jpg","datePublished":"2025-11-10T03:21:06+00:00","dateModified":"2026-04-30T05:08:27+00:00","description":"\u0110\u1ed3ng h\u1ed3 \u0111o \u00e1p su\u1ea5t b\u1eb1ng th\u00e9p kh\u00f4ng g\u1ec9 PRSS v\u1edbi c\u00e1c b\u1ed9 ph\u1eadn ti\u1ebfp x\u00fac v\u1edbi ch\u1ea5t l\u1ecfng l\u00e0m t\u1eeb th\u00e9p kh\u00f4ng g\u1ec9 316L, \u0111\u01b0\u1ee3c thi\u1ebft k\u1ebf d\u00e0nh cho c\u00e1c ng\u00e0nh c\u00f4ng nghi\u1ec7p ch\u1ebf bi\u1ebfn, bao g\u1ed3m th\u1ef1c ph\u1ea9m v\u00e0 \u0111\u1ed3 u\u1ed1ng, mang l\u1ea1i hi\u1ec7u su\u1ea5t \u0111\u00e1ng tin c\u1eady trong vi\u1ec7c \u0111o \u00e1p su\u1ea5t ch\u1ea5t l\u1ecfng v\u00e0 kh\u00ed.","breadcrumb":{"@id":"https:\/\/www.sj-gauge.com\/product\/prss\/#breadcrumb"},"inLanguage":"vi","potentialAction":[{"@type":"ReadAction","target":["https:\/\/www.sj-gauge.com\/product\/prss\/"]}]},{"@type":"ImageObject","inLanguage":"vi","@id":"https:\/\/www.sj-gauge.com\/product\/prss\/#primaryimage","url":"https:\/\/www.sj-gauge.com\/wp-content\/uploads\/2025\/11\/SJ-Gauge_pressure_gauge_with_stainless_steel_case_L.jpg","contentUrl":"https:\/\/www.sj-gauge.com\/wp-content\/uploads\/2025\/11\/SJ-Gauge_pressure_gauge_with_stainless_steel_case_L.jpg","width":1200,"height":1000},{"@type":"BreadcrumbList","@id":"https:\/\/www.sj-gauge.com\/product\/prss\/#breadcrumb","itemListElement":[{"@type":"ListItem","position":1,"name":"Home","item":"https:\/\/www.sj-gauge.com\/"},{"@type":"ListItem","position":2,"name":"Products","item":"https:\/\/www.sj-gauge.com\/products\/"},{"@type":"ListItem","position":3,"name":"Stainless Steel Pressure Gauge, Stainless Steel"}]},{"@type":"WebSite","@id":"https:\/\/www.sj-gauge.com\/#website","url":"https:\/\/www.sj-gauge.com\/","name":"SJ Gauge | \u0110\u1ed3ng h\u1ed3 \u0111o \u00e1p su\u1ea5t, nhi\u1ec7t k\u1ebf v\u00e0 c\u1ea3m bi\u1ebfn \u00e1p su\u1ea5t","description":"Nh\u00e0 s\u1ea3n xu\u1ea5t \u0111\u1ed3ng h\u1ed3 \u0111o \u00e1p su\u1ea5t c\u00f4ng nghi\u1ec7p, c\u1ea3m bi\u1ebfn \u00e1p su\u1ea5t v\u00e0 b\u1ed9 truy\u1ec1n t\u00edn hi\u1ec7u. SJ Gauge cung c\u1ea5p c\u00e1c s\u1ea3n ph\u1ea9m c\u00f3 \u0111\u1ed9 ch\u00ednh x\u00e1c cao, \u0111\u01b0\u1ee3c ch\u1ebf t\u1ea1o t\u1eeb v\u1eadt li\u1ec7u b\u1ec1n b\u1ec9 v\u00e0 c\u00e1c gi\u1ea3i ph\u00e1p t\u00f9y ch\u1ec9nh d\u00e0nh cho c\u00e1c \u1ee9ng d\u1ee5ng trong ng\u00e0nh d\u1ea7u kh\u00ed, h\u00f3a ch\u1ea5t v\u00e0 c\u00f4ng nghi\u1ec7p.","publisher":{"@id":"https:\/\/www.sj-gauge.com\/#organization"},"potentialAction":[{"@type":"SearchAction","target":{"@type":"EntryPoint","urlTemplate":"https:\/\/www.sj-gauge.com\/?s={search_term_string}"},"query-input":{"@type":"PropertyValueSpecification","valueRequired":true,"valueName":"search_term_string"}}],"inLanguage":"vi"},{"@type":"Organization","@id":"https:\/\/www.sj-gauge.com\/#organization","name":"SJ Gauge | \u0110\u1ed3ng h\u1ed3 \u0111o \u00e1p su\u1ea5t, nhi\u1ec7t k\u1ebf v\u00e0 c\u1ea3m bi\u1ebfn \u00e1p su\u1ea5t","url":"https:\/\/www.sj-gauge.com\/","logo":{"@type":"ImageObject","inLanguage":"vi","@id":"https:\/\/www.sj-gauge.com\/#\/schema\/logo\/image\/","url":"https:\/\/www.sj-gauge.com\/wp-content\/uploads\/2025\/09\/logo.webp","contentUrl":"https:\/\/www.sj-gauge.com\/wp-content\/uploads\/2025\/09\/logo.webp","width":348,"height":184,"caption":"SJ Gauge | Pressure Gauges, Thermometers &amp; Pressure Sensors"},"image":{"@id":"https:\/\/www.sj-gauge.com\/#\/schema\/logo\/image\/"}}]}},"_links":{"self":[{"href":"https:\/\/www.sj-gauge.com\/vi\/wp-json\/wp\/v2\/product\/1599","targetHints":{"allow":["GET"]}}],"collection":[{"href":"https:\/\/www.sj-gauge.com\/vi\/wp-json\/wp\/v2\/product"}],"about":[{"href":"https:\/\/www.sj-gauge.com\/vi\/wp-json\/wp\/v2\/types\/product"}],"wp:featuredmedia":[{"embeddable":true,"href":"https:\/\/www.sj-gauge.com\/vi\/wp-json\/wp\/v2\/media\/1603"}],"wp:attachment":[{"href":"https:\/\/www.sj-gauge.com\/vi\/wp-json\/wp\/v2\/media?parent=1599"}],"wp:term":[{"taxonomy":"product_brand","embeddable":true,"href":"https:\/\/www.sj-gauge.com\/vi\/wp-json\/wp\/v2\/product_brand?post=1599"},{"taxonomy":"product_cat","embeddable":true,"href":"https:\/\/www.sj-gauge.com\/vi\/wp-json\/wp\/v2\/product_cat?post=1599"},{"taxonomy":"product_tag","embeddable":true,"href":"https:\/\/www.sj-gauge.com\/vi\/wp-json\/wp\/v2\/product_tag?post=1599"}],"curies":[{"name":"wp","href":"https:\/\/api.w.org\/{rel}","templated":true}]}}