{"id":1615,"date":"2025-11-10T13:31:30","date_gmt":"2025-11-10T05:31:30","guid":{"rendered":"https:\/\/sj-gauge.com\/?post_type=product&#038;p=1615"},"modified":"2026-03-27T15:07:44","modified_gmt":"2026-03-27T07:07:44","slug":"prhp","status":"publish","type":"product","link":"https:\/\/www.sj-gauge.com\/vi\/san-pham\/prhp\/","title":{"rendered":"\u0110\u1ed3ng h\u1ed3 \u00e1p su\u1ea5t th\u00e9p kh\u00f4ng g\u1ec9, \u00e1p su\u1ea5t c\u1ef1c cao"},"content":{"rendered":"<p>PRHP l\u00e0 \u0111\u1ed3ng h\u1ed3 \u00e1p su\u1ea5t si\u00eau cao b\u1eb1ng th\u00e9p kh\u00f4ng g\u1ec9, \u0111\u01b0\u1ee3c thi\u1ebft k\u1ebf cho c\u00e1c \u1ee9ng d\u1ee5ng \u00e1p su\u1ea5t ch\u1ea5t l\u1ecfng \u0111\u00f2i h\u1ecfi kh\u1eaft khe nh\u01b0 h\u1ec7 th\u1ed1ng c\u1eaft b\u1eb1ng tia n\u01b0\u1edbc, thi\u1ebft b\u1ecb l\u00e0m s\u1ea1ch \u00e1p su\u1ea5t cao v\u00e0 th\u1eed nghi\u1ec7m tr\u00ean b\u00e0n th\u1eed c\u00e1c th\u00e0nh ph\u1ea7n th\u1ee7y l\u1ef1c. \u0110\u1ed3ng h\u1ed3 c\u00f3 s\u1eb5n c\u00e1c k\u00edch th\u01b0\u1edbc m\u1eb7t \u0111\u1ed3ng h\u1ed3 4\u2033, 6\u2033, 8\u2033 v\u00e0 10\u2033, h\u1ed7 tr\u1ee3 d\u1ea3i \u00e1p su\u1ea5t l\u00ean \u0111\u1ebfn 2000\u20134000 bar. M\u00e1y \u0111o \u00e1p su\u1ea5t c\u00f3 v\u1ecf b\u1eb1ng th\u00e9p m\u1ea1 cr\u00f4m ho\u1eb7c th\u00e9p kh\u00f4ng g\u1ec9 304, c\u00e1c b\u1ed9 ph\u1eadn ti\u1ebfp x\u00fac v\u1edbi ch\u1ea5t l\u1ecfng b\u1eb1ng th\u00e9p kh\u00f4ng g\u1ec9 316L v\u00e0 c\u1eeda s\u1ed5 k\u00ednh an to\u00e0n \u0111\u1ec3 \u0111\u1ea3m b\u1ea3o \u0111\u1ed9 b\u1ec1n trong \u0111i\u1ec1u ki\u1ec7n kh\u1eafc nghi\u1ec7t. C\u00e1c k\u1ebft n\u1ed1i \u00e1p su\u1ea5t cao \u0111a d\u1ea1ng bao g\u1ed3m G1\/2B, M16\u00d71.5, 9\/16 UNF v\u00e0 5\/8 UNF, \u0111\u1ed3ng th\u1eddi cung c\u1ea5p \u0111\u1ed9 ch\u00ednh x\u00e1c \u00b12.5% F.S. v\u00e0 kh\u1ea3 n\u0103ng ch\u1ecbu nhi\u1ec7t \u0111\u1ed9 trung b\u00ecnh l\u00ean \u0111\u1ebfn 150\u00b0C (kh\u00f4ng c\u00f3 ch\u1ea5t l\u1ecfng b\u00ean trong). S\u1ea3n ph\u1ea9m n\u00e0y l\u00fd t\u01b0\u1edfng cho m\u00f4i tr\u01b0\u1eddng c\u00f4ng nghi\u1ec7p y\u00eau c\u1ea7u \u0111o \u00e1p su\u1ea5t c\u1ef1c cao v\u1edbi \u0111\u1ed9 tin c\u1eady cao.<\/p>","protected":false},"excerpt":{"rendered":"<ul>\n<li>Ph\u00f9 h\u1ee3p cho c\u00e1c ch\u1ea5t l\u1ecfng \u00e1p su\u1ea5t cao, v\u00ed d\u1ee5: n\u01b0\u1edbc, d\u1ea7u th\u1ee7y l\u1ef1c, v.v.<\/li>\n<li>Th\u01b0\u1eddng \u0111\u01b0\u1ee3c s\u1eed d\u1ee5ng c\u00f9ng v\u1edbi thi\u1ebft b\u1ecb c\u1eaft b\u1eb1ng tia n\u01b0\u1edbc, l\u00e0m s\u1ea1ch b\u1eb1ng \u00e1p su\u1ea5t c\u1ef1c cao v\u00e0 th\u1eed nghi\u1ec7m tr\u00ean b\u00e0n (v\u00ed d\u1ee5: cho c\u00e1c th\u00e0nh ph\u1ea7n th\u1ee7y l\u1ef1c).<\/li>\n<\/ul>","protected":false},"featured_media":1616,"template":"","meta":{"_acf_changed":false},"product_brand":[40],"product_cat":[18,41],"product_tag":[],"class_list":{"0":"post-1615","1":"product","2":"type-product","3":"status-publish","4":"has-post-thumbnail","6":"product_brand-sj-gauge","7":"product_cat-pressure-gauges","8":"product_cat-pressure-instruments","10":"first","11":"instock","12":"shipping-taxable","13":"product-type-simple"},"acf":[],"yoast_head":"<!-- This site is optimized with the Yoast SEO Premium plugin v26.7 (Yoast SEO v27.4) - https:\/\/yoast.com\/product\/yoast-seo-premium-wordpress\/ -->\n<title>High Pressure Gauge up to 4000 bar | Water Jet &amp; Hydraulic Applications | SJ Gauge<\/title>\n<meta name=\"description\" content=\"PRHP high pressure gauge designed for extreme applications up to 4000 bar, ideal for water jet cutting, high pressure cleaning, and hydraulic testing systems.\" \/>\n<meta name=\"robots\" content=\"index, follow, max-snippet:-1, max-image-preview:large, max-video-preview:-1\" \/>\n<link rel=\"canonical\" href=\"https:\/\/www.sj-gauge.com\/vi\/san-pham\/prhp\/\" \/>\n<meta property=\"og:locale\" content=\"vi_VN\" \/>\n<meta property=\"og:type\" content=\"article\" \/>\n<meta property=\"og:title\" content=\"Stainless Steel Pressure Gauge, Ultra High Pressure\" \/>\n<meta property=\"og:description\" content=\"PRHP high pressure gauge designed for extreme applications up to 4000 bar, ideal for water jet cutting, high pressure cleaning, and hydraulic testing systems.\" \/>\n<meta property=\"og:url\" content=\"https:\/\/www.sj-gauge.com\/vi\/san-pham\/prhp\/\" \/>\n<meta property=\"og:site_name\" content=\"SJ Gauge | Pressure Gauges, Thermometers &amp; Pressure Sensors\" \/>\n<meta property=\"article:modified_time\" content=\"2026-03-27T07:07:44+00:00\" \/>\n<meta property=\"og:image\" content=\"https:\/\/www.sj-gauge.com\/wp-content\/uploads\/2025\/11\/SJ-Gauge-PRHP-pressure-gauge.jpg\" \/>\n\t<meta property=\"og:image:width\" content=\"1200\" \/>\n\t<meta property=\"og:image:height\" content=\"1000\" \/>\n\t<meta property=\"og:image:type\" content=\"image\/jpeg\" \/>\n<meta name=\"twitter:card\" content=\"summary_large_image\" \/>\n<meta name=\"twitter:label1\" content=\"\u01af\u1edbc t\u00ednh th\u1eddi gian \u0111\u1ecdc\" \/>\n\t<meta name=\"twitter:data1\" content=\"1 ph\u00fat\" \/>\n<script type=\"application\/ld+json\" class=\"yoast-schema-graph\">{\"@context\":\"https:\\\/\\\/schema.org\",\"@graph\":[{\"@type\":\"WebPage\",\"@id\":\"https:\\\/\\\/www.sj-gauge.com\\\/product\\\/prhp\\\/\",\"url\":\"https:\\\/\\\/www.sj-gauge.com\\\/product\\\/prhp\\\/\",\"name\":\"High Pressure Gauge up to 4000 bar | Water Jet & Hydraulic Applications | SJ Gauge\",\"isPartOf\":{\"@id\":\"https:\\\/\\\/www.sj-gauge.com\\\/#website\"},\"primaryImageOfPage\":{\"@id\":\"https:\\\/\\\/www.sj-gauge.com\\\/product\\\/prhp\\\/#primaryimage\"},\"image\":{\"@id\":\"https:\\\/\\\/www.sj-gauge.com\\\/product\\\/prhp\\\/#primaryimage\"},\"thumbnailUrl\":\"https:\\\/\\\/www.sj-gauge.com\\\/wp-content\\\/uploads\\\/2025\\\/11\\\/SJ-Gauge-PRHP-pressure-gauge.jpg\",\"datePublished\":\"2025-11-10T05:31:30+00:00\",\"dateModified\":\"2026-03-27T07:07:44+00:00\",\"description\":\"PRHP high pressure gauge designed for extreme applications up to 4000 bar, ideal for water jet cutting, high pressure cleaning, and hydraulic testing systems.\",\"breadcrumb\":{\"@id\":\"https:\\\/\\\/www.sj-gauge.com\\\/product\\\/prhp\\\/#breadcrumb\"},\"inLanguage\":\"vi\",\"potentialAction\":[{\"@type\":\"ReadAction\",\"target\":[\"https:\\\/\\\/www.sj-gauge.com\\\/product\\\/prhp\\\/\"]}]},{\"@type\":\"ImageObject\",\"inLanguage\":\"vi\",\"@id\":\"https:\\\/\\\/www.sj-gauge.com\\\/product\\\/prhp\\\/#primaryimage\",\"url\":\"https:\\\/\\\/www.sj-gauge.com\\\/wp-content\\\/uploads\\\/2025\\\/11\\\/SJ-Gauge-PRHP-pressure-gauge.jpg\",\"contentUrl\":\"https:\\\/\\\/www.sj-gauge.com\\\/wp-content\\\/uploads\\\/2025\\\/11\\\/SJ-Gauge-PRHP-pressure-gauge.jpg\",\"width\":1200,\"height\":1000},{\"@type\":\"BreadcrumbList\",\"@id\":\"https:\\\/\\\/www.sj-gauge.com\\\/product\\\/prhp\\\/#breadcrumb\",\"itemListElement\":[{\"@type\":\"ListItem\",\"position\":1,\"name\":\"Home\",\"item\":\"https:\\\/\\\/www.sj-gauge.com\\\/\"},{\"@type\":\"ListItem\",\"position\":2,\"name\":\"Products\",\"item\":\"https:\\\/\\\/www.sj-gauge.com\\\/products\\\/\"},{\"@type\":\"ListItem\",\"position\":3,\"name\":\"Stainless Steel Pressure Gauge, Ultra High Pressure\"}]},{\"@type\":\"WebSite\",\"@id\":\"https:\\\/\\\/www.sj-gauge.com\\\/#website\",\"url\":\"https:\\\/\\\/www.sj-gauge.com\\\/\",\"name\":\"SJ Gauge | Pressure Gauges, Thermometers &amp; Pressure Sensors\",\"description\":\"Manufacturer of industrial pressure gauges, pressure sensors, and transmitters. SJ Gauge provides high accuracy, durable materials, and custom solutions for oil &amp; gas, chemical, and industrial applications.\",\"publisher\":{\"@id\":\"https:\\\/\\\/www.sj-gauge.com\\\/#organization\"},\"potentialAction\":[{\"@type\":\"SearchAction\",\"target\":{\"@type\":\"EntryPoint\",\"urlTemplate\":\"https:\\\/\\\/www.sj-gauge.com\\\/?s={search_term_string}\"},\"query-input\":{\"@type\":\"PropertyValueSpecification\",\"valueRequired\":true,\"valueName\":\"search_term_string\"}}],\"inLanguage\":\"vi\"},{\"@type\":\"Organization\",\"@id\":\"https:\\\/\\\/www.sj-gauge.com\\\/#organization\",\"name\":\"SJ Gauge | Pressure Gauges, Thermometers &amp; Pressure Sensors\",\"url\":\"https:\\\/\\\/www.sj-gauge.com\\\/\",\"logo\":{\"@type\":\"ImageObject\",\"inLanguage\":\"vi\",\"@id\":\"https:\\\/\\\/www.sj-gauge.com\\\/#\\\/schema\\\/logo\\\/image\\\/\",\"url\":\"https:\\\/\\\/www.sj-gauge.com\\\/wp-content\\\/uploads\\\/2025\\\/09\\\/logo.webp\",\"contentUrl\":\"https:\\\/\\\/www.sj-gauge.com\\\/wp-content\\\/uploads\\\/2025\\\/09\\\/logo.webp\",\"width\":348,\"height\":184,\"caption\":\"SJ Gauge | Pressure Gauges, Thermometers &amp; Pressure Sensors\"},\"image\":{\"@id\":\"https:\\\/\\\/www.sj-gauge.com\\\/#\\\/schema\\\/logo\\\/image\\\/\"}}]}<\/script>\n<!-- \/ Yoast SEO Premium plugin. -->","yoast_head_json":{"title":"\u0110\u1ed3ng h\u1ed3 \u0111o \u00e1p su\u1ea5t cao l\u00ean \u0111\u1ebfn 4000 bar | \u1ee8ng d\u1ee5ng trong h\u1ec7 th\u1ed1ng phun n\u01b0\u1edbc \u00e1p l\u1ef1c cao v\u00e0 th\u1ee7y l\u1ef1c | SJ Gauge","description":"\u0110\u1ed3ng h\u1ed3 \u0111o \u00e1p su\u1ea5t cao PRHP \u0111\u01b0\u1ee3c thi\u1ebft k\u1ebf cho c\u00e1c \u1ee9ng d\u1ee5ng kh\u1eafc nghi\u1ec7t v\u1edbi \u00e1p su\u1ea5t l\u00ean \u0111\u1ebfn 4000 bar, l\u00fd t\u01b0\u1edfng cho c\u00e1c h\u1ec7 th\u1ed1ng c\u1eaft b\u1eb1ng tia n\u01b0\u1edbc, l\u00e0m s\u1ea1ch \u00e1p l\u1ef1c cao v\u00e0 th\u1eed nghi\u1ec7m th\u1ee7y l\u1ef1c.","robots":{"index":"index","follow":"follow","max-snippet":"max-snippet:-1","max-image-preview":"max-image-preview:large","max-video-preview":"max-video-preview:-1"},"canonical":"https:\/\/www.sj-gauge.com\/vi\/san-pham\/prhp\/","og_locale":"vi_VN","og_type":"article","og_title":"Stainless Steel Pressure Gauge, Ultra High Pressure","og_description":"PRHP high pressure gauge designed for extreme applications up to 4000 bar, ideal for water jet cutting, high pressure cleaning, and hydraulic testing systems.","og_url":"https:\/\/www.sj-gauge.com\/vi\/san-pham\/prhp\/","og_site_name":"SJ Gauge | Pressure Gauges, Thermometers &amp; Pressure Sensors","article_modified_time":"2026-03-27T07:07:44+00:00","og_image":[{"width":1200,"height":1000,"url":"https:\/\/www.sj-gauge.com\/wp-content\/uploads\/2025\/11\/SJ-Gauge-PRHP-pressure-gauge.jpg","type":"image\/jpeg"}],"twitter_card":"summary_large_image","twitter_misc":{"\u01af\u1edbc t\u00ednh th\u1eddi gian \u0111\u1ecdc":"1 ph\u00fat"},"schema":{"@context":"https:\/\/schema.org","@graph":[{"@type":"WebPage","@id":"https:\/\/www.sj-gauge.com\/product\/prhp\/","url":"https:\/\/www.sj-gauge.com\/product\/prhp\/","name":"\u0110\u1ed3ng h\u1ed3 \u0111o \u00e1p su\u1ea5t cao l\u00ean \u0111\u1ebfn 4000 bar | \u1ee8ng d\u1ee5ng trong h\u1ec7 th\u1ed1ng phun n\u01b0\u1edbc \u00e1p l\u1ef1c cao v\u00e0 th\u1ee7y l\u1ef1c | SJ Gauge","isPartOf":{"@id":"https:\/\/www.sj-gauge.com\/#website"},"primaryImageOfPage":{"@id":"https:\/\/www.sj-gauge.com\/product\/prhp\/#primaryimage"},"image":{"@id":"https:\/\/www.sj-gauge.com\/product\/prhp\/#primaryimage"},"thumbnailUrl":"https:\/\/www.sj-gauge.com\/wp-content\/uploads\/2025\/11\/SJ-Gauge-PRHP-pressure-gauge.jpg","datePublished":"2025-11-10T05:31:30+00:00","dateModified":"2026-03-27T07:07:44+00:00","description":"\u0110\u1ed3ng h\u1ed3 \u0111o \u00e1p su\u1ea5t cao PRHP \u0111\u01b0\u1ee3c thi\u1ebft k\u1ebf cho c\u00e1c \u1ee9ng d\u1ee5ng kh\u1eafc nghi\u1ec7t v\u1edbi \u00e1p su\u1ea5t l\u00ean \u0111\u1ebfn 4000 bar, l\u00fd t\u01b0\u1edfng cho c\u00e1c h\u1ec7 th\u1ed1ng c\u1eaft b\u1eb1ng tia n\u01b0\u1edbc, l\u00e0m s\u1ea1ch \u00e1p l\u1ef1c cao v\u00e0 th\u1eed nghi\u1ec7m th\u1ee7y l\u1ef1c.","breadcrumb":{"@id":"https:\/\/www.sj-gauge.com\/product\/prhp\/#breadcrumb"},"inLanguage":"vi","potentialAction":[{"@type":"ReadAction","target":["https:\/\/www.sj-gauge.com\/product\/prhp\/"]}]},{"@type":"ImageObject","inLanguage":"vi","@id":"https:\/\/www.sj-gauge.com\/product\/prhp\/#primaryimage","url":"https:\/\/www.sj-gauge.com\/wp-content\/uploads\/2025\/11\/SJ-Gauge-PRHP-pressure-gauge.jpg","contentUrl":"https:\/\/www.sj-gauge.com\/wp-content\/uploads\/2025\/11\/SJ-Gauge-PRHP-pressure-gauge.jpg","width":1200,"height":1000},{"@type":"BreadcrumbList","@id":"https:\/\/www.sj-gauge.com\/product\/prhp\/#breadcrumb","itemListElement":[{"@type":"ListItem","position":1,"name":"Home","item":"https:\/\/www.sj-gauge.com\/"},{"@type":"ListItem","position":2,"name":"Products","item":"https:\/\/www.sj-gauge.com\/products\/"},{"@type":"ListItem","position":3,"name":"Stainless Steel Pressure Gauge, Ultra High Pressure"}]},{"@type":"WebSite","@id":"https:\/\/www.sj-gauge.com\/#website","url":"https:\/\/www.sj-gauge.com\/","name":"SJ Gauge | \u0110\u1ed3ng h\u1ed3 \u0111o \u00e1p su\u1ea5t, nhi\u1ec7t k\u1ebf v\u00e0 c\u1ea3m bi\u1ebfn \u00e1p su\u1ea5t","description":"Nh\u00e0 s\u1ea3n xu\u1ea5t \u0111\u1ed3ng h\u1ed3 \u0111o \u00e1p su\u1ea5t c\u00f4ng nghi\u1ec7p, c\u1ea3m bi\u1ebfn \u00e1p su\u1ea5t v\u00e0 b\u1ed9 truy\u1ec1n t\u00edn hi\u1ec7u. SJ Gauge cung c\u1ea5p c\u00e1c s\u1ea3n ph\u1ea9m c\u00f3 \u0111\u1ed9 ch\u00ednh x\u00e1c cao, \u0111\u01b0\u1ee3c ch\u1ebf t\u1ea1o t\u1eeb v\u1eadt li\u1ec7u b\u1ec1n b\u1ec9 v\u00e0 c\u00e1c gi\u1ea3i ph\u00e1p t\u00f9y ch\u1ec9nh d\u00e0nh cho c\u00e1c \u1ee9ng d\u1ee5ng trong ng\u00e0nh d\u1ea7u kh\u00ed, h\u00f3a ch\u1ea5t v\u00e0 c\u00f4ng nghi\u1ec7p.","publisher":{"@id":"https:\/\/www.sj-gauge.com\/#organization"},"potentialAction":[{"@type":"SearchAction","target":{"@type":"EntryPoint","urlTemplate":"https:\/\/www.sj-gauge.com\/?s={search_term_string}"},"query-input":{"@type":"PropertyValueSpecification","valueRequired":true,"valueName":"search_term_string"}}],"inLanguage":"vi"},{"@type":"Organization","@id":"https:\/\/www.sj-gauge.com\/#organization","name":"SJ Gauge | \u0110\u1ed3ng h\u1ed3 \u0111o \u00e1p su\u1ea5t, nhi\u1ec7t k\u1ebf v\u00e0 c\u1ea3m bi\u1ebfn \u00e1p su\u1ea5t","url":"https:\/\/www.sj-gauge.com\/","logo":{"@type":"ImageObject","inLanguage":"vi","@id":"https:\/\/www.sj-gauge.com\/#\/schema\/logo\/image\/","url":"https:\/\/www.sj-gauge.com\/wp-content\/uploads\/2025\/09\/logo.webp","contentUrl":"https:\/\/www.sj-gauge.com\/wp-content\/uploads\/2025\/09\/logo.webp","width":348,"height":184,"caption":"SJ Gauge | Pressure Gauges, Thermometers &amp; Pressure Sensors"},"image":{"@id":"https:\/\/www.sj-gauge.com\/#\/schema\/logo\/image\/"}}]}},"_links":{"self":[{"href":"https:\/\/www.sj-gauge.com\/vi\/wp-json\/wp\/v2\/product\/1615","targetHints":{"allow":["GET"]}}],"collection":[{"href":"https:\/\/www.sj-gauge.com\/vi\/wp-json\/wp\/v2\/product"}],"about":[{"href":"https:\/\/www.sj-gauge.com\/vi\/wp-json\/wp\/v2\/types\/product"}],"wp:featuredmedia":[{"embeddable":true,"href":"https:\/\/www.sj-gauge.com\/vi\/wp-json\/wp\/v2\/media\/1616"}],"wp:attachment":[{"href":"https:\/\/www.sj-gauge.com\/vi\/wp-json\/wp\/v2\/media?parent=1615"}],"wp:term":[{"taxonomy":"product_brand","embeddable":true,"href":"https:\/\/www.sj-gauge.com\/vi\/wp-json\/wp\/v2\/product_brand?post=1615"},{"taxonomy":"product_cat","embeddable":true,"href":"https:\/\/www.sj-gauge.com\/vi\/wp-json\/wp\/v2\/product_cat?post=1615"},{"taxonomy":"product_tag","embeddable":true,"href":"https:\/\/www.sj-gauge.com\/vi\/wp-json\/wp\/v2\/product_tag?post=1615"}],"curies":[{"name":"wp","href":"https:\/\/api.w.org\/{rel}","templated":true}]}}