{"id":1633,"date":"2025-11-10T14:14:59","date_gmt":"2025-11-10T06:14:59","guid":{"rendered":"https:\/\/sj-gauge.com\/?post_type=product&#038;p=1633"},"modified":"2026-03-28T20:27:16","modified_gmt":"2026-03-28T12:27:16","slug":"prsm","status":"publish","type":"product","link":"https:\/\/www.sj-gauge.com\/vi\/san-pham\/prsm\/","title":{"rendered":"C\u00f4ng t\u01a1 \u00e1p su\u1ea5t th\u1ea5p v\u1edbi v\u1ecf b\u1eb1ng th\u00e9p kh\u00f4ng g\u1ec9"},"content":{"rendered":"<p>PRSM l\u00e0 m\u1ed9t \u0111\u1ed3ng h\u1ed3 \u0111o \u00e1p su\u1ea5t th\u1ea5p d\u1ea1ng \u1ed1ng, c\u00f3 v\u1ecf b\u1eb1ng th\u00e9p kh\u00f4ng g\u1ec9 v\u00e0 \u0111\u01b0\u1ee3c thi\u1ebft k\u1ebf \u0111\u1ec3 s\u1eed d\u1ee5ng v\u1edbi c\u00e1c m\u00f4i tr\u01b0\u1eddng kh\u00ed t\u01b0\u01a1ng th\u00edch v\u1edbi c\u00e1c th\u00e0nh ph\u1ea7n h\u1ee3p kim \u0111\u1ed3ng (tr\u1eeb ch\u1ea5t l\u1ecfng). \u0110\u1ed3ng h\u1ed3 cung c\u1ea5p d\u1ea3i \u0111o t\u1eeb 0\u2013300 mmAq \u0111\u1ebfn 0\u20135000 mmAq, bao g\u1ed3m c\u00e1c t\u00f9y ch\u1ecdn ch\u00e2n kh\u00f4ng v\u00e0 h\u1ed7n h\u1ee3p. V\u1edbi c\u00e1c b\u1ed9 ph\u1eadn ti\u1ebfp x\u00fac v\u1edbi ch\u1ea5t l\u1ecfng \u0111\u01b0\u1ee3c m\u1ea1 cr\u00f4m v\u00e0 kh\u1ea3 n\u0103ng \u0111i\u1ec1u ch\u1ec9nh \u0111i\u1ec3m zero, \u0111\u1ed3ng h\u1ed3 c\u00f3 s\u1eb5n c\u00e1c k\u00edch th\u01b0\u1edbc m\u1eb7t s\u1ed1 2,5\u2033, 3\u2033 v\u00e0 4\u2033, s\u1eed d\u1ee5ng c\u1eeda s\u1ed5 acrylic cho k\u00edch th\u01b0\u1edbc 2,5\u2033 v\u00e0 c\u1eeda s\u1ed5 k\u00ednh cho k\u00edch th\u01b0\u1edbc 3\u2033 v\u00e0 4\u2033. PRSM l\u00e0 l\u1ef1a ch\u1ecdn l\u00fd t\u01b0\u1edfng cho h\u1ec7 th\u1ed1ng HVAC, ph\u00f2ng s\u1ea1ch, ph\u00f2ng th\u00ed nghi\u1ec7m, cung c\u1ea5p kh\u00ed y t\u1ebf v\u00e0 c\u00e1c \u1ee9ng d\u1ee5ng gi\u00e1m s\u00e1t \u00e1p su\u1ea5t th\u1ea5p chung, k\u1ebft h\u1ee3p \u0111\u1ed9 b\u1ec1n c\u1ee7a v\u1ecf th\u00e9p kh\u00f4ng g\u1ec9 v\u1edbi \u0111\u1ed9 nh\u1ea1y c\u1ee7a \u0111\u1ed3ng h\u1ed3 capsule.<\/p>","protected":false},"excerpt":{"rendered":"<ul>\n<li>Th\u00edch h\u1ee3p cho c\u00e1c m\u00f4i tr\u01b0\u1eddng kh\u00ed t\u01b0\u01a1ng th\u00edch v\u1edbi h\u1ee3p kim \u0111\u1ed3ng; kh\u00f4ng d\u00f9ng cho ch\u1ea5t l\u1ecfng.<\/li>\n<li>Ch\u1ee9c n\u0103ng \u0111i\u1ec1u ch\u1ec9nh \u0111i\u1ec3m 0 b\u00ean ngo\u00e0i \u0111\u1ec3 d\u1ec5 d\u00e0ng hi\u1ec7u chu\u1ea9n l\u1ea1i.<\/li>\n<li>V\u1ecf b\u1eb1ng th\u00e9p kh\u00f4ng g\u1ec9 \u2014 c\u00f3 s\u1eb5n c\u00e1c ch\u1ea5t li\u1ec7u kh\u00e1c: <a href=\"https:\/\/www.sj-gauge.com\/vi\/san-pham\/prm\/\">PRM<\/a>, <a href=\"https:\/\/www.sj-gauge.com\/vi\/san-pham\/prssm-tu\/\">PRSSM.TU<\/a><\/li>\n<\/ul>","protected":false},"featured_media":1637,"template":"","meta":{"_acf_changed":false},"product_brand":[40],"product_cat":[18,41],"product_tag":[],"class_list":{"0":"post-1633","1":"product","2":"type-product","3":"status-publish","4":"has-post-thumbnail","6":"product_brand-sj-gauge","7":"product_cat-pressure-gauges","8":"product_cat-pressure-instruments","10":"first","11":"instock","12":"shipping-taxable","13":"product-type-simple"},"acf":[],"yoast_head":"<!-- This site is optimized with the Yoast SEO Premium plugin v26.7 (Yoast SEO v27.4) - https:\/\/yoast.com\/product\/yoast-seo-premium-wordpress\/ -->\n<title>Low Pressure Gauge (mmAq) | Stainless Steel | HVAC &amp; Cleanroom | SJ Gauge<\/title>\n<meta name=\"description\" content=\"PRSM low pressure gauge with stainless steel case, designed for air and gas measurement in HVAC systems, cleanrooms, and laboratory environments.\" \/>\n<meta name=\"robots\" content=\"index, follow, max-snippet:-1, max-image-preview:large, max-video-preview:-1\" \/>\n<link rel=\"canonical\" href=\"https:\/\/www.sj-gauge.com\/vi\/san-pham\/prsm\/\" \/>\n<meta property=\"og:locale\" content=\"vi_VN\" \/>\n<meta property=\"og:type\" content=\"article\" \/>\n<meta property=\"og:title\" content=\"Low Pressure Gauge with Stainless Steel Case\" \/>\n<meta property=\"og:description\" content=\"PRSM low pressure gauge with stainless steel case, designed for air and gas measurement in HVAC systems, cleanrooms, and laboratory environments.\" \/>\n<meta property=\"og:url\" content=\"https:\/\/www.sj-gauge.com\/vi\/san-pham\/prsm\/\" \/>\n<meta property=\"og:site_name\" content=\"SJ Gauge | Pressure Gauges, Thermometers &amp; Pressure Sensors\" \/>\n<meta property=\"article:modified_time\" content=\"2026-03-28T12:27:16+00:00\" \/>\n<meta property=\"og:image\" content=\"https:\/\/www.sj-gauge.com\/wp-content\/uploads\/2025\/11\/SJ-Gauge-low-pressure-gauge-gaseous-liquid-L.jpg\" \/>\n\t<meta property=\"og:image:width\" content=\"1200\" \/>\n\t<meta property=\"og:image:height\" content=\"1000\" \/>\n\t<meta property=\"og:image:type\" content=\"image\/jpeg\" \/>\n<meta name=\"twitter:card\" content=\"summary_large_image\" \/>\n<meta name=\"twitter:label1\" content=\"\u01af\u1edbc t\u00ednh th\u1eddi gian \u0111\u1ecdc\" \/>\n\t<meta name=\"twitter:data1\" content=\"1 ph\u00fat\" \/>\n<script type=\"application\/ld+json\" class=\"yoast-schema-graph\">{\"@context\":\"https:\\\/\\\/schema.org\",\"@graph\":[{\"@type\":\"WebPage\",\"@id\":\"https:\\\/\\\/www.sj-gauge.com\\\/product\\\/prsm\\\/\",\"url\":\"https:\\\/\\\/www.sj-gauge.com\\\/product\\\/prsm\\\/\",\"name\":\"Low Pressure Gauge (mmAq) | Stainless Steel | HVAC & Cleanroom | SJ Gauge\",\"isPartOf\":{\"@id\":\"https:\\\/\\\/www.sj-gauge.com\\\/#website\"},\"primaryImageOfPage\":{\"@id\":\"https:\\\/\\\/www.sj-gauge.com\\\/product\\\/prsm\\\/#primaryimage\"},\"image\":{\"@id\":\"https:\\\/\\\/www.sj-gauge.com\\\/product\\\/prsm\\\/#primaryimage\"},\"thumbnailUrl\":\"https:\\\/\\\/www.sj-gauge.com\\\/wp-content\\\/uploads\\\/2025\\\/11\\\/SJ-Gauge-low-pressure-gauge-gaseous-liquid-L.jpg\",\"datePublished\":\"2025-11-10T06:14:59+00:00\",\"dateModified\":\"2026-03-28T12:27:16+00:00\",\"description\":\"PRSM low pressure gauge with stainless steel case, designed for air and gas measurement in HVAC systems, cleanrooms, and laboratory environments.\",\"breadcrumb\":{\"@id\":\"https:\\\/\\\/www.sj-gauge.com\\\/product\\\/prsm\\\/#breadcrumb\"},\"inLanguage\":\"vi\",\"potentialAction\":[{\"@type\":\"ReadAction\",\"target\":[\"https:\\\/\\\/www.sj-gauge.com\\\/product\\\/prsm\\\/\"]}]},{\"@type\":\"ImageObject\",\"inLanguage\":\"vi\",\"@id\":\"https:\\\/\\\/www.sj-gauge.com\\\/product\\\/prsm\\\/#primaryimage\",\"url\":\"https:\\\/\\\/www.sj-gauge.com\\\/wp-content\\\/uploads\\\/2025\\\/11\\\/SJ-Gauge-low-pressure-gauge-gaseous-liquid-L.jpg\",\"contentUrl\":\"https:\\\/\\\/www.sj-gauge.com\\\/wp-content\\\/uploads\\\/2025\\\/11\\\/SJ-Gauge-low-pressure-gauge-gaseous-liquid-L.jpg\",\"width\":1200,\"height\":1000},{\"@type\":\"BreadcrumbList\",\"@id\":\"https:\\\/\\\/www.sj-gauge.com\\\/product\\\/prsm\\\/#breadcrumb\",\"itemListElement\":[{\"@type\":\"ListItem\",\"position\":1,\"name\":\"Home\",\"item\":\"https:\\\/\\\/www.sj-gauge.com\\\/\"},{\"@type\":\"ListItem\",\"position\":2,\"name\":\"Products\",\"item\":\"https:\\\/\\\/www.sj-gauge.com\\\/products\\\/\"},{\"@type\":\"ListItem\",\"position\":3,\"name\":\"Low Pressure Gauge with Stainless Steel Case\"}]},{\"@type\":\"WebSite\",\"@id\":\"https:\\\/\\\/www.sj-gauge.com\\\/#website\",\"url\":\"https:\\\/\\\/www.sj-gauge.com\\\/\",\"name\":\"SJ Gauge | Pressure Gauges, Thermometers &amp; Pressure Sensors\",\"description\":\"Manufacturer of industrial pressure gauges, pressure sensors, and transmitters. SJ Gauge provides high accuracy, durable materials, and custom solutions for oil &amp; gas, chemical, and industrial applications.\",\"publisher\":{\"@id\":\"https:\\\/\\\/www.sj-gauge.com\\\/#organization\"},\"potentialAction\":[{\"@type\":\"SearchAction\",\"target\":{\"@type\":\"EntryPoint\",\"urlTemplate\":\"https:\\\/\\\/www.sj-gauge.com\\\/?s={search_term_string}\"},\"query-input\":{\"@type\":\"PropertyValueSpecification\",\"valueRequired\":true,\"valueName\":\"search_term_string\"}}],\"inLanguage\":\"vi\"},{\"@type\":\"Organization\",\"@id\":\"https:\\\/\\\/www.sj-gauge.com\\\/#organization\",\"name\":\"SJ Gauge | Pressure Gauges, Thermometers &amp; Pressure Sensors\",\"url\":\"https:\\\/\\\/www.sj-gauge.com\\\/\",\"logo\":{\"@type\":\"ImageObject\",\"inLanguage\":\"vi\",\"@id\":\"https:\\\/\\\/www.sj-gauge.com\\\/#\\\/schema\\\/logo\\\/image\\\/\",\"url\":\"https:\\\/\\\/www.sj-gauge.com\\\/wp-content\\\/uploads\\\/2025\\\/09\\\/logo.webp\",\"contentUrl\":\"https:\\\/\\\/www.sj-gauge.com\\\/wp-content\\\/uploads\\\/2025\\\/09\\\/logo.webp\",\"width\":348,\"height\":184,\"caption\":\"SJ Gauge | Pressure Gauges, Thermometers &amp; Pressure Sensors\"},\"image\":{\"@id\":\"https:\\\/\\\/www.sj-gauge.com\\\/#\\\/schema\\\/logo\\\/image\\\/\"}}]}<\/script>\n<!-- \/ Yoast SEO Premium plugin. -->","yoast_head_json":{"title":"\u0110\u1ed3ng h\u1ed3 \u0111o \u00e1p su\u1ea5t th\u1ea5p (mmAq) | Th\u00e9p kh\u00f4ng g\u1ec9 | H\u1ec7 th\u1ed1ng HVAC &amp; Ph\u00f2ng s\u1ea1ch | SJ Gauge","description":"\u0110\u1ed3ng h\u1ed3 \u0111o \u00e1p su\u1ea5t th\u1ea5p PRSM v\u1edbi v\u1ecf b\u1eb1ng th\u00e9p kh\u00f4ng g\u1ec9, \u0111\u01b0\u1ee3c thi\u1ebft k\u1ebf \u0111\u1ec3 \u0111o \u00e1p su\u1ea5t kh\u00f4ng kh\u00ed v\u00e0 kh\u00ed trong c\u00e1c h\u1ec7 th\u1ed1ng HVAC, ph\u00f2ng s\u1ea1ch v\u00e0 m\u00f4i tr\u01b0\u1eddng ph\u00f2ng th\u00ed nghi\u1ec7m.","robots":{"index":"index","follow":"follow","max-snippet":"max-snippet:-1","max-image-preview":"max-image-preview:large","max-video-preview":"max-video-preview:-1"},"canonical":"https:\/\/www.sj-gauge.com\/vi\/san-pham\/prsm\/","og_locale":"vi_VN","og_type":"article","og_title":"Low Pressure Gauge with Stainless Steel Case","og_description":"PRSM low pressure gauge with stainless steel case, designed for air and gas measurement in HVAC systems, cleanrooms, and laboratory environments.","og_url":"https:\/\/www.sj-gauge.com\/vi\/san-pham\/prsm\/","og_site_name":"SJ Gauge | Pressure Gauges, Thermometers &amp; Pressure Sensors","article_modified_time":"2026-03-28T12:27:16+00:00","og_image":[{"width":1200,"height":1000,"url":"https:\/\/www.sj-gauge.com\/wp-content\/uploads\/2025\/11\/SJ-Gauge-low-pressure-gauge-gaseous-liquid-L.jpg","type":"image\/jpeg"}],"twitter_card":"summary_large_image","twitter_misc":{"\u01af\u1edbc t\u00ednh th\u1eddi gian \u0111\u1ecdc":"1 ph\u00fat"},"schema":{"@context":"https:\/\/schema.org","@graph":[{"@type":"WebPage","@id":"https:\/\/www.sj-gauge.com\/product\/prsm\/","url":"https:\/\/www.sj-gauge.com\/product\/prsm\/","name":"\u0110\u1ed3ng h\u1ed3 \u0111o \u00e1p su\u1ea5t th\u1ea5p (mmAq) | Th\u00e9p kh\u00f4ng g\u1ec9 | H\u1ec7 th\u1ed1ng HVAC &amp; Ph\u00f2ng s\u1ea1ch | SJ Gauge","isPartOf":{"@id":"https:\/\/www.sj-gauge.com\/#website"},"primaryImageOfPage":{"@id":"https:\/\/www.sj-gauge.com\/product\/prsm\/#primaryimage"},"image":{"@id":"https:\/\/www.sj-gauge.com\/product\/prsm\/#primaryimage"},"thumbnailUrl":"https:\/\/www.sj-gauge.com\/wp-content\/uploads\/2025\/11\/SJ-Gauge-low-pressure-gauge-gaseous-liquid-L.jpg","datePublished":"2025-11-10T06:14:59+00:00","dateModified":"2026-03-28T12:27:16+00:00","description":"\u0110\u1ed3ng h\u1ed3 \u0111o \u00e1p su\u1ea5t th\u1ea5p PRSM v\u1edbi v\u1ecf b\u1eb1ng th\u00e9p kh\u00f4ng g\u1ec9, \u0111\u01b0\u1ee3c thi\u1ebft k\u1ebf \u0111\u1ec3 \u0111o \u00e1p su\u1ea5t kh\u00f4ng kh\u00ed v\u00e0 kh\u00ed trong c\u00e1c h\u1ec7 th\u1ed1ng HVAC, ph\u00f2ng s\u1ea1ch v\u00e0 m\u00f4i tr\u01b0\u1eddng ph\u00f2ng th\u00ed nghi\u1ec7m.","breadcrumb":{"@id":"https:\/\/www.sj-gauge.com\/product\/prsm\/#breadcrumb"},"inLanguage":"vi","potentialAction":[{"@type":"ReadAction","target":["https:\/\/www.sj-gauge.com\/product\/prsm\/"]}]},{"@type":"ImageObject","inLanguage":"vi","@id":"https:\/\/www.sj-gauge.com\/product\/prsm\/#primaryimage","url":"https:\/\/www.sj-gauge.com\/wp-content\/uploads\/2025\/11\/SJ-Gauge-low-pressure-gauge-gaseous-liquid-L.jpg","contentUrl":"https:\/\/www.sj-gauge.com\/wp-content\/uploads\/2025\/11\/SJ-Gauge-low-pressure-gauge-gaseous-liquid-L.jpg","width":1200,"height":1000},{"@type":"BreadcrumbList","@id":"https:\/\/www.sj-gauge.com\/product\/prsm\/#breadcrumb","itemListElement":[{"@type":"ListItem","position":1,"name":"Home","item":"https:\/\/www.sj-gauge.com\/"},{"@type":"ListItem","position":2,"name":"Products","item":"https:\/\/www.sj-gauge.com\/products\/"},{"@type":"ListItem","position":3,"name":"Low Pressure Gauge with Stainless Steel Case"}]},{"@type":"WebSite","@id":"https:\/\/www.sj-gauge.com\/#website","url":"https:\/\/www.sj-gauge.com\/","name":"SJ Gauge | \u0110\u1ed3ng h\u1ed3 \u0111o \u00e1p su\u1ea5t, nhi\u1ec7t k\u1ebf v\u00e0 c\u1ea3m bi\u1ebfn \u00e1p su\u1ea5t","description":"Nh\u00e0 s\u1ea3n xu\u1ea5t \u0111\u1ed3ng h\u1ed3 \u0111o \u00e1p su\u1ea5t c\u00f4ng nghi\u1ec7p, c\u1ea3m bi\u1ebfn \u00e1p su\u1ea5t v\u00e0 b\u1ed9 truy\u1ec1n t\u00edn hi\u1ec7u. SJ Gauge cung c\u1ea5p c\u00e1c s\u1ea3n ph\u1ea9m c\u00f3 \u0111\u1ed9 ch\u00ednh x\u00e1c cao, \u0111\u01b0\u1ee3c ch\u1ebf t\u1ea1o t\u1eeb v\u1eadt li\u1ec7u b\u1ec1n b\u1ec9 v\u00e0 c\u00e1c gi\u1ea3i ph\u00e1p t\u00f9y ch\u1ec9nh d\u00e0nh cho c\u00e1c \u1ee9ng d\u1ee5ng trong ng\u00e0nh d\u1ea7u kh\u00ed, h\u00f3a ch\u1ea5t v\u00e0 c\u00f4ng nghi\u1ec7p.","publisher":{"@id":"https:\/\/www.sj-gauge.com\/#organization"},"potentialAction":[{"@type":"SearchAction","target":{"@type":"EntryPoint","urlTemplate":"https:\/\/www.sj-gauge.com\/?s={search_term_string}"},"query-input":{"@type":"PropertyValueSpecification","valueRequired":true,"valueName":"search_term_string"}}],"inLanguage":"vi"},{"@type":"Organization","@id":"https:\/\/www.sj-gauge.com\/#organization","name":"SJ Gauge | \u0110\u1ed3ng h\u1ed3 \u0111o \u00e1p su\u1ea5t, nhi\u1ec7t k\u1ebf v\u00e0 c\u1ea3m bi\u1ebfn \u00e1p su\u1ea5t","url":"https:\/\/www.sj-gauge.com\/","logo":{"@type":"ImageObject","inLanguage":"vi","@id":"https:\/\/www.sj-gauge.com\/#\/schema\/logo\/image\/","url":"https:\/\/www.sj-gauge.com\/wp-content\/uploads\/2025\/09\/logo.webp","contentUrl":"https:\/\/www.sj-gauge.com\/wp-content\/uploads\/2025\/09\/logo.webp","width":348,"height":184,"caption":"SJ Gauge | Pressure Gauges, Thermometers &amp; Pressure Sensors"},"image":{"@id":"https:\/\/www.sj-gauge.com\/#\/schema\/logo\/image\/"}}]}},"_links":{"self":[{"href":"https:\/\/www.sj-gauge.com\/vi\/wp-json\/wp\/v2\/product\/1633","targetHints":{"allow":["GET"]}}],"collection":[{"href":"https:\/\/www.sj-gauge.com\/vi\/wp-json\/wp\/v2\/product"}],"about":[{"href":"https:\/\/www.sj-gauge.com\/vi\/wp-json\/wp\/v2\/types\/product"}],"wp:featuredmedia":[{"embeddable":true,"href":"https:\/\/www.sj-gauge.com\/vi\/wp-json\/wp\/v2\/media\/1637"}],"wp:attachment":[{"href":"https:\/\/www.sj-gauge.com\/vi\/wp-json\/wp\/v2\/media?parent=1633"}],"wp:term":[{"taxonomy":"product_brand","embeddable":true,"href":"https:\/\/www.sj-gauge.com\/vi\/wp-json\/wp\/v2\/product_brand?post=1633"},{"taxonomy":"product_cat","embeddable":true,"href":"https:\/\/www.sj-gauge.com\/vi\/wp-json\/wp\/v2\/product_cat?post=1633"},{"taxonomy":"product_tag","embeddable":true,"href":"https:\/\/www.sj-gauge.com\/vi\/wp-json\/wp\/v2\/product_tag?post=1633"}],"curies":[{"name":"wp","href":"https:\/\/api.w.org\/{rel}","templated":true}]}}