{"id":1641,"date":"2025-11-10T14:49:14","date_gmt":"2025-11-10T06:49:14","guid":{"rendered":"https:\/\/sj-gauge.com\/?post_type=product&#038;p=1641"},"modified":"2026-03-28T20:32:51","modified_gmt":"2026-03-28T12:32:51","slug":"prssm-tu","status":"publish","type":"product","link":"https:\/\/www.sj-gauge.com\/vi\/san-pham\/prssm-tu\/","title":{"rendered":"C\u1ea3m bi\u1ebfn \u00e1p su\u1ea5t th\u1ea5p, th\u00e9p kh\u00f4ng g\u1ec9"},"content":{"rendered":"<p>PRSSM.TU l\u00e0 m\u1ed9t \u0111\u1ed3ng h\u1ed3 \u00e1p su\u1ea5t th\u1ea5p d\u1ea1ng vi\u00ean nang, \u0111\u01b0\u1ee3c thi\u1ebft k\u1ebf cho c\u00e1c m\u00f4i tr\u01b0\u1eddng kh\u00ed kh\u00f4 v\u00e0 \u0103n m\u00f2n, v\u1edbi c\u00e1c b\u1ed9 ph\u1eadn ti\u1ebfp x\u00fac v\u1edbi ch\u1ea5t l\u1ecfng l\u00e0m b\u1eb1ng th\u00e9p kh\u00f4ng g\u1ec9 316L v\u00e0 v\u1ecf l\u00e0m b\u1eb1ng th\u00e9p kh\u00f4ng g\u1ec9 304\/316, \u0111\u1ea3m b\u1ea3o \u0111\u1ed9 b\u1ec1n cao trong m\u00f4i tr\u01b0\u1eddng kh\u1eafc nghi\u1ec7t. N\u00f3 cung c\u1ea5p d\u1ea3i \u00e1p su\u1ea5t c\u1ef1c th\u1ea5p t\u1eeb 0,5 kPa (6\u2033 m\u1eb7t \u0111\u1ed3ng h\u1ed3) \u0111\u1ebfn 100 kPa, v\u1edbi c\u00e1c t\u00f9y ch\u1ecdn \u0111\u1ed9 ch\u00ednh x\u00e1c \u00b12,5%, \u00b11,6% ho\u1eb7c \u00b11,0% F.S. \u0110\u1ed3ng h\u1ed3 c\u00f3 s\u1eb5n \u1edf phi\u00ean b\u1ea3n kh\u00f4ng ch\u1ee9a ch\u1ea5t l\u1ecfng ho\u1eb7c ch\u1ee9a d\u1ea7u silicone \u0111\u1ec3 c\u1ea3i thi\u1ec7n kh\u1ea3 n\u0103ng ch\u1ed1ng rung v\u00e0 t\u1ea3i \u00e1p su\u1ea5t \u0111\u1ed9ng. C\u00e1c t\u00ednh n\u0103ng b\u1ed5 sung bao g\u1ed3m b\u1ea3o v\u1ec7 IP65, c\u01a1 ch\u1ebf \u0111i\u1ec1u ch\u1ec9nh zero ph\u00eda tr\u01b0\u1edbc v\u00e0 nhi\u1ec1u t\u00f9y ch\u1ecdn l\u1eafp \u0111\u1eb7t (d\u01b0\u1edbi \u0111\u00e1y, ph\u00eda sau, flange ho\u1eb7c k\u1eb9p U). \u0110i\u1ec1u n\u00e0y khi\u1ebfn PRSSM.TU tr\u1edf th\u00e0nh l\u1ef1a ch\u1ecdn l\u00fd t\u01b0\u1edfng cho c\u00e1c \u1ee9ng d\u1ee5ng kh\u00ed \u0103n m\u00f2n, ph\u00f2ng th\u00ed nghi\u1ec7m, gi\u00e1m s\u00e1t qu\u00e1 tr\u00ecnh v\u00e0 h\u1ec7 th\u1ed1ng HVAC \u00e1p su\u1ea5t th\u1ea5p.<\/p>","protected":false},"excerpt":{"rendered":"<ul>\n<li>Ch\u1ec9 c\u00f3 th\u1ec3 \u0111\u01b0\u1ee3c s\u1eed d\u1ee5ng \u0111\u1ec3 \u0111o \u00e1p su\u1ea5t c\u1ee7a c\u00e1c m\u00f4i tr\u01b0\u1eddng kh\u00f4ng ph\u1ea3i l\u00e0 ch\u1ea5t l\u1ecfng.<\/li>\n<li>\u0110\u1ed1i v\u1edbi c\u00e1c m\u00f4i tr\u01b0\u1eddng kh\u00ed, kh\u00f4 v\u00e0 c\u00f3 t\u00ednh \u0103n m\u00f2n cao, c\u0169ng nh\u01b0 c\u00e1c \u0111i\u1ec1u ki\u1ec7n m\u00f4i tr\u01b0\u1eddng kh\u1eafc nghi\u1ec7t.<\/li>\n<li>Thi\u1ebft k\u1ebf v\u1ecf ch\u1ee9a ch\u1ea5t l\u1ecfng ph\u00f9 h\u1ee3p v\u1edbi c\u00e1c t\u1ea3i tr\u1ecdng \u00e1p su\u1ea5t \u0111\u1ed9ng cao v\u00e0 rung \u0111\u1ed9ng.<\/li>\n<\/ul>","protected":false},"featured_media":1644,"template":"","meta":{"_acf_changed":false},"product_brand":[40],"product_cat":[18,41],"product_tag":[],"class_list":{"0":"post-1641","1":"product","2":"type-product","3":"status-publish","4":"has-post-thumbnail","6":"product_brand-sj-gauge","7":"product_cat-pressure-gauges","8":"product_cat-pressure-instruments","10":"first","11":"instock","12":"shipping-taxable","13":"product-type-simple"},"acf":[],"yoast_head":"<!-- This site is optimized with the Yoast SEO Premium plugin v26.7 (Yoast SEO v27.4) - https:\/\/yoast.com\/product\/yoast-seo-premium-wordpress\/ -->\n<title>Low Pressure Gauge for Corrosive Gas | Stainless Steel | SJ Gauge<\/title>\n<meta name=\"description\" content=\"PRSSM.TU low pressure gauge designed for aggressive and corrosive gas environments, featuring stainless steel construction and IP65 protection for industrial applications.\" \/>\n<meta name=\"robots\" content=\"index, follow, max-snippet:-1, max-image-preview:large, max-video-preview:-1\" \/>\n<link rel=\"canonical\" href=\"https:\/\/www.sj-gauge.com\/vi\/san-pham\/prssm-tu\/\" \/>\n<meta property=\"og:locale\" content=\"vi_VN\" \/>\n<meta property=\"og:type\" content=\"article\" \/>\n<meta property=\"og:title\" content=\"Low Pressure Gauge, Stainless Steel\" \/>\n<meta property=\"og:description\" content=\"PRSSM.TU low pressure gauge designed for aggressive and corrosive gas environments, featuring stainless steel construction and IP65 protection for industrial applications.\" \/>\n<meta property=\"og:url\" content=\"https:\/\/www.sj-gauge.com\/vi\/san-pham\/prssm-tu\/\" \/>\n<meta property=\"og:site_name\" content=\"SJ Gauge | Pressure Gauges, Thermometers &amp; Pressure Sensors\" \/>\n<meta property=\"article:modified_time\" content=\"2026-03-28T12:32:51+00:00\" \/>\n<meta property=\"og:image\" content=\"https:\/\/www.sj-gauge.com\/wp-content\/uploads\/2025\/11\/SJ-Gauge-low-pressure-gauge-stainless-1.jpg\" \/>\n\t<meta property=\"og:image:width\" content=\"1200\" \/>\n\t<meta property=\"og:image:height\" content=\"1000\" \/>\n\t<meta property=\"og:image:type\" content=\"image\/jpeg\" \/>\n<meta name=\"twitter:card\" content=\"summary_large_image\" \/>\n<meta name=\"twitter:label1\" content=\"\u01af\u1edbc t\u00ednh th\u1eddi gian \u0111\u1ecdc\" \/>\n\t<meta name=\"twitter:data1\" content=\"1 ph\u00fat\" \/>\n<script type=\"application\/ld+json\" class=\"yoast-schema-graph\">{\"@context\":\"https:\\\/\\\/schema.org\",\"@graph\":[{\"@type\":\"WebPage\",\"@id\":\"https:\\\/\\\/www.sj-gauge.com\\\/product\\\/prssm-tu\\\/\",\"url\":\"https:\\\/\\\/www.sj-gauge.com\\\/product\\\/prssm-tu\\\/\",\"name\":\"Low Pressure Gauge for Corrosive Gas | Stainless Steel | SJ Gauge\",\"isPartOf\":{\"@id\":\"https:\\\/\\\/www.sj-gauge.com\\\/#website\"},\"primaryImageOfPage\":{\"@id\":\"https:\\\/\\\/www.sj-gauge.com\\\/product\\\/prssm-tu\\\/#primaryimage\"},\"image\":{\"@id\":\"https:\\\/\\\/www.sj-gauge.com\\\/product\\\/prssm-tu\\\/#primaryimage\"},\"thumbnailUrl\":\"https:\\\/\\\/www.sj-gauge.com\\\/wp-content\\\/uploads\\\/2025\\\/11\\\/SJ-Gauge-low-pressure-gauge-stainless-1.jpg\",\"datePublished\":\"2025-11-10T06:49:14+00:00\",\"dateModified\":\"2026-03-28T12:32:51+00:00\",\"description\":\"PRSSM.TU low pressure gauge designed for aggressive and corrosive gas environments, featuring stainless steel construction and IP65 protection for industrial applications.\",\"breadcrumb\":{\"@id\":\"https:\\\/\\\/www.sj-gauge.com\\\/product\\\/prssm-tu\\\/#breadcrumb\"},\"inLanguage\":\"vi\",\"potentialAction\":[{\"@type\":\"ReadAction\",\"target\":[\"https:\\\/\\\/www.sj-gauge.com\\\/product\\\/prssm-tu\\\/\"]}]},{\"@type\":\"ImageObject\",\"inLanguage\":\"vi\",\"@id\":\"https:\\\/\\\/www.sj-gauge.com\\\/product\\\/prssm-tu\\\/#primaryimage\",\"url\":\"https:\\\/\\\/www.sj-gauge.com\\\/wp-content\\\/uploads\\\/2025\\\/11\\\/SJ-Gauge-low-pressure-gauge-stainless-1.jpg\",\"contentUrl\":\"https:\\\/\\\/www.sj-gauge.com\\\/wp-content\\\/uploads\\\/2025\\\/11\\\/SJ-Gauge-low-pressure-gauge-stainless-1.jpg\",\"width\":1200,\"height\":1000},{\"@type\":\"BreadcrumbList\",\"@id\":\"https:\\\/\\\/www.sj-gauge.com\\\/product\\\/prssm-tu\\\/#breadcrumb\",\"itemListElement\":[{\"@type\":\"ListItem\",\"position\":1,\"name\":\"Home\",\"item\":\"https:\\\/\\\/www.sj-gauge.com\\\/\"},{\"@type\":\"ListItem\",\"position\":2,\"name\":\"Products\",\"item\":\"https:\\\/\\\/www.sj-gauge.com\\\/products\\\/\"},{\"@type\":\"ListItem\",\"position\":3,\"name\":\"Low Pressure Gauge, Stainless Steel\"}]},{\"@type\":\"WebSite\",\"@id\":\"https:\\\/\\\/www.sj-gauge.com\\\/#website\",\"url\":\"https:\\\/\\\/www.sj-gauge.com\\\/\",\"name\":\"SJ Gauge | Pressure Gauges, Thermometers &amp; Pressure Sensors\",\"description\":\"Manufacturer of industrial pressure gauges, pressure sensors, and transmitters. SJ Gauge provides high accuracy, durable materials, and custom solutions for oil &amp; gas, chemical, and industrial applications.\",\"publisher\":{\"@id\":\"https:\\\/\\\/www.sj-gauge.com\\\/#organization\"},\"potentialAction\":[{\"@type\":\"SearchAction\",\"target\":{\"@type\":\"EntryPoint\",\"urlTemplate\":\"https:\\\/\\\/www.sj-gauge.com\\\/?s={search_term_string}\"},\"query-input\":{\"@type\":\"PropertyValueSpecification\",\"valueRequired\":true,\"valueName\":\"search_term_string\"}}],\"inLanguage\":\"vi\"},{\"@type\":\"Organization\",\"@id\":\"https:\\\/\\\/www.sj-gauge.com\\\/#organization\",\"name\":\"SJ Gauge | Pressure Gauges, Thermometers &amp; Pressure Sensors\",\"url\":\"https:\\\/\\\/www.sj-gauge.com\\\/\",\"logo\":{\"@type\":\"ImageObject\",\"inLanguage\":\"vi\",\"@id\":\"https:\\\/\\\/www.sj-gauge.com\\\/#\\\/schema\\\/logo\\\/image\\\/\",\"url\":\"https:\\\/\\\/www.sj-gauge.com\\\/wp-content\\\/uploads\\\/2025\\\/09\\\/logo.webp\",\"contentUrl\":\"https:\\\/\\\/www.sj-gauge.com\\\/wp-content\\\/uploads\\\/2025\\\/09\\\/logo.webp\",\"width\":348,\"height\":184,\"caption\":\"SJ Gauge | Pressure Gauges, Thermometers &amp; Pressure Sensors\"},\"image\":{\"@id\":\"https:\\\/\\\/www.sj-gauge.com\\\/#\\\/schema\\\/logo\\\/image\\\/\"}}]}<\/script>\n<!-- \/ Yoast SEO Premium plugin. -->","yoast_head_json":{"title":"\u0110\u1ed3ng h\u1ed3 \u0111o \u00e1p su\u1ea5t th\u1ea5p cho kh\u00ed \u0103n m\u00f2n | Th\u00e9p kh\u00f4ng g\u1ec9 | SJ Gauge","description":"\u0110\u1ed3ng h\u1ed3 \u0111o \u00e1p su\u1ea5t th\u1ea5p PRSSM.TU \u0111\u01b0\u1ee3c thi\u1ebft k\u1ebf d\u00e0nh cho m\u00f4i tr\u01b0\u1eddng kh\u00ed c\u00f3 t\u00ednh \u0103n m\u00f2n v\u00e0 g\u00e2y h\u01b0 h\u1ea1i, v\u1edbi c\u1ea5u tr\u00fac b\u1eb1ng th\u00e9p kh\u00f4ng g\u1ec9 v\u00e0 ti\u00eau chu\u1ea9n b\u1ea3o v\u1ec7 IP65, ph\u00f9 h\u1ee3p cho c\u00e1c \u1ee9ng d\u1ee5ng c\u00f4ng nghi\u1ec7p.","robots":{"index":"index","follow":"follow","max-snippet":"max-snippet:-1","max-image-preview":"max-image-preview:large","max-video-preview":"max-video-preview:-1"},"canonical":"https:\/\/www.sj-gauge.com\/vi\/san-pham\/prssm-tu\/","og_locale":"vi_VN","og_type":"article","og_title":"Low Pressure Gauge, Stainless Steel","og_description":"PRSSM.TU low pressure gauge designed for aggressive and corrosive gas environments, featuring stainless steel construction and IP65 protection for industrial applications.","og_url":"https:\/\/www.sj-gauge.com\/vi\/san-pham\/prssm-tu\/","og_site_name":"SJ Gauge | Pressure Gauges, Thermometers &amp; Pressure Sensors","article_modified_time":"2026-03-28T12:32:51+00:00","og_image":[{"width":1200,"height":1000,"url":"https:\/\/www.sj-gauge.com\/wp-content\/uploads\/2025\/11\/SJ-Gauge-low-pressure-gauge-stainless-1.jpg","type":"image\/jpeg"}],"twitter_card":"summary_large_image","twitter_misc":{"\u01af\u1edbc t\u00ednh th\u1eddi gian \u0111\u1ecdc":"1 ph\u00fat"},"schema":{"@context":"https:\/\/schema.org","@graph":[{"@type":"WebPage","@id":"https:\/\/www.sj-gauge.com\/product\/prssm-tu\/","url":"https:\/\/www.sj-gauge.com\/product\/prssm-tu\/","name":"\u0110\u1ed3ng h\u1ed3 \u0111o \u00e1p su\u1ea5t th\u1ea5p cho kh\u00ed \u0103n m\u00f2n | Th\u00e9p kh\u00f4ng g\u1ec9 | SJ Gauge","isPartOf":{"@id":"https:\/\/www.sj-gauge.com\/#website"},"primaryImageOfPage":{"@id":"https:\/\/www.sj-gauge.com\/product\/prssm-tu\/#primaryimage"},"image":{"@id":"https:\/\/www.sj-gauge.com\/product\/prssm-tu\/#primaryimage"},"thumbnailUrl":"https:\/\/www.sj-gauge.com\/wp-content\/uploads\/2025\/11\/SJ-Gauge-low-pressure-gauge-stainless-1.jpg","datePublished":"2025-11-10T06:49:14+00:00","dateModified":"2026-03-28T12:32:51+00:00","description":"\u0110\u1ed3ng h\u1ed3 \u0111o \u00e1p su\u1ea5t th\u1ea5p PRSSM.TU \u0111\u01b0\u1ee3c thi\u1ebft k\u1ebf d\u00e0nh cho m\u00f4i tr\u01b0\u1eddng kh\u00ed c\u00f3 t\u00ednh \u0103n m\u00f2n v\u00e0 g\u00e2y h\u01b0 h\u1ea1i, v\u1edbi c\u1ea5u tr\u00fac b\u1eb1ng th\u00e9p kh\u00f4ng g\u1ec9 v\u00e0 ti\u00eau chu\u1ea9n b\u1ea3o v\u1ec7 IP65, ph\u00f9 h\u1ee3p cho c\u00e1c \u1ee9ng d\u1ee5ng c\u00f4ng nghi\u1ec7p.","breadcrumb":{"@id":"https:\/\/www.sj-gauge.com\/product\/prssm-tu\/#breadcrumb"},"inLanguage":"vi","potentialAction":[{"@type":"ReadAction","target":["https:\/\/www.sj-gauge.com\/product\/prssm-tu\/"]}]},{"@type":"ImageObject","inLanguage":"vi","@id":"https:\/\/www.sj-gauge.com\/product\/prssm-tu\/#primaryimage","url":"https:\/\/www.sj-gauge.com\/wp-content\/uploads\/2025\/11\/SJ-Gauge-low-pressure-gauge-stainless-1.jpg","contentUrl":"https:\/\/www.sj-gauge.com\/wp-content\/uploads\/2025\/11\/SJ-Gauge-low-pressure-gauge-stainless-1.jpg","width":1200,"height":1000},{"@type":"BreadcrumbList","@id":"https:\/\/www.sj-gauge.com\/product\/prssm-tu\/#breadcrumb","itemListElement":[{"@type":"ListItem","position":1,"name":"Home","item":"https:\/\/www.sj-gauge.com\/"},{"@type":"ListItem","position":2,"name":"Products","item":"https:\/\/www.sj-gauge.com\/products\/"},{"@type":"ListItem","position":3,"name":"Low Pressure Gauge, Stainless Steel"}]},{"@type":"WebSite","@id":"https:\/\/www.sj-gauge.com\/#website","url":"https:\/\/www.sj-gauge.com\/","name":"SJ Gauge | \u0110\u1ed3ng h\u1ed3 \u0111o \u00e1p su\u1ea5t, nhi\u1ec7t k\u1ebf v\u00e0 c\u1ea3m bi\u1ebfn \u00e1p su\u1ea5t","description":"Nh\u00e0 s\u1ea3n xu\u1ea5t \u0111\u1ed3ng h\u1ed3 \u0111o \u00e1p su\u1ea5t c\u00f4ng nghi\u1ec7p, c\u1ea3m bi\u1ebfn \u00e1p su\u1ea5t v\u00e0 b\u1ed9 truy\u1ec1n t\u00edn hi\u1ec7u. SJ Gauge cung c\u1ea5p c\u00e1c s\u1ea3n ph\u1ea9m c\u00f3 \u0111\u1ed9 ch\u00ednh x\u00e1c cao, \u0111\u01b0\u1ee3c ch\u1ebf t\u1ea1o t\u1eeb v\u1eadt li\u1ec7u b\u1ec1n b\u1ec9 v\u00e0 c\u00e1c gi\u1ea3i ph\u00e1p t\u00f9y ch\u1ec9nh d\u00e0nh cho c\u00e1c \u1ee9ng d\u1ee5ng trong ng\u00e0nh d\u1ea7u kh\u00ed, h\u00f3a ch\u1ea5t v\u00e0 c\u00f4ng nghi\u1ec7p.","publisher":{"@id":"https:\/\/www.sj-gauge.com\/#organization"},"potentialAction":[{"@type":"SearchAction","target":{"@type":"EntryPoint","urlTemplate":"https:\/\/www.sj-gauge.com\/?s={search_term_string}"},"query-input":{"@type":"PropertyValueSpecification","valueRequired":true,"valueName":"search_term_string"}}],"inLanguage":"vi"},{"@type":"Organization","@id":"https:\/\/www.sj-gauge.com\/#organization","name":"SJ Gauge | \u0110\u1ed3ng h\u1ed3 \u0111o \u00e1p su\u1ea5t, nhi\u1ec7t k\u1ebf v\u00e0 c\u1ea3m bi\u1ebfn \u00e1p su\u1ea5t","url":"https:\/\/www.sj-gauge.com\/","logo":{"@type":"ImageObject","inLanguage":"vi","@id":"https:\/\/www.sj-gauge.com\/#\/schema\/logo\/image\/","url":"https:\/\/www.sj-gauge.com\/wp-content\/uploads\/2025\/09\/logo.webp","contentUrl":"https:\/\/www.sj-gauge.com\/wp-content\/uploads\/2025\/09\/logo.webp","width":348,"height":184,"caption":"SJ Gauge | Pressure Gauges, Thermometers &amp; Pressure Sensors"},"image":{"@id":"https:\/\/www.sj-gauge.com\/#\/schema\/logo\/image\/"}}]}},"_links":{"self":[{"href":"https:\/\/www.sj-gauge.com\/vi\/wp-json\/wp\/v2\/product\/1641","targetHints":{"allow":["GET"]}}],"collection":[{"href":"https:\/\/www.sj-gauge.com\/vi\/wp-json\/wp\/v2\/product"}],"about":[{"href":"https:\/\/www.sj-gauge.com\/vi\/wp-json\/wp\/v2\/types\/product"}],"wp:featuredmedia":[{"embeddable":true,"href":"https:\/\/www.sj-gauge.com\/vi\/wp-json\/wp\/v2\/media\/1644"}],"wp:attachment":[{"href":"https:\/\/www.sj-gauge.com\/vi\/wp-json\/wp\/v2\/media?parent=1641"}],"wp:term":[{"taxonomy":"product_brand","embeddable":true,"href":"https:\/\/www.sj-gauge.com\/vi\/wp-json\/wp\/v2\/product_brand?post=1641"},{"taxonomy":"product_cat","embeddable":true,"href":"https:\/\/www.sj-gauge.com\/vi\/wp-json\/wp\/v2\/product_cat?post=1641"},{"taxonomy":"product_tag","embeddable":true,"href":"https:\/\/www.sj-gauge.com\/vi\/wp-json\/wp\/v2\/product_tag?post=1641"}],"curies":[{"name":"wp","href":"https:\/\/api.w.org\/{rel}","templated":true}]}}