{"id":1656,"date":"2025-11-10T14:57:43","date_gmt":"2025-11-10T06:57:43","guid":{"rendered":"https:\/\/sj-gauge.com\/?post_type=product&#038;p=1656"},"modified":"2026-03-28T21:16:01","modified_gmt":"2026-03-28T13:16:01","slug":"prssm-ld","status":"publish","type":"product","link":"https:\/\/www.sj-gauge.com\/vi\/san-pham\/prssm-ld\/","title":{"rendered":"C\u1ea3m bi\u1ebfn \u00e1p su\u1ea5t th\u1ea5p, m\u00e0ng ch\u1eafn"},"content":{"rendered":"<p>PRSSM-LD l\u00e0 \u0111\u1ed3ng h\u1ed3 \u00e1p su\u1ea5t m\u00e0ng \u00e1p su\u1ea5t th\u1ea5p, \u0111\u01b0\u1ee3c trang b\u1ecb m\u00e0ng g\u1ee3n s\u00f3ng, thi\u1ebft k\u1ebf d\u00e0nh cho c\u00e1c m\u00f4i tr\u01b0\u1eddng \u0103n m\u00f2n, k\u1ebft tinh ho\u1eb7c c\u00f3 \u0111\u1ed9 nh\u1edbt cao. \u0110\u1ed3ng h\u1ed3 n\u00e0y cung c\u1ea5p d\u1ea3i \u0111o t\u1eeb 0\u20131 kPa \u0111\u1ebfn 0\u201325 bar, bao g\u1ed3m c\u00e1c t\u00f9y ch\u1ecdn ch\u00e2n kh\u00f4ng v\u00e0 k\u1ebft h\u1ee3p. C\u00f3 s\u1eb5n k\u00edch th\u01b0\u1edbc m\u1eb7t \u0111\u1ed3ng h\u1ed3 4\u2033 v\u00e0 6\u2033, \u0111\u1ed3ng h\u1ed3 s\u1eed d\u1ee5ng v\u1eadt li\u1ec7u ti\u1ebfp x\u00fac v\u1edbi m\u00f4i tr\u01b0\u1eddng nh\u01b0 th\u00e9p kh\u00f4ng g\u1ec9 316L, h\u1ee3p kim Hastelloy ho\u1eb7c PTFE, v\u1edbi kh\u1ea3 n\u0103ng b\u1ea3o v\u1ec7 qu\u00e1 t\u1ea3i t\u1eeb 5 \u0111\u1ebfn 10 l\u1ea7n gi\u00e1 tr\u1ecb to\u00e0n thang (l\u00ean \u0111\u1ebfn 40 bar). C\u1ea3m bi\u1ebfn h\u1ed7 tr\u1ee3 k\u1ebft n\u1ed1i qu\u00e1 tr\u00ecnh b\u1eb1ng ren ho\u1eb7c flange v\u00e0 c\u00f3 v\u1ecf b\u1eb1ng th\u00e9p kh\u00f4ng g\u1ec9 v\u1edbi c\u1eeda s\u1ed5 b\u1eb1ng k\u00ednh ho\u1eb7c k\u00ednh an to\u00e0n. C\u00f3 s\u1eb5n trong c\u00e1c phi\u00ean b\u1ea3n kh\u00f4 ho\u1eb7c ch\u1ee9a ch\u1ea5t l\u1ecfng v\u00e0 \u0111\u01b0\u1ee3c \u0111\u00e1nh gi\u00e1 IP65, PRSSM-LD l\u00e0 l\u1ef1a ch\u1ecdn l\u00fd t\u01b0\u1edfng cho c\u00e1c m\u00f4i tr\u01b0\u1eddng c\u00f4ng nghi\u1ec7p kh\u1eafc nghi\u1ec7t nh\u01b0 h\u00f3a ch\u1ea5t, d\u1ea7u kh\u00ed, v\u00e0 c\u00e1c ng\u00e0nh c\u00f4ng nghi\u1ec7p kh\u00e1c.<\/p>","protected":false},"excerpt":{"rendered":"<ul>\n<li>R\u1ea5t ph\u00f9 h\u1ee3p \u0111\u1ec3 \u0111o \u00e1p su\u1ea5t \u1edf d\u1ea3i th\u1ea5p trong c\u00e1c \u1ee9ng d\u1ee5ng kh\u1eafc nghi\u1ec7t, c\u00f3 ch\u1ea5t l\u1ecfng nh\u1edbt ho\u1eb7c d\u1ec5 k\u1ebft tinh.<\/li>\n<li>C\u00e1c k\u1ebft n\u1ed1i \u00e1p su\u1ea5t bao g\u1ed3m c\u00e1c t\u00f9y ch\u1ecdn l\u1eafp \u0111\u1eb7t b\u1eb1ng ren v\u00e0 m\u1eb7t b\u00edch, ho\u1eb7c c\u00e1c ti\u1ebfp \u0111i\u1ec3m \u0111i\u1ec7n.<\/li>\n<li>Ph\u00f9 h\u1ee3p cho c\u00e1c \u1ee9ng d\u1ee5ng trong ng\u00e0nh h\u00f3a ch\u1ea5t, h\u00f3a d\u1ea7u, d\u1ea7u kh\u00ed v\u00e0 c\u00f4ng ngh\u1ec7 \u0111i\u1ec7n.<\/li>\n<\/ul>","protected":false},"featured_media":1659,"template":"","meta":{"_acf_changed":false},"product_brand":[40],"product_cat":[18,41],"product_tag":[],"class_list":{"0":"post-1656","1":"product","2":"type-product","3":"status-publish","4":"has-post-thumbnail","6":"product_brand-sj-gauge","7":"product_cat-pressure-gauges","8":"product_cat-pressure-instruments","10":"first","11":"instock","12":"shipping-taxable","13":"product-type-simple"},"acf":[],"yoast_head":"<!-- This site is optimized with the Yoast SEO Premium plugin v26.7 (Yoast SEO v26.7) - https:\/\/yoast.com\/wordpress\/plugins\/seo\/ -->\n<title>Diaphragm Pressure Gauge | For Viscous, Crystallizing &amp; Corrosive Media | SJ Gauge<\/title>\n<meta name=\"description\" content=\"PRSSM-LD diaphragm pressure gauge designed for viscous, crystallizing, and corrosive media, ensuring reliable measurement in harsh industrial environments.\" \/>\n<meta name=\"robots\" content=\"index, follow, max-snippet:-1, max-image-preview:large, max-video-preview:-1\" \/>\n<link rel=\"canonical\" href=\"https:\/\/www.sj-gauge.com\/vi\/san-pham\/prssm-ld\/\" \/>\n<meta property=\"og:locale\" content=\"vi_VN\" \/>\n<meta property=\"og:type\" content=\"article\" \/>\n<meta property=\"og:title\" content=\"Low Pressure Gauge, Diaphragm\" \/>\n<meta property=\"og:description\" content=\"PRSSM-LD diaphragm pressure gauge designed for viscous, crystallizing, and corrosive media, ensuring reliable measurement in harsh industrial environments.\" \/>\n<meta property=\"og:url\" content=\"https:\/\/www.sj-gauge.com\/vi\/san-pham\/prssm-ld\/\" \/>\n<meta property=\"og:site_name\" content=\"Your Expert in Pressure Temp and Smart Transmitters - SJ Gauge\" \/>\n<meta property=\"article:modified_time\" content=\"2026-03-28T13:16:01+00:00\" \/>\n<meta property=\"og:image\" content=\"https:\/\/www.sj-gauge.com\/wp-content\/uploads\/2025\/11\/SJ-Gauge-diaphragm-pressure-gauge-prssm-ld2.jpg\" \/>\n\t<meta property=\"og:image:width\" content=\"1200\" \/>\n\t<meta property=\"og:image:height\" content=\"1000\" \/>\n\t<meta property=\"og:image:type\" content=\"image\/jpeg\" \/>\n<meta name=\"twitter:card\" content=\"summary_large_image\" \/>\n<meta name=\"twitter:label1\" content=\"\u01af\u1edbc t\u00ednh th\u1eddi gian \u0111\u1ecdc\" \/>\n\t<meta name=\"twitter:data1\" content=\"1 ph\u00fat\" \/>\n<script type=\"application\/ld+json\" class=\"yoast-schema-graph\">{\"@context\":\"https:\/\/schema.org\",\"@graph\":[{\"@type\":\"WebPage\",\"@id\":\"https:\/\/www.sj-gauge.com\/product\/prssm-ld\/\",\"url\":\"https:\/\/www.sj-gauge.com\/product\/prssm-ld\/\",\"name\":\"Diaphragm Pressure Gauge | For Viscous, Crystallizing & Corrosive Media | SJ Gauge\",\"isPartOf\":{\"@id\":\"https:\/\/www.sj-gauge.com\/#website\"},\"primaryImageOfPage\":{\"@id\":\"https:\/\/www.sj-gauge.com\/product\/prssm-ld\/#primaryimage\"},\"image\":{\"@id\":\"https:\/\/www.sj-gauge.com\/product\/prssm-ld\/#primaryimage\"},\"thumbnailUrl\":\"https:\/\/www.sj-gauge.com\/wp-content\/uploads\/2025\/11\/SJ-Gauge-diaphragm-pressure-gauge-prssm-ld2.jpg\",\"datePublished\":\"2025-11-10T06:57:43+00:00\",\"dateModified\":\"2026-03-28T13:16:01+00:00\",\"description\":\"PRSSM-LD diaphragm pressure gauge designed for viscous, crystallizing, and corrosive media, ensuring reliable measurement in harsh industrial environments.\",\"breadcrumb\":{\"@id\":\"https:\/\/www.sj-gauge.com\/product\/prssm-ld\/#breadcrumb\"},\"inLanguage\":\"vi\",\"potentialAction\":[{\"@type\":\"ReadAction\",\"target\":[\"https:\/\/www.sj-gauge.com\/product\/prssm-ld\/\"]}]},{\"@type\":\"ImageObject\",\"inLanguage\":\"vi\",\"@id\":\"https:\/\/www.sj-gauge.com\/product\/prssm-ld\/#primaryimage\",\"url\":\"https:\/\/www.sj-gauge.com\/wp-content\/uploads\/2025\/11\/SJ-Gauge-diaphragm-pressure-gauge-prssm-ld2.jpg\",\"contentUrl\":\"https:\/\/www.sj-gauge.com\/wp-content\/uploads\/2025\/11\/SJ-Gauge-diaphragm-pressure-gauge-prssm-ld2.jpg\",\"width\":1200,\"height\":1000},{\"@type\":\"BreadcrumbList\",\"@id\":\"https:\/\/www.sj-gauge.com\/product\/prssm-ld\/#breadcrumb\",\"itemListElement\":[{\"@type\":\"ListItem\",\"position\":1,\"name\":\"Home\",\"item\":\"https:\/\/www.sj-gauge.com\/\"},{\"@type\":\"ListItem\",\"position\":2,\"name\":\"Products\",\"item\":\"https:\/\/www.sj-gauge.com\/products\/\"},{\"@type\":\"ListItem\",\"position\":3,\"name\":\"Low Pressure Gauge, Diaphragm\"}]},{\"@type\":\"WebSite\",\"@id\":\"https:\/\/www.sj-gauge.com\/#website\",\"url\":\"https:\/\/www.sj-gauge.com\/\",\"name\":\"Your Expert in Pressure Temp and Smart Transmitters - SJ Gauge\",\"description\":\"Manufacturer of industrial pressure gauges, pressure sensors, and transmitters. SJ Gauge provides high accuracy, durable materials, and custom solutions for oil &amp; gas, chemical, and industrial applications.\",\"publisher\":{\"@id\":\"https:\/\/www.sj-gauge.com\/#organization\"},\"potentialAction\":[{\"@type\":\"SearchAction\",\"target\":{\"@type\":\"EntryPoint\",\"urlTemplate\":\"https:\/\/www.sj-gauge.com\/?s={search_term_string}\"},\"query-input\":{\"@type\":\"PropertyValueSpecification\",\"valueRequired\":true,\"valueName\":\"search_term_string\"}}],\"inLanguage\":\"vi\"},{\"@type\":\"Organization\",\"@id\":\"https:\/\/www.sj-gauge.com\/#organization\",\"name\":\"Your Expert in Pressure Temp and Smart Transmitters - SJ Gauge\",\"url\":\"https:\/\/www.sj-gauge.com\/\",\"logo\":{\"@type\":\"ImageObject\",\"inLanguage\":\"vi\",\"@id\":\"https:\/\/www.sj-gauge.com\/#\/schema\/logo\/image\/\",\"url\":\"https:\/\/www.sj-gauge.com\/wp-content\/uploads\/2025\/09\/logo.webp\",\"contentUrl\":\"https:\/\/www.sj-gauge.com\/wp-content\/uploads\/2025\/09\/logo.webp\",\"width\":348,\"height\":184,\"caption\":\"Your Expert in Pressure Temp and Smart Transmitters - SJ Gauge\"},\"image\":{\"@id\":\"https:\/\/www.sj-gauge.com\/#\/schema\/logo\/image\/\"}}]}<\/script>\n<!-- \/ Yoast SEO Premium plugin. -->","yoast_head_json":{"title":"\u0110\u1ed3ng h\u1ed3 \u0111o \u00e1p su\u1ea5t m\u00e0ng | D\u00f9ng cho m\u00f4i tr\u01b0\u1eddng c\u00f3 \u0111\u1ed9 nh\u1edbt cao, d\u1ec5 k\u1ebft tinh v\u00e0 \u0103n m\u00f2n | SJ Gauge","description":"\u0110\u1ed3ng h\u1ed3 \u0111o \u00e1p su\u1ea5t m\u00e0ng PRSSM-LD \u0111\u01b0\u1ee3c thi\u1ebft k\u1ebf d\u00e0nh cho c\u00e1c ch\u1ea5t l\u1ecfng c\u00f3 \u0111\u1ed9 nh\u1edbt cao, d\u1ec5 k\u1ebft tinh v\u00e0 c\u00f3 t\u00ednh \u0103n m\u00f2n, \u0111\u1ea3m b\u1ea3o \u0111\u1ed9 ch\u00ednh x\u00e1c trong c\u00e1c m\u00f4i tr\u01b0\u1eddng c\u00f4ng nghi\u1ec7p kh\u1eafc nghi\u1ec7t.","robots":{"index":"index","follow":"follow","max-snippet":"max-snippet:-1","max-image-preview":"max-image-preview:large","max-video-preview":"max-video-preview:-1"},"canonical":"https:\/\/www.sj-gauge.com\/vi\/san-pham\/prssm-ld\/","og_locale":"vi_VN","og_type":"article","og_title":"Low Pressure Gauge, Diaphragm","og_description":"PRSSM-LD diaphragm pressure gauge designed for viscous, crystallizing, and corrosive media, ensuring reliable measurement in harsh industrial environments.","og_url":"https:\/\/www.sj-gauge.com\/vi\/san-pham\/prssm-ld\/","og_site_name":"Your Expert in Pressure Temp and Smart Transmitters - SJ Gauge","article_modified_time":"2026-03-28T13:16:01+00:00","og_image":[{"width":1200,"height":1000,"url":"https:\/\/www.sj-gauge.com\/wp-content\/uploads\/2025\/11\/SJ-Gauge-diaphragm-pressure-gauge-prssm-ld2.jpg","type":"image\/jpeg"}],"twitter_card":"summary_large_image","twitter_misc":{"\u01af\u1edbc t\u00ednh th\u1eddi gian \u0111\u1ecdc":"1 ph\u00fat"},"schema":{"@context":"https:\/\/schema.org","@graph":[{"@type":"WebPage","@id":"https:\/\/www.sj-gauge.com\/product\/prssm-ld\/","url":"https:\/\/www.sj-gauge.com\/product\/prssm-ld\/","name":"\u0110\u1ed3ng h\u1ed3 \u0111o \u00e1p su\u1ea5t m\u00e0ng | D\u00f9ng cho m\u00f4i tr\u01b0\u1eddng c\u00f3 \u0111\u1ed9 nh\u1edbt cao, d\u1ec5 k\u1ebft tinh v\u00e0 \u0103n m\u00f2n | SJ Gauge","isPartOf":{"@id":"https:\/\/www.sj-gauge.com\/#website"},"primaryImageOfPage":{"@id":"https:\/\/www.sj-gauge.com\/product\/prssm-ld\/#primaryimage"},"image":{"@id":"https:\/\/www.sj-gauge.com\/product\/prssm-ld\/#primaryimage"},"thumbnailUrl":"https:\/\/www.sj-gauge.com\/wp-content\/uploads\/2025\/11\/SJ-Gauge-diaphragm-pressure-gauge-prssm-ld2.jpg","datePublished":"2025-11-10T06:57:43+00:00","dateModified":"2026-03-28T13:16:01+00:00","description":"\u0110\u1ed3ng h\u1ed3 \u0111o \u00e1p su\u1ea5t m\u00e0ng PRSSM-LD \u0111\u01b0\u1ee3c thi\u1ebft k\u1ebf d\u00e0nh cho c\u00e1c ch\u1ea5t l\u1ecfng c\u00f3 \u0111\u1ed9 nh\u1edbt cao, d\u1ec5 k\u1ebft tinh v\u00e0 c\u00f3 t\u00ednh \u0103n m\u00f2n, \u0111\u1ea3m b\u1ea3o \u0111\u1ed9 ch\u00ednh x\u00e1c trong c\u00e1c m\u00f4i tr\u01b0\u1eddng c\u00f4ng nghi\u1ec7p kh\u1eafc nghi\u1ec7t.","breadcrumb":{"@id":"https:\/\/www.sj-gauge.com\/product\/prssm-ld\/#breadcrumb"},"inLanguage":"vi","potentialAction":[{"@type":"ReadAction","target":["https:\/\/www.sj-gauge.com\/product\/prssm-ld\/"]}]},{"@type":"ImageObject","inLanguage":"vi","@id":"https:\/\/www.sj-gauge.com\/product\/prssm-ld\/#primaryimage","url":"https:\/\/www.sj-gauge.com\/wp-content\/uploads\/2025\/11\/SJ-Gauge-diaphragm-pressure-gauge-prssm-ld2.jpg","contentUrl":"https:\/\/www.sj-gauge.com\/wp-content\/uploads\/2025\/11\/SJ-Gauge-diaphragm-pressure-gauge-prssm-ld2.jpg","width":1200,"height":1000},{"@type":"BreadcrumbList","@id":"https:\/\/www.sj-gauge.com\/product\/prssm-ld\/#breadcrumb","itemListElement":[{"@type":"ListItem","position":1,"name":"Home","item":"https:\/\/www.sj-gauge.com\/"},{"@type":"ListItem","position":2,"name":"Products","item":"https:\/\/www.sj-gauge.com\/products\/"},{"@type":"ListItem","position":3,"name":"Low Pressure Gauge, Diaphragm"}]},{"@type":"WebSite","@id":"https:\/\/www.sj-gauge.com\/#website","url":"https:\/\/www.sj-gauge.com\/","name":"Chuy\u00ean gia v\u1ec1 c\u1ea3m bi\u1ebfn \u00e1p su\u1ea5t, nhi\u1ec7t \u0111\u1ed9 v\u00e0 c\u1ea3m bi\u1ebfn th\u00f4ng minh - SJ Gauge","description":"Nh\u00e0 s\u1ea3n xu\u1ea5t \u0111\u1ed3ng h\u1ed3 \u0111o \u00e1p su\u1ea5t c\u00f4ng nghi\u1ec7p, c\u1ea3m bi\u1ebfn \u00e1p su\u1ea5t v\u00e0 b\u1ed9 truy\u1ec1n t\u00edn hi\u1ec7u. SJ Gauge cung c\u1ea5p c\u00e1c s\u1ea3n ph\u1ea9m c\u00f3 \u0111\u1ed9 ch\u00ednh x\u00e1c cao, \u0111\u01b0\u1ee3c ch\u1ebf t\u1ea1o t\u1eeb v\u1eadt li\u1ec7u b\u1ec1n b\u1ec9 v\u00e0 c\u00e1c gi\u1ea3i ph\u00e1p t\u00f9y ch\u1ec9nh d\u00e0nh cho c\u00e1c \u1ee9ng d\u1ee5ng trong ng\u00e0nh d\u1ea7u kh\u00ed, h\u00f3a ch\u1ea5t v\u00e0 c\u00f4ng nghi\u1ec7p.","publisher":{"@id":"https:\/\/www.sj-gauge.com\/#organization"},"potentialAction":[{"@type":"SearchAction","target":{"@type":"EntryPoint","urlTemplate":"https:\/\/www.sj-gauge.com\/?s={search_term_string}"},"query-input":{"@type":"PropertyValueSpecification","valueRequired":true,"valueName":"search_term_string"}}],"inLanguage":"vi"},{"@type":"Organization","@id":"https:\/\/www.sj-gauge.com\/#organization","name":"Chuy\u00ean gia v\u1ec1 c\u1ea3m bi\u1ebfn \u00e1p su\u1ea5t, nhi\u1ec7t \u0111\u1ed9 v\u00e0 c\u1ea3m bi\u1ebfn th\u00f4ng minh - SJ Gauge","url":"https:\/\/www.sj-gauge.com\/","logo":{"@type":"ImageObject","inLanguage":"vi","@id":"https:\/\/www.sj-gauge.com\/#\/schema\/logo\/image\/","url":"https:\/\/www.sj-gauge.com\/wp-content\/uploads\/2025\/09\/logo.webp","contentUrl":"https:\/\/www.sj-gauge.com\/wp-content\/uploads\/2025\/09\/logo.webp","width":348,"height":184,"caption":"Your Expert in Pressure Temp and Smart Transmitters - SJ Gauge"},"image":{"@id":"https:\/\/www.sj-gauge.com\/#\/schema\/logo\/image\/"}}]}},"_links":{"self":[{"href":"https:\/\/www.sj-gauge.com\/vi\/wp-json\/wp\/v2\/product\/1656","targetHints":{"allow":["GET"]}}],"collection":[{"href":"https:\/\/www.sj-gauge.com\/vi\/wp-json\/wp\/v2\/product"}],"about":[{"href":"https:\/\/www.sj-gauge.com\/vi\/wp-json\/wp\/v2\/types\/product"}],"wp:featuredmedia":[{"embeddable":true,"href":"https:\/\/www.sj-gauge.com\/vi\/wp-json\/wp\/v2\/media\/1659"}],"wp:attachment":[{"href":"https:\/\/www.sj-gauge.com\/vi\/wp-json\/wp\/v2\/media?parent=1656"}],"wp:term":[{"taxonomy":"product_brand","embeddable":true,"href":"https:\/\/www.sj-gauge.com\/vi\/wp-json\/wp\/v2\/product_brand?post=1656"},{"taxonomy":"product_cat","embeddable":true,"href":"https:\/\/www.sj-gauge.com\/vi\/wp-json\/wp\/v2\/product_cat?post=1656"},{"taxonomy":"product_tag","embeddable":true,"href":"https:\/\/www.sj-gauge.com\/vi\/wp-json\/wp\/v2\/product_tag?post=1656"}],"curies":[{"name":"wp","href":"https:\/\/api.w.org\/{rel}","templated":true}]}}