{"id":1687,"date":"2025-11-10T16:06:46","date_gmt":"2025-11-10T08:06:46","guid":{"rendered":"https:\/\/sj-gauge.com\/?post_type=product&#038;p=1687"},"modified":"2026-03-27T15:39:48","modified_gmt":"2026-03-27T07:39:48","slug":"prld","status":"publish","type":"product","link":"https:\/\/www.sj-gauge.com\/vi\/san-pham\/prld\/","title":{"rendered":"C\u1ea3m bi\u1ebfn \u00e1p su\u1ea5t ch\u00eanh l\u1ec7ch, B\u1ed3n ch\u1ee9a cryogenic"},"content":{"rendered":"<p>PRLD l\u00e0 \u0111\u1ed3ng h\u1ed3 \u0111o ch\u00eanh l\u1ec7ch \u00e1p su\u1ea5t hi\u1ec7u su\u1ea5t cao \u0111\u01b0\u1ee3c thi\u1ebft k\u1ebf chuy\u00ean d\u1ee5ng cho b\u1ed3n ch\u1ee9a nhi\u1ec7t \u0111\u1ed9 c\u1ef1c th\u1ea5p v\u00e0 xe b\u1ed3n k\u00edn. S\u1ea3n ph\u1ea9m n\u00e0y \u0111\u1eb7c bi\u1ec7t ph\u00f9 h\u1ee3p \u0111\u1ec3 gi\u00e1m s\u00e1t nit\u01a1 l\u1ecfng, oxy l\u1ecfng, d\u1ea7u v\u00e0 c\u00e1c ch\u1ea5t l\u1ecfng \u1edf nhi\u1ec7t \u0111\u1ed9 th\u1ea5p kh\u00e1c. V\u1edbi m\u1ee9c \u00e1p su\u1ea5t t\u0129nh t\u1ed1i \u0111a 50 bar v\u00e0 d\u1ea3i \u0111o t\u1eeb 0\u20134 kPa \u0111\u1ebfn 0\u2013400 kPa, s\u1ea3n ph\u1ea9m cung c\u1ea5p c\u00e1c gi\u1ea3i ph\u00e1p \u0111\u00e1ng tin c\u1eady cho vi\u1ec7c gi\u00e1m s\u00e1t m\u1ef1c ch\u1ea5t l\u1ecfng v\u00e0 ph\u00e1t hi\u1ec7n t\u00ecnh tr\u1ea1ng b\u1ed9 l\u1ecdc. C\u00e1c b\u1ed9 ph\u1eadn ti\u1ebfp x\u00fac v\u1edbi ch\u1ea5t l\u1ecfng c\u1ee7a thi\u1ebft b\u1ecb bao g\u1ed3m c\u00e1c m\u1eb7t b\u00edch h\u1ee3p kim \u0111\u1ed3ng, l\u00f2 xo n\u00e9n b\u1eb1ng th\u00e9p kh\u00f4ng g\u1ec9 304 v\u00e0 m\u00e0ng ng\u0103n NBR, t\u1ea5t c\u1ea3 \u0111\u01b0\u1ee3c \u0111\u1eb7t trong v\u1ecf th\u00e9p kh\u00f4ng g\u1ec9 304 ch\u1eafc ch\u1eafn v\u1edbi c\u1eeda s\u1ed5 polycarbonate. \u0110\u01b0\u1ee3c x\u1ebfp h\u1ea1ng IP65 v\u00e0 trang b\u1ecb kim ch\u1ec9 th\u1ecb c\u00f3 th\u1ec3 \u0111i\u1ec1u ch\u1ec9nh, PRLD c\u00f3 s\u1eb5n c\u00e1c phi\u00ean b\u1ea3n kh\u00f4ng ch\u1ee9a d\u1ea7u d\u00e0nh cho kh\u00ed d\u1ec5 ch\u00e1y ho\u1eb7c n\u1ed5. C\u00e1c ph\u1ee5 ki\u1ec7n t\u00f9y ch\u1ecdn bao g\u1ed3m c\u1ee5m van, phi\u00ean b\u1ea3n d\u00f9ng cho oxy, ti\u1ebfp \u0111i\u1ec3m c\u00f4ng t\u1eafc v\u00e0 b\u1ed9 chuy\u1ec3n \u0111\u1ed5i quy tr\u00ecnh, gi\u00fap thi\u1ebft b\u1ecb tr\u1edf th\u00e0nh gi\u1ea3i ph\u00e1p m\u1ea1nh m\u1ebd v\u00e0 linh ho\u1ea1t cho c\u00e1c \u1ee9ng d\u1ee5ng b\u1ed3n ch\u1ee9a c\u00f4ng nghi\u1ec7p v\u00e0 nhi\u1ec7t \u0111\u1ed9 c\u1ef1c th\u1ea5p.<\/p>","protected":false},"excerpt":{"rendered":"<ul>\n<li>H\u1ed7 tr\u1ee3 c\u00f4ng ngh\u1ec7 \u0111\u00f4ng l\u1ea1nh; th\u00edch h\u1ee3p \u0111\u1ec3 \u0111o c\u00e1c m\u00f4i tr\u01b0\u1eddng nhi\u1ec7t \u0111\u1ed9 th\u1ea5p.<\/li>\n<li>Lo\u1ea1i kh\u00f4ng ch\u1ee9a d\u1ea7u c\u00f3 th\u1ec3 \u0111\u01b0\u1ee3c s\u1eed d\u1ee5ng \u0111\u1ec3 \u0111o c\u00e1c lo\u1ea1i kh\u00ed \u0111\u1eb7c bi\u1ec7t nh\u01b0 kh\u00ed d\u1ec5 ch\u00e1y v\u00e0 kh\u00ed n\u1ed5.<\/li>\n<li>Th\u01b0\u1eddng \u0111\u01b0\u1ee3c s\u1eed d\u1ee5ng \u0111\u1ec3 \u0111o m\u1ee9c ch\u1ea5t l\u1ecfng trong b\u1ed3n ch\u1ee9a k\u00edn cho d\u1ea7u, nit\u01a1 l\u1ecfng v\u00e0 c\u00e1c v\u1eadt li\u1ec7u kh\u00e1c; c\u0169ng h\u1eefu \u00edch cho vi\u1ec7c gi\u00e1m s\u00e1t b\u1ed9 l\u1ecdc.<\/li>\n<\/ul>\n<p>\u25fc\ufe0f H\u00ecnh 1: \u0110\u1ed3ng h\u1ed3 \u0111o \u00e1p su\u1ea5t ch\u00eanh l\u1ec7ch model PRLD<br \/>\n\u25fc\ufe0f H\u00ecnh 2: B\u1ed9 van \u0111i\u1ec1u khi\u1ec3n v\u1edbi ch\u1ec9 b\u00e1o \u00e1p su\u1ea5t l\u00e0m vi\u1ec7c<\/p>","protected":false},"featured_media":1691,"template":"","meta":{"_acf_changed":false},"product_brand":[40],"product_cat":[49,41],"product_tag":[],"class_list":{"0":"post-1687","1":"product","2":"type-product","3":"status-publish","4":"has-post-thumbnail","6":"product_brand-sj-gauge","7":"product_cat-differential-pressure-gauge","8":"product_cat-pressure-instruments","10":"first","11":"instock","12":"shipping-taxable","13":"product-type-simple"},"acf":[],"yoast_head":"<!-- This site is optimized with the Yoast SEO Premium plugin v26.7 (Yoast SEO v26.7) - https:\/\/yoast.com\/wordpress\/plugins\/seo\/ -->\n<title>Cryogenic Differential Pressure Gauge | Low Temperature Applications | SJ Gauge<\/title>\n<meta name=\"description\" content=\"PRLD cryogenic differential pressure gauge designed for low-temperature applications such as liquid nitrogen, oxygen systems, and industrial tank level monitoring.\" \/>\n<meta name=\"robots\" content=\"index, follow, max-snippet:-1, max-image-preview:large, max-video-preview:-1\" \/>\n<link rel=\"canonical\" href=\"https:\/\/www.sj-gauge.com\/vi\/san-pham\/prld\/\" \/>\n<meta property=\"og:locale\" content=\"vi_VN\" \/>\n<meta property=\"og:type\" content=\"article\" \/>\n<meta property=\"og:title\" content=\"Differential Pressure Gauge, Cryogenic Tanks\" \/>\n<meta property=\"og:description\" content=\"PRLD cryogenic differential pressure gauge designed for low-temperature applications such as liquid nitrogen, oxygen systems, and industrial tank level monitoring.\" \/>\n<meta property=\"og:url\" content=\"https:\/\/www.sj-gauge.com\/vi\/san-pham\/prld\/\" \/>\n<meta property=\"og:site_name\" content=\"Your Expert in Pressure Temp and Smart Transmitters - SJ Gauge\" \/>\n<meta property=\"article:modified_time\" content=\"2026-03-27T07:39:48+00:00\" \/>\n<meta property=\"og:image\" content=\"https:\/\/www.sj-gauge.com\/wp-content\/uploads\/2025\/11\/SJ-Gauge-differential-pressure-gauge-L.jpg\" \/>\n\t<meta property=\"og:image:width\" content=\"1200\" \/>\n\t<meta property=\"og:image:height\" content=\"1000\" \/>\n\t<meta property=\"og:image:type\" content=\"image\/jpeg\" \/>\n<meta name=\"twitter:card\" content=\"summary_large_image\" \/>\n<meta name=\"twitter:label1\" content=\"\u01af\u1edbc t\u00ednh th\u1eddi gian \u0111\u1ecdc\" \/>\n\t<meta name=\"twitter:data1\" content=\"1 ph\u00fat\" \/>\n<script type=\"application\/ld+json\" class=\"yoast-schema-graph\">{\"@context\":\"https:\/\/schema.org\",\"@graph\":[{\"@type\":\"WebPage\",\"@id\":\"https:\/\/www.sj-gauge.com\/product\/prld\/\",\"url\":\"https:\/\/www.sj-gauge.com\/product\/prld\/\",\"name\":\"Cryogenic Differential Pressure Gauge | Low Temperature Applications | SJ Gauge\",\"isPartOf\":{\"@id\":\"https:\/\/www.sj-gauge.com\/#website\"},\"primaryImageOfPage\":{\"@id\":\"https:\/\/www.sj-gauge.com\/product\/prld\/#primaryimage\"},\"image\":{\"@id\":\"https:\/\/www.sj-gauge.com\/product\/prld\/#primaryimage\"},\"thumbnailUrl\":\"https:\/\/www.sj-gauge.com\/wp-content\/uploads\/2025\/11\/SJ-Gauge-differential-pressure-gauge-L.jpg\",\"datePublished\":\"2025-11-10T08:06:46+00:00\",\"dateModified\":\"2026-03-27T07:39:48+00:00\",\"description\":\"PRLD cryogenic differential pressure gauge designed for low-temperature applications such as liquid nitrogen, oxygen systems, and industrial tank level monitoring.\",\"breadcrumb\":{\"@id\":\"https:\/\/www.sj-gauge.com\/product\/prld\/#breadcrumb\"},\"inLanguage\":\"vi\",\"potentialAction\":[{\"@type\":\"ReadAction\",\"target\":[\"https:\/\/www.sj-gauge.com\/product\/prld\/\"]}]},{\"@type\":\"ImageObject\",\"inLanguage\":\"vi\",\"@id\":\"https:\/\/www.sj-gauge.com\/product\/prld\/#primaryimage\",\"url\":\"https:\/\/www.sj-gauge.com\/wp-content\/uploads\/2025\/11\/SJ-Gauge-differential-pressure-gauge-L.jpg\",\"contentUrl\":\"https:\/\/www.sj-gauge.com\/wp-content\/uploads\/2025\/11\/SJ-Gauge-differential-pressure-gauge-L.jpg\",\"width\":1200,\"height\":1000},{\"@type\":\"BreadcrumbList\",\"@id\":\"https:\/\/www.sj-gauge.com\/product\/prld\/#breadcrumb\",\"itemListElement\":[{\"@type\":\"ListItem\",\"position\":1,\"name\":\"Home\",\"item\":\"https:\/\/www.sj-gauge.com\/\"},{\"@type\":\"ListItem\",\"position\":2,\"name\":\"Products\",\"item\":\"https:\/\/www.sj-gauge.com\/products\/\"},{\"@type\":\"ListItem\",\"position\":3,\"name\":\"Differential Pressure Gauge, Cryogenic Tanks\"}]},{\"@type\":\"WebSite\",\"@id\":\"https:\/\/www.sj-gauge.com\/#website\",\"url\":\"https:\/\/www.sj-gauge.com\/\",\"name\":\"Your Expert in Pressure Temp and Smart Transmitters - SJ Gauge\",\"description\":\"Manufacturer of industrial pressure gauges, pressure sensors, and transmitters. SJ Gauge provides high accuracy, durable materials, and custom solutions for oil &amp; gas, chemical, and industrial applications.\",\"publisher\":{\"@id\":\"https:\/\/www.sj-gauge.com\/#organization\"},\"potentialAction\":[{\"@type\":\"SearchAction\",\"target\":{\"@type\":\"EntryPoint\",\"urlTemplate\":\"https:\/\/www.sj-gauge.com\/?s={search_term_string}\"},\"query-input\":{\"@type\":\"PropertyValueSpecification\",\"valueRequired\":true,\"valueName\":\"search_term_string\"}}],\"inLanguage\":\"vi\"},{\"@type\":\"Organization\",\"@id\":\"https:\/\/www.sj-gauge.com\/#organization\",\"name\":\"Your Expert in Pressure Temp and Smart Transmitters - SJ Gauge\",\"url\":\"https:\/\/www.sj-gauge.com\/\",\"logo\":{\"@type\":\"ImageObject\",\"inLanguage\":\"vi\",\"@id\":\"https:\/\/www.sj-gauge.com\/#\/schema\/logo\/image\/\",\"url\":\"https:\/\/www.sj-gauge.com\/wp-content\/uploads\/2025\/09\/logo.webp\",\"contentUrl\":\"https:\/\/www.sj-gauge.com\/wp-content\/uploads\/2025\/09\/logo.webp\",\"width\":348,\"height\":184,\"caption\":\"Your Expert in Pressure Temp and Smart Transmitters - SJ Gauge\"},\"image\":{\"@id\":\"https:\/\/www.sj-gauge.com\/#\/schema\/logo\/image\/\"}}]}<\/script>\n<!-- \/ Yoast SEO Premium plugin. -->","yoast_head_json":{"title":"\u0110\u1ed3ng h\u1ed3 \u0111o ch\u00eanh l\u1ec7ch \u00e1p su\u1ea5t nhi\u1ec7t \u0111\u1ed9 c\u1ef1c th\u1ea5p | \u1ee8ng d\u1ee5ng nhi\u1ec7t \u0111\u1ed9 th\u1ea5p | SJ Gauge","description":"\u0110\u1ed3ng h\u1ed3 \u0111o ch\u00eanh l\u1ec7ch \u00e1p su\u1ea5t nhi\u1ec7t \u0111\u1ed9 th\u1ea5p PRLD \u0111\u01b0\u1ee3c thi\u1ebft k\u1ebf d\u00e0nh cho c\u00e1c \u1ee9ng d\u1ee5ng nhi\u1ec7t \u0111\u1ed9 th\u1ea5p nh\u01b0 h\u1ec7 th\u1ed1ng nit\u01a1 l\u1ecfng, h\u1ec7 th\u1ed1ng oxy v\u00e0 gi\u00e1m s\u00e1t m\u1ee9c ch\u1ea5t l\u1ecfng trong b\u1ed3n ch\u1ee9a c\u00f4ng nghi\u1ec7p.","robots":{"index":"index","follow":"follow","max-snippet":"max-snippet:-1","max-image-preview":"max-image-preview:large","max-video-preview":"max-video-preview:-1"},"canonical":"https:\/\/www.sj-gauge.com\/vi\/san-pham\/prld\/","og_locale":"vi_VN","og_type":"article","og_title":"Differential Pressure Gauge, Cryogenic Tanks","og_description":"PRLD cryogenic differential pressure gauge designed for low-temperature applications such as liquid nitrogen, oxygen systems, and industrial tank level monitoring.","og_url":"https:\/\/www.sj-gauge.com\/vi\/san-pham\/prld\/","og_site_name":"Your Expert in Pressure Temp and Smart Transmitters - SJ Gauge","article_modified_time":"2026-03-27T07:39:48+00:00","og_image":[{"width":1200,"height":1000,"url":"https:\/\/www.sj-gauge.com\/wp-content\/uploads\/2025\/11\/SJ-Gauge-differential-pressure-gauge-L.jpg","type":"image\/jpeg"}],"twitter_card":"summary_large_image","twitter_misc":{"\u01af\u1edbc t\u00ednh th\u1eddi gian \u0111\u1ecdc":"1 ph\u00fat"},"schema":{"@context":"https:\/\/schema.org","@graph":[{"@type":"WebPage","@id":"https:\/\/www.sj-gauge.com\/product\/prld\/","url":"https:\/\/www.sj-gauge.com\/product\/prld\/","name":"\u0110\u1ed3ng h\u1ed3 \u0111o ch\u00eanh l\u1ec7ch \u00e1p su\u1ea5t nhi\u1ec7t \u0111\u1ed9 c\u1ef1c th\u1ea5p | \u1ee8ng d\u1ee5ng nhi\u1ec7t \u0111\u1ed9 th\u1ea5p | SJ Gauge","isPartOf":{"@id":"https:\/\/www.sj-gauge.com\/#website"},"primaryImageOfPage":{"@id":"https:\/\/www.sj-gauge.com\/product\/prld\/#primaryimage"},"image":{"@id":"https:\/\/www.sj-gauge.com\/product\/prld\/#primaryimage"},"thumbnailUrl":"https:\/\/www.sj-gauge.com\/wp-content\/uploads\/2025\/11\/SJ-Gauge-differential-pressure-gauge-L.jpg","datePublished":"2025-11-10T08:06:46+00:00","dateModified":"2026-03-27T07:39:48+00:00","description":"\u0110\u1ed3ng h\u1ed3 \u0111o ch\u00eanh l\u1ec7ch \u00e1p su\u1ea5t nhi\u1ec7t \u0111\u1ed9 th\u1ea5p PRLD \u0111\u01b0\u1ee3c thi\u1ebft k\u1ebf d\u00e0nh cho c\u00e1c \u1ee9ng d\u1ee5ng nhi\u1ec7t \u0111\u1ed9 th\u1ea5p nh\u01b0 h\u1ec7 th\u1ed1ng nit\u01a1 l\u1ecfng, h\u1ec7 th\u1ed1ng oxy v\u00e0 gi\u00e1m s\u00e1t m\u1ee9c ch\u1ea5t l\u1ecfng trong b\u1ed3n ch\u1ee9a c\u00f4ng nghi\u1ec7p.","breadcrumb":{"@id":"https:\/\/www.sj-gauge.com\/product\/prld\/#breadcrumb"},"inLanguage":"vi","potentialAction":[{"@type":"ReadAction","target":["https:\/\/www.sj-gauge.com\/product\/prld\/"]}]},{"@type":"ImageObject","inLanguage":"vi","@id":"https:\/\/www.sj-gauge.com\/product\/prld\/#primaryimage","url":"https:\/\/www.sj-gauge.com\/wp-content\/uploads\/2025\/11\/SJ-Gauge-differential-pressure-gauge-L.jpg","contentUrl":"https:\/\/www.sj-gauge.com\/wp-content\/uploads\/2025\/11\/SJ-Gauge-differential-pressure-gauge-L.jpg","width":1200,"height":1000},{"@type":"BreadcrumbList","@id":"https:\/\/www.sj-gauge.com\/product\/prld\/#breadcrumb","itemListElement":[{"@type":"ListItem","position":1,"name":"Home","item":"https:\/\/www.sj-gauge.com\/"},{"@type":"ListItem","position":2,"name":"Products","item":"https:\/\/www.sj-gauge.com\/products\/"},{"@type":"ListItem","position":3,"name":"Differential Pressure Gauge, Cryogenic Tanks"}]},{"@type":"WebSite","@id":"https:\/\/www.sj-gauge.com\/#website","url":"https:\/\/www.sj-gauge.com\/","name":"Chuy\u00ean gia v\u1ec1 c\u1ea3m bi\u1ebfn \u00e1p su\u1ea5t, nhi\u1ec7t \u0111\u1ed9 v\u00e0 c\u1ea3m bi\u1ebfn th\u00f4ng minh - SJ Gauge","description":"Nh\u00e0 s\u1ea3n xu\u1ea5t \u0111\u1ed3ng h\u1ed3 \u0111o \u00e1p su\u1ea5t c\u00f4ng nghi\u1ec7p, c\u1ea3m bi\u1ebfn \u00e1p su\u1ea5t v\u00e0 b\u1ed9 truy\u1ec1n t\u00edn hi\u1ec7u. SJ Gauge cung c\u1ea5p c\u00e1c s\u1ea3n ph\u1ea9m c\u00f3 \u0111\u1ed9 ch\u00ednh x\u00e1c cao, \u0111\u01b0\u1ee3c ch\u1ebf t\u1ea1o t\u1eeb v\u1eadt li\u1ec7u b\u1ec1n b\u1ec9 v\u00e0 c\u00e1c gi\u1ea3i ph\u00e1p t\u00f9y ch\u1ec9nh d\u00e0nh cho c\u00e1c \u1ee9ng d\u1ee5ng trong ng\u00e0nh d\u1ea7u kh\u00ed, h\u00f3a ch\u1ea5t v\u00e0 c\u00f4ng nghi\u1ec7p.","publisher":{"@id":"https:\/\/www.sj-gauge.com\/#organization"},"potentialAction":[{"@type":"SearchAction","target":{"@type":"EntryPoint","urlTemplate":"https:\/\/www.sj-gauge.com\/?s={search_term_string}"},"query-input":{"@type":"PropertyValueSpecification","valueRequired":true,"valueName":"search_term_string"}}],"inLanguage":"vi"},{"@type":"Organization","@id":"https:\/\/www.sj-gauge.com\/#organization","name":"Chuy\u00ean gia v\u1ec1 c\u1ea3m bi\u1ebfn \u00e1p su\u1ea5t, nhi\u1ec7t \u0111\u1ed9 v\u00e0 c\u1ea3m bi\u1ebfn th\u00f4ng minh - SJ Gauge","url":"https:\/\/www.sj-gauge.com\/","logo":{"@type":"ImageObject","inLanguage":"vi","@id":"https:\/\/www.sj-gauge.com\/#\/schema\/logo\/image\/","url":"https:\/\/www.sj-gauge.com\/wp-content\/uploads\/2025\/09\/logo.webp","contentUrl":"https:\/\/www.sj-gauge.com\/wp-content\/uploads\/2025\/09\/logo.webp","width":348,"height":184,"caption":"Your Expert in Pressure Temp and Smart Transmitters - SJ Gauge"},"image":{"@id":"https:\/\/www.sj-gauge.com\/#\/schema\/logo\/image\/"}}]}},"_links":{"self":[{"href":"https:\/\/www.sj-gauge.com\/vi\/wp-json\/wp\/v2\/product\/1687","targetHints":{"allow":["GET"]}}],"collection":[{"href":"https:\/\/www.sj-gauge.com\/vi\/wp-json\/wp\/v2\/product"}],"about":[{"href":"https:\/\/www.sj-gauge.com\/vi\/wp-json\/wp\/v2\/types\/product"}],"wp:featuredmedia":[{"embeddable":true,"href":"https:\/\/www.sj-gauge.com\/vi\/wp-json\/wp\/v2\/media\/1691"}],"wp:attachment":[{"href":"https:\/\/www.sj-gauge.com\/vi\/wp-json\/wp\/v2\/media?parent=1687"}],"wp:term":[{"taxonomy":"product_brand","embeddable":true,"href":"https:\/\/www.sj-gauge.com\/vi\/wp-json\/wp\/v2\/product_brand?post=1687"},{"taxonomy":"product_cat","embeddable":true,"href":"https:\/\/www.sj-gauge.com\/vi\/wp-json\/wp\/v2\/product_cat?post=1687"},{"taxonomy":"product_tag","embeddable":true,"href":"https:\/\/www.sj-gauge.com\/vi\/wp-json\/wp\/v2\/product_tag?post=1687"}],"curies":[{"name":"wp","href":"https:\/\/api.w.org\/{rel}","templated":true}]}}