{"id":1717,"date":"2025-11-12T11:25:01","date_gmt":"2025-11-12T03:25:01","guid":{"rendered":"https:\/\/sj-gauge.com\/?post_type=product&#038;p=1717"},"modified":"2026-03-27T15:43:07","modified_gmt":"2026-03-27T07:43:07","slug":"prmds","status":"publish","type":"product","link":"https:\/\/www.sj-gauge.com\/vi\/san-pham\/prmds\/","title":{"rendered":"C\u1ea3m bi\u1ebfn \u00e1p su\u1ea5t ch\u00eanh l\u1ec7ch, lo\u1ea1i mini"},"content":{"rendered":"<p>PRMDS l\u00e0 m\u1ed9t \u0111\u1ed3ng h\u1ed3 \u00e1p su\u1ea5t ch\u00eanh l\u1ec7ch mini nh\u1ecf g\u1ecdn, c\u00f3 c\u1ea5u tr\u00fac \u0111\u01a1n gi\u1ea3n, \u1ed1ng k\u00ednh c\u00f3 th\u1ec3 th\u00e1o r\u1eddi v\u00e0 v\u1ecf sau \u0111\u1ec3 d\u1ec5 d\u00e0ng b\u1ea3o tr\u00ec v\u00e0 l\u1eafp \u0111\u1eb7t. Thi\u1ebft b\u1ecb n\u00e0y \u0111o ph\u1ea1m vi \u00e1p su\u1ea5t th\u1ea5p t\u1eeb 0\u201312 mmH\u2082O \u0111\u1ebfn 0\u20133500 mmH\u2082O v\u1edbi \u0111\u1ed9 ch\u00ednh x\u00e1c \u00b15% F.S., ph\u00f9 h\u1ee3p cho c\u00e1c m\u00f4i tr\u01b0\u1eddng kh\u00ed. \u0110\u01b0\u1ee3c ch\u1ebf t\u1ea1o t\u1eeb v\u1ecf nh\u1ef1a nylon ch\u1ee9a s\u1ee3i th\u1ee7y tinh, c\u1eeda s\u1ed5 polycarbonate v\u00e0 k\u1ebft n\u1ed1i 1\/8 NPT, thi\u1ebft b\u1ecb \u0111i k\u00e8m v\u1edbi k\u1eb9p U v\u00e0 kim ch\u1ec9 th\u1ecb \u0111i\u1ec1u ch\u1ec9nh \u0111\u01b0\u1ee3c. C\u00e1c \u1ee9ng d\u1ee5ng \u0111i\u1ec3n h\u00ecnh bao g\u1ed3m h\u1ec7 th\u1ed1ng \u0111i\u1ec1u h\u00f2a kh\u00f4ng kh\u00ed, thi\u1ebft b\u1ecb h\u00f4 h\u1ea5p y t\u1ebf v\u00e0 gi\u00e1m s\u00e1t \u00e1p su\u1ea5t ch\u00eanh l\u1ec7ch c\u1ee7a b\u1ed9 l\u1ecdc.<\/p>","protected":false},"excerpt":{"rendered":"<ul>\n<li>K\u00edch th\u01b0\u1edbc nh\u1ecf g\u1ecdn v\u1edbi c\u1ea5u tr\u00fac \u0111\u01a1n gi\u1ea3n<\/li>\n<li>\u1ed0ng k\u00ednh c\u00f3 th\u1ec3 th\u00e1o r\u1eddi v\u00e0 v\u1ecf sau<\/li>\n<li>\u0110\u01b0\u1ee3c s\u1eed d\u1ee5ng trong m\u00e1y \u0111i\u1ec1u h\u00f2a kh\u00f4ng kh\u00ed, thi\u1ebft b\u1ecb h\u00f4 h\u1ea5p y t\u1ebf v\u00e0 b\u1ed9 l\u1ecdc.<\/li>\n<\/ul>","protected":false},"featured_media":1720,"template":"","meta":{"_acf_changed":false},"product_brand":[40],"product_cat":[49,41],"product_tag":[],"class_list":{"0":"post-1717","1":"product","2":"type-product","3":"status-publish","4":"has-post-thumbnail","6":"product_brand-sj-gauge","7":"product_cat-differential-pressure-gauge","8":"product_cat-pressure-instruments","10":"first","11":"instock","12":"shipping-taxable","13":"product-type-simple"},"acf":[],"yoast_head":"<!-- This site is optimized with the Yoast SEO Premium plugin v26.7 (Yoast SEO v26.7) - https:\/\/yoast.com\/wordpress\/plugins\/seo\/ -->\n<title>Compact Differential Pressure Gauge | Small Size for HVAC &amp; Panels | SJ Gauge<\/title>\n<meta name=\"description\" content=\"PRMDS compact differential pressure gauge designed for HVAC, medical, and filter monitoring applications. Small size with reliable performance.\" \/>\n<meta name=\"robots\" content=\"index, follow, max-snippet:-1, max-image-preview:large, max-video-preview:-1\" \/>\n<link rel=\"canonical\" href=\"https:\/\/www.sj-gauge.com\/vi\/san-pham\/prmds\/\" \/>\n<meta property=\"og:locale\" content=\"vi_VN\" \/>\n<meta property=\"og:type\" content=\"article\" \/>\n<meta property=\"og:title\" content=\"Differential Pressure Gauge, Mini\" \/>\n<meta property=\"og:description\" content=\"PRMDS compact differential pressure gauge designed for HVAC, medical, and filter monitoring applications. Small size with reliable performance.\" \/>\n<meta property=\"og:url\" content=\"https:\/\/www.sj-gauge.com\/vi\/san-pham\/prmds\/\" \/>\n<meta property=\"og:site_name\" content=\"Your Expert in Pressure Temp and Smart Transmitters - SJ Gauge\" \/>\n<meta property=\"article:modified_time\" content=\"2026-03-27T07:43:07+00:00\" \/>\n<meta property=\"og:image\" content=\"https:\/\/www.sj-gauge.com\/wp-content\/uploads\/2025\/11\/SJ-Gauge-differential-pressure-gauge-1.jpg\" \/>\n\t<meta property=\"og:image:width\" content=\"1200\" \/>\n\t<meta property=\"og:image:height\" content=\"1000\" \/>\n\t<meta property=\"og:image:type\" content=\"image\/jpeg\" \/>\n<meta name=\"twitter:card\" content=\"summary_large_image\" \/>\n<meta name=\"twitter:label1\" content=\"\u01af\u1edbc t\u00ednh th\u1eddi gian \u0111\u1ecdc\" \/>\n\t<meta name=\"twitter:data1\" content=\"1 ph\u00fat\" \/>\n<script type=\"application\/ld+json\" class=\"yoast-schema-graph\">{\"@context\":\"https:\/\/schema.org\",\"@graph\":[{\"@type\":\"WebPage\",\"@id\":\"https:\/\/www.sj-gauge.com\/product\/prmds\/\",\"url\":\"https:\/\/www.sj-gauge.com\/product\/prmds\/\",\"name\":\"Compact Differential Pressure Gauge | Small Size for HVAC & Panels | SJ Gauge\",\"isPartOf\":{\"@id\":\"https:\/\/www.sj-gauge.com\/#website\"},\"primaryImageOfPage\":{\"@id\":\"https:\/\/www.sj-gauge.com\/product\/prmds\/#primaryimage\"},\"image\":{\"@id\":\"https:\/\/www.sj-gauge.com\/product\/prmds\/#primaryimage\"},\"thumbnailUrl\":\"https:\/\/www.sj-gauge.com\/wp-content\/uploads\/2025\/11\/SJ-Gauge-differential-pressure-gauge-1.jpg\",\"datePublished\":\"2025-11-12T03:25:01+00:00\",\"dateModified\":\"2026-03-27T07:43:07+00:00\",\"description\":\"PRMDS compact differential pressure gauge designed for HVAC, medical, and filter monitoring applications. Small size with reliable performance.\",\"breadcrumb\":{\"@id\":\"https:\/\/www.sj-gauge.com\/product\/prmds\/#breadcrumb\"},\"inLanguage\":\"vi\",\"potentialAction\":[{\"@type\":\"ReadAction\",\"target\":[\"https:\/\/www.sj-gauge.com\/product\/prmds\/\"]}]},{\"@type\":\"ImageObject\",\"inLanguage\":\"vi\",\"@id\":\"https:\/\/www.sj-gauge.com\/product\/prmds\/#primaryimage\",\"url\":\"https:\/\/www.sj-gauge.com\/wp-content\/uploads\/2025\/11\/SJ-Gauge-differential-pressure-gauge-1.jpg\",\"contentUrl\":\"https:\/\/www.sj-gauge.com\/wp-content\/uploads\/2025\/11\/SJ-Gauge-differential-pressure-gauge-1.jpg\",\"width\":1200,\"height\":1000},{\"@type\":\"BreadcrumbList\",\"@id\":\"https:\/\/www.sj-gauge.com\/product\/prmds\/#breadcrumb\",\"itemListElement\":[{\"@type\":\"ListItem\",\"position\":1,\"name\":\"Home\",\"item\":\"https:\/\/www.sj-gauge.com\/\"},{\"@type\":\"ListItem\",\"position\":2,\"name\":\"Products\",\"item\":\"https:\/\/www.sj-gauge.com\/products\/\"},{\"@type\":\"ListItem\",\"position\":3,\"name\":\"Differential Pressure Gauge, Mini\"}]},{\"@type\":\"WebSite\",\"@id\":\"https:\/\/www.sj-gauge.com\/#website\",\"url\":\"https:\/\/www.sj-gauge.com\/\",\"name\":\"Your Expert in Pressure Temp and Smart Transmitters - SJ Gauge\",\"description\":\"Manufacturer of industrial pressure gauges, pressure sensors, and transmitters. SJ Gauge provides high accuracy, durable materials, and custom solutions for oil &amp; gas, chemical, and industrial applications.\",\"publisher\":{\"@id\":\"https:\/\/www.sj-gauge.com\/#organization\"},\"potentialAction\":[{\"@type\":\"SearchAction\",\"target\":{\"@type\":\"EntryPoint\",\"urlTemplate\":\"https:\/\/www.sj-gauge.com\/?s={search_term_string}\"},\"query-input\":{\"@type\":\"PropertyValueSpecification\",\"valueRequired\":true,\"valueName\":\"search_term_string\"}}],\"inLanguage\":\"vi\"},{\"@type\":\"Organization\",\"@id\":\"https:\/\/www.sj-gauge.com\/#organization\",\"name\":\"Your Expert in Pressure Temp and Smart Transmitters - SJ Gauge\",\"url\":\"https:\/\/www.sj-gauge.com\/\",\"logo\":{\"@type\":\"ImageObject\",\"inLanguage\":\"vi\",\"@id\":\"https:\/\/www.sj-gauge.com\/#\/schema\/logo\/image\/\",\"url\":\"https:\/\/www.sj-gauge.com\/wp-content\/uploads\/2025\/09\/logo.webp\",\"contentUrl\":\"https:\/\/www.sj-gauge.com\/wp-content\/uploads\/2025\/09\/logo.webp\",\"width\":348,\"height\":184,\"caption\":\"Your Expert in Pressure Temp and Smart Transmitters - SJ Gauge\"},\"image\":{\"@id\":\"https:\/\/www.sj-gauge.com\/#\/schema\/logo\/image\/\"}}]}<\/script>\n<!-- \/ Yoast SEO Premium plugin. -->","yoast_head_json":{"title":"\u0110\u1ed3ng h\u1ed3 \u0111o ch\u00eanh l\u1ec7ch \u00e1p su\u1ea5t nh\u1ecf g\u1ecdn | K\u00edch th\u01b0\u1edbc nh\u1ecf d\u00e0nh cho h\u1ec7 th\u1ed1ng HVAC v\u00e0 b\u1ea3ng \u0111i\u1ec1u khi\u1ec3n | SJ Gauge","description":"M\u00e1y \u0111o ch\u00eanh l\u1ec7ch \u00e1p su\u1ea5t nh\u1ecf g\u1ecdn PRMDS \u0111\u01b0\u1ee3c thi\u1ebft k\u1ebf d\u00e0nh cho c\u00e1c \u1ee9ng d\u1ee5ng trong h\u1ec7 th\u1ed1ng HVAC, y t\u1ebf v\u00e0 gi\u00e1m s\u00e1t b\u1ed9 l\u1ecdc. K\u00edch th\u01b0\u1edbc nh\u1ecf g\u1ecdn nh\u01b0ng hi\u1ec7u su\u1ea5t \u0111\u00e1ng tin c\u1eady.","robots":{"index":"index","follow":"follow","max-snippet":"max-snippet:-1","max-image-preview":"max-image-preview:large","max-video-preview":"max-video-preview:-1"},"canonical":"https:\/\/www.sj-gauge.com\/vi\/san-pham\/prmds\/","og_locale":"vi_VN","og_type":"article","og_title":"Differential Pressure Gauge, Mini","og_description":"PRMDS compact differential pressure gauge designed for HVAC, medical, and filter monitoring applications. Small size with reliable performance.","og_url":"https:\/\/www.sj-gauge.com\/vi\/san-pham\/prmds\/","og_site_name":"Your Expert in Pressure Temp and Smart Transmitters - SJ Gauge","article_modified_time":"2026-03-27T07:43:07+00:00","og_image":[{"width":1200,"height":1000,"url":"https:\/\/www.sj-gauge.com\/wp-content\/uploads\/2025\/11\/SJ-Gauge-differential-pressure-gauge-1.jpg","type":"image\/jpeg"}],"twitter_card":"summary_large_image","twitter_misc":{"\u01af\u1edbc t\u00ednh th\u1eddi gian \u0111\u1ecdc":"1 ph\u00fat"},"schema":{"@context":"https:\/\/schema.org","@graph":[{"@type":"WebPage","@id":"https:\/\/www.sj-gauge.com\/product\/prmds\/","url":"https:\/\/www.sj-gauge.com\/product\/prmds\/","name":"\u0110\u1ed3ng h\u1ed3 \u0111o ch\u00eanh l\u1ec7ch \u00e1p su\u1ea5t nh\u1ecf g\u1ecdn | K\u00edch th\u01b0\u1edbc nh\u1ecf d\u00e0nh cho h\u1ec7 th\u1ed1ng HVAC v\u00e0 b\u1ea3ng \u0111i\u1ec1u khi\u1ec3n | SJ Gauge","isPartOf":{"@id":"https:\/\/www.sj-gauge.com\/#website"},"primaryImageOfPage":{"@id":"https:\/\/www.sj-gauge.com\/product\/prmds\/#primaryimage"},"image":{"@id":"https:\/\/www.sj-gauge.com\/product\/prmds\/#primaryimage"},"thumbnailUrl":"https:\/\/www.sj-gauge.com\/wp-content\/uploads\/2025\/11\/SJ-Gauge-differential-pressure-gauge-1.jpg","datePublished":"2025-11-12T03:25:01+00:00","dateModified":"2026-03-27T07:43:07+00:00","description":"M\u00e1y \u0111o ch\u00eanh l\u1ec7ch \u00e1p su\u1ea5t nh\u1ecf g\u1ecdn PRMDS \u0111\u01b0\u1ee3c thi\u1ebft k\u1ebf d\u00e0nh cho c\u00e1c \u1ee9ng d\u1ee5ng trong h\u1ec7 th\u1ed1ng HVAC, y t\u1ebf v\u00e0 gi\u00e1m s\u00e1t b\u1ed9 l\u1ecdc. K\u00edch th\u01b0\u1edbc nh\u1ecf g\u1ecdn nh\u01b0ng hi\u1ec7u su\u1ea5t \u0111\u00e1ng tin c\u1eady.","breadcrumb":{"@id":"https:\/\/www.sj-gauge.com\/product\/prmds\/#breadcrumb"},"inLanguage":"vi","potentialAction":[{"@type":"ReadAction","target":["https:\/\/www.sj-gauge.com\/product\/prmds\/"]}]},{"@type":"ImageObject","inLanguage":"vi","@id":"https:\/\/www.sj-gauge.com\/product\/prmds\/#primaryimage","url":"https:\/\/www.sj-gauge.com\/wp-content\/uploads\/2025\/11\/SJ-Gauge-differential-pressure-gauge-1.jpg","contentUrl":"https:\/\/www.sj-gauge.com\/wp-content\/uploads\/2025\/11\/SJ-Gauge-differential-pressure-gauge-1.jpg","width":1200,"height":1000},{"@type":"BreadcrumbList","@id":"https:\/\/www.sj-gauge.com\/product\/prmds\/#breadcrumb","itemListElement":[{"@type":"ListItem","position":1,"name":"Home","item":"https:\/\/www.sj-gauge.com\/"},{"@type":"ListItem","position":2,"name":"Products","item":"https:\/\/www.sj-gauge.com\/products\/"},{"@type":"ListItem","position":3,"name":"Differential Pressure Gauge, Mini"}]},{"@type":"WebSite","@id":"https:\/\/www.sj-gauge.com\/#website","url":"https:\/\/www.sj-gauge.com\/","name":"Chuy\u00ean gia v\u1ec1 c\u1ea3m bi\u1ebfn \u00e1p su\u1ea5t, nhi\u1ec7t \u0111\u1ed9 v\u00e0 c\u1ea3m bi\u1ebfn th\u00f4ng minh - SJ Gauge","description":"Nh\u00e0 s\u1ea3n xu\u1ea5t \u0111\u1ed3ng h\u1ed3 \u0111o \u00e1p su\u1ea5t c\u00f4ng nghi\u1ec7p, c\u1ea3m bi\u1ebfn \u00e1p su\u1ea5t v\u00e0 b\u1ed9 truy\u1ec1n t\u00edn hi\u1ec7u. SJ Gauge cung c\u1ea5p c\u00e1c s\u1ea3n ph\u1ea9m c\u00f3 \u0111\u1ed9 ch\u00ednh x\u00e1c cao, \u0111\u01b0\u1ee3c ch\u1ebf t\u1ea1o t\u1eeb v\u1eadt li\u1ec7u b\u1ec1n b\u1ec9 v\u00e0 c\u00e1c gi\u1ea3i ph\u00e1p t\u00f9y ch\u1ec9nh d\u00e0nh cho c\u00e1c \u1ee9ng d\u1ee5ng trong ng\u00e0nh d\u1ea7u kh\u00ed, h\u00f3a ch\u1ea5t v\u00e0 c\u00f4ng nghi\u1ec7p.","publisher":{"@id":"https:\/\/www.sj-gauge.com\/#organization"},"potentialAction":[{"@type":"SearchAction","target":{"@type":"EntryPoint","urlTemplate":"https:\/\/www.sj-gauge.com\/?s={search_term_string}"},"query-input":{"@type":"PropertyValueSpecification","valueRequired":true,"valueName":"search_term_string"}}],"inLanguage":"vi"},{"@type":"Organization","@id":"https:\/\/www.sj-gauge.com\/#organization","name":"Chuy\u00ean gia v\u1ec1 c\u1ea3m bi\u1ebfn \u00e1p su\u1ea5t, nhi\u1ec7t \u0111\u1ed9 v\u00e0 c\u1ea3m bi\u1ebfn th\u00f4ng minh - SJ Gauge","url":"https:\/\/www.sj-gauge.com\/","logo":{"@type":"ImageObject","inLanguage":"vi","@id":"https:\/\/www.sj-gauge.com\/#\/schema\/logo\/image\/","url":"https:\/\/www.sj-gauge.com\/wp-content\/uploads\/2025\/09\/logo.webp","contentUrl":"https:\/\/www.sj-gauge.com\/wp-content\/uploads\/2025\/09\/logo.webp","width":348,"height":184,"caption":"Your Expert in Pressure Temp and Smart Transmitters - SJ Gauge"},"image":{"@id":"https:\/\/www.sj-gauge.com\/#\/schema\/logo\/image\/"}}]}},"_links":{"self":[{"href":"https:\/\/www.sj-gauge.com\/vi\/wp-json\/wp\/v2\/product\/1717","targetHints":{"allow":["GET"]}}],"collection":[{"href":"https:\/\/www.sj-gauge.com\/vi\/wp-json\/wp\/v2\/product"}],"about":[{"href":"https:\/\/www.sj-gauge.com\/vi\/wp-json\/wp\/v2\/types\/product"}],"wp:featuredmedia":[{"embeddable":true,"href":"https:\/\/www.sj-gauge.com\/vi\/wp-json\/wp\/v2\/media\/1720"}],"wp:attachment":[{"href":"https:\/\/www.sj-gauge.com\/vi\/wp-json\/wp\/v2\/media?parent=1717"}],"wp:term":[{"taxonomy":"product_brand","embeddable":true,"href":"https:\/\/www.sj-gauge.com\/vi\/wp-json\/wp\/v2\/product_brand?post=1717"},{"taxonomy":"product_cat","embeddable":true,"href":"https:\/\/www.sj-gauge.com\/vi\/wp-json\/wp\/v2\/product_cat?post=1717"},{"taxonomy":"product_tag","embeddable":true,"href":"https:\/\/www.sj-gauge.com\/vi\/wp-json\/wp\/v2\/product_tag?post=1717"}],"curies":[{"name":"wp","href":"https:\/\/api.w.org\/{rel}","templated":true}]}}