{"id":1805,"date":"2025-11-13T14:56:16","date_gmt":"2025-11-13T06:56:16","guid":{"rendered":"https:\/\/sj-gauge.com\/?post_type=product&#038;p=1805"},"modified":"2026-03-27T16:12:53","modified_gmt":"2026-03-27T08:12:53","slug":"pre-xs","status":"publish","type":"product","link":"https:\/\/www.sj-gauge.com\/vi\/san-pham\/pre-xs\/","title":{"rendered":"Th\u01b0\u1edbc \u0111o ti\u1ebfp x\u00fac \u0111i\u1ec7n, ch\u1ed1ng ch\u00e1y n\u1ed5"},"content":{"rendered":"<p>PRE-XS l\u00e0 \u0111\u1ed3ng h\u1ed3 \u00e1p su\u1ea5t \u0111i\u1ec7n ti\u1ebfp x\u00fac ch\u1ed1ng ch\u00e1y n\u1ed5, \u0111\u01b0\u1ee3c thi\u1ebft k\u1ebf cho m\u00f4i tr\u01b0\u1eddng kh\u00ed nguy hi\u1ec3m, c\u00f3 kh\u1ea3 n\u0103ng \u0111o \u00e1p su\u1ea5t c\u1ee7a c\u00e1c ch\u1ea5t l\u1ecfng v\u00e0 kh\u00ed \u1edf nhi\u1ec7t \u0111\u1ed9 d\u01b0\u1edbi 70\u00b0C, v\u00e0 k\u1ebft n\u1ed1i v\u1edbi c\u00e1c thi\u1ebft b\u1ecb \u0111i\u1ec7n ch\u1ed1ng ch\u00e1y n\u1ed5 \u0111\u1ec3 \u0111i\u1ec1u khi\u1ec3n t\u1ef1 \u0111\u1ed9ng, b\u00e1o \u0111\u1ed9ng v\u00e0 truy\u1ec1n t\u00edn hi\u1ec7u. C\u00f3 s\u1eb5n k\u00edch th\u01b0\u1edbc 4\u2033 v\u00e0 6\u2033 v\u1edbi c\u1ea5u h\u00ecnh l\u1eafp \u0111\u1eb7t th\u1eb3ng \u0111\u1ee9ng ho\u1eb7c l\u1eafp ph\u1eb3ng, ph\u1ea1m vi \u0111o t\u1eeb \u221276 cmHg \u0111\u1ebfn 1000 kg\/cm\u00b2 v\u1edbi \u0111\u1ed9 ch\u00ednh x\u00e1c CL 1.6. \u0110\u01b0\u1ee3c ch\u1ebf t\u1ea1o t\u1eeb th\u00e9p kh\u00f4ng g\u1ec9 304\/316, s\u1ea3n ph\u1ea9m trang b\u1ecb ti\u1ebfp \u0111i\u1ec3m h\u00e0nh \u0111\u1ed9ng nhanh EC1 (70% b\u1ea1c, 30% niken, m\u1ea1 v\u00e0ng) c\u00f3 kh\u1ea3 n\u0103ng ch\u1ecbu \u0111i\u1ec7n \u00e1p l\u00ean \u0111\u1ebfn 380 V. V\u1edbi ti\u00eau chu\u1ea9n b\u1ea3o v\u1ec7 IP65 v\u00e0 ch\u1ee9ng nh\u1eadn Ex d IIC T6 Gb, PRE-XS l\u00e0 l\u1ef1a ch\u1ecdn l\u00fd t\u01b0\u1edfng cho c\u00e1c nh\u00e0 m\u00e1y h\u00f3a ch\u1ea5t, qu\u00e1 tr\u00ecnh l\u1ecdc d\u1ea7u, l\u00f2 h\u01a1i, b\u1ed3n ch\u1ee9a v\u00e0 c\u00e1c \u1ee9ng d\u1ee5ng d\u1ec5 ch\u00e1y ho\u1eb7c nguy hi\u1ec3m kh\u00e1c.<\/p>","protected":false},"excerpt":{"rendered":"<ul>\n<li>Ph\u00f9 h\u1ee3p cho quan s\u00e1t v\u00e0 \u0111i\u1ec1u khi\u1ec3n t\u1ef1 \u0111\u1ed9ng<\/li>\n<li>\u0110i\u1ec1u ch\u1ec9nh \u0111\u1ed9 m\u1ea1nh t\u1eeb t\u00ednh \u0111\u1ec3 tr\u00e1nh va ch\u1ea1m th\u01b0\u1eddng xuy\u00ean v\u00e0 v\u00f4 t\u00ecnh gi\u1eefa c\u00e1c ti\u1ebfp \u0111i\u1ec3m do rung \u0111\u1ed9ng.<\/li>\n<li>Nhi\u1ec1u lo\u1ea1i h\u00ecnh li\u00ean h\u1ec7 \u0111\u1ec3 l\u1ef1a ch\u1ecdn<\/li>\n<\/ul>","protected":false},"featured_media":1807,"template":"","meta":{"_acf_changed":false},"product_brand":[40],"product_cat":[22,41],"product_tag":[],"class_list":{"0":"post-1805","1":"product","2":"type-product","3":"status-publish","4":"has-post-thumbnail","6":"product_brand-sj-gauge","7":"product_cat-contact-pressure-gauge","8":"product_cat-pressure-instruments","10":"first","11":"instock","12":"shipping-taxable","13":"product-type-simple"},"acf":[],"yoast_head":"<!-- This site is optimized with the Yoast SEO Premium plugin v26.7 (Yoast SEO v27.4) - https:\/\/yoast.com\/product\/yoast-seo-premium-wordpress\/ -->\n<title>Explosion-Proof Electric Contact Pressure Gauge for Hazardous Areas | SJ Gauge<\/title>\n<meta name=\"description\" content=\"PRE-XS explosion-proof electric contact gauge delivers accurate pressure monitoring in hazardous areas, with durable stainless steel design, adjustable contacts, and compatibility with control and alarm systems.\" \/>\n<meta name=\"robots\" content=\"index, follow, max-snippet:-1, max-image-preview:large, max-video-preview:-1\" \/>\n<link rel=\"canonical\" href=\"https:\/\/www.sj-gauge.com\/vi\/san-pham\/pre-xs\/\" \/>\n<meta property=\"og:locale\" content=\"vi_VN\" \/>\n<meta property=\"og:type\" content=\"article\" \/>\n<meta property=\"og:title\" content=\"Electric Contact Gauge, explosion-proof\" \/>\n<meta property=\"og:description\" content=\"PRE-XS explosion-proof electric contact gauge delivers accurate pressure monitoring in hazardous areas, with durable stainless steel design, adjustable contacts, and compatibility with control and alarm systems.\" \/>\n<meta property=\"og:url\" content=\"https:\/\/www.sj-gauge.com\/vi\/san-pham\/pre-xs\/\" \/>\n<meta property=\"og:site_name\" content=\"SJ Gauge | Pressure Gauges, Thermometers &amp; Pressure Sensors\" \/>\n<meta property=\"article:modified_time\" content=\"2026-03-27T08:12:53+00:00\" \/>\n<meta property=\"og:image\" content=\"https:\/\/www.sj-gauge.com\/wp-content\/uploads\/2025\/11\/SJ-Gauge-electric-contact-gauge-explosion-proof.jpg\" \/>\n\t<meta property=\"og:image:width\" content=\"1200\" \/>\n\t<meta property=\"og:image:height\" content=\"1000\" \/>\n\t<meta property=\"og:image:type\" content=\"image\/jpeg\" \/>\n<meta name=\"twitter:card\" content=\"summary_large_image\" \/>\n<meta name=\"twitter:label1\" content=\"\u01af\u1edbc t\u00ednh th\u1eddi gian \u0111\u1ecdc\" \/>\n\t<meta name=\"twitter:data1\" content=\"1 ph\u00fat\" \/>\n<script type=\"application\/ld+json\" class=\"yoast-schema-graph\">{\"@context\":\"https:\\\/\\\/schema.org\",\"@graph\":[{\"@type\":\"WebPage\",\"@id\":\"https:\\\/\\\/www.sj-gauge.com\\\/product\\\/pre-xs\\\/\",\"url\":\"https:\\\/\\\/www.sj-gauge.com\\\/product\\\/pre-xs\\\/\",\"name\":\"Explosion-Proof Electric Contact Pressure Gauge for Hazardous Areas | SJ Gauge\",\"isPartOf\":{\"@id\":\"https:\\\/\\\/www.sj-gauge.com\\\/#website\"},\"primaryImageOfPage\":{\"@id\":\"https:\\\/\\\/www.sj-gauge.com\\\/product\\\/pre-xs\\\/#primaryimage\"},\"image\":{\"@id\":\"https:\\\/\\\/www.sj-gauge.com\\\/product\\\/pre-xs\\\/#primaryimage\"},\"thumbnailUrl\":\"https:\\\/\\\/www.sj-gauge.com\\\/wp-content\\\/uploads\\\/2025\\\/11\\\/SJ-Gauge-electric-contact-gauge-explosion-proof.jpg\",\"datePublished\":\"2025-11-13T06:56:16+00:00\",\"dateModified\":\"2026-03-27T08:12:53+00:00\",\"description\":\"PRE-XS explosion-proof electric contact gauge delivers accurate pressure monitoring in hazardous areas, with durable stainless steel design, adjustable contacts, and compatibility with control and alarm systems.\",\"breadcrumb\":{\"@id\":\"https:\\\/\\\/www.sj-gauge.com\\\/product\\\/pre-xs\\\/#breadcrumb\"},\"inLanguage\":\"vi\",\"potentialAction\":[{\"@type\":\"ReadAction\",\"target\":[\"https:\\\/\\\/www.sj-gauge.com\\\/product\\\/pre-xs\\\/\"]}]},{\"@type\":\"ImageObject\",\"inLanguage\":\"vi\",\"@id\":\"https:\\\/\\\/www.sj-gauge.com\\\/product\\\/pre-xs\\\/#primaryimage\",\"url\":\"https:\\\/\\\/www.sj-gauge.com\\\/wp-content\\\/uploads\\\/2025\\\/11\\\/SJ-Gauge-electric-contact-gauge-explosion-proof.jpg\",\"contentUrl\":\"https:\\\/\\\/www.sj-gauge.com\\\/wp-content\\\/uploads\\\/2025\\\/11\\\/SJ-Gauge-electric-contact-gauge-explosion-proof.jpg\",\"width\":1200,\"height\":1000},{\"@type\":\"BreadcrumbList\",\"@id\":\"https:\\\/\\\/www.sj-gauge.com\\\/product\\\/pre-xs\\\/#breadcrumb\",\"itemListElement\":[{\"@type\":\"ListItem\",\"position\":1,\"name\":\"Home\",\"item\":\"https:\\\/\\\/www.sj-gauge.com\\\/\"},{\"@type\":\"ListItem\",\"position\":2,\"name\":\"Products\",\"item\":\"https:\\\/\\\/www.sj-gauge.com\\\/products\\\/\"},{\"@type\":\"ListItem\",\"position\":3,\"name\":\"Electric Contact Gauge, explosion-proof\"}]},{\"@type\":\"WebSite\",\"@id\":\"https:\\\/\\\/www.sj-gauge.com\\\/#website\",\"url\":\"https:\\\/\\\/www.sj-gauge.com\\\/\",\"name\":\"SJ Gauge | Pressure Gauges, Thermometers &amp; Pressure Sensors\",\"description\":\"Manufacturer of industrial pressure gauges, pressure sensors, and transmitters. SJ Gauge provides high accuracy, durable materials, and custom solutions for oil &amp; gas, chemical, and industrial applications.\",\"publisher\":{\"@id\":\"https:\\\/\\\/www.sj-gauge.com\\\/#organization\"},\"potentialAction\":[{\"@type\":\"SearchAction\",\"target\":{\"@type\":\"EntryPoint\",\"urlTemplate\":\"https:\\\/\\\/www.sj-gauge.com\\\/?s={search_term_string}\"},\"query-input\":{\"@type\":\"PropertyValueSpecification\",\"valueRequired\":true,\"valueName\":\"search_term_string\"}}],\"inLanguage\":\"vi\"},{\"@type\":\"Organization\",\"@id\":\"https:\\\/\\\/www.sj-gauge.com\\\/#organization\",\"name\":\"SJ Gauge | Pressure Gauges, Thermometers &amp; Pressure Sensors\",\"url\":\"https:\\\/\\\/www.sj-gauge.com\\\/\",\"logo\":{\"@type\":\"ImageObject\",\"inLanguage\":\"vi\",\"@id\":\"https:\\\/\\\/www.sj-gauge.com\\\/#\\\/schema\\\/logo\\\/image\\\/\",\"url\":\"https:\\\/\\\/www.sj-gauge.com\\\/wp-content\\\/uploads\\\/2025\\\/09\\\/logo.webp\",\"contentUrl\":\"https:\\\/\\\/www.sj-gauge.com\\\/wp-content\\\/uploads\\\/2025\\\/09\\\/logo.webp\",\"width\":348,\"height\":184,\"caption\":\"SJ Gauge | Pressure Gauges, Thermometers &amp; Pressure Sensors\"},\"image\":{\"@id\":\"https:\\\/\\\/www.sj-gauge.com\\\/#\\\/schema\\\/logo\\\/image\\\/\"}}]}<\/script>\n<!-- \/ Yoast SEO Premium plugin. -->","yoast_head_json":{"title":"\u0110\u1ed3ng h\u1ed3 \u0111o \u00e1p su\u1ea5t \u0111i\u1ec7n ch\u1ed1ng ch\u00e1y n\u1ed5 d\u00e0nh cho khu v\u1ef1c nguy hi\u1ec3m | SJ Gauge","description":"M\u00e1y \u0111o ti\u1ebfp x\u00fac \u0111i\u1ec7n ch\u1ed1ng ch\u00e1y n\u1ed5 PRE-XS cung c\u1ea5p kh\u1ea3 n\u0103ng gi\u00e1m s\u00e1t \u00e1p su\u1ea5t ch\u00ednh x\u00e1c trong c\u00e1c khu v\u1ef1c nguy hi\u1ec3m, v\u1edbi thi\u1ebft k\u1ebf b\u1eb1ng th\u00e9p kh\u00f4ng g\u1ec9 b\u1ec1n b\u1ec9, c\u00e1c \u0111i\u1ec3m ti\u1ebfp x\u00fac c\u00f3 th\u1ec3 \u0111i\u1ec1u ch\u1ec9nh v\u00e0 kh\u1ea3 n\u0103ng t\u01b0\u01a1ng th\u00edch v\u1edbi c\u00e1c h\u1ec7 th\u1ed1ng \u0111i\u1ec1u khi\u1ec3n v\u00e0 b\u00e1o \u0111\u1ed9ng.","robots":{"index":"index","follow":"follow","max-snippet":"max-snippet:-1","max-image-preview":"max-image-preview:large","max-video-preview":"max-video-preview:-1"},"canonical":"https:\/\/www.sj-gauge.com\/vi\/san-pham\/pre-xs\/","og_locale":"vi_VN","og_type":"article","og_title":"Electric Contact Gauge, explosion-proof","og_description":"PRE-XS explosion-proof electric contact gauge delivers accurate pressure monitoring in hazardous areas, with durable stainless steel design, adjustable contacts, and compatibility with control and alarm systems.","og_url":"https:\/\/www.sj-gauge.com\/vi\/san-pham\/pre-xs\/","og_site_name":"SJ Gauge | Pressure Gauges, Thermometers &amp; Pressure Sensors","article_modified_time":"2026-03-27T08:12:53+00:00","og_image":[{"width":1200,"height":1000,"url":"https:\/\/www.sj-gauge.com\/wp-content\/uploads\/2025\/11\/SJ-Gauge-electric-contact-gauge-explosion-proof.jpg","type":"image\/jpeg"}],"twitter_card":"summary_large_image","twitter_misc":{"\u01af\u1edbc t\u00ednh th\u1eddi gian \u0111\u1ecdc":"1 ph\u00fat"},"schema":{"@context":"https:\/\/schema.org","@graph":[{"@type":"WebPage","@id":"https:\/\/www.sj-gauge.com\/product\/pre-xs\/","url":"https:\/\/www.sj-gauge.com\/product\/pre-xs\/","name":"\u0110\u1ed3ng h\u1ed3 \u0111o \u00e1p su\u1ea5t \u0111i\u1ec7n ch\u1ed1ng ch\u00e1y n\u1ed5 d\u00e0nh cho khu v\u1ef1c nguy hi\u1ec3m | SJ Gauge","isPartOf":{"@id":"https:\/\/www.sj-gauge.com\/#website"},"primaryImageOfPage":{"@id":"https:\/\/www.sj-gauge.com\/product\/pre-xs\/#primaryimage"},"image":{"@id":"https:\/\/www.sj-gauge.com\/product\/pre-xs\/#primaryimage"},"thumbnailUrl":"https:\/\/www.sj-gauge.com\/wp-content\/uploads\/2025\/11\/SJ-Gauge-electric-contact-gauge-explosion-proof.jpg","datePublished":"2025-11-13T06:56:16+00:00","dateModified":"2026-03-27T08:12:53+00:00","description":"M\u00e1y \u0111o ti\u1ebfp x\u00fac \u0111i\u1ec7n ch\u1ed1ng ch\u00e1y n\u1ed5 PRE-XS cung c\u1ea5p kh\u1ea3 n\u0103ng gi\u00e1m s\u00e1t \u00e1p su\u1ea5t ch\u00ednh x\u00e1c trong c\u00e1c khu v\u1ef1c nguy hi\u1ec3m, v\u1edbi thi\u1ebft k\u1ebf b\u1eb1ng th\u00e9p kh\u00f4ng g\u1ec9 b\u1ec1n b\u1ec9, c\u00e1c \u0111i\u1ec3m ti\u1ebfp x\u00fac c\u00f3 th\u1ec3 \u0111i\u1ec1u ch\u1ec9nh v\u00e0 kh\u1ea3 n\u0103ng t\u01b0\u01a1ng th\u00edch v\u1edbi c\u00e1c h\u1ec7 th\u1ed1ng \u0111i\u1ec1u khi\u1ec3n v\u00e0 b\u00e1o \u0111\u1ed9ng.","breadcrumb":{"@id":"https:\/\/www.sj-gauge.com\/product\/pre-xs\/#breadcrumb"},"inLanguage":"vi","potentialAction":[{"@type":"ReadAction","target":["https:\/\/www.sj-gauge.com\/product\/pre-xs\/"]}]},{"@type":"ImageObject","inLanguage":"vi","@id":"https:\/\/www.sj-gauge.com\/product\/pre-xs\/#primaryimage","url":"https:\/\/www.sj-gauge.com\/wp-content\/uploads\/2025\/11\/SJ-Gauge-electric-contact-gauge-explosion-proof.jpg","contentUrl":"https:\/\/www.sj-gauge.com\/wp-content\/uploads\/2025\/11\/SJ-Gauge-electric-contact-gauge-explosion-proof.jpg","width":1200,"height":1000},{"@type":"BreadcrumbList","@id":"https:\/\/www.sj-gauge.com\/product\/pre-xs\/#breadcrumb","itemListElement":[{"@type":"ListItem","position":1,"name":"Home","item":"https:\/\/www.sj-gauge.com\/"},{"@type":"ListItem","position":2,"name":"Products","item":"https:\/\/www.sj-gauge.com\/products\/"},{"@type":"ListItem","position":3,"name":"Electric Contact Gauge, explosion-proof"}]},{"@type":"WebSite","@id":"https:\/\/www.sj-gauge.com\/#website","url":"https:\/\/www.sj-gauge.com\/","name":"SJ Gauge | \u0110\u1ed3ng h\u1ed3 \u0111o \u00e1p su\u1ea5t, nhi\u1ec7t k\u1ebf v\u00e0 c\u1ea3m bi\u1ebfn \u00e1p su\u1ea5t","description":"Nh\u00e0 s\u1ea3n xu\u1ea5t \u0111\u1ed3ng h\u1ed3 \u0111o \u00e1p su\u1ea5t c\u00f4ng nghi\u1ec7p, c\u1ea3m bi\u1ebfn \u00e1p su\u1ea5t v\u00e0 b\u1ed9 truy\u1ec1n t\u00edn hi\u1ec7u. SJ Gauge cung c\u1ea5p c\u00e1c s\u1ea3n ph\u1ea9m c\u00f3 \u0111\u1ed9 ch\u00ednh x\u00e1c cao, \u0111\u01b0\u1ee3c ch\u1ebf t\u1ea1o t\u1eeb v\u1eadt li\u1ec7u b\u1ec1n b\u1ec9 v\u00e0 c\u00e1c gi\u1ea3i ph\u00e1p t\u00f9y ch\u1ec9nh d\u00e0nh cho c\u00e1c \u1ee9ng d\u1ee5ng trong ng\u00e0nh d\u1ea7u kh\u00ed, h\u00f3a ch\u1ea5t v\u00e0 c\u00f4ng nghi\u1ec7p.","publisher":{"@id":"https:\/\/www.sj-gauge.com\/#organization"},"potentialAction":[{"@type":"SearchAction","target":{"@type":"EntryPoint","urlTemplate":"https:\/\/www.sj-gauge.com\/?s={search_term_string}"},"query-input":{"@type":"PropertyValueSpecification","valueRequired":true,"valueName":"search_term_string"}}],"inLanguage":"vi"},{"@type":"Organization","@id":"https:\/\/www.sj-gauge.com\/#organization","name":"SJ Gauge | \u0110\u1ed3ng h\u1ed3 \u0111o \u00e1p su\u1ea5t, nhi\u1ec7t k\u1ebf v\u00e0 c\u1ea3m bi\u1ebfn \u00e1p su\u1ea5t","url":"https:\/\/www.sj-gauge.com\/","logo":{"@type":"ImageObject","inLanguage":"vi","@id":"https:\/\/www.sj-gauge.com\/#\/schema\/logo\/image\/","url":"https:\/\/www.sj-gauge.com\/wp-content\/uploads\/2025\/09\/logo.webp","contentUrl":"https:\/\/www.sj-gauge.com\/wp-content\/uploads\/2025\/09\/logo.webp","width":348,"height":184,"caption":"SJ Gauge | Pressure Gauges, Thermometers &amp; Pressure Sensors"},"image":{"@id":"https:\/\/www.sj-gauge.com\/#\/schema\/logo\/image\/"}}]}},"_links":{"self":[{"href":"https:\/\/www.sj-gauge.com\/vi\/wp-json\/wp\/v2\/product\/1805","targetHints":{"allow":["GET"]}}],"collection":[{"href":"https:\/\/www.sj-gauge.com\/vi\/wp-json\/wp\/v2\/product"}],"about":[{"href":"https:\/\/www.sj-gauge.com\/vi\/wp-json\/wp\/v2\/types\/product"}],"wp:featuredmedia":[{"embeddable":true,"href":"https:\/\/www.sj-gauge.com\/vi\/wp-json\/wp\/v2\/media\/1807"}],"wp:attachment":[{"href":"https:\/\/www.sj-gauge.com\/vi\/wp-json\/wp\/v2\/media?parent=1805"}],"wp:term":[{"taxonomy":"product_brand","embeddable":true,"href":"https:\/\/www.sj-gauge.com\/vi\/wp-json\/wp\/v2\/product_brand?post=1805"},{"taxonomy":"product_cat","embeddable":true,"href":"https:\/\/www.sj-gauge.com\/vi\/wp-json\/wp\/v2\/product_cat?post=1805"},{"taxonomy":"product_tag","embeddable":true,"href":"https:\/\/www.sj-gauge.com\/vi\/wp-json\/wp\/v2\/product_tag?post=1805"}],"curies":[{"name":"wp","href":"https:\/\/api.w.org\/{rel}","templated":true}]}}