{"id":1817,"date":"2025-11-13T15:24:37","date_gmt":"2025-11-13T07:24:37","guid":{"rendered":"https:\/\/sj-gauge.com\/?post_type=product&#038;p=1817"},"modified":"2026-03-28T21:26:32","modified_gmt":"2026-03-28T13:26:32","slug":"mps","status":"publish","type":"product","link":"https:\/\/www.sj-gauge.com\/vi\/san-pham\/mps\/","title":{"rendered":"C\u00f4ng t\u1eafc \u00e1p su\u1ea5t c\u01a1 kh\u00ed, ki\u1ec3u nh\u1ecf g\u1ecdn"},"content":{"rendered":"<p>MPS l\u00e0 b\u1ed9 \u0111i\u1ec1u khi\u1ec3n \u00e1p su\u1ea5t d\u1ea1ng c\u00f4ng t\u1eafc c\u00f3 thi\u1ebft k\u1ebf t\u1ef1 \u0111\u1ed9ng reset v\u00e0 nhi\u1ec1u t\u00f9y ch\u1ecdn c\u00f4ng t\u1eafc bao g\u1ed3m SPST (NO\/NC) v\u00e0 SPDT. \u0110\u01b0\u1ee3c thi\u1ebft k\u1ebf cho c\u00e1c \u1ee9ng d\u1ee5ng \u0111a d\u1ea1ng nh\u01b0 h\u1ec7 th\u1ed1ng kh\u00ed n\u00e9n, \u0111i\u1ec1u khi\u1ec3n \u00e1p su\u1ea5t n\u01b0\u1edbc v\u00e0 c\u00e1c \u0111\u01a1n v\u1ecb HVAC, n\u00f3 cung c\u1ea5p d\u1ea3i \u00e1p su\u1ea5t t\u1eeb 0,2\u201345 bar v\u1edbi kh\u1ea3 n\u0103ng ch\u1ecbu \u00e1p su\u1ea5t v\u01b0\u1ee3t qu\u00e1 5000 psi. Thi\u1ebft b\u1ecb h\u1ed7 tr\u1ee3 c\u00e1c k\u1ebft n\u1ed1i qu\u00e1 tr\u00ecnh \u0111a d\u1ea1ng (1\/8, 1\/4 PT\/PF\/NPT\/UNF) v\u1edbi t\u00f9y ch\u1ecdn ren b\u1eb1ng \u0111\u1ed3ng thau ho\u1eb7c th\u00e9p kh\u00f4ng g\u1ec9, v\u00e0 c\u00f3 s\u1eb5n trong c\u00e1c ki\u1ec3u d\u00e1ng ch\u1ed1t c\u1eafm ho\u1eb7c c\u00e1p ra, v\u1edbi chi\u1ec1u d\u00e0i c\u00e1p v\u00e0 \u0111\u1ea7u n\u1ed1i c\u00f3 th\u1ec3 t\u00f9y ch\u1ec9nh. T\u01b0\u01a1ng th\u00edch v\u1edbi t\u1ea3i \u0111i\u1ec7n AC120\/240V v\u00e0 DC36V, MPS l\u00e0 l\u1ef1a ch\u1ecdn l\u00fd t\u01b0\u1edfng cho c\u00e1c \u1ee9ng d\u1ee5ng l\u1eafp \u0111\u1eb7t nh\u1ecf g\u1ecdn y\u00eau c\u1ea7u \u0111i\u1ec1u ch\u1ec9nh \u00e1p su\u1ea5t t\u1ef1 \u0111\u1ed9ng.<\/p>","protected":false},"excerpt":{"rendered":"<ul>\n<li>Thi\u1ebft k\u1ebf c\u00f4ng t\u1eafc t\u1ef1 \u0111\u1ed9ng reset<\/li>\n<li>D\u1ea3i \u00e1p su\u1ea5t r\u1ed9ng, ph\u00f9 h\u1ee3p v\u1edbi nhi\u1ec1u t\u00ecnh hu\u1ed1ng l\u00e0m vi\u1ec7c kh\u00e1c nhau.<\/li>\n<li>\u1ee8ng d\u1ee5ng trong \u0111i\u1ec1u khi\u1ec3n \u00e1p su\u1ea5t kh\u00f4ng kh\u00ed v\u00e0 n\u01b0\u1edbc, h\u1ec7 th\u1ed1ng \u0111i\u1ec1u h\u00f2a kh\u00f4ng kh\u00ed trong nh\u00e0 ho\u1eb7c c\u00e1c \u1ee9ng d\u1ee5ng kh\u00e1c\u2026<\/li>\n<\/ul>","protected":false},"featured_media":1820,"template":"","meta":{"_acf_changed":false},"product_brand":[40],"product_cat":[22,41],"product_tag":[],"class_list":{"0":"post-1817","1":"product","2":"type-product","3":"status-publish","4":"has-post-thumbnail","6":"product_brand-sj-gauge","7":"product_cat-contact-pressure-gauge","8":"product_cat-pressure-instruments","10":"first","11":"instock","12":"shipping-taxable","13":"product-type-simple"},"acf":[],"yoast_head":"<!-- This site is optimized with the Yoast SEO Premium plugin v26.7 (Yoast SEO v27.4) - https:\/\/yoast.com\/product\/yoast-seo-premium-wordpress\/ -->\n<title>Compact Mechanical Pressure Switch for Air &amp; Water Systems | SJ Gauge<\/title>\n<meta name=\"description\" content=\"MPS compact mechanical pressure switch features automatic reset design, wide pressure range, and multiple switching options, ideal for air systems, water pressure control, and HVAC applications.\" \/>\n<meta name=\"robots\" content=\"index, follow, max-snippet:-1, max-image-preview:large, max-video-preview:-1\" \/>\n<link rel=\"canonical\" href=\"https:\/\/www.sj-gauge.com\/vi\/san-pham\/mps\/\" \/>\n<meta property=\"og:locale\" content=\"vi_VN\" \/>\n<meta property=\"og:type\" content=\"article\" \/>\n<meta property=\"og:title\" content=\"Mechanical Pressure Switch, Compact\" \/>\n<meta property=\"og:description\" content=\"MPS compact mechanical pressure switch features automatic reset design, wide pressure range, and multiple switching options, ideal for air systems, water pressure control, and HVAC applications.\" \/>\n<meta property=\"og:url\" content=\"https:\/\/www.sj-gauge.com\/vi\/san-pham\/mps\/\" \/>\n<meta property=\"og:site_name\" content=\"SJ Gauge | Pressure Gauges, Thermometers &amp; Pressure Sensors\" \/>\n<meta property=\"article:modified_time\" content=\"2026-03-28T13:26:32+00:00\" \/>\n<meta property=\"og:image\" content=\"https:\/\/www.sj-gauge.com\/wp-content\/uploads\/2025\/11\/01_SJ-Gauge_mini_pressure_switch_L.jpg\" \/>\n\t<meta property=\"og:image:width\" content=\"1200\" \/>\n\t<meta property=\"og:image:height\" content=\"1000\" \/>\n\t<meta property=\"og:image:type\" content=\"image\/jpeg\" \/>\n<meta name=\"twitter:card\" content=\"summary_large_image\" \/>\n<meta name=\"twitter:label1\" content=\"\u01af\u1edbc t\u00ednh th\u1eddi gian \u0111\u1ecdc\" \/>\n\t<meta name=\"twitter:data1\" content=\"1 ph\u00fat\" \/>\n<script type=\"application\/ld+json\" class=\"yoast-schema-graph\">{\"@context\":\"https:\\\/\\\/schema.org\",\"@graph\":[{\"@type\":\"WebPage\",\"@id\":\"https:\\\/\\\/www.sj-gauge.com\\\/product\\\/mps\\\/\",\"url\":\"https:\\\/\\\/www.sj-gauge.com\\\/product\\\/mps\\\/\",\"name\":\"Compact Mechanical Pressure Switch for Air & Water Systems | SJ Gauge\",\"isPartOf\":{\"@id\":\"https:\\\/\\\/www.sj-gauge.com\\\/#website\"},\"primaryImageOfPage\":{\"@id\":\"https:\\\/\\\/www.sj-gauge.com\\\/product\\\/mps\\\/#primaryimage\"},\"image\":{\"@id\":\"https:\\\/\\\/www.sj-gauge.com\\\/product\\\/mps\\\/#primaryimage\"},\"thumbnailUrl\":\"https:\\\/\\\/www.sj-gauge.com\\\/wp-content\\\/uploads\\\/2025\\\/11\\\/01_SJ-Gauge_mini_pressure_switch_L.jpg\",\"datePublished\":\"2025-11-13T07:24:37+00:00\",\"dateModified\":\"2026-03-28T13:26:32+00:00\",\"description\":\"MPS compact mechanical pressure switch features automatic reset design, wide pressure range, and multiple switching options, ideal for air systems, water pressure control, and HVAC applications.\",\"breadcrumb\":{\"@id\":\"https:\\\/\\\/www.sj-gauge.com\\\/product\\\/mps\\\/#breadcrumb\"},\"inLanguage\":\"vi\",\"potentialAction\":[{\"@type\":\"ReadAction\",\"target\":[\"https:\\\/\\\/www.sj-gauge.com\\\/product\\\/mps\\\/\"]}]},{\"@type\":\"ImageObject\",\"inLanguage\":\"vi\",\"@id\":\"https:\\\/\\\/www.sj-gauge.com\\\/product\\\/mps\\\/#primaryimage\",\"url\":\"https:\\\/\\\/www.sj-gauge.com\\\/wp-content\\\/uploads\\\/2025\\\/11\\\/01_SJ-Gauge_mini_pressure_switch_L.jpg\",\"contentUrl\":\"https:\\\/\\\/www.sj-gauge.com\\\/wp-content\\\/uploads\\\/2025\\\/11\\\/01_SJ-Gauge_mini_pressure_switch_L.jpg\",\"width\":1200,\"height\":1000},{\"@type\":\"BreadcrumbList\",\"@id\":\"https:\\\/\\\/www.sj-gauge.com\\\/product\\\/mps\\\/#breadcrumb\",\"itemListElement\":[{\"@type\":\"ListItem\",\"position\":1,\"name\":\"Home\",\"item\":\"https:\\\/\\\/www.sj-gauge.com\\\/\"},{\"@type\":\"ListItem\",\"position\":2,\"name\":\"Products\",\"item\":\"https:\\\/\\\/www.sj-gauge.com\\\/products\\\/\"},{\"@type\":\"ListItem\",\"position\":3,\"name\":\"Mechanical Pressure Switch, Compact\"}]},{\"@type\":\"WebSite\",\"@id\":\"https:\\\/\\\/www.sj-gauge.com\\\/#website\",\"url\":\"https:\\\/\\\/www.sj-gauge.com\\\/\",\"name\":\"SJ Gauge | Pressure Gauges, Thermometers &amp; Pressure Sensors\",\"description\":\"Manufacturer of industrial pressure gauges, pressure sensors, and transmitters. SJ Gauge provides high accuracy, durable materials, and custom solutions for oil &amp; gas, chemical, and industrial applications.\",\"publisher\":{\"@id\":\"https:\\\/\\\/www.sj-gauge.com\\\/#organization\"},\"potentialAction\":[{\"@type\":\"SearchAction\",\"target\":{\"@type\":\"EntryPoint\",\"urlTemplate\":\"https:\\\/\\\/www.sj-gauge.com\\\/?s={search_term_string}\"},\"query-input\":{\"@type\":\"PropertyValueSpecification\",\"valueRequired\":true,\"valueName\":\"search_term_string\"}}],\"inLanguage\":\"vi\"},{\"@type\":\"Organization\",\"@id\":\"https:\\\/\\\/www.sj-gauge.com\\\/#organization\",\"name\":\"SJ Gauge | Pressure Gauges, Thermometers &amp; Pressure Sensors\",\"url\":\"https:\\\/\\\/www.sj-gauge.com\\\/\",\"logo\":{\"@type\":\"ImageObject\",\"inLanguage\":\"vi\",\"@id\":\"https:\\\/\\\/www.sj-gauge.com\\\/#\\\/schema\\\/logo\\\/image\\\/\",\"url\":\"https:\\\/\\\/www.sj-gauge.com\\\/wp-content\\\/uploads\\\/2025\\\/09\\\/logo.webp\",\"contentUrl\":\"https:\\\/\\\/www.sj-gauge.com\\\/wp-content\\\/uploads\\\/2025\\\/09\\\/logo.webp\",\"width\":348,\"height\":184,\"caption\":\"SJ Gauge | Pressure Gauges, Thermometers &amp; Pressure Sensors\"},\"image\":{\"@id\":\"https:\\\/\\\/www.sj-gauge.com\\\/#\\\/schema\\\/logo\\\/image\\\/\"}}]}<\/script>\n<!-- \/ Yoast SEO Premium plugin. -->","yoast_head_json":{"title":"C\u00f4ng t\u1eafc \u00e1p su\u1ea5t c\u01a1 kh\u00ed nh\u1ecf g\u1ecdn cho h\u1ec7 th\u1ed1ng kh\u00ed n\u00e9n v\u00e0 n\u01b0\u1edbc | SJ Gauge","description":"C\u00f4ng t\u1eafc \u00e1p su\u1ea5t c\u01a1 kh\u00ed MPS compact c\u00f3 thi\u1ebft k\u1ebf t\u1ef1 \u0111\u1ed9ng kh\u00f4i ph\u1ee5c, d\u1ea3i \u00e1p su\u1ea5t r\u1ed9ng v\u00e0 nhi\u1ec1u t\u00f9y ch\u1ecdn chuy\u1ec3n m\u1ea1ch, r\u1ea5t l\u00fd t\u01b0\u1edfng cho c\u00e1c h\u1ec7 th\u1ed1ng kh\u00ed n\u00e9n, \u0111i\u1ec1u khi\u1ec3n \u00e1p su\u1ea5t n\u01b0\u1edbc v\u00e0 c\u00e1c \u1ee9ng d\u1ee5ng HVAC.","robots":{"index":"index","follow":"follow","max-snippet":"max-snippet:-1","max-image-preview":"max-image-preview:large","max-video-preview":"max-video-preview:-1"},"canonical":"https:\/\/www.sj-gauge.com\/vi\/san-pham\/mps\/","og_locale":"vi_VN","og_type":"article","og_title":"Mechanical Pressure Switch, Compact","og_description":"MPS compact mechanical pressure switch features automatic reset design, wide pressure range, and multiple switching options, ideal for air systems, water pressure control, and HVAC applications.","og_url":"https:\/\/www.sj-gauge.com\/vi\/san-pham\/mps\/","og_site_name":"SJ Gauge | Pressure Gauges, Thermometers &amp; Pressure Sensors","article_modified_time":"2026-03-28T13:26:32+00:00","og_image":[{"width":1200,"height":1000,"url":"https:\/\/www.sj-gauge.com\/wp-content\/uploads\/2025\/11\/01_SJ-Gauge_mini_pressure_switch_L.jpg","type":"image\/jpeg"}],"twitter_card":"summary_large_image","twitter_misc":{"\u01af\u1edbc t\u00ednh th\u1eddi gian \u0111\u1ecdc":"1 ph\u00fat"},"schema":{"@context":"https:\/\/schema.org","@graph":[{"@type":"WebPage","@id":"https:\/\/www.sj-gauge.com\/product\/mps\/","url":"https:\/\/www.sj-gauge.com\/product\/mps\/","name":"C\u00f4ng t\u1eafc \u00e1p su\u1ea5t c\u01a1 kh\u00ed nh\u1ecf g\u1ecdn cho h\u1ec7 th\u1ed1ng kh\u00ed n\u00e9n v\u00e0 n\u01b0\u1edbc | SJ Gauge","isPartOf":{"@id":"https:\/\/www.sj-gauge.com\/#website"},"primaryImageOfPage":{"@id":"https:\/\/www.sj-gauge.com\/product\/mps\/#primaryimage"},"image":{"@id":"https:\/\/www.sj-gauge.com\/product\/mps\/#primaryimage"},"thumbnailUrl":"https:\/\/www.sj-gauge.com\/wp-content\/uploads\/2025\/11\/01_SJ-Gauge_mini_pressure_switch_L.jpg","datePublished":"2025-11-13T07:24:37+00:00","dateModified":"2026-03-28T13:26:32+00:00","description":"C\u00f4ng t\u1eafc \u00e1p su\u1ea5t c\u01a1 kh\u00ed MPS compact c\u00f3 thi\u1ebft k\u1ebf t\u1ef1 \u0111\u1ed9ng kh\u00f4i ph\u1ee5c, d\u1ea3i \u00e1p su\u1ea5t r\u1ed9ng v\u00e0 nhi\u1ec1u t\u00f9y ch\u1ecdn chuy\u1ec3n m\u1ea1ch, r\u1ea5t l\u00fd t\u01b0\u1edfng cho c\u00e1c h\u1ec7 th\u1ed1ng kh\u00ed n\u00e9n, \u0111i\u1ec1u khi\u1ec3n \u00e1p su\u1ea5t n\u01b0\u1edbc v\u00e0 c\u00e1c \u1ee9ng d\u1ee5ng HVAC.","breadcrumb":{"@id":"https:\/\/www.sj-gauge.com\/product\/mps\/#breadcrumb"},"inLanguage":"vi","potentialAction":[{"@type":"ReadAction","target":["https:\/\/www.sj-gauge.com\/product\/mps\/"]}]},{"@type":"ImageObject","inLanguage":"vi","@id":"https:\/\/www.sj-gauge.com\/product\/mps\/#primaryimage","url":"https:\/\/www.sj-gauge.com\/wp-content\/uploads\/2025\/11\/01_SJ-Gauge_mini_pressure_switch_L.jpg","contentUrl":"https:\/\/www.sj-gauge.com\/wp-content\/uploads\/2025\/11\/01_SJ-Gauge_mini_pressure_switch_L.jpg","width":1200,"height":1000},{"@type":"BreadcrumbList","@id":"https:\/\/www.sj-gauge.com\/product\/mps\/#breadcrumb","itemListElement":[{"@type":"ListItem","position":1,"name":"Home","item":"https:\/\/www.sj-gauge.com\/"},{"@type":"ListItem","position":2,"name":"Products","item":"https:\/\/www.sj-gauge.com\/products\/"},{"@type":"ListItem","position":3,"name":"Mechanical Pressure Switch, Compact"}]},{"@type":"WebSite","@id":"https:\/\/www.sj-gauge.com\/#website","url":"https:\/\/www.sj-gauge.com\/","name":"SJ Gauge | \u0110\u1ed3ng h\u1ed3 \u0111o \u00e1p su\u1ea5t, nhi\u1ec7t k\u1ebf v\u00e0 c\u1ea3m bi\u1ebfn \u00e1p su\u1ea5t","description":"Nh\u00e0 s\u1ea3n xu\u1ea5t \u0111\u1ed3ng h\u1ed3 \u0111o \u00e1p su\u1ea5t c\u00f4ng nghi\u1ec7p, c\u1ea3m bi\u1ebfn \u00e1p su\u1ea5t v\u00e0 b\u1ed9 truy\u1ec1n t\u00edn hi\u1ec7u. SJ Gauge cung c\u1ea5p c\u00e1c s\u1ea3n ph\u1ea9m c\u00f3 \u0111\u1ed9 ch\u00ednh x\u00e1c cao, \u0111\u01b0\u1ee3c ch\u1ebf t\u1ea1o t\u1eeb v\u1eadt li\u1ec7u b\u1ec1n b\u1ec9 v\u00e0 c\u00e1c gi\u1ea3i ph\u00e1p t\u00f9y ch\u1ec9nh d\u00e0nh cho c\u00e1c \u1ee9ng d\u1ee5ng trong ng\u00e0nh d\u1ea7u kh\u00ed, h\u00f3a ch\u1ea5t v\u00e0 c\u00f4ng nghi\u1ec7p.","publisher":{"@id":"https:\/\/www.sj-gauge.com\/#organization"},"potentialAction":[{"@type":"SearchAction","target":{"@type":"EntryPoint","urlTemplate":"https:\/\/www.sj-gauge.com\/?s={search_term_string}"},"query-input":{"@type":"PropertyValueSpecification","valueRequired":true,"valueName":"search_term_string"}}],"inLanguage":"vi"},{"@type":"Organization","@id":"https:\/\/www.sj-gauge.com\/#organization","name":"SJ Gauge | \u0110\u1ed3ng h\u1ed3 \u0111o \u00e1p su\u1ea5t, nhi\u1ec7t k\u1ebf v\u00e0 c\u1ea3m bi\u1ebfn \u00e1p su\u1ea5t","url":"https:\/\/www.sj-gauge.com\/","logo":{"@type":"ImageObject","inLanguage":"vi","@id":"https:\/\/www.sj-gauge.com\/#\/schema\/logo\/image\/","url":"https:\/\/www.sj-gauge.com\/wp-content\/uploads\/2025\/09\/logo.webp","contentUrl":"https:\/\/www.sj-gauge.com\/wp-content\/uploads\/2025\/09\/logo.webp","width":348,"height":184,"caption":"SJ Gauge | Pressure Gauges, Thermometers &amp; Pressure Sensors"},"image":{"@id":"https:\/\/www.sj-gauge.com\/#\/schema\/logo\/image\/"}}]}},"_links":{"self":[{"href":"https:\/\/www.sj-gauge.com\/vi\/wp-json\/wp\/v2\/product\/1817","targetHints":{"allow":["GET"]}}],"collection":[{"href":"https:\/\/www.sj-gauge.com\/vi\/wp-json\/wp\/v2\/product"}],"about":[{"href":"https:\/\/www.sj-gauge.com\/vi\/wp-json\/wp\/v2\/types\/product"}],"wp:featuredmedia":[{"embeddable":true,"href":"https:\/\/www.sj-gauge.com\/vi\/wp-json\/wp\/v2\/media\/1820"}],"wp:attachment":[{"href":"https:\/\/www.sj-gauge.com\/vi\/wp-json\/wp\/v2\/media?parent=1817"}],"wp:term":[{"taxonomy":"product_brand","embeddable":true,"href":"https:\/\/www.sj-gauge.com\/vi\/wp-json\/wp\/v2\/product_brand?post=1817"},{"taxonomy":"product_cat","embeddable":true,"href":"https:\/\/www.sj-gauge.com\/vi\/wp-json\/wp\/v2\/product_cat?post=1817"},{"taxonomy":"product_tag","embeddable":true,"href":"https:\/\/www.sj-gauge.com\/vi\/wp-json\/wp\/v2\/product_tag?post=1817"}],"curies":[{"name":"wp","href":"https:\/\/api.w.org\/{rel}","templated":true}]}}