{"id":1833,"date":"2025-11-13T16:02:02","date_gmt":"2025-11-13T08:02:02","guid":{"rendered":"https:\/\/sj-gauge.com\/?post_type=product&#038;p=1833"},"modified":"2026-01-28T10:15:03","modified_gmt":"2026-01-28T02:15:03","slug":"dis-din","status":"publish","type":"product","link":"https:\/\/www.sj-gauge.com\/vi\/san-pham\/dis-din\/","title":{"rendered":"Ph\u1edbt m\u00e0ng v\u1ec7 sinh, Ti\u00eau chu\u1ea9n DIN"},"content":{"rendered":"<p>DIS-DIN l\u00e0 m\u1ed9t lo\u1ea1i van m\u00e0ng v\u1ec7 sinh ti\u00eau chu\u1ea9n DIN, \u0111\u01b0\u1ee3c trang b\u1ecb m\u00e0ng h\u00e0n ph\u1eb3ng, \u0111\u1ea3m b\u1ea3o v\u1ec7 sinh t\u1ed1i \u0111a, d\u1ec5 d\u00e0ng v\u1ec7 sinh v\u00e0 kh\u00f4ng \u0111\u1ec3 l\u1ea1i c\u1eb7n, ph\u00f9 h\u1ee3p cho c\u00e1c quy tr\u00ecnh s\u1ea3n xu\u1ea5t s\u1eefa, bia, th\u1ef1c ph\u1ea9m v\u00e0 c\u00e1c quy tr\u00ecnh y\u00eau c\u1ea7u v\u1ec7 sinh cao kh\u00e1c. S\u1ea3n ph\u1ea9m c\u00f3 k\u00edch th\u01b0\u1edbc t\u1eeb 1,5\u2033 \u0111\u1ebfn 4\u2033, c\u00f3 th\u1ec3 k\u1ebft h\u1ee3p v\u1edbi \u0111\u1ed3ng h\u1ed3 \u00e1p su\u1ea5t ho\u1eb7c b\u1ed9 truy\u1ec1n t\u00edn hi\u1ec7u v\u00e0 h\u1ed7 tr\u1ee3 d\u1ea3i \u00e1p su\u1ea5t t\u1eeb ch\u00e2n kh\u00f4ng \u0111\u1ebfn 40 bar. C\u00e1c b\u1ed9 ph\u1eadn ti\u1ebfp x\u00fac v\u1edbi ch\u1ea5t l\u1ecfng c\u00f3 th\u1ec3 \u0111\u01b0\u1ee3c l\u1ef1a ch\u1ecdn t\u1eeb th\u00e9p kh\u00f4ng g\u1ec9 304, th\u00e9p kh\u00f4ng g\u1ec9 316L ho\u1eb7c c\u00e1c h\u1ee3p kim ch\u1ed1ng \u0103n m\u00f2n nh\u01b0 Hastelloy C276, Tantalum, Titanium, Monel 400 v\u00e0 Nickel 200, v\u1edbi l\u1edbp ph\u1ee7 PTFE ho\u1eb7c PFA t\u00f9y ch\u1ecdn. Ph\u00f9 h\u1ee3p v\u1edbi nhi\u1ec7t \u0111\u1ed9 trung b\u00ecnh t\u1eeb 0 \u0111\u1ebfn 400\u00b0C, DIS-DIN cung c\u1ea5p c\u1ea3 k\u1ebft n\u1ed1i DIN nam v\u00e0 n\u1eef v\u00e0 t\u00edch h\u1ee3p m\u01b0\u1ee3t m\u00e0 v\u1edbi h\u1ec7 th\u1ed1ng \u1ed1ng d\u1eabn v\u1ec7 sinh CIP\/SIP.<\/p>","protected":false},"excerpt":{"rendered":"<ul>\n<li>Van h\u00e0n k\u00edn m\u00e0ng \u0111\u1ec3 \u0111\u1ea3m b\u1ea3o v\u1ec7 sinh t\u1ed1i \u01b0u v\u00e0 v\u1ec7 sinh nhanh ch\u00f3ng.<\/li>\n<li>\u0110\u01b0\u1ee3c thi\u1ebft k\u1ebf \u0111\u1eb7c bi\u1ec7t cho c\u00e1c \u1ee9ng d\u1ee5ng trong ng\u00e0nh c\u00f4ng nghi\u1ec7p th\u1ef1c ph\u1ea9m v\u00e0 \u0111\u1ed3 u\u1ed1ng, nh\u01b0 ng\u00e0nh s\u1eefa v\u00e0 nh\u00e0 m\u00e1y bia.<\/li>\n<\/ul>","protected":false},"featured_media":1836,"template":"","meta":{"_acf_changed":false},"product_brand":[40],"product_cat":[21,41],"product_tag":[],"class_list":{"0":"post-1833","1":"product","2":"type-product","3":"status-publish","4":"has-post-thumbnail","6":"product_brand-sj-gauge","7":"product_cat-diaphragm-seal","8":"product_cat-pressure-instruments","10":"first","11":"instock","12":"shipping-taxable","13":"product-type-simple"},"acf":[],"yoast_head":"<!-- This site is optimized with the Yoast SEO Premium plugin v26.7 (Yoast SEO v27.4) - https:\/\/yoast.com\/product\/yoast-seo-premium-wordpress\/ -->\n<title>Sanitary Diaphragm Seals, DIN Standard - SJ Gauge | Pressure Gauges, Thermometers &amp; Pressure Sensors<\/title>\n<meta name=\"description\" content=\"DIS-DIN flush welded diaphragm seal with hygienic design, ideal for breweries, dairy, and food processing. Certified for sanitary use and easy to clean.\" \/>\n<meta name=\"robots\" content=\"index, follow, max-snippet:-1, max-image-preview:large, max-video-preview:-1\" \/>\n<link rel=\"canonical\" href=\"https:\/\/www.sj-gauge.com\/vi\/san-pham\/dis-din\/\" \/>\n<meta property=\"og:locale\" content=\"vi_VN\" \/>\n<meta property=\"og:type\" content=\"article\" \/>\n<meta property=\"og:title\" content=\"Sanitary Diaphragm Seals, DIN Standard\" \/>\n<meta property=\"og:description\" content=\"DIS-DIN flush welded diaphragm seal with hygienic design, ideal for breweries, dairy, and food processing. Certified for sanitary use and easy to clean.\" \/>\n<meta property=\"og:url\" content=\"https:\/\/www.sj-gauge.com\/vi\/san-pham\/dis-din\/\" \/>\n<meta property=\"og:site_name\" content=\"SJ Gauge | Pressure Gauges, Thermometers &amp; Pressure Sensors\" \/>\n<meta property=\"article:modified_time\" content=\"2026-01-28T02:15:03+00:00\" \/>\n<meta property=\"og:image\" content=\"https:\/\/www.sj-gauge.com\/wp-content\/uploads\/2025\/11\/SJ-Gauge-diaphragm-seals-DIN-standard.jpg\" \/>\n\t<meta property=\"og:image:width\" content=\"1200\" \/>\n\t<meta property=\"og:image:height\" content=\"1000\" \/>\n\t<meta property=\"og:image:type\" content=\"image\/jpeg\" \/>\n<meta name=\"twitter:card\" content=\"summary_large_image\" \/>\n<meta name=\"twitter:label1\" content=\"\u01af\u1edbc t\u00ednh th\u1eddi gian \u0111\u1ecdc\" \/>\n\t<meta name=\"twitter:data1\" content=\"1 ph\u00fat\" \/>\n<script type=\"application\/ld+json\" class=\"yoast-schema-graph\">{\"@context\":\"https:\\\/\\\/schema.org\",\"@graph\":[{\"@type\":\"WebPage\",\"@id\":\"https:\\\/\\\/www.sj-gauge.com\\\/product\\\/dis-din\\\/\",\"url\":\"https:\\\/\\\/www.sj-gauge.com\\\/product\\\/dis-din\\\/\",\"name\":\"Sanitary Diaphragm Seals, DIN Standard - SJ Gauge | Pressure Gauges, Thermometers &amp; Pressure Sensors\",\"isPartOf\":{\"@id\":\"https:\\\/\\\/www.sj-gauge.com\\\/#website\"},\"primaryImageOfPage\":{\"@id\":\"https:\\\/\\\/www.sj-gauge.com\\\/product\\\/dis-din\\\/#primaryimage\"},\"image\":{\"@id\":\"https:\\\/\\\/www.sj-gauge.com\\\/product\\\/dis-din\\\/#primaryimage\"},\"thumbnailUrl\":\"https:\\\/\\\/www.sj-gauge.com\\\/wp-content\\\/uploads\\\/2025\\\/11\\\/SJ-Gauge-diaphragm-seals-DIN-standard.jpg\",\"datePublished\":\"2025-11-13T08:02:02+00:00\",\"dateModified\":\"2026-01-28T02:15:03+00:00\",\"description\":\"DIS-DIN flush welded diaphragm seal with hygienic design, ideal for breweries, dairy, and food processing. Certified for sanitary use and easy to clean.\",\"breadcrumb\":{\"@id\":\"https:\\\/\\\/www.sj-gauge.com\\\/product\\\/dis-din\\\/#breadcrumb\"},\"inLanguage\":\"vi\",\"potentialAction\":[{\"@type\":\"ReadAction\",\"target\":[\"https:\\\/\\\/www.sj-gauge.com\\\/product\\\/dis-din\\\/\"]}]},{\"@type\":\"ImageObject\",\"inLanguage\":\"vi\",\"@id\":\"https:\\\/\\\/www.sj-gauge.com\\\/product\\\/dis-din\\\/#primaryimage\",\"url\":\"https:\\\/\\\/www.sj-gauge.com\\\/wp-content\\\/uploads\\\/2025\\\/11\\\/SJ-Gauge-diaphragm-seals-DIN-standard.jpg\",\"contentUrl\":\"https:\\\/\\\/www.sj-gauge.com\\\/wp-content\\\/uploads\\\/2025\\\/11\\\/SJ-Gauge-diaphragm-seals-DIN-standard.jpg\",\"width\":1200,\"height\":1000},{\"@type\":\"BreadcrumbList\",\"@id\":\"https:\\\/\\\/www.sj-gauge.com\\\/product\\\/dis-din\\\/#breadcrumb\",\"itemListElement\":[{\"@type\":\"ListItem\",\"position\":1,\"name\":\"Home\",\"item\":\"https:\\\/\\\/www.sj-gauge.com\\\/\"},{\"@type\":\"ListItem\",\"position\":2,\"name\":\"Products\",\"item\":\"https:\\\/\\\/www.sj-gauge.com\\\/products\\\/\"},{\"@type\":\"ListItem\",\"position\":3,\"name\":\"Sanitary Diaphragm Seals, DIN Standard\"}]},{\"@type\":\"WebSite\",\"@id\":\"https:\\\/\\\/www.sj-gauge.com\\\/#website\",\"url\":\"https:\\\/\\\/www.sj-gauge.com\\\/\",\"name\":\"SJ Gauge | Pressure Gauges, Thermometers &amp; Pressure Sensors\",\"description\":\"Manufacturer of industrial pressure gauges, pressure sensors, and transmitters. SJ Gauge provides high accuracy, durable materials, and custom solutions for oil &amp; gas, chemical, and industrial applications.\",\"publisher\":{\"@id\":\"https:\\\/\\\/www.sj-gauge.com\\\/#organization\"},\"potentialAction\":[{\"@type\":\"SearchAction\",\"target\":{\"@type\":\"EntryPoint\",\"urlTemplate\":\"https:\\\/\\\/www.sj-gauge.com\\\/?s={search_term_string}\"},\"query-input\":{\"@type\":\"PropertyValueSpecification\",\"valueRequired\":true,\"valueName\":\"search_term_string\"}}],\"inLanguage\":\"vi\"},{\"@type\":\"Organization\",\"@id\":\"https:\\\/\\\/www.sj-gauge.com\\\/#organization\",\"name\":\"SJ Gauge | Pressure Gauges, Thermometers &amp; Pressure Sensors\",\"url\":\"https:\\\/\\\/www.sj-gauge.com\\\/\",\"logo\":{\"@type\":\"ImageObject\",\"inLanguage\":\"vi\",\"@id\":\"https:\\\/\\\/www.sj-gauge.com\\\/#\\\/schema\\\/logo\\\/image\\\/\",\"url\":\"https:\\\/\\\/www.sj-gauge.com\\\/wp-content\\\/uploads\\\/2025\\\/09\\\/logo.webp\",\"contentUrl\":\"https:\\\/\\\/www.sj-gauge.com\\\/wp-content\\\/uploads\\\/2025\\\/09\\\/logo.webp\",\"width\":348,\"height\":184,\"caption\":\"SJ Gauge | Pressure Gauges, Thermometers &amp; Pressure Sensors\"},\"image\":{\"@id\":\"https:\\\/\\\/www.sj-gauge.com\\\/#\\\/schema\\\/logo\\\/image\\\/\"}}]}<\/script>\n<!-- \/ Yoast SEO Premium plugin. -->","yoast_head_json":{"title":"Ph\u1edbt m\u00e0ng v\u1ec7 sinh, Ti\u00eau chu\u1ea9n DIN - SJ Gauge | \u0110\u1ed3ng h\u1ed3 \u0111o \u00e1p su\u1ea5t, nhi\u1ec7t k\u1ebf &amp; c\u1ea3m bi\u1ebfn \u00e1p su\u1ea5t","description":"DIS-DIN - Ph\u1edbt m\u00e0ng h\u00e0n ph\u1eb3ng v\u1edbi thi\u1ebft k\u1ebf v\u1ec7 sinh, l\u00fd t\u01b0\u1edfng cho c\u00e1c nh\u00e0 m\u00e1y bia, s\u1eefa v\u00e0 ch\u1ebf bi\u1ebfn th\u1ef1c ph\u1ea9m. \u0110\u01b0\u1ee3c ch\u1ee9ng nh\u1eadn cho m\u1ee5c \u0111\u00edch s\u1eed d\u1ee5ng v\u1ec7 sinh v\u00e0 d\u1ec5 d\u00e0ng v\u1ec7 sinh.","robots":{"index":"index","follow":"follow","max-snippet":"max-snippet:-1","max-image-preview":"max-image-preview:large","max-video-preview":"max-video-preview:-1"},"canonical":"https:\/\/www.sj-gauge.com\/vi\/san-pham\/dis-din\/","og_locale":"vi_VN","og_type":"article","og_title":"Sanitary Diaphragm Seals, DIN Standard","og_description":"DIS-DIN flush welded diaphragm seal with hygienic design, ideal for breweries, dairy, and food processing. Certified for sanitary use and easy to clean.","og_url":"https:\/\/www.sj-gauge.com\/vi\/san-pham\/dis-din\/","og_site_name":"SJ Gauge | Pressure Gauges, Thermometers &amp; Pressure Sensors","article_modified_time":"2026-01-28T02:15:03+00:00","og_image":[{"width":1200,"height":1000,"url":"https:\/\/www.sj-gauge.com\/wp-content\/uploads\/2025\/11\/SJ-Gauge-diaphragm-seals-DIN-standard.jpg","type":"image\/jpeg"}],"twitter_card":"summary_large_image","twitter_misc":{"\u01af\u1edbc t\u00ednh th\u1eddi gian \u0111\u1ecdc":"1 ph\u00fat"},"schema":{"@context":"https:\/\/schema.org","@graph":[{"@type":"WebPage","@id":"https:\/\/www.sj-gauge.com\/product\/dis-din\/","url":"https:\/\/www.sj-gauge.com\/product\/dis-din\/","name":"Ph\u1edbt m\u00e0ng v\u1ec7 sinh, Ti\u00eau chu\u1ea9n DIN - SJ Gauge | \u0110\u1ed3ng h\u1ed3 \u0111o \u00e1p su\u1ea5t, nhi\u1ec7t k\u1ebf &amp; c\u1ea3m bi\u1ebfn \u00e1p su\u1ea5t","isPartOf":{"@id":"https:\/\/www.sj-gauge.com\/#website"},"primaryImageOfPage":{"@id":"https:\/\/www.sj-gauge.com\/product\/dis-din\/#primaryimage"},"image":{"@id":"https:\/\/www.sj-gauge.com\/product\/dis-din\/#primaryimage"},"thumbnailUrl":"https:\/\/www.sj-gauge.com\/wp-content\/uploads\/2025\/11\/SJ-Gauge-diaphragm-seals-DIN-standard.jpg","datePublished":"2025-11-13T08:02:02+00:00","dateModified":"2026-01-28T02:15:03+00:00","description":"DIS-DIN - Ph\u1edbt m\u00e0ng h\u00e0n ph\u1eb3ng v\u1edbi thi\u1ebft k\u1ebf v\u1ec7 sinh, l\u00fd t\u01b0\u1edfng cho c\u00e1c nh\u00e0 m\u00e1y bia, s\u1eefa v\u00e0 ch\u1ebf bi\u1ebfn th\u1ef1c ph\u1ea9m. \u0110\u01b0\u1ee3c ch\u1ee9ng nh\u1eadn cho m\u1ee5c \u0111\u00edch s\u1eed d\u1ee5ng v\u1ec7 sinh v\u00e0 d\u1ec5 d\u00e0ng v\u1ec7 sinh.","breadcrumb":{"@id":"https:\/\/www.sj-gauge.com\/product\/dis-din\/#breadcrumb"},"inLanguage":"vi","potentialAction":[{"@type":"ReadAction","target":["https:\/\/www.sj-gauge.com\/product\/dis-din\/"]}]},{"@type":"ImageObject","inLanguage":"vi","@id":"https:\/\/www.sj-gauge.com\/product\/dis-din\/#primaryimage","url":"https:\/\/www.sj-gauge.com\/wp-content\/uploads\/2025\/11\/SJ-Gauge-diaphragm-seals-DIN-standard.jpg","contentUrl":"https:\/\/www.sj-gauge.com\/wp-content\/uploads\/2025\/11\/SJ-Gauge-diaphragm-seals-DIN-standard.jpg","width":1200,"height":1000},{"@type":"BreadcrumbList","@id":"https:\/\/www.sj-gauge.com\/product\/dis-din\/#breadcrumb","itemListElement":[{"@type":"ListItem","position":1,"name":"Home","item":"https:\/\/www.sj-gauge.com\/"},{"@type":"ListItem","position":2,"name":"Products","item":"https:\/\/www.sj-gauge.com\/products\/"},{"@type":"ListItem","position":3,"name":"Sanitary Diaphragm Seals, DIN Standard"}]},{"@type":"WebSite","@id":"https:\/\/www.sj-gauge.com\/#website","url":"https:\/\/www.sj-gauge.com\/","name":"SJ Gauge | \u0110\u1ed3ng h\u1ed3 \u0111o \u00e1p su\u1ea5t, nhi\u1ec7t k\u1ebf v\u00e0 c\u1ea3m bi\u1ebfn \u00e1p su\u1ea5t","description":"Nh\u00e0 s\u1ea3n xu\u1ea5t \u0111\u1ed3ng h\u1ed3 \u0111o \u00e1p su\u1ea5t c\u00f4ng nghi\u1ec7p, c\u1ea3m bi\u1ebfn \u00e1p su\u1ea5t v\u00e0 b\u1ed9 truy\u1ec1n t\u00edn hi\u1ec7u. SJ Gauge cung c\u1ea5p c\u00e1c s\u1ea3n ph\u1ea9m c\u00f3 \u0111\u1ed9 ch\u00ednh x\u00e1c cao, \u0111\u01b0\u1ee3c ch\u1ebf t\u1ea1o t\u1eeb v\u1eadt li\u1ec7u b\u1ec1n b\u1ec9 v\u00e0 c\u00e1c gi\u1ea3i ph\u00e1p t\u00f9y ch\u1ec9nh d\u00e0nh cho c\u00e1c \u1ee9ng d\u1ee5ng trong ng\u00e0nh d\u1ea7u kh\u00ed, h\u00f3a ch\u1ea5t v\u00e0 c\u00f4ng nghi\u1ec7p.","publisher":{"@id":"https:\/\/www.sj-gauge.com\/#organization"},"potentialAction":[{"@type":"SearchAction","target":{"@type":"EntryPoint","urlTemplate":"https:\/\/www.sj-gauge.com\/?s={search_term_string}"},"query-input":{"@type":"PropertyValueSpecification","valueRequired":true,"valueName":"search_term_string"}}],"inLanguage":"vi"},{"@type":"Organization","@id":"https:\/\/www.sj-gauge.com\/#organization","name":"SJ Gauge | \u0110\u1ed3ng h\u1ed3 \u0111o \u00e1p su\u1ea5t, nhi\u1ec7t k\u1ebf v\u00e0 c\u1ea3m bi\u1ebfn \u00e1p su\u1ea5t","url":"https:\/\/www.sj-gauge.com\/","logo":{"@type":"ImageObject","inLanguage":"vi","@id":"https:\/\/www.sj-gauge.com\/#\/schema\/logo\/image\/","url":"https:\/\/www.sj-gauge.com\/wp-content\/uploads\/2025\/09\/logo.webp","contentUrl":"https:\/\/www.sj-gauge.com\/wp-content\/uploads\/2025\/09\/logo.webp","width":348,"height":184,"caption":"SJ Gauge | Pressure Gauges, Thermometers &amp; Pressure Sensors"},"image":{"@id":"https:\/\/www.sj-gauge.com\/#\/schema\/logo\/image\/"}}]}},"_links":{"self":[{"href":"https:\/\/www.sj-gauge.com\/vi\/wp-json\/wp\/v2\/product\/1833","targetHints":{"allow":["GET"]}}],"collection":[{"href":"https:\/\/www.sj-gauge.com\/vi\/wp-json\/wp\/v2\/product"}],"about":[{"href":"https:\/\/www.sj-gauge.com\/vi\/wp-json\/wp\/v2\/types\/product"}],"wp:featuredmedia":[{"embeddable":true,"href":"https:\/\/www.sj-gauge.com\/vi\/wp-json\/wp\/v2\/media\/1836"}],"wp:attachment":[{"href":"https:\/\/www.sj-gauge.com\/vi\/wp-json\/wp\/v2\/media?parent=1833"}],"wp:term":[{"taxonomy":"product_brand","embeddable":true,"href":"https:\/\/www.sj-gauge.com\/vi\/wp-json\/wp\/v2\/product_brand?post=1833"},{"taxonomy":"product_cat","embeddable":true,"href":"https:\/\/www.sj-gauge.com\/vi\/wp-json\/wp\/v2\/product_cat?post=1833"},{"taxonomy":"product_tag","embeddable":true,"href":"https:\/\/www.sj-gauge.com\/vi\/wp-json\/wp\/v2\/product_tag?post=1833"}],"curies":[{"name":"wp","href":"https:\/\/api.w.org\/{rel}","templated":true}]}}