{"id":1839,"date":"2025-11-13T16:06:22","date_gmt":"2025-11-13T08:06:22","guid":{"rendered":"https:\/\/sj-gauge.com\/?post_type=product&#038;p=1839"},"modified":"2026-03-24T14:38:25","modified_gmt":"2026-03-24T06:38:25","slug":"dis-idf","status":"publish","type":"product","link":"https:\/\/www.sj-gauge.com\/vi\/san-pham\/dis-idf\/","title":{"rendered":"Ph\u1edbt m\u00e0ng v\u1ec7 sinh, Ti\u00eau chu\u1ea9n IDF"},"content":{"rendered":"<p>DIS-IDF l\u00e0 m\u1ed9t lo\u1ea1i ph\u1edbt m\u00e0ng v\u1ec7 sinh \u0111\u01b0\u1ee3c thi\u1ebft k\u1ebf theo ti\u00eau chu\u1ea9n IDF, trang b\u1ecb k\u1ebft n\u1ed1i k\u1eb9p th\u00e1o nhanh cho ph\u00e9p th\u00e1o l\u1eafp nhanh ch\u00f3ng, v\u1ec7 sinh v\u00e0 thay th\u1ebf ph\u1edbt. S\u1ea3n ph\u1ea9m cung c\u1ea5p c\u00e1c t\u00f9y ch\u1ecdn cho bulong n\u1ed1i r\u00e3nh v\u00e0 kh\u1edbp ren, v\u00e0 ho\u00e0n to\u00e0n t\u01b0\u01a1ng th\u00edch v\u1edbi c\u00e1c quy tr\u00ecnh CIP v\u00e0 SIP, l\u00e0m cho n\u00f3 l\u00fd t\u01b0\u1edfng cho c\u00e1c \u1ee9ng d\u1ee5ng trong ng\u00e0nh s\u1eefa, \u0111\u1ed3 u\u1ed1ng, th\u1ef1c ph\u1ea9m v\u00e0 d\u01b0\u1ee3c ph\u1ea9m. C\u00f3 s\u1eb5n c\u00e1c k\u00edch th\u01b0\u1edbc t\u1eeb 1,5\u2033 \u0111\u1ebfn 4\u2033, s\u1ea3n ph\u1ea9m h\u1ed7 tr\u1ee3 d\u1ea3i \u00e1p su\u1ea5t t\u1eeb ch\u00e2n kh\u00f4ng \u0111\u1ebfn 40 bar. V\u1eadt li\u1ec7u ti\u1ebfp x\u00fac v\u1edbi ch\u1ea5t l\u1ecfng bao g\u1ed3m th\u00e9p kh\u00f4ng g\u1ec9 304\/316L, Hastelloy C276, Tantalum, Titanium, Monel 400 v\u00e0 Nickel 200, v\u1edbi nhi\u1ec7t \u0111\u1ed9 ho\u1ea1t \u0111\u1ed9ng l\u00ean \u0111\u1ebfn 400\u00b0C. DIS-IDF c\u00f3 th\u1ec3 k\u1ebft h\u1ee3p v\u1edbi \u0111\u1ed3ng h\u1ed3 \u00e1p su\u1ea5t ho\u1eb7c b\u1ed9 truy\u1ec1n t\u00edn hi\u1ec7u \u0111\u1ec3 \u0111o l\u01b0\u1eddng qu\u00e1 tr\u00ecnh v\u1ec7 sinh.<\/p>","protected":false},"excerpt":{"rendered":"<ul>\n<li>C\u00e1c k\u1ebft n\u1ed1i k\u1eb9p c\u00f3 th\u1ec3 m\u1edf nhanh ch\u00f3ng v\u00e0 d\u1ec5 d\u00e0ng \u0111\u1ec3 v\u1ec7 sinh v\u00e0 thay th\u1ebf gio\u0103ng.<\/li>\n<li>\u0110ai \u1ed1c c\u00f3 r\u00e3nh v\u00e0 kh\u1edbp n\u1ed1i ren c\u00f3 th\u1ec3 \u0111\u01b0\u1ee3c l\u1ef1a ch\u1ecdn.<\/li>\n<li>Ph\u00f9 h\u1ee3p cho ti\u1ec7t tr\u00f9ng t\u1ea1i ch\u1ed7 (SIP) v\u00e0 l\u00e0m s\u1ea1ch t\u1ea1i ch\u1ed7 (CIP)<\/li>\n<\/ul>","protected":false},"featured_media":1842,"template":"","meta":{"_acf_changed":false},"product_brand":[40],"product_cat":[21,41],"product_tag":[],"class_list":{"0":"post-1839","1":"product","2":"type-product","3":"status-publish","4":"has-post-thumbnail","6":"product_brand-sj-gauge","7":"product_cat-diaphragm-seal","8":"product_cat-pressure-instruments","10":"first","11":"instock","12":"shipping-taxable","13":"product-type-simple"},"acf":[],"yoast_head":"<!-- This site is optimized with the Yoast SEO Premium plugin v26.7 (Yoast SEO v27.4) - https:\/\/yoast.com\/product\/yoast-seo-premium-wordpress\/ -->\n<title>Sanitary Diaphragm Seals, IDF Standard - SJ Gauge | Pressure Gauges, Thermometers &amp; Pressure Sensors<\/title>\n<meta name=\"description\" content=\"DIS-IDF sanitary diaphragm seal with IDF clamp connection for quick cleaning and seal replacement. Made to the highest food-grade standards.\" \/>\n<meta name=\"robots\" content=\"index, follow, max-snippet:-1, max-image-preview:large, max-video-preview:-1\" \/>\n<link rel=\"canonical\" href=\"https:\/\/www.sj-gauge.com\/vi\/san-pham\/dis-idf\/\" \/>\n<meta property=\"og:locale\" content=\"vi_VN\" \/>\n<meta property=\"og:type\" content=\"article\" \/>\n<meta property=\"og:title\" content=\"Sanitary Diaphragm Seals, IDF Standard\" \/>\n<meta property=\"og:description\" content=\"DIS-IDF sanitary diaphragm seal with IDF clamp connection for quick cleaning and seal replacement. Made to the highest food-grade standards.\" \/>\n<meta property=\"og:url\" content=\"https:\/\/www.sj-gauge.com\/vi\/san-pham\/dis-idf\/\" \/>\n<meta property=\"og:site_name\" content=\"SJ Gauge | Pressure Gauges, Thermometers &amp; Pressure Sensors\" \/>\n<meta property=\"article:modified_time\" content=\"2026-03-24T06:38:25+00:00\" \/>\n<meta property=\"og:image\" content=\"https:\/\/www.sj-gauge.com\/wp-content\/uploads\/2025\/11\/SJ-Gauge-pressure-gauge-IDF-standard.jpg\" \/>\n\t<meta property=\"og:image:width\" content=\"1200\" \/>\n\t<meta property=\"og:image:height\" content=\"1000\" \/>\n\t<meta property=\"og:image:type\" content=\"image\/jpeg\" \/>\n<meta name=\"twitter:card\" content=\"summary_large_image\" \/>\n<meta name=\"twitter:label1\" content=\"\u01af\u1edbc t\u00ednh th\u1eddi gian \u0111\u1ecdc\" \/>\n\t<meta name=\"twitter:data1\" content=\"1 ph\u00fat\" \/>\n<script type=\"application\/ld+json\" class=\"yoast-schema-graph\">{\"@context\":\"https:\\\/\\\/schema.org\",\"@graph\":[{\"@type\":\"WebPage\",\"@id\":\"https:\\\/\\\/www.sj-gauge.com\\\/product\\\/dis-idf\\\/\",\"url\":\"https:\\\/\\\/www.sj-gauge.com\\\/product\\\/dis-idf\\\/\",\"name\":\"Sanitary Diaphragm Seals, IDF Standard - SJ Gauge | Pressure Gauges, Thermometers &amp; Pressure Sensors\",\"isPartOf\":{\"@id\":\"https:\\\/\\\/www.sj-gauge.com\\\/#website\"},\"primaryImageOfPage\":{\"@id\":\"https:\\\/\\\/www.sj-gauge.com\\\/product\\\/dis-idf\\\/#primaryimage\"},\"image\":{\"@id\":\"https:\\\/\\\/www.sj-gauge.com\\\/product\\\/dis-idf\\\/#primaryimage\"},\"thumbnailUrl\":\"https:\\\/\\\/www.sj-gauge.com\\\/wp-content\\\/uploads\\\/2025\\\/11\\\/SJ-Gauge-pressure-gauge-IDF-standard.jpg\",\"datePublished\":\"2025-11-13T08:06:22+00:00\",\"dateModified\":\"2026-03-24T06:38:25+00:00\",\"description\":\"DIS-IDF sanitary diaphragm seal with IDF clamp connection for quick cleaning and seal replacement. Made to the highest food-grade standards.\",\"breadcrumb\":{\"@id\":\"https:\\\/\\\/www.sj-gauge.com\\\/product\\\/dis-idf\\\/#breadcrumb\"},\"inLanguage\":\"vi\",\"potentialAction\":[{\"@type\":\"ReadAction\",\"target\":[\"https:\\\/\\\/www.sj-gauge.com\\\/product\\\/dis-idf\\\/\"]}]},{\"@type\":\"ImageObject\",\"inLanguage\":\"vi\",\"@id\":\"https:\\\/\\\/www.sj-gauge.com\\\/product\\\/dis-idf\\\/#primaryimage\",\"url\":\"https:\\\/\\\/www.sj-gauge.com\\\/wp-content\\\/uploads\\\/2025\\\/11\\\/SJ-Gauge-pressure-gauge-IDF-standard.jpg\",\"contentUrl\":\"https:\\\/\\\/www.sj-gauge.com\\\/wp-content\\\/uploads\\\/2025\\\/11\\\/SJ-Gauge-pressure-gauge-IDF-standard.jpg\",\"width\":1200,\"height\":1000},{\"@type\":\"BreadcrumbList\",\"@id\":\"https:\\\/\\\/www.sj-gauge.com\\\/product\\\/dis-idf\\\/#breadcrumb\",\"itemListElement\":[{\"@type\":\"ListItem\",\"position\":1,\"name\":\"Home\",\"item\":\"https:\\\/\\\/www.sj-gauge.com\\\/\"},{\"@type\":\"ListItem\",\"position\":2,\"name\":\"Products\",\"item\":\"https:\\\/\\\/www.sj-gauge.com\\\/products\\\/\"},{\"@type\":\"ListItem\",\"position\":3,\"name\":\"Sanitary Diaphragm Seals, IDF Standard\"}]},{\"@type\":\"WebSite\",\"@id\":\"https:\\\/\\\/www.sj-gauge.com\\\/#website\",\"url\":\"https:\\\/\\\/www.sj-gauge.com\\\/\",\"name\":\"SJ Gauge | Pressure Gauges, Thermometers &amp; Pressure Sensors\",\"description\":\"Manufacturer of industrial pressure gauges, pressure sensors, and transmitters. SJ Gauge provides high accuracy, durable materials, and custom solutions for oil &amp; gas, chemical, and industrial applications.\",\"publisher\":{\"@id\":\"https:\\\/\\\/www.sj-gauge.com\\\/#organization\"},\"potentialAction\":[{\"@type\":\"SearchAction\",\"target\":{\"@type\":\"EntryPoint\",\"urlTemplate\":\"https:\\\/\\\/www.sj-gauge.com\\\/?s={search_term_string}\"},\"query-input\":{\"@type\":\"PropertyValueSpecification\",\"valueRequired\":true,\"valueName\":\"search_term_string\"}}],\"inLanguage\":\"vi\"},{\"@type\":\"Organization\",\"@id\":\"https:\\\/\\\/www.sj-gauge.com\\\/#organization\",\"name\":\"SJ Gauge | Pressure Gauges, Thermometers &amp; Pressure Sensors\",\"url\":\"https:\\\/\\\/www.sj-gauge.com\\\/\",\"logo\":{\"@type\":\"ImageObject\",\"inLanguage\":\"vi\",\"@id\":\"https:\\\/\\\/www.sj-gauge.com\\\/#\\\/schema\\\/logo\\\/image\\\/\",\"url\":\"https:\\\/\\\/www.sj-gauge.com\\\/wp-content\\\/uploads\\\/2025\\\/09\\\/logo.webp\",\"contentUrl\":\"https:\\\/\\\/www.sj-gauge.com\\\/wp-content\\\/uploads\\\/2025\\\/09\\\/logo.webp\",\"width\":348,\"height\":184,\"caption\":\"SJ Gauge | Pressure Gauges, Thermometers &amp; Pressure Sensors\"},\"image\":{\"@id\":\"https:\\\/\\\/www.sj-gauge.com\\\/#\\\/schema\\\/logo\\\/image\\\/\"}}]}<\/script>\n<!-- \/ Yoast SEO Premium plugin. -->","yoast_head_json":{"title":"Ph\u1edbt m\u00e0ng v\u1ec7 sinh, Ti\u00eau chu\u1ea9n IDF - SJ Gauge | \u0110\u1ed3ng h\u1ed3 \u0111o \u00e1p su\u1ea5t, nhi\u1ec7t k\u1ebf v\u00e0 c\u1ea3m bi\u1ebfn \u00e1p su\u1ea5t","description":"DIS-IDF - Ph\u1edbt c\u00e1ch ly v\u1ec7 sinh v\u1edbi k\u1ebft n\u1ed1i k\u1eb9p IDF cho vi\u1ec7c v\u1ec7 sinh nhanh ch\u00f3ng v\u00e0 thay th\u1ebf ph\u1edbt. \u0110\u01b0\u1ee3c s\u1ea3n xu\u1ea5t theo ti\u00eau chu\u1ea9n th\u1ef1c ph\u1ea9m cao nh\u1ea5t.","robots":{"index":"index","follow":"follow","max-snippet":"max-snippet:-1","max-image-preview":"max-image-preview:large","max-video-preview":"max-video-preview:-1"},"canonical":"https:\/\/www.sj-gauge.com\/vi\/san-pham\/dis-idf\/","og_locale":"vi_VN","og_type":"article","og_title":"Sanitary Diaphragm Seals, IDF Standard","og_description":"DIS-IDF sanitary diaphragm seal with IDF clamp connection for quick cleaning and seal replacement. Made to the highest food-grade standards.","og_url":"https:\/\/www.sj-gauge.com\/vi\/san-pham\/dis-idf\/","og_site_name":"SJ Gauge | Pressure Gauges, Thermometers &amp; Pressure Sensors","article_modified_time":"2026-03-24T06:38:25+00:00","og_image":[{"width":1200,"height":1000,"url":"https:\/\/www.sj-gauge.com\/wp-content\/uploads\/2025\/11\/SJ-Gauge-pressure-gauge-IDF-standard.jpg","type":"image\/jpeg"}],"twitter_card":"summary_large_image","twitter_misc":{"\u01af\u1edbc t\u00ednh th\u1eddi gian \u0111\u1ecdc":"1 ph\u00fat"},"schema":{"@context":"https:\/\/schema.org","@graph":[{"@type":"WebPage","@id":"https:\/\/www.sj-gauge.com\/product\/dis-idf\/","url":"https:\/\/www.sj-gauge.com\/product\/dis-idf\/","name":"Ph\u1edbt m\u00e0ng v\u1ec7 sinh, Ti\u00eau chu\u1ea9n IDF - SJ Gauge | \u0110\u1ed3ng h\u1ed3 \u0111o \u00e1p su\u1ea5t, nhi\u1ec7t k\u1ebf v\u00e0 c\u1ea3m bi\u1ebfn \u00e1p su\u1ea5t","isPartOf":{"@id":"https:\/\/www.sj-gauge.com\/#website"},"primaryImageOfPage":{"@id":"https:\/\/www.sj-gauge.com\/product\/dis-idf\/#primaryimage"},"image":{"@id":"https:\/\/www.sj-gauge.com\/product\/dis-idf\/#primaryimage"},"thumbnailUrl":"https:\/\/www.sj-gauge.com\/wp-content\/uploads\/2025\/11\/SJ-Gauge-pressure-gauge-IDF-standard.jpg","datePublished":"2025-11-13T08:06:22+00:00","dateModified":"2026-03-24T06:38:25+00:00","description":"DIS-IDF - Ph\u1edbt c\u00e1ch ly v\u1ec7 sinh v\u1edbi k\u1ebft n\u1ed1i k\u1eb9p IDF cho vi\u1ec7c v\u1ec7 sinh nhanh ch\u00f3ng v\u00e0 thay th\u1ebf ph\u1edbt. \u0110\u01b0\u1ee3c s\u1ea3n xu\u1ea5t theo ti\u00eau chu\u1ea9n th\u1ef1c ph\u1ea9m cao nh\u1ea5t.","breadcrumb":{"@id":"https:\/\/www.sj-gauge.com\/product\/dis-idf\/#breadcrumb"},"inLanguage":"vi","potentialAction":[{"@type":"ReadAction","target":["https:\/\/www.sj-gauge.com\/product\/dis-idf\/"]}]},{"@type":"ImageObject","inLanguage":"vi","@id":"https:\/\/www.sj-gauge.com\/product\/dis-idf\/#primaryimage","url":"https:\/\/www.sj-gauge.com\/wp-content\/uploads\/2025\/11\/SJ-Gauge-pressure-gauge-IDF-standard.jpg","contentUrl":"https:\/\/www.sj-gauge.com\/wp-content\/uploads\/2025\/11\/SJ-Gauge-pressure-gauge-IDF-standard.jpg","width":1200,"height":1000},{"@type":"BreadcrumbList","@id":"https:\/\/www.sj-gauge.com\/product\/dis-idf\/#breadcrumb","itemListElement":[{"@type":"ListItem","position":1,"name":"Home","item":"https:\/\/www.sj-gauge.com\/"},{"@type":"ListItem","position":2,"name":"Products","item":"https:\/\/www.sj-gauge.com\/products\/"},{"@type":"ListItem","position":3,"name":"Sanitary Diaphragm Seals, IDF Standard"}]},{"@type":"WebSite","@id":"https:\/\/www.sj-gauge.com\/#website","url":"https:\/\/www.sj-gauge.com\/","name":"SJ Gauge | \u0110\u1ed3ng h\u1ed3 \u0111o \u00e1p su\u1ea5t, nhi\u1ec7t k\u1ebf v\u00e0 c\u1ea3m bi\u1ebfn \u00e1p su\u1ea5t","description":"Nh\u00e0 s\u1ea3n xu\u1ea5t \u0111\u1ed3ng h\u1ed3 \u0111o \u00e1p su\u1ea5t c\u00f4ng nghi\u1ec7p, c\u1ea3m bi\u1ebfn \u00e1p su\u1ea5t v\u00e0 b\u1ed9 truy\u1ec1n t\u00edn hi\u1ec7u. SJ Gauge cung c\u1ea5p c\u00e1c s\u1ea3n ph\u1ea9m c\u00f3 \u0111\u1ed9 ch\u00ednh x\u00e1c cao, \u0111\u01b0\u1ee3c ch\u1ebf t\u1ea1o t\u1eeb v\u1eadt li\u1ec7u b\u1ec1n b\u1ec9 v\u00e0 c\u00e1c gi\u1ea3i ph\u00e1p t\u00f9y ch\u1ec9nh d\u00e0nh cho c\u00e1c \u1ee9ng d\u1ee5ng trong ng\u00e0nh d\u1ea7u kh\u00ed, h\u00f3a ch\u1ea5t v\u00e0 c\u00f4ng nghi\u1ec7p.","publisher":{"@id":"https:\/\/www.sj-gauge.com\/#organization"},"potentialAction":[{"@type":"SearchAction","target":{"@type":"EntryPoint","urlTemplate":"https:\/\/www.sj-gauge.com\/?s={search_term_string}"},"query-input":{"@type":"PropertyValueSpecification","valueRequired":true,"valueName":"search_term_string"}}],"inLanguage":"vi"},{"@type":"Organization","@id":"https:\/\/www.sj-gauge.com\/#organization","name":"SJ Gauge | \u0110\u1ed3ng h\u1ed3 \u0111o \u00e1p su\u1ea5t, nhi\u1ec7t k\u1ebf v\u00e0 c\u1ea3m bi\u1ebfn \u00e1p su\u1ea5t","url":"https:\/\/www.sj-gauge.com\/","logo":{"@type":"ImageObject","inLanguage":"vi","@id":"https:\/\/www.sj-gauge.com\/#\/schema\/logo\/image\/","url":"https:\/\/www.sj-gauge.com\/wp-content\/uploads\/2025\/09\/logo.webp","contentUrl":"https:\/\/www.sj-gauge.com\/wp-content\/uploads\/2025\/09\/logo.webp","width":348,"height":184,"caption":"SJ Gauge | Pressure Gauges, Thermometers &amp; Pressure Sensors"},"image":{"@id":"https:\/\/www.sj-gauge.com\/#\/schema\/logo\/image\/"}}]}},"_links":{"self":[{"href":"https:\/\/www.sj-gauge.com\/vi\/wp-json\/wp\/v2\/product\/1839","targetHints":{"allow":["GET"]}}],"collection":[{"href":"https:\/\/www.sj-gauge.com\/vi\/wp-json\/wp\/v2\/product"}],"about":[{"href":"https:\/\/www.sj-gauge.com\/vi\/wp-json\/wp\/v2\/types\/product"}],"wp:featuredmedia":[{"embeddable":true,"href":"https:\/\/www.sj-gauge.com\/vi\/wp-json\/wp\/v2\/media\/1842"}],"wp:attachment":[{"href":"https:\/\/www.sj-gauge.com\/vi\/wp-json\/wp\/v2\/media?parent=1839"}],"wp:term":[{"taxonomy":"product_brand","embeddable":true,"href":"https:\/\/www.sj-gauge.com\/vi\/wp-json\/wp\/v2\/product_brand?post=1839"},{"taxonomy":"product_cat","embeddable":true,"href":"https:\/\/www.sj-gauge.com\/vi\/wp-json\/wp\/v2\/product_cat?post=1839"},{"taxonomy":"product_tag","embeddable":true,"href":"https:\/\/www.sj-gauge.com\/vi\/wp-json\/wp\/v2\/product_tag?post=1839"}],"curies":[{"name":"wp","href":"https:\/\/api.w.org\/{rel}","templated":true}]}}