{"id":1843,"date":"2025-11-13T16:13:23","date_gmt":"2025-11-13T08:13:23","guid":{"rendered":"https:\/\/sj-gauge.com\/?post_type=product&#038;p=1843"},"modified":"2026-01-28T10:16:18","modified_gmt":"2026-01-28T02:16:18","slug":"dis-sms","status":"publish","type":"product","link":"https:\/\/www.sj-gauge.com\/vi\/san-pham\/dis-sms\/","title":{"rendered":"Ph\u1edbt m\u00e0ng v\u1ec7 sinh, Ti\u00eau chu\u1ea9n SMS"},"content":{"rendered":"<p>Van m\u00e0ng v\u1ec7 sinh DIS-SMS \u0111\u01b0\u1ee3c thi\u1ebft k\u1ebf theo ti\u00eau chu\u1ea9n SMS v\u00e0 \u0111\u01b0\u1ee3c t\u1ed1i \u01b0u h\u00f3a \u0111\u1ec3 \u0111o l\u01b0\u1eddng c\u00e1c ch\u1ea5t l\u1ecfng c\u00f3 \u0111\u1ed9 nh\u1edbt cao, b\u1ed9t m\u1ecbn ho\u1eb7c c\u00f3 xu h\u01b0\u1edbng \u0111\u00f4ng \u0111\u1eb7c, \u0111\u1ea3m b\u1ea3o truy\u1ec1n \u00e1p su\u1ea5t \u1ed5n \u0111\u1ecbnh v\u00e0 ch\u00ednh x\u00e1c trong c\u00e1c quy tr\u00ecnh \u0111\u00f2i h\u1ecfi v\u1ec7 sinh nghi\u00eam ng\u1eb7t nh\u01b0 th\u1ef1c ph\u1ea9m, \u0111\u1ed3 u\u1ed1ng v\u00e0 d\u01b0\u1ee3c ph\u1ea9m. C\u1ea5u tr\u00fac c\u1ee7a van cho ph\u00e9p l\u1eafp \u0111\u1eb7t v\u00e0 th\u00e1o g\u1ee1 nhanh ch\u00f3ng, \u0111\u1ed3ng th\u1eddi c\u00f3 th\u1ec3 v\u1ec7 sinh d\u1ec5 d\u00e0ng t\u1eeb b\u00ean ngo\u00e0i m\u00e0 kh\u00f4ng \u0111\u1ec3 l\u1ea1i c\u1eb7n, l\u00e0m cho n\u00f3 tr\u1edf th\u00e0nh l\u1ef1a ch\u1ecdn l\u00fd t\u01b0\u1edfng cho c\u00e1c h\u1ec7 th\u1ed1ng y\u00eau c\u1ea7u v\u1ec7 sinh th\u01b0\u1eddng xuy\u00ean ho\u1eb7c c\u00e1c quy tr\u00ecnh CIP\/SIP. S\u1ea3n ph\u1ea9m c\u00f3 s\u1eb5n c\u00e1c k\u00edch th\u01b0\u1edbc t\u1eeb 1,5\u2033 \u0111\u1ebfn 4\u2033 v\u00e0 c\u00f3 th\u1ec3 \u0111\u01b0\u1ee3c s\u1ea3n xu\u1ea5t t\u1eeb c\u00e1c v\u1eadt li\u1ec7u bao g\u1ed3m th\u00e9p kh\u00f4ng g\u1ec9 304, th\u00e9p kh\u00f4ng g\u1ec9 316L, Hastelloy C276, tantalum, titan, Monel 400 v\u00e0 niken 200. T\u01b0\u01a1ng th\u00edch v\u1edbi c\u1ea3 \u0111\u1ed3ng h\u1ed3 \u00e1p su\u1ea5t v\u00e0 b\u1ed9 truy\u1ec1n t\u00edn hi\u1ec7u, s\u1ea3n ph\u1ea9m h\u1ed7 tr\u1ee3 nhi\u1ec1u m\u1ee9c \u00e1p su\u1ea5t kh\u00e1c nhau v\u00e0 l\u00e0 gi\u1ea3i ph\u00e1p ni\u00eam phong m\u00e0ng \u0111\u00e1ng tin c\u1eady, b\u1ec1n b\u1ec9 v\u00e0 \u00edt b\u1ea3o tr\u00ec cho c\u00e1c quy tr\u00ecnh v\u1ec7 sinh v\u00e0 an to\u00e0n th\u1ef1c ph\u1ea9m.<\/p>","protected":false},"excerpt":{"rendered":"<ul>\n<li>\u1ee8ng d\u1ee5ng \u0111\u1ec3 \u0111o l\u01b0\u1eddng ch\u1ea5t l\u1ecfng th\u1ee7y l\u1ef1c c\u00f3 \u0111\u1ed9 nh\u1edbt cao, d\u1ea1ng b\u1ed9t v\u00e0 c\u00f3 kh\u1ea3 n\u0103ng \u0111\u00f4ng \u0111\u1eb7c.<\/li>\n<li>L\u1eafp \u0111\u1eb7t v\u00e0 th\u00e1o g\u1ee1 nhanh ch\u00f3ng, d\u1ec5 d\u00e0ng v\u1ec7 sinh t\u1eeb b\u00ean ngo\u00e0i m\u00e0 kh\u00f4ng \u0111\u1ec3 l\u1ea1i c\u1eb7n b\u1ea9n.<\/li>\n<\/ul>","protected":false},"featured_media":1846,"template":"","meta":{"_acf_changed":false},"product_brand":[40],"product_cat":[21,41],"product_tag":[],"class_list":{"0":"post-1843","1":"product","2":"type-product","3":"status-publish","4":"has-post-thumbnail","6":"product_brand-sj-gauge","7":"product_cat-diaphragm-seal","8":"product_cat-pressure-instruments","10":"first","11":"instock","12":"shipping-taxable","13":"product-type-simple"},"acf":[],"yoast_head":"<!-- This site is optimized with the Yoast SEO Premium plugin v26.7 (Yoast SEO v27.4) - https:\/\/yoast.com\/product\/yoast-seo-premium-wordpress\/ -->\n<title>Sanitary Diaphragm Seals, SMS Standard - SJ Gauge | Pressure Gauges, Thermometers &amp; Pressure Sensors<\/title>\n<meta name=\"description\" content=\"DIS-SMS hygienic SMS diaphragm seal ideal for viscous, powdery, or clotting fluids. Designed for fast installation and easy cleaning from the outside.\" \/>\n<meta name=\"robots\" content=\"index, follow, max-snippet:-1, max-image-preview:large, max-video-preview:-1\" \/>\n<link rel=\"canonical\" href=\"https:\/\/www.sj-gauge.com\/vi\/san-pham\/dis-sms\/\" \/>\n<meta property=\"og:locale\" content=\"vi_VN\" \/>\n<meta property=\"og:type\" content=\"article\" \/>\n<meta property=\"og:title\" content=\"Sanitary Diaphragm Seals, SMS Standard\" \/>\n<meta property=\"og:description\" content=\"DIS-SMS hygienic SMS diaphragm seal ideal for viscous, powdery, or clotting fluids. Designed for fast installation and easy cleaning from the outside.\" \/>\n<meta property=\"og:url\" content=\"https:\/\/www.sj-gauge.com\/vi\/san-pham\/dis-sms\/\" \/>\n<meta property=\"og:site_name\" content=\"SJ Gauge | Pressure Gauges, Thermometers &amp; Pressure Sensors\" \/>\n<meta property=\"article:modified_time\" content=\"2026-01-28T02:16:18+00:00\" \/>\n<meta property=\"og:image\" content=\"https:\/\/www.sj-gauge.com\/wp-content\/uploads\/2025\/11\/SJ-Gauge_sanitary_diaphragm_seal_SMS_standard_L.jpg\" \/>\n\t<meta property=\"og:image:width\" content=\"1200\" \/>\n\t<meta property=\"og:image:height\" content=\"1000\" \/>\n\t<meta property=\"og:image:type\" content=\"image\/jpeg\" \/>\n<meta name=\"twitter:card\" content=\"summary_large_image\" \/>\n<meta name=\"twitter:label1\" content=\"\u01af\u1edbc t\u00ednh th\u1eddi gian \u0111\u1ecdc\" \/>\n\t<meta name=\"twitter:data1\" content=\"1 ph\u00fat\" \/>\n<script type=\"application\/ld+json\" class=\"yoast-schema-graph\">{\"@context\":\"https:\\\/\\\/schema.org\",\"@graph\":[{\"@type\":\"WebPage\",\"@id\":\"https:\\\/\\\/www.sj-gauge.com\\\/product\\\/dis-sms\\\/\",\"url\":\"https:\\\/\\\/www.sj-gauge.com\\\/product\\\/dis-sms\\\/\",\"name\":\"Sanitary Diaphragm Seals, SMS Standard - SJ Gauge | Pressure Gauges, Thermometers &amp; Pressure Sensors\",\"isPartOf\":{\"@id\":\"https:\\\/\\\/www.sj-gauge.com\\\/#website\"},\"primaryImageOfPage\":{\"@id\":\"https:\\\/\\\/www.sj-gauge.com\\\/product\\\/dis-sms\\\/#primaryimage\"},\"image\":{\"@id\":\"https:\\\/\\\/www.sj-gauge.com\\\/product\\\/dis-sms\\\/#primaryimage\"},\"thumbnailUrl\":\"https:\\\/\\\/www.sj-gauge.com\\\/wp-content\\\/uploads\\\/2025\\\/11\\\/SJ-Gauge_sanitary_diaphragm_seal_SMS_standard_L.jpg\",\"datePublished\":\"2025-11-13T08:13:23+00:00\",\"dateModified\":\"2026-01-28T02:16:18+00:00\",\"description\":\"DIS-SMS hygienic SMS diaphragm seal ideal for viscous, powdery, or clotting fluids. Designed for fast installation and easy cleaning from the outside.\",\"breadcrumb\":{\"@id\":\"https:\\\/\\\/www.sj-gauge.com\\\/product\\\/dis-sms\\\/#breadcrumb\"},\"inLanguage\":\"vi\",\"potentialAction\":[{\"@type\":\"ReadAction\",\"target\":[\"https:\\\/\\\/www.sj-gauge.com\\\/product\\\/dis-sms\\\/\"]}]},{\"@type\":\"ImageObject\",\"inLanguage\":\"vi\",\"@id\":\"https:\\\/\\\/www.sj-gauge.com\\\/product\\\/dis-sms\\\/#primaryimage\",\"url\":\"https:\\\/\\\/www.sj-gauge.com\\\/wp-content\\\/uploads\\\/2025\\\/11\\\/SJ-Gauge_sanitary_diaphragm_seal_SMS_standard_L.jpg\",\"contentUrl\":\"https:\\\/\\\/www.sj-gauge.com\\\/wp-content\\\/uploads\\\/2025\\\/11\\\/SJ-Gauge_sanitary_diaphragm_seal_SMS_standard_L.jpg\",\"width\":1200,\"height\":1000},{\"@type\":\"BreadcrumbList\",\"@id\":\"https:\\\/\\\/www.sj-gauge.com\\\/product\\\/dis-sms\\\/#breadcrumb\",\"itemListElement\":[{\"@type\":\"ListItem\",\"position\":1,\"name\":\"Home\",\"item\":\"https:\\\/\\\/www.sj-gauge.com\\\/\"},{\"@type\":\"ListItem\",\"position\":2,\"name\":\"Products\",\"item\":\"https:\\\/\\\/www.sj-gauge.com\\\/products\\\/\"},{\"@type\":\"ListItem\",\"position\":3,\"name\":\"Sanitary Diaphragm Seals, SMS Standard\"}]},{\"@type\":\"WebSite\",\"@id\":\"https:\\\/\\\/www.sj-gauge.com\\\/#website\",\"url\":\"https:\\\/\\\/www.sj-gauge.com\\\/\",\"name\":\"SJ Gauge | Pressure Gauges, Thermometers &amp; Pressure Sensors\",\"description\":\"Manufacturer of industrial pressure gauges, pressure sensors, and transmitters. SJ Gauge provides high accuracy, durable materials, and custom solutions for oil &amp; gas, chemical, and industrial applications.\",\"publisher\":{\"@id\":\"https:\\\/\\\/www.sj-gauge.com\\\/#organization\"},\"potentialAction\":[{\"@type\":\"SearchAction\",\"target\":{\"@type\":\"EntryPoint\",\"urlTemplate\":\"https:\\\/\\\/www.sj-gauge.com\\\/?s={search_term_string}\"},\"query-input\":{\"@type\":\"PropertyValueSpecification\",\"valueRequired\":true,\"valueName\":\"search_term_string\"}}],\"inLanguage\":\"vi\"},{\"@type\":\"Organization\",\"@id\":\"https:\\\/\\\/www.sj-gauge.com\\\/#organization\",\"name\":\"SJ Gauge | Pressure Gauges, Thermometers &amp; Pressure Sensors\",\"url\":\"https:\\\/\\\/www.sj-gauge.com\\\/\",\"logo\":{\"@type\":\"ImageObject\",\"inLanguage\":\"vi\",\"@id\":\"https:\\\/\\\/www.sj-gauge.com\\\/#\\\/schema\\\/logo\\\/image\\\/\",\"url\":\"https:\\\/\\\/www.sj-gauge.com\\\/wp-content\\\/uploads\\\/2025\\\/09\\\/logo.webp\",\"contentUrl\":\"https:\\\/\\\/www.sj-gauge.com\\\/wp-content\\\/uploads\\\/2025\\\/09\\\/logo.webp\",\"width\":348,\"height\":184,\"caption\":\"SJ Gauge | Pressure Gauges, Thermometers &amp; Pressure Sensors\"},\"image\":{\"@id\":\"https:\\\/\\\/www.sj-gauge.com\\\/#\\\/schema\\\/logo\\\/image\\\/\"}}]}<\/script>\n<!-- \/ Yoast SEO Premium plugin. -->","yoast_head_json":{"title":"Sanitary Diaphragm Seals, SMS Standard - SJ Gauge | Pressure Gauges, Thermometers &amp; Pressure Sensors","description":"DIS-SMS - Ph\u1edbt m\u00e0ng v\u1ec7 sinh SMS l\u00fd t\u01b0\u1edfng cho c\u00e1c ch\u1ea5t l\u1ecfng c\u00f3 \u0111\u1ed9 nh\u1edbt cao, d\u1ea1ng b\u1ed9t ho\u1eb7c d\u1ec5 \u0111\u00f4ng \u0111\u1eb7c. \u0110\u01b0\u1ee3c thi\u1ebft k\u1ebf \u0111\u1ec3 l\u1eafp \u0111\u1eb7t nhanh ch\u00f3ng v\u00e0 d\u1ec5 d\u00e0ng v\u1ec7 sinh t\u1eeb b\u00ean ngo\u00e0i.","robots":{"index":"index","follow":"follow","max-snippet":"max-snippet:-1","max-image-preview":"max-image-preview:large","max-video-preview":"max-video-preview:-1"},"canonical":"https:\/\/www.sj-gauge.com\/vi\/san-pham\/dis-sms\/","og_locale":"vi_VN","og_type":"article","og_title":"Sanitary Diaphragm Seals, SMS Standard","og_description":"DIS-SMS hygienic SMS diaphragm seal ideal for viscous, powdery, or clotting fluids. Designed for fast installation and easy cleaning from the outside.","og_url":"https:\/\/www.sj-gauge.com\/vi\/san-pham\/dis-sms\/","og_site_name":"SJ Gauge | Pressure Gauges, Thermometers &amp; Pressure Sensors","article_modified_time":"2026-01-28T02:16:18+00:00","og_image":[{"width":1200,"height":1000,"url":"https:\/\/www.sj-gauge.com\/wp-content\/uploads\/2025\/11\/SJ-Gauge_sanitary_diaphragm_seal_SMS_standard_L.jpg","type":"image\/jpeg"}],"twitter_card":"summary_large_image","twitter_misc":{"\u01af\u1edbc t\u00ednh th\u1eddi gian \u0111\u1ecdc":"1 ph\u00fat"},"schema":{"@context":"https:\/\/schema.org","@graph":[{"@type":"WebPage","@id":"https:\/\/www.sj-gauge.com\/product\/dis-sms\/","url":"https:\/\/www.sj-gauge.com\/product\/dis-sms\/","name":"Sanitary Diaphragm Seals, SMS Standard - SJ Gauge | Pressure Gauges, Thermometers &amp; Pressure Sensors","isPartOf":{"@id":"https:\/\/www.sj-gauge.com\/#website"},"primaryImageOfPage":{"@id":"https:\/\/www.sj-gauge.com\/product\/dis-sms\/#primaryimage"},"image":{"@id":"https:\/\/www.sj-gauge.com\/product\/dis-sms\/#primaryimage"},"thumbnailUrl":"https:\/\/www.sj-gauge.com\/wp-content\/uploads\/2025\/11\/SJ-Gauge_sanitary_diaphragm_seal_SMS_standard_L.jpg","datePublished":"2025-11-13T08:13:23+00:00","dateModified":"2026-01-28T02:16:18+00:00","description":"DIS-SMS - Ph\u1edbt m\u00e0ng v\u1ec7 sinh SMS l\u00fd t\u01b0\u1edfng cho c\u00e1c ch\u1ea5t l\u1ecfng c\u00f3 \u0111\u1ed9 nh\u1edbt cao, d\u1ea1ng b\u1ed9t ho\u1eb7c d\u1ec5 \u0111\u00f4ng \u0111\u1eb7c. \u0110\u01b0\u1ee3c thi\u1ebft k\u1ebf \u0111\u1ec3 l\u1eafp \u0111\u1eb7t nhanh ch\u00f3ng v\u00e0 d\u1ec5 d\u00e0ng v\u1ec7 sinh t\u1eeb b\u00ean ngo\u00e0i.","breadcrumb":{"@id":"https:\/\/www.sj-gauge.com\/product\/dis-sms\/#breadcrumb"},"inLanguage":"vi","potentialAction":[{"@type":"ReadAction","target":["https:\/\/www.sj-gauge.com\/product\/dis-sms\/"]}]},{"@type":"ImageObject","inLanguage":"vi","@id":"https:\/\/www.sj-gauge.com\/product\/dis-sms\/#primaryimage","url":"https:\/\/www.sj-gauge.com\/wp-content\/uploads\/2025\/11\/SJ-Gauge_sanitary_diaphragm_seal_SMS_standard_L.jpg","contentUrl":"https:\/\/www.sj-gauge.com\/wp-content\/uploads\/2025\/11\/SJ-Gauge_sanitary_diaphragm_seal_SMS_standard_L.jpg","width":1200,"height":1000},{"@type":"BreadcrumbList","@id":"https:\/\/www.sj-gauge.com\/product\/dis-sms\/#breadcrumb","itemListElement":[{"@type":"ListItem","position":1,"name":"Home","item":"https:\/\/www.sj-gauge.com\/"},{"@type":"ListItem","position":2,"name":"Products","item":"https:\/\/www.sj-gauge.com\/products\/"},{"@type":"ListItem","position":3,"name":"Sanitary Diaphragm Seals, SMS Standard"}]},{"@type":"WebSite","@id":"https:\/\/www.sj-gauge.com\/#website","url":"https:\/\/www.sj-gauge.com\/","name":"SJ Gauge | \u0110\u1ed3ng h\u1ed3 \u0111o \u00e1p su\u1ea5t, nhi\u1ec7t k\u1ebf v\u00e0 c\u1ea3m bi\u1ebfn \u00e1p su\u1ea5t","description":"Nh\u00e0 s\u1ea3n xu\u1ea5t \u0111\u1ed3ng h\u1ed3 \u0111o \u00e1p su\u1ea5t c\u00f4ng nghi\u1ec7p, c\u1ea3m bi\u1ebfn \u00e1p su\u1ea5t v\u00e0 b\u1ed9 truy\u1ec1n t\u00edn hi\u1ec7u. SJ Gauge cung c\u1ea5p c\u00e1c s\u1ea3n ph\u1ea9m c\u00f3 \u0111\u1ed9 ch\u00ednh x\u00e1c cao, \u0111\u01b0\u1ee3c ch\u1ebf t\u1ea1o t\u1eeb v\u1eadt li\u1ec7u b\u1ec1n b\u1ec9 v\u00e0 c\u00e1c gi\u1ea3i ph\u00e1p t\u00f9y ch\u1ec9nh d\u00e0nh cho c\u00e1c \u1ee9ng d\u1ee5ng trong ng\u00e0nh d\u1ea7u kh\u00ed, h\u00f3a ch\u1ea5t v\u00e0 c\u00f4ng nghi\u1ec7p.","publisher":{"@id":"https:\/\/www.sj-gauge.com\/#organization"},"potentialAction":[{"@type":"SearchAction","target":{"@type":"EntryPoint","urlTemplate":"https:\/\/www.sj-gauge.com\/?s={search_term_string}"},"query-input":{"@type":"PropertyValueSpecification","valueRequired":true,"valueName":"search_term_string"}}],"inLanguage":"vi"},{"@type":"Organization","@id":"https:\/\/www.sj-gauge.com\/#organization","name":"SJ Gauge | \u0110\u1ed3ng h\u1ed3 \u0111o \u00e1p su\u1ea5t, nhi\u1ec7t k\u1ebf v\u00e0 c\u1ea3m bi\u1ebfn \u00e1p su\u1ea5t","url":"https:\/\/www.sj-gauge.com\/","logo":{"@type":"ImageObject","inLanguage":"vi","@id":"https:\/\/www.sj-gauge.com\/#\/schema\/logo\/image\/","url":"https:\/\/www.sj-gauge.com\/wp-content\/uploads\/2025\/09\/logo.webp","contentUrl":"https:\/\/www.sj-gauge.com\/wp-content\/uploads\/2025\/09\/logo.webp","width":348,"height":184,"caption":"SJ Gauge | Pressure Gauges, Thermometers &amp; Pressure Sensors"},"image":{"@id":"https:\/\/www.sj-gauge.com\/#\/schema\/logo\/image\/"}}]}},"_links":{"self":[{"href":"https:\/\/www.sj-gauge.com\/vi\/wp-json\/wp\/v2\/product\/1843","targetHints":{"allow":["GET"]}}],"collection":[{"href":"https:\/\/www.sj-gauge.com\/vi\/wp-json\/wp\/v2\/product"}],"about":[{"href":"https:\/\/www.sj-gauge.com\/vi\/wp-json\/wp\/v2\/types\/product"}],"wp:featuredmedia":[{"embeddable":true,"href":"https:\/\/www.sj-gauge.com\/vi\/wp-json\/wp\/v2\/media\/1846"}],"wp:attachment":[{"href":"https:\/\/www.sj-gauge.com\/vi\/wp-json\/wp\/v2\/media?parent=1843"}],"wp:term":[{"taxonomy":"product_brand","embeddable":true,"href":"https:\/\/www.sj-gauge.com\/vi\/wp-json\/wp\/v2\/product_brand?post=1843"},{"taxonomy":"product_cat","embeddable":true,"href":"https:\/\/www.sj-gauge.com\/vi\/wp-json\/wp\/v2\/product_cat?post=1843"},{"taxonomy":"product_tag","embeddable":true,"href":"https:\/\/www.sj-gauge.com\/vi\/wp-json\/wp\/v2\/product_tag?post=1843"}],"curies":[{"name":"wp","href":"https:\/\/api.w.org\/{rel}","templated":true}]}}