{"id":1874,"date":"2025-11-13T17:17:26","date_gmt":"2025-11-13T09:17:26","guid":{"rendered":"https:\/\/sj-gauge.com\/?post_type=product&#038;p=1874"},"modified":"2026-04-09T21:00:45","modified_gmt":"2026-04-09T13:00:45","slug":"dit-h","status":"publish","type":"product","link":"https:\/\/www.sj-gauge.com\/vi\/san-pham\/dit-h\/","title":{"rendered":"K\u1ebft n\u1ed1i ren, \u00e1p su\u1ea5t cao"},"content":{"rendered":"<p>Van m\u00e0ng ch\u1ecbu \u00e1p su\u1ea5t cao DIT-H \u0111\u01b0\u1ee3c thi\u1ebft k\u1ebf cho c\u00e1c \u1ee9ng d\u1ee5ng \u00e1p su\u1ea5t c\u1ef1c cao v\u00e0 cung c\u1ea5p \u0111o l\u01b0\u1eddng \u0111\u00e1ng tin c\u1eady cho c\u00e1c m\u00f4i tr\u01b0\u1eddng \u0103n m\u00f2n, nh\u1edbt ho\u1eb7c ch\u1ee9a h\u1ea1t. S\u1ea3n ph\u1ea9m n\u00e0y \u0111\u01b0\u1ee3c s\u1eed d\u1ee5ng r\u1ed9ng r\u00e3i trong c\u00e1c nh\u00e0 m\u00e1y h\u00f3a d\u1ea7u, h\u1ec7 th\u1ed1ng \u1ed1ng d\u1eabn, c\u00f4ng ngh\u1ec7 x\u1eed l\u00fd n\u01b0\u1edbc th\u1ea3i v\u00e0 c\u00e1c m\u00f4i tr\u01b0\u1eddng c\u00f4ng nghi\u1ec7p \u0111\u00f2i h\u1ecfi kh\u1eaft khe kh\u00e1c. C\u00f3 s\u1eb5n trong c\u1ea3 hai thi\u1ebft k\u1ebf h\u00e0n v\u00e0 ren, n\u00f3 cung c\u1ea5p kh\u1ea3 n\u0103ng ch\u1ecbu \u00e1p su\u1ea5t v\u01b0\u1ee3t tr\u1ed9i v\u00e0 b\u1ea3o v\u1ec7 ch\u1ed1ng \u0103n m\u00f2n, b\u1ea3o v\u1ec7 c\u00e1c \u0111\u1ed3ng h\u1ed3 \u00e1p su\u1ea5t v\u00e0 b\u1ed9 truy\u1ec1n t\u00edn hi\u1ec7u ngay c\u1ea3 trong \u0111i\u1ec1u ki\u1ec7n \u00e1p su\u1ea5t t\u1eeb 10\u2013600 bar. V\u1edbi nhi\u1ec1u l\u1ef1a ch\u1ecdn v\u1eadt li\u1ec7u v\u00e0 k\u1ebft n\u1ed1i ren, s\u1ea3n ph\u1ea9m n\u00e0y cung c\u1ea5p gi\u1ea3i ph\u00e1p t\u00f9y ch\u1ec9nh v\u00e0 b\u1ec1n b\u1ec9 cho vi\u1ec7c \u0111o \u00e1p su\u1ea5t an to\u00e0n v\u00e0 ch\u00ednh x\u00e1c trong c\u00e1c qu\u00e1 tr\u00ecnh \u00e1p su\u1ea5t cao.<\/p>","protected":false},"excerpt":{"rendered":"<ul>\n<li>\u0110\u01b0\u1ee3c khuy\u1ebfn ngh\u1ecb cho c\u00e1c \u1ee9ng d\u1ee5ng \u00e1p su\u1ea5t cao.<\/li>\n<li>\u0110o l\u01b0\u1eddng c\u00e1c ch\u1ea5t l\u1ecfng \u0103n m\u00f2n, c\u00f3 \u0111\u1ed9 nh\u1edbt cao ho\u1eb7c ch\u1ea5t th\u1ea3i sinh ho\u1ea1t.<\/li>\n<li>Ph\u00f9 h\u1ee3p cho ng\u00e0nh c\u00f4ng nghi\u1ec7p h\u00f3a d\u1ea7u, c\u00f4ng ngh\u1ec7 x\u1eed l\u00fd n\u01b0\u1edbc th\u1ea3i, v.v.<\/li>\n<\/ul>","protected":false},"featured_media":1877,"template":"","meta":{"_acf_changed":false},"product_brand":[40],"product_cat":[21,41],"product_tag":[],"class_list":{"0":"post-1874","1":"product","2":"type-product","3":"status-publish","4":"has-post-thumbnail","6":"product_brand-sj-gauge","7":"product_cat-diaphragm-seal","8":"product_cat-pressure-instruments","10":"first","11":"instock","12":"shipping-taxable","13":"product-type-simple"},"acf":[],"yoast_head":"<!-- This site is optimized with the Yoast SEO Premium plugin v26.7 (Yoast SEO v27.4) - https:\/\/yoast.com\/product\/yoast-seo-premium-wordpress\/ -->\n<title>Threaded Connection, High Pressure - SJ Gauge | Pressure Gauges, Thermometers &amp; Pressure Sensors<\/title>\n<meta name=\"description\" content=\"DIT-H designed to isolate pressure gauges and switches from high-pressure, corrosive, viscous, or sediment-heavy process media.\" \/>\n<meta name=\"robots\" content=\"index, follow, max-snippet:-1, max-image-preview:large, max-video-preview:-1\" \/>\n<link rel=\"canonical\" href=\"https:\/\/www.sj-gauge.com\/vi\/san-pham\/dit-h\/\" \/>\n<meta property=\"og:locale\" content=\"vi_VN\" \/>\n<meta property=\"og:type\" content=\"article\" \/>\n<meta property=\"og:title\" content=\"Threaded Connection, High Pressure\" \/>\n<meta property=\"og:description\" content=\"DIT-H designed to isolate pressure gauges and switches from high-pressure, corrosive, viscous, or sediment-heavy process media.\" \/>\n<meta property=\"og:url\" content=\"https:\/\/www.sj-gauge.com\/vi\/san-pham\/dit-h\/\" \/>\n<meta property=\"og:site_name\" content=\"SJ Gauge | Pressure Gauges, Thermometers &amp; Pressure Sensors\" \/>\n<meta property=\"article:modified_time\" content=\"2026-04-09T13:00:45+00:00\" \/>\n<meta property=\"og:image\" content=\"https:\/\/www.sj-gauge.com\/wp-content\/uploads\/2025\/11\/01_SJ_Welded_high_pressure_diaphragm_seals.jpg\" \/>\n\t<meta property=\"og:image:width\" content=\"759\" \/>\n\t<meta property=\"og:image:height\" content=\"640\" \/>\n\t<meta property=\"og:image:type\" content=\"image\/jpeg\" \/>\n<meta name=\"twitter:card\" content=\"summary_large_image\" \/>\n<meta name=\"twitter:label1\" content=\"\u01af\u1edbc t\u00ednh th\u1eddi gian \u0111\u1ecdc\" \/>\n\t<meta name=\"twitter:data1\" content=\"1 ph\u00fat\" \/>\n<script type=\"application\/ld+json\" class=\"yoast-schema-graph\">{\"@context\":\"https:\\\/\\\/schema.org\",\"@graph\":[{\"@type\":\"WebPage\",\"@id\":\"https:\\\/\\\/www.sj-gauge.com\\\/product\\\/dit-h\\\/\",\"url\":\"https:\\\/\\\/www.sj-gauge.com\\\/product\\\/dit-h\\\/\",\"name\":\"Threaded Connection, High Pressure - SJ Gauge | Pressure Gauges, Thermometers &amp; Pressure Sensors\",\"isPartOf\":{\"@id\":\"https:\\\/\\\/www.sj-gauge.com\\\/#website\"},\"primaryImageOfPage\":{\"@id\":\"https:\\\/\\\/www.sj-gauge.com\\\/product\\\/dit-h\\\/#primaryimage\"},\"image\":{\"@id\":\"https:\\\/\\\/www.sj-gauge.com\\\/product\\\/dit-h\\\/#primaryimage\"},\"thumbnailUrl\":\"https:\\\/\\\/www.sj-gauge.com\\\/wp-content\\\/uploads\\\/2025\\\/11\\\/01_SJ_Welded_high_pressure_diaphragm_seals.jpg\",\"datePublished\":\"2025-11-13T09:17:26+00:00\",\"dateModified\":\"2026-04-09T13:00:45+00:00\",\"description\":\"DIT-H designed to isolate pressure gauges and switches from high-pressure, corrosive, viscous, or sediment-heavy process media.\",\"breadcrumb\":{\"@id\":\"https:\\\/\\\/www.sj-gauge.com\\\/product\\\/dit-h\\\/#breadcrumb\"},\"inLanguage\":\"vi\",\"potentialAction\":[{\"@type\":\"ReadAction\",\"target\":[\"https:\\\/\\\/www.sj-gauge.com\\\/product\\\/dit-h\\\/\"]}]},{\"@type\":\"ImageObject\",\"inLanguage\":\"vi\",\"@id\":\"https:\\\/\\\/www.sj-gauge.com\\\/product\\\/dit-h\\\/#primaryimage\",\"url\":\"https:\\\/\\\/www.sj-gauge.com\\\/wp-content\\\/uploads\\\/2025\\\/11\\\/01_SJ_Welded_high_pressure_diaphragm_seals.jpg\",\"contentUrl\":\"https:\\\/\\\/www.sj-gauge.com\\\/wp-content\\\/uploads\\\/2025\\\/11\\\/01_SJ_Welded_high_pressure_diaphragm_seals.jpg\",\"width\":759,\"height\":640},{\"@type\":\"BreadcrumbList\",\"@id\":\"https:\\\/\\\/www.sj-gauge.com\\\/product\\\/dit-h\\\/#breadcrumb\",\"itemListElement\":[{\"@type\":\"ListItem\",\"position\":1,\"name\":\"Home\",\"item\":\"https:\\\/\\\/www.sj-gauge.com\\\/\"},{\"@type\":\"ListItem\",\"position\":2,\"name\":\"Products\",\"item\":\"https:\\\/\\\/www.sj-gauge.com\\\/products\\\/\"},{\"@type\":\"ListItem\",\"position\":3,\"name\":\"Threaded Connection, High Pressure\"}]},{\"@type\":\"WebSite\",\"@id\":\"https:\\\/\\\/www.sj-gauge.com\\\/#website\",\"url\":\"https:\\\/\\\/www.sj-gauge.com\\\/\",\"name\":\"SJ Gauge | Pressure Gauges, Thermometers &amp; Pressure Sensors\",\"description\":\"Manufacturer of industrial pressure gauges, pressure sensors, and transmitters. SJ Gauge provides high accuracy, durable materials, and custom solutions for oil &amp; gas, chemical, and industrial applications.\",\"publisher\":{\"@id\":\"https:\\\/\\\/www.sj-gauge.com\\\/#organization\"},\"potentialAction\":[{\"@type\":\"SearchAction\",\"target\":{\"@type\":\"EntryPoint\",\"urlTemplate\":\"https:\\\/\\\/www.sj-gauge.com\\\/?s={search_term_string}\"},\"query-input\":{\"@type\":\"PropertyValueSpecification\",\"valueRequired\":true,\"valueName\":\"search_term_string\"}}],\"inLanguage\":\"vi\"},{\"@type\":\"Organization\",\"@id\":\"https:\\\/\\\/www.sj-gauge.com\\\/#organization\",\"name\":\"SJ Gauge | Pressure Gauges, Thermometers &amp; Pressure Sensors\",\"url\":\"https:\\\/\\\/www.sj-gauge.com\\\/\",\"logo\":{\"@type\":\"ImageObject\",\"inLanguage\":\"vi\",\"@id\":\"https:\\\/\\\/www.sj-gauge.com\\\/#\\\/schema\\\/logo\\\/image\\\/\",\"url\":\"https:\\\/\\\/www.sj-gauge.com\\\/wp-content\\\/uploads\\\/2025\\\/09\\\/logo.webp\",\"contentUrl\":\"https:\\\/\\\/www.sj-gauge.com\\\/wp-content\\\/uploads\\\/2025\\\/09\\\/logo.webp\",\"width\":348,\"height\":184,\"caption\":\"SJ Gauge | Pressure Gauges, Thermometers &amp; Pressure Sensors\"},\"image\":{\"@id\":\"https:\\\/\\\/www.sj-gauge.com\\\/#\\\/schema\\\/logo\\\/image\\\/\"}}]}<\/script>\n<!-- \/ Yoast SEO Premium plugin. -->","yoast_head_json":{"title":"K\u1ebft n\u1ed1i ren, \u00e1p su\u1ea5t cao - SJ Gauge | \u0110\u1ed3ng h\u1ed3 \u0111o \u00e1p su\u1ea5t, nhi\u1ec7t k\u1ebf v\u00e0 c\u1ea3m bi\u1ebfn \u00e1p su\u1ea5t","description":"DIT-H \u0111\u01b0\u1ee3c thi\u1ebft k\u1ebf \u0111\u1ec3 c\u00e1ch ly c\u00e1c \u0111\u1ed3ng h\u1ed3 \u00e1p su\u1ea5t v\u00e0 c\u00f4ng t\u1eafc kh\u1ecfi m\u00f4i tr\u01b0\u1eddng qu\u00e1 tr\u00ecnh c\u00f3 \u00e1p su\u1ea5t cao, \u0103n m\u00f2n, nh\u1edbt ho\u1eb7c ch\u1ee9a nhi\u1ec1u c\u1eb7n b\u1ea9n.","robots":{"index":"index","follow":"follow","max-snippet":"max-snippet:-1","max-image-preview":"max-image-preview:large","max-video-preview":"max-video-preview:-1"},"canonical":"https:\/\/www.sj-gauge.com\/vi\/san-pham\/dit-h\/","og_locale":"vi_VN","og_type":"article","og_title":"Threaded Connection, High Pressure","og_description":"DIT-H designed to isolate pressure gauges and switches from high-pressure, corrosive, viscous, or sediment-heavy process media.","og_url":"https:\/\/www.sj-gauge.com\/vi\/san-pham\/dit-h\/","og_site_name":"SJ Gauge | Pressure Gauges, Thermometers &amp; Pressure Sensors","article_modified_time":"2026-04-09T13:00:45+00:00","og_image":[{"width":759,"height":640,"url":"https:\/\/www.sj-gauge.com\/wp-content\/uploads\/2025\/11\/01_SJ_Welded_high_pressure_diaphragm_seals.jpg","type":"image\/jpeg"}],"twitter_card":"summary_large_image","twitter_misc":{"\u01af\u1edbc t\u00ednh th\u1eddi gian \u0111\u1ecdc":"1 ph\u00fat"},"schema":{"@context":"https:\/\/schema.org","@graph":[{"@type":"WebPage","@id":"https:\/\/www.sj-gauge.com\/product\/dit-h\/","url":"https:\/\/www.sj-gauge.com\/product\/dit-h\/","name":"K\u1ebft n\u1ed1i ren, \u00e1p su\u1ea5t cao - SJ Gauge | \u0110\u1ed3ng h\u1ed3 \u0111o \u00e1p su\u1ea5t, nhi\u1ec7t k\u1ebf v\u00e0 c\u1ea3m bi\u1ebfn \u00e1p su\u1ea5t","isPartOf":{"@id":"https:\/\/www.sj-gauge.com\/#website"},"primaryImageOfPage":{"@id":"https:\/\/www.sj-gauge.com\/product\/dit-h\/#primaryimage"},"image":{"@id":"https:\/\/www.sj-gauge.com\/product\/dit-h\/#primaryimage"},"thumbnailUrl":"https:\/\/www.sj-gauge.com\/wp-content\/uploads\/2025\/11\/01_SJ_Welded_high_pressure_diaphragm_seals.jpg","datePublished":"2025-11-13T09:17:26+00:00","dateModified":"2026-04-09T13:00:45+00:00","description":"DIT-H \u0111\u01b0\u1ee3c thi\u1ebft k\u1ebf \u0111\u1ec3 c\u00e1ch ly c\u00e1c \u0111\u1ed3ng h\u1ed3 \u00e1p su\u1ea5t v\u00e0 c\u00f4ng t\u1eafc kh\u1ecfi m\u00f4i tr\u01b0\u1eddng qu\u00e1 tr\u00ecnh c\u00f3 \u00e1p su\u1ea5t cao, \u0103n m\u00f2n, nh\u1edbt ho\u1eb7c ch\u1ee9a nhi\u1ec1u c\u1eb7n b\u1ea9n.","breadcrumb":{"@id":"https:\/\/www.sj-gauge.com\/product\/dit-h\/#breadcrumb"},"inLanguage":"vi","potentialAction":[{"@type":"ReadAction","target":["https:\/\/www.sj-gauge.com\/product\/dit-h\/"]}]},{"@type":"ImageObject","inLanguage":"vi","@id":"https:\/\/www.sj-gauge.com\/product\/dit-h\/#primaryimage","url":"https:\/\/www.sj-gauge.com\/wp-content\/uploads\/2025\/11\/01_SJ_Welded_high_pressure_diaphragm_seals.jpg","contentUrl":"https:\/\/www.sj-gauge.com\/wp-content\/uploads\/2025\/11\/01_SJ_Welded_high_pressure_diaphragm_seals.jpg","width":759,"height":640},{"@type":"BreadcrumbList","@id":"https:\/\/www.sj-gauge.com\/product\/dit-h\/#breadcrumb","itemListElement":[{"@type":"ListItem","position":1,"name":"Home","item":"https:\/\/www.sj-gauge.com\/"},{"@type":"ListItem","position":2,"name":"Products","item":"https:\/\/www.sj-gauge.com\/products\/"},{"@type":"ListItem","position":3,"name":"Threaded Connection, High Pressure"}]},{"@type":"WebSite","@id":"https:\/\/www.sj-gauge.com\/#website","url":"https:\/\/www.sj-gauge.com\/","name":"SJ Gauge | \u0110\u1ed3ng h\u1ed3 \u0111o \u00e1p su\u1ea5t, nhi\u1ec7t k\u1ebf v\u00e0 c\u1ea3m bi\u1ebfn \u00e1p su\u1ea5t","description":"Nh\u00e0 s\u1ea3n xu\u1ea5t \u0111\u1ed3ng h\u1ed3 \u0111o \u00e1p su\u1ea5t c\u00f4ng nghi\u1ec7p, c\u1ea3m bi\u1ebfn \u00e1p su\u1ea5t v\u00e0 b\u1ed9 truy\u1ec1n t\u00edn hi\u1ec7u. SJ Gauge cung c\u1ea5p c\u00e1c s\u1ea3n ph\u1ea9m c\u00f3 \u0111\u1ed9 ch\u00ednh x\u00e1c cao, \u0111\u01b0\u1ee3c ch\u1ebf t\u1ea1o t\u1eeb v\u1eadt li\u1ec7u b\u1ec1n b\u1ec9 v\u00e0 c\u00e1c gi\u1ea3i ph\u00e1p t\u00f9y ch\u1ec9nh d\u00e0nh cho c\u00e1c \u1ee9ng d\u1ee5ng trong ng\u00e0nh d\u1ea7u kh\u00ed, h\u00f3a ch\u1ea5t v\u00e0 c\u00f4ng nghi\u1ec7p.","publisher":{"@id":"https:\/\/www.sj-gauge.com\/#organization"},"potentialAction":[{"@type":"SearchAction","target":{"@type":"EntryPoint","urlTemplate":"https:\/\/www.sj-gauge.com\/?s={search_term_string}"},"query-input":{"@type":"PropertyValueSpecification","valueRequired":true,"valueName":"search_term_string"}}],"inLanguage":"vi"},{"@type":"Organization","@id":"https:\/\/www.sj-gauge.com\/#organization","name":"SJ Gauge | \u0110\u1ed3ng h\u1ed3 \u0111o \u00e1p su\u1ea5t, nhi\u1ec7t k\u1ebf v\u00e0 c\u1ea3m bi\u1ebfn \u00e1p su\u1ea5t","url":"https:\/\/www.sj-gauge.com\/","logo":{"@type":"ImageObject","inLanguage":"vi","@id":"https:\/\/www.sj-gauge.com\/#\/schema\/logo\/image\/","url":"https:\/\/www.sj-gauge.com\/wp-content\/uploads\/2025\/09\/logo.webp","contentUrl":"https:\/\/www.sj-gauge.com\/wp-content\/uploads\/2025\/09\/logo.webp","width":348,"height":184,"caption":"SJ Gauge | Pressure Gauges, Thermometers &amp; Pressure Sensors"},"image":{"@id":"https:\/\/www.sj-gauge.com\/#\/schema\/logo\/image\/"}}]}},"_links":{"self":[{"href":"https:\/\/www.sj-gauge.com\/vi\/wp-json\/wp\/v2\/product\/1874","targetHints":{"allow":["GET"]}}],"collection":[{"href":"https:\/\/www.sj-gauge.com\/vi\/wp-json\/wp\/v2\/product"}],"about":[{"href":"https:\/\/www.sj-gauge.com\/vi\/wp-json\/wp\/v2\/types\/product"}],"wp:featuredmedia":[{"embeddable":true,"href":"https:\/\/www.sj-gauge.com\/vi\/wp-json\/wp\/v2\/media\/1877"}],"wp:attachment":[{"href":"https:\/\/www.sj-gauge.com\/vi\/wp-json\/wp\/v2\/media?parent=1874"}],"wp:term":[{"taxonomy":"product_brand","embeddable":true,"href":"https:\/\/www.sj-gauge.com\/vi\/wp-json\/wp\/v2\/product_brand?post=1874"},{"taxonomy":"product_cat","embeddable":true,"href":"https:\/\/www.sj-gauge.com\/vi\/wp-json\/wp\/v2\/product_cat?post=1874"},{"taxonomy":"product_tag","embeddable":true,"href":"https:\/\/www.sj-gauge.com\/vi\/wp-json\/wp\/v2\/product_tag?post=1874"}],"curies":[{"name":"wp","href":"https:\/\/api.w.org\/{rel}","templated":true}]}}