{"id":1886,"date":"2025-11-14T13:33:57","date_gmt":"2025-11-14T05:33:57","guid":{"rendered":"https:\/\/sj-gauge.com\/?post_type=product&#038;p=1886"},"modified":"2026-04-29T22:42:43","modified_gmt":"2026-04-29T14:42:43","slug":"dit-p","status":"publish","type":"product","link":"https:\/\/www.sj-gauge.com\/vi\/san-pham\/dit-p\/","title":{"rendered":"K\u1ebft n\u1ed1i ren b\u1eb1ng nh\u1ef1a ch\u1ed1ng \u0103n m\u00f2n"},"content":{"rendered":"<p>Van m\u00e0ng ch\u1ed1ng \u0103n m\u00f2n DIT-P c\u00f3 th\u00e2n tr\u00ean b\u1eb1ng kim lo\u1ea1i k\u1ebft h\u1ee3p v\u1edbi th\u00e2n d\u01b0\u1edbi b\u1eb1ng nh\u1ef1a, cung c\u1ea5p kh\u1ea3 n\u0103ng ch\u1ed1ng \u0103n m\u00f2n h\u00f3a h\u1ecdc xu\u1ea5t s\u1eafc v\u00e0 truy\u1ec1n \u00e1p su\u1ea5t \u1ed5n \u0111\u1ecbnh. C\u1ea5u tr\u00fac m\u00e0ng k\u00e9p ch\u1ecbu qu\u00e1 t\u1ea3i c\u1ee7a n\u00f3 ch\u1ecbu \u0111\u01b0\u1ee3c c\u00e1c \u0111\u1ec9nh \u00e1p su\u1ea5t \u0111\u1ed9t ng\u1ed9t, trong khi c\u00f4ng ngh\u1ec7 ch\u1ea5t l\u1ecfng \u0111i\u1ec1n ti\u00ean ti\u1ebfn gi\u1ea3m thi\u1ec3u t\u00e1c \u0111\u1ed9ng c\u1ee7a nhi\u1ec7t \u0111\u1ed9 v\u00e0 \u00e1p su\u1ea5t t\u0129nh. V\u1edbi v\u1ecf b\u1ea3o v\u1ec7 kim lo\u1ea1i c\u00f3 \u0111\u1ed9 b\u1ec1n cao, DIT-P l\u00fd t\u01b0\u1edfng cho c\u00e1c ch\u1ea5t l\u1ecfng \u0103n m\u00f2n, x\u1eed l\u00fd h\u00f3a ch\u1ea5t v\u00e0 m\u00f4i tr\u01b0\u1eddng nguy hi\u1ec3m. S\u1ea3n ph\u1ea9m c\u00f3 s\u1eb5n trong nhi\u1ec1u k\u00edch th\u01b0\u1edbc (70, 90, 130, 160 mm) v\u00e0 v\u1eadt li\u1ec7u nh\u01b0 PP, PVC, PVDF v\u00e0 PTFE, h\u1ed7 tr\u1ee3 c\u00e1c k\u1ebft n\u1ed1i ren v\u00e0 h\u00e0n, v\u00e0 c\u00f3 th\u1ec3 k\u1ebft h\u1ee3p v\u1edbi \u0111\u1ed3ng h\u1ed3 \u00e1p su\u1ea5t ho\u1eb7c b\u1ed9 truy\u1ec1n t\u00edn hi\u1ec7u \u2014 t\u1ea1o n\u00ean gi\u1ea3i ph\u00e1p \u0111\u00f3ng k\u00edn \u0111\u00e1ng tin c\u1eady cho m\u00f4i tr\u01b0\u1eddng kh\u1eafc nghi\u1ec7t v\u00e0 \u0103n m\u00f2n.<\/p>","protected":false},"excerpt":{"rendered":"<ul>\n<li>\u0110\u01b0\u1ee3c l\u00e0m t\u1eeb PTFE\/PP \u0111\u1ec3 ch\u1ed1ng l\u1ea1i axit v\u00e0 ki\u1ec1m m\u1ea1nh m\u1ed9t c\u00e1ch hi\u1ec7u qu\u1ea3<\/li>\n<li>T\u00e1ch ph\u01b0\u01a1ng ti\u1ec7n truy\u1ec1n th\u00f4ng kh\u1ecfi thi\u1ebft b\u1ecb \u0111o \u0111\u1ec3 tr\u00e1nh l\u00e0m h\u1ecfng c\u00e1c b\u1ed9 ph\u1eadn b\u00ean trong<\/li>\n<li>R\u1ea5t ph\u00f9 h\u1ee3p v\u1edbi c\u00e1c ch\u1ea5t l\u1ecfng c\u00f3 \u0111\u1ed9 nh\u1edbt cao ho\u1eb7c ch\u1ee9a nhi\u1ec1u h\u1ea1t, \u0111\u1ea3m b\u1ea3o \u0111\u1ed9 ch\u00ednh x\u00e1c c\u1ee7a c\u00e1c ch\u1ec9 s\u1ed1 \u00e1p su\u1ea5t<\/li>\n<\/ul>","protected":false},"featured_media":1896,"template":"","meta":{"_acf_changed":false},"product_brand":[40],"product_cat":[21,41],"product_tag":[],"class_list":{"0":"post-1886","1":"product","2":"type-product","3":"status-publish","4":"has-post-thumbnail","6":"product_brand-sj-gauge","7":"product_cat-diaphragm-seal","8":"product_cat-pressure-instruments","10":"first","11":"instock","12":"shipping-taxable","13":"product-type-simple"},"acf":[],"yoast_head":"<!-- This site is optimized with the Yoast SEO Premium plugin v26.7 (Yoast SEO v27.4) - https:\/\/yoast.com\/product\/yoast-seo-premium-wordpress\/ -->\n<title>Threaded Connection with Corrosion-resistant Plastic - SJ Gauge | Pressure Gauges, Thermometers &amp; Pressure Sensors<\/title>\n<meta name=\"description\" content=\"DIT-P all-plastic threaded diaphragm seal resists corrosive fluids and is ideal for chemical plants. Available in various materials for diaphragm body\" \/>\n<meta name=\"robots\" content=\"index, follow, max-snippet:-1, max-image-preview:large, max-video-preview:-1\" \/>\n<link rel=\"canonical\" href=\"https:\/\/www.sj-gauge.com\/vi\/san-pham\/dit-p\/\" \/>\n<meta property=\"og:locale\" content=\"vi_VN\" \/>\n<meta property=\"og:type\" content=\"article\" \/>\n<meta property=\"og:title\" content=\"Threaded Connection with Corrosion-resistant Plastic\" \/>\n<meta property=\"og:description\" content=\"DIT-P all-plastic threaded diaphragm seal resists corrosive fluids and is ideal for chemical plants. Available in various materials for diaphragm body\" \/>\n<meta property=\"og:url\" content=\"https:\/\/www.sj-gauge.com\/vi\/san-pham\/dit-p\/\" \/>\n<meta property=\"og:site_name\" content=\"SJ Gauge | Pressure Gauges, Thermometers &amp; Pressure Sensors\" \/>\n<meta property=\"article:modified_time\" content=\"2026-04-29T14:42:43+00:00\" \/>\n<meta property=\"og:image\" content=\"https:\/\/www.sj-gauge.com\/wp-content\/uploads\/2025\/11\/SJ-Gauge-diaphragm-seals-threaded-connection-corrosion-resistant-plastic.jpg\" \/>\n\t<meta property=\"og:image:width\" content=\"1200\" \/>\n\t<meta property=\"og:image:height\" content=\"1000\" \/>\n\t<meta property=\"og:image:type\" content=\"image\/jpeg\" \/>\n<meta name=\"twitter:card\" content=\"summary_large_image\" \/>\n<meta name=\"twitter:label1\" content=\"\u01af\u1edbc t\u00ednh th\u1eddi gian \u0111\u1ecdc\" \/>\n\t<meta name=\"twitter:data1\" content=\"1 ph\u00fat\" \/>\n<script type=\"application\/ld+json\" class=\"yoast-schema-graph\">{\"@context\":\"https:\\\/\\\/schema.org\",\"@graph\":[{\"@type\":\"WebPage\",\"@id\":\"https:\\\/\\\/www.sj-gauge.com\\\/product\\\/dit-p\\\/\",\"url\":\"https:\\\/\\\/www.sj-gauge.com\\\/product\\\/dit-p\\\/\",\"name\":\"Threaded Connection with Corrosion-resistant Plastic - SJ Gauge | Pressure Gauges, Thermometers &amp; Pressure Sensors\",\"isPartOf\":{\"@id\":\"https:\\\/\\\/www.sj-gauge.com\\\/#website\"},\"primaryImageOfPage\":{\"@id\":\"https:\\\/\\\/www.sj-gauge.com\\\/product\\\/dit-p\\\/#primaryimage\"},\"image\":{\"@id\":\"https:\\\/\\\/www.sj-gauge.com\\\/product\\\/dit-p\\\/#primaryimage\"},\"thumbnailUrl\":\"https:\\\/\\\/www.sj-gauge.com\\\/wp-content\\\/uploads\\\/2025\\\/11\\\/SJ-Gauge-diaphragm-seals-threaded-connection-corrosion-resistant-plastic.jpg\",\"datePublished\":\"2025-11-14T05:33:57+00:00\",\"dateModified\":\"2026-04-29T14:42:43+00:00\",\"description\":\"DIT-P all-plastic threaded diaphragm seal resists corrosive fluids and is ideal for chemical plants. Available in various materials for diaphragm body\",\"breadcrumb\":{\"@id\":\"https:\\\/\\\/www.sj-gauge.com\\\/product\\\/dit-p\\\/#breadcrumb\"},\"inLanguage\":\"vi\",\"potentialAction\":[{\"@type\":\"ReadAction\",\"target\":[\"https:\\\/\\\/www.sj-gauge.com\\\/product\\\/dit-p\\\/\"]}]},{\"@type\":\"ImageObject\",\"inLanguage\":\"vi\",\"@id\":\"https:\\\/\\\/www.sj-gauge.com\\\/product\\\/dit-p\\\/#primaryimage\",\"url\":\"https:\\\/\\\/www.sj-gauge.com\\\/wp-content\\\/uploads\\\/2025\\\/11\\\/SJ-Gauge-diaphragm-seals-threaded-connection-corrosion-resistant-plastic.jpg\",\"contentUrl\":\"https:\\\/\\\/www.sj-gauge.com\\\/wp-content\\\/uploads\\\/2025\\\/11\\\/SJ-Gauge-diaphragm-seals-threaded-connection-corrosion-resistant-plastic.jpg\",\"width\":1200,\"height\":1000},{\"@type\":\"BreadcrumbList\",\"@id\":\"https:\\\/\\\/www.sj-gauge.com\\\/product\\\/dit-p\\\/#breadcrumb\",\"itemListElement\":[{\"@type\":\"ListItem\",\"position\":1,\"name\":\"Home\",\"item\":\"https:\\\/\\\/www.sj-gauge.com\\\/\"},{\"@type\":\"ListItem\",\"position\":2,\"name\":\"Products\",\"item\":\"https:\\\/\\\/www.sj-gauge.com\\\/products\\\/\"},{\"@type\":\"ListItem\",\"position\":3,\"name\":\"Threaded Connection with Corrosion-resistant Plastic\"}]},{\"@type\":\"WebSite\",\"@id\":\"https:\\\/\\\/www.sj-gauge.com\\\/#website\",\"url\":\"https:\\\/\\\/www.sj-gauge.com\\\/\",\"name\":\"SJ Gauge | Pressure Gauges, Thermometers &amp; Pressure Sensors\",\"description\":\"Manufacturer of industrial pressure gauges, pressure sensors, and transmitters. SJ Gauge provides high accuracy, durable materials, and custom solutions for oil &amp; gas, chemical, and industrial applications.\",\"publisher\":{\"@id\":\"https:\\\/\\\/www.sj-gauge.com\\\/#organization\"},\"potentialAction\":[{\"@type\":\"SearchAction\",\"target\":{\"@type\":\"EntryPoint\",\"urlTemplate\":\"https:\\\/\\\/www.sj-gauge.com\\\/?s={search_term_string}\"},\"query-input\":{\"@type\":\"PropertyValueSpecification\",\"valueRequired\":true,\"valueName\":\"search_term_string\"}}],\"inLanguage\":\"vi\"},{\"@type\":\"Organization\",\"@id\":\"https:\\\/\\\/www.sj-gauge.com\\\/#organization\",\"name\":\"SJ Gauge | Pressure Gauges, Thermometers &amp; Pressure Sensors\",\"url\":\"https:\\\/\\\/www.sj-gauge.com\\\/\",\"logo\":{\"@type\":\"ImageObject\",\"inLanguage\":\"vi\",\"@id\":\"https:\\\/\\\/www.sj-gauge.com\\\/#\\\/schema\\\/logo\\\/image\\\/\",\"url\":\"https:\\\/\\\/www.sj-gauge.com\\\/wp-content\\\/uploads\\\/2025\\\/09\\\/logo.webp\",\"contentUrl\":\"https:\\\/\\\/www.sj-gauge.com\\\/wp-content\\\/uploads\\\/2025\\\/09\\\/logo.webp\",\"width\":348,\"height\":184,\"caption\":\"SJ Gauge | Pressure Gauges, Thermometers &amp; Pressure Sensors\"},\"image\":{\"@id\":\"https:\\\/\\\/www.sj-gauge.com\\\/#\\\/schema\\\/logo\\\/image\\\/\"}}]}<\/script>\n<!-- \/ Yoast SEO Premium plugin. -->","yoast_head_json":{"title":"K\u1ebft n\u1ed1i ren b\u1eb1ng nh\u1ef1a ch\u1ed1ng \u0103n m\u00f2n - SJ Gauge | \u0110\u1ed3ng h\u1ed3 \u0111o \u00e1p su\u1ea5t, nhi\u1ec7t k\u1ebf v\u00e0 c\u1ea3m bi\u1ebfn \u00e1p su\u1ea5t","description":"DIT-P - Ph\u1edbt m\u00e0ng nh\u1ef1a to\u00e0n ph\u1ea7n c\u00f3 ren ch\u1ecbu \u0111\u01b0\u1ee3c c\u00e1c ch\u1ea5t l\u1ecfng \u0103n m\u00f2n v\u00e0 l\u00e0 l\u1ef1a ch\u1ecdn l\u00fd t\u01b0\u1edfng cho c\u00e1c nh\u00e0 m\u00e1y h\u00f3a ch\u1ea5t. C\u00f3 s\u1eb5n trong c\u00e1c v\u1eadt li\u1ec7u kh\u00e1c nhau cho th\u00e2n ph\u1edbt m\u00e0ng.","robots":{"index":"index","follow":"follow","max-snippet":"max-snippet:-1","max-image-preview":"max-image-preview:large","max-video-preview":"max-video-preview:-1"},"canonical":"https:\/\/www.sj-gauge.com\/vi\/san-pham\/dit-p\/","og_locale":"vi_VN","og_type":"article","og_title":"Threaded Connection with Corrosion-resistant Plastic","og_description":"DIT-P all-plastic threaded diaphragm seal resists corrosive fluids and is ideal for chemical plants. Available in various materials for diaphragm body","og_url":"https:\/\/www.sj-gauge.com\/vi\/san-pham\/dit-p\/","og_site_name":"SJ Gauge | Pressure Gauges, Thermometers &amp; Pressure Sensors","article_modified_time":"2026-04-29T14:42:43+00:00","og_image":[{"width":1200,"height":1000,"url":"https:\/\/www.sj-gauge.com\/wp-content\/uploads\/2025\/11\/SJ-Gauge-diaphragm-seals-threaded-connection-corrosion-resistant-plastic.jpg","type":"image\/jpeg"}],"twitter_card":"summary_large_image","twitter_misc":{"\u01af\u1edbc t\u00ednh th\u1eddi gian \u0111\u1ecdc":"1 ph\u00fat"},"schema":{"@context":"https:\/\/schema.org","@graph":[{"@type":"WebPage","@id":"https:\/\/www.sj-gauge.com\/product\/dit-p\/","url":"https:\/\/www.sj-gauge.com\/product\/dit-p\/","name":"K\u1ebft n\u1ed1i ren b\u1eb1ng nh\u1ef1a ch\u1ed1ng \u0103n m\u00f2n - SJ Gauge | \u0110\u1ed3ng h\u1ed3 \u0111o \u00e1p su\u1ea5t, nhi\u1ec7t k\u1ebf v\u00e0 c\u1ea3m bi\u1ebfn \u00e1p su\u1ea5t","isPartOf":{"@id":"https:\/\/www.sj-gauge.com\/#website"},"primaryImageOfPage":{"@id":"https:\/\/www.sj-gauge.com\/product\/dit-p\/#primaryimage"},"image":{"@id":"https:\/\/www.sj-gauge.com\/product\/dit-p\/#primaryimage"},"thumbnailUrl":"https:\/\/www.sj-gauge.com\/wp-content\/uploads\/2025\/11\/SJ-Gauge-diaphragm-seals-threaded-connection-corrosion-resistant-plastic.jpg","datePublished":"2025-11-14T05:33:57+00:00","dateModified":"2026-04-29T14:42:43+00:00","description":"DIT-P - Ph\u1edbt m\u00e0ng nh\u1ef1a to\u00e0n ph\u1ea7n c\u00f3 ren ch\u1ecbu \u0111\u01b0\u1ee3c c\u00e1c ch\u1ea5t l\u1ecfng \u0103n m\u00f2n v\u00e0 l\u00e0 l\u1ef1a ch\u1ecdn l\u00fd t\u01b0\u1edfng cho c\u00e1c nh\u00e0 m\u00e1y h\u00f3a ch\u1ea5t. C\u00f3 s\u1eb5n trong c\u00e1c v\u1eadt li\u1ec7u kh\u00e1c nhau cho th\u00e2n ph\u1edbt m\u00e0ng.","breadcrumb":{"@id":"https:\/\/www.sj-gauge.com\/product\/dit-p\/#breadcrumb"},"inLanguage":"vi","potentialAction":[{"@type":"ReadAction","target":["https:\/\/www.sj-gauge.com\/product\/dit-p\/"]}]},{"@type":"ImageObject","inLanguage":"vi","@id":"https:\/\/www.sj-gauge.com\/product\/dit-p\/#primaryimage","url":"https:\/\/www.sj-gauge.com\/wp-content\/uploads\/2025\/11\/SJ-Gauge-diaphragm-seals-threaded-connection-corrosion-resistant-plastic.jpg","contentUrl":"https:\/\/www.sj-gauge.com\/wp-content\/uploads\/2025\/11\/SJ-Gauge-diaphragm-seals-threaded-connection-corrosion-resistant-plastic.jpg","width":1200,"height":1000},{"@type":"BreadcrumbList","@id":"https:\/\/www.sj-gauge.com\/product\/dit-p\/#breadcrumb","itemListElement":[{"@type":"ListItem","position":1,"name":"Home","item":"https:\/\/www.sj-gauge.com\/"},{"@type":"ListItem","position":2,"name":"Products","item":"https:\/\/www.sj-gauge.com\/products\/"},{"@type":"ListItem","position":3,"name":"Threaded Connection with Corrosion-resistant Plastic"}]},{"@type":"WebSite","@id":"https:\/\/www.sj-gauge.com\/#website","url":"https:\/\/www.sj-gauge.com\/","name":"SJ Gauge | \u0110\u1ed3ng h\u1ed3 \u0111o \u00e1p su\u1ea5t, nhi\u1ec7t k\u1ebf v\u00e0 c\u1ea3m bi\u1ebfn \u00e1p su\u1ea5t","description":"Nh\u00e0 s\u1ea3n xu\u1ea5t \u0111\u1ed3ng h\u1ed3 \u0111o \u00e1p su\u1ea5t c\u00f4ng nghi\u1ec7p, c\u1ea3m bi\u1ebfn \u00e1p su\u1ea5t v\u00e0 b\u1ed9 truy\u1ec1n t\u00edn hi\u1ec7u. SJ Gauge cung c\u1ea5p c\u00e1c s\u1ea3n ph\u1ea9m c\u00f3 \u0111\u1ed9 ch\u00ednh x\u00e1c cao, \u0111\u01b0\u1ee3c ch\u1ebf t\u1ea1o t\u1eeb v\u1eadt li\u1ec7u b\u1ec1n b\u1ec9 v\u00e0 c\u00e1c gi\u1ea3i ph\u00e1p t\u00f9y ch\u1ec9nh d\u00e0nh cho c\u00e1c \u1ee9ng d\u1ee5ng trong ng\u00e0nh d\u1ea7u kh\u00ed, h\u00f3a ch\u1ea5t v\u00e0 c\u00f4ng nghi\u1ec7p.","publisher":{"@id":"https:\/\/www.sj-gauge.com\/#organization"},"potentialAction":[{"@type":"SearchAction","target":{"@type":"EntryPoint","urlTemplate":"https:\/\/www.sj-gauge.com\/?s={search_term_string}"},"query-input":{"@type":"PropertyValueSpecification","valueRequired":true,"valueName":"search_term_string"}}],"inLanguage":"vi"},{"@type":"Organization","@id":"https:\/\/www.sj-gauge.com\/#organization","name":"SJ Gauge | \u0110\u1ed3ng h\u1ed3 \u0111o \u00e1p su\u1ea5t, nhi\u1ec7t k\u1ebf v\u00e0 c\u1ea3m bi\u1ebfn \u00e1p su\u1ea5t","url":"https:\/\/www.sj-gauge.com\/","logo":{"@type":"ImageObject","inLanguage":"vi","@id":"https:\/\/www.sj-gauge.com\/#\/schema\/logo\/image\/","url":"https:\/\/www.sj-gauge.com\/wp-content\/uploads\/2025\/09\/logo.webp","contentUrl":"https:\/\/www.sj-gauge.com\/wp-content\/uploads\/2025\/09\/logo.webp","width":348,"height":184,"caption":"SJ Gauge | Pressure Gauges, Thermometers &amp; Pressure Sensors"},"image":{"@id":"https:\/\/www.sj-gauge.com\/#\/schema\/logo\/image\/"}}]}},"_links":{"self":[{"href":"https:\/\/www.sj-gauge.com\/vi\/wp-json\/wp\/v2\/product\/1886","targetHints":{"allow":["GET"]}}],"collection":[{"href":"https:\/\/www.sj-gauge.com\/vi\/wp-json\/wp\/v2\/product"}],"about":[{"href":"https:\/\/www.sj-gauge.com\/vi\/wp-json\/wp\/v2\/types\/product"}],"wp:featuredmedia":[{"embeddable":true,"href":"https:\/\/www.sj-gauge.com\/vi\/wp-json\/wp\/v2\/media\/1896"}],"wp:attachment":[{"href":"https:\/\/www.sj-gauge.com\/vi\/wp-json\/wp\/v2\/media?parent=1886"}],"wp:term":[{"taxonomy":"product_brand","embeddable":true,"href":"https:\/\/www.sj-gauge.com\/vi\/wp-json\/wp\/v2\/product_brand?post=1886"},{"taxonomy":"product_cat","embeddable":true,"href":"https:\/\/www.sj-gauge.com\/vi\/wp-json\/wp\/v2\/product_cat?post=1886"},{"taxonomy":"product_tag","embeddable":true,"href":"https:\/\/www.sj-gauge.com\/vi\/wp-json\/wp\/v2\/product_tag?post=1886"}],"curies":[{"name":"wp","href":"https:\/\/api.w.org\/{rel}","templated":true}]}}