{"id":1897,"date":"2025-11-14T13:41:27","date_gmt":"2025-11-14T05:41:27","guid":{"rendered":"https:\/\/sj-gauge.com\/?post_type=product&#038;p=1897"},"modified":"2026-01-28T10:31:27","modified_gmt":"2026-01-28T02:31:27","slug":"dit-uslp","status":"publish","type":"product","link":"https:\/\/www.sj-gauge.com\/vi\/san-pham\/dit-uslp\/","title":{"rendered":"K\u1ebft n\u1ed1i ren, ph\u1ea7n tr\u00ean b\u1eb1ng kim lo\u1ea1i, ph\u1ea7n d\u01b0\u1edbi b\u1eb1ng nh\u1ef1a"},"content":{"rendered":"<p>Van m\u00e0ng DIT-USLP c\u00f3 th\u00e2n tr\u00ean b\u1eb1ng kim lo\u1ea1i \u0111\u1ea3m b\u1ea3o k\u1ebft n\u1ed1i thi\u1ebft b\u1ecb ch\u1eafc ch\u1eafn v\u00e0 \u0111\u00e1ng tin c\u1eady, k\u1ebft h\u1ee3p v\u1edbi th\u00e2n d\u01b0\u1edbi b\u1eb1ng nh\u1ef1a ch\u1ed1ng \u0103n m\u00f2n \u0111\u1ec3 x\u1eed l\u00fd c\u00e1c m\u00f4i tr\u01b0\u1eddng h\u00f3a ch\u1ea5t kh\u1eafc nghi\u1ec7t. Thi\u1ebft k\u1ebf hybrid n\u00e0y n\u00e2ng cao \u0111\u1ed9 b\u1ec1n, kh\u1ea3 n\u0103ng ch\u1ed1ng h\u00f3a ch\u1ea5t v\u00e0 an to\u00e0n m\u00f4i tr\u01b0\u1eddng, l\u00e0m cho n\u00f3 tr\u1edf th\u00e0nh l\u1ef1a ch\u1ecdn l\u00fd t\u01b0\u1edfng cho c\u00e1c ch\u1ea5t l\u1ecfng \u0103n m\u00f2n ho\u1eb7c m\u00f4i tr\u01b0\u1eddng qu\u00e1 tr\u00ecnh nh\u1ea1y c\u1ea3m. V\u1edbi nhi\u1ec1u t\u00f9y ch\u1ecdn v\u1eadt li\u1ec7u v\u00e0 k\u00edch th\u01b0\u1edbc, s\u1ea3n ph\u1ea9m t\u01b0\u01a1ng th\u00edch v\u1edbi \u0111\u1ed3ng h\u1ed3 \u00e1p su\u1ea5t v\u00e0 b\u1ed9 truy\u1ec1n t\u00edn hi\u1ec7u, \u0111\u01b0\u1ee3c \u1ee9ng d\u1ee5ng r\u1ed9ng r\u00e3i trong c\u00e1c ng\u00e0nh c\u00f4ng nghi\u1ec7p nh\u01b0 x\u1eed l\u00fd h\u00f3a ch\u1ea5t, x\u1eed l\u00fd n\u01b0\u1edbc th\u1ea3i, h\u1ec7 th\u1ed1ng m\u1ea1 \u0111i\u1ec7n, b\u1ed3n ch\u1ee9a h\u00f3a ch\u1ea5t v\u00e0 \u0111\u01b0\u1eddng \u1ed1ng cung c\u1ea5p h\u00f3a ch\u1ea5t cho ng\u00e0nh b\u00e1n d\u1eabn, cung c\u1ea5p gi\u1ea3i ph\u00e1p \u0111o \u00e1p su\u1ea5t \u0111\u00e1ng tin c\u1eady v\u00e0 b\u1ec1n b\u1ec9.<\/p>","protected":false},"excerpt":{"rendered":"<ul>\n<li>Ph\u1ea7n th\u00e2n tr\u00ean b\u1eb1ng kim lo\u1ea1i k\u1ebft n\u1ed1i v\u1edbi d\u1ee5ng c\u1ee5 \u0111\u01b0\u1ee3c thi\u1ebft k\u1ebf ch\u1eafc ch\u1eafn v\u00e0 b\u1ec1n b\u1ec9.<\/li>\n<li>\u0110a d\u1ea1ng c\u00e1c lo\u1ea1i v\u1ecf b\u1ea3o v\u1ec7 v\u00e0 k\u1ebft n\u1ed1i qu\u00e1 tr\u00ecnh ch\u1ea5t l\u01b0\u1ee3ng cao.<\/li>\n<li>Ph\u00f9 h\u1ee3p \u0111\u1ec3 x\u1eed l\u00fd c\u00e1c ch\u1ea5t l\u1ecfng \u0103n m\u00f2n ho\u1eb7c c\u00e1c ch\u1ea5t l\u1ecfng kh\u00e1c c\u00f3 h\u1ea1i cho m\u00f4i tr\u01b0\u1eddng.<\/li>\n<\/ul>","protected":false},"featured_media":1900,"template":"","meta":{"_acf_changed":false},"product_brand":[40],"product_cat":[21,41],"product_tag":[],"class_list":{"0":"post-1897","1":"product","2":"type-product","3":"status-publish","4":"has-post-thumbnail","6":"product_brand-sj-gauge","7":"product_cat-diaphragm-seal","8":"product_cat-pressure-instruments","10":"first","11":"instock","12":"shipping-taxable","13":"product-type-simple"},"acf":[],"yoast_head":"<!-- This site is optimized with the Yoast SEO Premium plugin v26.7 (Yoast SEO v27.4) - https:\/\/yoast.com\/product\/yoast-seo-premium-wordpress\/ -->\n<title>Threaded Connection, Upper Metal, Lower Plastic - SJ Gauge | Pressure Gauges, Thermometers &amp; Pressure Sensors<\/title>\n<meta name=\"description\" content=\"DIT-USLP threaded diaphragm seal features a corrosion-resistant PP lower body and durable metal upper body. Ideal for use with pressure gauges in chemical\" \/>\n<meta name=\"robots\" content=\"index, follow, max-snippet:-1, max-image-preview:large, max-video-preview:-1\" \/>\n<link rel=\"canonical\" href=\"https:\/\/www.sj-gauge.com\/vi\/san-pham\/dit-uslp\/\" \/>\n<meta property=\"og:locale\" content=\"vi_VN\" \/>\n<meta property=\"og:type\" content=\"article\" \/>\n<meta property=\"og:title\" content=\"Threaded Connection, Upper Metal, Lower Plastic\" \/>\n<meta property=\"og:description\" content=\"DIT-USLP threaded diaphragm seal features a corrosion-resistant PP lower body and durable metal upper body. Ideal for use with pressure gauges in chemical\" \/>\n<meta property=\"og:url\" content=\"https:\/\/www.sj-gauge.com\/vi\/san-pham\/dit-uslp\/\" \/>\n<meta property=\"og:site_name\" content=\"SJ Gauge | Pressure Gauges, Thermometers &amp; Pressure Sensors\" \/>\n<meta property=\"article:modified_time\" content=\"2026-01-28T02:31:27+00:00\" \/>\n<meta property=\"og:image\" content=\"https:\/\/www.sj-gauge.com\/wp-content\/uploads\/2025\/11\/01_SJ-Gauge_threaded_diaphragm_seal_with_upper-metal_lower-plastic_L.jpg\" \/>\n\t<meta property=\"og:image:width\" content=\"1200\" \/>\n\t<meta property=\"og:image:height\" content=\"1000\" \/>\n\t<meta property=\"og:image:type\" content=\"image\/jpeg\" \/>\n<meta name=\"twitter:card\" content=\"summary_large_image\" \/>\n<meta name=\"twitter:label1\" content=\"\u01af\u1edbc t\u00ednh th\u1eddi gian \u0111\u1ecdc\" \/>\n\t<meta name=\"twitter:data1\" content=\"1 ph\u00fat\" \/>\n<script type=\"application\/ld+json\" class=\"yoast-schema-graph\">{\"@context\":\"https:\\\/\\\/schema.org\",\"@graph\":[{\"@type\":\"WebPage\",\"@id\":\"https:\\\/\\\/www.sj-gauge.com\\\/product\\\/dit-uslp\\\/\",\"url\":\"https:\\\/\\\/www.sj-gauge.com\\\/product\\\/dit-uslp\\\/\",\"name\":\"Threaded Connection, Upper Metal, Lower Plastic - SJ Gauge | Pressure Gauges, Thermometers &amp; Pressure Sensors\",\"isPartOf\":{\"@id\":\"https:\\\/\\\/www.sj-gauge.com\\\/#website\"},\"primaryImageOfPage\":{\"@id\":\"https:\\\/\\\/www.sj-gauge.com\\\/product\\\/dit-uslp\\\/#primaryimage\"},\"image\":{\"@id\":\"https:\\\/\\\/www.sj-gauge.com\\\/product\\\/dit-uslp\\\/#primaryimage\"},\"thumbnailUrl\":\"https:\\\/\\\/www.sj-gauge.com\\\/wp-content\\\/uploads\\\/2025\\\/11\\\/01_SJ-Gauge_threaded_diaphragm_seal_with_upper-metal_lower-plastic_L.jpg\",\"datePublished\":\"2025-11-14T05:41:27+00:00\",\"dateModified\":\"2026-01-28T02:31:27+00:00\",\"description\":\"DIT-USLP threaded diaphragm seal features a corrosion-resistant PP lower body and durable metal upper body. Ideal for use with pressure gauges in chemical\",\"breadcrumb\":{\"@id\":\"https:\\\/\\\/www.sj-gauge.com\\\/product\\\/dit-uslp\\\/#breadcrumb\"},\"inLanguage\":\"vi\",\"potentialAction\":[{\"@type\":\"ReadAction\",\"target\":[\"https:\\\/\\\/www.sj-gauge.com\\\/product\\\/dit-uslp\\\/\"]}]},{\"@type\":\"ImageObject\",\"inLanguage\":\"vi\",\"@id\":\"https:\\\/\\\/www.sj-gauge.com\\\/product\\\/dit-uslp\\\/#primaryimage\",\"url\":\"https:\\\/\\\/www.sj-gauge.com\\\/wp-content\\\/uploads\\\/2025\\\/11\\\/01_SJ-Gauge_threaded_diaphragm_seal_with_upper-metal_lower-plastic_L.jpg\",\"contentUrl\":\"https:\\\/\\\/www.sj-gauge.com\\\/wp-content\\\/uploads\\\/2025\\\/11\\\/01_SJ-Gauge_threaded_diaphragm_seal_with_upper-metal_lower-plastic_L.jpg\",\"width\":1200,\"height\":1000},{\"@type\":\"BreadcrumbList\",\"@id\":\"https:\\\/\\\/www.sj-gauge.com\\\/product\\\/dit-uslp\\\/#breadcrumb\",\"itemListElement\":[{\"@type\":\"ListItem\",\"position\":1,\"name\":\"Home\",\"item\":\"https:\\\/\\\/www.sj-gauge.com\\\/\"},{\"@type\":\"ListItem\",\"position\":2,\"name\":\"Products\",\"item\":\"https:\\\/\\\/www.sj-gauge.com\\\/products\\\/\"},{\"@type\":\"ListItem\",\"position\":3,\"name\":\"Threaded Connection, Upper Metal, Lower Plastic\"}]},{\"@type\":\"WebSite\",\"@id\":\"https:\\\/\\\/www.sj-gauge.com\\\/#website\",\"url\":\"https:\\\/\\\/www.sj-gauge.com\\\/\",\"name\":\"SJ Gauge | Pressure Gauges, Thermometers &amp; Pressure Sensors\",\"description\":\"Manufacturer of industrial pressure gauges, pressure sensors, and transmitters. SJ Gauge provides high accuracy, durable materials, and custom solutions for oil &amp; gas, chemical, and industrial applications.\",\"publisher\":{\"@id\":\"https:\\\/\\\/www.sj-gauge.com\\\/#organization\"},\"potentialAction\":[{\"@type\":\"SearchAction\",\"target\":{\"@type\":\"EntryPoint\",\"urlTemplate\":\"https:\\\/\\\/www.sj-gauge.com\\\/?s={search_term_string}\"},\"query-input\":{\"@type\":\"PropertyValueSpecification\",\"valueRequired\":true,\"valueName\":\"search_term_string\"}}],\"inLanguage\":\"vi\"},{\"@type\":\"Organization\",\"@id\":\"https:\\\/\\\/www.sj-gauge.com\\\/#organization\",\"name\":\"SJ Gauge | Pressure Gauges, Thermometers &amp; Pressure Sensors\",\"url\":\"https:\\\/\\\/www.sj-gauge.com\\\/\",\"logo\":{\"@type\":\"ImageObject\",\"inLanguage\":\"vi\",\"@id\":\"https:\\\/\\\/www.sj-gauge.com\\\/#\\\/schema\\\/logo\\\/image\\\/\",\"url\":\"https:\\\/\\\/www.sj-gauge.com\\\/wp-content\\\/uploads\\\/2025\\\/09\\\/logo.webp\",\"contentUrl\":\"https:\\\/\\\/www.sj-gauge.com\\\/wp-content\\\/uploads\\\/2025\\\/09\\\/logo.webp\",\"width\":348,\"height\":184,\"caption\":\"SJ Gauge | Pressure Gauges, Thermometers &amp; Pressure Sensors\"},\"image\":{\"@id\":\"https:\\\/\\\/www.sj-gauge.com\\\/#\\\/schema\\\/logo\\\/image\\\/\"}}]}<\/script>\n<!-- \/ Yoast SEO Premium plugin. -->","yoast_head_json":{"title":"K\u1ebft n\u1ed1i ren, ph\u1ea7n tr\u00ean b\u1eb1ng kim lo\u1ea1i, ph\u1ea7n d\u01b0\u1edbi b\u1eb1ng nh\u1ef1a - SJ Gauge | \u0110\u1ed3ng h\u1ed3 \u0111o \u00e1p su\u1ea5t, nhi\u1ec7t k\u1ebf &amp; c\u1ea3m bi\u1ebfn \u00e1p su\u1ea5t","description":"DIT-USLP l\u00e0 lo\u1ea1i ph\u1edbt m\u00e0ng ren c\u00f3 th\u00e2n d\u01b0\u1edbi b\u1eb1ng nh\u1ef1a PP ch\u1ed1ng \u0103n m\u00f2n v\u00e0 th\u00e2n tr\u00ean b\u1eb1ng kim lo\u1ea1i b\u1ec1n b\u1ec9. Ph\u00f9 h\u1ee3p \u0111\u1ec3 s\u1eed d\u1ee5ng v\u1edbi \u0111\u1ed3ng h\u1ed3 \u00e1p su\u1ea5t trong ng\u00e0nh h\u00f3a ch\u1ea5t.","robots":{"index":"index","follow":"follow","max-snippet":"max-snippet:-1","max-image-preview":"max-image-preview:large","max-video-preview":"max-video-preview:-1"},"canonical":"https:\/\/www.sj-gauge.com\/vi\/san-pham\/dit-uslp\/","og_locale":"vi_VN","og_type":"article","og_title":"Threaded Connection, Upper Metal, Lower Plastic","og_description":"DIT-USLP threaded diaphragm seal features a corrosion-resistant PP lower body and durable metal upper body. Ideal for use with pressure gauges in chemical","og_url":"https:\/\/www.sj-gauge.com\/vi\/san-pham\/dit-uslp\/","og_site_name":"SJ Gauge | Pressure Gauges, Thermometers &amp; Pressure Sensors","article_modified_time":"2026-01-28T02:31:27+00:00","og_image":[{"width":1200,"height":1000,"url":"https:\/\/www.sj-gauge.com\/wp-content\/uploads\/2025\/11\/01_SJ-Gauge_threaded_diaphragm_seal_with_upper-metal_lower-plastic_L.jpg","type":"image\/jpeg"}],"twitter_card":"summary_large_image","twitter_misc":{"\u01af\u1edbc t\u00ednh th\u1eddi gian \u0111\u1ecdc":"1 ph\u00fat"},"schema":{"@context":"https:\/\/schema.org","@graph":[{"@type":"WebPage","@id":"https:\/\/www.sj-gauge.com\/product\/dit-uslp\/","url":"https:\/\/www.sj-gauge.com\/product\/dit-uslp\/","name":"K\u1ebft n\u1ed1i ren, ph\u1ea7n tr\u00ean b\u1eb1ng kim lo\u1ea1i, ph\u1ea7n d\u01b0\u1edbi b\u1eb1ng nh\u1ef1a - SJ Gauge | \u0110\u1ed3ng h\u1ed3 \u0111o \u00e1p su\u1ea5t, nhi\u1ec7t k\u1ebf &amp; c\u1ea3m bi\u1ebfn \u00e1p su\u1ea5t","isPartOf":{"@id":"https:\/\/www.sj-gauge.com\/#website"},"primaryImageOfPage":{"@id":"https:\/\/www.sj-gauge.com\/product\/dit-uslp\/#primaryimage"},"image":{"@id":"https:\/\/www.sj-gauge.com\/product\/dit-uslp\/#primaryimage"},"thumbnailUrl":"https:\/\/www.sj-gauge.com\/wp-content\/uploads\/2025\/11\/01_SJ-Gauge_threaded_diaphragm_seal_with_upper-metal_lower-plastic_L.jpg","datePublished":"2025-11-14T05:41:27+00:00","dateModified":"2026-01-28T02:31:27+00:00","description":"DIT-USLP l\u00e0 lo\u1ea1i ph\u1edbt m\u00e0ng ren c\u00f3 th\u00e2n d\u01b0\u1edbi b\u1eb1ng nh\u1ef1a PP ch\u1ed1ng \u0103n m\u00f2n v\u00e0 th\u00e2n tr\u00ean b\u1eb1ng kim lo\u1ea1i b\u1ec1n b\u1ec9. Ph\u00f9 h\u1ee3p \u0111\u1ec3 s\u1eed d\u1ee5ng v\u1edbi \u0111\u1ed3ng h\u1ed3 \u00e1p su\u1ea5t trong ng\u00e0nh h\u00f3a ch\u1ea5t.","breadcrumb":{"@id":"https:\/\/www.sj-gauge.com\/product\/dit-uslp\/#breadcrumb"},"inLanguage":"vi","potentialAction":[{"@type":"ReadAction","target":["https:\/\/www.sj-gauge.com\/product\/dit-uslp\/"]}]},{"@type":"ImageObject","inLanguage":"vi","@id":"https:\/\/www.sj-gauge.com\/product\/dit-uslp\/#primaryimage","url":"https:\/\/www.sj-gauge.com\/wp-content\/uploads\/2025\/11\/01_SJ-Gauge_threaded_diaphragm_seal_with_upper-metal_lower-plastic_L.jpg","contentUrl":"https:\/\/www.sj-gauge.com\/wp-content\/uploads\/2025\/11\/01_SJ-Gauge_threaded_diaphragm_seal_with_upper-metal_lower-plastic_L.jpg","width":1200,"height":1000},{"@type":"BreadcrumbList","@id":"https:\/\/www.sj-gauge.com\/product\/dit-uslp\/#breadcrumb","itemListElement":[{"@type":"ListItem","position":1,"name":"Home","item":"https:\/\/www.sj-gauge.com\/"},{"@type":"ListItem","position":2,"name":"Products","item":"https:\/\/www.sj-gauge.com\/products\/"},{"@type":"ListItem","position":3,"name":"Threaded Connection, Upper Metal, Lower Plastic"}]},{"@type":"WebSite","@id":"https:\/\/www.sj-gauge.com\/#website","url":"https:\/\/www.sj-gauge.com\/","name":"SJ Gauge | \u0110\u1ed3ng h\u1ed3 \u0111o \u00e1p su\u1ea5t, nhi\u1ec7t k\u1ebf v\u00e0 c\u1ea3m bi\u1ebfn \u00e1p su\u1ea5t","description":"Nh\u00e0 s\u1ea3n xu\u1ea5t \u0111\u1ed3ng h\u1ed3 \u0111o \u00e1p su\u1ea5t c\u00f4ng nghi\u1ec7p, c\u1ea3m bi\u1ebfn \u00e1p su\u1ea5t v\u00e0 b\u1ed9 truy\u1ec1n t\u00edn hi\u1ec7u. SJ Gauge cung c\u1ea5p c\u00e1c s\u1ea3n ph\u1ea9m c\u00f3 \u0111\u1ed9 ch\u00ednh x\u00e1c cao, \u0111\u01b0\u1ee3c ch\u1ebf t\u1ea1o t\u1eeb v\u1eadt li\u1ec7u b\u1ec1n b\u1ec9 v\u00e0 c\u00e1c gi\u1ea3i ph\u00e1p t\u00f9y ch\u1ec9nh d\u00e0nh cho c\u00e1c \u1ee9ng d\u1ee5ng trong ng\u00e0nh d\u1ea7u kh\u00ed, h\u00f3a ch\u1ea5t v\u00e0 c\u00f4ng nghi\u1ec7p.","publisher":{"@id":"https:\/\/www.sj-gauge.com\/#organization"},"potentialAction":[{"@type":"SearchAction","target":{"@type":"EntryPoint","urlTemplate":"https:\/\/www.sj-gauge.com\/?s={search_term_string}"},"query-input":{"@type":"PropertyValueSpecification","valueRequired":true,"valueName":"search_term_string"}}],"inLanguage":"vi"},{"@type":"Organization","@id":"https:\/\/www.sj-gauge.com\/#organization","name":"SJ Gauge | \u0110\u1ed3ng h\u1ed3 \u0111o \u00e1p su\u1ea5t, nhi\u1ec7t k\u1ebf v\u00e0 c\u1ea3m bi\u1ebfn \u00e1p su\u1ea5t","url":"https:\/\/www.sj-gauge.com\/","logo":{"@type":"ImageObject","inLanguage":"vi","@id":"https:\/\/www.sj-gauge.com\/#\/schema\/logo\/image\/","url":"https:\/\/www.sj-gauge.com\/wp-content\/uploads\/2025\/09\/logo.webp","contentUrl":"https:\/\/www.sj-gauge.com\/wp-content\/uploads\/2025\/09\/logo.webp","width":348,"height":184,"caption":"SJ Gauge | Pressure Gauges, Thermometers &amp; Pressure Sensors"},"image":{"@id":"https:\/\/www.sj-gauge.com\/#\/schema\/logo\/image\/"}}]}},"_links":{"self":[{"href":"https:\/\/www.sj-gauge.com\/vi\/wp-json\/wp\/v2\/product\/1897","targetHints":{"allow":["GET"]}}],"collection":[{"href":"https:\/\/www.sj-gauge.com\/vi\/wp-json\/wp\/v2\/product"}],"about":[{"href":"https:\/\/www.sj-gauge.com\/vi\/wp-json\/wp\/v2\/types\/product"}],"wp:featuredmedia":[{"embeddable":true,"href":"https:\/\/www.sj-gauge.com\/vi\/wp-json\/wp\/v2\/media\/1900"}],"wp:attachment":[{"href":"https:\/\/www.sj-gauge.com\/vi\/wp-json\/wp\/v2\/media?parent=1897"}],"wp:term":[{"taxonomy":"product_brand","embeddable":true,"href":"https:\/\/www.sj-gauge.com\/vi\/wp-json\/wp\/v2\/product_brand?post=1897"},{"taxonomy":"product_cat","embeddable":true,"href":"https:\/\/www.sj-gauge.com\/vi\/wp-json\/wp\/v2\/product_cat?post=1897"},{"taxonomy":"product_tag","embeddable":true,"href":"https:\/\/www.sj-gauge.com\/vi\/wp-json\/wp\/v2\/product_tag?post=1897"}],"curies":[{"name":"wp","href":"https:\/\/api.w.org\/{rel}","templated":true}]}}