{"id":1913,"date":"2025-11-14T14:05:31","date_gmt":"2025-11-14T06:05:31","guid":{"rendered":"https:\/\/sj-gauge.com\/?post_type=product&#038;p=1913"},"modified":"2026-03-29T18:03:58","modified_gmt":"2026-03-29T10:03:58","slug":"dit-pp","status":"publish","type":"product","link":"https:\/\/www.sj-gauge.com\/vi\/san-pham\/dit-pp\/","title":{"rendered":"K\u1ebft n\u1ed1i ren, PP t\u00edch h\u1ee3p"},"content":{"rendered":"<p>Van m\u00e0ng ren DIT-S \u0111\u01b0\u1ee3c thi\u1ebft k\u1ebf cho c\u00e1c m\u00f4i tr\u01b0\u1eddng \u0103n m\u00f2n, k\u1ebft tinh ho\u1eb7c ch\u1ee9a h\u1ea1t, ng\u0103n ch\u1eb7n ti\u1ebfp x\u00fac tr\u1ef1c ti\u1ebfp v\u1edbi thi\u1ebft b\u1ecb \u0111o l\u01b0\u1eddng v\u00e0 k\u00e9o d\u00e0i tu\u1ed5i th\u1ecd c\u1ee7a n\u00f3. M\u00e0ng c\u00f3 th\u1ec3 th\u00e1o r\u1eddi cho ph\u00e9p v\u1ec7 sinh nhanh ch\u00f3ng khi x\u1ea3y ra t\u1eafc ngh\u1ebdn ch\u1ea5t l\u1ecfng, l\u00e0m cho n\u00f3 tr\u1edf n\u00ean l\u00fd t\u01b0\u1edfng cho c\u00e1c \u1ee9ng d\u1ee5ng trong x\u1eed l\u00fd h\u00f3a ch\u1ea5t, thi\u1ebft b\u1ecb d\u01b0\u1ee3c ph\u1ea9m, x\u1eed l\u00fd n\u01b0\u1edbc th\u1ea3i v\u00e0 c\u00e1c \u1ee9ng d\u1ee5ng y\u00eau c\u1ea7u b\u1ea3o tr\u00ec th\u01b0\u1eddng xuy\u00ean. N\u00f3 c\u00f3 s\u1eb5n trong nhi\u1ec1u lo\u1ea1i ren, \u0111\u01b0\u1eddng k\u00ednh v\u00e0 v\u1eadt li\u1ec7u, v\u00e0 c\u00f3 th\u1ec3 k\u1ebft h\u1ee3p v\u1edbi \u0111\u1ed3ng h\u1ed3 \u00e1p su\u1ea5t ho\u1eb7c b\u1ed9 truy\u1ec1n t\u00edn hi\u1ec7u\u2014cung c\u1ea5p gi\u1ea3i ph\u00e1p \u0111\u00e1ng tin c\u1eady v\u00e0 d\u1ec5 b\u1ea3o tr\u00ec cho vi\u1ec7c \u0111o l\u01b0\u1eddng m\u00f4i tr\u01b0\u1eddng kh\u00f3 kh\u0103n.<\/p>","protected":false},"excerpt":{"rendered":"<ul>\n<li>Polypropylene c\u00f3 t\u00ednh n\u0103ng ch\u1ed1ng \u0103n m\u00f2n xu\u1ea5t s\u1eafc.<\/li>\n<li>\u0110\u01b0\u1ee3c \u0111\u00fac nguy\u00ean kh\u1ed1i, hi\u1ebfm khi n\u1ee9t ho\u1eb7c r\u00f2 r\u1ec9.<\/li>\n<li>Ch\u1ee7 y\u1ebfu \u0111\u01b0\u1ee3c s\u1eed d\u1ee5ng trong b\u1ea3ng m\u1ea1ch in, b\u01a1m l\u1ecdc ch\u1ea5t l\u1ecfng, v.v.<\/li>\n<\/ul>","protected":false},"featured_media":1916,"template":"","meta":{"_acf_changed":false},"product_brand":[40],"product_cat":[21,41],"product_tag":[],"class_list":{"0":"post-1913","1":"product","2":"type-product","3":"status-publish","4":"has-post-thumbnail","6":"product_brand-sj-gauge","7":"product_cat-diaphragm-seal","8":"product_cat-pressure-instruments","10":"first","11":"instock","12":"shipping-taxable","13":"product-type-simple"},"acf":[],"yoast_head":"<!-- This site is optimized with the Yoast SEO Premium plugin v26.7 (Yoast SEO v27.4) - https:\/\/yoast.com\/product\/yoast-seo-premium-wordpress\/ -->\n<title>Diaphragm Seal Pressure Gauge | PP Threaded Connection | SJ Gauge<\/title>\n<meta name=\"description\" content=\"DIT-PP diaphragm seal pressure gauge with PP threaded connection, designed for corrosive media, ensuring reliable pressure measurement and extended service life.\" \/>\n<meta name=\"robots\" content=\"index, follow, max-snippet:-1, max-image-preview:large, max-video-preview:-1\" \/>\n<link rel=\"canonical\" href=\"https:\/\/www.sj-gauge.com\/vi\/san-pham\/dit-pp\/\" \/>\n<meta property=\"og:locale\" content=\"vi_VN\" \/>\n<meta property=\"og:type\" content=\"article\" \/>\n<meta property=\"og:title\" content=\"Threaded Connection, Intergrated PP\" \/>\n<meta property=\"og:description\" content=\"DIT-PP diaphragm seal pressure gauge with PP threaded connection, designed for corrosive media, ensuring reliable pressure measurement and extended service life.\" \/>\n<meta property=\"og:url\" content=\"https:\/\/www.sj-gauge.com\/vi\/san-pham\/dit-pp\/\" \/>\n<meta property=\"og:site_name\" content=\"SJ Gauge | Pressure Gauges, Thermometers &amp; Pressure Sensors\" \/>\n<meta property=\"article:modified_time\" content=\"2026-03-29T10:03:58+00:00\" \/>\n<meta property=\"og:image\" content=\"https:\/\/www.sj-gauge.com\/wp-content\/uploads\/2025\/11\/SJ-Gauge-threaded-connection-intergrated-pp-2.jpg\" \/>\n\t<meta property=\"og:image:width\" content=\"1200\" \/>\n\t<meta property=\"og:image:height\" content=\"1000\" \/>\n\t<meta property=\"og:image:type\" content=\"image\/jpeg\" \/>\n<meta name=\"twitter:card\" content=\"summary_large_image\" \/>\n<meta name=\"twitter:label1\" content=\"\u01af\u1edbc t\u00ednh th\u1eddi gian \u0111\u1ecdc\" \/>\n\t<meta name=\"twitter:data1\" content=\"1 ph\u00fat\" \/>\n<script type=\"application\/ld+json\" class=\"yoast-schema-graph\">{\"@context\":\"https:\\\/\\\/schema.org\",\"@graph\":[{\"@type\":\"WebPage\",\"@id\":\"https:\\\/\\\/www.sj-gauge.com\\\/product\\\/dit-pp\\\/\",\"url\":\"https:\\\/\\\/www.sj-gauge.com\\\/product\\\/dit-pp\\\/\",\"name\":\"Diaphragm Seal Pressure Gauge | PP Threaded Connection | SJ Gauge\",\"isPartOf\":{\"@id\":\"https:\\\/\\\/www.sj-gauge.com\\\/#website\"},\"primaryImageOfPage\":{\"@id\":\"https:\\\/\\\/www.sj-gauge.com\\\/product\\\/dit-pp\\\/#primaryimage\"},\"image\":{\"@id\":\"https:\\\/\\\/www.sj-gauge.com\\\/product\\\/dit-pp\\\/#primaryimage\"},\"thumbnailUrl\":\"https:\\\/\\\/www.sj-gauge.com\\\/wp-content\\\/uploads\\\/2025\\\/11\\\/SJ-Gauge-threaded-connection-intergrated-pp-2.jpg\",\"datePublished\":\"2025-11-14T06:05:31+00:00\",\"dateModified\":\"2026-03-29T10:03:58+00:00\",\"description\":\"DIT-PP diaphragm seal pressure gauge with PP threaded connection, designed for corrosive media, ensuring reliable pressure measurement and extended service life.\",\"breadcrumb\":{\"@id\":\"https:\\\/\\\/www.sj-gauge.com\\\/product\\\/dit-pp\\\/#breadcrumb\"},\"inLanguage\":\"vi\",\"potentialAction\":[{\"@type\":\"ReadAction\",\"target\":[\"https:\\\/\\\/www.sj-gauge.com\\\/product\\\/dit-pp\\\/\"]}]},{\"@type\":\"ImageObject\",\"inLanguage\":\"vi\",\"@id\":\"https:\\\/\\\/www.sj-gauge.com\\\/product\\\/dit-pp\\\/#primaryimage\",\"url\":\"https:\\\/\\\/www.sj-gauge.com\\\/wp-content\\\/uploads\\\/2025\\\/11\\\/SJ-Gauge-threaded-connection-intergrated-pp-2.jpg\",\"contentUrl\":\"https:\\\/\\\/www.sj-gauge.com\\\/wp-content\\\/uploads\\\/2025\\\/11\\\/SJ-Gauge-threaded-connection-intergrated-pp-2.jpg\",\"width\":1200,\"height\":1000},{\"@type\":\"BreadcrumbList\",\"@id\":\"https:\\\/\\\/www.sj-gauge.com\\\/product\\\/dit-pp\\\/#breadcrumb\",\"itemListElement\":[{\"@type\":\"ListItem\",\"position\":1,\"name\":\"Home\",\"item\":\"https:\\\/\\\/www.sj-gauge.com\\\/\"},{\"@type\":\"ListItem\",\"position\":2,\"name\":\"Products\",\"item\":\"https:\\\/\\\/www.sj-gauge.com\\\/products\\\/\"},{\"@type\":\"ListItem\",\"position\":3,\"name\":\"Threaded Connection, Intergrated PP\"}]},{\"@type\":\"WebSite\",\"@id\":\"https:\\\/\\\/www.sj-gauge.com\\\/#website\",\"url\":\"https:\\\/\\\/www.sj-gauge.com\\\/\",\"name\":\"SJ Gauge | Pressure Gauges, Thermometers &amp; Pressure Sensors\",\"description\":\"Manufacturer of industrial pressure gauges, pressure sensors, and transmitters. SJ Gauge provides high accuracy, durable materials, and custom solutions for oil &amp; gas, chemical, and industrial applications.\",\"publisher\":{\"@id\":\"https:\\\/\\\/www.sj-gauge.com\\\/#organization\"},\"potentialAction\":[{\"@type\":\"SearchAction\",\"target\":{\"@type\":\"EntryPoint\",\"urlTemplate\":\"https:\\\/\\\/www.sj-gauge.com\\\/?s={search_term_string}\"},\"query-input\":{\"@type\":\"PropertyValueSpecification\",\"valueRequired\":true,\"valueName\":\"search_term_string\"}}],\"inLanguage\":\"vi\"},{\"@type\":\"Organization\",\"@id\":\"https:\\\/\\\/www.sj-gauge.com\\\/#organization\",\"name\":\"SJ Gauge | Pressure Gauges, Thermometers &amp; Pressure Sensors\",\"url\":\"https:\\\/\\\/www.sj-gauge.com\\\/\",\"logo\":{\"@type\":\"ImageObject\",\"inLanguage\":\"vi\",\"@id\":\"https:\\\/\\\/www.sj-gauge.com\\\/#\\\/schema\\\/logo\\\/image\\\/\",\"url\":\"https:\\\/\\\/www.sj-gauge.com\\\/wp-content\\\/uploads\\\/2025\\\/09\\\/logo.webp\",\"contentUrl\":\"https:\\\/\\\/www.sj-gauge.com\\\/wp-content\\\/uploads\\\/2025\\\/09\\\/logo.webp\",\"width\":348,\"height\":184,\"caption\":\"SJ Gauge | Pressure Gauges, Thermometers &amp; Pressure Sensors\"},\"image\":{\"@id\":\"https:\\\/\\\/www.sj-gauge.com\\\/#\\\/schema\\\/logo\\\/image\\\/\"}}]}<\/script>\n<!-- \/ Yoast SEO Premium plugin. -->","yoast_head_json":{"title":"\u0110\u1ed3ng h\u1ed3 \u0111o \u00e1p su\u1ea5t c\u00f3 m\u00e0ng ch\u1eafn | K\u1ebft n\u1ed1i ren PP | SJ Gauge","description":"\u0110\u1ed3ng h\u1ed3 \u0111o \u00e1p su\u1ea5t c\u00f3 gio\u0103ng c\u00e1ch ly DIT-PP v\u1edbi \u0111\u1ea7u n\u1ed1i ren b\u1eb1ng nh\u1ef1a PP, \u0111\u01b0\u1ee3c thi\u1ebft k\u1ebf \u0111\u1ec3 s\u1eed d\u1ee5ng v\u1edbi c\u00e1c m\u00f4i tr\u01b0\u1eddng \u0103n m\u00f2n, \u0111\u1ea3m b\u1ea3o \u0111o \u00e1p su\u1ea5t ch\u00ednh x\u00e1c v\u00e0 tu\u1ed5i th\u1ecd cao.","robots":{"index":"index","follow":"follow","max-snippet":"max-snippet:-1","max-image-preview":"max-image-preview:large","max-video-preview":"max-video-preview:-1"},"canonical":"https:\/\/www.sj-gauge.com\/vi\/san-pham\/dit-pp\/","og_locale":"vi_VN","og_type":"article","og_title":"Threaded Connection, Intergrated PP","og_description":"DIT-PP diaphragm seal pressure gauge with PP threaded connection, designed for corrosive media, ensuring reliable pressure measurement and extended service life.","og_url":"https:\/\/www.sj-gauge.com\/vi\/san-pham\/dit-pp\/","og_site_name":"SJ Gauge | Pressure Gauges, Thermometers &amp; Pressure Sensors","article_modified_time":"2026-03-29T10:03:58+00:00","og_image":[{"width":1200,"height":1000,"url":"https:\/\/www.sj-gauge.com\/wp-content\/uploads\/2025\/11\/SJ-Gauge-threaded-connection-intergrated-pp-2.jpg","type":"image\/jpeg"}],"twitter_card":"summary_large_image","twitter_misc":{"\u01af\u1edbc t\u00ednh th\u1eddi gian \u0111\u1ecdc":"1 ph\u00fat"},"schema":{"@context":"https:\/\/schema.org","@graph":[{"@type":"WebPage","@id":"https:\/\/www.sj-gauge.com\/product\/dit-pp\/","url":"https:\/\/www.sj-gauge.com\/product\/dit-pp\/","name":"\u0110\u1ed3ng h\u1ed3 \u0111o \u00e1p su\u1ea5t c\u00f3 m\u00e0ng ch\u1eafn | K\u1ebft n\u1ed1i ren PP | SJ Gauge","isPartOf":{"@id":"https:\/\/www.sj-gauge.com\/#website"},"primaryImageOfPage":{"@id":"https:\/\/www.sj-gauge.com\/product\/dit-pp\/#primaryimage"},"image":{"@id":"https:\/\/www.sj-gauge.com\/product\/dit-pp\/#primaryimage"},"thumbnailUrl":"https:\/\/www.sj-gauge.com\/wp-content\/uploads\/2025\/11\/SJ-Gauge-threaded-connection-intergrated-pp-2.jpg","datePublished":"2025-11-14T06:05:31+00:00","dateModified":"2026-03-29T10:03:58+00:00","description":"\u0110\u1ed3ng h\u1ed3 \u0111o \u00e1p su\u1ea5t c\u00f3 gio\u0103ng c\u00e1ch ly DIT-PP v\u1edbi \u0111\u1ea7u n\u1ed1i ren b\u1eb1ng nh\u1ef1a PP, \u0111\u01b0\u1ee3c thi\u1ebft k\u1ebf \u0111\u1ec3 s\u1eed d\u1ee5ng v\u1edbi c\u00e1c m\u00f4i tr\u01b0\u1eddng \u0103n m\u00f2n, \u0111\u1ea3m b\u1ea3o \u0111o \u00e1p su\u1ea5t ch\u00ednh x\u00e1c v\u00e0 tu\u1ed5i th\u1ecd cao.","breadcrumb":{"@id":"https:\/\/www.sj-gauge.com\/product\/dit-pp\/#breadcrumb"},"inLanguage":"vi","potentialAction":[{"@type":"ReadAction","target":["https:\/\/www.sj-gauge.com\/product\/dit-pp\/"]}]},{"@type":"ImageObject","inLanguage":"vi","@id":"https:\/\/www.sj-gauge.com\/product\/dit-pp\/#primaryimage","url":"https:\/\/www.sj-gauge.com\/wp-content\/uploads\/2025\/11\/SJ-Gauge-threaded-connection-intergrated-pp-2.jpg","contentUrl":"https:\/\/www.sj-gauge.com\/wp-content\/uploads\/2025\/11\/SJ-Gauge-threaded-connection-intergrated-pp-2.jpg","width":1200,"height":1000},{"@type":"BreadcrumbList","@id":"https:\/\/www.sj-gauge.com\/product\/dit-pp\/#breadcrumb","itemListElement":[{"@type":"ListItem","position":1,"name":"Home","item":"https:\/\/www.sj-gauge.com\/"},{"@type":"ListItem","position":2,"name":"Products","item":"https:\/\/www.sj-gauge.com\/products\/"},{"@type":"ListItem","position":3,"name":"Threaded Connection, Intergrated PP"}]},{"@type":"WebSite","@id":"https:\/\/www.sj-gauge.com\/#website","url":"https:\/\/www.sj-gauge.com\/","name":"SJ Gauge | \u0110\u1ed3ng h\u1ed3 \u0111o \u00e1p su\u1ea5t, nhi\u1ec7t k\u1ebf v\u00e0 c\u1ea3m bi\u1ebfn \u00e1p su\u1ea5t","description":"Nh\u00e0 s\u1ea3n xu\u1ea5t \u0111\u1ed3ng h\u1ed3 \u0111o \u00e1p su\u1ea5t c\u00f4ng nghi\u1ec7p, c\u1ea3m bi\u1ebfn \u00e1p su\u1ea5t v\u00e0 b\u1ed9 truy\u1ec1n t\u00edn hi\u1ec7u. SJ Gauge cung c\u1ea5p c\u00e1c s\u1ea3n ph\u1ea9m c\u00f3 \u0111\u1ed9 ch\u00ednh x\u00e1c cao, \u0111\u01b0\u1ee3c ch\u1ebf t\u1ea1o t\u1eeb v\u1eadt li\u1ec7u b\u1ec1n b\u1ec9 v\u00e0 c\u00e1c gi\u1ea3i ph\u00e1p t\u00f9y ch\u1ec9nh d\u00e0nh cho c\u00e1c \u1ee9ng d\u1ee5ng trong ng\u00e0nh d\u1ea7u kh\u00ed, h\u00f3a ch\u1ea5t v\u00e0 c\u00f4ng nghi\u1ec7p.","publisher":{"@id":"https:\/\/www.sj-gauge.com\/#organization"},"potentialAction":[{"@type":"SearchAction","target":{"@type":"EntryPoint","urlTemplate":"https:\/\/www.sj-gauge.com\/?s={search_term_string}"},"query-input":{"@type":"PropertyValueSpecification","valueRequired":true,"valueName":"search_term_string"}}],"inLanguage":"vi"},{"@type":"Organization","@id":"https:\/\/www.sj-gauge.com\/#organization","name":"SJ Gauge | \u0110\u1ed3ng h\u1ed3 \u0111o \u00e1p su\u1ea5t, nhi\u1ec7t k\u1ebf v\u00e0 c\u1ea3m bi\u1ebfn \u00e1p su\u1ea5t","url":"https:\/\/www.sj-gauge.com\/","logo":{"@type":"ImageObject","inLanguage":"vi","@id":"https:\/\/www.sj-gauge.com\/#\/schema\/logo\/image\/","url":"https:\/\/www.sj-gauge.com\/wp-content\/uploads\/2025\/09\/logo.webp","contentUrl":"https:\/\/www.sj-gauge.com\/wp-content\/uploads\/2025\/09\/logo.webp","width":348,"height":184,"caption":"SJ Gauge | Pressure Gauges, Thermometers &amp; Pressure Sensors"},"image":{"@id":"https:\/\/www.sj-gauge.com\/#\/schema\/logo\/image\/"}}]}},"_links":{"self":[{"href":"https:\/\/www.sj-gauge.com\/vi\/wp-json\/wp\/v2\/product\/1913","targetHints":{"allow":["GET"]}}],"collection":[{"href":"https:\/\/www.sj-gauge.com\/vi\/wp-json\/wp\/v2\/product"}],"about":[{"href":"https:\/\/www.sj-gauge.com\/vi\/wp-json\/wp\/v2\/types\/product"}],"wp:featuredmedia":[{"embeddable":true,"href":"https:\/\/www.sj-gauge.com\/vi\/wp-json\/wp\/v2\/media\/1916"}],"wp:attachment":[{"href":"https:\/\/www.sj-gauge.com\/vi\/wp-json\/wp\/v2\/media?parent=1913"}],"wp:term":[{"taxonomy":"product_brand","embeddable":true,"href":"https:\/\/www.sj-gauge.com\/vi\/wp-json\/wp\/v2\/product_brand?post=1913"},{"taxonomy":"product_cat","embeddable":true,"href":"https:\/\/www.sj-gauge.com\/vi\/wp-json\/wp\/v2\/product_cat?post=1913"},{"taxonomy":"product_tag","embeddable":true,"href":"https:\/\/www.sj-gauge.com\/vi\/wp-json\/wp\/v2\/product_tag?post=1913"}],"curies":[{"name":"wp","href":"https:\/\/api.w.org\/{rel}","templated":true}]}}