{"id":1922,"date":"2025-11-14T14:20:10","date_gmt":"2025-11-14T06:20:10","guid":{"rendered":"https:\/\/sj-gauge.com\/?post_type=product&#038;p=1922"},"modified":"2026-04-02T08:47:36","modified_gmt":"2026-04-02T00:47:36","slug":"dit-pps","status":"publish","type":"product","link":"https:\/\/www.sj-gauge.com\/vi\/san-pham\/dit-pps\/","title":{"rendered":"K\u1ebft n\u1ed1i ren, \u0111\u00e1y PP"},"content":{"rendered":"<p>Van m\u00e0ng polypropylene l\u1eafp d\u01b0\u1edbi DIT-PPS \u0111\u01b0\u1ee3c thi\u1ebft k\u1ebf \u0111\u1ec3 \u0111o c\u00e1c ch\u1ea5t l\u1ecfng axit ho\u1eb7c \u0103n m\u00f2n v\u00e0 c\u00f3 th\u1ec3 k\u1ebft h\u1ee3p v\u1edbi \u0111\u1ed3ng h\u1ed3 c\u01a1, \u0111\u1ed3ng h\u1ed3 \u00e1p su\u1ea5t k\u1ef9 thu\u1eadt s\u1ed1 ho\u1eb7c b\u1ed9 truy\u1ec1n \u00e1p su\u1ea5t. V\u1edbi d\u1ea3i \u00e1p su\u1ea5t t\u1eeb 0 \u0111\u1ebfn 20 bar, th\u00e2n b\u1eb1ng polypropylene m\u00e0u \u0111en v\u00e0 m\u00e0ng Viton cung c\u1ea5p kh\u1ea3 n\u0103ng ch\u1ed1ng h\u00f3a ch\u1ea5t m\u1ea1nh m\u1ebd v\u00e0 \u0111\u1ed9 b\u1ec1n cao. S\u1ea3n ph\u1ea9m n\u00e0y l\u00fd t\u01b0\u1edfng cho thi\u1ebft b\u1ecb x\u1eed l\u00fd PCB, h\u1ec7 th\u1ed1ng c\u1ea5p h\u00f3a ch\u1ea5t, h\u1ec7 th\u1ed1ng l\u1ecdc ch\u1ea5t l\u1ecfng v\u00e0 c\u00e1c \u1ee9ng d\u1ee5ng kh\u00e1c y\u00eau c\u1ea7u \u0111o \u00e1p su\u1ea5t nh\u1eb9 v\u00e0 ch\u1ed1ng \u0103n m\u00f2n.<\/p>","protected":false},"excerpt":{"rendered":"<ul>\n<li>C\u00f3 th\u1ec3 t\u00edch h\u1ee3p v\u1edbi m\u1ed9t b\u1ed9 ch\u1ec9 th\u1ecb, \u0111\u1ed3ng h\u1ed3 \u0111o \u00e1p su\u1ea5t k\u1ef9 thu\u1eadt s\u1ed1 ho\u1eb7c b\u1ed9 truy\u1ec1n t\u00edn hi\u1ec7u.<\/li>\n<li>Ph\u00f9 h\u1ee3p \u0111\u1ec3 \u0111o c\u00e1c ch\u1ea5t l\u1ecfng c\u00f3 t\u00ednh axit, t\u01b0\u01a1ng th\u00edch v\u1edbi Viton.<\/li>\n<li>Ph\u00f9 h\u1ee3p cho thi\u1ebft b\u1ecb b\u1ea3ng m\u1ea1ch, ng\u00e0nh c\u00f4ng nghi\u1ec7p h\u00f3a d\u1ea7u, v.v.<\/li>\n<\/ul>","protected":false},"featured_media":1925,"template":"","meta":{"_acf_changed":false},"product_brand":[40],"product_cat":[21,41],"product_tag":[],"class_list":{"0":"post-1922","1":"product","2":"type-product","3":"status-publish","4":"has-post-thumbnail","6":"product_brand-sj-gauge","7":"product_cat-diaphragm-seal","8":"product_cat-pressure-instruments","10":"first","11":"instock","12":"shipping-taxable","13":"product-type-simple"},"acf":[],"yoast_head":"<!-- This site is optimized with the Yoast SEO Premium plugin v26.7 (Yoast SEO v27.4) - https:\/\/yoast.com\/product\/yoast-seo-premium-wordpress\/ -->\n<title>Bottom PP Threaded Diaphragm Seal | For PCB &amp; Chemical Dosing Systems | SJ Gauge<\/title>\n<meta name=\"description\" content=\"DIT-PPS bottom-mounted polypropylene diaphragm seal is designed for acidic or corrosive fluids. Its black PP body and Viton diaphragm provide strong chemical resistance and durability. Supporting ranges from 0-20 bar, it is ideal for PCB equipment, chemical dosing, and filtration systems requiring lightweight and corrosion-resistant pressure measurement\" \/>\n<meta name=\"robots\" content=\"index, follow, max-snippet:-1, max-image-preview:large, max-video-preview:-1\" \/>\n<link rel=\"canonical\" href=\"https:\/\/www.sj-gauge.com\/vi\/san-pham\/dit-pps\/\" \/>\n<meta property=\"og:locale\" content=\"vi_VN\" \/>\n<meta property=\"og:type\" content=\"article\" \/>\n<meta property=\"og:title\" content=\"Threaded Connection, Bottom PP\" \/>\n<meta property=\"og:description\" content=\"DIT-PPS bottom-mounted polypropylene diaphragm seal is designed for acidic or corrosive fluids. Its black PP body and Viton diaphragm provide strong chemical resistance and durability. Supporting ranges from 0-20 bar, it is ideal for PCB equipment, chemical dosing, and filtration systems requiring lightweight and corrosion-resistant pressure measurement\" \/>\n<meta property=\"og:url\" content=\"https:\/\/www.sj-gauge.com\/vi\/san-pham\/dit-pps\/\" \/>\n<meta property=\"og:site_name\" content=\"SJ Gauge | Pressure Gauges, Thermometers &amp; Pressure Sensors\" \/>\n<meta property=\"article:modified_time\" content=\"2026-04-02T00:47:36+00:00\" \/>\n<meta property=\"og:image\" content=\"https:\/\/www.sj-gauge.com\/wp-content\/uploads\/2025\/11\/SJ-Gauge_corrosion_resistant_PP_bottom_diaphragm_seal_for_pressure_gauge_L.jpg\" \/>\n\t<meta property=\"og:image:width\" content=\"1200\" \/>\n\t<meta property=\"og:image:height\" content=\"1000\" \/>\n\t<meta property=\"og:image:type\" content=\"image\/jpeg\" \/>\n<meta name=\"twitter:card\" content=\"summary_large_image\" \/>\n<meta name=\"twitter:label1\" content=\"\u01af\u1edbc t\u00ednh th\u1eddi gian \u0111\u1ecdc\" \/>\n\t<meta name=\"twitter:data1\" content=\"1 ph\u00fat\" \/>\n<script type=\"application\/ld+json\" class=\"yoast-schema-graph\">{\"@context\":\"https:\\\/\\\/schema.org\",\"@graph\":[{\"@type\":\"WebPage\",\"@id\":\"https:\\\/\\\/www.sj-gauge.com\\\/product\\\/dit-pps\\\/\",\"url\":\"https:\\\/\\\/www.sj-gauge.com\\\/product\\\/dit-pps\\\/\",\"name\":\"Bottom PP Threaded Diaphragm Seal | For PCB & Chemical Dosing Systems | SJ Gauge\",\"isPartOf\":{\"@id\":\"https:\\\/\\\/www.sj-gauge.com\\\/#website\"},\"primaryImageOfPage\":{\"@id\":\"https:\\\/\\\/www.sj-gauge.com\\\/product\\\/dit-pps\\\/#primaryimage\"},\"image\":{\"@id\":\"https:\\\/\\\/www.sj-gauge.com\\\/product\\\/dit-pps\\\/#primaryimage\"},\"thumbnailUrl\":\"https:\\\/\\\/www.sj-gauge.com\\\/wp-content\\\/uploads\\\/2025\\\/11\\\/SJ-Gauge_corrosion_resistant_PP_bottom_diaphragm_seal_for_pressure_gauge_L.jpg\",\"datePublished\":\"2025-11-14T06:20:10+00:00\",\"dateModified\":\"2026-04-02T00:47:36+00:00\",\"description\":\"DIT-PPS bottom-mounted polypropylene diaphragm seal is designed for acidic or corrosive fluids. Its black PP body and Viton diaphragm provide strong chemical resistance and durability. Supporting ranges from 0-20 bar, it is ideal for PCB equipment, chemical dosing, and filtration systems requiring lightweight and corrosion-resistant pressure measurement\",\"breadcrumb\":{\"@id\":\"https:\\\/\\\/www.sj-gauge.com\\\/product\\\/dit-pps\\\/#breadcrumb\"},\"inLanguage\":\"vi\",\"potentialAction\":[{\"@type\":\"ReadAction\",\"target\":[\"https:\\\/\\\/www.sj-gauge.com\\\/product\\\/dit-pps\\\/\"]}]},{\"@type\":\"ImageObject\",\"inLanguage\":\"vi\",\"@id\":\"https:\\\/\\\/www.sj-gauge.com\\\/product\\\/dit-pps\\\/#primaryimage\",\"url\":\"https:\\\/\\\/www.sj-gauge.com\\\/wp-content\\\/uploads\\\/2025\\\/11\\\/SJ-Gauge_corrosion_resistant_PP_bottom_diaphragm_seal_for_pressure_gauge_L.jpg\",\"contentUrl\":\"https:\\\/\\\/www.sj-gauge.com\\\/wp-content\\\/uploads\\\/2025\\\/11\\\/SJ-Gauge_corrosion_resistant_PP_bottom_diaphragm_seal_for_pressure_gauge_L.jpg\",\"width\":1200,\"height\":1000},{\"@type\":\"BreadcrumbList\",\"@id\":\"https:\\\/\\\/www.sj-gauge.com\\\/product\\\/dit-pps\\\/#breadcrumb\",\"itemListElement\":[{\"@type\":\"ListItem\",\"position\":1,\"name\":\"Home\",\"item\":\"https:\\\/\\\/www.sj-gauge.com\\\/\"},{\"@type\":\"ListItem\",\"position\":2,\"name\":\"Products\",\"item\":\"https:\\\/\\\/www.sj-gauge.com\\\/products\\\/\"},{\"@type\":\"ListItem\",\"position\":3,\"name\":\"Threaded Connection, Bottom PP\"}]},{\"@type\":\"WebSite\",\"@id\":\"https:\\\/\\\/www.sj-gauge.com\\\/#website\",\"url\":\"https:\\\/\\\/www.sj-gauge.com\\\/\",\"name\":\"SJ Gauge | Pressure Gauges, Thermometers &amp; Pressure Sensors\",\"description\":\"Manufacturer of industrial pressure gauges, pressure sensors, and transmitters. SJ Gauge provides high accuracy, durable materials, and custom solutions for oil &amp; gas, chemical, and industrial applications.\",\"publisher\":{\"@id\":\"https:\\\/\\\/www.sj-gauge.com\\\/#organization\"},\"potentialAction\":[{\"@type\":\"SearchAction\",\"target\":{\"@type\":\"EntryPoint\",\"urlTemplate\":\"https:\\\/\\\/www.sj-gauge.com\\\/?s={search_term_string}\"},\"query-input\":{\"@type\":\"PropertyValueSpecification\",\"valueRequired\":true,\"valueName\":\"search_term_string\"}}],\"inLanguage\":\"vi\"},{\"@type\":\"Organization\",\"@id\":\"https:\\\/\\\/www.sj-gauge.com\\\/#organization\",\"name\":\"SJ Gauge | Pressure Gauges, Thermometers &amp; Pressure Sensors\",\"url\":\"https:\\\/\\\/www.sj-gauge.com\\\/\",\"logo\":{\"@type\":\"ImageObject\",\"inLanguage\":\"vi\",\"@id\":\"https:\\\/\\\/www.sj-gauge.com\\\/#\\\/schema\\\/logo\\\/image\\\/\",\"url\":\"https:\\\/\\\/www.sj-gauge.com\\\/wp-content\\\/uploads\\\/2025\\\/09\\\/logo.webp\",\"contentUrl\":\"https:\\\/\\\/www.sj-gauge.com\\\/wp-content\\\/uploads\\\/2025\\\/09\\\/logo.webp\",\"width\":348,\"height\":184,\"caption\":\"SJ Gauge | Pressure Gauges, Thermometers &amp; Pressure Sensors\"},\"image\":{\"@id\":\"https:\\\/\\\/www.sj-gauge.com\\\/#\\\/schema\\\/logo\\\/image\\\/\"}}]}<\/script>\n<!-- \/ Yoast SEO Premium plugin. -->","yoast_head_json":{"title":"Ph\u1edbt m\u00e0ng c\u00f3 ren ph\u00eda d\u01b0\u1edbi | D\u00f9ng cho h\u1ec7 th\u1ed1ng PCB v\u00e0 h\u1ec7 th\u1ed1ng \u0111\u1ecbnh l\u01b0\u1ee3ng h\u00f3a ch\u1ea5t | SJ Gauge","description":"Ph\u1ee5 ki\u1ec7n c\u00e1ch ly m\u00e0ng polypropylene l\u1eafp d\u01b0\u1edbi DIT-PPS \u0111\u01b0\u1ee3c thi\u1ebft k\u1ebf d\u00e0nh cho c\u00e1c ch\u1ea5t l\u1ecfng c\u00f3 t\u00ednh axit ho\u1eb7c \u0103n m\u00f2n. Th\u00e2n PP m\u00e0u \u0111en v\u00e0 m\u00e0ng Viton c\u1ee7a s\u1ea3n ph\u1ea9m mang l\u1ea1i kh\u1ea3 n\u0103ng ch\u1ed1ng h\u00f3a ch\u1ea5t v\u01b0\u1ee3t tr\u1ed9i c\u00f9ng \u0111\u1ed9 b\u1ec1n cao. V\u1edbi d\u1ea3i \u0111o \u00e1p su\u1ea5t t\u1eeb 0-20 MPa, s\u1ea3n ph\u1ea9m n\u00e0y l\u00e0 l\u1ef1a ch\u1ecdn l\u00fd t\u01b0\u1edfng cho c\u00e1c thi\u1ebft b\u1ecb PCB, h\u1ec7 th\u1ed1ng \u0111\u1ecbnh l\u01b0\u1ee3ng h\u00f3a ch\u1ea5t v\u00e0 h\u1ec7 th\u1ed1ng l\u1ecdc y\u00eau c\u1ea7u thi\u1ebft b\u1ecb \u0111o \u00e1p su\u1ea5t nh\u1eb9 v\u00e0 ch\u1ed1ng \u0103n m\u00f2n.","robots":{"index":"index","follow":"follow","max-snippet":"max-snippet:-1","max-image-preview":"max-image-preview:large","max-video-preview":"max-video-preview:-1"},"canonical":"https:\/\/www.sj-gauge.com\/vi\/san-pham\/dit-pps\/","og_locale":"vi_VN","og_type":"article","og_title":"Threaded Connection, Bottom PP","og_description":"DIT-PPS bottom-mounted polypropylene diaphragm seal is designed for acidic or corrosive fluids. Its black PP body and Viton diaphragm provide strong chemical resistance and durability. Supporting ranges from 0-20 bar, it is ideal for PCB equipment, chemical dosing, and filtration systems requiring lightweight and corrosion-resistant pressure measurement","og_url":"https:\/\/www.sj-gauge.com\/vi\/san-pham\/dit-pps\/","og_site_name":"SJ Gauge | Pressure Gauges, Thermometers &amp; Pressure Sensors","article_modified_time":"2026-04-02T00:47:36+00:00","og_image":[{"width":1200,"height":1000,"url":"https:\/\/www.sj-gauge.com\/wp-content\/uploads\/2025\/11\/SJ-Gauge_corrosion_resistant_PP_bottom_diaphragm_seal_for_pressure_gauge_L.jpg","type":"image\/jpeg"}],"twitter_card":"summary_large_image","twitter_misc":{"\u01af\u1edbc t\u00ednh th\u1eddi gian \u0111\u1ecdc":"1 ph\u00fat"},"schema":{"@context":"https:\/\/schema.org","@graph":[{"@type":"WebPage","@id":"https:\/\/www.sj-gauge.com\/product\/dit-pps\/","url":"https:\/\/www.sj-gauge.com\/product\/dit-pps\/","name":"Ph\u1edbt m\u00e0ng c\u00f3 ren ph\u00eda d\u01b0\u1edbi | D\u00f9ng cho h\u1ec7 th\u1ed1ng PCB v\u00e0 h\u1ec7 th\u1ed1ng \u0111\u1ecbnh l\u01b0\u1ee3ng h\u00f3a ch\u1ea5t | SJ Gauge","isPartOf":{"@id":"https:\/\/www.sj-gauge.com\/#website"},"primaryImageOfPage":{"@id":"https:\/\/www.sj-gauge.com\/product\/dit-pps\/#primaryimage"},"image":{"@id":"https:\/\/www.sj-gauge.com\/product\/dit-pps\/#primaryimage"},"thumbnailUrl":"https:\/\/www.sj-gauge.com\/wp-content\/uploads\/2025\/11\/SJ-Gauge_corrosion_resistant_PP_bottom_diaphragm_seal_for_pressure_gauge_L.jpg","datePublished":"2025-11-14T06:20:10+00:00","dateModified":"2026-04-02T00:47:36+00:00","description":"Ph\u1ee5 ki\u1ec7n c\u00e1ch ly m\u00e0ng polypropylene l\u1eafp d\u01b0\u1edbi DIT-PPS \u0111\u01b0\u1ee3c thi\u1ebft k\u1ebf d\u00e0nh cho c\u00e1c ch\u1ea5t l\u1ecfng c\u00f3 t\u00ednh axit ho\u1eb7c \u0103n m\u00f2n. Th\u00e2n PP m\u00e0u \u0111en v\u00e0 m\u00e0ng Viton c\u1ee7a s\u1ea3n ph\u1ea9m mang l\u1ea1i kh\u1ea3 n\u0103ng ch\u1ed1ng h\u00f3a ch\u1ea5t v\u01b0\u1ee3t tr\u1ed9i c\u00f9ng \u0111\u1ed9 b\u1ec1n cao. V\u1edbi d\u1ea3i \u0111o \u00e1p su\u1ea5t t\u1eeb 0-20 MPa, s\u1ea3n ph\u1ea9m n\u00e0y l\u00e0 l\u1ef1a ch\u1ecdn l\u00fd t\u01b0\u1edfng cho c\u00e1c thi\u1ebft b\u1ecb PCB, h\u1ec7 th\u1ed1ng \u0111\u1ecbnh l\u01b0\u1ee3ng h\u00f3a ch\u1ea5t v\u00e0 h\u1ec7 th\u1ed1ng l\u1ecdc y\u00eau c\u1ea7u thi\u1ebft b\u1ecb \u0111o \u00e1p su\u1ea5t nh\u1eb9 v\u00e0 ch\u1ed1ng \u0103n m\u00f2n.","breadcrumb":{"@id":"https:\/\/www.sj-gauge.com\/product\/dit-pps\/#breadcrumb"},"inLanguage":"vi","potentialAction":[{"@type":"ReadAction","target":["https:\/\/www.sj-gauge.com\/product\/dit-pps\/"]}]},{"@type":"ImageObject","inLanguage":"vi","@id":"https:\/\/www.sj-gauge.com\/product\/dit-pps\/#primaryimage","url":"https:\/\/www.sj-gauge.com\/wp-content\/uploads\/2025\/11\/SJ-Gauge_corrosion_resistant_PP_bottom_diaphragm_seal_for_pressure_gauge_L.jpg","contentUrl":"https:\/\/www.sj-gauge.com\/wp-content\/uploads\/2025\/11\/SJ-Gauge_corrosion_resistant_PP_bottom_diaphragm_seal_for_pressure_gauge_L.jpg","width":1200,"height":1000},{"@type":"BreadcrumbList","@id":"https:\/\/www.sj-gauge.com\/product\/dit-pps\/#breadcrumb","itemListElement":[{"@type":"ListItem","position":1,"name":"Home","item":"https:\/\/www.sj-gauge.com\/"},{"@type":"ListItem","position":2,"name":"Products","item":"https:\/\/www.sj-gauge.com\/products\/"},{"@type":"ListItem","position":3,"name":"Threaded Connection, Bottom PP"}]},{"@type":"WebSite","@id":"https:\/\/www.sj-gauge.com\/#website","url":"https:\/\/www.sj-gauge.com\/","name":"SJ Gauge | \u0110\u1ed3ng h\u1ed3 \u0111o \u00e1p su\u1ea5t, nhi\u1ec7t k\u1ebf v\u00e0 c\u1ea3m bi\u1ebfn \u00e1p su\u1ea5t","description":"Nh\u00e0 s\u1ea3n xu\u1ea5t \u0111\u1ed3ng h\u1ed3 \u0111o \u00e1p su\u1ea5t c\u00f4ng nghi\u1ec7p, c\u1ea3m bi\u1ebfn \u00e1p su\u1ea5t v\u00e0 b\u1ed9 truy\u1ec1n t\u00edn hi\u1ec7u. SJ Gauge cung c\u1ea5p c\u00e1c s\u1ea3n ph\u1ea9m c\u00f3 \u0111\u1ed9 ch\u00ednh x\u00e1c cao, \u0111\u01b0\u1ee3c ch\u1ebf t\u1ea1o t\u1eeb v\u1eadt li\u1ec7u b\u1ec1n b\u1ec9 v\u00e0 c\u00e1c gi\u1ea3i ph\u00e1p t\u00f9y ch\u1ec9nh d\u00e0nh cho c\u00e1c \u1ee9ng d\u1ee5ng trong ng\u00e0nh d\u1ea7u kh\u00ed, h\u00f3a ch\u1ea5t v\u00e0 c\u00f4ng nghi\u1ec7p.","publisher":{"@id":"https:\/\/www.sj-gauge.com\/#organization"},"potentialAction":[{"@type":"SearchAction","target":{"@type":"EntryPoint","urlTemplate":"https:\/\/www.sj-gauge.com\/?s={search_term_string}"},"query-input":{"@type":"PropertyValueSpecification","valueRequired":true,"valueName":"search_term_string"}}],"inLanguage":"vi"},{"@type":"Organization","@id":"https:\/\/www.sj-gauge.com\/#organization","name":"SJ Gauge | \u0110\u1ed3ng h\u1ed3 \u0111o \u00e1p su\u1ea5t, nhi\u1ec7t k\u1ebf v\u00e0 c\u1ea3m bi\u1ebfn \u00e1p su\u1ea5t","url":"https:\/\/www.sj-gauge.com\/","logo":{"@type":"ImageObject","inLanguage":"vi","@id":"https:\/\/www.sj-gauge.com\/#\/schema\/logo\/image\/","url":"https:\/\/www.sj-gauge.com\/wp-content\/uploads\/2025\/09\/logo.webp","contentUrl":"https:\/\/www.sj-gauge.com\/wp-content\/uploads\/2025\/09\/logo.webp","width":348,"height":184,"caption":"SJ Gauge | Pressure Gauges, Thermometers &amp; Pressure Sensors"},"image":{"@id":"https:\/\/www.sj-gauge.com\/#\/schema\/logo\/image\/"}}]}},"_links":{"self":[{"href":"https:\/\/www.sj-gauge.com\/vi\/wp-json\/wp\/v2\/product\/1922","targetHints":{"allow":["GET"]}}],"collection":[{"href":"https:\/\/www.sj-gauge.com\/vi\/wp-json\/wp\/v2\/product"}],"about":[{"href":"https:\/\/www.sj-gauge.com\/vi\/wp-json\/wp\/v2\/types\/product"}],"wp:featuredmedia":[{"embeddable":true,"href":"https:\/\/www.sj-gauge.com\/vi\/wp-json\/wp\/v2\/media\/1925"}],"wp:attachment":[{"href":"https:\/\/www.sj-gauge.com\/vi\/wp-json\/wp\/v2\/media?parent=1922"}],"wp:term":[{"taxonomy":"product_brand","embeddable":true,"href":"https:\/\/www.sj-gauge.com\/vi\/wp-json\/wp\/v2\/product_brand?post=1922"},{"taxonomy":"product_cat","embeddable":true,"href":"https:\/\/www.sj-gauge.com\/vi\/wp-json\/wp\/v2\/product_cat?post=1922"},{"taxonomy":"product_tag","embeddable":true,"href":"https:\/\/www.sj-gauge.com\/vi\/wp-json\/wp\/v2\/product_tag?post=1922"}],"curies":[{"name":"wp","href":"https:\/\/api.w.org\/{rel}","templated":true}]}}