{"id":1926,"date":"2025-11-14T14:26:50","date_gmt":"2025-11-14T06:26:50","guid":{"rendered":"https:\/\/sj-gauge.com\/?post_type=product&#038;p=1926"},"modified":"2026-03-29T17:50:17","modified_gmt":"2026-03-29T09:50:17","slug":"dit-6","status":"publish","type":"product","link":"https:\/\/www.sj-gauge.com\/vi\/san-pham\/dit-6\/","title":{"rendered":"K\u1ebft n\u1ed1i ren, h\u00ecnh l\u1ee5c gi\u00e1c"},"content":{"rendered":"<p>Van m\u00e0ng l\u1ee5c gi\u00e1c DIT-6 c\u00f3 thi\u1ebft k\u1ebf th\u00e1o r\u1eddi, cho ph\u00e9p v\u1ec7 sinh v\u00e0 b\u1ea3o tr\u00ec d\u1ec5 d\u00e0ng, ph\u00f9 h\u1ee3p cho c\u00e1c \u1ee9ng d\u1ee5ng c\u00f3 nhi\u1ec1u b\u1ee5i, h\u1ea1t ho\u1eb7c d\u1ec5 b\u1ecb t\u1eafc ngh\u1ebdn, th\u01b0\u1eddng g\u1eb7p trong c\u00e1c nh\u00e0 m\u00e1y xi m\u0103ng, nh\u00e0 m\u00e1y l\u1ecdc d\u1ea7u v\u00e0 thi\u1ebft b\u1ecb h\u00f3a d\u1ea7u. \u0110\u01b0\u1ee3c ch\u1ebf t\u1ea1o ho\u00e0n to\u00e0n t\u1eeb th\u00e9p kh\u00f4ng g\u1ec9 316L, s\u1ea3n ph\u1ea9m n\u00e0y c\u00f3 kh\u1ea3 n\u0103ng ch\u1ed1ng \u0103n m\u00f2n xu\u1ea5t s\u1eafc v\u00e0 ch\u1ecbu \u0111\u01b0\u1ee3c nhi\u1ec7t \u0111\u1ed9 cao, h\u1ed7 tr\u1ee3 d\u1ea3i \u00e1p su\u1ea5t t\u1eeb 0\u201310 bar \u0111\u1ebfn 0\u2013250 bar khi k\u1ebft h\u1ee3p v\u1edbi \u0111\u1ed3ng h\u1ed3 \u00e1p su\u1ea5t ho\u1eb7c b\u1ed9 truy\u1ec1n t\u00edn hi\u1ec7u. \u0110\u00e2y l\u00e0 gi\u1ea3i ph\u00e1p \u0111\u00f3ng k\u00edn b\u1ec1n b\u1ec9 v\u00e0 \u0111\u00e1ng tin c\u1eady cho c\u00e1c m\u00f4i tr\u01b0\u1eddng c\u00f4ng nghi\u1ec7p kh\u1eafc nghi\u1ec7t.<\/p>","protected":false},"excerpt":{"rendered":"<ul>\n<li>Thi\u1ebft k\u1ebf th\u00e1o r\u1eddi \u0111\u1ec3 d\u1ec5 d\u00e0ng v\u1ec7 sinh v\u00e0 b\u1ea3o tr\u00ec.<\/li>\n<li>Th\u01b0\u1eddng \u0111\u01b0\u1ee3c s\u1eed d\u1ee5ng trong c\u00e1c nh\u00e0 m\u00e1y xi m\u0103ng v\u00e0 ng\u00e0nh c\u00f4ng nghi\u1ec7p thi\u1ebft b\u1ecb h\u00f3a d\u1ea7u.<\/li>\n<\/ul>","protected":false},"featured_media":1929,"template":"","meta":{"_acf_changed":false},"product_brand":[40],"product_cat":[21,41],"product_tag":[],"class_list":{"0":"post-1926","1":"product","2":"type-product","3":"status-publish","4":"has-post-thumbnail","6":"product_brand-sj-gauge","7":"product_cat-diaphragm-seal","8":"product_cat-pressure-instruments","10":"first","11":"instock","12":"shipping-taxable","13":"product-type-simple"},"acf":[],"yoast_head":"<!-- This site is optimized with the Yoast SEO Premium plugin v26.7 (Yoast SEO v27.4) - https:\/\/yoast.com\/product\/yoast-seo-premium-wordpress\/ -->\n<title>Hexagonal Threaded Diaphragm Seal | Detachable Design for Easy Maintenance | SJ Gauge<\/title>\n<meta name=\"description\" content=\"DIT-6 hexagonal diaphragm seal features a detachable design for easy cleaning in dusty, particle-laden, or clog-prone applications. Constructed entirely of 316L stainless steel, it withstands high temperatures and pressures up to 250 bar. A durable sealing solution ideal for cement plants, refineries, and petrochemical equipment\" \/>\n<meta name=\"robots\" content=\"index, follow, max-snippet:-1, max-image-preview:large, max-video-preview:-1\" \/>\n<link rel=\"canonical\" href=\"https:\/\/www.sj-gauge.com\/vi\/san-pham\/dit-6\/\" \/>\n<meta property=\"og:locale\" content=\"vi_VN\" \/>\n<meta property=\"og:type\" content=\"article\" \/>\n<meta property=\"og:title\" content=\"Threaded Connection, Hexagonal\" \/>\n<meta property=\"og:description\" content=\"DIT-6 hexagonal diaphragm seal features a detachable design for easy cleaning in dusty, particle-laden, or clog-prone applications. Constructed entirely of 316L stainless steel, it withstands high temperatures and pressures up to 250 bar. A durable sealing solution ideal for cement plants, refineries, and petrochemical equipment\" \/>\n<meta property=\"og:url\" content=\"https:\/\/www.sj-gauge.com\/vi\/san-pham\/dit-6\/\" \/>\n<meta property=\"og:site_name\" content=\"SJ Gauge | Pressure Gauges, Thermometers &amp; Pressure Sensors\" \/>\n<meta property=\"article:modified_time\" content=\"2026-03-29T09:50:17+00:00\" \/>\n<meta property=\"og:image\" content=\"https:\/\/www.sj-gauge.com\/wp-content\/uploads\/2025\/11\/SJ-Gauge-pressure-gauge-hexagonal-diaphragm.jpg\" \/>\n\t<meta property=\"og:image:width\" content=\"1200\" \/>\n\t<meta property=\"og:image:height\" content=\"1000\" \/>\n\t<meta property=\"og:image:type\" content=\"image\/jpeg\" \/>\n<meta name=\"twitter:card\" content=\"summary_large_image\" \/>\n<meta name=\"twitter:label1\" content=\"\u01af\u1edbc t\u00ednh th\u1eddi gian \u0111\u1ecdc\" \/>\n\t<meta name=\"twitter:data1\" content=\"1 ph\u00fat\" \/>\n<script type=\"application\/ld+json\" class=\"yoast-schema-graph\">{\"@context\":\"https:\\\/\\\/schema.org\",\"@graph\":[{\"@type\":\"WebPage\",\"@id\":\"https:\\\/\\\/www.sj-gauge.com\\\/product\\\/dit-6\\\/\",\"url\":\"https:\\\/\\\/www.sj-gauge.com\\\/product\\\/dit-6\\\/\",\"name\":\"Hexagonal Threaded Diaphragm Seal | Detachable Design for Easy Maintenance | SJ Gauge\",\"isPartOf\":{\"@id\":\"https:\\\/\\\/www.sj-gauge.com\\\/#website\"},\"primaryImageOfPage\":{\"@id\":\"https:\\\/\\\/www.sj-gauge.com\\\/product\\\/dit-6\\\/#primaryimage\"},\"image\":{\"@id\":\"https:\\\/\\\/www.sj-gauge.com\\\/product\\\/dit-6\\\/#primaryimage\"},\"thumbnailUrl\":\"https:\\\/\\\/www.sj-gauge.com\\\/wp-content\\\/uploads\\\/2025\\\/11\\\/SJ-Gauge-pressure-gauge-hexagonal-diaphragm.jpg\",\"datePublished\":\"2025-11-14T06:26:50+00:00\",\"dateModified\":\"2026-03-29T09:50:17+00:00\",\"description\":\"DIT-6 hexagonal diaphragm seal features a detachable design for easy cleaning in dusty, particle-laden, or clog-prone applications. Constructed entirely of 316L stainless steel, it withstands high temperatures and pressures up to 250 bar. A durable sealing solution ideal for cement plants, refineries, and petrochemical equipment\",\"breadcrumb\":{\"@id\":\"https:\\\/\\\/www.sj-gauge.com\\\/product\\\/dit-6\\\/#breadcrumb\"},\"inLanguage\":\"vi\",\"potentialAction\":[{\"@type\":\"ReadAction\",\"target\":[\"https:\\\/\\\/www.sj-gauge.com\\\/product\\\/dit-6\\\/\"]}]},{\"@type\":\"ImageObject\",\"inLanguage\":\"vi\",\"@id\":\"https:\\\/\\\/www.sj-gauge.com\\\/product\\\/dit-6\\\/#primaryimage\",\"url\":\"https:\\\/\\\/www.sj-gauge.com\\\/wp-content\\\/uploads\\\/2025\\\/11\\\/SJ-Gauge-pressure-gauge-hexagonal-diaphragm.jpg\",\"contentUrl\":\"https:\\\/\\\/www.sj-gauge.com\\\/wp-content\\\/uploads\\\/2025\\\/11\\\/SJ-Gauge-pressure-gauge-hexagonal-diaphragm.jpg\",\"width\":1200,\"height\":1000},{\"@type\":\"BreadcrumbList\",\"@id\":\"https:\\\/\\\/www.sj-gauge.com\\\/product\\\/dit-6\\\/#breadcrumb\",\"itemListElement\":[{\"@type\":\"ListItem\",\"position\":1,\"name\":\"Home\",\"item\":\"https:\\\/\\\/www.sj-gauge.com\\\/\"},{\"@type\":\"ListItem\",\"position\":2,\"name\":\"Products\",\"item\":\"https:\\\/\\\/www.sj-gauge.com\\\/products\\\/\"},{\"@type\":\"ListItem\",\"position\":3,\"name\":\"Threaded Connection, Hexagonal\"}]},{\"@type\":\"WebSite\",\"@id\":\"https:\\\/\\\/www.sj-gauge.com\\\/#website\",\"url\":\"https:\\\/\\\/www.sj-gauge.com\\\/\",\"name\":\"SJ Gauge | Pressure Gauges, Thermometers &amp; Pressure Sensors\",\"description\":\"Manufacturer of industrial pressure gauges, pressure sensors, and transmitters. SJ Gauge provides high accuracy, durable materials, and custom solutions for oil &amp; gas, chemical, and industrial applications.\",\"publisher\":{\"@id\":\"https:\\\/\\\/www.sj-gauge.com\\\/#organization\"},\"potentialAction\":[{\"@type\":\"SearchAction\",\"target\":{\"@type\":\"EntryPoint\",\"urlTemplate\":\"https:\\\/\\\/www.sj-gauge.com\\\/?s={search_term_string}\"},\"query-input\":{\"@type\":\"PropertyValueSpecification\",\"valueRequired\":true,\"valueName\":\"search_term_string\"}}],\"inLanguage\":\"vi\"},{\"@type\":\"Organization\",\"@id\":\"https:\\\/\\\/www.sj-gauge.com\\\/#organization\",\"name\":\"SJ Gauge | Pressure Gauges, Thermometers &amp; Pressure Sensors\",\"url\":\"https:\\\/\\\/www.sj-gauge.com\\\/\",\"logo\":{\"@type\":\"ImageObject\",\"inLanguage\":\"vi\",\"@id\":\"https:\\\/\\\/www.sj-gauge.com\\\/#\\\/schema\\\/logo\\\/image\\\/\",\"url\":\"https:\\\/\\\/www.sj-gauge.com\\\/wp-content\\\/uploads\\\/2025\\\/09\\\/logo.webp\",\"contentUrl\":\"https:\\\/\\\/www.sj-gauge.com\\\/wp-content\\\/uploads\\\/2025\\\/09\\\/logo.webp\",\"width\":348,\"height\":184,\"caption\":\"SJ Gauge | Pressure Gauges, Thermometers &amp; Pressure Sensors\"},\"image\":{\"@id\":\"https:\\\/\\\/www.sj-gauge.com\\\/#\\\/schema\\\/logo\\\/image\\\/\"}}]}<\/script>\n<!-- \/ Yoast SEO Premium plugin. -->","yoast_head_json":{"title":"Ph\u1edbt m\u00e0ng c\u00f3 ren l\u1ee5c gi\u00e1c | Thi\u1ebft k\u1ebf th\u00e1o l\u1eafp d\u1ec5 d\u00e0ng \u0111\u1ec3 b\u1ea3o tr\u00ec | SJ Gauge","description":"Ph\u1ee5 ki\u1ec7n c\u00e1ch ly m\u00e0ng h\u00ecnh l\u1ee5c gi\u00e1c DIT-6 c\u00f3 thi\u1ebft k\u1ebf th\u00e1o l\u1eafp \u0111\u01b0\u1ee3c, gi\u00fap d\u1ec5 d\u00e0ng v\u1ec7 sinh trong c\u00e1c m\u00f4i tr\u01b0\u1eddng nhi\u1ec1u b\u1ee5i, ch\u1ee9a nhi\u1ec1u h\u1ea1t r\u1eafn ho\u1eb7c d\u1ec5 b\u1ecb t\u1eafc ngh\u1ebdn. \u0110\u01b0\u1ee3c ch\u1ebf t\u1ea1o ho\u00e0n to\u00e0n t\u1eeb th\u00e9p kh\u00f4ng g\u1ec9 316L, s\u1ea3n ph\u1ea9m n\u00e0y ch\u1ecbu \u0111\u01b0\u1ee3c nhi\u1ec7t \u0111\u1ed9 cao v\u00e0 \u00e1p su\u1ea5t l\u00ean \u0111\u1ebfn 250 bar. \u0110\u00e2y l\u00e0 gi\u1ea3i ph\u00e1p c\u00e1ch ly b\u1ec1n b\u1ec9, l\u00fd t\u01b0\u1edfng cho c\u00e1c nh\u00e0 m\u00e1y xi m\u0103ng, nh\u00e0 m\u00e1y l\u1ecdc d\u1ea7u v\u00e0 thi\u1ebft b\u1ecb h\u00f3a d\u1ea7u.","robots":{"index":"index","follow":"follow","max-snippet":"max-snippet:-1","max-image-preview":"max-image-preview:large","max-video-preview":"max-video-preview:-1"},"canonical":"https:\/\/www.sj-gauge.com\/vi\/san-pham\/dit-6\/","og_locale":"vi_VN","og_type":"article","og_title":"Threaded Connection, Hexagonal","og_description":"DIT-6 hexagonal diaphragm seal features a detachable design for easy cleaning in dusty, particle-laden, or clog-prone applications. Constructed entirely of 316L stainless steel, it withstands high temperatures and pressures up to 250 bar. A durable sealing solution ideal for cement plants, refineries, and petrochemical equipment","og_url":"https:\/\/www.sj-gauge.com\/vi\/san-pham\/dit-6\/","og_site_name":"SJ Gauge | Pressure Gauges, Thermometers &amp; Pressure Sensors","article_modified_time":"2026-03-29T09:50:17+00:00","og_image":[{"width":1200,"height":1000,"url":"https:\/\/www.sj-gauge.com\/wp-content\/uploads\/2025\/11\/SJ-Gauge-pressure-gauge-hexagonal-diaphragm.jpg","type":"image\/jpeg"}],"twitter_card":"summary_large_image","twitter_misc":{"\u01af\u1edbc t\u00ednh th\u1eddi gian \u0111\u1ecdc":"1 ph\u00fat"},"schema":{"@context":"https:\/\/schema.org","@graph":[{"@type":"WebPage","@id":"https:\/\/www.sj-gauge.com\/product\/dit-6\/","url":"https:\/\/www.sj-gauge.com\/product\/dit-6\/","name":"Ph\u1edbt m\u00e0ng c\u00f3 ren l\u1ee5c gi\u00e1c | Thi\u1ebft k\u1ebf th\u00e1o l\u1eafp d\u1ec5 d\u00e0ng \u0111\u1ec3 b\u1ea3o tr\u00ec | SJ Gauge","isPartOf":{"@id":"https:\/\/www.sj-gauge.com\/#website"},"primaryImageOfPage":{"@id":"https:\/\/www.sj-gauge.com\/product\/dit-6\/#primaryimage"},"image":{"@id":"https:\/\/www.sj-gauge.com\/product\/dit-6\/#primaryimage"},"thumbnailUrl":"https:\/\/www.sj-gauge.com\/wp-content\/uploads\/2025\/11\/SJ-Gauge-pressure-gauge-hexagonal-diaphragm.jpg","datePublished":"2025-11-14T06:26:50+00:00","dateModified":"2026-03-29T09:50:17+00:00","description":"Ph\u1ee5 ki\u1ec7n c\u00e1ch ly m\u00e0ng h\u00ecnh l\u1ee5c gi\u00e1c DIT-6 c\u00f3 thi\u1ebft k\u1ebf th\u00e1o l\u1eafp \u0111\u01b0\u1ee3c, gi\u00fap d\u1ec5 d\u00e0ng v\u1ec7 sinh trong c\u00e1c m\u00f4i tr\u01b0\u1eddng nhi\u1ec1u b\u1ee5i, ch\u1ee9a nhi\u1ec1u h\u1ea1t r\u1eafn ho\u1eb7c d\u1ec5 b\u1ecb t\u1eafc ngh\u1ebdn. \u0110\u01b0\u1ee3c ch\u1ebf t\u1ea1o ho\u00e0n to\u00e0n t\u1eeb th\u00e9p kh\u00f4ng g\u1ec9 316L, s\u1ea3n ph\u1ea9m n\u00e0y ch\u1ecbu \u0111\u01b0\u1ee3c nhi\u1ec7t \u0111\u1ed9 cao v\u00e0 \u00e1p su\u1ea5t l\u00ean \u0111\u1ebfn 250 bar. \u0110\u00e2y l\u00e0 gi\u1ea3i ph\u00e1p c\u00e1ch ly b\u1ec1n b\u1ec9, l\u00fd t\u01b0\u1edfng cho c\u00e1c nh\u00e0 m\u00e1y xi m\u0103ng, nh\u00e0 m\u00e1y l\u1ecdc d\u1ea7u v\u00e0 thi\u1ebft b\u1ecb h\u00f3a d\u1ea7u.","breadcrumb":{"@id":"https:\/\/www.sj-gauge.com\/product\/dit-6\/#breadcrumb"},"inLanguage":"vi","potentialAction":[{"@type":"ReadAction","target":["https:\/\/www.sj-gauge.com\/product\/dit-6\/"]}]},{"@type":"ImageObject","inLanguage":"vi","@id":"https:\/\/www.sj-gauge.com\/product\/dit-6\/#primaryimage","url":"https:\/\/www.sj-gauge.com\/wp-content\/uploads\/2025\/11\/SJ-Gauge-pressure-gauge-hexagonal-diaphragm.jpg","contentUrl":"https:\/\/www.sj-gauge.com\/wp-content\/uploads\/2025\/11\/SJ-Gauge-pressure-gauge-hexagonal-diaphragm.jpg","width":1200,"height":1000},{"@type":"BreadcrumbList","@id":"https:\/\/www.sj-gauge.com\/product\/dit-6\/#breadcrumb","itemListElement":[{"@type":"ListItem","position":1,"name":"Home","item":"https:\/\/www.sj-gauge.com\/"},{"@type":"ListItem","position":2,"name":"Products","item":"https:\/\/www.sj-gauge.com\/products\/"},{"@type":"ListItem","position":3,"name":"Threaded Connection, Hexagonal"}]},{"@type":"WebSite","@id":"https:\/\/www.sj-gauge.com\/#website","url":"https:\/\/www.sj-gauge.com\/","name":"SJ Gauge | \u0110\u1ed3ng h\u1ed3 \u0111o \u00e1p su\u1ea5t, nhi\u1ec7t k\u1ebf v\u00e0 c\u1ea3m bi\u1ebfn \u00e1p su\u1ea5t","description":"Nh\u00e0 s\u1ea3n xu\u1ea5t \u0111\u1ed3ng h\u1ed3 \u0111o \u00e1p su\u1ea5t c\u00f4ng nghi\u1ec7p, c\u1ea3m bi\u1ebfn \u00e1p su\u1ea5t v\u00e0 b\u1ed9 truy\u1ec1n t\u00edn hi\u1ec7u. SJ Gauge cung c\u1ea5p c\u00e1c s\u1ea3n ph\u1ea9m c\u00f3 \u0111\u1ed9 ch\u00ednh x\u00e1c cao, \u0111\u01b0\u1ee3c ch\u1ebf t\u1ea1o t\u1eeb v\u1eadt li\u1ec7u b\u1ec1n b\u1ec9 v\u00e0 c\u00e1c gi\u1ea3i ph\u00e1p t\u00f9y ch\u1ec9nh d\u00e0nh cho c\u00e1c \u1ee9ng d\u1ee5ng trong ng\u00e0nh d\u1ea7u kh\u00ed, h\u00f3a ch\u1ea5t v\u00e0 c\u00f4ng nghi\u1ec7p.","publisher":{"@id":"https:\/\/www.sj-gauge.com\/#organization"},"potentialAction":[{"@type":"SearchAction","target":{"@type":"EntryPoint","urlTemplate":"https:\/\/www.sj-gauge.com\/?s={search_term_string}"},"query-input":{"@type":"PropertyValueSpecification","valueRequired":true,"valueName":"search_term_string"}}],"inLanguage":"vi"},{"@type":"Organization","@id":"https:\/\/www.sj-gauge.com\/#organization","name":"SJ Gauge | \u0110\u1ed3ng h\u1ed3 \u0111o \u00e1p su\u1ea5t, nhi\u1ec7t k\u1ebf v\u00e0 c\u1ea3m bi\u1ebfn \u00e1p su\u1ea5t","url":"https:\/\/www.sj-gauge.com\/","logo":{"@type":"ImageObject","inLanguage":"vi","@id":"https:\/\/www.sj-gauge.com\/#\/schema\/logo\/image\/","url":"https:\/\/www.sj-gauge.com\/wp-content\/uploads\/2025\/09\/logo.webp","contentUrl":"https:\/\/www.sj-gauge.com\/wp-content\/uploads\/2025\/09\/logo.webp","width":348,"height":184,"caption":"SJ Gauge | Pressure Gauges, Thermometers &amp; Pressure Sensors"},"image":{"@id":"https:\/\/www.sj-gauge.com\/#\/schema\/logo\/image\/"}}]}},"_links":{"self":[{"href":"https:\/\/www.sj-gauge.com\/vi\/wp-json\/wp\/v2\/product\/1926","targetHints":{"allow":["GET"]}}],"collection":[{"href":"https:\/\/www.sj-gauge.com\/vi\/wp-json\/wp\/v2\/product"}],"about":[{"href":"https:\/\/www.sj-gauge.com\/vi\/wp-json\/wp\/v2\/types\/product"}],"wp:featuredmedia":[{"embeddable":true,"href":"https:\/\/www.sj-gauge.com\/vi\/wp-json\/wp\/v2\/media\/1929"}],"wp:attachment":[{"href":"https:\/\/www.sj-gauge.com\/vi\/wp-json\/wp\/v2\/media?parent=1926"}],"wp:term":[{"taxonomy":"product_brand","embeddable":true,"href":"https:\/\/www.sj-gauge.com\/vi\/wp-json\/wp\/v2\/product_brand?post=1926"},{"taxonomy":"product_cat","embeddable":true,"href":"https:\/\/www.sj-gauge.com\/vi\/wp-json\/wp\/v2\/product_cat?post=1926"},{"taxonomy":"product_tag","embeddable":true,"href":"https:\/\/www.sj-gauge.com\/vi\/wp-json\/wp\/v2\/product_tag?post=1926"}],"curies":[{"name":"wp","href":"https:\/\/api.w.org\/{rel}","templated":true}]}}