{"id":1931,"date":"2025-11-14T15:16:52","date_gmt":"2025-11-14T07:16:52","guid":{"rendered":"https:\/\/sj-gauge.com\/?post_type=product&#038;p=1931"},"modified":"2026-04-01T15:10:04","modified_gmt":"2026-04-01T07:10:04","slug":"dif","status":"publish","type":"product","link":"https:\/\/www.sj-gauge.com\/vi\/san-pham\/dif\/","title":{"rendered":"K\u1ebft n\u1ed1i c\u00f3 v\u00e0nh"},"content":{"rendered":"<p>Van \u0111\u1ec7m m\u00e0ng c\u00f3 flange DIF c\u00f3 s\u1eb5n \u1edf c\u1ea3 hai lo\u1ea1i h\u00e0n v\u00e0 v\u1eb7n, cho ph\u00e9p l\u1ef1a ch\u1ecdn linh ho\u1ea1t d\u1ef1a tr\u00ean k\u00edch th\u01b0\u1edbc l\u1eafp \u0111\u1eb7t v\u00e0 y\u00eau c\u1ea7u quy tr\u00ecnh. N\u00f3 \u0111\u01b0\u1ee3c thi\u1ebft k\u1ebf cho c\u00e1c m\u00f4i tr\u01b0\u1eddng kh\u1eafc nghi\u1ec7t nh\u01b0 ch\u1ea5t l\u1ecfng \u0103n m\u00f2n, ch\u1ea5t l\u1ecfng nhi\u1ec7t \u0111\u1ed9 cao, ch\u1ea5t k\u1ebft tinh v\u00e0 n\u01b0\u1edbc th\u1ea3i, l\u00e0m cho n\u00f3 l\u00fd t\u01b0\u1edfng cho c\u00e1c ng\u00e0nh c\u00f4ng nghi\u1ec7p \u0111\u00f2i h\u1ecfi kh\u1eaft khe nh\u01b0 d\u01b0\u1ee3c ph\u1ea9m, h\u00f3a ch\u1ea5t v\u00e0 d\u1ea7u kh\u00ed. T\u01b0\u01a1ng th\u00edch v\u1edbi c\u00e1c ti\u00eau chu\u1ea9n m\u1eb7t b\u00edch ANSI\/ASME, JIS v\u00e0 DIN, s\u1ea3n ph\u1ea9m c\u00f3 th\u1ec3 k\u1ebft h\u1ee3p v\u1edbi \u0111\u1ed3ng h\u1ed3 \u00e1p su\u1ea5t ho\u1eb7c b\u1ed9 truy\u1ec1n t\u00edn hi\u1ec7u. V\u1edbi \u0111a d\u1ea1ng v\u1eadt li\u1ec7u l\u1ef1a ch\u1ecdn\u2014304\/316L, Hastelloy, Monel, Titan, Tantalum v\u00e0 nhi\u1ec1u lo\u1ea1i kh\u00e1c\u2014DIF cung c\u1ea5p gi\u1ea3i ph\u00e1p c\u00e1ch ly \u00e1p su\u1ea5t \u0111\u00e1ng tin c\u1eady cho m\u00f4i tr\u01b0\u1eddng ho\u1ea1t \u0111\u1ed9ng kh\u1eafc nghi\u1ec7t.<\/p>","protected":false},"excerpt":{"rendered":"<ul>\n<li>Lo\u1ea1i v\u00edt ho\u1eb7c lo\u1ea1i h\u00e0n c\u00f3 th\u1ec3 \u0111\u01b0\u1ee3c l\u1ef1a ch\u1ecdn t\u00f9y theo y\u00eau c\u1ea7u v\u1ec1 k\u00edch th\u01b0\u1edbc.<\/li>\n<li>D\u00f9ng cho n\u01b0\u1edbc th\u1ea3i ho\u1eb7c c\u00e1c ch\u1ea5t l\u1ecfng c\u00f3 t\u00ednh ch\u1ea5t ph\u1ee9c t\u1ea1p nh\u01b0 \u0103n m\u00f2n, nhi\u1ec7t \u0111\u1ed9 cao ho\u1eb7c k\u1ebft tinh.<\/li>\n<li>\u00c1p d\u1ee5ng cho c\u00e1c m\u00f4i tr\u01b0\u1eddng l\u00e0m vi\u1ec7c nghi\u00eam ng\u1eb7t bao g\u1ed3m ng\u00e0nh d\u01b0\u1ee3c ph\u1ea9m, h\u00f3a ch\u1ea5t v\u00e0 ch\u1ebf bi\u1ebfn d\u1ea7u kh\u00ed, v.v.<\/li>\n<\/ul>","protected":false},"featured_media":1934,"template":"","meta":{"_acf_changed":false},"product_brand":[40],"product_cat":[21,41],"product_tag":[],"class_list":{"0":"post-1931","1":"product","2":"type-product","3":"status-publish","4":"has-post-thumbnail","6":"product_brand-sj-gauge","7":"product_cat-diaphragm-seal","8":"product_cat-pressure-instruments","10":"first","11":"instock","12":"shipping-taxable","13":"product-type-simple"},"acf":[],"yoast_head":"<!-- This site is optimized with the Yoast SEO Premium plugin v26.7 (Yoast SEO v26.7) - https:\/\/yoast.com\/wordpress\/plugins\/seo\/ -->\n<title>Flanged Diaphragm Seal | Welded &amp; Screwed Options, ANSI\/JIS\/DIN | SJ Gauge<\/title>\n<meta name=\"description\" content=\"DIF flanged diaphragm seal is available in welded and screwed types for flexible installation. Designed for challenging media like corrosive fluids and high-temperature liquids, it offers material choices including Hastelloy, Monel, and Titanium. Ideal for pharmaceutical, chemical, and petrochemical industries to ensure dependable pressure isolation\" \/>\n<meta name=\"robots\" content=\"index, follow, max-snippet:-1, max-image-preview:large, max-video-preview:-1\" \/>\n<link rel=\"canonical\" href=\"https:\/\/www.sj-gauge.com\/vi\/san-pham\/dif\/\" \/>\n<meta property=\"og:locale\" content=\"vi_VN\" \/>\n<meta property=\"og:type\" content=\"article\" \/>\n<meta property=\"og:title\" content=\"Flanged Connection\" \/>\n<meta property=\"og:description\" content=\"DIF flanged diaphragm seal is available in welded and screwed types for flexible installation. Designed for challenging media like corrosive fluids and high-temperature liquids, it offers material choices including Hastelloy, Monel, and Titanium. Ideal for pharmaceutical, chemical, and petrochemical industries to ensure dependable pressure isolation\" \/>\n<meta property=\"og:url\" content=\"https:\/\/www.sj-gauge.com\/vi\/san-pham\/dif\/\" \/>\n<meta property=\"og:site_name\" content=\"Your Expert in Pressure Temp and Smart Transmitters - SJ Gauge\" \/>\n<meta property=\"article:modified_time\" content=\"2026-04-01T07:10:04+00:00\" \/>\n<meta property=\"og:image\" content=\"https:\/\/www.sj-gauge.com\/wp-content\/uploads\/2025\/11\/SJ-Gauge-diaphragm-seals-metal-flange.jpg\" \/>\n\t<meta property=\"og:image:width\" content=\"1200\" \/>\n\t<meta property=\"og:image:height\" content=\"1000\" \/>\n\t<meta property=\"og:image:type\" content=\"image\/jpeg\" \/>\n<meta name=\"twitter:card\" content=\"summary_large_image\" \/>\n<meta name=\"twitter:label1\" content=\"\u01af\u1edbc t\u00ednh th\u1eddi gian \u0111\u1ecdc\" \/>\n\t<meta name=\"twitter:data1\" content=\"1 ph\u00fat\" \/>\n<script type=\"application\/ld+json\" class=\"yoast-schema-graph\">{\"@context\":\"https:\/\/schema.org\",\"@graph\":[{\"@type\":\"WebPage\",\"@id\":\"https:\/\/www.sj-gauge.com\/product\/dif\/\",\"url\":\"https:\/\/www.sj-gauge.com\/product\/dif\/\",\"name\":\"Flanged Diaphragm Seal | Welded & Screwed Options, ANSI\/JIS\/DIN | SJ Gauge\",\"isPartOf\":{\"@id\":\"https:\/\/www.sj-gauge.com\/#website\"},\"primaryImageOfPage\":{\"@id\":\"https:\/\/www.sj-gauge.com\/product\/dif\/#primaryimage\"},\"image\":{\"@id\":\"https:\/\/www.sj-gauge.com\/product\/dif\/#primaryimage\"},\"thumbnailUrl\":\"https:\/\/www.sj-gauge.com\/wp-content\/uploads\/2025\/11\/SJ-Gauge-diaphragm-seals-metal-flange.jpg\",\"datePublished\":\"2025-11-14T07:16:52+00:00\",\"dateModified\":\"2026-04-01T07:10:04+00:00\",\"description\":\"DIF flanged diaphragm seal is available in welded and screwed types for flexible installation. Designed for challenging media like corrosive fluids and high-temperature liquids, it offers material choices including Hastelloy, Monel, and Titanium. Ideal for pharmaceutical, chemical, and petrochemical industries to ensure dependable pressure isolation\",\"breadcrumb\":{\"@id\":\"https:\/\/www.sj-gauge.com\/product\/dif\/#breadcrumb\"},\"inLanguage\":\"vi\",\"potentialAction\":[{\"@type\":\"ReadAction\",\"target\":[\"https:\/\/www.sj-gauge.com\/product\/dif\/\"]}]},{\"@type\":\"ImageObject\",\"inLanguage\":\"vi\",\"@id\":\"https:\/\/www.sj-gauge.com\/product\/dif\/#primaryimage\",\"url\":\"https:\/\/www.sj-gauge.com\/wp-content\/uploads\/2025\/11\/SJ-Gauge-diaphragm-seals-metal-flange.jpg\",\"contentUrl\":\"https:\/\/www.sj-gauge.com\/wp-content\/uploads\/2025\/11\/SJ-Gauge-diaphragm-seals-metal-flange.jpg\",\"width\":1200,\"height\":1000},{\"@type\":\"BreadcrumbList\",\"@id\":\"https:\/\/www.sj-gauge.com\/product\/dif\/#breadcrumb\",\"itemListElement\":[{\"@type\":\"ListItem\",\"position\":1,\"name\":\"Home\",\"item\":\"https:\/\/www.sj-gauge.com\/\"},{\"@type\":\"ListItem\",\"position\":2,\"name\":\"Products\",\"item\":\"https:\/\/www.sj-gauge.com\/products\/\"},{\"@type\":\"ListItem\",\"position\":3,\"name\":\"Flanged Connection\"}]},{\"@type\":\"WebSite\",\"@id\":\"https:\/\/www.sj-gauge.com\/#website\",\"url\":\"https:\/\/www.sj-gauge.com\/\",\"name\":\"Your Expert in Pressure Temp and Smart Transmitters - SJ Gauge\",\"description\":\"Manufacturer of industrial pressure gauges, pressure sensors, and transmitters. SJ Gauge provides high accuracy, durable materials, and custom solutions for oil &amp; gas, chemical, and industrial applications.\",\"publisher\":{\"@id\":\"https:\/\/www.sj-gauge.com\/#organization\"},\"potentialAction\":[{\"@type\":\"SearchAction\",\"target\":{\"@type\":\"EntryPoint\",\"urlTemplate\":\"https:\/\/www.sj-gauge.com\/?s={search_term_string}\"},\"query-input\":{\"@type\":\"PropertyValueSpecification\",\"valueRequired\":true,\"valueName\":\"search_term_string\"}}],\"inLanguage\":\"vi\"},{\"@type\":\"Organization\",\"@id\":\"https:\/\/www.sj-gauge.com\/#organization\",\"name\":\"Your Expert in Pressure Temp and Smart Transmitters - SJ Gauge\",\"url\":\"https:\/\/www.sj-gauge.com\/\",\"logo\":{\"@type\":\"ImageObject\",\"inLanguage\":\"vi\",\"@id\":\"https:\/\/www.sj-gauge.com\/#\/schema\/logo\/image\/\",\"url\":\"https:\/\/www.sj-gauge.com\/wp-content\/uploads\/2025\/09\/logo.webp\",\"contentUrl\":\"https:\/\/www.sj-gauge.com\/wp-content\/uploads\/2025\/09\/logo.webp\",\"width\":348,\"height\":184,\"caption\":\"Your Expert in Pressure Temp and Smart Transmitters - SJ Gauge\"},\"image\":{\"@id\":\"https:\/\/www.sj-gauge.com\/#\/schema\/logo\/image\/\"}}]}<\/script>\n<!-- \/ Yoast SEO Premium plugin. -->","yoast_head_json":{"title":"Ph\u1edbt m\u00e0ng c\u00f3 v\u00e0nh | C\u00e1c t\u00f9y ch\u1ecdn h\u00e0n v\u00e0 b\u1eaft v\u00edt, ANSI\/JIS\/DIN | SJ Gauge","description":"Ph\u1ee5 ki\u1ec7n c\u00e1ch ly m\u00e0ng c\u00f3 v\u00e0nh DIF c\u00f3 s\u1eb5n \u1edf c\u00e1c lo\u1ea1i h\u00e0n v\u00e0 ren, gi\u00fap l\u1eafp \u0111\u1eb7t linh ho\u1ea1t. \u0110\u01b0\u1ee3c thi\u1ebft k\u1ebf \u0111\u1ec3 s\u1eed d\u1ee5ng v\u1edbi c\u00e1c m\u00f4i tr\u01b0\u1eddng kh\u1eafc nghi\u1ec7t nh\u01b0 ch\u1ea5t l\u1ecfng \u0103n m\u00f2n v\u00e0 ch\u1ea5t l\u1ecfng nhi\u1ec7t \u0111\u1ed9 cao, s\u1ea3n ph\u1ea9m n\u00e0y cung c\u1ea5p c\u00e1c l\u1ef1a ch\u1ecdn v\u1eadt li\u1ec7u bao g\u1ed3m Hastelloy, Monel v\u00e0 Titan. S\u1ea3n ph\u1ea9m l\u00fd t\u01b0\u1edfng cho c\u00e1c ng\u00e0nh d\u01b0\u1ee3c ph\u1ea9m, h\u00f3a ch\u1ea5t v\u00e0 h\u00f3a d\u1ea7u nh\u1eb1m \u0111\u1ea3m b\u1ea3o kh\u1ea3 n\u0103ng c\u00e1ch ly \u00e1p su\u1ea5t \u0111\u00e1ng tin c\u1eady","robots":{"index":"index","follow":"follow","max-snippet":"max-snippet:-1","max-image-preview":"max-image-preview:large","max-video-preview":"max-video-preview:-1"},"canonical":"https:\/\/www.sj-gauge.com\/vi\/san-pham\/dif\/","og_locale":"vi_VN","og_type":"article","og_title":"Flanged Connection","og_description":"DIF flanged diaphragm seal is available in welded and screwed types for flexible installation. Designed for challenging media like corrosive fluids and high-temperature liquids, it offers material choices including Hastelloy, Monel, and Titanium. Ideal for pharmaceutical, chemical, and petrochemical industries to ensure dependable pressure isolation","og_url":"https:\/\/www.sj-gauge.com\/vi\/san-pham\/dif\/","og_site_name":"Your Expert in Pressure Temp and Smart Transmitters - SJ Gauge","article_modified_time":"2026-04-01T07:10:04+00:00","og_image":[{"width":1200,"height":1000,"url":"https:\/\/www.sj-gauge.com\/wp-content\/uploads\/2025\/11\/SJ-Gauge-diaphragm-seals-metal-flange.jpg","type":"image\/jpeg"}],"twitter_card":"summary_large_image","twitter_misc":{"\u01af\u1edbc t\u00ednh th\u1eddi gian \u0111\u1ecdc":"1 ph\u00fat"},"schema":{"@context":"https:\/\/schema.org","@graph":[{"@type":"WebPage","@id":"https:\/\/www.sj-gauge.com\/product\/dif\/","url":"https:\/\/www.sj-gauge.com\/product\/dif\/","name":"Ph\u1edbt m\u00e0ng c\u00f3 v\u00e0nh | C\u00e1c t\u00f9y ch\u1ecdn h\u00e0n v\u00e0 b\u1eaft v\u00edt, ANSI\/JIS\/DIN | SJ Gauge","isPartOf":{"@id":"https:\/\/www.sj-gauge.com\/#website"},"primaryImageOfPage":{"@id":"https:\/\/www.sj-gauge.com\/product\/dif\/#primaryimage"},"image":{"@id":"https:\/\/www.sj-gauge.com\/product\/dif\/#primaryimage"},"thumbnailUrl":"https:\/\/www.sj-gauge.com\/wp-content\/uploads\/2025\/11\/SJ-Gauge-diaphragm-seals-metal-flange.jpg","datePublished":"2025-11-14T07:16:52+00:00","dateModified":"2026-04-01T07:10:04+00:00","description":"Ph\u1ee5 ki\u1ec7n c\u00e1ch ly m\u00e0ng c\u00f3 v\u00e0nh DIF c\u00f3 s\u1eb5n \u1edf c\u00e1c lo\u1ea1i h\u00e0n v\u00e0 ren, gi\u00fap l\u1eafp \u0111\u1eb7t linh ho\u1ea1t. \u0110\u01b0\u1ee3c thi\u1ebft k\u1ebf \u0111\u1ec3 s\u1eed d\u1ee5ng v\u1edbi c\u00e1c m\u00f4i tr\u01b0\u1eddng kh\u1eafc nghi\u1ec7t nh\u01b0 ch\u1ea5t l\u1ecfng \u0103n m\u00f2n v\u00e0 ch\u1ea5t l\u1ecfng nhi\u1ec7t \u0111\u1ed9 cao, s\u1ea3n ph\u1ea9m n\u00e0y cung c\u1ea5p c\u00e1c l\u1ef1a ch\u1ecdn v\u1eadt li\u1ec7u bao g\u1ed3m Hastelloy, Monel v\u00e0 Titan. S\u1ea3n ph\u1ea9m l\u00fd t\u01b0\u1edfng cho c\u00e1c ng\u00e0nh d\u01b0\u1ee3c ph\u1ea9m, h\u00f3a ch\u1ea5t v\u00e0 h\u00f3a d\u1ea7u nh\u1eb1m \u0111\u1ea3m b\u1ea3o kh\u1ea3 n\u0103ng c\u00e1ch ly \u00e1p su\u1ea5t \u0111\u00e1ng tin c\u1eady","breadcrumb":{"@id":"https:\/\/www.sj-gauge.com\/product\/dif\/#breadcrumb"},"inLanguage":"vi","potentialAction":[{"@type":"ReadAction","target":["https:\/\/www.sj-gauge.com\/product\/dif\/"]}]},{"@type":"ImageObject","inLanguage":"vi","@id":"https:\/\/www.sj-gauge.com\/product\/dif\/#primaryimage","url":"https:\/\/www.sj-gauge.com\/wp-content\/uploads\/2025\/11\/SJ-Gauge-diaphragm-seals-metal-flange.jpg","contentUrl":"https:\/\/www.sj-gauge.com\/wp-content\/uploads\/2025\/11\/SJ-Gauge-diaphragm-seals-metal-flange.jpg","width":1200,"height":1000},{"@type":"BreadcrumbList","@id":"https:\/\/www.sj-gauge.com\/product\/dif\/#breadcrumb","itemListElement":[{"@type":"ListItem","position":1,"name":"Home","item":"https:\/\/www.sj-gauge.com\/"},{"@type":"ListItem","position":2,"name":"Products","item":"https:\/\/www.sj-gauge.com\/products\/"},{"@type":"ListItem","position":3,"name":"Flanged Connection"}]},{"@type":"WebSite","@id":"https:\/\/www.sj-gauge.com\/#website","url":"https:\/\/www.sj-gauge.com\/","name":"Chuy\u00ean gia v\u1ec1 c\u1ea3m bi\u1ebfn \u00e1p su\u1ea5t, nhi\u1ec7t \u0111\u1ed9 v\u00e0 c\u1ea3m bi\u1ebfn th\u00f4ng minh - SJ Gauge","description":"Nh\u00e0 s\u1ea3n xu\u1ea5t \u0111\u1ed3ng h\u1ed3 \u0111o \u00e1p su\u1ea5t c\u00f4ng nghi\u1ec7p, c\u1ea3m bi\u1ebfn \u00e1p su\u1ea5t v\u00e0 b\u1ed9 truy\u1ec1n t\u00edn hi\u1ec7u. SJ Gauge cung c\u1ea5p c\u00e1c s\u1ea3n ph\u1ea9m c\u00f3 \u0111\u1ed9 ch\u00ednh x\u00e1c cao, \u0111\u01b0\u1ee3c ch\u1ebf t\u1ea1o t\u1eeb v\u1eadt li\u1ec7u b\u1ec1n b\u1ec9 v\u00e0 c\u00e1c gi\u1ea3i ph\u00e1p t\u00f9y ch\u1ec9nh d\u00e0nh cho c\u00e1c \u1ee9ng d\u1ee5ng trong ng\u00e0nh d\u1ea7u kh\u00ed, h\u00f3a ch\u1ea5t v\u00e0 c\u00f4ng nghi\u1ec7p.","publisher":{"@id":"https:\/\/www.sj-gauge.com\/#organization"},"potentialAction":[{"@type":"SearchAction","target":{"@type":"EntryPoint","urlTemplate":"https:\/\/www.sj-gauge.com\/?s={search_term_string}"},"query-input":{"@type":"PropertyValueSpecification","valueRequired":true,"valueName":"search_term_string"}}],"inLanguage":"vi"},{"@type":"Organization","@id":"https:\/\/www.sj-gauge.com\/#organization","name":"Chuy\u00ean gia v\u1ec1 c\u1ea3m bi\u1ebfn \u00e1p su\u1ea5t, nhi\u1ec7t \u0111\u1ed9 v\u00e0 c\u1ea3m bi\u1ebfn th\u00f4ng minh - SJ Gauge","url":"https:\/\/www.sj-gauge.com\/","logo":{"@type":"ImageObject","inLanguage":"vi","@id":"https:\/\/www.sj-gauge.com\/#\/schema\/logo\/image\/","url":"https:\/\/www.sj-gauge.com\/wp-content\/uploads\/2025\/09\/logo.webp","contentUrl":"https:\/\/www.sj-gauge.com\/wp-content\/uploads\/2025\/09\/logo.webp","width":348,"height":184,"caption":"Your Expert in Pressure Temp and Smart Transmitters - SJ Gauge"},"image":{"@id":"https:\/\/www.sj-gauge.com\/#\/schema\/logo\/image\/"}}]}},"_links":{"self":[{"href":"https:\/\/www.sj-gauge.com\/vi\/wp-json\/wp\/v2\/product\/1931","targetHints":{"allow":["GET"]}}],"collection":[{"href":"https:\/\/www.sj-gauge.com\/vi\/wp-json\/wp\/v2\/product"}],"about":[{"href":"https:\/\/www.sj-gauge.com\/vi\/wp-json\/wp\/v2\/types\/product"}],"wp:featuredmedia":[{"embeddable":true,"href":"https:\/\/www.sj-gauge.com\/vi\/wp-json\/wp\/v2\/media\/1934"}],"wp:attachment":[{"href":"https:\/\/www.sj-gauge.com\/vi\/wp-json\/wp\/v2\/media?parent=1931"}],"wp:term":[{"taxonomy":"product_brand","embeddable":true,"href":"https:\/\/www.sj-gauge.com\/vi\/wp-json\/wp\/v2\/product_brand?post=1931"},{"taxonomy":"product_cat","embeddable":true,"href":"https:\/\/www.sj-gauge.com\/vi\/wp-json\/wp\/v2\/product_cat?post=1931"},{"taxonomy":"product_tag","embeddable":true,"href":"https:\/\/www.sj-gauge.com\/vi\/wp-json\/wp\/v2\/product_tag?post=1931"}],"curies":[{"name":"wp","href":"https:\/\/api.w.org\/{rel}","templated":true}]}}