{"id":1942,"date":"2025-11-14T15:42:41","date_gmt":"2025-11-14T07:42:41","guid":{"rendered":"https:\/\/sj-gauge.com\/?post_type=product&#038;p=1942"},"modified":"2026-04-21T14:56:42","modified_gmt":"2026-04-21T06:56:42","slug":"dif-dsr","status":"publish","type":"product","link":"https:\/\/www.sj-gauge.com\/vi\/san-pham\/dif-dsr\/","title":{"rendered":"K\u1ebft n\u1ed1i c\u00f3 v\u00e0nh v\u1edbi m\u00e0ng v\u00edt"},"content":{"rendered":"<p>DIF-DSR l\u00e0 m\u1ed9t b\u1ed9 sealing m\u00e0ng c\u00f3 flange, \u0111\u01b0\u1ee3c trang b\u1ecb m\u00e0ng thay th\u1ebf d\u1ea1ng v\u00edt, \u0111\u01b0\u1ee3c thi\u1ebft k\u1ebf \u0111\u1ec3 x\u1eed l\u00fd c\u00e1c m\u00f4i tr\u01b0\u1eddng kh\u1eafc nghi\u1ec7t nh\u01b0 ch\u1ea5t l\u1ecfng \u0103n m\u00f2n, nhi\u1ec7t \u0111\u1ed9 cao, ch\u1ea5t k\u1ebft tinh v\u00e0 n\u01b0\u1edbc th\u1ea3i. R\u1ea5t ph\u00f9 h\u1ee3p cho c\u00e1c \u1ee9ng d\u1ee5ng \u0111\u00f2i h\u1ecfi kh\u1eaft khe trong ng\u00e0nh d\u01b0\u1ee3c ph\u1ea9m, h\u00f3a ch\u1ea5t v\u00e0 h\u00f3a d\u1ea7u, s\u1ea3n ph\u1ea9m n\u00e0y cung c\u1ea5p nhi\u1ec1u t\u00f9y ch\u1ecdn v\u1eadt li\u1ec7u v\u00e0 c\u00f3 c\u1ed5ng x\u1ea3 ph\u1eb3ng \u0111\u1ec3 d\u1ec5 d\u00e0ng v\u1ec7 sinh trong m\u00f4i tr\u01b0\u1eddng d\u1ec5 b\u1ecb t\u1eafc ngh\u1ebdn. N\u00f3 c\u0169ng c\u00f3 kh\u1ea3 n\u0103ng t\u01b0\u01a1ng th\u00edch xu\u1ea5t s\u1eafc nh\u01b0 m\u1ed9t gi\u1ea3i ph\u00e1p thay th\u1ebf tr\u1ef1c ti\u1ebfp cho WIKA 990.12 v\u00e0 c\u00f3 th\u1ec3 k\u1ebft h\u1ee3p v\u1edbi \u0111\u1ed3ng h\u1ed3 \u00e1p su\u1ea5t ho\u1eb7c b\u1ed9 truy\u1ec1n t\u00edn hi\u1ec7u \u0111\u1ec3 \u0111o l\u01b0\u1eddng \u1ed5n \u0111\u1ecbnh v\u00e0 \u0111\u00e1ng tin c\u1eady.<\/p>","protected":false},"excerpt":{"rendered":"<ul>\n<li>D\u00f9ng cho m\u00f4i tr\u01b0\u1eddng l\u00e0m vi\u1ec7c kh\u1eafc nghi\u1ec7t v\u00e0 ch\u1ea5t l\u1ecfng \u0103n m\u00f2n nh\u01b0 nhi\u1ec7t \u0111\u1ed9 cao, n\u01b0\u1edbc th\u1ea3i, \u00e1p su\u1ea5t qu\u00e1 tr\u00ecnh cao v\u00e0 qu\u00e1 tr\u00ecnh k\u1ebft tinh.<\/li>\n<li>C\u00e1c lo\u1ea1i v\u00e0 v\u1eadt li\u1ec7u kh\u00e1c nhau cho th\u00e2n ph\u1edbt m\u00e0ng, ph\u00f9 h\u1ee3p v\u1edbi m\u1ecdi lo\u1ea1i \u0111\u1ed3ng h\u1ed3 \u0111o theo y\u00eau c\u1ea7u.<\/li>\n<li>C\u1ed5ng x\u1ea3 cho ph\u00e9p v\u1ec7 sinh\/x\u1ea3 n\u01b0\u1edbc d\u1ec5 d\u00e0ng do ch\u1ea5t l\u1ecfng qu\u00e1 tr\u00ecnh c\u00f3 xu h\u01b0\u1edbng b\u1ecb t\u1eafc ngh\u1ebdn.<\/li>\n<li>Thay th\u1ebf c\u00f3 \u0111\u1ed9 t\u01b0\u01a1ng th\u00edch c\u1ef1c cao cho WIKA 990.12<\/li>\n<\/ul>","protected":false},"featured_media":1945,"template":"","meta":{"_acf_changed":false},"product_brand":[40],"product_cat":[21,41],"product_tag":[],"class_list":{"0":"post-1942","1":"product","2":"type-product","3":"status-publish","4":"has-post-thumbnail","6":"product_brand-sj-gauge","7":"product_cat-diaphragm-seal","8":"product_cat-pressure-instruments","10":"first","11":"instock","12":"shipping-taxable","13":"product-type-simple"},"acf":[],"yoast_head":"<!-- This site is optimized with the Yoast SEO Premium plugin v26.7 (Yoast SEO v27.4) - https:\/\/yoast.com\/product\/yoast-seo-premium-wordpress\/ -->\n<title>Flanged Seal with Screwed Diaphragm | Alternative to WIKA 990.12 | SJ Gauge<\/title>\n<meta name=\"description\" content=\"DIF-DSR flanged diaphragm seal features a screwed-type replaceable diaphragm and a flush port for easy cleaning in clog-prone environments. An ideal alternative to WIKA 990.12, it is designed for corrosive fluids and high temperatures in pharmaceutical, chemical, and petrochemical industries\" \/>\n<meta name=\"robots\" content=\"index, follow, max-snippet:-1, max-image-preview:large, max-video-preview:-1\" \/>\n<link rel=\"canonical\" href=\"https:\/\/www.sj-gauge.com\/vi\/san-pham\/dif-dsr\/\" \/>\n<meta property=\"og:locale\" content=\"vi_VN\" \/>\n<meta property=\"og:type\" content=\"article\" \/>\n<meta property=\"og:title\" content=\"Flanged Connection with Screwed Diaphragm\" \/>\n<meta property=\"og:description\" content=\"DIF-DSR flanged diaphragm seal features a screwed-type replaceable diaphragm and a flush port for easy cleaning in clog-prone environments. An ideal alternative to WIKA 990.12, it is designed for corrosive fluids and high temperatures in pharmaceutical, chemical, and petrochemical industries\" \/>\n<meta property=\"og:url\" content=\"https:\/\/www.sj-gauge.com\/vi\/san-pham\/dif-dsr\/\" \/>\n<meta property=\"og:site_name\" content=\"SJ Gauge | Pressure Gauges, Thermometers &amp; Pressure Sensors\" \/>\n<meta property=\"article:modified_time\" content=\"2026-04-21T06:56:42+00:00\" \/>\n<meta property=\"og:image\" content=\"https:\/\/www.sj-gauge.com\/wp-content\/uploads\/2025\/11\/SJ-Gauge-diaphragm-seals-screwed-flanged-connection-2.jpg\" \/>\n\t<meta property=\"og:image:width\" content=\"1200\" \/>\n\t<meta property=\"og:image:height\" content=\"1000\" \/>\n\t<meta property=\"og:image:type\" content=\"image\/jpeg\" \/>\n<meta name=\"twitter:card\" content=\"summary_large_image\" \/>\n<meta name=\"twitter:label1\" content=\"\u01af\u1edbc t\u00ednh th\u1eddi gian \u0111\u1ecdc\" \/>\n\t<meta name=\"twitter:data1\" content=\"1 ph\u00fat\" \/>\n<script type=\"application\/ld+json\" class=\"yoast-schema-graph\">{\"@context\":\"https:\\\/\\\/schema.org\",\"@graph\":[{\"@type\":\"WebPage\",\"@id\":\"https:\\\/\\\/www.sj-gauge.com\\\/product\\\/dif-dsr\\\/\",\"url\":\"https:\\\/\\\/www.sj-gauge.com\\\/product\\\/dif-dsr\\\/\",\"name\":\"Flanged Seal with Screwed Diaphragm | Alternative to WIKA 990.12 | SJ Gauge\",\"isPartOf\":{\"@id\":\"https:\\\/\\\/www.sj-gauge.com\\\/#website\"},\"primaryImageOfPage\":{\"@id\":\"https:\\\/\\\/www.sj-gauge.com\\\/product\\\/dif-dsr\\\/#primaryimage\"},\"image\":{\"@id\":\"https:\\\/\\\/www.sj-gauge.com\\\/product\\\/dif-dsr\\\/#primaryimage\"},\"thumbnailUrl\":\"https:\\\/\\\/www.sj-gauge.com\\\/wp-content\\\/uploads\\\/2025\\\/11\\\/SJ-Gauge-diaphragm-seals-screwed-flanged-connection-2.jpg\",\"datePublished\":\"2025-11-14T07:42:41+00:00\",\"dateModified\":\"2026-04-21T06:56:42+00:00\",\"description\":\"DIF-DSR flanged diaphragm seal features a screwed-type replaceable diaphragm and a flush port for easy cleaning in clog-prone environments. An ideal alternative to WIKA 990.12, it is designed for corrosive fluids and high temperatures in pharmaceutical, chemical, and petrochemical industries\",\"breadcrumb\":{\"@id\":\"https:\\\/\\\/www.sj-gauge.com\\\/product\\\/dif-dsr\\\/#breadcrumb\"},\"inLanguage\":\"vi\",\"potentialAction\":[{\"@type\":\"ReadAction\",\"target\":[\"https:\\\/\\\/www.sj-gauge.com\\\/product\\\/dif-dsr\\\/\"]}]},{\"@type\":\"ImageObject\",\"inLanguage\":\"vi\",\"@id\":\"https:\\\/\\\/www.sj-gauge.com\\\/product\\\/dif-dsr\\\/#primaryimage\",\"url\":\"https:\\\/\\\/www.sj-gauge.com\\\/wp-content\\\/uploads\\\/2025\\\/11\\\/SJ-Gauge-diaphragm-seals-screwed-flanged-connection-2.jpg\",\"contentUrl\":\"https:\\\/\\\/www.sj-gauge.com\\\/wp-content\\\/uploads\\\/2025\\\/11\\\/SJ-Gauge-diaphragm-seals-screwed-flanged-connection-2.jpg\",\"width\":1200,\"height\":1000},{\"@type\":\"BreadcrumbList\",\"@id\":\"https:\\\/\\\/www.sj-gauge.com\\\/product\\\/dif-dsr\\\/#breadcrumb\",\"itemListElement\":[{\"@type\":\"ListItem\",\"position\":1,\"name\":\"Home\",\"item\":\"https:\\\/\\\/www.sj-gauge.com\\\/\"},{\"@type\":\"ListItem\",\"position\":2,\"name\":\"Products\",\"item\":\"https:\\\/\\\/www.sj-gauge.com\\\/products\\\/\"},{\"@type\":\"ListItem\",\"position\":3,\"name\":\"Flanged Connection with Screwed Diaphragm\"}]},{\"@type\":\"WebSite\",\"@id\":\"https:\\\/\\\/www.sj-gauge.com\\\/#website\",\"url\":\"https:\\\/\\\/www.sj-gauge.com\\\/\",\"name\":\"SJ Gauge | Pressure Gauges, Thermometers &amp; Pressure Sensors\",\"description\":\"Manufacturer of industrial pressure gauges, pressure sensors, and transmitters. SJ Gauge provides high accuracy, durable materials, and custom solutions for oil &amp; gas, chemical, and industrial applications.\",\"publisher\":{\"@id\":\"https:\\\/\\\/www.sj-gauge.com\\\/#organization\"},\"potentialAction\":[{\"@type\":\"SearchAction\",\"target\":{\"@type\":\"EntryPoint\",\"urlTemplate\":\"https:\\\/\\\/www.sj-gauge.com\\\/?s={search_term_string}\"},\"query-input\":{\"@type\":\"PropertyValueSpecification\",\"valueRequired\":true,\"valueName\":\"search_term_string\"}}],\"inLanguage\":\"vi\"},{\"@type\":\"Organization\",\"@id\":\"https:\\\/\\\/www.sj-gauge.com\\\/#organization\",\"name\":\"SJ Gauge | Pressure Gauges, Thermometers &amp; Pressure Sensors\",\"url\":\"https:\\\/\\\/www.sj-gauge.com\\\/\",\"logo\":{\"@type\":\"ImageObject\",\"inLanguage\":\"vi\",\"@id\":\"https:\\\/\\\/www.sj-gauge.com\\\/#\\\/schema\\\/logo\\\/image\\\/\",\"url\":\"https:\\\/\\\/www.sj-gauge.com\\\/wp-content\\\/uploads\\\/2025\\\/09\\\/logo.webp\",\"contentUrl\":\"https:\\\/\\\/www.sj-gauge.com\\\/wp-content\\\/uploads\\\/2025\\\/09\\\/logo.webp\",\"width\":348,\"height\":184,\"caption\":\"SJ Gauge | Pressure Gauges, Thermometers &amp; Pressure Sensors\"},\"image\":{\"@id\":\"https:\\\/\\\/www.sj-gauge.com\\\/#\\\/schema\\\/logo\\\/image\\\/\"}}]}<\/script>\n<!-- \/ Yoast SEO Premium plugin. -->","yoast_head_json":{"title":"Ph\u1edbt c\u00f3 v\u00e0nh v\u1edbi m\u00e0ng ng\u0103n v\u1eb7n v\u00edt | S\u1ea3n ph\u1ea9m thay th\u1ebf cho WIKA 990.12 | SJ Gauge","description":"Ph\u1ee5 ki\u1ec7n c\u00e1ch ly m\u00e0ng c\u00f3 v\u00e0nh DIF-DSR \u0111\u01b0\u1ee3c trang b\u1ecb m\u00e0ng thay th\u1ebf ki\u1ec3u v\u1eb7n ren v\u00e0 c\u1ed5ng x\u1ea3 ph\u1eb3ng, gi\u00fap d\u1ec5 d\u00e0ng v\u1ec7 sinh trong c\u00e1c m\u00f4i tr\u01b0\u1eddng d\u1ec5 b\u1ecb t\u1eafc ngh\u1ebdn. L\u00e0 gi\u1ea3i ph\u00e1p thay th\u1ebf l\u00fd t\u01b0\u1edfng cho WIKA 990.12, s\u1ea3n ph\u1ea9m n\u00e0y \u0111\u01b0\u1ee3c thi\u1ebft k\u1ebf \u0111\u1ec3 s\u1eed d\u1ee5ng v\u1edbi c\u00e1c ch\u1ea5t l\u1ecfng \u0103n m\u00f2n v\u00e0 nhi\u1ec7t \u0111\u1ed9 cao trong c\u00e1c ng\u00e0nh d\u01b0\u1ee3c ph\u1ea9m, h\u00f3a ch\u1ea5t v\u00e0 h\u00f3a d\u1ea7u.","robots":{"index":"index","follow":"follow","max-snippet":"max-snippet:-1","max-image-preview":"max-image-preview:large","max-video-preview":"max-video-preview:-1"},"canonical":"https:\/\/www.sj-gauge.com\/vi\/san-pham\/dif-dsr\/","og_locale":"vi_VN","og_type":"article","og_title":"Flanged Connection with Screwed Diaphragm","og_description":"DIF-DSR flanged diaphragm seal features a screwed-type replaceable diaphragm and a flush port for easy cleaning in clog-prone environments. An ideal alternative to WIKA 990.12, it is designed for corrosive fluids and high temperatures in pharmaceutical, chemical, and petrochemical industries","og_url":"https:\/\/www.sj-gauge.com\/vi\/san-pham\/dif-dsr\/","og_site_name":"SJ Gauge | Pressure Gauges, Thermometers &amp; Pressure Sensors","article_modified_time":"2026-04-21T06:56:42+00:00","og_image":[{"width":1200,"height":1000,"url":"https:\/\/www.sj-gauge.com\/wp-content\/uploads\/2025\/11\/SJ-Gauge-diaphragm-seals-screwed-flanged-connection-2.jpg","type":"image\/jpeg"}],"twitter_card":"summary_large_image","twitter_misc":{"\u01af\u1edbc t\u00ednh th\u1eddi gian \u0111\u1ecdc":"1 ph\u00fat"},"schema":{"@context":"https:\/\/schema.org","@graph":[{"@type":"WebPage","@id":"https:\/\/www.sj-gauge.com\/product\/dif-dsr\/","url":"https:\/\/www.sj-gauge.com\/product\/dif-dsr\/","name":"Ph\u1edbt c\u00f3 v\u00e0nh v\u1edbi m\u00e0ng ng\u0103n v\u1eb7n v\u00edt | S\u1ea3n ph\u1ea9m thay th\u1ebf cho WIKA 990.12 | SJ Gauge","isPartOf":{"@id":"https:\/\/www.sj-gauge.com\/#website"},"primaryImageOfPage":{"@id":"https:\/\/www.sj-gauge.com\/product\/dif-dsr\/#primaryimage"},"image":{"@id":"https:\/\/www.sj-gauge.com\/product\/dif-dsr\/#primaryimage"},"thumbnailUrl":"https:\/\/www.sj-gauge.com\/wp-content\/uploads\/2025\/11\/SJ-Gauge-diaphragm-seals-screwed-flanged-connection-2.jpg","datePublished":"2025-11-14T07:42:41+00:00","dateModified":"2026-04-21T06:56:42+00:00","description":"Ph\u1ee5 ki\u1ec7n c\u00e1ch ly m\u00e0ng c\u00f3 v\u00e0nh DIF-DSR \u0111\u01b0\u1ee3c trang b\u1ecb m\u00e0ng thay th\u1ebf ki\u1ec3u v\u1eb7n ren v\u00e0 c\u1ed5ng x\u1ea3 ph\u1eb3ng, gi\u00fap d\u1ec5 d\u00e0ng v\u1ec7 sinh trong c\u00e1c m\u00f4i tr\u01b0\u1eddng d\u1ec5 b\u1ecb t\u1eafc ngh\u1ebdn. L\u00e0 gi\u1ea3i ph\u00e1p thay th\u1ebf l\u00fd t\u01b0\u1edfng cho WIKA 990.12, s\u1ea3n ph\u1ea9m n\u00e0y \u0111\u01b0\u1ee3c thi\u1ebft k\u1ebf \u0111\u1ec3 s\u1eed d\u1ee5ng v\u1edbi c\u00e1c ch\u1ea5t l\u1ecfng \u0103n m\u00f2n v\u00e0 nhi\u1ec7t \u0111\u1ed9 cao trong c\u00e1c ng\u00e0nh d\u01b0\u1ee3c ph\u1ea9m, h\u00f3a ch\u1ea5t v\u00e0 h\u00f3a d\u1ea7u.","breadcrumb":{"@id":"https:\/\/www.sj-gauge.com\/product\/dif-dsr\/#breadcrumb"},"inLanguage":"vi","potentialAction":[{"@type":"ReadAction","target":["https:\/\/www.sj-gauge.com\/product\/dif-dsr\/"]}]},{"@type":"ImageObject","inLanguage":"vi","@id":"https:\/\/www.sj-gauge.com\/product\/dif-dsr\/#primaryimage","url":"https:\/\/www.sj-gauge.com\/wp-content\/uploads\/2025\/11\/SJ-Gauge-diaphragm-seals-screwed-flanged-connection-2.jpg","contentUrl":"https:\/\/www.sj-gauge.com\/wp-content\/uploads\/2025\/11\/SJ-Gauge-diaphragm-seals-screwed-flanged-connection-2.jpg","width":1200,"height":1000},{"@type":"BreadcrumbList","@id":"https:\/\/www.sj-gauge.com\/product\/dif-dsr\/#breadcrumb","itemListElement":[{"@type":"ListItem","position":1,"name":"Home","item":"https:\/\/www.sj-gauge.com\/"},{"@type":"ListItem","position":2,"name":"Products","item":"https:\/\/www.sj-gauge.com\/products\/"},{"@type":"ListItem","position":3,"name":"Flanged Connection with Screwed Diaphragm"}]},{"@type":"WebSite","@id":"https:\/\/www.sj-gauge.com\/#website","url":"https:\/\/www.sj-gauge.com\/","name":"SJ Gauge | \u0110\u1ed3ng h\u1ed3 \u0111o \u00e1p su\u1ea5t, nhi\u1ec7t k\u1ebf v\u00e0 c\u1ea3m bi\u1ebfn \u00e1p su\u1ea5t","description":"Nh\u00e0 s\u1ea3n xu\u1ea5t \u0111\u1ed3ng h\u1ed3 \u0111o \u00e1p su\u1ea5t c\u00f4ng nghi\u1ec7p, c\u1ea3m bi\u1ebfn \u00e1p su\u1ea5t v\u00e0 b\u1ed9 truy\u1ec1n t\u00edn hi\u1ec7u. SJ Gauge cung c\u1ea5p c\u00e1c s\u1ea3n ph\u1ea9m c\u00f3 \u0111\u1ed9 ch\u00ednh x\u00e1c cao, \u0111\u01b0\u1ee3c ch\u1ebf t\u1ea1o t\u1eeb v\u1eadt li\u1ec7u b\u1ec1n b\u1ec9 v\u00e0 c\u00e1c gi\u1ea3i ph\u00e1p t\u00f9y ch\u1ec9nh d\u00e0nh cho c\u00e1c \u1ee9ng d\u1ee5ng trong ng\u00e0nh d\u1ea7u kh\u00ed, h\u00f3a ch\u1ea5t v\u00e0 c\u00f4ng nghi\u1ec7p.","publisher":{"@id":"https:\/\/www.sj-gauge.com\/#organization"},"potentialAction":[{"@type":"SearchAction","target":{"@type":"EntryPoint","urlTemplate":"https:\/\/www.sj-gauge.com\/?s={search_term_string}"},"query-input":{"@type":"PropertyValueSpecification","valueRequired":true,"valueName":"search_term_string"}}],"inLanguage":"vi"},{"@type":"Organization","@id":"https:\/\/www.sj-gauge.com\/#organization","name":"SJ Gauge | \u0110\u1ed3ng h\u1ed3 \u0111o \u00e1p su\u1ea5t, nhi\u1ec7t k\u1ebf v\u00e0 c\u1ea3m bi\u1ebfn \u00e1p su\u1ea5t","url":"https:\/\/www.sj-gauge.com\/","logo":{"@type":"ImageObject","inLanguage":"vi","@id":"https:\/\/www.sj-gauge.com\/#\/schema\/logo\/image\/","url":"https:\/\/www.sj-gauge.com\/wp-content\/uploads\/2025\/09\/logo.webp","contentUrl":"https:\/\/www.sj-gauge.com\/wp-content\/uploads\/2025\/09\/logo.webp","width":348,"height":184,"caption":"SJ Gauge | Pressure Gauges, Thermometers &amp; Pressure Sensors"},"image":{"@id":"https:\/\/www.sj-gauge.com\/#\/schema\/logo\/image\/"}}]}},"_links":{"self":[{"href":"https:\/\/www.sj-gauge.com\/vi\/wp-json\/wp\/v2\/product\/1942","targetHints":{"allow":["GET"]}}],"collection":[{"href":"https:\/\/www.sj-gauge.com\/vi\/wp-json\/wp\/v2\/product"}],"about":[{"href":"https:\/\/www.sj-gauge.com\/vi\/wp-json\/wp\/v2\/types\/product"}],"wp:featuredmedia":[{"embeddable":true,"href":"https:\/\/www.sj-gauge.com\/vi\/wp-json\/wp\/v2\/media\/1945"}],"wp:attachment":[{"href":"https:\/\/www.sj-gauge.com\/vi\/wp-json\/wp\/v2\/media?parent=1942"}],"wp:term":[{"taxonomy":"product_brand","embeddable":true,"href":"https:\/\/www.sj-gauge.com\/vi\/wp-json\/wp\/v2\/product_brand?post=1942"},{"taxonomy":"product_cat","embeddable":true,"href":"https:\/\/www.sj-gauge.com\/vi\/wp-json\/wp\/v2\/product_cat?post=1942"},{"taxonomy":"product_tag","embeddable":true,"href":"https:\/\/www.sj-gauge.com\/vi\/wp-json\/wp\/v2\/product_tag?post=1942"}],"curies":[{"name":"wp","href":"https:\/\/api.w.org\/{rel}","templated":true}]}}